{"id":46123,"date":"2025-10-28T11:15:04","date_gmt":"2025-10-28T09:15:04","guid":{"rendered":"https:\/\/baubauwall.com\/product\/mural-wallpaper-playful-monkeys-monochrome-pink\/"},"modified":"2026-03-26T11:58:45","modified_gmt":"2026-03-26T09:58:45","slug":"pilttapeet-ahvide-paradiis-tumeroosa","status":"publish","type":"product","link":"https:\/\/baubauwall.com\/et\/toode\/pilttapeet-ahvide-paradiis-tumeroosa\/","title":{"rendered":"Ahvide paradiis &#8211; tumeroosa"},"content":{"rendered":"<p>Troopiline pilttapeet vanaroosas toonis &#8211; mmm, see sobib veidi ulakasse interj\u00f6\u00f6ri! See on ahvidega tapeet, mis toob tuppa d\u017eungli salongi-versiooni \u2013 veidi m\u00e4nguline, aga selgelt t\u00e4iskasvanulik. Pehmel vanaroosal taustal liiguvad v\u00e4ikesed ahvid m\u00f6\u00f6da liaane, \u00fcmberringi lopsakad lehed ja troopilised taimed. Joonistatud detailid annavad seintele illustratsioonilikult elegantse ilme, nagu oleksid tellinud kunstiteose otse oma elutuppa. Tulemuseks on\u00a0<em>jungle chic<\/em>\u00a0sein, millel pilk j\u00e4\u00e4b puhkama \u2013 olgu see siis lastetuba v\u00f5i iseenda magamistuba.<\/p>\n<p>Nagu k\u00f5ik meie kordusmustriga tapeedid ja pilttapeedid, on ka see pilttapeet tr\u00fckitud\u00a0<a href=\"https:\/\/baubauwall.com\/et\/keskkonnasobralikud-tapeedid\/\" target=\"_blank\" rel=\"noopener\">keskkonnas\u00f5bralike v\u00e4rvidega<\/a>, hingavale fliistapeedi materjalile, mis ei l\u00e4igi ja on lihtne paigaldada. Sinu uus tapeet tuleb valmis l\u00f5igatud ning nummerdatud paanides, mis on t\u00e4pselt nii k\u00f5rged, kui Sinu sein.<\/p>\n<p><strong>Miks see ahvidega\u00a0 tapeet v\u00f5iks Sulle meeldida?<\/strong><\/p>\n<ul>\n<li>Troopiline pilttapeet\u00a0ja peaelgi vanaroosa &#8211; \u00e4ge!<\/li>\n<li>Eesti ettev\u00f5te<\/li>\n<li>Tr\u00fckime tapeedi t\u00e4pselt Sinu seina m\u00f5\u00f5dus<\/li>\n<li>Premium, matt fliistapeedi materjal, 100% taaskasutatud kiust<\/li>\n<li>M\u00fcrgivabad tr\u00fckiv\u00e4rvid,\u00a0<em>Greenguard<\/em>\u00a0sertifitseeritud<\/li>\n<li>Keskkonnas\u00f5bralik, j\u00e4\u00e4tmevaba tapeetimine<\/li>\n<li>Kaasa tasuta tapeediliim<\/li>\n<li>Tasuta transport ja kiire tarne 3-5 t\u00f6\u00f6p\u00e4evaga<\/li>\n<\/ul>\n<p>Loe l\u00e4hemalt nutikatest, eritellimust\u00f6\u00f6na valmivatest tapeetidest\u00a0<a href=\"https:\/\/baubauwall.com\/et\/keskkonnasobralikud-tapeedid\/\">siit.<\/a><\/p>\n","protected":false},"excerpt":{"rendered":"<p>Troopiline pilttapeet vanaroosas toonis &#8211; mmm, see sobib veidi ulakasse interj\u00f6\u00f6ri! See on ahvidega tapeet, mis toob tuppa d\u017eungli salongi-versiooni \u2013 veidi m\u00e4nguline, aga selgelt t\u00e4iskasvanulik. Pehmel vanaroosal taustal liiguvad v\u00e4ikesed ahvid m\u00f6\u00f6da liaane, \u00fcmberringi lopsakad lehed ja troopilised taimed. Joonistatud detailid annavad seintele illustratsioonilikult elegantse ilme, nagu oleksid tellinud kunstiteose otse oma elutuppa. Tulemuseks [&hellip;]<\/p>\n","protected":false},"featured_media":46128,"comment_status":"open","ping_status":"closed","template":"","meta":{"_acf_changed":false,"inline_featured_image":false},"product_brand":[],"product_cat":[629,650,387,395,406,388,276,278,752,413,400,415,416,412,250,255],"product_tag":[631,345,638],"class_list":{"0":"post-46123","1":"product","2":"type-product","3":"status-publish","4":"has-post-thumbnail","6":"product_cat-kikki-belle-tapeedid","7":"product_cat-sir-edward-pilttapeedid","8":"product_cat-pilttapeedid","9":"product_cat-romantiline","10":"product_cat-klassika","11":"product_cat-vintage-et","12":"product_cat-pastelsed-tapeedid","13":"product_cat-roosad-tapeedid","14":"product_cat-avalik-ruum","15":"product_cat-magamistoa-tapeedid","16":"product_cat-lastetoa-tapeedid","17":"product_cat-kulalistetoa-tapeedid","18":"product_cat-esiku-tapeedid","19":"product_cat-vannitoa-tapeedid","20":"product_cat-dzungel-troopika","21":"product_cat-loomad","22":"product_tag-kikki-belle-et","23":"product_tag-pilttapeet","24":"product_tag-sir-edward-pilttapeedid","26":"first","27":"instock","28":"taxable","29":"shipping-taxable","30":"purchasable","31":"product-type-simple"},"acf":[],"yoast_head":"<!-- This site is optimized with the Yoast SEO plugin v25.9 - https:\/\/yoast.com\/wordpress\/plugins\/seo\/ -->\n<title>Troopiline pilttapeet Ahvide paradiis - tumeroosa - BAUBAUWALL TAPEEDID<\/title>\n<meta name=\"description\" content=\"Troopiline pilttapeet stseeniga d\u017eunglist, kus h\u00f5plevad ahvid liaanidel. Imeilus vanaroosa tapeet, mida sobitada tualetti v\u00f5i lastetuppa.\" \/>\n<meta name=\"robots\" content=\"index, follow, max-snippet:-1, max-image-preview:large, max-video-preview:-1\" \/>\n<link rel=\"canonical\" href=\"https:\/\/baubauwall.com\/et\/toode\/pilttapeet-ahvide-paradiis-tumeroosa\/\" \/>\n<meta property=\"og:locale\" content=\"et_EE\" \/>\n<meta property=\"og:type\" content=\"article\" \/>\n<meta property=\"og:title\" content=\"BAUBAUWALL TAPEEDID\" \/>\n<meta property=\"og:description\" content=\"Troopiline pilttapeet stseeniga d\u017eunglist, kus h\u00f5plevad ahvid liaanidel. Imeilus vanaroosa tapeet, mida sobitada tualetti v\u00f5i lastetuppa.\" \/>\n<meta property=\"og:url\" content=\"https:\/\/baubauwall.com\/et\/toode\/pilttapeet-ahvide-paradiis-tumeroosa\/\" \/>\n<meta property=\"og:site_name\" content=\"BAUBAUWALL TAPEEDID\" \/>\n<meta property=\"article:publisher\" content=\"https:\/\/www.facebook.com\/Baubauwall\" \/>\n<meta property=\"article:modified_time\" content=\"2026-03-26T09:58:45+00:00\" \/>\n<meta property=\"og:image\" content=\"https:\/\/baubauwall.com\/wp-content\/uploads\/2025\/10\/Mural_Wallpaper_Playful_Monkeys_Monochrome_Pink_Baubauwall_Room2_51200518.jpg\" \/>\n\t<meta property=\"og:image:width\" content=\"2400\" \/>\n\t<meta property=\"og:image:height\" content=\"1600\" \/>\n\t<meta property=\"og:image:type\" content=\"image\/jpeg\" \/>\n<meta name=\"twitter:card\" content=\"summary_large_image\" \/>\n<meta name=\"twitter:label1\" content=\"Est. reading time\" \/>\n\t<meta name=\"twitter:data1\" content=\"1 minut\" \/>\n<script type=\"application\/ld+json\" class=\"yoast-schema-graph\">{\"@context\":\"https:\/\/schema.org\",\"@graph\":[{\"@type\":\"WebPage\",\"@id\":\"https:\/\/baubauwall.com\/et\/toode\/pilttapeet-ahvide-paradiis-tumeroosa\/\",\"url\":\"https:\/\/baubauwall.com\/et\/toode\/pilttapeet-ahvide-paradiis-tumeroosa\/\",\"name\":\"Troopiline pilttapeet Ahvide paradiis - tumeroosa - BAUBAUWALL TAPEEDID\",\"isPartOf\":{\"@id\":\"https:\/\/baubauwall.com\/et\/#website\"},\"primaryImageOfPage\":{\"@id\":\"https:\/\/baubauwall.com\/et\/toode\/pilttapeet-ahvide-paradiis-tumeroosa\/#primaryimage\"},\"image\":{\"@id\":\"https:\/\/baubauwall.com\/et\/toode\/pilttapeet-ahvide-paradiis-tumeroosa\/#primaryimage\"},\"thumbnailUrl\":\"https:\/\/baubauwall.com\/wp-content\/uploads\/2025\/10\/Mural_Wallpaper_Playful_Monkeys_Monochrome_Pink_Baubauwall_Room2_51200518.jpg\",\"datePublished\":\"2025-10-28T09:15:04+00:00\",\"dateModified\":\"2026-03-26T09:58:45+00:00\",\"description\":\"Troopiline pilttapeet stseeniga d\u017eunglist, kus h\u00f5plevad ahvid liaanidel. Imeilus vanaroosa tapeet, mida sobitada tualetti v\u00f5i lastetuppa.\",\"breadcrumb\":{\"@id\":\"https:\/\/baubauwall.com\/et\/toode\/pilttapeet-ahvide-paradiis-tumeroosa\/#breadcrumb\"},\"inLanguage\":\"et\",\"potentialAction\":[{\"@type\":\"ReadAction\",\"target\":[\"https:\/\/baubauwall.com\/et\/toode\/pilttapeet-ahvide-paradiis-tumeroosa\/\"]}]},{\"@type\":\"ImageObject\",\"inLanguage\":\"et\",\"@id\":\"https:\/\/baubauwall.com\/et\/toode\/pilttapeet-ahvide-paradiis-tumeroosa\/#primaryimage\",\"url\":\"https:\/\/baubauwall.com\/wp-content\/uploads\/2025\/10\/Mural_Wallpaper_Playful_Monkeys_Monochrome_Pink_Baubauwall_Room2_51200518.jpg\",\"contentUrl\":\"https:\/\/baubauwall.com\/wp-content\/uploads\/2025\/10\/Mural_Wallpaper_Playful_Monkeys_Monochrome_Pink_Baubauwall_Room2_51200518.jpg\",\"width\":2400,\"height\":1600,\"caption\":\"Roosa tapeet ahvide ja d\u017eunglitaimedega restorani seinal Baubauwall disaintapeedid\"},{\"@type\":\"BreadcrumbList\",\"@id\":\"https:\/\/baubauwall.com\/et\/toode\/pilttapeet-ahvide-paradiis-tumeroosa\/#breadcrumb\",\"itemListElement\":[{\"@type\":\"ListItem\",\"position\":1,\"name\":\"Koju\",\"item\":\"https:\/\/baubauwall.com\/et\/\"},{\"@type\":\"ListItem\",\"position\":2,\"name\":\"Tapeedid\",\"item\":\"https:\/\/baubauwall.com\/et\/tapeedid\/\"},{\"@type\":\"ListItem\",\"position\":3,\"name\":\"Ahvide paradiis &#8211; tumeroosa\"}]},{\"@type\":\"WebSite\",\"@id\":\"https:\/\/baubauwall.com\/et\/#website\",\"url\":\"https:\/\/baubauwall.com\/et\/\",\"name\":\"BAUBAUWALL Wallpapers\",\"description\":\"Valmis paanides tapeet Eestist!\",\"publisher\":{\"@id\":\"https:\/\/baubauwall.com\/et\/#organization\"},\"potentialAction\":[{\"@type\":\"SearchAction\",\"target\":{\"@type\":\"EntryPoint\",\"urlTemplate\":\"https:\/\/baubauwall.com\/et\/?s={search_term_string}\"},\"query-input\":{\"@type\":\"PropertyValueSpecification\",\"valueRequired\":true,\"valueName\":\"search_term_string\"}}],\"inLanguage\":\"et\"},{\"@type\":\"Organization\",\"@id\":\"https:\/\/baubauwall.com\/et\/#organization\",\"name\":\"BAUBAUWALL Wallpapers\",\"url\":\"https:\/\/baubauwall.com\/et\/\",\"logo\":{\"@type\":\"ImageObject\",\"inLanguage\":\"et\",\"@id\":\"https:\/\/baubauwall.com\/et\/#\/schema\/logo\/image\/\",\"url\":\"https:\/\/baubauwall.com\/wp-content\/uploads\/2022\/03\/logo-horizontal.svg\",\"contentUrl\":\"https:\/\/baubauwall.com\/wp-content\/uploads\/2022\/03\/logo-horizontal.svg\",\"width\":\"1024\",\"height\":\"1024\",\"caption\":\"BAUBAUWALL Wallpapers\"},\"image\":{\"@id\":\"https:\/\/baubauwall.com\/et\/#\/schema\/logo\/image\/\"},\"sameAs\":[\"https:\/\/www.facebook.com\/Baubauwall\",\"https:\/\/www.instagram.com\/baubauwall\"]}]}<\/script>\n<!-- \/ Yoast SEO plugin. -->","yoast_head_json":{"title":"Troopiline pilttapeet Ahvide paradiis - tumeroosa - BAUBAUWALL TAPEEDID","description":"Troopiline pilttapeet stseeniga d\u017eunglist, kus h\u00f5plevad ahvid liaanidel. Imeilus vanaroosa tapeet, mida sobitada tualetti v\u00f5i lastetuppa.","robots":{"index":"index","follow":"follow","max-snippet":"max-snippet:-1","max-image-preview":"max-image-preview:large","max-video-preview":"max-video-preview:-1"},"canonical":"https:\/\/baubauwall.com\/et\/toode\/pilttapeet-ahvide-paradiis-tumeroosa\/","og_locale":"et_EE","og_type":"article","og_title":"BAUBAUWALL TAPEEDID","og_description":"Troopiline pilttapeet stseeniga d\u017eunglist, kus h\u00f5plevad ahvid liaanidel. Imeilus vanaroosa tapeet, mida sobitada tualetti v\u00f5i lastetuppa.","og_url":"https:\/\/baubauwall.com\/et\/toode\/pilttapeet-ahvide-paradiis-tumeroosa\/","og_site_name":"BAUBAUWALL TAPEEDID","article_publisher":"https:\/\/www.facebook.com\/Baubauwall","article_modified_time":"2026-03-26T09:58:45+00:00","og_image":[{"width":2400,"height":1600,"url":"https:\/\/baubauwall.com\/wp-content\/uploads\/2025\/10\/Mural_Wallpaper_Playful_Monkeys_Monochrome_Pink_Baubauwall_Room2_51200518.jpg","type":"image\/jpeg"}],"twitter_card":"summary_large_image","twitter_misc":{"Est. reading time":"1 minut"},"schema":{"@context":"https:\/\/schema.org","@graph":[{"@type":"WebPage","@id":"https:\/\/baubauwall.com\/et\/toode\/pilttapeet-ahvide-paradiis-tumeroosa\/","url":"https:\/\/baubauwall.com\/et\/toode\/pilttapeet-ahvide-paradiis-tumeroosa\/","name":"Troopiline pilttapeet Ahvide paradiis - tumeroosa - BAUBAUWALL TAPEEDID","isPartOf":{"@id":"https:\/\/baubauwall.com\/et\/#website"},"primaryImageOfPage":{"@id":"https:\/\/baubauwall.com\/et\/toode\/pilttapeet-ahvide-paradiis-tumeroosa\/#primaryimage"},"image":{"@id":"https:\/\/baubauwall.com\/et\/toode\/pilttapeet-ahvide-paradiis-tumeroosa\/#primaryimage"},"thumbnailUrl":"https:\/\/baubauwall.com\/wp-content\/uploads\/2025\/10\/Mural_Wallpaper_Playful_Monkeys_Monochrome_Pink_Baubauwall_Room2_51200518.jpg","datePublished":"2025-10-28T09:15:04+00:00","dateModified":"2026-03-26T09:58:45+00:00","description":"Troopiline pilttapeet stseeniga d\u017eunglist, kus h\u00f5plevad ahvid liaanidel. Imeilus vanaroosa tapeet, mida sobitada tualetti v\u00f5i lastetuppa.","breadcrumb":{"@id":"https:\/\/baubauwall.com\/et\/toode\/pilttapeet-ahvide-paradiis-tumeroosa\/#breadcrumb"},"inLanguage":"et","potentialAction":[{"@type":"ReadAction","target":["https:\/\/baubauwall.com\/et\/toode\/pilttapeet-ahvide-paradiis-tumeroosa\/"]}]},{"@type":"ImageObject","inLanguage":"et","@id":"https:\/\/baubauwall.com\/et\/toode\/pilttapeet-ahvide-paradiis-tumeroosa\/#primaryimage","url":"https:\/\/baubauwall.com\/wp-content\/uploads\/2025\/10\/Mural_Wallpaper_Playful_Monkeys_Monochrome_Pink_Baubauwall_Room2_51200518.jpg","contentUrl":"https:\/\/baubauwall.com\/wp-content\/uploads\/2025\/10\/Mural_Wallpaper_Playful_Monkeys_Monochrome_Pink_Baubauwall_Room2_51200518.jpg","width":2400,"height":1600,"caption":"Roosa tapeet ahvide ja d\u017eunglitaimedega restorani seinal Baubauwall disaintapeedid"},{"@type":"BreadcrumbList","@id":"https:\/\/baubauwall.com\/et\/toode\/pilttapeet-ahvide-paradiis-tumeroosa\/#breadcrumb","itemListElement":[{"@type":"ListItem","position":1,"name":"Koju","item":"https:\/\/baubauwall.com\/et\/"},{"@type":"ListItem","position":2,"name":"Tapeedid","item":"https:\/\/baubauwall.com\/et\/tapeedid\/"},{"@type":"ListItem","position":3,"name":"Ahvide paradiis &#8211; tumeroosa"}]},{"@type":"WebSite","@id":"https:\/\/baubauwall.com\/et\/#website","url":"https:\/\/baubauwall.com\/et\/","name":"BAUBAUWALL Wallpapers","description":"Valmis paanides tapeet Eestist!","publisher":{"@id":"https:\/\/baubauwall.com\/et\/#organization"},"potentialAction":[{"@type":"SearchAction","target":{"@type":"EntryPoint","urlTemplate":"https:\/\/baubauwall.com\/et\/?s={search_term_string}"},"query-input":{"@type":"PropertyValueSpecification","valueRequired":true,"valueName":"search_term_string"}}],"inLanguage":"et"},{"@type":"Organization","@id":"https:\/\/baubauwall.com\/et\/#organization","name":"BAUBAUWALL Wallpapers","url":"https:\/\/baubauwall.com\/et\/","logo":{"@type":"ImageObject","inLanguage":"et","@id":"https:\/\/baubauwall.com\/et\/#\/schema\/logo\/image\/","url":"https:\/\/baubauwall.com\/wp-content\/uploads\/2022\/03\/logo-horizontal.svg","contentUrl":"https:\/\/baubauwall.com\/wp-content\/uploads\/2022\/03\/logo-horizontal.svg","width":"1024","height":"1024","caption":"BAUBAUWALL Wallpapers"},"image":{"@id":"https:\/\/baubauwall.com\/et\/#\/schema\/logo\/image\/"},"sameAs":["https:\/\/www.facebook.com\/Baubauwall","https:\/\/www.instagram.com\/baubauwall"]}]}},"jetpack_sharing_enabled":true,"_links":{"self":[{"href":"https:\/\/baubauwall.com\/et\/wp-json\/wp\/v2\/product\/46123","targetHints":{"allow":["GET"]}}],"collection":[{"href":"https:\/\/baubauwall.com\/et\/wp-json\/wp\/v2\/product"}],"about":[{"href":"https:\/\/baubauwall.com\/et\/wp-json\/wp\/v2\/types\/product"}],"replies":[{"embeddable":true,"href":"https:\/\/baubauwall.com\/et\/wp-json\/wp\/v2\/comments?post=46123"}],"wp:featuredmedia":[{"embeddable":true,"href":"https:\/\/baubauwall.com\/et\/wp-json\/wp\/v2\/media\/46128"}],"wp:attachment":[{"href":"https:\/\/baubauwall.com\/et\/wp-json\/wp\/v2\/media?parent=46123"}],"wp:term":[{"taxonomy":"product_brand","embeddable":true,"href":"https:\/\/baubauwall.com\/et\/wp-json\/wp\/v2\/product_brand?post=46123"},{"taxonomy":"product_cat","embeddable":true,"href":"https:\/\/baubauwall.com\/et\/wp-json\/wp\/v2\/product_cat?post=46123"},{"taxonomy":"product_tag","embeddable":true,"href":"https:\/\/baubauwall.com\/et\/wp-json\/wp\/v2\/product_tag?post=46123"}],"curies":[{"name":"wp","href":"https:\/\/api.w.org\/{rel}","templated":true}]}}