{"id":46211,"date":"2025-11-28T11:57:31","date_gmt":"2025-11-28T09:57:31","guid":{"rendered":"https:\/\/baubauwall.com\/?post_type=product&#038;p=46211"},"modified":"2025-12-01T13:18:28","modified_gmt":"2025-12-01T11:18:28","slug":"pilttapeet-troopiline-sviit-sinakasroheline","status":"publish","type":"product","link":"https:\/\/baubauwall.com\/et\/toode\/pilttapeet-troopiline-sviit-sinakasroheline\/","title":{"rendered":"Troopiline sviit &#8211; sinakasroheline"},"content":{"rendered":"<p data-start=\"0\" data-end=\"46\">Troopiline sviit on pilttapeet hotellituppa v\u00f5i magamistuppa, mis igatseb veidi butiikhotelli tunnet! Sinakasroheline taust, kuldjad bee\u017eid ronitaimed ja m\u00e4ngulised ahvid loovad luksusliku, samas m\u00f5nusalt hubase meeleolu. Ilmselgelt sobib see pilttapeet eriti h\u00e4sti voodi taga olevale seinale. P\u00e4eval on efekt seinal \u0161ikk ja eksootiline, \u00f5htul muutub tuba pehmeks, kinoliku valgusega pesaks. Luksuslikuma tulemuse jaoks m\u00e4ngi messingdetailidega: sobita musta tapeediga valgustid, lauajalad, v\u00e4iksed aksessuaarid.<\/p>\n<p><strong>Miks see ahvidega\u00a0 tapeet v\u00f5iks Sulle meeldida?<\/strong><\/p>\n<ul>\n<li><em>Jungle chic\u00a0<\/em>stiil on \u00e4ge!<\/li>\n<li>Eesti ettev\u00f5te<\/li>\n<li>Tr\u00fckime tapeedi t\u00e4pselt Sinu seina m\u00f5\u00f5dus<\/li>\n<li>Premium, matt fliistapeedi materjal, 100% taaskasutatud kiust<\/li>\n<li>M\u00fcrgivabad tr\u00fckiv\u00e4rvid,\u00a0<em>Greenguard<\/em>\u00a0sertifitseeritud<\/li>\n<li>Keskkonnas\u00f5bralik, j\u00e4\u00e4tmevaba tapeetimine<\/li>\n<li>Kaasa tasuta tapeediliim<\/li>\n<li>Tasuta transport ja kiire tarne 3-5 t\u00f6\u00f6p\u00e4evaga<\/li>\n<\/ul>\n<p>Loe l\u00e4hemalt nutikatest, eritellimust\u00f6\u00f6na valmivatest tapeetidest\u00a0<a href=\"https:\/\/baubauwall.com\/et\/keskkonnasobralikud-tapeedid\/\">siit.<\/a><\/p>\n<p data-start=\"0\" data-end=\"46\">\n","protected":false},"excerpt":{"rendered":"<p>Troopiline sviit on pilttapeet hotellituppa v\u00f5i magamistuppa, mis igatseb veidi butiikhotelli tunnet! Sinakasroheline taust, kuldjad bee\u017eid ronitaimed ja m\u00e4ngulised ahvid loovad luksusliku, samas m\u00f5nusalt hubase meeleolu. Ilmselgelt sobib see pilttapeet eriti h\u00e4sti voodi taga olevale seinale. P\u00e4eval on efekt seinal \u0161ikk ja eksootiline, \u00f5htul muutub tuba pehmeks, kinoliku valgusega pesaks. Luksuslikuma tulemuse jaoks m\u00e4ngi messingdetailidega: [&hellip;]<\/p>\n","protected":false},"featured_media":46219,"comment_status":"open","ping_status":"closed","template":"","meta":{"_acf_changed":false,"inline_featured_image":false},"product_brand":[],"product_cat":[650,387,447,394,388,267,270,271,752,413,414,402,412],"product_tag":[345,638],"class_list":{"0":"post-46211","1":"product","2":"type-product","3":"status-publish","4":"has-post-thumbnail","6":"product_cat-sir-edward-pilttapeedid","7":"product_cat-pilttapeedid","8":"product_cat-maksimalistlik-et","9":"product_cat-rikkalik","10":"product_cat-vintage-et","11":"product_cat-sinised-tapeedid","12":"product_cat-tumedad-tapeedid","13":"product_cat-rohelised-tapeedid","14":"product_cat-avalik-ruum","15":"product_cat-magamistoa-tapeedid","16":"product_cat-soogitoa-tapeedid","17":"product_cat-elutoa-tapeedid","18":"product_cat-vannitoa-tapeedid","19":"product_tag-pilttapeet","20":"product_tag-sir-edward-pilttapeedid","22":"first","23":"instock","24":"taxable","25":"shipping-taxable","26":"purchasable","27":"product-type-simple"},"acf":[],"yoast_head":"<!-- This site is optimized with the Yoast SEO plugin v25.9 - https:\/\/yoast.com\/wordpress\/plugins\/seo\/ -->\n<title>Hotellitoa tapeet - Troopiline sviit - sinakasroheline - BAUBAUWALL TAPEEDID<\/title>\n<meta name=\"description\" content=\"Troopiline sviit on hotellitoa tapeet, mis teeb tavalisest toast silmapaistva, ilma et peaksid kogu sisustuse v\u00e4lja vahetama. \u00dcks sein, suur muutus.\" \/>\n<meta name=\"robots\" content=\"index, follow, max-snippet:-1, max-image-preview:large, max-video-preview:-1\" \/>\n<link rel=\"canonical\" href=\"https:\/\/baubauwall.com\/et\/toode\/pilttapeet-troopiline-sviit-sinakasroheline\/\" \/>\n<meta property=\"og:locale\" content=\"et_EE\" \/>\n<meta property=\"og:type\" content=\"article\" \/>\n<meta property=\"og:title\" content=\"BAUBAUWALL TAPEEDID\" \/>\n<meta property=\"og:description\" content=\"Troopiline sviit on hotellitoa tapeet, mis teeb tavalisest toast silmapaistva, ilma et peaksid kogu sisustuse v\u00e4lja vahetama. \u00dcks sein, suur muutus.\" \/>\n<meta property=\"og:url\" content=\"https:\/\/baubauwall.com\/et\/toode\/pilttapeet-troopiline-sviit-sinakasroheline\/\" \/>\n<meta property=\"og:site_name\" content=\"BAUBAUWALL TAPEEDID\" \/>\n<meta property=\"article:publisher\" content=\"https:\/\/www.facebook.com\/Baubauwall\" \/>\n<meta property=\"article:modified_time\" content=\"2025-12-01T11:18:28+00:00\" \/>\n<meta property=\"og:image\" content=\"https:\/\/baubauwall.com\/wp-content\/uploads\/2025\/10\/Mural-Wallpaper_Playful_Monkeys_Vintage_Black-Room_Baubauwal_51200519-1.jpg\" \/>\n\t<meta property=\"og:image:width\" content=\"2399\" \/>\n\t<meta property=\"og:image:height\" content=\"1600\" \/>\n\t<meta property=\"og:image:type\" content=\"image\/jpeg\" \/>\n<meta name=\"twitter:card\" content=\"summary_large_image\" \/>\n<meta name=\"twitter:label1\" content=\"Est. reading time\" \/>\n\t<meta name=\"twitter:data1\" content=\"1 minut\" \/>\n<script type=\"application\/ld+json\" class=\"yoast-schema-graph\">{\"@context\":\"https:\/\/schema.org\",\"@graph\":[{\"@type\":\"WebPage\",\"@id\":\"https:\/\/baubauwall.com\/et\/toode\/pilttapeet-troopiline-sviit-sinakasroheline\/\",\"url\":\"https:\/\/baubauwall.com\/et\/toode\/pilttapeet-troopiline-sviit-sinakasroheline\/\",\"name\":\"Hotellitoa tapeet - Troopiline sviit - sinakasroheline - BAUBAUWALL TAPEEDID\",\"isPartOf\":{\"@id\":\"https:\/\/baubauwall.com\/et\/#website\"},\"primaryImageOfPage\":{\"@id\":\"https:\/\/baubauwall.com\/et\/toode\/pilttapeet-troopiline-sviit-sinakasroheline\/#primaryimage\"},\"image\":{\"@id\":\"https:\/\/baubauwall.com\/et\/toode\/pilttapeet-troopiline-sviit-sinakasroheline\/#primaryimage\"},\"thumbnailUrl\":\"https:\/\/baubauwall.com\/wp-content\/uploads\/2025\/11\/Mural_Wallpaper_Playful_Monkeys_VintageDusty_Sage_Room_Baubauwall_51200521-1.jpg\",\"datePublished\":\"2025-11-28T09:57:31+00:00\",\"dateModified\":\"2025-12-01T11:18:28+00:00\",\"description\":\"Troopiline sviit on hotellitoa tapeet, mis teeb tavalisest toast silmapaistva, ilma et peaksid kogu sisustuse v\u00e4lja vahetama. \u00dcks sein, suur muutus.\",\"breadcrumb\":{\"@id\":\"https:\/\/baubauwall.com\/et\/toode\/pilttapeet-troopiline-sviit-sinakasroheline\/#breadcrumb\"},\"inLanguage\":\"et\",\"potentialAction\":[{\"@type\":\"ReadAction\",\"target\":[\"https:\/\/baubauwall.com\/et\/toode\/pilttapeet-troopiline-sviit-sinakasroheline\/\"]}]},{\"@type\":\"ImageObject\",\"inLanguage\":\"et\",\"@id\":\"https:\/\/baubauwall.com\/et\/toode\/pilttapeet-troopiline-sviit-sinakasroheline\/#primaryimage\",\"url\":\"https:\/\/baubauwall.com\/wp-content\/uploads\/2025\/11\/Mural_Wallpaper_Playful_Monkeys_VintageDusty_Sage_Room_Baubauwall_51200521-1.jpg\",\"contentUrl\":\"https:\/\/baubauwall.com\/wp-content\/uploads\/2025\/11\/Mural_Wallpaper_Playful_Monkeys_VintageDusty_Sage_Room_Baubauwall_51200521-1.jpg\",\"width\":1490,\"height\":1600,\"caption\":\"ahvidega tapeet elutoas. sinakasroheline pilttapeet Baubauwall tapeedid\"},{\"@type\":\"BreadcrumbList\",\"@id\":\"https:\/\/baubauwall.com\/et\/toode\/pilttapeet-troopiline-sviit-sinakasroheline\/#breadcrumb\",\"itemListElement\":[{\"@type\":\"ListItem\",\"position\":1,\"name\":\"Koju\",\"item\":\"https:\/\/baubauwall.com\/et\/\"},{\"@type\":\"ListItem\",\"position\":2,\"name\":\"Tapeedid\",\"item\":\"https:\/\/baubauwall.com\/et\/tapeedid\/\"},{\"@type\":\"ListItem\",\"position\":3,\"name\":\"Troopiline sviit &#8211; sinakasroheline\"}]},{\"@type\":\"WebSite\",\"@id\":\"https:\/\/baubauwall.com\/et\/#website\",\"url\":\"https:\/\/baubauwall.com\/et\/\",\"name\":\"BAUBAUWALL Wallpapers\",\"description\":\"Valmis paanides tapeet Eestist!\",\"publisher\":{\"@id\":\"https:\/\/baubauwall.com\/et\/#organization\"},\"potentialAction\":[{\"@type\":\"SearchAction\",\"target\":{\"@type\":\"EntryPoint\",\"urlTemplate\":\"https:\/\/baubauwall.com\/et\/?s={search_term_string}\"},\"query-input\":{\"@type\":\"PropertyValueSpecification\",\"valueRequired\":true,\"valueName\":\"search_term_string\"}}],\"inLanguage\":\"et\"},{\"@type\":\"Organization\",\"@id\":\"https:\/\/baubauwall.com\/et\/#organization\",\"name\":\"BAUBAUWALL Wallpapers\",\"url\":\"https:\/\/baubauwall.com\/et\/\",\"logo\":{\"@type\":\"ImageObject\",\"inLanguage\":\"et\",\"@id\":\"https:\/\/baubauwall.com\/et\/#\/schema\/logo\/image\/\",\"url\":\"https:\/\/baubauwall.com\/wp-content\/uploads\/2022\/03\/logo-horizontal.svg\",\"contentUrl\":\"https:\/\/baubauwall.com\/wp-content\/uploads\/2022\/03\/logo-horizontal.svg\",\"width\":\"1024\",\"height\":\"1024\",\"caption\":\"BAUBAUWALL Wallpapers\"},\"image\":{\"@id\":\"https:\/\/baubauwall.com\/et\/#\/schema\/logo\/image\/\"},\"sameAs\":[\"https:\/\/www.facebook.com\/Baubauwall\",\"https:\/\/www.instagram.com\/baubauwall\"]}]}<\/script>\n<!-- \/ Yoast SEO plugin. -->","yoast_head_json":{"title":"Hotellitoa tapeet - Troopiline sviit - sinakasroheline - BAUBAUWALL TAPEEDID","description":"Troopiline sviit on hotellitoa tapeet, mis teeb tavalisest toast silmapaistva, ilma et peaksid kogu sisustuse v\u00e4lja vahetama. \u00dcks sein, suur muutus.","robots":{"index":"index","follow":"follow","max-snippet":"max-snippet:-1","max-image-preview":"max-image-preview:large","max-video-preview":"max-video-preview:-1"},"canonical":"https:\/\/baubauwall.com\/et\/toode\/pilttapeet-troopiline-sviit-sinakasroheline\/","og_locale":"et_EE","og_type":"article","og_title":"BAUBAUWALL TAPEEDID","og_description":"Troopiline sviit on hotellitoa tapeet, mis teeb tavalisest toast silmapaistva, ilma et peaksid kogu sisustuse v\u00e4lja vahetama. \u00dcks sein, suur muutus.","og_url":"https:\/\/baubauwall.com\/et\/toode\/pilttapeet-troopiline-sviit-sinakasroheline\/","og_site_name":"BAUBAUWALL TAPEEDID","article_publisher":"https:\/\/www.facebook.com\/Baubauwall","article_modified_time":"2025-12-01T11:18:28+00:00","og_image":[{"width":2399,"height":1600,"url":"https:\/\/baubauwall.com\/wp-content\/uploads\/2025\/10\/Mural-Wallpaper_Playful_Monkeys_Vintage_Black-Room_Baubauwal_51200519-1.jpg","type":"image\/jpeg"}],"twitter_card":"summary_large_image","twitter_misc":{"Est. reading time":"1 minut"},"schema":{"@context":"https:\/\/schema.org","@graph":[{"@type":"WebPage","@id":"https:\/\/baubauwall.com\/et\/toode\/pilttapeet-troopiline-sviit-sinakasroheline\/","url":"https:\/\/baubauwall.com\/et\/toode\/pilttapeet-troopiline-sviit-sinakasroheline\/","name":"Hotellitoa tapeet - Troopiline sviit - sinakasroheline - BAUBAUWALL TAPEEDID","isPartOf":{"@id":"https:\/\/baubauwall.com\/et\/#website"},"primaryImageOfPage":{"@id":"https:\/\/baubauwall.com\/et\/toode\/pilttapeet-troopiline-sviit-sinakasroheline\/#primaryimage"},"image":{"@id":"https:\/\/baubauwall.com\/et\/toode\/pilttapeet-troopiline-sviit-sinakasroheline\/#primaryimage"},"thumbnailUrl":"https:\/\/baubauwall.com\/wp-content\/uploads\/2025\/11\/Mural_Wallpaper_Playful_Monkeys_VintageDusty_Sage_Room_Baubauwall_51200521-1.jpg","datePublished":"2025-11-28T09:57:31+00:00","dateModified":"2025-12-01T11:18:28+00:00","description":"Troopiline sviit on hotellitoa tapeet, mis teeb tavalisest toast silmapaistva, ilma et peaksid kogu sisustuse v\u00e4lja vahetama. \u00dcks sein, suur muutus.","breadcrumb":{"@id":"https:\/\/baubauwall.com\/et\/toode\/pilttapeet-troopiline-sviit-sinakasroheline\/#breadcrumb"},"inLanguage":"et","potentialAction":[{"@type":"ReadAction","target":["https:\/\/baubauwall.com\/et\/toode\/pilttapeet-troopiline-sviit-sinakasroheline\/"]}]},{"@type":"ImageObject","inLanguage":"et","@id":"https:\/\/baubauwall.com\/et\/toode\/pilttapeet-troopiline-sviit-sinakasroheline\/#primaryimage","url":"https:\/\/baubauwall.com\/wp-content\/uploads\/2025\/11\/Mural_Wallpaper_Playful_Monkeys_VintageDusty_Sage_Room_Baubauwall_51200521-1.jpg","contentUrl":"https:\/\/baubauwall.com\/wp-content\/uploads\/2025\/11\/Mural_Wallpaper_Playful_Monkeys_VintageDusty_Sage_Room_Baubauwall_51200521-1.jpg","width":1490,"height":1600,"caption":"ahvidega tapeet elutoas. sinakasroheline pilttapeet Baubauwall tapeedid"},{"@type":"BreadcrumbList","@id":"https:\/\/baubauwall.com\/et\/toode\/pilttapeet-troopiline-sviit-sinakasroheline\/#breadcrumb","itemListElement":[{"@type":"ListItem","position":1,"name":"Koju","item":"https:\/\/baubauwall.com\/et\/"},{"@type":"ListItem","position":2,"name":"Tapeedid","item":"https:\/\/baubauwall.com\/et\/tapeedid\/"},{"@type":"ListItem","position":3,"name":"Troopiline sviit &#8211; sinakasroheline"}]},{"@type":"WebSite","@id":"https:\/\/baubauwall.com\/et\/#website","url":"https:\/\/baubauwall.com\/et\/","name":"BAUBAUWALL Wallpapers","description":"Valmis paanides tapeet Eestist!","publisher":{"@id":"https:\/\/baubauwall.com\/et\/#organization"},"potentialAction":[{"@type":"SearchAction","target":{"@type":"EntryPoint","urlTemplate":"https:\/\/baubauwall.com\/et\/?s={search_term_string}"},"query-input":{"@type":"PropertyValueSpecification","valueRequired":true,"valueName":"search_term_string"}}],"inLanguage":"et"},{"@type":"Organization","@id":"https:\/\/baubauwall.com\/et\/#organization","name":"BAUBAUWALL Wallpapers","url":"https:\/\/baubauwall.com\/et\/","logo":{"@type":"ImageObject","inLanguage":"et","@id":"https:\/\/baubauwall.com\/et\/#\/schema\/logo\/image\/","url":"https:\/\/baubauwall.com\/wp-content\/uploads\/2022\/03\/logo-horizontal.svg","contentUrl":"https:\/\/baubauwall.com\/wp-content\/uploads\/2022\/03\/logo-horizontal.svg","width":"1024","height":"1024","caption":"BAUBAUWALL Wallpapers"},"image":{"@id":"https:\/\/baubauwall.com\/et\/#\/schema\/logo\/image\/"},"sameAs":["https:\/\/www.facebook.com\/Baubauwall","https:\/\/www.instagram.com\/baubauwall"]}]}},"jetpack_sharing_enabled":true,"_links":{"self":[{"href":"https:\/\/baubauwall.com\/et\/wp-json\/wp\/v2\/product\/46211","targetHints":{"allow":["GET"]}}],"collection":[{"href":"https:\/\/baubauwall.com\/et\/wp-json\/wp\/v2\/product"}],"about":[{"href":"https:\/\/baubauwall.com\/et\/wp-json\/wp\/v2\/types\/product"}],"replies":[{"embeddable":true,"href":"https:\/\/baubauwall.com\/et\/wp-json\/wp\/v2\/comments?post=46211"}],"wp:featuredmedia":[{"embeddable":true,"href":"https:\/\/baubauwall.com\/et\/wp-json\/wp\/v2\/media\/46219"}],"wp:attachment":[{"href":"https:\/\/baubauwall.com\/et\/wp-json\/wp\/v2\/media?parent=46211"}],"wp:term":[{"taxonomy":"product_brand","embeddable":true,"href":"https:\/\/baubauwall.com\/et\/wp-json\/wp\/v2\/product_brand?post=46211"},{"taxonomy":"product_cat","embeddable":true,"href":"https:\/\/baubauwall.com\/et\/wp-json\/wp\/v2\/product_cat?post=46211"},{"taxonomy":"product_tag","embeddable":true,"href":"https:\/\/baubauwall.com\/et\/wp-json\/wp\/v2\/product_tag?post=46211"}],"curies":[{"name":"wp","href":"https:\/\/api.w.org\/{rel}","templated":true}]}}