{"id":46376,"date":"2025-12-09T11:00:23","date_gmt":"2025-12-09T09:00:23","guid":{"rendered":"https:\/\/baubauwall.com\/product\/mural-wallpaper-forest-of-playful-foxes-beige\/"},"modified":"2025-12-09T11:40:40","modified_gmt":"2025-12-09T09:40:40","slug":"pilttapeet-rebaste-kuningriik-beez","status":"publish","type":"product","link":"https:\/\/baubauwall.com\/et\/toode\/pilttapeet-rebaste-kuningriik-beez\/","title":{"rendered":"Rebaste kuningriik &#8211; bee\u017e"},"content":{"rendered":"<p>Bee\u017eides toonides rebastega pilttapeet lastetuppa v\u00f5i mujale. Kohevad rebased h\u00fcplevad muretult oksalt oksale koos linnukeste, siili ja j\u00e4nesega. Bee\u017e tapeedidisain on ajatu ja just selline, millega on lihtne sobitada interj\u00f6\u00f6ri muid detaile. M\u00f5tle rebasekarva ruugetele kardinatele ja kreemikat tooni m\u00f6\u00f6blile! L\u00f5bus fakt rebaste kohta on, et neid v\u00f5ib kohata peale lastetoa ka igal muul kontinendil peale Antarktika.\u00a0 Kusjuures, rebased eelistavad karjas elamise asemel elada ja jahti pidada \u00fcksinda. See ei k\u00e4i k\u00fcll selle tapeedi disaini kohta, sest siin on neid koguni 3 koos teise loomakestega.<\/p>\n<p><strong>Miks see rebastega pilttapeet v\u00f5iks Sulle meeldida?<\/strong><\/p>\n<ul>\n<li>Eesti ettev\u00f5te<\/li>\n<li>Tr\u00fckime tapeedi t\u00e4pselt Sinu seina m\u00f5\u00f5dus<\/li>\n<li>Premium, matt fliistapeedi materjal, 100% taaskasutatud kiust<\/li>\n<li>M\u00fcrgivabad tr\u00fckiv\u00e4rvid,\u00a0<em>Greenguard<\/em>\u00a0sertifitseeritud<\/li>\n<li>Keskkonnas\u00f5bralik, j\u00e4\u00e4tmevaba tapeetimine<\/li>\n<li>Kaasa tasuta tapeediliim<\/li>\n<li>Tasuta transport ja kiire tarne 3-5 t\u00f6\u00f6p\u00e4evaga<\/li>\n<\/ul>\n<p>Loe l\u00e4hemalt nutikatest, eritellimust\u00f6\u00f6na valmivatest tapeetidest\u00a0<a href=\"https:\/\/baubauwall.com\/et\/keskkonnasobralikud-tapeedid\/\">siit.<\/a><\/p>\n","protected":false},"excerpt":{"rendered":"<p>Bee\u017eides toonides rebastega pilttapeet lastetuppa v\u00f5i mujale. Kohevad rebased h\u00fcplevad muretult oksalt oksale koos linnukeste, siili ja j\u00e4nesega. Bee\u017e tapeedidisain on ajatu ja just selline, millega on lihtne sobitada interj\u00f6\u00f6ri muid detaile. M\u00f5tle rebasekarva ruugetele kardinatele ja kreemikat tooni m\u00f6\u00f6blile! L\u00f5bus fakt rebaste kohta on, et neid v\u00f5ib kohata peale lastetoa ka igal muul kontinendil [&hellip;]<\/p>\n","protected":false},"featured_media":47374,"comment_status":"open","ping_status":"closed","template":"","meta":{"_acf_changed":false,"inline_featured_image":false},"product_brand":[],"product_cat":[629,387,395,406,396,265,276,400,401,254,255],"product_tag":[631,345,308,724,324],"class_list":{"0":"post-46376","1":"product","2":"type-product","3":"status-publish","4":"has-post-thumbnail","6":"product_cat-kikki-belle-tapeedid","7":"product_cat-pilttapeedid","8":"product_cat-romantiline","9":"product_cat-klassika","10":"product_cat-skandinaavia","11":"product_cat-beezid-tapeedid","12":"product_cat-pastelsed-tapeedid","13":"product_cat-lastetoa-tapeedid","14":"product_cat-koogi-tapeedid","15":"product_cat-loodus","16":"product_cat-loomad","17":"product_tag-kikki-belle-et","18":"product_tag-pilttapeet","19":"product_tag-poiste-tuba","20":"product_tag-sooneutraalsed-varvid-et","21":"product_tag-tudruku-tuba","23":"first","24":"instock","25":"taxable","26":"shipping-taxable","27":"purchasable","28":"product-type-simple"},"acf":[],"yoast_head":"<!-- This site is optimized with the Yoast SEO plugin v25.9 - https:\/\/yoast.com\/wordpress\/plugins\/seo\/ -->\n<title>Rebastega pilttapeet | Rebaste kuningriik - bee\u017e - BAUBAUWALL TAPEEDID<\/title>\n<meta name=\"description\" content=\"Rebastega pilttapeet bee\u017eil taustal. Romantiline ja lihtsal timeilus disain ajatu stiiliga lastetuppa. Tapeet, mis p\u00fcsib seal kaua!\" \/>\n<meta name=\"robots\" content=\"index, follow, max-snippet:-1, max-image-preview:large, max-video-preview:-1\" \/>\n<link rel=\"canonical\" href=\"https:\/\/baubauwall.com\/et\/toode\/pilttapeet-rebaste-kuningriik-beez\/\" \/>\n<meta property=\"og:locale\" content=\"et_EE\" \/>\n<meta property=\"og:type\" content=\"article\" \/>\n<meta property=\"og:title\" content=\"BAUBAUWALL TAPEEDID\" \/>\n<meta property=\"og:description\" content=\"Rebastega pilttapeet bee\u017eil taustal. Romantiline ja lihtsal timeilus disain ajatu stiiliga lastetuppa. Tapeet, mis p\u00fcsib seal kaua!\" \/>\n<meta property=\"og:url\" content=\"https:\/\/baubauwall.com\/et\/toode\/pilttapeet-rebaste-kuningriik-beez\/\" \/>\n<meta property=\"og:site_name\" content=\"BAUBAUWALL TAPEEDID\" \/>\n<meta property=\"article:publisher\" content=\"https:\/\/www.facebook.com\/Baubauwall\" \/>\n<meta property=\"article:modified_time\" content=\"2025-12-09T09:40:40+00:00\" \/>\n<meta property=\"og:image\" content=\"https:\/\/baubauwall.com\/wp-content\/uploads\/2022\/11\/Mural_Wallpaper_Forest_of_Playful_Foxes_Beige_Baubauwall_kids_room_51200321-1.jpg\" \/>\n\t<meta property=\"og:image:width\" content=\"1067\" \/>\n\t<meta property=\"og:image:height\" content=\"1600\" \/>\n\t<meta property=\"og:image:type\" content=\"image\/jpeg\" \/>\n<meta name=\"twitter:card\" content=\"summary_large_image\" \/>\n<meta name=\"twitter:label1\" content=\"Est. reading time\" \/>\n\t<meta name=\"twitter:data1\" content=\"1 minut\" \/>\n<script type=\"application\/ld+json\" class=\"yoast-schema-graph\">{\"@context\":\"https:\/\/schema.org\",\"@graph\":[{\"@type\":\"WebPage\",\"@id\":\"https:\/\/baubauwall.com\/et\/toode\/pilttapeet-rebaste-kuningriik-beez\/\",\"url\":\"https:\/\/baubauwall.com\/et\/toode\/pilttapeet-rebaste-kuningriik-beez\/\",\"name\":\"Rebastega pilttapeet | Rebaste kuningriik - bee\u017e - BAUBAUWALL TAPEEDID\",\"isPartOf\":{\"@id\":\"https:\/\/baubauwall.com\/et\/#website\"},\"primaryImageOfPage\":{\"@id\":\"https:\/\/baubauwall.com\/et\/toode\/pilttapeet-rebaste-kuningriik-beez\/#primaryimage\"},\"image\":{\"@id\":\"https:\/\/baubauwall.com\/et\/toode\/pilttapeet-rebaste-kuningriik-beez\/#primaryimage\"},\"thumbnailUrl\":\"https:\/\/baubauwall.com\/wp-content\/uploads\/2022\/11\/Mural_Wallpaper_Forest_of_Playful_Foxes_Beige_Baubauwall_kids_room_51200321-1.jpg\",\"datePublished\":\"2025-12-09T09:00:23+00:00\",\"dateModified\":\"2025-12-09T09:40:40+00:00\",\"description\":\"Rebastega pilttapeet bee\u017eil taustal. Romantiline ja lihtsal timeilus disain ajatu stiiliga lastetuppa. Tapeet, mis p\u00fcsib seal kaua!\",\"breadcrumb\":{\"@id\":\"https:\/\/baubauwall.com\/et\/toode\/pilttapeet-rebaste-kuningriik-beez\/#breadcrumb\"},\"inLanguage\":\"et\",\"potentialAction\":[{\"@type\":\"ReadAction\",\"target\":[\"https:\/\/baubauwall.com\/et\/toode\/pilttapeet-rebaste-kuningriik-beez\/\"]}]},{\"@type\":\"ImageObject\",\"inLanguage\":\"et\",\"@id\":\"https:\/\/baubauwall.com\/et\/toode\/pilttapeet-rebaste-kuningriik-beez\/#primaryimage\",\"url\":\"https:\/\/baubauwall.com\/wp-content\/uploads\/2022\/11\/Mural_Wallpaper_Forest_of_Playful_Foxes_Beige_Baubauwall_kids_room_51200321-1.jpg\",\"contentUrl\":\"https:\/\/baubauwall.com\/wp-content\/uploads\/2022\/11\/Mural_Wallpaper_Forest_of_Playful_Foxes_Beige_Baubauwall_kids_room_51200321-1.jpg\",\"width\":1067,\"height\":1600,\"caption\":\"Beige mural wallpaper with foxes. Hand drawn design for kids feature wall. Baubauwall wallpapers\"},{\"@type\":\"BreadcrumbList\",\"@id\":\"https:\/\/baubauwall.com\/et\/toode\/pilttapeet-rebaste-kuningriik-beez\/#breadcrumb\",\"itemListElement\":[{\"@type\":\"ListItem\",\"position\":1,\"name\":\"Koju\",\"item\":\"https:\/\/baubauwall.com\/et\/\"},{\"@type\":\"ListItem\",\"position\":2,\"name\":\"Tapeedid\",\"item\":\"https:\/\/baubauwall.com\/et\/tapeedid\/\"},{\"@type\":\"ListItem\",\"position\":3,\"name\":\"Rebaste kuningriik &#8211; bee\u017e\"}]},{\"@type\":\"WebSite\",\"@id\":\"https:\/\/baubauwall.com\/et\/#website\",\"url\":\"https:\/\/baubauwall.com\/et\/\",\"name\":\"BAUBAUWALL Wallpapers\",\"description\":\"Valmis paanides tapeet Eestist!\",\"publisher\":{\"@id\":\"https:\/\/baubauwall.com\/et\/#organization\"},\"potentialAction\":[{\"@type\":\"SearchAction\",\"target\":{\"@type\":\"EntryPoint\",\"urlTemplate\":\"https:\/\/baubauwall.com\/et\/?s={search_term_string}\"},\"query-input\":{\"@type\":\"PropertyValueSpecification\",\"valueRequired\":true,\"valueName\":\"search_term_string\"}}],\"inLanguage\":\"et\"},{\"@type\":\"Organization\",\"@id\":\"https:\/\/baubauwall.com\/et\/#organization\",\"name\":\"BAUBAUWALL Wallpapers\",\"url\":\"https:\/\/baubauwall.com\/et\/\",\"logo\":{\"@type\":\"ImageObject\",\"inLanguage\":\"et\",\"@id\":\"https:\/\/baubauwall.com\/et\/#\/schema\/logo\/image\/\",\"url\":\"https:\/\/baubauwall.com\/wp-content\/uploads\/2022\/03\/logo-horizontal.svg\",\"contentUrl\":\"https:\/\/baubauwall.com\/wp-content\/uploads\/2022\/03\/logo-horizontal.svg\",\"width\":\"1024\",\"height\":\"1024\",\"caption\":\"BAUBAUWALL Wallpapers\"},\"image\":{\"@id\":\"https:\/\/baubauwall.com\/et\/#\/schema\/logo\/image\/\"},\"sameAs\":[\"https:\/\/www.facebook.com\/Baubauwall\",\"https:\/\/www.instagram.com\/baubauwall\"]}]}<\/script>\n<!-- \/ Yoast SEO plugin. -->","yoast_head_json":{"title":"Rebastega pilttapeet | Rebaste kuningriik - bee\u017e - BAUBAUWALL TAPEEDID","description":"Rebastega pilttapeet bee\u017eil taustal. Romantiline ja lihtsal timeilus disain ajatu stiiliga lastetuppa. Tapeet, mis p\u00fcsib seal kaua!","robots":{"index":"index","follow":"follow","max-snippet":"max-snippet:-1","max-image-preview":"max-image-preview:large","max-video-preview":"max-video-preview:-1"},"canonical":"https:\/\/baubauwall.com\/et\/toode\/pilttapeet-rebaste-kuningriik-beez\/","og_locale":"et_EE","og_type":"article","og_title":"BAUBAUWALL TAPEEDID","og_description":"Rebastega pilttapeet bee\u017eil taustal. Romantiline ja lihtsal timeilus disain ajatu stiiliga lastetuppa. Tapeet, mis p\u00fcsib seal kaua!","og_url":"https:\/\/baubauwall.com\/et\/toode\/pilttapeet-rebaste-kuningriik-beez\/","og_site_name":"BAUBAUWALL TAPEEDID","article_publisher":"https:\/\/www.facebook.com\/Baubauwall","article_modified_time":"2025-12-09T09:40:40+00:00","og_image":[{"width":1067,"height":1600,"url":"https:\/\/baubauwall.com\/wp-content\/uploads\/2022\/11\/Mural_Wallpaper_Forest_of_Playful_Foxes_Beige_Baubauwall_kids_room_51200321-1.jpg","type":"image\/jpeg"}],"twitter_card":"summary_large_image","twitter_misc":{"Est. reading time":"1 minut"},"schema":{"@context":"https:\/\/schema.org","@graph":[{"@type":"WebPage","@id":"https:\/\/baubauwall.com\/et\/toode\/pilttapeet-rebaste-kuningriik-beez\/","url":"https:\/\/baubauwall.com\/et\/toode\/pilttapeet-rebaste-kuningriik-beez\/","name":"Rebastega pilttapeet | Rebaste kuningriik - bee\u017e - BAUBAUWALL TAPEEDID","isPartOf":{"@id":"https:\/\/baubauwall.com\/et\/#website"},"primaryImageOfPage":{"@id":"https:\/\/baubauwall.com\/et\/toode\/pilttapeet-rebaste-kuningriik-beez\/#primaryimage"},"image":{"@id":"https:\/\/baubauwall.com\/et\/toode\/pilttapeet-rebaste-kuningriik-beez\/#primaryimage"},"thumbnailUrl":"https:\/\/baubauwall.com\/wp-content\/uploads\/2022\/11\/Mural_Wallpaper_Forest_of_Playful_Foxes_Beige_Baubauwall_kids_room_51200321-1.jpg","datePublished":"2025-12-09T09:00:23+00:00","dateModified":"2025-12-09T09:40:40+00:00","description":"Rebastega pilttapeet bee\u017eil taustal. Romantiline ja lihtsal timeilus disain ajatu stiiliga lastetuppa. Tapeet, mis p\u00fcsib seal kaua!","breadcrumb":{"@id":"https:\/\/baubauwall.com\/et\/toode\/pilttapeet-rebaste-kuningriik-beez\/#breadcrumb"},"inLanguage":"et","potentialAction":[{"@type":"ReadAction","target":["https:\/\/baubauwall.com\/et\/toode\/pilttapeet-rebaste-kuningriik-beez\/"]}]},{"@type":"ImageObject","inLanguage":"et","@id":"https:\/\/baubauwall.com\/et\/toode\/pilttapeet-rebaste-kuningriik-beez\/#primaryimage","url":"https:\/\/baubauwall.com\/wp-content\/uploads\/2022\/11\/Mural_Wallpaper_Forest_of_Playful_Foxes_Beige_Baubauwall_kids_room_51200321-1.jpg","contentUrl":"https:\/\/baubauwall.com\/wp-content\/uploads\/2022\/11\/Mural_Wallpaper_Forest_of_Playful_Foxes_Beige_Baubauwall_kids_room_51200321-1.jpg","width":1067,"height":1600,"caption":"Beige mural wallpaper with foxes. Hand drawn design for kids feature wall. Baubauwall wallpapers"},{"@type":"BreadcrumbList","@id":"https:\/\/baubauwall.com\/et\/toode\/pilttapeet-rebaste-kuningriik-beez\/#breadcrumb","itemListElement":[{"@type":"ListItem","position":1,"name":"Koju","item":"https:\/\/baubauwall.com\/et\/"},{"@type":"ListItem","position":2,"name":"Tapeedid","item":"https:\/\/baubauwall.com\/et\/tapeedid\/"},{"@type":"ListItem","position":3,"name":"Rebaste kuningriik &#8211; bee\u017e"}]},{"@type":"WebSite","@id":"https:\/\/baubauwall.com\/et\/#website","url":"https:\/\/baubauwall.com\/et\/","name":"BAUBAUWALL Wallpapers","description":"Valmis paanides tapeet Eestist!","publisher":{"@id":"https:\/\/baubauwall.com\/et\/#organization"},"potentialAction":[{"@type":"SearchAction","target":{"@type":"EntryPoint","urlTemplate":"https:\/\/baubauwall.com\/et\/?s={search_term_string}"},"query-input":{"@type":"PropertyValueSpecification","valueRequired":true,"valueName":"search_term_string"}}],"inLanguage":"et"},{"@type":"Organization","@id":"https:\/\/baubauwall.com\/et\/#organization","name":"BAUBAUWALL Wallpapers","url":"https:\/\/baubauwall.com\/et\/","logo":{"@type":"ImageObject","inLanguage":"et","@id":"https:\/\/baubauwall.com\/et\/#\/schema\/logo\/image\/","url":"https:\/\/baubauwall.com\/wp-content\/uploads\/2022\/03\/logo-horizontal.svg","contentUrl":"https:\/\/baubauwall.com\/wp-content\/uploads\/2022\/03\/logo-horizontal.svg","width":"1024","height":"1024","caption":"BAUBAUWALL Wallpapers"},"image":{"@id":"https:\/\/baubauwall.com\/et\/#\/schema\/logo\/image\/"},"sameAs":["https:\/\/www.facebook.com\/Baubauwall","https:\/\/www.instagram.com\/baubauwall"]}]}},"jetpack_sharing_enabled":true,"_links":{"self":[{"href":"https:\/\/baubauwall.com\/et\/wp-json\/wp\/v2\/product\/46376","targetHints":{"allow":["GET"]}}],"collection":[{"href":"https:\/\/baubauwall.com\/et\/wp-json\/wp\/v2\/product"}],"about":[{"href":"https:\/\/baubauwall.com\/et\/wp-json\/wp\/v2\/types\/product"}],"replies":[{"embeddable":true,"href":"https:\/\/baubauwall.com\/et\/wp-json\/wp\/v2\/comments?post=46376"}],"wp:featuredmedia":[{"embeddable":true,"href":"https:\/\/baubauwall.com\/et\/wp-json\/wp\/v2\/media\/47374"}],"wp:attachment":[{"href":"https:\/\/baubauwall.com\/et\/wp-json\/wp\/v2\/media?parent=46376"}],"wp:term":[{"taxonomy":"product_brand","embeddable":true,"href":"https:\/\/baubauwall.com\/et\/wp-json\/wp\/v2\/product_brand?post=46376"},{"taxonomy":"product_cat","embeddable":true,"href":"https:\/\/baubauwall.com\/et\/wp-json\/wp\/v2\/product_cat?post=46376"},{"taxonomy":"product_tag","embeddable":true,"href":"https:\/\/baubauwall.com\/et\/wp-json\/wp\/v2\/product_tag?post=46376"}],"curies":[{"name":"wp","href":"https:\/\/api.w.org\/{rel}","templated":true}]}}