{"id":46386,"date":"2025-12-09T11:43:46","date_gmt":"2025-12-09T09:43:46","guid":{"rendered":"https:\/\/baubauwall.com\/?post_type=product&#038;p=46386"},"modified":"2025-12-10T10:31:15","modified_gmt":"2025-12-10T08:31:15","slug":"pilttapeet-rebaste-kuningriik-roheline","status":"publish","type":"product","link":"https:\/\/baubauwall.com\/et\/toode\/pilttapeet-rebaste-kuningriik-roheline\/","title":{"rendered":"Rebaste kuningriik &#8211; roheline"},"content":{"rendered":"<p>Kui oled lastetoa sisutamisega selles faasis, kus tahaks ilusat tulemust, aga ei viitsi iga v\u00e4ikest asja \u201ckokku sobitada\u201d, siis alusta seinast. Salveiroheline toon teeb toa kohe pehmemaks ja rahulikumaks . Sest see on selline v\u00e4rv, mis ei v\u00e4sita, aga annab ruumile kohe oma n\u00e4o. Ja kui sinna juurde tulevad metsategelased (rebane, j\u00e4nes, \u00f6\u00f6kullid ja \u00f5rnad oksad), on lastetoas olemas nii lugu kui ka m\u00f5nus taust igap\u00e4evaks.<\/p>\n<p data-start=\"510\" data-end=\"543\">See pilttapeet sobib eriti h\u00e4sti: beebitoa sisustamiseks, v\u00e4ikelapse tuppa, kus on vaja nii m\u00e4ngu- kui rahunemisruumi ja sooneutraalse lastetoa (ei ole \u201cpoisi\u201d ega \u201ct\u00fcdruku\u201d v\u00e4rv) seinale.<\/p>\n<h4 data-start=\"1160\" data-end=\"1217\">Lastetoa sisutamine: 3 lihtsat nippi<\/h4>\n<ol data-start=\"1218\" data-end=\"1600\">\n<li data-start=\"1218\" data-end=\"1353\">\n<p data-start=\"1221\" data-end=\"1353\">Pane sein paika, alles siis vali tekstiilid. Kui pilttapeet on olemas, on padjad, vaibad ja kardinad \u00fcllatavalt lihtne valida.<\/p>\n<\/li>\n<li data-start=\"1354\" data-end=\"1477\">\n<p data-start=\"1357\" data-end=\"1477\">Hoia suur m\u00f6\u00f6bel neutraalne. Heledast puidust v\u00f5i valge voodi\/kummut + salveiroheline sein = puhas ja soe tulemus.<\/p>\n<\/li>\n<li data-start=\"1478\" data-end=\"1600\">\n<p data-start=\"1481\" data-end=\"1600\">Lisa 1\u20132 \u201csooja\u201d aktsenti. N\u00e4iteks karamellitoon, liivakarva v\u00f5i \u00f5rn roostepruun teeb metsateema m\u00f5nusalt elusaks.Kui otsid ideid lastetoa v\u00f5i muude tubade sisustamiseks, <a href=\"https:\/\/baubauwall.com\/et\/ideed\/let-the-homes-do-the-talking\/\">piilu meie tapeedigaleriid<\/a> tehtud t\u00f6\u00f6dega!<\/p>\n<\/li>\n<\/ol>\n","protected":false},"excerpt":{"rendered":"<p>Kui oled lastetoa sisutamisega selles faasis, kus tahaks ilusat tulemust, aga ei viitsi iga v\u00e4ikest asja \u201ckokku sobitada\u201d, siis alusta seinast. Salveiroheline toon teeb toa kohe pehmemaks ja rahulikumaks . Sest see on selline v\u00e4rv, mis ei v\u00e4sita, aga annab ruumile kohe oma n\u00e4o. Ja kui sinna juurde tulevad metsategelased (rebane, j\u00e4nes, \u00f6\u00f6kullid ja \u00f5rnad [&hellip;]<\/p>\n","protected":false},"featured_media":46395,"comment_status":"open","ping_status":"closed","template":"","meta":{"_acf_changed":false,"inline_featured_image":false},"product_brand":[],"product_cat":[629,387,406,396,271,400,401,254,255],"product_tag":[631,345,308,724],"class_list":{"0":"post-46386","1":"product","2":"type-product","3":"status-publish","4":"has-post-thumbnail","6":"product_cat-kikki-belle-tapeedid","7":"product_cat-pilttapeedid","8":"product_cat-klassika","9":"product_cat-skandinaavia","10":"product_cat-rohelised-tapeedid","11":"product_cat-lastetoa-tapeedid","12":"product_cat-koogi-tapeedid","13":"product_cat-loodus","14":"product_cat-loomad","15":"product_tag-kikki-belle-et","16":"product_tag-pilttapeet","17":"product_tag-poiste-tuba","18":"product_tag-sooneutraalsed-varvid-et","20":"first","21":"instock","22":"taxable","23":"shipping-taxable","24":"purchasable","25":"product-type-simple"},"acf":[],"yoast_head":"<!-- This site is optimized with the Yoast SEO plugin v25.9 - https:\/\/yoast.com\/wordpress\/plugins\/seo\/ -->\n<title>Lastetoa sisustamine - tapeediga on see lihtne | Rebastega tapeet<\/title>\n<meta name=\"description\" content=\"Lastetoa sisustamine tapeedi v\u00f5luv\u00e4ega. Rebastega pilttapeet rohelisel taustal. Romantiline ja lihtsal timeilus disain ajatu stiiliga lastetuppa.\" \/>\n<meta name=\"robots\" content=\"index, follow, max-snippet:-1, max-image-preview:large, max-video-preview:-1\" \/>\n<link rel=\"canonical\" href=\"https:\/\/baubauwall.com\/et\/toode\/pilttapeet-rebaste-kuningriik-roheline\/\" \/>\n<meta property=\"og:locale\" content=\"et_EE\" \/>\n<meta property=\"og:type\" content=\"article\" \/>\n<meta property=\"og:title\" content=\"BAUBAUWALL TAPEEDID\" \/>\n<meta property=\"og:description\" content=\"Lastetoa sisustamine tapeedi v\u00f5luv\u00e4ega. Rebastega pilttapeet rohelisel taustal. Romantiline ja lihtsal timeilus disain ajatu stiiliga lastetuppa.\" \/>\n<meta property=\"og:url\" content=\"https:\/\/baubauwall.com\/et\/toode\/pilttapeet-rebaste-kuningriik-roheline\/\" \/>\n<meta property=\"og:site_name\" content=\"BAUBAUWALL TAPEEDID\" \/>\n<meta property=\"article:publisher\" content=\"https:\/\/www.facebook.com\/Baubauwall\" \/>\n<meta property=\"article:modified_time\" content=\"2025-12-10T08:31:15+00:00\" \/>\n<meta property=\"og:image\" content=\"https:\/\/baubauwall.com\/wp-content\/uploads\/2025\/12\/Mural-Wallpaper_Forest-of-Playful_Foxes_Baubauwall_room_51200322-2-scaled.jpg\" \/>\n\t<meta property=\"og:image:width\" content=\"2560\" \/>\n\t<meta property=\"og:image:height\" content=\"1440\" \/>\n\t<meta property=\"og:image:type\" content=\"image\/jpeg\" \/>\n<meta name=\"twitter:card\" content=\"summary_large_image\" \/>\n<meta name=\"twitter:label1\" content=\"Est. reading time\" \/>\n\t<meta name=\"twitter:data1\" content=\"1 minut\" \/>\n<script type=\"application\/ld+json\" class=\"yoast-schema-graph\">{\"@context\":\"https:\/\/schema.org\",\"@graph\":[{\"@type\":\"WebPage\",\"@id\":\"https:\/\/baubauwall.com\/et\/toode\/pilttapeet-rebaste-kuningriik-roheline\/\",\"url\":\"https:\/\/baubauwall.com\/et\/toode\/pilttapeet-rebaste-kuningriik-roheline\/\",\"name\":\"Lastetoa sisustamine - tapeediga on see lihtne | Rebastega tapeet\",\"isPartOf\":{\"@id\":\"https:\/\/baubauwall.com\/et\/#website\"},\"primaryImageOfPage\":{\"@id\":\"https:\/\/baubauwall.com\/et\/toode\/pilttapeet-rebaste-kuningriik-roheline\/#primaryimage\"},\"image\":{\"@id\":\"https:\/\/baubauwall.com\/et\/toode\/pilttapeet-rebaste-kuningriik-roheline\/#primaryimage\"},\"thumbnailUrl\":\"https:\/\/baubauwall.com\/wp-content\/uploads\/2025\/12\/Mural-Wallpaper_Forest-of-Playful_Foxes_Baubauwall_room_51200322-1.jpg\",\"datePublished\":\"2025-12-09T09:43:46+00:00\",\"dateModified\":\"2025-12-10T08:31:15+00:00\",\"description\":\"Lastetoa sisustamine tapeedi v\u00f5luv\u00e4ega. Rebastega pilttapeet rohelisel taustal. Romantiline ja lihtsal timeilus disain ajatu stiiliga lastetuppa.\",\"breadcrumb\":{\"@id\":\"https:\/\/baubauwall.com\/et\/toode\/pilttapeet-rebaste-kuningriik-roheline\/#breadcrumb\"},\"inLanguage\":\"et\",\"potentialAction\":[{\"@type\":\"ReadAction\",\"target\":[\"https:\/\/baubauwall.com\/et\/toode\/pilttapeet-rebaste-kuningriik-roheline\/\"]}]},{\"@type\":\"ImageObject\",\"inLanguage\":\"et\",\"@id\":\"https:\/\/baubauwall.com\/et\/toode\/pilttapeet-rebaste-kuningriik-roheline\/#primaryimage\",\"url\":\"https:\/\/baubauwall.com\/wp-content\/uploads\/2025\/12\/Mural-Wallpaper_Forest-of-Playful_Foxes_Baubauwall_room_51200322-1.jpg\",\"contentUrl\":\"https:\/\/baubauwall.com\/wp-content\/uploads\/2025\/12\/Mural-Wallpaper_Forest-of-Playful_Foxes_Baubauwall_room_51200322-1.jpg\",\"width\":2400,\"height\":1600,\"caption\":\"Lastetoa rohekastes toonides vintage tapeet rebastega. Bubauwall tapeedid.\"},{\"@type\":\"BreadcrumbList\",\"@id\":\"https:\/\/baubauwall.com\/et\/toode\/pilttapeet-rebaste-kuningriik-roheline\/#breadcrumb\",\"itemListElement\":[{\"@type\":\"ListItem\",\"position\":1,\"name\":\"Koju\",\"item\":\"https:\/\/baubauwall.com\/et\/\"},{\"@type\":\"ListItem\",\"position\":2,\"name\":\"Tapeedid\",\"item\":\"https:\/\/baubauwall.com\/et\/tapeedid\/\"},{\"@type\":\"ListItem\",\"position\":3,\"name\":\"Rebaste kuningriik &#8211; roheline\"}]},{\"@type\":\"WebSite\",\"@id\":\"https:\/\/baubauwall.com\/et\/#website\",\"url\":\"https:\/\/baubauwall.com\/et\/\",\"name\":\"BAUBAUWALL Wallpapers\",\"description\":\"Valmis paanides tapeet Eestist!\",\"publisher\":{\"@id\":\"https:\/\/baubauwall.com\/et\/#organization\"},\"potentialAction\":[{\"@type\":\"SearchAction\",\"target\":{\"@type\":\"EntryPoint\",\"urlTemplate\":\"https:\/\/baubauwall.com\/et\/?s={search_term_string}\"},\"query-input\":{\"@type\":\"PropertyValueSpecification\",\"valueRequired\":true,\"valueName\":\"search_term_string\"}}],\"inLanguage\":\"et\"},{\"@type\":\"Organization\",\"@id\":\"https:\/\/baubauwall.com\/et\/#organization\",\"name\":\"BAUBAUWALL Wallpapers\",\"url\":\"https:\/\/baubauwall.com\/et\/\",\"logo\":{\"@type\":\"ImageObject\",\"inLanguage\":\"et\",\"@id\":\"https:\/\/baubauwall.com\/et\/#\/schema\/logo\/image\/\",\"url\":\"https:\/\/baubauwall.com\/wp-content\/uploads\/2022\/03\/logo-horizontal.svg\",\"contentUrl\":\"https:\/\/baubauwall.com\/wp-content\/uploads\/2022\/03\/logo-horizontal.svg\",\"width\":\"1024\",\"height\":\"1024\",\"caption\":\"BAUBAUWALL Wallpapers\"},\"image\":{\"@id\":\"https:\/\/baubauwall.com\/et\/#\/schema\/logo\/image\/\"},\"sameAs\":[\"https:\/\/www.facebook.com\/Baubauwall\",\"https:\/\/www.instagram.com\/baubauwall\"]}]}<\/script>\n<!-- \/ Yoast SEO plugin. -->","yoast_head_json":{"title":"Lastetoa sisustamine - tapeediga on see lihtne | Rebastega tapeet","description":"Lastetoa sisustamine tapeedi v\u00f5luv\u00e4ega. Rebastega pilttapeet rohelisel taustal. Romantiline ja lihtsal timeilus disain ajatu stiiliga lastetuppa.","robots":{"index":"index","follow":"follow","max-snippet":"max-snippet:-1","max-image-preview":"max-image-preview:large","max-video-preview":"max-video-preview:-1"},"canonical":"https:\/\/baubauwall.com\/et\/toode\/pilttapeet-rebaste-kuningriik-roheline\/","og_locale":"et_EE","og_type":"article","og_title":"BAUBAUWALL TAPEEDID","og_description":"Lastetoa sisustamine tapeedi v\u00f5luv\u00e4ega. Rebastega pilttapeet rohelisel taustal. Romantiline ja lihtsal timeilus disain ajatu stiiliga lastetuppa.","og_url":"https:\/\/baubauwall.com\/et\/toode\/pilttapeet-rebaste-kuningriik-roheline\/","og_site_name":"BAUBAUWALL TAPEEDID","article_publisher":"https:\/\/www.facebook.com\/Baubauwall","article_modified_time":"2025-12-10T08:31:15+00:00","og_image":[{"width":2560,"height":1440,"url":"https:\/\/baubauwall.com\/wp-content\/uploads\/2025\/12\/Mural-Wallpaper_Forest-of-Playful_Foxes_Baubauwall_room_51200322-2-scaled.jpg","type":"image\/jpeg"}],"twitter_card":"summary_large_image","twitter_misc":{"Est. reading time":"1 minut"},"schema":{"@context":"https:\/\/schema.org","@graph":[{"@type":"WebPage","@id":"https:\/\/baubauwall.com\/et\/toode\/pilttapeet-rebaste-kuningriik-roheline\/","url":"https:\/\/baubauwall.com\/et\/toode\/pilttapeet-rebaste-kuningriik-roheline\/","name":"Lastetoa sisustamine - tapeediga on see lihtne | Rebastega tapeet","isPartOf":{"@id":"https:\/\/baubauwall.com\/et\/#website"},"primaryImageOfPage":{"@id":"https:\/\/baubauwall.com\/et\/toode\/pilttapeet-rebaste-kuningriik-roheline\/#primaryimage"},"image":{"@id":"https:\/\/baubauwall.com\/et\/toode\/pilttapeet-rebaste-kuningriik-roheline\/#primaryimage"},"thumbnailUrl":"https:\/\/baubauwall.com\/wp-content\/uploads\/2025\/12\/Mural-Wallpaper_Forest-of-Playful_Foxes_Baubauwall_room_51200322-1.jpg","datePublished":"2025-12-09T09:43:46+00:00","dateModified":"2025-12-10T08:31:15+00:00","description":"Lastetoa sisustamine tapeedi v\u00f5luv\u00e4ega. Rebastega pilttapeet rohelisel taustal. Romantiline ja lihtsal timeilus disain ajatu stiiliga lastetuppa.","breadcrumb":{"@id":"https:\/\/baubauwall.com\/et\/toode\/pilttapeet-rebaste-kuningriik-roheline\/#breadcrumb"},"inLanguage":"et","potentialAction":[{"@type":"ReadAction","target":["https:\/\/baubauwall.com\/et\/toode\/pilttapeet-rebaste-kuningriik-roheline\/"]}]},{"@type":"ImageObject","inLanguage":"et","@id":"https:\/\/baubauwall.com\/et\/toode\/pilttapeet-rebaste-kuningriik-roheline\/#primaryimage","url":"https:\/\/baubauwall.com\/wp-content\/uploads\/2025\/12\/Mural-Wallpaper_Forest-of-Playful_Foxes_Baubauwall_room_51200322-1.jpg","contentUrl":"https:\/\/baubauwall.com\/wp-content\/uploads\/2025\/12\/Mural-Wallpaper_Forest-of-Playful_Foxes_Baubauwall_room_51200322-1.jpg","width":2400,"height":1600,"caption":"Lastetoa rohekastes toonides vintage tapeet rebastega. Bubauwall tapeedid."},{"@type":"BreadcrumbList","@id":"https:\/\/baubauwall.com\/et\/toode\/pilttapeet-rebaste-kuningriik-roheline\/#breadcrumb","itemListElement":[{"@type":"ListItem","position":1,"name":"Koju","item":"https:\/\/baubauwall.com\/et\/"},{"@type":"ListItem","position":2,"name":"Tapeedid","item":"https:\/\/baubauwall.com\/et\/tapeedid\/"},{"@type":"ListItem","position":3,"name":"Rebaste kuningriik &#8211; roheline"}]},{"@type":"WebSite","@id":"https:\/\/baubauwall.com\/et\/#website","url":"https:\/\/baubauwall.com\/et\/","name":"BAUBAUWALL Wallpapers","description":"Valmis paanides tapeet Eestist!","publisher":{"@id":"https:\/\/baubauwall.com\/et\/#organization"},"potentialAction":[{"@type":"SearchAction","target":{"@type":"EntryPoint","urlTemplate":"https:\/\/baubauwall.com\/et\/?s={search_term_string}"},"query-input":{"@type":"PropertyValueSpecification","valueRequired":true,"valueName":"search_term_string"}}],"inLanguage":"et"},{"@type":"Organization","@id":"https:\/\/baubauwall.com\/et\/#organization","name":"BAUBAUWALL Wallpapers","url":"https:\/\/baubauwall.com\/et\/","logo":{"@type":"ImageObject","inLanguage":"et","@id":"https:\/\/baubauwall.com\/et\/#\/schema\/logo\/image\/","url":"https:\/\/baubauwall.com\/wp-content\/uploads\/2022\/03\/logo-horizontal.svg","contentUrl":"https:\/\/baubauwall.com\/wp-content\/uploads\/2022\/03\/logo-horizontal.svg","width":"1024","height":"1024","caption":"BAUBAUWALL Wallpapers"},"image":{"@id":"https:\/\/baubauwall.com\/et\/#\/schema\/logo\/image\/"},"sameAs":["https:\/\/www.facebook.com\/Baubauwall","https:\/\/www.instagram.com\/baubauwall"]}]}},"jetpack_sharing_enabled":true,"_links":{"self":[{"href":"https:\/\/baubauwall.com\/et\/wp-json\/wp\/v2\/product\/46386","targetHints":{"allow":["GET"]}}],"collection":[{"href":"https:\/\/baubauwall.com\/et\/wp-json\/wp\/v2\/product"}],"about":[{"href":"https:\/\/baubauwall.com\/et\/wp-json\/wp\/v2\/types\/product"}],"replies":[{"embeddable":true,"href":"https:\/\/baubauwall.com\/et\/wp-json\/wp\/v2\/comments?post=46386"}],"wp:featuredmedia":[{"embeddable":true,"href":"https:\/\/baubauwall.com\/et\/wp-json\/wp\/v2\/media\/46395"}],"wp:attachment":[{"href":"https:\/\/baubauwall.com\/et\/wp-json\/wp\/v2\/media?parent=46386"}],"wp:term":[{"taxonomy":"product_brand","embeddable":true,"href":"https:\/\/baubauwall.com\/et\/wp-json\/wp\/v2\/product_brand?post=46386"},{"taxonomy":"product_cat","embeddable":true,"href":"https:\/\/baubauwall.com\/et\/wp-json\/wp\/v2\/product_cat?post=46386"},{"taxonomy":"product_tag","embeddable":true,"href":"https:\/\/baubauwall.com\/et\/wp-json\/wp\/v2\/product_tag?post=46386"}],"curies":[{"name":"wp","href":"https:\/\/api.w.org\/{rel}","templated":true}]}}