{"id":46409,"date":"2025-12-10T10:05:58","date_gmt":"2025-12-10T08:05:58","guid":{"rendered":"https:\/\/baubauwall.com\/?post_type=product&#038;p=46409"},"modified":"2025-12-10T10:22:45","modified_gmt":"2025-12-10T08:22:45","slug":"lastetoa-pilttapeet-rebaste-kuningriik-roosa","status":"publish","type":"product","link":"https:\/\/baubauwall.com\/et\/toode\/lastetoa-pilttapeet-rebaste-kuningriik-roosa\/","title":{"rendered":"Rebaste kuningriik &#8211; roosa"},"content":{"rendered":"<p data-start=\"60\" data-end=\"380\">Kui tahad lastetoa seinale midagi, mis on korraga rahulik ja natuke muinasjutuline, siis see rebastega tapeet teeb selle t\u00f6\u00f6 \u00e4ra. Pehme puudriroosa taust, puude oksad ja k\u00e4sitsi maalitud metsategelased \u2013 rebane, j\u00e4nes ning lendavad \u00f6\u00f6kullid \u2013 loovad toa, kus on lihtne nii m\u00e4ngida kui \u00f5htul unne suikuda. Pilttapeedil on \u00f5rn ja soe v\u00e4rvigamma: roosakas \u201cdusty pink\u201d, pruunid ja kreemikad toonid \u2013 sobivad ilusti heleda puidu, valge ja bee\u017ei tekstiilidega. Kui kardad, et roosa on \u201cliialt\u201d: hoia \u00fclej\u00e4\u00e4nud toa sisutus neutraalne ja lase rebastel olla fookus.<\/p>\n<p><strong>Miks see roosa rebastega tapeet v\u00f5iks Sulle meeldida?<\/strong><\/p>\n<ul>\n<li>Tapeet Eesti ettev\u00f5ttelt<\/li>\n<li>Tr\u00fckime tapeedi t\u00e4pselt Sinu seina m\u00f5\u00f5dus<\/li>\n<li>Premium, matt fliistapeedi materjal, 100% taaskasutatud kiust<\/li>\n<li>M\u00fcrgivabad tr\u00fckiv\u00e4rvid,\u00a0<em>Greenguard<\/em>\u00a0sertifitseeritud<\/li>\n<li>Keskkonnas\u00f5bralik, j\u00e4\u00e4tmevaba tapeetimine<\/li>\n<li>Kaasa tasuta tapeediliim<\/li>\n<li>Tasuta transport ja kiire tarne 5 t\u00f6\u00f6p\u00e4evaga<\/li>\n<\/ul>\n<p data-start=\"536\" data-end=\"769\">Loe l\u00e4hemalt nutikatest, eritellimust\u00f6\u00f6na valmivatest tapeetidest\u00a0<a href=\"https:\/\/baubauwall.com\/et\/keskkonnasobralikud-tapeedid\/\">siit.<\/a><\/p>\n","protected":false},"excerpt":{"rendered":"<p>Kui tahad lastetoa seinale midagi, mis on korraga rahulik ja natuke muinasjutuline, siis see rebastega tapeet teeb selle t\u00f6\u00f6 \u00e4ra. Pehme puudriroosa taust, puude oksad ja k\u00e4sitsi maalitud metsategelased \u2013 rebane, j\u00e4nes ning lendavad \u00f6\u00f6kullid \u2013 loovad toa, kus on lihtne nii m\u00e4ngida kui \u00f5htul unne suikuda. Pilttapeedil on \u00f5rn ja soe v\u00e4rvigamma: roosakas \u201cdusty [&hellip;]<\/p>\n","protected":false},"featured_media":46417,"comment_status":"open","ping_status":"closed","template":"","meta":{"_acf_changed":false,"inline_featured_image":false},"product_brand":[],"product_cat":[629,387,395,396,388,276,278,400,254,255],"product_tag":[631,345,324],"class_list":{"0":"post-46409","1":"product","2":"type-product","3":"status-publish","4":"has-post-thumbnail","6":"product_cat-kikki-belle-tapeedid","7":"product_cat-pilttapeedid","8":"product_cat-romantiline","9":"product_cat-skandinaavia","10":"product_cat-vintage-et","11":"product_cat-pastelsed-tapeedid","12":"product_cat-roosad-tapeedid","13":"product_cat-lastetoa-tapeedid","14":"product_cat-loodus","15":"product_cat-loomad","16":"product_tag-kikki-belle-et","17":"product_tag-pilttapeet","18":"product_tag-tudruku-tuba","20":"first","21":"instock","22":"taxable","23":"shipping-taxable","24":"purchasable","25":"product-type-simple"},"acf":[],"yoast_head":"<!-- This site is optimized with the Yoast SEO plugin v25.9 - https:\/\/yoast.com\/wordpress\/plugins\/seo\/ -->\n<title>Rebastega tapeet | Lastetoa sisustamine - tapeediga on see lihtne<\/title>\n<meta name=\"description\" content=\"Lastetoa sisustamine tapeedi v\u00f5luv\u00e4ega. Rebastega pilttapeet roosal taustal. Romantiline ja lihtsal timeilus disain ajatu stiiliga lastetuppa.\" \/>\n<meta name=\"robots\" content=\"index, follow, max-snippet:-1, max-image-preview:large, max-video-preview:-1\" \/>\n<link rel=\"canonical\" href=\"https:\/\/baubauwall.com\/et\/toode\/lastetoa-pilttapeet-rebaste-kuningriik-roosa\/\" \/>\n<meta property=\"og:locale\" content=\"et_EE\" \/>\n<meta property=\"og:type\" content=\"article\" \/>\n<meta property=\"og:title\" content=\"BAUBAUWALL TAPEEDID\" \/>\n<meta property=\"og:description\" content=\"Lastetoa sisustamine tapeedi v\u00f5luv\u00e4ega. Rebastega pilttapeet roosal taustal. Romantiline ja lihtsal timeilus disain ajatu stiiliga lastetuppa.\" \/>\n<meta property=\"og:url\" content=\"https:\/\/baubauwall.com\/et\/toode\/lastetoa-pilttapeet-rebaste-kuningriik-roosa\/\" \/>\n<meta property=\"og:site_name\" content=\"BAUBAUWALL TAPEEDID\" \/>\n<meta property=\"article:publisher\" content=\"https:\/\/www.facebook.com\/Baubauwall\" \/>\n<meta property=\"article:modified_time\" content=\"2025-12-10T08:22:45+00:00\" \/>\n<meta property=\"og:image\" content=\"https:\/\/baubauwall.com\/wp-content\/uploads\/2025\/12\/Mural_Wallpaper_Dorest-of-Playful_Foxes_Pink_Baubauwall_kids_room_51200323-2.jpg\" \/>\n\t<meta property=\"og:image:width\" content=\"2240\" \/>\n\t<meta property=\"og:image:height\" content=\"1600\" \/>\n\t<meta property=\"og:image:type\" content=\"image\/jpeg\" \/>\n<meta name=\"twitter:card\" content=\"summary_large_image\" \/>\n<meta name=\"twitter:label1\" content=\"Est. reading time\" \/>\n\t<meta name=\"twitter:data1\" content=\"1 minut\" \/>\n<script type=\"application\/ld+json\" class=\"yoast-schema-graph\">{\"@context\":\"https:\/\/schema.org\",\"@graph\":[{\"@type\":\"WebPage\",\"@id\":\"https:\/\/baubauwall.com\/et\/toode\/lastetoa-pilttapeet-rebaste-kuningriik-roosa\/\",\"url\":\"https:\/\/baubauwall.com\/et\/toode\/lastetoa-pilttapeet-rebaste-kuningriik-roosa\/\",\"name\":\"Rebastega tapeet | Lastetoa sisustamine - tapeediga on see lihtne\",\"isPartOf\":{\"@id\":\"https:\/\/baubauwall.com\/et\/#website\"},\"primaryImageOfPage\":{\"@id\":\"https:\/\/baubauwall.com\/et\/toode\/lastetoa-pilttapeet-rebaste-kuningriik-roosa\/#primaryimage\"},\"image\":{\"@id\":\"https:\/\/baubauwall.com\/et\/toode\/lastetoa-pilttapeet-rebaste-kuningriik-roosa\/#primaryimage\"},\"thumbnailUrl\":\"https:\/\/baubauwall.com\/wp-content\/uploads\/2025\/12\/Mural_Wallpaper_Dorest-of-Playful_Foxes_Pink_Baubauwall_kids_room_51200323-4.jpg\",\"datePublished\":\"2025-12-10T08:05:58+00:00\",\"dateModified\":\"2025-12-10T08:22:45+00:00\",\"description\":\"Lastetoa sisustamine tapeedi v\u00f5luv\u00e4ega. Rebastega pilttapeet roosal taustal. Romantiline ja lihtsal timeilus disain ajatu stiiliga lastetuppa.\",\"breadcrumb\":{\"@id\":\"https:\/\/baubauwall.com\/et\/toode\/lastetoa-pilttapeet-rebaste-kuningriik-roosa\/#breadcrumb\"},\"inLanguage\":\"et\",\"potentialAction\":[{\"@type\":\"ReadAction\",\"target\":[\"https:\/\/baubauwall.com\/et\/toode\/lastetoa-pilttapeet-rebaste-kuningriik-roosa\/\"]}]},{\"@type\":\"ImageObject\",\"inLanguage\":\"et\",\"@id\":\"https:\/\/baubauwall.com\/et\/toode\/lastetoa-pilttapeet-rebaste-kuningriik-roosa\/#primaryimage\",\"url\":\"https:\/\/baubauwall.com\/wp-content\/uploads\/2025\/12\/Mural_Wallpaper_Dorest-of-Playful_Foxes_Pink_Baubauwall_kids_room_51200323-4.jpg\",\"contentUrl\":\"https:\/\/baubauwall.com\/wp-content\/uploads\/2025\/12\/Mural_Wallpaper_Dorest-of-Playful_Foxes_Pink_Baubauwall_kids_room_51200323-4.jpg\",\"width\":2240,\"height\":1600,\"caption\":\"Roosa tapeet v\u00e4ikese t\u00fcdruku tuppa. Lastetoa pilttapeet rebastega metsas. Bauabuwall tapeedid\"},{\"@type\":\"BreadcrumbList\",\"@id\":\"https:\/\/baubauwall.com\/et\/toode\/lastetoa-pilttapeet-rebaste-kuningriik-roosa\/#breadcrumb\",\"itemListElement\":[{\"@type\":\"ListItem\",\"position\":1,\"name\":\"Koju\",\"item\":\"https:\/\/baubauwall.com\/et\/\"},{\"@type\":\"ListItem\",\"position\":2,\"name\":\"Tapeedid\",\"item\":\"https:\/\/baubauwall.com\/et\/tapeedid\/\"},{\"@type\":\"ListItem\",\"position\":3,\"name\":\"Rebaste kuningriik &#8211; roosa\"}]},{\"@type\":\"WebSite\",\"@id\":\"https:\/\/baubauwall.com\/et\/#website\",\"url\":\"https:\/\/baubauwall.com\/et\/\",\"name\":\"BAUBAUWALL Wallpapers\",\"description\":\"Valmis paanides tapeet Eestist!\",\"publisher\":{\"@id\":\"https:\/\/baubauwall.com\/et\/#organization\"},\"potentialAction\":[{\"@type\":\"SearchAction\",\"target\":{\"@type\":\"EntryPoint\",\"urlTemplate\":\"https:\/\/baubauwall.com\/et\/?s={search_term_string}\"},\"query-input\":{\"@type\":\"PropertyValueSpecification\",\"valueRequired\":true,\"valueName\":\"search_term_string\"}}],\"inLanguage\":\"et\"},{\"@type\":\"Organization\",\"@id\":\"https:\/\/baubauwall.com\/et\/#organization\",\"name\":\"BAUBAUWALL Wallpapers\",\"url\":\"https:\/\/baubauwall.com\/et\/\",\"logo\":{\"@type\":\"ImageObject\",\"inLanguage\":\"et\",\"@id\":\"https:\/\/baubauwall.com\/et\/#\/schema\/logo\/image\/\",\"url\":\"https:\/\/baubauwall.com\/wp-content\/uploads\/2022\/03\/logo-horizontal.svg\",\"contentUrl\":\"https:\/\/baubauwall.com\/wp-content\/uploads\/2022\/03\/logo-horizontal.svg\",\"width\":\"1024\",\"height\":\"1024\",\"caption\":\"BAUBAUWALL Wallpapers\"},\"image\":{\"@id\":\"https:\/\/baubauwall.com\/et\/#\/schema\/logo\/image\/\"},\"sameAs\":[\"https:\/\/www.facebook.com\/Baubauwall\",\"https:\/\/www.instagram.com\/baubauwall\"]}]}<\/script>\n<!-- \/ Yoast SEO plugin. -->","yoast_head_json":{"title":"Rebastega tapeet | Lastetoa sisustamine - tapeediga on see lihtne","description":"Lastetoa sisustamine tapeedi v\u00f5luv\u00e4ega. Rebastega pilttapeet roosal taustal. Romantiline ja lihtsal timeilus disain ajatu stiiliga lastetuppa.","robots":{"index":"index","follow":"follow","max-snippet":"max-snippet:-1","max-image-preview":"max-image-preview:large","max-video-preview":"max-video-preview:-1"},"canonical":"https:\/\/baubauwall.com\/et\/toode\/lastetoa-pilttapeet-rebaste-kuningriik-roosa\/","og_locale":"et_EE","og_type":"article","og_title":"BAUBAUWALL TAPEEDID","og_description":"Lastetoa sisustamine tapeedi v\u00f5luv\u00e4ega. Rebastega pilttapeet roosal taustal. Romantiline ja lihtsal timeilus disain ajatu stiiliga lastetuppa.","og_url":"https:\/\/baubauwall.com\/et\/toode\/lastetoa-pilttapeet-rebaste-kuningriik-roosa\/","og_site_name":"BAUBAUWALL TAPEEDID","article_publisher":"https:\/\/www.facebook.com\/Baubauwall","article_modified_time":"2025-12-10T08:22:45+00:00","og_image":[{"width":2240,"height":1600,"url":"https:\/\/baubauwall.com\/wp-content\/uploads\/2025\/12\/Mural_Wallpaper_Dorest-of-Playful_Foxes_Pink_Baubauwall_kids_room_51200323-2.jpg","type":"image\/jpeg"}],"twitter_card":"summary_large_image","twitter_misc":{"Est. reading time":"1 minut"},"schema":{"@context":"https:\/\/schema.org","@graph":[{"@type":"WebPage","@id":"https:\/\/baubauwall.com\/et\/toode\/lastetoa-pilttapeet-rebaste-kuningriik-roosa\/","url":"https:\/\/baubauwall.com\/et\/toode\/lastetoa-pilttapeet-rebaste-kuningriik-roosa\/","name":"Rebastega tapeet | Lastetoa sisustamine - tapeediga on see lihtne","isPartOf":{"@id":"https:\/\/baubauwall.com\/et\/#website"},"primaryImageOfPage":{"@id":"https:\/\/baubauwall.com\/et\/toode\/lastetoa-pilttapeet-rebaste-kuningriik-roosa\/#primaryimage"},"image":{"@id":"https:\/\/baubauwall.com\/et\/toode\/lastetoa-pilttapeet-rebaste-kuningriik-roosa\/#primaryimage"},"thumbnailUrl":"https:\/\/baubauwall.com\/wp-content\/uploads\/2025\/12\/Mural_Wallpaper_Dorest-of-Playful_Foxes_Pink_Baubauwall_kids_room_51200323-4.jpg","datePublished":"2025-12-10T08:05:58+00:00","dateModified":"2025-12-10T08:22:45+00:00","description":"Lastetoa sisustamine tapeedi v\u00f5luv\u00e4ega. Rebastega pilttapeet roosal taustal. Romantiline ja lihtsal timeilus disain ajatu stiiliga lastetuppa.","breadcrumb":{"@id":"https:\/\/baubauwall.com\/et\/toode\/lastetoa-pilttapeet-rebaste-kuningriik-roosa\/#breadcrumb"},"inLanguage":"et","potentialAction":[{"@type":"ReadAction","target":["https:\/\/baubauwall.com\/et\/toode\/lastetoa-pilttapeet-rebaste-kuningriik-roosa\/"]}]},{"@type":"ImageObject","inLanguage":"et","@id":"https:\/\/baubauwall.com\/et\/toode\/lastetoa-pilttapeet-rebaste-kuningriik-roosa\/#primaryimage","url":"https:\/\/baubauwall.com\/wp-content\/uploads\/2025\/12\/Mural_Wallpaper_Dorest-of-Playful_Foxes_Pink_Baubauwall_kids_room_51200323-4.jpg","contentUrl":"https:\/\/baubauwall.com\/wp-content\/uploads\/2025\/12\/Mural_Wallpaper_Dorest-of-Playful_Foxes_Pink_Baubauwall_kids_room_51200323-4.jpg","width":2240,"height":1600,"caption":"Roosa tapeet v\u00e4ikese t\u00fcdruku tuppa. Lastetoa pilttapeet rebastega metsas. Bauabuwall tapeedid"},{"@type":"BreadcrumbList","@id":"https:\/\/baubauwall.com\/et\/toode\/lastetoa-pilttapeet-rebaste-kuningriik-roosa\/#breadcrumb","itemListElement":[{"@type":"ListItem","position":1,"name":"Koju","item":"https:\/\/baubauwall.com\/et\/"},{"@type":"ListItem","position":2,"name":"Tapeedid","item":"https:\/\/baubauwall.com\/et\/tapeedid\/"},{"@type":"ListItem","position":3,"name":"Rebaste kuningriik &#8211; roosa"}]},{"@type":"WebSite","@id":"https:\/\/baubauwall.com\/et\/#website","url":"https:\/\/baubauwall.com\/et\/","name":"BAUBAUWALL Wallpapers","description":"Valmis paanides tapeet Eestist!","publisher":{"@id":"https:\/\/baubauwall.com\/et\/#organization"},"potentialAction":[{"@type":"SearchAction","target":{"@type":"EntryPoint","urlTemplate":"https:\/\/baubauwall.com\/et\/?s={search_term_string}"},"query-input":{"@type":"PropertyValueSpecification","valueRequired":true,"valueName":"search_term_string"}}],"inLanguage":"et"},{"@type":"Organization","@id":"https:\/\/baubauwall.com\/et\/#organization","name":"BAUBAUWALL Wallpapers","url":"https:\/\/baubauwall.com\/et\/","logo":{"@type":"ImageObject","inLanguage":"et","@id":"https:\/\/baubauwall.com\/et\/#\/schema\/logo\/image\/","url":"https:\/\/baubauwall.com\/wp-content\/uploads\/2022\/03\/logo-horizontal.svg","contentUrl":"https:\/\/baubauwall.com\/wp-content\/uploads\/2022\/03\/logo-horizontal.svg","width":"1024","height":"1024","caption":"BAUBAUWALL Wallpapers"},"image":{"@id":"https:\/\/baubauwall.com\/et\/#\/schema\/logo\/image\/"},"sameAs":["https:\/\/www.facebook.com\/Baubauwall","https:\/\/www.instagram.com\/baubauwall"]}]}},"jetpack_sharing_enabled":true,"_links":{"self":[{"href":"https:\/\/baubauwall.com\/et\/wp-json\/wp\/v2\/product\/46409","targetHints":{"allow":["GET"]}}],"collection":[{"href":"https:\/\/baubauwall.com\/et\/wp-json\/wp\/v2\/product"}],"about":[{"href":"https:\/\/baubauwall.com\/et\/wp-json\/wp\/v2\/types\/product"}],"replies":[{"embeddable":true,"href":"https:\/\/baubauwall.com\/et\/wp-json\/wp\/v2\/comments?post=46409"}],"wp:featuredmedia":[{"embeddable":true,"href":"https:\/\/baubauwall.com\/et\/wp-json\/wp\/v2\/media\/46417"}],"wp:attachment":[{"href":"https:\/\/baubauwall.com\/et\/wp-json\/wp\/v2\/media?parent=46409"}],"wp:term":[{"taxonomy":"product_brand","embeddable":true,"href":"https:\/\/baubauwall.com\/et\/wp-json\/wp\/v2\/product_brand?post=46409"},{"taxonomy":"product_cat","embeddable":true,"href":"https:\/\/baubauwall.com\/et\/wp-json\/wp\/v2\/product_cat?post=46409"},{"taxonomy":"product_tag","embeddable":true,"href":"https:\/\/baubauwall.com\/et\/wp-json\/wp\/v2\/product_tag?post=46409"}],"curies":[{"name":"wp","href":"https:\/\/api.w.org\/{rel}","templated":true}]}}