{"id":46433,"date":"2025-11-15T17:00:23","date_gmt":"2025-11-15T15:00:23","guid":{"rendered":"https:\/\/baubauwall.com\/product\/mural-wallpaper-forest-of-playful-foxes-taupe-brown\/"},"modified":"2025-12-10T11:41:17","modified_gmt":"2025-12-10T09:41:17","slug":"pilttapeet-rebaste-kuningriik-pruun","status":"publish","type":"product","link":"https:\/\/baubauwall.com\/et\/toode\/pilttapeet-rebaste-kuningriik-pruun\/","title":{"rendered":"Rebaste kuningriik &#8211; pruun"},"content":{"rendered":"<p data-start=\"56\" data-end=\"477\">See pruun pilttapeet on loodud interj\u00f6\u00f6ri, mis ootab romantilist, kuid v\u00e4\u00e4rikat seinakatet \u2013 sellist, mis ei s\u00f5ltu trendidest, vaid t\u00f6\u00f6tab igal hooajal ja mitmes stiilis. Pruun taust loob sooja, vaoshoitud fooni ning illustratiivne metsamaailm (rebane, \u00f6\u00f6kullid, j\u00e4nes, siil, \u00f5rnad oksad ja \u00f5ied) m\u00f5jub ajatu seinakunstina. Tulemuseks on rahulik, pehme ja kihiline \u00fcldmulje. Sellises stiilis pruun tapeet v\u00f5iks kaunistada ajaloolist interj\u00f6\u00f6ri, olgu tegu vanalinna korteri v\u00f5i Haapsalu puitmajaga.<\/p>\n<p data-start=\"479\" data-end=\"696\">Pruun v\u00e4rv on teadlik valik: hubane ja samas trendikas neutraal, mis annab toale s\u00fcgavuse ilma liigse kontrastita. See toon sobitub suurep\u00e4raselt naturaalsete materjalidega ning aitab interj\u00f6\u00f6ri tervikuks siduda.<\/p>\n<p><strong>Miks see pruun pilttapeet v\u00f5iks Sulle meeldida?<\/strong><\/p>\n<ul>\n<li>Romantiline, k\u00e4sitsi maalitud tapeet Sknadinaavia stiilis<\/li>\n<li>Eesti ettev\u00f5telt<\/li>\n<li>Tr\u00fckime tapeedi t\u00e4pselt Sinu seina m\u00f5\u00f5dus<\/li>\n<li>Premium, matt fliistapeedi materjal, 100% taaskasutatud kiust<\/li>\n<li>M\u00fcrgivabad tr\u00fckiv\u00e4rvid,\u00a0<em>Greenguard<\/em>\u00a0sertifitseeritud<\/li>\n<li>Keskkonnas\u00f5bralik, j\u00e4\u00e4tmevaba tapeetimine<\/li>\n<li>Kaasa tasuta tapeediliim<\/li>\n<li>Tasuta transport ja kiire tarne 3-5 t\u00f6\u00f6p\u00e4evaga<\/li>\n<\/ul>\n<p>Loe l\u00e4hemalt nutikatest, eritellimust\u00f6\u00f6na valmivatest tapeetidest\u00a0<a href=\"https:\/\/baubauwall.com\/et\/keskkonnasobralikud-tapeedid\/\">siit.<\/a><\/p>\n","protected":false},"excerpt":{"rendered":"<p>See pruun pilttapeet on loodud interj\u00f6\u00f6ri, mis ootab romantilist, kuid v\u00e4\u00e4rikat seinakatet \u2013 sellist, mis ei s\u00f5ltu trendidest, vaid t\u00f6\u00f6tab igal hooajal ja mitmes stiilis. Pruun taust loob sooja, vaoshoitud fooni ning illustratiivne metsamaailm (rebane, \u00f6\u00f6kullid, j\u00e4nes, siil, \u00f5rnad oksad ja \u00f5ied) m\u00f5jub ajatu seinakunstina. Tulemuseks on rahulik, pehme ja kihiline \u00fcldmulje. Sellises stiilis pruun [&hellip;]<\/p>\n","protected":false},"featured_media":46440,"comment_status":"open","ping_status":"closed","template":"","meta":{"_acf_changed":false,"inline_featured_image":false},"product_brand":[],"product_cat":[629,650,387,388,269,270,752,413,400,415,416,248,254,255],"product_tag":[631,345,308],"class_list":{"0":"post-46433","1":"product","2":"type-product","3":"status-publish","4":"has-post-thumbnail","6":"product_cat-kikki-belle-tapeedid","7":"product_cat-sir-edward-pilttapeedid","8":"product_cat-pilttapeedid","9":"product_cat-vintage-et","10":"product_cat-pruunid-tapeedid","11":"product_cat-tumedad-tapeedid","12":"product_cat-avalik-ruum","13":"product_cat-magamistoa-tapeedid","14":"product_cat-lastetoa-tapeedid","15":"product_cat-kulalistetoa-tapeedid","16":"product_cat-esiku-tapeedid","17":"product_cat-mets","18":"product_cat-loodus","19":"product_cat-loomad","20":"product_tag-kikki-belle-et","21":"product_tag-pilttapeet","22":"product_tag-poiste-tuba","24":"first","25":"instock","26":"taxable","27":"shipping-taxable","28":"purchasable","29":"product-type-simple"},"acf":[],"yoast_head":"<!-- This site is optimized with the Yoast SEO plugin v25.9 - https:\/\/yoast.com\/wordpress\/plugins\/seo\/ -->\n<title>Pruun pilttapeet | Rebaste kuningriik - pruun - BAUBAUWALL TAPEEDID<\/title>\n<meta name=\"description\" content=\"Pruun pilttapeet rebaste ja teiste metsaelanikega. K\u00e4sitsi maalitud tapeet, mis sobib ajatusse ja romantilisse interj\u00f6\u00f6ri. Sinu seina m\u00f5\u00f5tu fliistapeet\" \/>\n<meta name=\"robots\" content=\"index, follow, max-snippet:-1, max-image-preview:large, max-video-preview:-1\" \/>\n<link rel=\"canonical\" href=\"https:\/\/baubauwall.com\/et\/toode\/pilttapeet-rebaste-kuningriik-pruun\/\" \/>\n<meta property=\"og:locale\" content=\"et_EE\" \/>\n<meta property=\"og:type\" content=\"article\" \/>\n<meta property=\"og:title\" content=\"BAUBAUWALL TAPEEDID\" \/>\n<meta property=\"og:description\" content=\"Pruun pilttapeet rebaste ja teiste metsaelanikega. K\u00e4sitsi maalitud tapeet, mis sobib ajatusse ja romantilisse interj\u00f6\u00f6ri. Sinu seina m\u00f5\u00f5tu fliistapeet\" \/>\n<meta property=\"og:url\" content=\"https:\/\/baubauwall.com\/et\/toode\/pilttapeet-rebaste-kuningriik-pruun\/\" \/>\n<meta property=\"og:site_name\" content=\"BAUBAUWALL TAPEEDID\" \/>\n<meta property=\"article:publisher\" content=\"https:\/\/www.facebook.com\/Baubauwall\" \/>\n<meta property=\"article:modified_time\" content=\"2025-12-10T09:41:17+00:00\" \/>\n<meta property=\"og:image\" content=\"https:\/\/baubauwall.com\/wp-content\/uploads\/2022\/11\/Mural_Wallpaper_Forest-of-Playful_Foxes_Baubauwall_Murals_room_51200324.jpg-4.jpg\" \/>\n\t<meta property=\"og:image:width\" content=\"2400\" \/>\n\t<meta property=\"og:image:height\" content=\"1600\" \/>\n\t<meta property=\"og:image:type\" content=\"image\/jpeg\" \/>\n<meta name=\"twitter:card\" content=\"summary_large_image\" \/>\n<meta name=\"twitter:label1\" content=\"Est. reading time\" \/>\n\t<meta name=\"twitter:data1\" content=\"1 minut\" \/>\n<script type=\"application\/ld+json\" class=\"yoast-schema-graph\">{\"@context\":\"https:\/\/schema.org\",\"@graph\":[{\"@type\":\"WebPage\",\"@id\":\"https:\/\/baubauwall.com\/et\/toode\/pilttapeet-rebaste-kuningriik-pruun\/\",\"url\":\"https:\/\/baubauwall.com\/et\/toode\/pilttapeet-rebaste-kuningriik-pruun\/\",\"name\":\"Pruun pilttapeet | Rebaste kuningriik - pruun - BAUBAUWALL TAPEEDID\",\"isPartOf\":{\"@id\":\"https:\/\/baubauwall.com\/et\/#website\"},\"primaryImageOfPage\":{\"@id\":\"https:\/\/baubauwall.com\/et\/toode\/pilttapeet-rebaste-kuningriik-pruun\/#primaryimage\"},\"image\":{\"@id\":\"https:\/\/baubauwall.com\/et\/toode\/pilttapeet-rebaste-kuningriik-pruun\/#primaryimage\"},\"thumbnailUrl\":\"https:\/\/baubauwall.com\/wp-content\/uploads\/2022\/11\/Mural_Wallpaper_Forest-of-Playful_Foxes_Baubauwall_Murals_room_51200324.jpg-1.jpg\",\"datePublished\":\"2025-11-15T15:00:23+00:00\",\"dateModified\":\"2025-12-10T09:41:17+00:00\",\"description\":\"Pruun pilttapeet rebaste ja teiste metsaelanikega. K\u00e4sitsi maalitud tapeet, mis sobib ajatusse ja romantilisse interj\u00f6\u00f6ri. Sinu seina m\u00f5\u00f5tu fliistapeet\",\"breadcrumb\":{\"@id\":\"https:\/\/baubauwall.com\/et\/toode\/pilttapeet-rebaste-kuningriik-pruun\/#breadcrumb\"},\"inLanguage\":\"et\",\"potentialAction\":[{\"@type\":\"ReadAction\",\"target\":[\"https:\/\/baubauwall.com\/et\/toode\/pilttapeet-rebaste-kuningriik-pruun\/\"]}]},{\"@type\":\"ImageObject\",\"inLanguage\":\"et\",\"@id\":\"https:\/\/baubauwall.com\/et\/toode\/pilttapeet-rebaste-kuningriik-pruun\/#primaryimage\",\"url\":\"https:\/\/baubauwall.com\/wp-content\/uploads\/2022\/11\/Mural_Wallpaper_Forest-of-Playful_Foxes_Baubauwall_Murals_room_51200324.jpg-1.jpg\",\"contentUrl\":\"https:\/\/baubauwall.com\/wp-content\/uploads\/2022\/11\/Mural_Wallpaper_Forest-of-Playful_Foxes_Baubauwall_Murals_room_51200324.jpg-1.jpg\",\"width\":2400,\"height\":1600,\"caption\":\"Pruun tapeet vintage stiilis, rebaste ja teiste metsloomadega. Baubauwall tapeedid\"},{\"@type\":\"BreadcrumbList\",\"@id\":\"https:\/\/baubauwall.com\/et\/toode\/pilttapeet-rebaste-kuningriik-pruun\/#breadcrumb\",\"itemListElement\":[{\"@type\":\"ListItem\",\"position\":1,\"name\":\"Koju\",\"item\":\"https:\/\/baubauwall.com\/et\/\"},{\"@type\":\"ListItem\",\"position\":2,\"name\":\"Tapeedid\",\"item\":\"https:\/\/baubauwall.com\/et\/tapeedid\/\"},{\"@type\":\"ListItem\",\"position\":3,\"name\":\"Rebaste kuningriik &#8211; pruun\"}]},{\"@type\":\"WebSite\",\"@id\":\"https:\/\/baubauwall.com\/et\/#website\",\"url\":\"https:\/\/baubauwall.com\/et\/\",\"name\":\"BAUBAUWALL Wallpapers\",\"description\":\"Valmis paanides tapeet Eestist!\",\"publisher\":{\"@id\":\"https:\/\/baubauwall.com\/et\/#organization\"},\"potentialAction\":[{\"@type\":\"SearchAction\",\"target\":{\"@type\":\"EntryPoint\",\"urlTemplate\":\"https:\/\/baubauwall.com\/et\/?s={search_term_string}\"},\"query-input\":{\"@type\":\"PropertyValueSpecification\",\"valueRequired\":true,\"valueName\":\"search_term_string\"}}],\"inLanguage\":\"et\"},{\"@type\":\"Organization\",\"@id\":\"https:\/\/baubauwall.com\/et\/#organization\",\"name\":\"BAUBAUWALL Wallpapers\",\"url\":\"https:\/\/baubauwall.com\/et\/\",\"logo\":{\"@type\":\"ImageObject\",\"inLanguage\":\"et\",\"@id\":\"https:\/\/baubauwall.com\/et\/#\/schema\/logo\/image\/\",\"url\":\"https:\/\/baubauwall.com\/wp-content\/uploads\/2022\/03\/logo-horizontal.svg\",\"contentUrl\":\"https:\/\/baubauwall.com\/wp-content\/uploads\/2022\/03\/logo-horizontal.svg\",\"width\":\"1024\",\"height\":\"1024\",\"caption\":\"BAUBAUWALL Wallpapers\"},\"image\":{\"@id\":\"https:\/\/baubauwall.com\/et\/#\/schema\/logo\/image\/\"},\"sameAs\":[\"https:\/\/www.facebook.com\/Baubauwall\",\"https:\/\/www.instagram.com\/baubauwall\"]}]}<\/script>\n<!-- \/ Yoast SEO plugin. -->","yoast_head_json":{"title":"Pruun pilttapeet | Rebaste kuningriik - pruun - BAUBAUWALL TAPEEDID","description":"Pruun pilttapeet rebaste ja teiste metsaelanikega. K\u00e4sitsi maalitud tapeet, mis sobib ajatusse ja romantilisse interj\u00f6\u00f6ri. Sinu seina m\u00f5\u00f5tu fliistapeet","robots":{"index":"index","follow":"follow","max-snippet":"max-snippet:-1","max-image-preview":"max-image-preview:large","max-video-preview":"max-video-preview:-1"},"canonical":"https:\/\/baubauwall.com\/et\/toode\/pilttapeet-rebaste-kuningriik-pruun\/","og_locale":"et_EE","og_type":"article","og_title":"BAUBAUWALL TAPEEDID","og_description":"Pruun pilttapeet rebaste ja teiste metsaelanikega. K\u00e4sitsi maalitud tapeet, mis sobib ajatusse ja romantilisse interj\u00f6\u00f6ri. Sinu seina m\u00f5\u00f5tu fliistapeet","og_url":"https:\/\/baubauwall.com\/et\/toode\/pilttapeet-rebaste-kuningriik-pruun\/","og_site_name":"BAUBAUWALL TAPEEDID","article_publisher":"https:\/\/www.facebook.com\/Baubauwall","article_modified_time":"2025-12-10T09:41:17+00:00","og_image":[{"width":2400,"height":1600,"url":"https:\/\/baubauwall.com\/wp-content\/uploads\/2022\/11\/Mural_Wallpaper_Forest-of-Playful_Foxes_Baubauwall_Murals_room_51200324.jpg-4.jpg","type":"image\/jpeg"}],"twitter_card":"summary_large_image","twitter_misc":{"Est. reading time":"1 minut"},"schema":{"@context":"https:\/\/schema.org","@graph":[{"@type":"WebPage","@id":"https:\/\/baubauwall.com\/et\/toode\/pilttapeet-rebaste-kuningriik-pruun\/","url":"https:\/\/baubauwall.com\/et\/toode\/pilttapeet-rebaste-kuningriik-pruun\/","name":"Pruun pilttapeet | Rebaste kuningriik - pruun - BAUBAUWALL TAPEEDID","isPartOf":{"@id":"https:\/\/baubauwall.com\/et\/#website"},"primaryImageOfPage":{"@id":"https:\/\/baubauwall.com\/et\/toode\/pilttapeet-rebaste-kuningriik-pruun\/#primaryimage"},"image":{"@id":"https:\/\/baubauwall.com\/et\/toode\/pilttapeet-rebaste-kuningriik-pruun\/#primaryimage"},"thumbnailUrl":"https:\/\/baubauwall.com\/wp-content\/uploads\/2022\/11\/Mural_Wallpaper_Forest-of-Playful_Foxes_Baubauwall_Murals_room_51200324.jpg-1.jpg","datePublished":"2025-11-15T15:00:23+00:00","dateModified":"2025-12-10T09:41:17+00:00","description":"Pruun pilttapeet rebaste ja teiste metsaelanikega. K\u00e4sitsi maalitud tapeet, mis sobib ajatusse ja romantilisse interj\u00f6\u00f6ri. Sinu seina m\u00f5\u00f5tu fliistapeet","breadcrumb":{"@id":"https:\/\/baubauwall.com\/et\/toode\/pilttapeet-rebaste-kuningriik-pruun\/#breadcrumb"},"inLanguage":"et","potentialAction":[{"@type":"ReadAction","target":["https:\/\/baubauwall.com\/et\/toode\/pilttapeet-rebaste-kuningriik-pruun\/"]}]},{"@type":"ImageObject","inLanguage":"et","@id":"https:\/\/baubauwall.com\/et\/toode\/pilttapeet-rebaste-kuningriik-pruun\/#primaryimage","url":"https:\/\/baubauwall.com\/wp-content\/uploads\/2022\/11\/Mural_Wallpaper_Forest-of-Playful_Foxes_Baubauwall_Murals_room_51200324.jpg-1.jpg","contentUrl":"https:\/\/baubauwall.com\/wp-content\/uploads\/2022\/11\/Mural_Wallpaper_Forest-of-Playful_Foxes_Baubauwall_Murals_room_51200324.jpg-1.jpg","width":2400,"height":1600,"caption":"Pruun tapeet vintage stiilis, rebaste ja teiste metsloomadega. Baubauwall tapeedid"},{"@type":"BreadcrumbList","@id":"https:\/\/baubauwall.com\/et\/toode\/pilttapeet-rebaste-kuningriik-pruun\/#breadcrumb","itemListElement":[{"@type":"ListItem","position":1,"name":"Koju","item":"https:\/\/baubauwall.com\/et\/"},{"@type":"ListItem","position":2,"name":"Tapeedid","item":"https:\/\/baubauwall.com\/et\/tapeedid\/"},{"@type":"ListItem","position":3,"name":"Rebaste kuningriik &#8211; pruun"}]},{"@type":"WebSite","@id":"https:\/\/baubauwall.com\/et\/#website","url":"https:\/\/baubauwall.com\/et\/","name":"BAUBAUWALL Wallpapers","description":"Valmis paanides tapeet Eestist!","publisher":{"@id":"https:\/\/baubauwall.com\/et\/#organization"},"potentialAction":[{"@type":"SearchAction","target":{"@type":"EntryPoint","urlTemplate":"https:\/\/baubauwall.com\/et\/?s={search_term_string}"},"query-input":{"@type":"PropertyValueSpecification","valueRequired":true,"valueName":"search_term_string"}}],"inLanguage":"et"},{"@type":"Organization","@id":"https:\/\/baubauwall.com\/et\/#organization","name":"BAUBAUWALL Wallpapers","url":"https:\/\/baubauwall.com\/et\/","logo":{"@type":"ImageObject","inLanguage":"et","@id":"https:\/\/baubauwall.com\/et\/#\/schema\/logo\/image\/","url":"https:\/\/baubauwall.com\/wp-content\/uploads\/2022\/03\/logo-horizontal.svg","contentUrl":"https:\/\/baubauwall.com\/wp-content\/uploads\/2022\/03\/logo-horizontal.svg","width":"1024","height":"1024","caption":"BAUBAUWALL Wallpapers"},"image":{"@id":"https:\/\/baubauwall.com\/et\/#\/schema\/logo\/image\/"},"sameAs":["https:\/\/www.facebook.com\/Baubauwall","https:\/\/www.instagram.com\/baubauwall"]}]}},"jetpack_sharing_enabled":true,"_links":{"self":[{"href":"https:\/\/baubauwall.com\/et\/wp-json\/wp\/v2\/product\/46433","targetHints":{"allow":["GET"]}}],"collection":[{"href":"https:\/\/baubauwall.com\/et\/wp-json\/wp\/v2\/product"}],"about":[{"href":"https:\/\/baubauwall.com\/et\/wp-json\/wp\/v2\/types\/product"}],"replies":[{"embeddable":true,"href":"https:\/\/baubauwall.com\/et\/wp-json\/wp\/v2\/comments?post=46433"}],"wp:featuredmedia":[{"embeddable":true,"href":"https:\/\/baubauwall.com\/et\/wp-json\/wp\/v2\/media\/46440"}],"wp:attachment":[{"href":"https:\/\/baubauwall.com\/et\/wp-json\/wp\/v2\/media?parent=46433"}],"wp:term":[{"taxonomy":"product_brand","embeddable":true,"href":"https:\/\/baubauwall.com\/et\/wp-json\/wp\/v2\/product_brand?post=46433"},{"taxonomy":"product_cat","embeddable":true,"href":"https:\/\/baubauwall.com\/et\/wp-json\/wp\/v2\/product_cat?post=46433"},{"taxonomy":"product_tag","embeddable":true,"href":"https:\/\/baubauwall.com\/et\/wp-json\/wp\/v2\/product_tag?post=46433"}],"curies":[{"name":"wp","href":"https:\/\/api.w.org\/{rel}","templated":true}]}}