{"id":46784,"date":"2026-02-12T13:42:50","date_gmt":"2026-02-12T11:42:50","guid":{"rendered":"https:\/\/baubauwall.com\/?post_type=product&#038;p=46784"},"modified":"2026-02-12T14:00:57","modified_gmt":"2026-02-12T12:00:57","slug":"pilttapeet-ombre-paikeseline-vikerkaar","status":"publish","type":"product","link":"https:\/\/baubauwall.com\/et\/toode\/pilttapeet-ombre-paikeseline-vikerkaar\/","title":{"rendered":"Ombre &#8211; p\u00e4ikeseline vikerkaar"},"content":{"rendered":"<p>Moodne\u00a0<em>ombre\u00a0<\/em>stiilis, kirgas pilttapeedi disain, mis sobib ilmestama eriti h\u00e4sti lastetoa seina. M\u00fcndirohelise, roosa ja sinaka v\u00e4rvide <em>gradient\u00a0<\/em>efekt on lihtne viis tuua v\u00e4rvi oma sisekujundusesse. Pilttapeet, mis lihtsalt m\u00e4ngib vikerkaare v\u00e4rvidega, on hea lahendus lastetoa seinale v\u00f5i hoopis enda magamistuppa. Siia juurde on h\u00f5lbus sobitada muud m\u00f6\u00f6blit, ilma, et kogumulje m\u00f5juks koormavalt.<\/p>\n<p>Nagu k\u00f5ik meie tapeedid, fototapeedid ja pilttapeedid, on ka see disain tr\u00fckitud hingavale, keskkonnas\u00f5bralike v\u00e4rvidega fliistapeedi materjalile. Loe lisaks j\u00e4\u00e4tmevabast ja innovaatilisest\u00a0<a href=\"https:\/\/baubauwall.com\/et\/keskkonnasobralikud-tapeedid\/\" target=\"_blank\" rel=\"noopener\">tapeeditootmisest siin.<\/a><\/p>\n<p>Tahaksid veel teada gradient ehk ombre efektist tapeetidel &#8211;<a href=\"https:\/\/baubauwall.com\/et\/uudised\/ombre-tapeedid-seintele\/\"> loe blogist lugu ja vaata galeriid!<\/a><\/p>\n","protected":false},"excerpt":{"rendered":"<p>Moodne\u00a0ombre\u00a0stiilis, kirgas pilttapeedi disain, mis sobib ilmestama eriti h\u00e4sti lastetoa seina. M\u00fcndirohelise, roosa ja sinaka v\u00e4rvide gradient\u00a0efekt on lihtne viis tuua v\u00e4rvi oma sisekujundusesse. Pilttapeet, mis lihtsalt m\u00e4ngib vikerkaare v\u00e4rvidega, on hea lahendus lastetoa seinale v\u00f5i hoopis enda magamistuppa. Siia juurde on h\u00f5lbus sobitada muud m\u00f6\u00f6blit, ilma, et kogumulje m\u00f5juks koormavalt. Nagu k\u00f5ik meie tapeedid, [&hellip;]<\/p>\n","protected":false},"featured_media":46793,"comment_status":"open","ping_status":"closed","template":"","meta":{"_acf_changed":false,"inline_featured_image":false},"product_brand":[],"product_cat":[387,773,268,271,413,400,402,561],"product_tag":[345,724],"class_list":{"0":"post-46784","1":"product","2":"type-product","3":"status-publish","4":"has-post-thumbnail","6":"product_cat-pilttapeedid","7":"product_cat-ombre-et","8":"product_cat-kirkad-tapeedid","9":"product_cat-rohelised-tapeedid","10":"product_cat-magamistoa-tapeedid","11":"product_cat-lastetoa-tapeedid","12":"product_cat-elutoa-tapeedid","13":"product_cat-suvised-tapeedid","14":"product_tag-pilttapeet","15":"product_tag-sooneutraalsed-varvid-et","17":"first","18":"instock","19":"taxable","20":"shipping-taxable","21":"purchasable","22":"product-type-simple"},"acf":[],"yoast_head":"<!-- This site is optimized with the Yoast SEO plugin v25.9 - https:\/\/yoast.com\/wordpress\/plugins\/seo\/ -->\n<title>Ombre efektiga pilttapeet magmiatuppa v\u00f5i lastetuppa.<\/title>\n<meta name=\"description\" content=\"Ombre ehk gradient stiilis kirgas pilttapeet magamistoa v\u00f5i lastetoa seina. R\u00f5\u00f5mus ja samas lihtne tapeet lastetuppa. Sinu seina m\u00f5\u00f5tu paanides.\" \/>\n<meta name=\"robots\" content=\"index, follow, max-snippet:-1, max-image-preview:large, max-video-preview:-1\" \/>\n<link rel=\"canonical\" href=\"https:\/\/baubauwall.com\/et\/toode\/pilttapeet-ombre-paikeseline-vikerkaar\/\" \/>\n<meta property=\"og:locale\" content=\"et_EE\" \/>\n<meta property=\"og:type\" content=\"article\" \/>\n<meta property=\"og:title\" content=\"Ombre efektiga pilttapeet magmiatuppa v\u00f5i lastetuppa.\" \/>\n<meta property=\"og:description\" content=\"Ombre ehk gradient stiilis kirgas pilttapeet magamistoa v\u00f5i lastetoa seina. R\u00f5\u00f5mus ja samas lihtne tapeet lastetuppa. Sinu seina m\u00f5\u00f5tu paanides.\" \/>\n<meta property=\"og:url\" content=\"https:\/\/baubauwall.com\/et\/toode\/pilttapeet-ombre-paikeseline-vikerkaar\/\" \/>\n<meta property=\"og:site_name\" content=\"BAUBAUWALL TAPEEDID\" \/>\n<meta property=\"article:publisher\" content=\"https:\/\/www.facebook.com\/Baubauwall\" \/>\n<meta property=\"article:modified_time\" content=\"2026-02-12T12:00:57+00:00\" \/>\n<meta property=\"og:image\" content=\"https:\/\/baubauwall.com\/wp-content\/uploads\/2026\/02\/Ombre_tapeet_Sunny_Rainbow_Wallpaper_Baubauwall_51200535-4.jpg\" \/>\n\t<meta property=\"og:image:width\" content=\"2407\" \/>\n\t<meta property=\"og:image:height\" content=\"1600\" \/>\n\t<meta property=\"og:image:type\" content=\"image\/jpeg\" \/>\n<meta name=\"twitter:card\" content=\"summary_large_image\" \/>\n<meta name=\"twitter:label1\" content=\"Est. reading time\" \/>\n\t<meta name=\"twitter:data1\" content=\"1 minut\" \/>\n<script type=\"application\/ld+json\" class=\"yoast-schema-graph\">{\"@context\":\"https:\/\/schema.org\",\"@graph\":[{\"@type\":\"WebPage\",\"@id\":\"https:\/\/baubauwall.com\/et\/toode\/pilttapeet-ombre-paikeseline-vikerkaar\/\",\"url\":\"https:\/\/baubauwall.com\/et\/toode\/pilttapeet-ombre-paikeseline-vikerkaar\/\",\"name\":\"Ombre efektiga pilttapeet magmiatuppa v\u00f5i lastetuppa.\",\"isPartOf\":{\"@id\":\"https:\/\/baubauwall.com\/et\/#website\"},\"primaryImageOfPage\":{\"@id\":\"https:\/\/baubauwall.com\/et\/toode\/pilttapeet-ombre-paikeseline-vikerkaar\/#primaryimage\"},\"image\":{\"@id\":\"https:\/\/baubauwall.com\/et\/toode\/pilttapeet-ombre-paikeseline-vikerkaar\/#primaryimage\"},\"thumbnailUrl\":\"https:\/\/baubauwall.com\/wp-content\/uploads\/2026\/02\/Ombre_tapeet_Sunny_Rainbow_Wallpaper_Baubauwall_51200535-3.jpg\",\"datePublished\":\"2026-02-12T11:42:50+00:00\",\"dateModified\":\"2026-02-12T12:00:57+00:00\",\"description\":\"Ombre ehk gradient stiilis kirgas pilttapeet magamistoa v\u00f5i lastetoa seina. R\u00f5\u00f5mus ja samas lihtne tapeet lastetuppa. Sinu seina m\u00f5\u00f5tu paanides.\",\"breadcrumb\":{\"@id\":\"https:\/\/baubauwall.com\/et\/toode\/pilttapeet-ombre-paikeseline-vikerkaar\/#breadcrumb\"},\"inLanguage\":\"et\",\"potentialAction\":[{\"@type\":\"ReadAction\",\"target\":[\"https:\/\/baubauwall.com\/et\/toode\/pilttapeet-ombre-paikeseline-vikerkaar\/\"]}]},{\"@type\":\"ImageObject\",\"inLanguage\":\"et\",\"@id\":\"https:\/\/baubauwall.com\/et\/toode\/pilttapeet-ombre-paikeseline-vikerkaar\/#primaryimage\",\"url\":\"https:\/\/baubauwall.com\/wp-content\/uploads\/2026\/02\/Ombre_tapeet_Sunny_Rainbow_Wallpaper_Baubauwall_51200535-3.jpg\",\"contentUrl\":\"https:\/\/baubauwall.com\/wp-content\/uploads\/2026\/02\/Ombre_tapeet_Sunny_Rainbow_Wallpaper_Baubauwall_51200535-3.jpg\",\"width\":2400,\"height\":1600,\"caption\":\"Ombre gradient wallpaper set on a bedroom wall by Baubauwall Wallpapers\"},{\"@type\":\"BreadcrumbList\",\"@id\":\"https:\/\/baubauwall.com\/et\/toode\/pilttapeet-ombre-paikeseline-vikerkaar\/#breadcrumb\",\"itemListElement\":[{\"@type\":\"ListItem\",\"position\":1,\"name\":\"Koju\",\"item\":\"https:\/\/baubauwall.com\/et\/\"},{\"@type\":\"ListItem\",\"position\":2,\"name\":\"Tapeedid\",\"item\":\"https:\/\/baubauwall.com\/et\/tapeedid\/\"},{\"@type\":\"ListItem\",\"position\":3,\"name\":\"Ombre &#8211; p\u00e4ikeseline vikerkaar\"}]},{\"@type\":\"WebSite\",\"@id\":\"https:\/\/baubauwall.com\/et\/#website\",\"url\":\"https:\/\/baubauwall.com\/et\/\",\"name\":\"BAUBAUWALL Wallpapers\",\"description\":\"Valmis paanides tapeet Eestist!\",\"publisher\":{\"@id\":\"https:\/\/baubauwall.com\/et\/#organization\"},\"potentialAction\":[{\"@type\":\"SearchAction\",\"target\":{\"@type\":\"EntryPoint\",\"urlTemplate\":\"https:\/\/baubauwall.com\/et\/?s={search_term_string}\"},\"query-input\":{\"@type\":\"PropertyValueSpecification\",\"valueRequired\":true,\"valueName\":\"search_term_string\"}}],\"inLanguage\":\"et\"},{\"@type\":\"Organization\",\"@id\":\"https:\/\/baubauwall.com\/et\/#organization\",\"name\":\"BAUBAUWALL Wallpapers\",\"url\":\"https:\/\/baubauwall.com\/et\/\",\"logo\":{\"@type\":\"ImageObject\",\"inLanguage\":\"et\",\"@id\":\"https:\/\/baubauwall.com\/et\/#\/schema\/logo\/image\/\",\"url\":\"https:\/\/baubauwall.com\/wp-content\/uploads\/2022\/03\/logo-horizontal.svg\",\"contentUrl\":\"https:\/\/baubauwall.com\/wp-content\/uploads\/2022\/03\/logo-horizontal.svg\",\"width\":\"1024\",\"height\":\"1024\",\"caption\":\"BAUBAUWALL Wallpapers\"},\"image\":{\"@id\":\"https:\/\/baubauwall.com\/et\/#\/schema\/logo\/image\/\"},\"sameAs\":[\"https:\/\/www.facebook.com\/Baubauwall\",\"https:\/\/www.instagram.com\/baubauwall\"]}]}<\/script>\n<!-- \/ Yoast SEO plugin. -->","yoast_head_json":{"title":"Ombre efektiga pilttapeet magmiatuppa v\u00f5i lastetuppa.","description":"Ombre ehk gradient stiilis kirgas pilttapeet magamistoa v\u00f5i lastetoa seina. R\u00f5\u00f5mus ja samas lihtne tapeet lastetuppa. Sinu seina m\u00f5\u00f5tu paanides.","robots":{"index":"index","follow":"follow","max-snippet":"max-snippet:-1","max-image-preview":"max-image-preview:large","max-video-preview":"max-video-preview:-1"},"canonical":"https:\/\/baubauwall.com\/et\/toode\/pilttapeet-ombre-paikeseline-vikerkaar\/","og_locale":"et_EE","og_type":"article","og_title":"Ombre efektiga pilttapeet magmiatuppa v\u00f5i lastetuppa.","og_description":"Ombre ehk gradient stiilis kirgas pilttapeet magamistoa v\u00f5i lastetoa seina. R\u00f5\u00f5mus ja samas lihtne tapeet lastetuppa. Sinu seina m\u00f5\u00f5tu paanides.","og_url":"https:\/\/baubauwall.com\/et\/toode\/pilttapeet-ombre-paikeseline-vikerkaar\/","og_site_name":"BAUBAUWALL TAPEEDID","article_publisher":"https:\/\/www.facebook.com\/Baubauwall","article_modified_time":"2026-02-12T12:00:57+00:00","og_image":[{"width":2407,"height":1600,"url":"https:\/\/baubauwall.com\/wp-content\/uploads\/2026\/02\/Ombre_tapeet_Sunny_Rainbow_Wallpaper_Baubauwall_51200535-4.jpg","type":"image\/jpeg"}],"twitter_card":"summary_large_image","twitter_misc":{"Est. reading time":"1 minut"},"schema":{"@context":"https:\/\/schema.org","@graph":[{"@type":"WebPage","@id":"https:\/\/baubauwall.com\/et\/toode\/pilttapeet-ombre-paikeseline-vikerkaar\/","url":"https:\/\/baubauwall.com\/et\/toode\/pilttapeet-ombre-paikeseline-vikerkaar\/","name":"Ombre efektiga pilttapeet magmiatuppa v\u00f5i lastetuppa.","isPartOf":{"@id":"https:\/\/baubauwall.com\/et\/#website"},"primaryImageOfPage":{"@id":"https:\/\/baubauwall.com\/et\/toode\/pilttapeet-ombre-paikeseline-vikerkaar\/#primaryimage"},"image":{"@id":"https:\/\/baubauwall.com\/et\/toode\/pilttapeet-ombre-paikeseline-vikerkaar\/#primaryimage"},"thumbnailUrl":"https:\/\/baubauwall.com\/wp-content\/uploads\/2026\/02\/Ombre_tapeet_Sunny_Rainbow_Wallpaper_Baubauwall_51200535-3.jpg","datePublished":"2026-02-12T11:42:50+00:00","dateModified":"2026-02-12T12:00:57+00:00","description":"Ombre ehk gradient stiilis kirgas pilttapeet magamistoa v\u00f5i lastetoa seina. R\u00f5\u00f5mus ja samas lihtne tapeet lastetuppa. Sinu seina m\u00f5\u00f5tu paanides.","breadcrumb":{"@id":"https:\/\/baubauwall.com\/et\/toode\/pilttapeet-ombre-paikeseline-vikerkaar\/#breadcrumb"},"inLanguage":"et","potentialAction":[{"@type":"ReadAction","target":["https:\/\/baubauwall.com\/et\/toode\/pilttapeet-ombre-paikeseline-vikerkaar\/"]}]},{"@type":"ImageObject","inLanguage":"et","@id":"https:\/\/baubauwall.com\/et\/toode\/pilttapeet-ombre-paikeseline-vikerkaar\/#primaryimage","url":"https:\/\/baubauwall.com\/wp-content\/uploads\/2026\/02\/Ombre_tapeet_Sunny_Rainbow_Wallpaper_Baubauwall_51200535-3.jpg","contentUrl":"https:\/\/baubauwall.com\/wp-content\/uploads\/2026\/02\/Ombre_tapeet_Sunny_Rainbow_Wallpaper_Baubauwall_51200535-3.jpg","width":2400,"height":1600,"caption":"Ombre gradient wallpaper set on a bedroom wall by Baubauwall Wallpapers"},{"@type":"BreadcrumbList","@id":"https:\/\/baubauwall.com\/et\/toode\/pilttapeet-ombre-paikeseline-vikerkaar\/#breadcrumb","itemListElement":[{"@type":"ListItem","position":1,"name":"Koju","item":"https:\/\/baubauwall.com\/et\/"},{"@type":"ListItem","position":2,"name":"Tapeedid","item":"https:\/\/baubauwall.com\/et\/tapeedid\/"},{"@type":"ListItem","position":3,"name":"Ombre &#8211; p\u00e4ikeseline vikerkaar"}]},{"@type":"WebSite","@id":"https:\/\/baubauwall.com\/et\/#website","url":"https:\/\/baubauwall.com\/et\/","name":"BAUBAUWALL Wallpapers","description":"Valmis paanides tapeet Eestist!","publisher":{"@id":"https:\/\/baubauwall.com\/et\/#organization"},"potentialAction":[{"@type":"SearchAction","target":{"@type":"EntryPoint","urlTemplate":"https:\/\/baubauwall.com\/et\/?s={search_term_string}"},"query-input":{"@type":"PropertyValueSpecification","valueRequired":true,"valueName":"search_term_string"}}],"inLanguage":"et"},{"@type":"Organization","@id":"https:\/\/baubauwall.com\/et\/#organization","name":"BAUBAUWALL Wallpapers","url":"https:\/\/baubauwall.com\/et\/","logo":{"@type":"ImageObject","inLanguage":"et","@id":"https:\/\/baubauwall.com\/et\/#\/schema\/logo\/image\/","url":"https:\/\/baubauwall.com\/wp-content\/uploads\/2022\/03\/logo-horizontal.svg","contentUrl":"https:\/\/baubauwall.com\/wp-content\/uploads\/2022\/03\/logo-horizontal.svg","width":"1024","height":"1024","caption":"BAUBAUWALL Wallpapers"},"image":{"@id":"https:\/\/baubauwall.com\/et\/#\/schema\/logo\/image\/"},"sameAs":["https:\/\/www.facebook.com\/Baubauwall","https:\/\/www.instagram.com\/baubauwall"]}]}},"jetpack_sharing_enabled":true,"_links":{"self":[{"href":"https:\/\/baubauwall.com\/et\/wp-json\/wp\/v2\/product\/46784","targetHints":{"allow":["GET"]}}],"collection":[{"href":"https:\/\/baubauwall.com\/et\/wp-json\/wp\/v2\/product"}],"about":[{"href":"https:\/\/baubauwall.com\/et\/wp-json\/wp\/v2\/types\/product"}],"replies":[{"embeddable":true,"href":"https:\/\/baubauwall.com\/et\/wp-json\/wp\/v2\/comments?post=46784"}],"wp:featuredmedia":[{"embeddable":true,"href":"https:\/\/baubauwall.com\/et\/wp-json\/wp\/v2\/media\/46793"}],"wp:attachment":[{"href":"https:\/\/baubauwall.com\/et\/wp-json\/wp\/v2\/media?parent=46784"}],"wp:term":[{"taxonomy":"product_brand","embeddable":true,"href":"https:\/\/baubauwall.com\/et\/wp-json\/wp\/v2\/product_brand?post=46784"},{"taxonomy":"product_cat","embeddable":true,"href":"https:\/\/baubauwall.com\/et\/wp-json\/wp\/v2\/product_cat?post=46784"},{"taxonomy":"product_tag","embeddable":true,"href":"https:\/\/baubauwall.com\/et\/wp-json\/wp\/v2\/product_tag?post=46784"}],"curies":[{"name":"wp","href":"https:\/\/api.w.org\/{rel}","templated":true}]}}