{"id":47054,"date":"2026-03-06T16:17:27","date_gmt":"2026-03-06T14:17:27","guid":{"rendered":"https:\/\/baubauwall.com\/product\/mural-wallpaper-suminagashi-blooms-beige\/"},"modified":"2026-03-11T14:14:16","modified_gmt":"2026-03-11T12:14:16","slug":"pilttapeet-tuuleoied-beez","status":"publish","type":"product","link":"https:\/\/baubauwall.com\/et\/toode\/pilttapeet-tuuleoied-beez\/","title":{"rendered":"Tuule\u00f5ied &#8211; bee\u017e"},"content":{"rendered":"<p>Bee\u017eides toonides tapeet, millel heljuvad tuules Jaapani aia \u00f5ied. Japandi interj\u00f6\u00f6ri alustala on neutraalne v\u00e4rvipalett, ja summutatud toonid. Stiil, mis paneb kokku Skandinaavia vaoshoituse ja Jaapani funktsionaalsuse.\u00a0 Selle pilttapeedi taust disainitud \u00f5rnalt kumava marmoreeringu tehnikaga, lubades langevatel \u00f5itel ja okstel s\u00e4rada. Malbe tapeet, mis m\u00f5jub h\u00e4sti nii avalikus ruumis kui ka koduses milj\u00f6\u00f6s. Sinna, kuhu soovid rahu, hubasust ja vaikust. Ning oma stiili, milles on hea olla.<\/p>\n<p>Hele tapeet sobib eriti h\u00e4sti magamistuppa sinna seina, kus on voodi. Pilttapeedi disaini fookus on \u00fclal, moodustades nii voodip\u00e4isega ilusa terviku. Bee\u017e tapeet on hea valik interj\u00f6\u00f6ri, millele meeldivad loodusl\u00e4hedased toonid, peened detailid ja vaikselt m\u00f5juv ilu.<\/p>\n<p><strong>Miks see pilttapeet v\u00f5iks Sulle meeldida?<\/strong><\/p>\n<ul>\n<li>Eesti disain Eesti ettev\u00f5telt<\/li>\n<li>Tr\u00fckime tapeedi t\u00e4pselt\u00a0<a href=\"https:\/\/baubauwall.com\/et\/kuidas-see-tootab\/\">Sinu seina m\u00f5\u00f5du j\u00e4rgi<\/a><\/li>\n<li>Premium kategooria matt fliistapeet, valmistatud 100% taaskasutatud kiust<\/li>\n<li>M\u00fcrgivabad tr\u00fckiv\u00e4rvid,\u00a0<em>Greenguard<\/em>\u00a0sertifitseeritud<\/li>\n<li>Keskkonnateadlik ja j\u00e4\u00e4tmevaba tellimusp\u00f5hine tootmine<\/li>\n<li>Tapeediliim tuleb alati tasuta kaasa<\/li>\n<li>Tasuta transport ja kiire tarne 5 t\u00f6\u00f6p\u00e4evaga<\/li>\n<\/ul>\n<p data-path-to-node=\"2\"><em>\u201cReverie\u201d on disainer\u00a0<b data-path-to-node=\"2\" data-index-in-node=\"22\">Triinu Silla<\/b>\u00a0loodud tapeedikollektsioon, mis ammutab inspiratsiooni traditsioonilise Jaapani kunsti ja k\u00e4sit\u00f6\u00f6 peenest elegantsist. Nendes disainides kohtuvad tapeetidel p\u00f5lised kunstitehnikad tunnetusliku tasakaalu, peente detailide ja lummavate vaadetega.\u00a0<\/em><em>See on kollektsioon tapeete interj\u00f6\u00f6ridesse, kus v\u00e4\u00e4rtustatakse erilist atmosf\u00e4\u00e4ri, meisterlikkust ja vaoshoitud, vaikset ilu.<\/em><\/p>\n<p><b>\u00a0<\/b><\/p>\n","protected":false},"excerpt":{"rendered":"<p>Bee\u017eides toonides tapeet, millel heljuvad tuules Jaapani aia \u00f5ied. Japandi interj\u00f6\u00f6ri alustala on neutraalne v\u00e4rvipalett, ja summutatud toonid. Stiil, mis paneb kokku Skandinaavia vaoshoituse ja Jaapani funktsionaalsuse.\u00a0 Selle pilttapeedi taust disainitud \u00f5rnalt kumava marmoreeringu tehnikaga, lubades langevatel \u00f5itel ja okstel s\u00e4rada. Malbe tapeet, mis m\u00f5jub h\u00e4sti nii avalikus ruumis kui ka koduses milj\u00f6\u00f6s. Sinna, kuhu [&hellip;]<\/p>\n","protected":false},"featured_media":47060,"comment_status":"open","ping_status":"closed","template":"","meta":{"_acf_changed":false,"inline_featured_image":false},"product_brand":[],"product_cat":[827,387,395,406,391,392,393,265,269,273,752,413,414,402,699,254,260],"product_tag":[334,345,828],"class_list":{"0":"post-47054","1":"product","2":"type-product","3":"status-publish","4":"has-post-thumbnail","6":"product_cat-reverie-japandi-tapeedid","7":"product_cat-pilttapeedid","8":"product_cat-romantiline","9":"product_cat-klassika","10":"product_cat-vahemereline","11":"product_cat-minimalistlik","12":"product_cat-idamaine","13":"product_cat-beezid-tapeedid","14":"product_cat-pruunid-tapeedid","15":"product_cat-heledad-tapeedid","16":"product_cat-avalik-ruum","17":"product_cat-magamistoa-tapeedid","18":"product_cat-soogitoa-tapeedid","19":"product_cat-elutoa-tapeedid","20":"product_cat-eesti-disain-tapeedid","21":"product_cat-loodus","22":"product_cat-lilled","23":"product_tag-japandi-et","24":"product_tag-pilttapeet","25":"product_tag-tapeedid-reverie-jaapani","27":"first","28":"instock","29":"taxable","30":"shipping-taxable","31":"purchasable","32":"product-type-simple"},"acf":[],"yoast_head":"<!-- This site is optimized with the Yoast SEO plugin v25.9 - https:\/\/yoast.com\/wordpress\/plugins\/seo\/ -->\n<title>Hele tapeet magamistuppa | Tuule\u00f5ied - bee\u017e - BAUBAUWALL TAPEEDID<\/title>\n<meta name=\"description\" content=\"Japandi stiilis hele tapeet magamistuppa v\u00f5i mujale. Bee\u017eides toonides, \u00fclalt alla lanegvad k\u00e4stisi malaitud \u00f5ied v\u00f5iks raamida magamistoa seina!\" \/>\n<meta name=\"robots\" content=\"index, follow, max-snippet:-1, max-image-preview:large, max-video-preview:-1\" \/>\n<link rel=\"canonical\" href=\"https:\/\/baubauwall.com\/et\/toode\/pilttapeet-tuuleoied-beez\/\" \/>\n<meta property=\"og:locale\" content=\"et_EE\" \/>\n<meta property=\"og:type\" content=\"article\" \/>\n<meta property=\"og:title\" content=\"BAUBAUWALL TAPEEDID\" \/>\n<meta property=\"og:description\" content=\"Japandi stiilis hele tapeet magamistuppa v\u00f5i mujale. Bee\u017eides toonides, \u00fclalt alla lanegvad k\u00e4stisi malaitud \u00f5ied v\u00f5iks raamida magamistoa seina!\" \/>\n<meta property=\"og:url\" content=\"https:\/\/baubauwall.com\/et\/toode\/pilttapeet-tuuleoied-beez\/\" \/>\n<meta property=\"og:site_name\" content=\"BAUBAUWALL TAPEEDID\" \/>\n<meta property=\"article:publisher\" content=\"https:\/\/www.facebook.com\/Baubauwall\" \/>\n<meta property=\"article:modified_time\" content=\"2026-03-11T12:14:16+00:00\" \/>\n<meta name=\"twitter:card\" content=\"summary_large_image\" \/>\n<meta name=\"twitter:image\" content=\"https:\/\/baubauwall.com\/wp-content\/uploads\/2025\/10\/Beige_Mural_Wallpaper_Tapeet_Sumingashi_Blooms_Baubauwall_51200533-2.jpg\" \/>\n<meta name=\"twitter:label1\" content=\"Est. reading time\" \/>\n\t<meta name=\"twitter:data1\" content=\"2 minutit\" \/>\n<script type=\"application\/ld+json\" class=\"yoast-schema-graph\">{\"@context\":\"https:\/\/schema.org\",\"@graph\":[{\"@type\":\"WebPage\",\"@id\":\"https:\/\/baubauwall.com\/et\/toode\/pilttapeet-tuuleoied-beez\/\",\"url\":\"https:\/\/baubauwall.com\/et\/toode\/pilttapeet-tuuleoied-beez\/\",\"name\":\"Hele tapeet magamistuppa | Tuule\u00f5ied - bee\u017e - BAUBAUWALL TAPEEDID\",\"isPartOf\":{\"@id\":\"https:\/\/baubauwall.com\/et\/#website\"},\"primaryImageOfPage\":{\"@id\":\"https:\/\/baubauwall.com\/et\/toode\/pilttapeet-tuuleoied-beez\/#primaryimage\"},\"image\":{\"@id\":\"https:\/\/baubauwall.com\/et\/toode\/pilttapeet-tuuleoied-beez\/#primaryimage\"},\"thumbnailUrl\":\"https:\/\/baubauwall.com\/wp-content\/uploads\/2025\/10\/Beige_Mural_Wallpaper_Tapeet_Sumingashi_Blooms_Baubauwall_51200533-2.jpg\",\"datePublished\":\"2026-03-06T14:17:27+00:00\",\"dateModified\":\"2026-03-11T12:14:16+00:00\",\"description\":\"Japandi stiilis hele tapeet magamistuppa v\u00f5i mujale. Bee\u017eides toonides, \u00fclalt alla lanegvad k\u00e4stisi malaitud \u00f5ied v\u00f5iks raamida magamistoa seina!\",\"breadcrumb\":{\"@id\":\"https:\/\/baubauwall.com\/et\/toode\/pilttapeet-tuuleoied-beez\/#breadcrumb\"},\"inLanguage\":\"et\",\"potentialAction\":[{\"@type\":\"ReadAction\",\"target\":[\"https:\/\/baubauwall.com\/et\/toode\/pilttapeet-tuuleoied-beez\/\"]}]},{\"@type\":\"ImageObject\",\"inLanguage\":\"et\",\"@id\":\"https:\/\/baubauwall.com\/et\/toode\/pilttapeet-tuuleoied-beez\/#primaryimage\",\"url\":\"https:\/\/baubauwall.com\/wp-content\/uploads\/2025\/10\/Beige_Mural_Wallpaper_Tapeet_Sumingashi_Blooms_Baubauwall_51200533-2.jpg\",\"contentUrl\":\"https:\/\/baubauwall.com\/wp-content\/uploads\/2025\/10\/Beige_Mural_Wallpaper_Tapeet_Sumingashi_Blooms_Baubauwall_51200533-2.jpg\",\"width\":2400,\"height\":1600,\"caption\":\"Hele, bee\u017e tapeet esikus. Baubauwall tapeedid. Reverie tapeetide kollektsioon\"},{\"@type\":\"BreadcrumbList\",\"@id\":\"https:\/\/baubauwall.com\/et\/toode\/pilttapeet-tuuleoied-beez\/#breadcrumb\",\"itemListElement\":[{\"@type\":\"ListItem\",\"position\":1,\"name\":\"Koju\",\"item\":\"https:\/\/baubauwall.com\/et\/\"},{\"@type\":\"ListItem\",\"position\":2,\"name\":\"Tapeedid\",\"item\":\"https:\/\/baubauwall.com\/et\/tapeedid\/\"},{\"@type\":\"ListItem\",\"position\":3,\"name\":\"Tuule\u00f5ied &#8211; bee\u017e\"}]},{\"@type\":\"WebSite\",\"@id\":\"https:\/\/baubauwall.com\/et\/#website\",\"url\":\"https:\/\/baubauwall.com\/et\/\",\"name\":\"BAUBAUWALL Wallpapers\",\"description\":\"Valmis paanides tapeet Eestist!\",\"publisher\":{\"@id\":\"https:\/\/baubauwall.com\/et\/#organization\"},\"potentialAction\":[{\"@type\":\"SearchAction\",\"target\":{\"@type\":\"EntryPoint\",\"urlTemplate\":\"https:\/\/baubauwall.com\/et\/?s={search_term_string}\"},\"query-input\":{\"@type\":\"PropertyValueSpecification\",\"valueRequired\":true,\"valueName\":\"search_term_string\"}}],\"inLanguage\":\"et\"},{\"@type\":\"Organization\",\"@id\":\"https:\/\/baubauwall.com\/et\/#organization\",\"name\":\"BAUBAUWALL Wallpapers\",\"url\":\"https:\/\/baubauwall.com\/et\/\",\"logo\":{\"@type\":\"ImageObject\",\"inLanguage\":\"et\",\"@id\":\"https:\/\/baubauwall.com\/et\/#\/schema\/logo\/image\/\",\"url\":\"https:\/\/baubauwall.com\/wp-content\/uploads\/2022\/03\/logo-horizontal.svg\",\"contentUrl\":\"https:\/\/baubauwall.com\/wp-content\/uploads\/2022\/03\/logo-horizontal.svg\",\"width\":\"1024\",\"height\":\"1024\",\"caption\":\"BAUBAUWALL Wallpapers\"},\"image\":{\"@id\":\"https:\/\/baubauwall.com\/et\/#\/schema\/logo\/image\/\"},\"sameAs\":[\"https:\/\/www.facebook.com\/Baubauwall\",\"https:\/\/www.instagram.com\/baubauwall\"]}]}<\/script>\n<!-- \/ Yoast SEO plugin. -->","yoast_head_json":{"title":"Hele tapeet magamistuppa | Tuule\u00f5ied - bee\u017e - BAUBAUWALL TAPEEDID","description":"Japandi stiilis hele tapeet magamistuppa v\u00f5i mujale. Bee\u017eides toonides, \u00fclalt alla lanegvad k\u00e4stisi malaitud \u00f5ied v\u00f5iks raamida magamistoa seina!","robots":{"index":"index","follow":"follow","max-snippet":"max-snippet:-1","max-image-preview":"max-image-preview:large","max-video-preview":"max-video-preview:-1"},"canonical":"https:\/\/baubauwall.com\/et\/toode\/pilttapeet-tuuleoied-beez\/","og_locale":"et_EE","og_type":"article","og_title":"BAUBAUWALL TAPEEDID","og_description":"Japandi stiilis hele tapeet magamistuppa v\u00f5i mujale. Bee\u017eides toonides, \u00fclalt alla lanegvad k\u00e4stisi malaitud \u00f5ied v\u00f5iks raamida magamistoa seina!","og_url":"https:\/\/baubauwall.com\/et\/toode\/pilttapeet-tuuleoied-beez\/","og_site_name":"BAUBAUWALL TAPEEDID","article_publisher":"https:\/\/www.facebook.com\/Baubauwall","article_modified_time":"2026-03-11T12:14:16+00:00","twitter_card":"summary_large_image","twitter_image":"https:\/\/baubauwall.com\/wp-content\/uploads\/2025\/10\/Beige_Mural_Wallpaper_Tapeet_Sumingashi_Blooms_Baubauwall_51200533-2.jpg","twitter_misc":{"Est. reading time":"2 minutit"},"schema":{"@context":"https:\/\/schema.org","@graph":[{"@type":"WebPage","@id":"https:\/\/baubauwall.com\/et\/toode\/pilttapeet-tuuleoied-beez\/","url":"https:\/\/baubauwall.com\/et\/toode\/pilttapeet-tuuleoied-beez\/","name":"Hele tapeet magamistuppa | Tuule\u00f5ied - bee\u017e - BAUBAUWALL TAPEEDID","isPartOf":{"@id":"https:\/\/baubauwall.com\/et\/#website"},"primaryImageOfPage":{"@id":"https:\/\/baubauwall.com\/et\/toode\/pilttapeet-tuuleoied-beez\/#primaryimage"},"image":{"@id":"https:\/\/baubauwall.com\/et\/toode\/pilttapeet-tuuleoied-beez\/#primaryimage"},"thumbnailUrl":"https:\/\/baubauwall.com\/wp-content\/uploads\/2025\/10\/Beige_Mural_Wallpaper_Tapeet_Sumingashi_Blooms_Baubauwall_51200533-2.jpg","datePublished":"2026-03-06T14:17:27+00:00","dateModified":"2026-03-11T12:14:16+00:00","description":"Japandi stiilis hele tapeet magamistuppa v\u00f5i mujale. Bee\u017eides toonides, \u00fclalt alla lanegvad k\u00e4stisi malaitud \u00f5ied v\u00f5iks raamida magamistoa seina!","breadcrumb":{"@id":"https:\/\/baubauwall.com\/et\/toode\/pilttapeet-tuuleoied-beez\/#breadcrumb"},"inLanguage":"et","potentialAction":[{"@type":"ReadAction","target":["https:\/\/baubauwall.com\/et\/toode\/pilttapeet-tuuleoied-beez\/"]}]},{"@type":"ImageObject","inLanguage":"et","@id":"https:\/\/baubauwall.com\/et\/toode\/pilttapeet-tuuleoied-beez\/#primaryimage","url":"https:\/\/baubauwall.com\/wp-content\/uploads\/2025\/10\/Beige_Mural_Wallpaper_Tapeet_Sumingashi_Blooms_Baubauwall_51200533-2.jpg","contentUrl":"https:\/\/baubauwall.com\/wp-content\/uploads\/2025\/10\/Beige_Mural_Wallpaper_Tapeet_Sumingashi_Blooms_Baubauwall_51200533-2.jpg","width":2400,"height":1600,"caption":"Hele, bee\u017e tapeet esikus. Baubauwall tapeedid. Reverie tapeetide kollektsioon"},{"@type":"BreadcrumbList","@id":"https:\/\/baubauwall.com\/et\/toode\/pilttapeet-tuuleoied-beez\/#breadcrumb","itemListElement":[{"@type":"ListItem","position":1,"name":"Koju","item":"https:\/\/baubauwall.com\/et\/"},{"@type":"ListItem","position":2,"name":"Tapeedid","item":"https:\/\/baubauwall.com\/et\/tapeedid\/"},{"@type":"ListItem","position":3,"name":"Tuule\u00f5ied &#8211; bee\u017e"}]},{"@type":"WebSite","@id":"https:\/\/baubauwall.com\/et\/#website","url":"https:\/\/baubauwall.com\/et\/","name":"BAUBAUWALL Wallpapers","description":"Valmis paanides tapeet Eestist!","publisher":{"@id":"https:\/\/baubauwall.com\/et\/#organization"},"potentialAction":[{"@type":"SearchAction","target":{"@type":"EntryPoint","urlTemplate":"https:\/\/baubauwall.com\/et\/?s={search_term_string}"},"query-input":{"@type":"PropertyValueSpecification","valueRequired":true,"valueName":"search_term_string"}}],"inLanguage":"et"},{"@type":"Organization","@id":"https:\/\/baubauwall.com\/et\/#organization","name":"BAUBAUWALL Wallpapers","url":"https:\/\/baubauwall.com\/et\/","logo":{"@type":"ImageObject","inLanguage":"et","@id":"https:\/\/baubauwall.com\/et\/#\/schema\/logo\/image\/","url":"https:\/\/baubauwall.com\/wp-content\/uploads\/2022\/03\/logo-horizontal.svg","contentUrl":"https:\/\/baubauwall.com\/wp-content\/uploads\/2022\/03\/logo-horizontal.svg","width":"1024","height":"1024","caption":"BAUBAUWALL Wallpapers"},"image":{"@id":"https:\/\/baubauwall.com\/et\/#\/schema\/logo\/image\/"},"sameAs":["https:\/\/www.facebook.com\/Baubauwall","https:\/\/www.instagram.com\/baubauwall"]}]}},"jetpack_sharing_enabled":true,"_links":{"self":[{"href":"https:\/\/baubauwall.com\/et\/wp-json\/wp\/v2\/product\/47054","targetHints":{"allow":["GET"]}}],"collection":[{"href":"https:\/\/baubauwall.com\/et\/wp-json\/wp\/v2\/product"}],"about":[{"href":"https:\/\/baubauwall.com\/et\/wp-json\/wp\/v2\/types\/product"}],"replies":[{"embeddable":true,"href":"https:\/\/baubauwall.com\/et\/wp-json\/wp\/v2\/comments?post=47054"}],"wp:featuredmedia":[{"embeddable":true,"href":"https:\/\/baubauwall.com\/et\/wp-json\/wp\/v2\/media\/47060"}],"wp:attachment":[{"href":"https:\/\/baubauwall.com\/et\/wp-json\/wp\/v2\/media?parent=47054"}],"wp:term":[{"taxonomy":"product_brand","embeddable":true,"href":"https:\/\/baubauwall.com\/et\/wp-json\/wp\/v2\/product_brand?post=47054"},{"taxonomy":"product_cat","embeddable":true,"href":"https:\/\/baubauwall.com\/et\/wp-json\/wp\/v2\/product_cat?post=47054"},{"taxonomy":"product_tag","embeddable":true,"href":"https:\/\/baubauwall.com\/et\/wp-json\/wp\/v2\/product_tag?post=47054"}],"curies":[{"name":"wp","href":"https:\/\/api.w.org\/{rel}","templated":true}]}}