{"id":47062,"date":"2026-03-06T16:17:27","date_gmt":"2026-03-06T14:17:27","guid":{"rendered":"https:\/\/baubauwall.com\/product\/mural-wallpaper-new-moon\/"},"modified":"2026-03-12T14:30:12","modified_gmt":"2026-03-12T12:30:12","slug":"pilttapeet-taiskuu","status":"publish","type":"product","link":"https:\/\/baubauwall.com\/et\/toode\/pilttapeet-taiskuu\/","title":{"rendered":"T\u00e4iskuu"},"content":{"rendered":"<p data-start=\"230\" data-end=\"504\">T\u00e4iskuu on rahulik ja kihiline hele pilttapeet, kus marmoreeritud m\u00e4ed, stiliseeritud puud ja soe kuldne kuu loovad seinale vaikse, peaaegu meditatiivse meeleolu. See on disain, mis toob interj\u00f6\u00f6ri tasakaalu ja pehmuse.<\/p>\n<p data-start=\"506\" data-end=\"824\">Pilttapeedi inspiratsioon tuleb Jaapani kunsti ja k\u00e4sit\u00f6\u00f6 traditsioonidest, mis on ka kogu <a href=\"https:\/\/baubauwall.com\/et\/tootekategooria\/tapeedi-kollektsioonid\/reverie-japandi-tapeedid\/\"><strong data-start=\"595\" data-end=\"606\">Reverie<\/strong><\/a> kollektsiooni aluseks. Tapeedil on j\u00e4\u00e4dvustatud maastikuvaate rahu ja ilu, kasutades marmoreeringu ehk <em>suminagashi <\/em>tehnikat kombineeritud k\u00e4sitsi maalitud detailidega. Oskuslik disain, mis j\u00e4tab piisavalt \u00f5hku ning pakub uusi avastusi l\u00e4hemal vaatlusel. Tulemuseks on efktne sein, mis m\u00f5jub \u00e4\u00e4retult dekoratiivselt.<\/p>\n<p data-start=\"506\" data-end=\"824\">See hele pilttapeet sobib eriti h\u00e4sti magamistuppa, elutuppa v\u00f5i mujale, kus soovid rahulikku, maitsekat ja veidi unen\u00e4olist atmosf\u00e4\u00e4ri. Hea valik Sulle, kui armastad japandi-h\u00f5ngulisi interj\u00f6\u00f6re ja pehmeid toone.<\/p>\n<p><strong>Miks see pilttapeet v\u00f5iks Sulle meeldida?<\/strong><\/p>\n<ul>\n<li>Eesti disain Eesti ettev\u00f5telt<\/li>\n<li>Tr\u00fckime tapeedi t\u00e4pselt\u00a0<a href=\"https:\/\/baubauwall.com\/et\/kuidas-see-tootab\/\">Sinu seina m\u00f5\u00f5du j\u00e4rgi<\/a><\/li>\n<li>Premium kategooria matt fliistapeet, valmistatud 100% taaskasutatud kiust<\/li>\n<li>M\u00fcrgivabad tr\u00fckiv\u00e4rvid,\u00a0<em>Greenguard<\/em>\u00a0sertifitseeritud<\/li>\n<li>Keskkonnateadlik ja j\u00e4\u00e4tmevaba tellimusp\u00f5hine tootmine<\/li>\n<li>Tapeediliim tuleb alati tasuta kaasa<\/li>\n<li>Tasuta transport ja kiire tarne 5 t\u00f6\u00f6p\u00e4evaga<\/li>\n<\/ul>\n<p data-path-to-node=\"2\"><em>\u201cReverie\u201d on disainer\u00a0<b data-path-to-node=\"2\" data-index-in-node=\"22\">Triinu Silla<\/b>\u00a0loodud tapeedikollektsioon, mis ammutab inspiratsiooni traditsioonilise Jaapani kunsti ja k\u00e4sit\u00f6\u00f6 peenest elegantsist. Nendes disainides kohtuvad tapeetidel p\u00f5lised kunstitehnikad tunnetusliku tasakaalu, peente detailide ja lummavate vaadetega.\u00a0<\/em><em>See on kollektsioon tapeete interj\u00f6\u00f6ridesse, kus v\u00e4\u00e4rtustatakse erilist atmosf\u00e4\u00e4ri, meisterlikkust ja vaoshoitud, vaikset ilu.<\/em><\/p>\n<p><b>\u00a0<\/b><\/p>\n","protected":false},"excerpt":{"rendered":"<p>T\u00e4iskuu on rahulik ja kihiline hele pilttapeet, kus marmoreeritud m\u00e4ed, stiliseeritud puud ja soe kuldne kuu loovad seinale vaikse, peaaegu meditatiivse meeleolu. See on disain, mis toob interj\u00f6\u00f6ri tasakaalu ja pehmuse. Pilttapeedi inspiratsioon tuleb Jaapani kunsti ja k\u00e4sit\u00f6\u00f6 traditsioonidest, mis on ka kogu Reverie kollektsiooni aluseks. Tapeedil on j\u00e4\u00e4dvustatud maastikuvaate rahu ja ilu, kasutades marmoreeringu [&hellip;]<\/p>\n","protected":false},"featured_media":47064,"comment_status":"open","ping_status":"closed","template":"","meta":{"_acf_changed":false,"inline_featured_image":false},"product_brand":[],"product_cat":[827,387,395,393,265,269,273,752,413,414,402,699,245,254,230],"product_tag":[334,320,345,828],"class_list":{"0":"post-47062","1":"product","2":"type-product","3":"status-publish","4":"has-post-thumbnail","6":"product_cat-reverie-japandi-tapeedid","7":"product_cat-pilttapeedid","8":"product_cat-romantiline","9":"product_cat-idamaine","10":"product_cat-beezid-tapeedid","11":"product_cat-pruunid-tapeedid","12":"product_cat-heledad-tapeedid","13":"product_cat-avalik-ruum","14":"product_cat-magamistoa-tapeedid","15":"product_cat-soogitoa-tapeedid","16":"product_cat-elutoa-tapeedid","17":"product_cat-eesti-disain-tapeedid","18":"product_cat-maastik","19":"product_cat-loodus","20":"product_cat-marmor","21":"product_tag-japandi-et","22":"product_tag-kasitoo","23":"product_tag-pilttapeet","24":"product_tag-tapeedid-reverie-jaapani","26":"first","27":"instock","28":"taxable","29":"shipping-taxable","30":"purchasable","31":"product-type-simple"},"acf":[],"yoast_head":"<!-- This site is optimized with the Yoast SEO plugin v25.9 - https:\/\/yoast.com\/wordpress\/plugins\/seo\/ -->\n<title>Hele pilttapeet Japandi stiilis | T\u00e4iskuu - BAUBAUWALL TAPEEDID<\/title>\n<meta name=\"description\" content=\"Hele pilttapeet Reverie tapeedikollektsoonis. Marmoreeringu tehnikas disain, soojad bee\u017eid toonid teevad tapeedist hea valiku koju v\u00f5i mujale.\" \/>\n<meta name=\"robots\" content=\"index, follow, max-snippet:-1, max-image-preview:large, max-video-preview:-1\" \/>\n<link rel=\"canonical\" href=\"https:\/\/baubauwall.com\/et\/toode\/pilttapeet-taiskuu\/\" \/>\n<meta property=\"og:locale\" content=\"et_EE\" \/>\n<meta property=\"og:type\" content=\"article\" \/>\n<meta property=\"og:title\" content=\"BAUBAUWALL TAPEEDID\" \/>\n<meta property=\"og:description\" content=\"Hele pilttapeet Reverie tapeedikollektsoonis. Marmoreeringu tehnikas disain, soojad bee\u017eid toonid teevad tapeedist hea valiku koju v\u00f5i mujale.\" \/>\n<meta property=\"og:url\" content=\"https:\/\/baubauwall.com\/et\/toode\/pilttapeet-taiskuu\/\" \/>\n<meta property=\"og:site_name\" content=\"BAUBAUWALL TAPEEDID\" \/>\n<meta property=\"article:publisher\" content=\"https:\/\/www.facebook.com\/Baubauwall\" \/>\n<meta property=\"article:modified_time\" content=\"2026-03-12T12:30:12+00:00\" \/>\n<meta property=\"og:image\" content=\"https:\/\/baubauwall.com\/wp-content\/uploads\/2025\/10\/Mural_Wallpaper_New-Moon_Baubauwall_51200525_room-3.jpg\" \/>\n\t<meta property=\"og:image:width\" content=\"2400\" \/>\n\t<meta property=\"og:image:height\" content=\"1600\" \/>\n\t<meta property=\"og:image:type\" content=\"image\/jpeg\" \/>\n<meta name=\"twitter:card\" content=\"summary_large_image\" \/>\n<meta name=\"twitter:label1\" content=\"Est. reading time\" \/>\n\t<meta name=\"twitter:data1\" content=\"2 minutit\" \/>\n<script type=\"application\/ld+json\" class=\"yoast-schema-graph\">{\"@context\":\"https:\/\/schema.org\",\"@graph\":[{\"@type\":\"WebPage\",\"@id\":\"https:\/\/baubauwall.com\/et\/toode\/pilttapeet-taiskuu\/\",\"url\":\"https:\/\/baubauwall.com\/et\/toode\/pilttapeet-taiskuu\/\",\"name\":\"Hele pilttapeet Japandi stiilis | T\u00e4iskuu - BAUBAUWALL TAPEEDID\",\"isPartOf\":{\"@id\":\"https:\/\/baubauwall.com\/et\/#website\"},\"primaryImageOfPage\":{\"@id\":\"https:\/\/baubauwall.com\/et\/toode\/pilttapeet-taiskuu\/#primaryimage\"},\"image\":{\"@id\":\"https:\/\/baubauwall.com\/et\/toode\/pilttapeet-taiskuu\/#primaryimage\"},\"thumbnailUrl\":\"https:\/\/baubauwall.com\/wp-content\/uploads\/2025\/10\/Mural_Wallpaper_New-Moon_Baubauwall_51200525_room-3.jpg\",\"datePublished\":\"2026-03-06T14:17:27+00:00\",\"dateModified\":\"2026-03-12T12:30:12+00:00\",\"description\":\"Hele pilttapeet Reverie tapeedikollektsoonis. Marmoreeringu tehnikas disain, soojad bee\u017eid toonid teevad tapeedist hea valiku koju v\u00f5i mujale.\",\"breadcrumb\":{\"@id\":\"https:\/\/baubauwall.com\/et\/toode\/pilttapeet-taiskuu\/#breadcrumb\"},\"inLanguage\":\"et\",\"potentialAction\":[{\"@type\":\"ReadAction\",\"target\":[\"https:\/\/baubauwall.com\/et\/toode\/pilttapeet-taiskuu\/\"]}]},{\"@type\":\"ImageObject\",\"inLanguage\":\"et\",\"@id\":\"https:\/\/baubauwall.com\/et\/toode\/pilttapeet-taiskuu\/#primaryimage\",\"url\":\"https:\/\/baubauwall.com\/wp-content\/uploads\/2025\/10\/Mural_Wallpaper_New-Moon_Baubauwall_51200525_room-3.jpg\",\"contentUrl\":\"https:\/\/baubauwall.com\/wp-content\/uploads\/2025\/10\/Mural_Wallpaper_New-Moon_Baubauwall_51200525_room-3.jpg\",\"width\":2400,\"height\":1600,\"caption\":\"Japanese landscape mural wallpaper set on a living room feature wall. Baubauwall Wallpapers and Bespoke Murals\"},{\"@type\":\"BreadcrumbList\",\"@id\":\"https:\/\/baubauwall.com\/et\/toode\/pilttapeet-taiskuu\/#breadcrumb\",\"itemListElement\":[{\"@type\":\"ListItem\",\"position\":1,\"name\":\"Koju\",\"item\":\"https:\/\/baubauwall.com\/et\/\"},{\"@type\":\"ListItem\",\"position\":2,\"name\":\"Tapeedid\",\"item\":\"https:\/\/baubauwall.com\/et\/tapeedid\/\"},{\"@type\":\"ListItem\",\"position\":3,\"name\":\"T\u00e4iskuu\"}]},{\"@type\":\"WebSite\",\"@id\":\"https:\/\/baubauwall.com\/et\/#website\",\"url\":\"https:\/\/baubauwall.com\/et\/\",\"name\":\"BAUBAUWALL Wallpapers\",\"description\":\"Valmis paanides tapeet Eestist!\",\"publisher\":{\"@id\":\"https:\/\/baubauwall.com\/et\/#organization\"},\"potentialAction\":[{\"@type\":\"SearchAction\",\"target\":{\"@type\":\"EntryPoint\",\"urlTemplate\":\"https:\/\/baubauwall.com\/et\/?s={search_term_string}\"},\"query-input\":{\"@type\":\"PropertyValueSpecification\",\"valueRequired\":true,\"valueName\":\"search_term_string\"}}],\"inLanguage\":\"et\"},{\"@type\":\"Organization\",\"@id\":\"https:\/\/baubauwall.com\/et\/#organization\",\"name\":\"BAUBAUWALL Wallpapers\",\"url\":\"https:\/\/baubauwall.com\/et\/\",\"logo\":{\"@type\":\"ImageObject\",\"inLanguage\":\"et\",\"@id\":\"https:\/\/baubauwall.com\/et\/#\/schema\/logo\/image\/\",\"url\":\"https:\/\/baubauwall.com\/wp-content\/uploads\/2022\/03\/logo-horizontal.svg\",\"contentUrl\":\"https:\/\/baubauwall.com\/wp-content\/uploads\/2022\/03\/logo-horizontal.svg\",\"width\":\"1024\",\"height\":\"1024\",\"caption\":\"BAUBAUWALL Wallpapers\"},\"image\":{\"@id\":\"https:\/\/baubauwall.com\/et\/#\/schema\/logo\/image\/\"},\"sameAs\":[\"https:\/\/www.facebook.com\/Baubauwall\",\"https:\/\/www.instagram.com\/baubauwall\"]}]}<\/script>\n<!-- \/ Yoast SEO plugin. -->","yoast_head_json":{"title":"Hele pilttapeet Japandi stiilis | T\u00e4iskuu - BAUBAUWALL TAPEEDID","description":"Hele pilttapeet Reverie tapeedikollektsoonis. Marmoreeringu tehnikas disain, soojad bee\u017eid toonid teevad tapeedist hea valiku koju v\u00f5i mujale.","robots":{"index":"index","follow":"follow","max-snippet":"max-snippet:-1","max-image-preview":"max-image-preview:large","max-video-preview":"max-video-preview:-1"},"canonical":"https:\/\/baubauwall.com\/et\/toode\/pilttapeet-taiskuu\/","og_locale":"et_EE","og_type":"article","og_title":"BAUBAUWALL TAPEEDID","og_description":"Hele pilttapeet Reverie tapeedikollektsoonis. Marmoreeringu tehnikas disain, soojad bee\u017eid toonid teevad tapeedist hea valiku koju v\u00f5i mujale.","og_url":"https:\/\/baubauwall.com\/et\/toode\/pilttapeet-taiskuu\/","og_site_name":"BAUBAUWALL TAPEEDID","article_publisher":"https:\/\/www.facebook.com\/Baubauwall","article_modified_time":"2026-03-12T12:30:12+00:00","og_image":[{"width":2400,"height":1600,"url":"https:\/\/baubauwall.com\/wp-content\/uploads\/2025\/10\/Mural_Wallpaper_New-Moon_Baubauwall_51200525_room-3.jpg","type":"image\/jpeg"}],"twitter_card":"summary_large_image","twitter_misc":{"Est. reading time":"2 minutit"},"schema":{"@context":"https:\/\/schema.org","@graph":[{"@type":"WebPage","@id":"https:\/\/baubauwall.com\/et\/toode\/pilttapeet-taiskuu\/","url":"https:\/\/baubauwall.com\/et\/toode\/pilttapeet-taiskuu\/","name":"Hele pilttapeet Japandi stiilis | T\u00e4iskuu - BAUBAUWALL TAPEEDID","isPartOf":{"@id":"https:\/\/baubauwall.com\/et\/#website"},"primaryImageOfPage":{"@id":"https:\/\/baubauwall.com\/et\/toode\/pilttapeet-taiskuu\/#primaryimage"},"image":{"@id":"https:\/\/baubauwall.com\/et\/toode\/pilttapeet-taiskuu\/#primaryimage"},"thumbnailUrl":"https:\/\/baubauwall.com\/wp-content\/uploads\/2025\/10\/Mural_Wallpaper_New-Moon_Baubauwall_51200525_room-3.jpg","datePublished":"2026-03-06T14:17:27+00:00","dateModified":"2026-03-12T12:30:12+00:00","description":"Hele pilttapeet Reverie tapeedikollektsoonis. Marmoreeringu tehnikas disain, soojad bee\u017eid toonid teevad tapeedist hea valiku koju v\u00f5i mujale.","breadcrumb":{"@id":"https:\/\/baubauwall.com\/et\/toode\/pilttapeet-taiskuu\/#breadcrumb"},"inLanguage":"et","potentialAction":[{"@type":"ReadAction","target":["https:\/\/baubauwall.com\/et\/toode\/pilttapeet-taiskuu\/"]}]},{"@type":"ImageObject","inLanguage":"et","@id":"https:\/\/baubauwall.com\/et\/toode\/pilttapeet-taiskuu\/#primaryimage","url":"https:\/\/baubauwall.com\/wp-content\/uploads\/2025\/10\/Mural_Wallpaper_New-Moon_Baubauwall_51200525_room-3.jpg","contentUrl":"https:\/\/baubauwall.com\/wp-content\/uploads\/2025\/10\/Mural_Wallpaper_New-Moon_Baubauwall_51200525_room-3.jpg","width":2400,"height":1600,"caption":"Japanese landscape mural wallpaper set on a living room feature wall. Baubauwall Wallpapers and Bespoke Murals"},{"@type":"BreadcrumbList","@id":"https:\/\/baubauwall.com\/et\/toode\/pilttapeet-taiskuu\/#breadcrumb","itemListElement":[{"@type":"ListItem","position":1,"name":"Koju","item":"https:\/\/baubauwall.com\/et\/"},{"@type":"ListItem","position":2,"name":"Tapeedid","item":"https:\/\/baubauwall.com\/et\/tapeedid\/"},{"@type":"ListItem","position":3,"name":"T\u00e4iskuu"}]},{"@type":"WebSite","@id":"https:\/\/baubauwall.com\/et\/#website","url":"https:\/\/baubauwall.com\/et\/","name":"BAUBAUWALL Wallpapers","description":"Valmis paanides tapeet Eestist!","publisher":{"@id":"https:\/\/baubauwall.com\/et\/#organization"},"potentialAction":[{"@type":"SearchAction","target":{"@type":"EntryPoint","urlTemplate":"https:\/\/baubauwall.com\/et\/?s={search_term_string}"},"query-input":{"@type":"PropertyValueSpecification","valueRequired":true,"valueName":"search_term_string"}}],"inLanguage":"et"},{"@type":"Organization","@id":"https:\/\/baubauwall.com\/et\/#organization","name":"BAUBAUWALL Wallpapers","url":"https:\/\/baubauwall.com\/et\/","logo":{"@type":"ImageObject","inLanguage":"et","@id":"https:\/\/baubauwall.com\/et\/#\/schema\/logo\/image\/","url":"https:\/\/baubauwall.com\/wp-content\/uploads\/2022\/03\/logo-horizontal.svg","contentUrl":"https:\/\/baubauwall.com\/wp-content\/uploads\/2022\/03\/logo-horizontal.svg","width":"1024","height":"1024","caption":"BAUBAUWALL Wallpapers"},"image":{"@id":"https:\/\/baubauwall.com\/et\/#\/schema\/logo\/image\/"},"sameAs":["https:\/\/www.facebook.com\/Baubauwall","https:\/\/www.instagram.com\/baubauwall"]}]}},"jetpack_sharing_enabled":true,"_links":{"self":[{"href":"https:\/\/baubauwall.com\/et\/wp-json\/wp\/v2\/product\/47062","targetHints":{"allow":["GET"]}}],"collection":[{"href":"https:\/\/baubauwall.com\/et\/wp-json\/wp\/v2\/product"}],"about":[{"href":"https:\/\/baubauwall.com\/et\/wp-json\/wp\/v2\/types\/product"}],"replies":[{"embeddable":true,"href":"https:\/\/baubauwall.com\/et\/wp-json\/wp\/v2\/comments?post=47062"}],"wp:featuredmedia":[{"embeddable":true,"href":"https:\/\/baubauwall.com\/et\/wp-json\/wp\/v2\/media\/47064"}],"wp:attachment":[{"href":"https:\/\/baubauwall.com\/et\/wp-json\/wp\/v2\/media?parent=47062"}],"wp:term":[{"taxonomy":"product_brand","embeddable":true,"href":"https:\/\/baubauwall.com\/et\/wp-json\/wp\/v2\/product_brand?post=47062"},{"taxonomy":"product_cat","embeddable":true,"href":"https:\/\/baubauwall.com\/et\/wp-json\/wp\/v2\/product_cat?post=47062"},{"taxonomy":"product_tag","embeddable":true,"href":"https:\/\/baubauwall.com\/et\/wp-json\/wp\/v2\/product_tag?post=47062"}],"curies":[{"name":"wp","href":"https:\/\/api.w.org\/{rel}","templated":true}]}}