{"id":47070,"date":"2026-03-06T16:17:20","date_gmt":"2026-03-06T14:17:20","guid":{"rendered":"https:\/\/baubauwall.com\/product\/wallpaper-weeping-wiilow-beige\/"},"modified":"2026-03-09T17:00:15","modified_gmt":"2026-03-09T15:00:15","slug":"kordusmustriga-tapeet-pajuloor-beez","status":"publish","type":"product","link":"https:\/\/baubauwall.com\/et\/toode\/kordusmustriga-tapeet-pajuloor-beez\/","title":{"rendered":"Pajuloor &#8211; bee\u017e"},"content":{"rendered":"<p data-start=\"181\" data-end=\"421\">Rahuliku disainiga bee\u017e tapeet, kus stiliseeritud Jaapani pajupuud loovad seinale kerge r\u00fctmi ja pehme liikumise. Bee\u017e tapeet sobib h\u00e4sti elutuppa, magamistuppa, esikusse v\u00f5i kontorisse, kus tahad luua pehmet tausta. See on \u00fcks neist kordusmustritest, mis t\u00f6\u00f6tab h\u00e4sti nii \u00fcksikul aktsentseinal kui ka tervet tuba katva tapeedina.<\/p>\n<p data-start=\"181\" data-end=\"421\">Jaapani kunstis kasutati pajusid sageli selleks, et tuua kujutisse pehmust, hooajalisust ja voolavat liikumist. Tapeet Pajuloor t\u00f5lgib selle vana motiivi kaasaegsesse interj\u00f6\u00f6ri \u2014 rahulikuks mustriks, mis ei domineeri, vaid kujundab ruumi vaikselt.<\/p>\n<p data-start=\"1047\" data-end=\"1282\">Pajuloor sobib eriti h\u00e4sti koju, kus meeldivad loodusmotiivid, lihtsad vormid ja veidi jaapanip\u00e4rane vaoshoitus. Tapeedis on korraga nii pehmust kui ka struktuuri \u2014 see ei m\u00f5ju liiga romantiliselt ega rangelt, vaid lihtsalt h\u00e4sti tasakaalus.<\/p>\n<p><strong>Miks see tapeet v\u00f5iks Sulle meeldida?<\/strong><\/p>\n<ul>\n<li>Eesti disain Eesti ettev\u00f5telt<\/li>\n<li>Tr\u00fckime tapeedi t\u00e4pselt\u00a0<a href=\"https:\/\/baubauwall.com\/et\/kuidas-see-tootab\/\">Sinu seina m\u00f5\u00f5du j\u00e4rgi<\/a><\/li>\n<li>Premium kategooria matt fliistapeet, valmistatud 100% taaskasutatud kiust<\/li>\n<li>M\u00fcrgivabad tr\u00fckiv\u00e4rvid,\u00a0<em>Greenguard<\/em>\u00a0sertifitseeritud<\/li>\n<li>Keskkonnateadlik ja j\u00e4\u00e4tmevaba tellimusp\u00f5hine tootmine<\/li>\n<li>Tapeediliim tuleb alati tasuta kaasa<\/li>\n<li>Tasuta transport ja kiire tarne 5 t\u00f6\u00f6p\u00e4evaga<\/li>\n<\/ul>\n<p data-path-to-node=\"2\"><em>\u201cReverie\u201d on disainer\u00a0<b data-path-to-node=\"2\" data-index-in-node=\"22\">Triinu Silla<\/b>\u00a0loodud tapeedikollektsioon, mis ammutab inspiratsiooni traditsioonilise Jaapani kunsti ja k\u00e4sit\u00f6\u00f6 peenest elegantsist. Nendes disainides kohtuvad tapeetidel p\u00f5lised kunstitehnikad tunnetusliku tasakaalu, peente detailide ja lummavate vaadetega.\u00a0<\/em><em>See on kollektsioon tapeete interj\u00f6\u00f6ridesse, kus v\u00e4\u00e4rtustatakse erilist atmosf\u00e4\u00e4ri, meisterlikkust ja vaoshoitud, vaikset ilu.<\/em><\/p>\n","protected":false},"excerpt":{"rendered":"<p>Rahuliku disainiga bee\u017e tapeet, kus stiliseeritud Jaapani pajupuud loovad seinale kerge r\u00fctmi ja pehme liikumise. Bee\u017e tapeet sobib h\u00e4sti elutuppa, magamistuppa, esikusse v\u00f5i kontorisse, kus tahad luua pehmet tausta. See on \u00fcks neist kordusmustritest, mis t\u00f6\u00f6tab h\u00e4sti nii \u00fcksikul aktsentseinal kui ka tervet tuba katva tapeedina. Jaapani kunstis kasutati pajusid sageli selleks, et tuua kujutisse [&hellip;]<\/p>\n","protected":false},"featured_media":47077,"comment_status":"open","ping_status":"closed","template":"","meta":{"_acf_changed":false,"inline_featured_image":false},"product_brand":[],"product_cat":[827,386,406,265,269,752,413,414,415,416,401,402,699,248,254],"product_tag":[320,828],"class_list":{"0":"post-47070","1":"product","2":"type-product","3":"status-publish","4":"has-post-thumbnail","6":"product_cat-reverie-japandi-tapeedid","7":"product_cat-kordusmustriga-tapeedid","8":"product_cat-klassika","9":"product_cat-beezid-tapeedid","10":"product_cat-pruunid-tapeedid","11":"product_cat-avalik-ruum","12":"product_cat-magamistoa-tapeedid","13":"product_cat-soogitoa-tapeedid","14":"product_cat-kulalistetoa-tapeedid","15":"product_cat-esiku-tapeedid","16":"product_cat-koogi-tapeedid","17":"product_cat-elutoa-tapeedid","18":"product_cat-eesti-disain-tapeedid","19":"product_cat-mets","20":"product_cat-loodus","21":"product_tag-kasitoo","22":"product_tag-tapeedid-reverie-jaapani","24":"first","25":"instock","26":"taxable","27":"shipping-taxable","28":"purchasable","29":"product-type-simple"},"acf":[],"yoast_head":"<!-- This site is optimized with the Yoast SEO plugin v25.9 - https:\/\/yoast.com\/wordpress\/plugins\/seo\/ -->\n<title>Pajudega bee\u017e tapeet | Pajuloor - bee\u017e - BAUBAUWALL TAPEEDID<\/title>\n<meta name=\"description\" content=\"Bee\u017e tapeet pajudega sobib eriti h\u00e4sti koju, kus meeldivad loodusmotiivid, lihtsad vormid ja veidi jaapanip\u00e4rane vaoshoitus. Valmides paanides tapeet!\" \/>\n<meta name=\"robots\" content=\"index, follow, max-snippet:-1, max-image-preview:large, max-video-preview:-1\" \/>\n<link rel=\"canonical\" href=\"https:\/\/baubauwall.com\/et\/toode\/kordusmustriga-tapeet-pajuloor-beez\/\" \/>\n<meta property=\"og:locale\" content=\"et_EE\" \/>\n<meta property=\"og:type\" content=\"article\" \/>\n<meta property=\"og:title\" content=\"BAUBAUWALL TAPEEDID\" \/>\n<meta property=\"og:description\" content=\"Bee\u017e tapeet pajudega sobib eriti h\u00e4sti koju, kus meeldivad loodusmotiivid, lihtsad vormid ja veidi jaapanip\u00e4rane vaoshoitus. Valmides paanides tapeet!\" \/>\n<meta property=\"og:url\" content=\"https:\/\/baubauwall.com\/et\/toode\/kordusmustriga-tapeet-pajuloor-beez\/\" \/>\n<meta property=\"og:site_name\" content=\"BAUBAUWALL TAPEEDID\" \/>\n<meta property=\"article:publisher\" content=\"https:\/\/www.facebook.com\/Baubauwall\" \/>\n<meta property=\"article:modified_time\" content=\"2026-03-09T15:00:15+00:00\" \/>\n<meta property=\"og:image\" content=\"https:\/\/baubauwall.com\/wp-content\/uploads\/2026\/03\/Wallpaper_Weeping_Willow_Beige_Baubauwall_Room-2.jpg\" \/>\n\t<meta property=\"og:image:width\" content=\"2397\" \/>\n\t<meta property=\"og:image:height\" content=\"1600\" \/>\n\t<meta property=\"og:image:type\" content=\"image\/jpeg\" \/>\n<meta name=\"twitter:card\" content=\"summary_large_image\" \/>\n<meta name=\"twitter:label1\" content=\"Est. reading time\" \/>\n\t<meta name=\"twitter:data1\" content=\"2 minutit\" \/>\n<script type=\"application\/ld+json\" class=\"yoast-schema-graph\">{\"@context\":\"https:\/\/schema.org\",\"@graph\":[{\"@type\":\"WebPage\",\"@id\":\"https:\/\/baubauwall.com\/et\/toode\/kordusmustriga-tapeet-pajuloor-beez\/\",\"url\":\"https:\/\/baubauwall.com\/et\/toode\/kordusmustriga-tapeet-pajuloor-beez\/\",\"name\":\"Pajudega bee\u017e tapeet | Pajuloor - bee\u017e - BAUBAUWALL TAPEEDID\",\"isPartOf\":{\"@id\":\"https:\/\/baubauwall.com\/et\/#website\"},\"primaryImageOfPage\":{\"@id\":\"https:\/\/baubauwall.com\/et\/toode\/kordusmustriga-tapeet-pajuloor-beez\/#primaryimage\"},\"image\":{\"@id\":\"https:\/\/baubauwall.com\/et\/toode\/kordusmustriga-tapeet-pajuloor-beez\/#primaryimage\"},\"thumbnailUrl\":\"https:\/\/baubauwall.com\/wp-content\/uploads\/2026\/03\/Wallpaper_Weeping_Willow_Beige_Baubauwall_Room-2.jpg\",\"datePublished\":\"2026-03-06T14:17:20+00:00\",\"dateModified\":\"2026-03-09T15:00:15+00:00\",\"description\":\"Bee\u017e tapeet pajudega sobib eriti h\u00e4sti koju, kus meeldivad loodusmotiivid, lihtsad vormid ja veidi jaapanip\u00e4rane vaoshoitus. Valmides paanides tapeet!\",\"breadcrumb\":{\"@id\":\"https:\/\/baubauwall.com\/et\/toode\/kordusmustriga-tapeet-pajuloor-beez\/#breadcrumb\"},\"inLanguage\":\"et\",\"potentialAction\":[{\"@type\":\"ReadAction\",\"target\":[\"https:\/\/baubauwall.com\/et\/toode\/kordusmustriga-tapeet-pajuloor-beez\/\"]}]},{\"@type\":\"ImageObject\",\"inLanguage\":\"et\",\"@id\":\"https:\/\/baubauwall.com\/et\/toode\/kordusmustriga-tapeet-pajuloor-beez\/#primaryimage\",\"url\":\"https:\/\/baubauwall.com\/wp-content\/uploads\/2026\/03\/Wallpaper_Weeping_Willow_Beige_Baubauwall_Room-2.jpg\",\"contentUrl\":\"https:\/\/baubauwall.com\/wp-content\/uploads\/2026\/03\/Wallpaper_Weeping_Willow_Beige_Baubauwall_Room-2.jpg\",\"width\":2397,\"height\":1600},{\"@type\":\"BreadcrumbList\",\"@id\":\"https:\/\/baubauwall.com\/et\/toode\/kordusmustriga-tapeet-pajuloor-beez\/#breadcrumb\",\"itemListElement\":[{\"@type\":\"ListItem\",\"position\":1,\"name\":\"Koju\",\"item\":\"https:\/\/baubauwall.com\/et\/\"},{\"@type\":\"ListItem\",\"position\":2,\"name\":\"Tapeedid\",\"item\":\"https:\/\/baubauwall.com\/et\/tapeedid\/\"},{\"@type\":\"ListItem\",\"position\":3,\"name\":\"Pajuloor &#8211; bee\u017e\"}]},{\"@type\":\"WebSite\",\"@id\":\"https:\/\/baubauwall.com\/et\/#website\",\"url\":\"https:\/\/baubauwall.com\/et\/\",\"name\":\"BAUBAUWALL Wallpapers\",\"description\":\"Valmis paanides tapeet Eestist!\",\"publisher\":{\"@id\":\"https:\/\/baubauwall.com\/et\/#organization\"},\"potentialAction\":[{\"@type\":\"SearchAction\",\"target\":{\"@type\":\"EntryPoint\",\"urlTemplate\":\"https:\/\/baubauwall.com\/et\/?s={search_term_string}\"},\"query-input\":{\"@type\":\"PropertyValueSpecification\",\"valueRequired\":true,\"valueName\":\"search_term_string\"}}],\"inLanguage\":\"et\"},{\"@type\":\"Organization\",\"@id\":\"https:\/\/baubauwall.com\/et\/#organization\",\"name\":\"BAUBAUWALL Wallpapers\",\"url\":\"https:\/\/baubauwall.com\/et\/\",\"logo\":{\"@type\":\"ImageObject\",\"inLanguage\":\"et\",\"@id\":\"https:\/\/baubauwall.com\/et\/#\/schema\/logo\/image\/\",\"url\":\"https:\/\/baubauwall.com\/wp-content\/uploads\/2022\/03\/logo-horizontal.svg\",\"contentUrl\":\"https:\/\/baubauwall.com\/wp-content\/uploads\/2022\/03\/logo-horizontal.svg\",\"width\":\"1024\",\"height\":\"1024\",\"caption\":\"BAUBAUWALL Wallpapers\"},\"image\":{\"@id\":\"https:\/\/baubauwall.com\/et\/#\/schema\/logo\/image\/\"},\"sameAs\":[\"https:\/\/www.facebook.com\/Baubauwall\",\"https:\/\/www.instagram.com\/baubauwall\"]}]}<\/script>\n<!-- \/ Yoast SEO plugin. -->","yoast_head_json":{"title":"Pajudega bee\u017e tapeet | Pajuloor - bee\u017e - BAUBAUWALL TAPEEDID","description":"Bee\u017e tapeet pajudega sobib eriti h\u00e4sti koju, kus meeldivad loodusmotiivid, lihtsad vormid ja veidi jaapanip\u00e4rane vaoshoitus. Valmides paanides tapeet!","robots":{"index":"index","follow":"follow","max-snippet":"max-snippet:-1","max-image-preview":"max-image-preview:large","max-video-preview":"max-video-preview:-1"},"canonical":"https:\/\/baubauwall.com\/et\/toode\/kordusmustriga-tapeet-pajuloor-beez\/","og_locale":"et_EE","og_type":"article","og_title":"BAUBAUWALL TAPEEDID","og_description":"Bee\u017e tapeet pajudega sobib eriti h\u00e4sti koju, kus meeldivad loodusmotiivid, lihtsad vormid ja veidi jaapanip\u00e4rane vaoshoitus. Valmides paanides tapeet!","og_url":"https:\/\/baubauwall.com\/et\/toode\/kordusmustriga-tapeet-pajuloor-beez\/","og_site_name":"BAUBAUWALL TAPEEDID","article_publisher":"https:\/\/www.facebook.com\/Baubauwall","article_modified_time":"2026-03-09T15:00:15+00:00","og_image":[{"width":2397,"height":1600,"url":"https:\/\/baubauwall.com\/wp-content\/uploads\/2026\/03\/Wallpaper_Weeping_Willow_Beige_Baubauwall_Room-2.jpg","type":"image\/jpeg"}],"twitter_card":"summary_large_image","twitter_misc":{"Est. reading time":"2 minutit"},"schema":{"@context":"https:\/\/schema.org","@graph":[{"@type":"WebPage","@id":"https:\/\/baubauwall.com\/et\/toode\/kordusmustriga-tapeet-pajuloor-beez\/","url":"https:\/\/baubauwall.com\/et\/toode\/kordusmustriga-tapeet-pajuloor-beez\/","name":"Pajudega bee\u017e tapeet | Pajuloor - bee\u017e - BAUBAUWALL TAPEEDID","isPartOf":{"@id":"https:\/\/baubauwall.com\/et\/#website"},"primaryImageOfPage":{"@id":"https:\/\/baubauwall.com\/et\/toode\/kordusmustriga-tapeet-pajuloor-beez\/#primaryimage"},"image":{"@id":"https:\/\/baubauwall.com\/et\/toode\/kordusmustriga-tapeet-pajuloor-beez\/#primaryimage"},"thumbnailUrl":"https:\/\/baubauwall.com\/wp-content\/uploads\/2026\/03\/Wallpaper_Weeping_Willow_Beige_Baubauwall_Room-2.jpg","datePublished":"2026-03-06T14:17:20+00:00","dateModified":"2026-03-09T15:00:15+00:00","description":"Bee\u017e tapeet pajudega sobib eriti h\u00e4sti koju, kus meeldivad loodusmotiivid, lihtsad vormid ja veidi jaapanip\u00e4rane vaoshoitus. Valmides paanides tapeet!","breadcrumb":{"@id":"https:\/\/baubauwall.com\/et\/toode\/kordusmustriga-tapeet-pajuloor-beez\/#breadcrumb"},"inLanguage":"et","potentialAction":[{"@type":"ReadAction","target":["https:\/\/baubauwall.com\/et\/toode\/kordusmustriga-tapeet-pajuloor-beez\/"]}]},{"@type":"ImageObject","inLanguage":"et","@id":"https:\/\/baubauwall.com\/et\/toode\/kordusmustriga-tapeet-pajuloor-beez\/#primaryimage","url":"https:\/\/baubauwall.com\/wp-content\/uploads\/2026\/03\/Wallpaper_Weeping_Willow_Beige_Baubauwall_Room-2.jpg","contentUrl":"https:\/\/baubauwall.com\/wp-content\/uploads\/2026\/03\/Wallpaper_Weeping_Willow_Beige_Baubauwall_Room-2.jpg","width":2397,"height":1600},{"@type":"BreadcrumbList","@id":"https:\/\/baubauwall.com\/et\/toode\/kordusmustriga-tapeet-pajuloor-beez\/#breadcrumb","itemListElement":[{"@type":"ListItem","position":1,"name":"Koju","item":"https:\/\/baubauwall.com\/et\/"},{"@type":"ListItem","position":2,"name":"Tapeedid","item":"https:\/\/baubauwall.com\/et\/tapeedid\/"},{"@type":"ListItem","position":3,"name":"Pajuloor &#8211; bee\u017e"}]},{"@type":"WebSite","@id":"https:\/\/baubauwall.com\/et\/#website","url":"https:\/\/baubauwall.com\/et\/","name":"BAUBAUWALL Wallpapers","description":"Valmis paanides tapeet Eestist!","publisher":{"@id":"https:\/\/baubauwall.com\/et\/#organization"},"potentialAction":[{"@type":"SearchAction","target":{"@type":"EntryPoint","urlTemplate":"https:\/\/baubauwall.com\/et\/?s={search_term_string}"},"query-input":{"@type":"PropertyValueSpecification","valueRequired":true,"valueName":"search_term_string"}}],"inLanguage":"et"},{"@type":"Organization","@id":"https:\/\/baubauwall.com\/et\/#organization","name":"BAUBAUWALL Wallpapers","url":"https:\/\/baubauwall.com\/et\/","logo":{"@type":"ImageObject","inLanguage":"et","@id":"https:\/\/baubauwall.com\/et\/#\/schema\/logo\/image\/","url":"https:\/\/baubauwall.com\/wp-content\/uploads\/2022\/03\/logo-horizontal.svg","contentUrl":"https:\/\/baubauwall.com\/wp-content\/uploads\/2022\/03\/logo-horizontal.svg","width":"1024","height":"1024","caption":"BAUBAUWALL Wallpapers"},"image":{"@id":"https:\/\/baubauwall.com\/et\/#\/schema\/logo\/image\/"},"sameAs":["https:\/\/www.facebook.com\/Baubauwall","https:\/\/www.instagram.com\/baubauwall"]}]}},"jetpack_sharing_enabled":true,"_links":{"self":[{"href":"https:\/\/baubauwall.com\/et\/wp-json\/wp\/v2\/product\/47070","targetHints":{"allow":["GET"]}}],"collection":[{"href":"https:\/\/baubauwall.com\/et\/wp-json\/wp\/v2\/product"}],"about":[{"href":"https:\/\/baubauwall.com\/et\/wp-json\/wp\/v2\/types\/product"}],"replies":[{"embeddable":true,"href":"https:\/\/baubauwall.com\/et\/wp-json\/wp\/v2\/comments?post=47070"}],"wp:featuredmedia":[{"embeddable":true,"href":"https:\/\/baubauwall.com\/et\/wp-json\/wp\/v2\/media\/47077"}],"wp:attachment":[{"href":"https:\/\/baubauwall.com\/et\/wp-json\/wp\/v2\/media?parent=47070"}],"wp:term":[{"taxonomy":"product_brand","embeddable":true,"href":"https:\/\/baubauwall.com\/et\/wp-json\/wp\/v2\/product_brand?post=47070"},{"taxonomy":"product_cat","embeddable":true,"href":"https:\/\/baubauwall.com\/et\/wp-json\/wp\/v2\/product_cat?post=47070"},{"taxonomy":"product_tag","embeddable":true,"href":"https:\/\/baubauwall.com\/et\/wp-json\/wp\/v2\/product_tag?post=47070"}],"curies":[{"name":"wp","href":"https:\/\/api.w.org\/{rel}","templated":true}]}}