{"id":47087,"date":"2026-03-06T16:17:28","date_gmt":"2026-03-06T14:17:28","guid":{"rendered":"https:\/\/baubauwall.com\/product\/mural-wallpaper-homecoming-misty-grey\/"},"modified":"2026-03-12T15:34:30","modified_gmt":"2026-03-12T13:34:30","slug":"hall-pilttapeet-sume-kulg","status":"publish","type":"product","link":"https:\/\/baubauwall.com\/et\/toode\/hall-pilttapeet-sume-kulg\/","title":{"rendered":"Sume kulg"},"content":{"rendered":"<p>Helehall pilttapeet, mille Jaapnai maastikuvaade avab end Sulle kiht kihi haaval. H\u00f5ljuvad pilved, kauged m\u00e4en\u00f5lvad, \u00f5rnad puud ja \u00fcle kogu stseeni lendavad linnud maalivad seinale rahuliku liikumise. \u00d5huline tapeet, mille vesihall toon lubab seda sobitada paljudele pindadele m\u00f5jumata kuidagi koormavalt. Hall tapeet on hea valik magamistuppa, elutuppa, kodukontorisse &#8211; sinna, kuhu igatsed veidi iseloomu, ent vaoshoitult.<\/p>\n<p>Pilttapeedi inspiratsioon tuleb Jaapani kunsti ja k\u00e4sit\u00f6\u00f6 traditsioonidest, mis on ka kogu\u00a0<a href=\"https:\/\/baubauwall.com\/et\/tootekategooria\/tapeedi-kollektsioonid\/reverie-japandi-tapeedid\/\"><strong data-start=\"595\" data-end=\"606\">Reverie<\/strong><\/a> kollektsiooni aluseks. Hallil tapeedil on j\u00e4\u00e4dvustatud maastikuvaate rahu ja ilu, kasutades marmoreeringu ehk <em>suminagashi\u00a0<\/em>tehnikat kombineeritud k\u00e4sitsi maalitud detailidega.<\/p>\n<p><strong>Miks see pilttapeet v\u00f5iks Sulle meeldida?<\/strong><\/p>\n<ul>\n<li>Eesti disain Eesti ettev\u00f5telt<\/li>\n<li>Tr\u00fckime tapeedi t\u00e4pselt <a href=\"https:\/\/baubauwall.com\/et\/kuidas-see-tootab\/\">Sinu seina m\u00f5\u00f5du j\u00e4rgi<\/a><\/li>\n<li>Premium kategooria matt fliistapeet, valmistatud 100% taaskasutatud kiust<\/li>\n<li>M\u00fcrgivabad tr\u00fckiv\u00e4rvid,\u00a0<em>Greenguard<\/em>\u00a0sertifitseeritud<\/li>\n<li>Keskkonnateadlik ja j\u00e4\u00e4tmevaba tellimusp\u00f5hine tootmine<\/li>\n<li>Tapeediliim tuleb alati tasuta kaasa<\/li>\n<li>Tasuta transport ja kiire tarne 5 t\u00f6\u00f6p\u00e4evaga<\/li>\n<\/ul>\n<p data-path-to-node=\"2\"><em>&#8220;Reverie&#8221; on disainer <b data-path-to-node=\"2\" data-index-in-node=\"22\">Triinu Silla<\/b> loodud tapeedikollektsioon, mis ammutab inspiratsiooni traditsioonilise Jaapani kunsti ja k\u00e4sit\u00f6\u00f6 peenest elegantsist. Nendes disainides kohtuvad tapeetidel p\u00f5lised kunstitehnikad tunnetusliku tasakaalu, peente detailide ja lummavate vaadetega. <\/em><em>See on kollektsioon tapeete interj\u00f6\u00f6ridesse, kus v\u00e4\u00e4rtustatakse erilist atmosf\u00e4\u00e4ri, meisterlikkust ja vaoshoitud, vaikset ilu.<\/em><\/p>\n<p data-start=\"1428\" data-end=\"1594\">\n","protected":false},"excerpt":{"rendered":"<p>Helehall pilttapeet, mille Jaapnai maastikuvaade avab end Sulle kiht kihi haaval. H\u00f5ljuvad pilved, kauged m\u00e4en\u00f5lvad, \u00f5rnad puud ja \u00fcle kogu stseeni lendavad linnud maalivad seinale rahuliku liikumise. \u00d5huline tapeet, mille vesihall toon lubab seda sobitada paljudele pindadele m\u00f5jumata kuidagi koormavalt. Hall tapeet on hea valik magamistuppa, elutuppa, kodukontorisse &#8211; sinna, kuhu igatsed veidi iseloomu, ent [&hellip;]<\/p>\n","protected":false},"featured_media":47092,"comment_status":"open","ping_status":"closed","template":"","meta":{"_acf_changed":false,"inline_featured_image":false},"product_brand":[],"product_cat":[827,387,395,272,273,752,413,414,401,402,699,465,245,257],"product_tag":[334,294,345,828],"class_list":{"0":"post-47087","1":"product","2":"type-product","3":"status-publish","4":"has-post-thumbnail","6":"product_cat-reverie-japandi-tapeedid","7":"product_cat-pilttapeedid","8":"product_cat-romantiline","9":"product_cat-hallid-tapeedid","10":"product_cat-heledad-tapeedid","11":"product_cat-avalik-ruum","12":"product_cat-magamistoa-tapeedid","13":"product_cat-soogitoa-tapeedid","14":"product_cat-koogi-tapeedid","15":"product_cat-elutoa-tapeedid","16":"product_cat-eesti-disain-tapeedid","17":"product_cat-taevas-ja-pilved","18":"product_cat-maastik","19":"product_cat-linnud","20":"product_tag-japandi-et","21":"product_tag-mustvalge","22":"product_tag-pilttapeet","23":"product_tag-tapeedid-reverie-jaapani","25":"first","26":"instock","27":"taxable","28":"shipping-taxable","29":"purchasable","30":"product-type-simple"},"acf":[],"yoast_head":"<!-- This site is optimized with the Yoast SEO plugin v25.9 - https:\/\/yoast.com\/wordpress\/plugins\/seo\/ -->\n<title>Hall magamistoa tapeet | Sume kulg - BAUBAUWALL TAPEEDID<\/title>\n<meta name=\"description\" content=\"Hall tapeet, mis toob koju rahu ja tasakaalu. Udune maastik, kured ja puud loovad mnimalistliku fookuspunkti. Sinu seina m\u00f5\u00f5dus tapeedid, Eestist.\" \/>\n<meta name=\"robots\" content=\"index, follow, max-snippet:-1, max-image-preview:large, max-video-preview:-1\" \/>\n<link rel=\"canonical\" href=\"https:\/\/baubauwall.com\/et\/toode\/hall-pilttapeet-sume-kulg\/\" \/>\n<meta property=\"og:locale\" content=\"et_EE\" \/>\n<meta property=\"og:type\" content=\"article\" \/>\n<meta property=\"og:title\" content=\"BAUBAUWALL TAPEEDID\" \/>\n<meta property=\"og:description\" content=\"Hall tapeet, mis toob koju rahu ja tasakaalu. Udune maastik, kured ja puud loovad mnimalistliku fookuspunkti. Sinu seina m\u00f5\u00f5dus tapeedid, Eestist.\" \/>\n<meta property=\"og:url\" content=\"https:\/\/baubauwall.com\/et\/toode\/hall-pilttapeet-sume-kulg\/\" \/>\n<meta property=\"og:site_name\" content=\"BAUBAUWALL TAPEEDID\" \/>\n<meta property=\"article:publisher\" content=\"https:\/\/www.facebook.com\/Baubauwall\" \/>\n<meta property=\"article:modified_time\" content=\"2026-03-12T13:34:30+00:00\" \/>\n<meta property=\"og:image\" content=\"https:\/\/baubauwall.com\/wp-content\/uploads\/2025\/10\/Misty_Grey_Mural-Wallpaper_Homecoming_Baubauwall_51200530_room-1.jpg\" \/>\n\t<meta property=\"og:image:width\" content=\"2400\" \/>\n\t<meta property=\"og:image:height\" content=\"1600\" \/>\n\t<meta property=\"og:image:type\" content=\"image\/jpeg\" \/>\n<meta name=\"twitter:card\" content=\"summary_large_image\" \/>\n<meta name=\"twitter:label1\" content=\"Est. reading time\" \/>\n\t<meta name=\"twitter:data1\" content=\"1 minut\" \/>\n<script type=\"application\/ld+json\" class=\"yoast-schema-graph\">{\"@context\":\"https:\/\/schema.org\",\"@graph\":[{\"@type\":\"WebPage\",\"@id\":\"https:\/\/baubauwall.com\/et\/toode\/hall-pilttapeet-sume-kulg\/\",\"url\":\"https:\/\/baubauwall.com\/et\/toode\/hall-pilttapeet-sume-kulg\/\",\"name\":\"Hall magamistoa tapeet | Sume kulg - BAUBAUWALL TAPEEDID\",\"isPartOf\":{\"@id\":\"https:\/\/baubauwall.com\/et\/#website\"},\"primaryImageOfPage\":{\"@id\":\"https:\/\/baubauwall.com\/et\/toode\/hall-pilttapeet-sume-kulg\/#primaryimage\"},\"image\":{\"@id\":\"https:\/\/baubauwall.com\/et\/toode\/hall-pilttapeet-sume-kulg\/#primaryimage\"},\"thumbnailUrl\":\"https:\/\/baubauwall.com\/wp-content\/uploads\/2025\/10\/Misty_Grey_Mural-Wallpaper_Homecoming_Baubauwall_51200530_room-3.jpg\",\"datePublished\":\"2026-03-06T14:17:28+00:00\",\"dateModified\":\"2026-03-12T13:34:30+00:00\",\"description\":\"Hall tapeet, mis toob koju rahu ja tasakaalu. Udune maastik, kured ja puud loovad mnimalistliku fookuspunkti. Sinu seina m\u00f5\u00f5dus tapeedid, Eestist.\",\"breadcrumb\":{\"@id\":\"https:\/\/baubauwall.com\/et\/toode\/hall-pilttapeet-sume-kulg\/#breadcrumb\"},\"inLanguage\":\"et\",\"potentialAction\":[{\"@type\":\"ReadAction\",\"target\":[\"https:\/\/baubauwall.com\/et\/toode\/hall-pilttapeet-sume-kulg\/\"]}]},{\"@type\":\"ImageObject\",\"inLanguage\":\"et\",\"@id\":\"https:\/\/baubauwall.com\/et\/toode\/hall-pilttapeet-sume-kulg\/#primaryimage\",\"url\":\"https:\/\/baubauwall.com\/wp-content\/uploads\/2025\/10\/Misty_Grey_Mural-Wallpaper_Homecoming_Baubauwall_51200530_room-3.jpg\",\"contentUrl\":\"https:\/\/baubauwall.com\/wp-content\/uploads\/2025\/10\/Misty_Grey_Mural-Wallpaper_Homecoming_Baubauwall_51200530_room-3.jpg\",\"width\":2400,\"height\":1600,\"caption\":\"Flying birds panoramic mural wallpaper with mountains, grey sky, layered clouds and birds in flight\"},{\"@type\":\"BreadcrumbList\",\"@id\":\"https:\/\/baubauwall.com\/et\/toode\/hall-pilttapeet-sume-kulg\/#breadcrumb\",\"itemListElement\":[{\"@type\":\"ListItem\",\"position\":1,\"name\":\"Koju\",\"item\":\"https:\/\/baubauwall.com\/et\/\"},{\"@type\":\"ListItem\",\"position\":2,\"name\":\"Tapeedid\",\"item\":\"https:\/\/baubauwall.com\/et\/tapeedid\/\"},{\"@type\":\"ListItem\",\"position\":3,\"name\":\"Sume kulg\"}]},{\"@type\":\"WebSite\",\"@id\":\"https:\/\/baubauwall.com\/et\/#website\",\"url\":\"https:\/\/baubauwall.com\/et\/\",\"name\":\"BAUBAUWALL Wallpapers\",\"description\":\"Valmis paanides tapeet Eestist!\",\"publisher\":{\"@id\":\"https:\/\/baubauwall.com\/et\/#organization\"},\"potentialAction\":[{\"@type\":\"SearchAction\",\"target\":{\"@type\":\"EntryPoint\",\"urlTemplate\":\"https:\/\/baubauwall.com\/et\/?s={search_term_string}\"},\"query-input\":{\"@type\":\"PropertyValueSpecification\",\"valueRequired\":true,\"valueName\":\"search_term_string\"}}],\"inLanguage\":\"et\"},{\"@type\":\"Organization\",\"@id\":\"https:\/\/baubauwall.com\/et\/#organization\",\"name\":\"BAUBAUWALL Wallpapers\",\"url\":\"https:\/\/baubauwall.com\/et\/\",\"logo\":{\"@type\":\"ImageObject\",\"inLanguage\":\"et\",\"@id\":\"https:\/\/baubauwall.com\/et\/#\/schema\/logo\/image\/\",\"url\":\"https:\/\/baubauwall.com\/wp-content\/uploads\/2022\/03\/logo-horizontal.svg\",\"contentUrl\":\"https:\/\/baubauwall.com\/wp-content\/uploads\/2022\/03\/logo-horizontal.svg\",\"width\":\"1024\",\"height\":\"1024\",\"caption\":\"BAUBAUWALL Wallpapers\"},\"image\":{\"@id\":\"https:\/\/baubauwall.com\/et\/#\/schema\/logo\/image\/\"},\"sameAs\":[\"https:\/\/www.facebook.com\/Baubauwall\",\"https:\/\/www.instagram.com\/baubauwall\"]}]}<\/script>\n<!-- \/ Yoast SEO plugin. -->","yoast_head_json":{"title":"Hall magamistoa tapeet | Sume kulg - BAUBAUWALL TAPEEDID","description":"Hall tapeet, mis toob koju rahu ja tasakaalu. Udune maastik, kured ja puud loovad mnimalistliku fookuspunkti. Sinu seina m\u00f5\u00f5dus tapeedid, Eestist.","robots":{"index":"index","follow":"follow","max-snippet":"max-snippet:-1","max-image-preview":"max-image-preview:large","max-video-preview":"max-video-preview:-1"},"canonical":"https:\/\/baubauwall.com\/et\/toode\/hall-pilttapeet-sume-kulg\/","og_locale":"et_EE","og_type":"article","og_title":"BAUBAUWALL TAPEEDID","og_description":"Hall tapeet, mis toob koju rahu ja tasakaalu. Udune maastik, kured ja puud loovad mnimalistliku fookuspunkti. Sinu seina m\u00f5\u00f5dus tapeedid, Eestist.","og_url":"https:\/\/baubauwall.com\/et\/toode\/hall-pilttapeet-sume-kulg\/","og_site_name":"BAUBAUWALL TAPEEDID","article_publisher":"https:\/\/www.facebook.com\/Baubauwall","article_modified_time":"2026-03-12T13:34:30+00:00","og_image":[{"width":2400,"height":1600,"url":"https:\/\/baubauwall.com\/wp-content\/uploads\/2025\/10\/Misty_Grey_Mural-Wallpaper_Homecoming_Baubauwall_51200530_room-1.jpg","type":"image\/jpeg"}],"twitter_card":"summary_large_image","twitter_misc":{"Est. reading time":"1 minut"},"schema":{"@context":"https:\/\/schema.org","@graph":[{"@type":"WebPage","@id":"https:\/\/baubauwall.com\/et\/toode\/hall-pilttapeet-sume-kulg\/","url":"https:\/\/baubauwall.com\/et\/toode\/hall-pilttapeet-sume-kulg\/","name":"Hall magamistoa tapeet | Sume kulg - BAUBAUWALL TAPEEDID","isPartOf":{"@id":"https:\/\/baubauwall.com\/et\/#website"},"primaryImageOfPage":{"@id":"https:\/\/baubauwall.com\/et\/toode\/hall-pilttapeet-sume-kulg\/#primaryimage"},"image":{"@id":"https:\/\/baubauwall.com\/et\/toode\/hall-pilttapeet-sume-kulg\/#primaryimage"},"thumbnailUrl":"https:\/\/baubauwall.com\/wp-content\/uploads\/2025\/10\/Misty_Grey_Mural-Wallpaper_Homecoming_Baubauwall_51200530_room-3.jpg","datePublished":"2026-03-06T14:17:28+00:00","dateModified":"2026-03-12T13:34:30+00:00","description":"Hall tapeet, mis toob koju rahu ja tasakaalu. Udune maastik, kured ja puud loovad mnimalistliku fookuspunkti. Sinu seina m\u00f5\u00f5dus tapeedid, Eestist.","breadcrumb":{"@id":"https:\/\/baubauwall.com\/et\/toode\/hall-pilttapeet-sume-kulg\/#breadcrumb"},"inLanguage":"et","potentialAction":[{"@type":"ReadAction","target":["https:\/\/baubauwall.com\/et\/toode\/hall-pilttapeet-sume-kulg\/"]}]},{"@type":"ImageObject","inLanguage":"et","@id":"https:\/\/baubauwall.com\/et\/toode\/hall-pilttapeet-sume-kulg\/#primaryimage","url":"https:\/\/baubauwall.com\/wp-content\/uploads\/2025\/10\/Misty_Grey_Mural-Wallpaper_Homecoming_Baubauwall_51200530_room-3.jpg","contentUrl":"https:\/\/baubauwall.com\/wp-content\/uploads\/2025\/10\/Misty_Grey_Mural-Wallpaper_Homecoming_Baubauwall_51200530_room-3.jpg","width":2400,"height":1600,"caption":"Flying birds panoramic mural wallpaper with mountains, grey sky, layered clouds and birds in flight"},{"@type":"BreadcrumbList","@id":"https:\/\/baubauwall.com\/et\/toode\/hall-pilttapeet-sume-kulg\/#breadcrumb","itemListElement":[{"@type":"ListItem","position":1,"name":"Koju","item":"https:\/\/baubauwall.com\/et\/"},{"@type":"ListItem","position":2,"name":"Tapeedid","item":"https:\/\/baubauwall.com\/et\/tapeedid\/"},{"@type":"ListItem","position":3,"name":"Sume kulg"}]},{"@type":"WebSite","@id":"https:\/\/baubauwall.com\/et\/#website","url":"https:\/\/baubauwall.com\/et\/","name":"BAUBAUWALL Wallpapers","description":"Valmis paanides tapeet Eestist!","publisher":{"@id":"https:\/\/baubauwall.com\/et\/#organization"},"potentialAction":[{"@type":"SearchAction","target":{"@type":"EntryPoint","urlTemplate":"https:\/\/baubauwall.com\/et\/?s={search_term_string}"},"query-input":{"@type":"PropertyValueSpecification","valueRequired":true,"valueName":"search_term_string"}}],"inLanguage":"et"},{"@type":"Organization","@id":"https:\/\/baubauwall.com\/et\/#organization","name":"BAUBAUWALL Wallpapers","url":"https:\/\/baubauwall.com\/et\/","logo":{"@type":"ImageObject","inLanguage":"et","@id":"https:\/\/baubauwall.com\/et\/#\/schema\/logo\/image\/","url":"https:\/\/baubauwall.com\/wp-content\/uploads\/2022\/03\/logo-horizontal.svg","contentUrl":"https:\/\/baubauwall.com\/wp-content\/uploads\/2022\/03\/logo-horizontal.svg","width":"1024","height":"1024","caption":"BAUBAUWALL Wallpapers"},"image":{"@id":"https:\/\/baubauwall.com\/et\/#\/schema\/logo\/image\/"},"sameAs":["https:\/\/www.facebook.com\/Baubauwall","https:\/\/www.instagram.com\/baubauwall"]}]}},"jetpack_sharing_enabled":true,"_links":{"self":[{"href":"https:\/\/baubauwall.com\/et\/wp-json\/wp\/v2\/product\/47087","targetHints":{"allow":["GET"]}}],"collection":[{"href":"https:\/\/baubauwall.com\/et\/wp-json\/wp\/v2\/product"}],"about":[{"href":"https:\/\/baubauwall.com\/et\/wp-json\/wp\/v2\/types\/product"}],"replies":[{"embeddable":true,"href":"https:\/\/baubauwall.com\/et\/wp-json\/wp\/v2\/comments?post=47087"}],"wp:featuredmedia":[{"embeddable":true,"href":"https:\/\/baubauwall.com\/et\/wp-json\/wp\/v2\/media\/47092"}],"wp:attachment":[{"href":"https:\/\/baubauwall.com\/et\/wp-json\/wp\/v2\/media?parent=47087"}],"wp:term":[{"taxonomy":"product_brand","embeddable":true,"href":"https:\/\/baubauwall.com\/et\/wp-json\/wp\/v2\/product_brand?post=47087"},{"taxonomy":"product_cat","embeddable":true,"href":"https:\/\/baubauwall.com\/et\/wp-json\/wp\/v2\/product_cat?post=47087"},{"taxonomy":"product_tag","embeddable":true,"href":"https:\/\/baubauwall.com\/et\/wp-json\/wp\/v2\/product_tag?post=47087"}],"curies":[{"name":"wp","href":"https:\/\/api.w.org\/{rel}","templated":true}]}}