{"id":47117,"date":"2026-03-06T16:17:28","date_gmt":"2026-03-06T14:17:28","guid":{"rendered":"https:\/\/baubauwall.com\/product\/wallpaper-rakuware-cafe-crema\/"},"modified":"2026-03-12T14:45:40","modified_gmt":"2026-03-12T12:45:40","slug":"tapeet-rakuware-koorekohv","status":"publish","type":"product","link":"https:\/\/baubauwall.com\/et\/toode\/tapeet-rakuware-koorekohv\/","title":{"rendered":"Rakuware &#8211; koorekohv"},"content":{"rendered":"<p data-start=\"96\" data-end=\"515\">P\u00f5neva mustriga bee\u017e tapeet, mille rahulik, skulpturaalne r\u00fctm toob seinale teadliku karakteri. Erinevad vaaside ja anumate vormide muster m\u00f5jub nagu v\u00e4ike galerii seinal! Koorekohvi bee\u017e taust lisab tapeedimustrile soojust ja loob hea pinna, millelt keraamilised vormid kaunilt esile t\u00f5usevad.<\/p>\n<p data-start=\"517\" data-end=\"1061\">Tapeedi nimi viitab Jaapani raku-keraamikale, mida hinnatakse selle lihtsuse ja loomuliku ebat\u00e4iuslikkuse poolest. Raku-esemete ilu peitub sageli just nende vahetus iseloomus \u2013 pindades, mis ei ole liiga korrap\u00e4rased. Sama tunne on p\u00fc\u00fctud ka sellele tapeedile.<\/p>\n<p data-start=\"1433\" data-end=\"1947\">Rakuware tapeet sobib h\u00e4sti v\u00e4iksematele pindadele &#8211; n\u00e4iteks k\u00f6\u00f6gi t\u00f6\u00f6tasapinna taust v\u00f5i hoopis magamistoa peeglilaua taust.<\/p>\n<p><strong>Miks see pilttapeet v\u00f5iks Sulle meeldida?<\/strong><\/p>\n<ul>\n<li>Eesti disain Eesti ettev\u00f5telt<\/li>\n<li>Tr\u00fckime tapeedi t\u00e4pselt\u00a0<a href=\"https:\/\/baubauwall.com\/et\/kuidas-see-tootab\/\">Sinu seina m\u00f5\u00f5du j\u00e4rgi<\/a><\/li>\n<li>Premium kategooria matt fliistapeet, valmistatud 100% taaskasutatud kiust<\/li>\n<li>M\u00fcrgivabad tr\u00fckiv\u00e4rvid,\u00a0<em>Greenguard<\/em>\u00a0sertifitseeritud<\/li>\n<li>Keskkonnateadlik ja j\u00e4\u00e4tmevaba tellimusp\u00f5hine tootmine<\/li>\n<li>Tapeediliim tuleb alati tasuta kaasa<\/li>\n<li>Tasuta transport ja kiire tarne 5 t\u00f6\u00f6p\u00e4evaga<\/li>\n<\/ul>\n<p data-path-to-node=\"2\"><em>\u201c<a href=\"https:\/\/baubauwall.com\/et\/tootekategooria\/tapeedi-kollektsioonid\/reverie-japandi-tapeedid\/\">Reverie<\/a>\u201d on disainer\u00a0<b data-path-to-node=\"2\" data-index-in-node=\"22\">Triinu Silla<\/b>\u00a0loodud tapeedikollektsioon, mis ammutab inspiratsiooni traditsioonilise Jaapani kunsti ja k\u00e4sit\u00f6\u00f6 peenest elegantsist. Nendes disainides kohtuvad tapeetidel p\u00f5lised kunstitehnikad tunnetusliku tasakaalu, peente detailide ja lummavate vaadetega.\u00a0<\/em><em>See on kollektsioon erilisi tapeete interj\u00f6\u00f6ridesse, kus v\u00e4\u00e4rtustatakse atmosf\u00e4\u00e4ri, meisterlikkust ja vaoshoitud, vaikset ilu.<\/em><\/p>\n","protected":false},"excerpt":{"rendered":"<p>P\u00f5neva mustriga bee\u017e tapeet, mille rahulik, skulpturaalne r\u00fctm toob seinale teadliku karakteri. Erinevad vaaside ja anumate vormide muster m\u00f5jub nagu v\u00e4ike galerii seinal! Koorekohvi bee\u017e taust lisab tapeedimustrile soojust ja loob hea pinna, millelt keraamilised vormid kaunilt esile t\u00f5usevad. Tapeedi nimi viitab Jaapani raku-keraamikale, mida hinnatakse selle lihtsuse ja loomuliku ebat\u00e4iuslikkuse poolest. Raku-esemete ilu peitub [&hellip;]<\/p>\n","protected":false},"featured_media":47464,"comment_status":"open","ping_status":"closed","template":"","meta":{"_acf_changed":false,"inline_featured_image":false},"product_brand":[],"product_cat":[827,386,265,276,752,413,415,401,402,699],"product_tag":[334,320,828],"class_list":{"0":"post-47117","1":"product","2":"type-product","3":"status-publish","4":"has-post-thumbnail","6":"product_cat-reverie-japandi-tapeedid","7":"product_cat-kordusmustriga-tapeedid","8":"product_cat-beezid-tapeedid","9":"product_cat-pastelsed-tapeedid","10":"product_cat-avalik-ruum","11":"product_cat-magamistoa-tapeedid","12":"product_cat-kulalistetoa-tapeedid","13":"product_cat-koogi-tapeedid","14":"product_cat-elutoa-tapeedid","15":"product_cat-eesti-disain-tapeedid","16":"product_tag-japandi-et","17":"product_tag-kasitoo","18":"product_tag-tapeedid-reverie-jaapani","20":"first","21":"instock","22":"taxable","23":"shipping-taxable","24":"purchasable","25":"product-type-simple"},"acf":[],"yoast_head":"<!-- This site is optimized with the Yoast SEO plugin v25.9 - https:\/\/yoast.com\/wordpress\/plugins\/seo\/ -->\n<title>K\u00f6\u00f6gi t\u00f6\u00f6tasapinna tapeet - Rakuware - koorekohv - BAUBAUWALL TAPEEDID<\/title>\n<meta name=\"description\" content=\"Bee\u017e tapeet, mis sobib muuhulgas k\u00f6\u00f6gi t\u00f6\u00f6tasapinna taustale. Nii on toiduvalmistamine lihtsalt meelolukam! Sinu seina suuruses tapeedid Baubauwallist.\" \/>\n<meta name=\"robots\" content=\"index, follow, max-snippet:-1, max-image-preview:large, max-video-preview:-1\" \/>\n<link rel=\"canonical\" href=\"https:\/\/baubauwall.com\/et\/toode\/tapeet-rakuware-koorekohv\/\" \/>\n<meta property=\"og:locale\" content=\"et_EE\" \/>\n<meta property=\"og:type\" content=\"article\" \/>\n<meta property=\"og:title\" content=\"BAUBAUWALL TAPEEDID\" \/>\n<meta property=\"og:description\" content=\"Bee\u017e tapeet, mis sobib muuhulgas k\u00f6\u00f6gi t\u00f6\u00f6tasapinna taustale. Nii on toiduvalmistamine lihtsalt meelolukam! Sinu seina suuruses tapeedid Baubauwallist.\" \/>\n<meta property=\"og:url\" content=\"https:\/\/baubauwall.com\/et\/toode\/tapeet-rakuware-koorekohv\/\" \/>\n<meta property=\"og:site_name\" content=\"BAUBAUWALL TAPEEDID\" \/>\n<meta property=\"article:publisher\" content=\"https:\/\/www.facebook.com\/Baubauwall\" \/>\n<meta property=\"article:modified_time\" content=\"2026-03-12T12:45:40+00:00\" \/>\n<meta property=\"og:image\" content=\"https:\/\/baubauwall.com\/wp-content\/uploads\/2024\/11\/51100515_RakuwareCafeCrema_Baubauwall_Wallpaper_room3.jpg\" \/>\n\t<meta property=\"og:image:width\" content=\"2399\" \/>\n\t<meta property=\"og:image:height\" content=\"1600\" \/>\n\t<meta property=\"og:image:type\" content=\"image\/jpeg\" \/>\n<meta name=\"twitter:card\" content=\"summary_large_image\" \/>\n<meta name=\"twitter:label1\" content=\"Est. reading time\" \/>\n\t<meta name=\"twitter:data1\" content=\"1 minut\" \/>\n<script type=\"application\/ld+json\" class=\"yoast-schema-graph\">{\"@context\":\"https:\/\/schema.org\",\"@graph\":[{\"@type\":\"WebPage\",\"@id\":\"https:\/\/baubauwall.com\/et\/toode\/tapeet-rakuware-koorekohv\/\",\"url\":\"https:\/\/baubauwall.com\/et\/toode\/tapeet-rakuware-koorekohv\/\",\"name\":\"K\u00f6\u00f6gi t\u00f6\u00f6tasapinna tapeet - Rakuware - koorekohv - BAUBAUWALL TAPEEDID\",\"isPartOf\":{\"@id\":\"https:\/\/baubauwall.com\/et\/#website\"},\"primaryImageOfPage\":{\"@id\":\"https:\/\/baubauwall.com\/et\/toode\/tapeet-rakuware-koorekohv\/#primaryimage\"},\"image\":{\"@id\":\"https:\/\/baubauwall.com\/et\/toode\/tapeet-rakuware-koorekohv\/#primaryimage\"},\"thumbnailUrl\":\"https:\/\/baubauwall.com\/wp-content\/uploads\/2026\/03\/51100515_RakuwareCafeCrema_Baubauwall_Wallpaper_room1-2.jpg\",\"datePublished\":\"2026-03-06T14:17:28+00:00\",\"dateModified\":\"2026-03-12T12:45:40+00:00\",\"description\":\"Bee\u017e tapeet, mis sobib muuhulgas k\u00f6\u00f6gi t\u00f6\u00f6tasapinna taustale. Nii on toiduvalmistamine lihtsalt meelolukam! Sinu seina suuruses tapeedid Baubauwallist.\",\"breadcrumb\":{\"@id\":\"https:\/\/baubauwall.com\/et\/toode\/tapeet-rakuware-koorekohv\/#breadcrumb\"},\"inLanguage\":\"et\",\"potentialAction\":[{\"@type\":\"ReadAction\",\"target\":[\"https:\/\/baubauwall.com\/et\/toode\/tapeet-rakuware-koorekohv\/\"]}]},{\"@type\":\"ImageObject\",\"inLanguage\":\"et\",\"@id\":\"https:\/\/baubauwall.com\/et\/toode\/tapeet-rakuware-koorekohv\/#primaryimage\",\"url\":\"https:\/\/baubauwall.com\/wp-content\/uploads\/2026\/03\/51100515_RakuwareCafeCrema_Baubauwall_Wallpaper_room1-2.jpg\",\"contentUrl\":\"https:\/\/baubauwall.com\/wp-content\/uploads\/2026\/03\/51100515_RakuwareCafeCrema_Baubauwall_Wallpaper_room1-2.jpg\",\"width\":2400,\"height\":1600,\"caption\":\"Hele, eutoa tapeet Japandi stiilis. Baubauwall tapeedid Eestist\"},{\"@type\":\"BreadcrumbList\",\"@id\":\"https:\/\/baubauwall.com\/et\/toode\/tapeet-rakuware-koorekohv\/#breadcrumb\",\"itemListElement\":[{\"@type\":\"ListItem\",\"position\":1,\"name\":\"Koju\",\"item\":\"https:\/\/baubauwall.com\/et\/\"},{\"@type\":\"ListItem\",\"position\":2,\"name\":\"Tapeedid\",\"item\":\"https:\/\/baubauwall.com\/et\/tapeedid\/\"},{\"@type\":\"ListItem\",\"position\":3,\"name\":\"Rakuware &#8211; koorekohv\"}]},{\"@type\":\"WebSite\",\"@id\":\"https:\/\/baubauwall.com\/et\/#website\",\"url\":\"https:\/\/baubauwall.com\/et\/\",\"name\":\"BAUBAUWALL Wallpapers\",\"description\":\"Valmis paanides tapeet Eestist!\",\"publisher\":{\"@id\":\"https:\/\/baubauwall.com\/et\/#organization\"},\"potentialAction\":[{\"@type\":\"SearchAction\",\"target\":{\"@type\":\"EntryPoint\",\"urlTemplate\":\"https:\/\/baubauwall.com\/et\/?s={search_term_string}\"},\"query-input\":{\"@type\":\"PropertyValueSpecification\",\"valueRequired\":true,\"valueName\":\"search_term_string\"}}],\"inLanguage\":\"et\"},{\"@type\":\"Organization\",\"@id\":\"https:\/\/baubauwall.com\/et\/#organization\",\"name\":\"BAUBAUWALL Wallpapers\",\"url\":\"https:\/\/baubauwall.com\/et\/\",\"logo\":{\"@type\":\"ImageObject\",\"inLanguage\":\"et\",\"@id\":\"https:\/\/baubauwall.com\/et\/#\/schema\/logo\/image\/\",\"url\":\"https:\/\/baubauwall.com\/wp-content\/uploads\/2022\/03\/logo-horizontal.svg\",\"contentUrl\":\"https:\/\/baubauwall.com\/wp-content\/uploads\/2022\/03\/logo-horizontal.svg\",\"width\":\"1024\",\"height\":\"1024\",\"caption\":\"BAUBAUWALL Wallpapers\"},\"image\":{\"@id\":\"https:\/\/baubauwall.com\/et\/#\/schema\/logo\/image\/\"},\"sameAs\":[\"https:\/\/www.facebook.com\/Baubauwall\",\"https:\/\/www.instagram.com\/baubauwall\"]}]}<\/script>\n<!-- \/ Yoast SEO plugin. -->","yoast_head_json":{"title":"K\u00f6\u00f6gi t\u00f6\u00f6tasapinna tapeet - Rakuware - koorekohv - BAUBAUWALL TAPEEDID","description":"Bee\u017e tapeet, mis sobib muuhulgas k\u00f6\u00f6gi t\u00f6\u00f6tasapinna taustale. Nii on toiduvalmistamine lihtsalt meelolukam! Sinu seina suuruses tapeedid Baubauwallist.","robots":{"index":"index","follow":"follow","max-snippet":"max-snippet:-1","max-image-preview":"max-image-preview:large","max-video-preview":"max-video-preview:-1"},"canonical":"https:\/\/baubauwall.com\/et\/toode\/tapeet-rakuware-koorekohv\/","og_locale":"et_EE","og_type":"article","og_title":"BAUBAUWALL TAPEEDID","og_description":"Bee\u017e tapeet, mis sobib muuhulgas k\u00f6\u00f6gi t\u00f6\u00f6tasapinna taustale. Nii on toiduvalmistamine lihtsalt meelolukam! Sinu seina suuruses tapeedid Baubauwallist.","og_url":"https:\/\/baubauwall.com\/et\/toode\/tapeet-rakuware-koorekohv\/","og_site_name":"BAUBAUWALL TAPEEDID","article_publisher":"https:\/\/www.facebook.com\/Baubauwall","article_modified_time":"2026-03-12T12:45:40+00:00","og_image":[{"width":2399,"height":1600,"url":"https:\/\/baubauwall.com\/wp-content\/uploads\/2024\/11\/51100515_RakuwareCafeCrema_Baubauwall_Wallpaper_room3.jpg","type":"image\/jpeg"}],"twitter_card":"summary_large_image","twitter_misc":{"Est. reading time":"1 minut"},"schema":{"@context":"https:\/\/schema.org","@graph":[{"@type":"WebPage","@id":"https:\/\/baubauwall.com\/et\/toode\/tapeet-rakuware-koorekohv\/","url":"https:\/\/baubauwall.com\/et\/toode\/tapeet-rakuware-koorekohv\/","name":"K\u00f6\u00f6gi t\u00f6\u00f6tasapinna tapeet - Rakuware - koorekohv - BAUBAUWALL TAPEEDID","isPartOf":{"@id":"https:\/\/baubauwall.com\/et\/#website"},"primaryImageOfPage":{"@id":"https:\/\/baubauwall.com\/et\/toode\/tapeet-rakuware-koorekohv\/#primaryimage"},"image":{"@id":"https:\/\/baubauwall.com\/et\/toode\/tapeet-rakuware-koorekohv\/#primaryimage"},"thumbnailUrl":"https:\/\/baubauwall.com\/wp-content\/uploads\/2026\/03\/51100515_RakuwareCafeCrema_Baubauwall_Wallpaper_room1-2.jpg","datePublished":"2026-03-06T14:17:28+00:00","dateModified":"2026-03-12T12:45:40+00:00","description":"Bee\u017e tapeet, mis sobib muuhulgas k\u00f6\u00f6gi t\u00f6\u00f6tasapinna taustale. Nii on toiduvalmistamine lihtsalt meelolukam! Sinu seina suuruses tapeedid Baubauwallist.","breadcrumb":{"@id":"https:\/\/baubauwall.com\/et\/toode\/tapeet-rakuware-koorekohv\/#breadcrumb"},"inLanguage":"et","potentialAction":[{"@type":"ReadAction","target":["https:\/\/baubauwall.com\/et\/toode\/tapeet-rakuware-koorekohv\/"]}]},{"@type":"ImageObject","inLanguage":"et","@id":"https:\/\/baubauwall.com\/et\/toode\/tapeet-rakuware-koorekohv\/#primaryimage","url":"https:\/\/baubauwall.com\/wp-content\/uploads\/2026\/03\/51100515_RakuwareCafeCrema_Baubauwall_Wallpaper_room1-2.jpg","contentUrl":"https:\/\/baubauwall.com\/wp-content\/uploads\/2026\/03\/51100515_RakuwareCafeCrema_Baubauwall_Wallpaper_room1-2.jpg","width":2400,"height":1600,"caption":"Hele, eutoa tapeet Japandi stiilis. Baubauwall tapeedid Eestist"},{"@type":"BreadcrumbList","@id":"https:\/\/baubauwall.com\/et\/toode\/tapeet-rakuware-koorekohv\/#breadcrumb","itemListElement":[{"@type":"ListItem","position":1,"name":"Koju","item":"https:\/\/baubauwall.com\/et\/"},{"@type":"ListItem","position":2,"name":"Tapeedid","item":"https:\/\/baubauwall.com\/et\/tapeedid\/"},{"@type":"ListItem","position":3,"name":"Rakuware &#8211; koorekohv"}]},{"@type":"WebSite","@id":"https:\/\/baubauwall.com\/et\/#website","url":"https:\/\/baubauwall.com\/et\/","name":"BAUBAUWALL Wallpapers","description":"Valmis paanides tapeet Eestist!","publisher":{"@id":"https:\/\/baubauwall.com\/et\/#organization"},"potentialAction":[{"@type":"SearchAction","target":{"@type":"EntryPoint","urlTemplate":"https:\/\/baubauwall.com\/et\/?s={search_term_string}"},"query-input":{"@type":"PropertyValueSpecification","valueRequired":true,"valueName":"search_term_string"}}],"inLanguage":"et"},{"@type":"Organization","@id":"https:\/\/baubauwall.com\/et\/#organization","name":"BAUBAUWALL Wallpapers","url":"https:\/\/baubauwall.com\/et\/","logo":{"@type":"ImageObject","inLanguage":"et","@id":"https:\/\/baubauwall.com\/et\/#\/schema\/logo\/image\/","url":"https:\/\/baubauwall.com\/wp-content\/uploads\/2022\/03\/logo-horizontal.svg","contentUrl":"https:\/\/baubauwall.com\/wp-content\/uploads\/2022\/03\/logo-horizontal.svg","width":"1024","height":"1024","caption":"BAUBAUWALL Wallpapers"},"image":{"@id":"https:\/\/baubauwall.com\/et\/#\/schema\/logo\/image\/"},"sameAs":["https:\/\/www.facebook.com\/Baubauwall","https:\/\/www.instagram.com\/baubauwall"]}]}},"jetpack_sharing_enabled":true,"_links":{"self":[{"href":"https:\/\/baubauwall.com\/et\/wp-json\/wp\/v2\/product\/47117","targetHints":{"allow":["GET"]}}],"collection":[{"href":"https:\/\/baubauwall.com\/et\/wp-json\/wp\/v2\/product"}],"about":[{"href":"https:\/\/baubauwall.com\/et\/wp-json\/wp\/v2\/types\/product"}],"replies":[{"embeddable":true,"href":"https:\/\/baubauwall.com\/et\/wp-json\/wp\/v2\/comments?post=47117"}],"wp:featuredmedia":[{"embeddable":true,"href":"https:\/\/baubauwall.com\/et\/wp-json\/wp\/v2\/media\/47464"}],"wp:attachment":[{"href":"https:\/\/baubauwall.com\/et\/wp-json\/wp\/v2\/media?parent=47117"}],"wp:term":[{"taxonomy":"product_brand","embeddable":true,"href":"https:\/\/baubauwall.com\/et\/wp-json\/wp\/v2\/product_brand?post=47117"},{"taxonomy":"product_cat","embeddable":true,"href":"https:\/\/baubauwall.com\/et\/wp-json\/wp\/v2\/product_cat?post=47117"},{"taxonomy":"product_tag","embeddable":true,"href":"https:\/\/baubauwall.com\/et\/wp-json\/wp\/v2\/product_tag?post=47117"}],"curies":[{"name":"wp","href":"https:\/\/api.w.org\/{rel}","templated":true}]}}