{"id":47136,"date":"2026-03-06T16:17:28","date_gmt":"2026-03-06T14:17:28","guid":{"rendered":"https:\/\/baubauwall.com\/product\/mural-wallpaper-suminagashi-mahogany-brown\/"},"modified":"2026-03-09T13:57:24","modified_gmt":"2026-03-09T11:57:24","slug":"pilttapeet-suminagashi-punakaspruun","status":"publish","type":"product","link":"https:\/\/baubauwall.com\/et\/toode\/pilttapeet-suminagashi-punakaspruun\/","title":{"rendered":"Suminagashi &#8211; punakaspruun"},"content":{"rendered":"<p data-start=\"904\" data-end=\"1176\">Tume tapeet, mille rahulik ja voolav muster on inspireeritud Jaapani iidsest <em>suminagashi<\/em> tehnikast \u2013 tindiga vee pinnale loodud \u00f5rnast marmoreerivast kujundikeelest. Tulemuseks on l\u00e4bim\u00f5eldud disaintapeet, mis m\u00f5jub \u00fchtaegu pehmelt, s\u00fcgavalt ja rafineeritult.<\/p>\n<p data-start=\"1178\" data-end=\"1480\">Pilttapeedi kompositsioon jaguneb kaheks pehmelt lainetavaks alaks. See loob ruumis m\u00f5nusa m\u00f5\u00f5tme: ruuge \u00fclaosa annab seinale\u00a0 raami ja fookuse, marmoreeritud alumine ala toob interj\u00f6\u00f6ri tekstuuri. Magamistoas m\u00f5jub tumepruun tapeet eriti h\u00e4sti \u2013 tumedate toonide kooslus\u00a0 loob pehme ja hoitud atmosf\u00e4\u00e4ri.<\/p>\n<p data-start=\"1482\" data-end=\"1781\">Suminagashi tume pilttapeet sobib h\u00e4sti modernsesse japandi stiilis interj\u00f6\u00f6ri. Pruunikad toonid lisavad ruumi hubasust, karakterit ja loomulikku soojust. See tume tapeet t\u00f6\u00f6tab\u00a0 ka h\u00e4sti elutoas v\u00f5i avalikus ruumis, kus soovid luua rahulikku, naturaalset ja l\u00e4bim\u00f5eldud meeleolu.<\/p>\n<p><strong>Miks see pilttapeet v\u00f5iks Sulle meeldida?<\/strong><\/p>\n<ul>\n<li>Eesti disain Eesti ettev\u00f5telt<\/li>\n<li>Tr\u00fckime tapeedi t\u00e4pselt <a href=\"https:\/\/baubauwall.com\/et\/kuidas-see-tootab\/\">Sinu seina m\u00f5\u00f5du j\u00e4rgi<\/a><\/li>\n<li>Premium kategooria matt fliistapeet, valmistatud 100% taaskasutatud kiust<\/li>\n<li>M\u00fcrgivabad tr\u00fckiv\u00e4rvid,\u00a0<em>Greenguard<\/em>\u00a0sertifitseeritud<\/li>\n<li>Keskkonnateadlik ja j\u00e4\u00e4tmevaba tellimusp\u00f5hine tootmine<\/li>\n<li>Tapeediliim tuleb alati tasuta kaasa<\/li>\n<li>Tasuta transport ja kiire tarne 5 t\u00f6\u00f6p\u00e4evaga<\/li>\n<\/ul>\n<p data-path-to-node=\"2\"><em>&#8220;Reverie&#8221; on disainer <b data-path-to-node=\"2\" data-index-in-node=\"22\">Triinu Silla<\/b> loodud tapeedikollektsioon, mis ammutab inspiratsiooni traditsioonilise Jaapani kunsti ja k\u00e4sit\u00f6\u00f6 peenest elegantsist. Nendes disainides kohtuvad tapeetidel p\u00f5lised kunstitehnikad tunnetusliku tasakaalu, peente detailide ja lummavate vaadetega. <\/em><em>See on kollektsioon tapeete interj\u00f6\u00f6ridesse, kus v\u00e4\u00e4rtustatakse erilist atmosf\u00e4\u00e4ri, meisterlikkust ja vaoshoitud, vaikset ilu.<\/em><\/p>\n<p data-start=\"1428\" data-end=\"1594\">\n","protected":false},"excerpt":{"rendered":"<p>Tume tapeet, mille rahulik ja voolav muster on inspireeritud Jaapani iidsest suminagashi tehnikast \u2013 tindiga vee pinnale loodud \u00f5rnast marmoreerivast kujundikeelest. Tulemuseks on l\u00e4bim\u00f5eldud disaintapeet, mis m\u00f5jub \u00fchtaegu pehmelt, s\u00fcgavalt ja rafineeritult. Pilttapeedi kompositsioon jaguneb kaheks pehmelt lainetavaks alaks. See loob ruumis m\u00f5nusa m\u00f5\u00f5tme: ruuge \u00fclaosa annab seinale\u00a0 raami ja fookuse, marmoreeritud alumine ala toob [&hellip;]<\/p>\n","protected":false},"featured_media":47139,"comment_status":"open","ping_status":"closed","template":"","meta":{"_acf_changed":false,"inline_featured_image":false},"product_brand":[],"product_cat":[827,387,622,393,269,270,752,413,414,415,416,402,699,245,254,260,230],"product_tag":[334,320,345,828],"class_list":{"0":"post-47136","1":"product","2":"type-product","3":"status-publish","4":"has-post-thumbnail","6":"product_cat-reverie-japandi-tapeedid","7":"product_cat-pilttapeedid","8":"product_cat-julged-tapeedid","9":"product_cat-idamaine","10":"product_cat-pruunid-tapeedid","11":"product_cat-tumedad-tapeedid","12":"product_cat-avalik-ruum","13":"product_cat-magamistoa-tapeedid","14":"product_cat-soogitoa-tapeedid","15":"product_cat-kulalistetoa-tapeedid","16":"product_cat-esiku-tapeedid","17":"product_cat-elutoa-tapeedid","18":"product_cat-eesti-disain-tapeedid","19":"product_cat-maastik","20":"product_cat-loodus","21":"product_cat-lilled","22":"product_cat-marmor","23":"product_tag-japandi-et","24":"product_tag-kasitoo","25":"product_tag-pilttapeet","26":"product_tag-tapeedid-reverie-jaapani","28":"first","29":"instock","30":"taxable","31":"shipping-taxable","32":"purchasable","33":"product-type-simple"},"acf":[],"yoast_head":"<!-- This site is optimized with the Yoast SEO plugin v25.9 - https:\/\/yoast.com\/wordpress\/plugins\/seo\/ -->\n<title>Tume tapeet | Suminagashi - punakaspruun<\/title>\n<meta name=\"description\" content=\"P\u00f5nevalt tume tapeet Japandi stiilis. Disain kasutab marmoreeringu tehnikat, luues justkui marmori ja vedeliku tekstuuri tapeedi pinnale.\" \/>\n<meta name=\"robots\" content=\"index, follow, max-snippet:-1, max-image-preview:large, max-video-preview:-1\" \/>\n<link rel=\"canonical\" href=\"https:\/\/baubauwall.com\/et\/toode\/pilttapeet-suminagashi-punakaspruun\/\" \/>\n<meta property=\"og:locale\" content=\"et_EE\" \/>\n<meta property=\"og:type\" content=\"article\" \/>\n<meta property=\"og:title\" content=\"BAUBAUWALL TAPEEDID\" \/>\n<meta property=\"og:description\" content=\"P\u00f5nevalt tume tapeet Japandi stiilis. Disain kasutab marmoreeringu tehnikat, luues justkui marmori ja vedeliku tekstuuri tapeedi pinnale.\" \/>\n<meta property=\"og:url\" content=\"https:\/\/baubauwall.com\/et\/toode\/pilttapeet-suminagashi-punakaspruun\/\" \/>\n<meta property=\"og:site_name\" content=\"BAUBAUWALL TAPEEDID\" \/>\n<meta property=\"article:publisher\" content=\"https:\/\/www.facebook.com\/Baubauwall\" \/>\n<meta property=\"article:modified_time\" content=\"2026-03-09T11:57:24+00:00\" \/>\n<meta property=\"og:image\" content=\"https:\/\/baubauwall.com\/wp-content\/uploads\/2026\/03\/Mural-Wallpaper_Sumingashi_Mahogany-Brown_Baubauwall_room_51200527-2.jpg\" \/>\n\t<meta property=\"og:image:width\" content=\"2400\" \/>\n\t<meta property=\"og:image:height\" content=\"1600\" \/>\n\t<meta property=\"og:image:type\" content=\"image\/jpeg\" \/>\n<meta name=\"twitter:card\" content=\"summary_large_image\" \/>\n<meta name=\"twitter:label1\" content=\"Est. reading time\" \/>\n\t<meta name=\"twitter:data1\" content=\"2 minutit\" \/>\n<script type=\"application\/ld+json\" class=\"yoast-schema-graph\">{\"@context\":\"https:\/\/schema.org\",\"@graph\":[{\"@type\":\"WebPage\",\"@id\":\"https:\/\/baubauwall.com\/et\/toode\/pilttapeet-suminagashi-punakaspruun\/\",\"url\":\"https:\/\/baubauwall.com\/et\/toode\/pilttapeet-suminagashi-punakaspruun\/\",\"name\":\"Tume tapeet | Suminagashi - punakaspruun\",\"isPartOf\":{\"@id\":\"https:\/\/baubauwall.com\/et\/#website\"},\"primaryImageOfPage\":{\"@id\":\"https:\/\/baubauwall.com\/et\/toode\/pilttapeet-suminagashi-punakaspruun\/#primaryimage\"},\"image\":{\"@id\":\"https:\/\/baubauwall.com\/et\/toode\/pilttapeet-suminagashi-punakaspruun\/#primaryimage\"},\"thumbnailUrl\":\"https:\/\/baubauwall.com\/wp-content\/uploads\/2026\/03\/Mural-Wallpaper_Sumingashi_Mahogany-Brown_Baubauwall_room_51200527-5.jpg\",\"datePublished\":\"2026-03-06T14:17:28+00:00\",\"dateModified\":\"2026-03-09T11:57:24+00:00\",\"description\":\"P\u00f5nevalt tume tapeet Japandi stiilis. Disain kasutab marmoreeringu tehnikat, luues justkui marmori ja vedeliku tekstuuri tapeedi pinnale.\",\"breadcrumb\":{\"@id\":\"https:\/\/baubauwall.com\/et\/toode\/pilttapeet-suminagashi-punakaspruun\/#breadcrumb\"},\"inLanguage\":\"et\",\"potentialAction\":[{\"@type\":\"ReadAction\",\"target\":[\"https:\/\/baubauwall.com\/et\/toode\/pilttapeet-suminagashi-punakaspruun\/\"]}]},{\"@type\":\"ImageObject\",\"inLanguage\":\"et\",\"@id\":\"https:\/\/baubauwall.com\/et\/toode\/pilttapeet-suminagashi-punakaspruun\/#primaryimage\",\"url\":\"https:\/\/baubauwall.com\/wp-content\/uploads\/2026\/03\/Mural-Wallpaper_Sumingashi_Mahogany-Brown_Baubauwall_room_51200527-5.jpg\",\"contentUrl\":\"https:\/\/baubauwall.com\/wp-content\/uploads\/2026\/03\/Mural-Wallpaper_Sumingashi_Mahogany-Brown_Baubauwall_room_51200527-5.jpg\",\"width\":2133,\"height\":1600,\"caption\":\"Pruun tapeet koju v\u00f5i avalikku interj\u00f6\u00f6ri. Disain pilttapeet suminagashi tehnikas lillede ja p\u00f5nevate detailidega. Tume japandi stiil tapeedil. Baubauwall tapeedid\"},{\"@type\":\"BreadcrumbList\",\"@id\":\"https:\/\/baubauwall.com\/et\/toode\/pilttapeet-suminagashi-punakaspruun\/#breadcrumb\",\"itemListElement\":[{\"@type\":\"ListItem\",\"position\":1,\"name\":\"Koju\",\"item\":\"https:\/\/baubauwall.com\/et\/\"},{\"@type\":\"ListItem\",\"position\":2,\"name\":\"Tapeedid\",\"item\":\"https:\/\/baubauwall.com\/et\/tapeedid\/\"},{\"@type\":\"ListItem\",\"position\":3,\"name\":\"Suminagashi &#8211; punakaspruun\"}]},{\"@type\":\"WebSite\",\"@id\":\"https:\/\/baubauwall.com\/et\/#website\",\"url\":\"https:\/\/baubauwall.com\/et\/\",\"name\":\"BAUBAUWALL Wallpapers\",\"description\":\"Valmis paanides tapeet Eestist!\",\"publisher\":{\"@id\":\"https:\/\/baubauwall.com\/et\/#organization\"},\"potentialAction\":[{\"@type\":\"SearchAction\",\"target\":{\"@type\":\"EntryPoint\",\"urlTemplate\":\"https:\/\/baubauwall.com\/et\/?s={search_term_string}\"},\"query-input\":{\"@type\":\"PropertyValueSpecification\",\"valueRequired\":true,\"valueName\":\"search_term_string\"}}],\"inLanguage\":\"et\"},{\"@type\":\"Organization\",\"@id\":\"https:\/\/baubauwall.com\/et\/#organization\",\"name\":\"BAUBAUWALL Wallpapers\",\"url\":\"https:\/\/baubauwall.com\/et\/\",\"logo\":{\"@type\":\"ImageObject\",\"inLanguage\":\"et\",\"@id\":\"https:\/\/baubauwall.com\/et\/#\/schema\/logo\/image\/\",\"url\":\"https:\/\/baubauwall.com\/wp-content\/uploads\/2022\/03\/logo-horizontal.svg\",\"contentUrl\":\"https:\/\/baubauwall.com\/wp-content\/uploads\/2022\/03\/logo-horizontal.svg\",\"width\":\"1024\",\"height\":\"1024\",\"caption\":\"BAUBAUWALL Wallpapers\"},\"image\":{\"@id\":\"https:\/\/baubauwall.com\/et\/#\/schema\/logo\/image\/\"},\"sameAs\":[\"https:\/\/www.facebook.com\/Baubauwall\",\"https:\/\/www.instagram.com\/baubauwall\"]}]}<\/script>\n<!-- \/ Yoast SEO plugin. -->","yoast_head_json":{"title":"Tume tapeet | Suminagashi - punakaspruun","description":"P\u00f5nevalt tume tapeet Japandi stiilis. Disain kasutab marmoreeringu tehnikat, luues justkui marmori ja vedeliku tekstuuri tapeedi pinnale.","robots":{"index":"index","follow":"follow","max-snippet":"max-snippet:-1","max-image-preview":"max-image-preview:large","max-video-preview":"max-video-preview:-1"},"canonical":"https:\/\/baubauwall.com\/et\/toode\/pilttapeet-suminagashi-punakaspruun\/","og_locale":"et_EE","og_type":"article","og_title":"BAUBAUWALL TAPEEDID","og_description":"P\u00f5nevalt tume tapeet Japandi stiilis. Disain kasutab marmoreeringu tehnikat, luues justkui marmori ja vedeliku tekstuuri tapeedi pinnale.","og_url":"https:\/\/baubauwall.com\/et\/toode\/pilttapeet-suminagashi-punakaspruun\/","og_site_name":"BAUBAUWALL TAPEEDID","article_publisher":"https:\/\/www.facebook.com\/Baubauwall","article_modified_time":"2026-03-09T11:57:24+00:00","og_image":[{"width":2400,"height":1600,"url":"https:\/\/baubauwall.com\/wp-content\/uploads\/2026\/03\/Mural-Wallpaper_Sumingashi_Mahogany-Brown_Baubauwall_room_51200527-2.jpg","type":"image\/jpeg"}],"twitter_card":"summary_large_image","twitter_misc":{"Est. reading time":"2 minutit"},"schema":{"@context":"https:\/\/schema.org","@graph":[{"@type":"WebPage","@id":"https:\/\/baubauwall.com\/et\/toode\/pilttapeet-suminagashi-punakaspruun\/","url":"https:\/\/baubauwall.com\/et\/toode\/pilttapeet-suminagashi-punakaspruun\/","name":"Tume tapeet | Suminagashi - punakaspruun","isPartOf":{"@id":"https:\/\/baubauwall.com\/et\/#website"},"primaryImageOfPage":{"@id":"https:\/\/baubauwall.com\/et\/toode\/pilttapeet-suminagashi-punakaspruun\/#primaryimage"},"image":{"@id":"https:\/\/baubauwall.com\/et\/toode\/pilttapeet-suminagashi-punakaspruun\/#primaryimage"},"thumbnailUrl":"https:\/\/baubauwall.com\/wp-content\/uploads\/2026\/03\/Mural-Wallpaper_Sumingashi_Mahogany-Brown_Baubauwall_room_51200527-5.jpg","datePublished":"2026-03-06T14:17:28+00:00","dateModified":"2026-03-09T11:57:24+00:00","description":"P\u00f5nevalt tume tapeet Japandi stiilis. Disain kasutab marmoreeringu tehnikat, luues justkui marmori ja vedeliku tekstuuri tapeedi pinnale.","breadcrumb":{"@id":"https:\/\/baubauwall.com\/et\/toode\/pilttapeet-suminagashi-punakaspruun\/#breadcrumb"},"inLanguage":"et","potentialAction":[{"@type":"ReadAction","target":["https:\/\/baubauwall.com\/et\/toode\/pilttapeet-suminagashi-punakaspruun\/"]}]},{"@type":"ImageObject","inLanguage":"et","@id":"https:\/\/baubauwall.com\/et\/toode\/pilttapeet-suminagashi-punakaspruun\/#primaryimage","url":"https:\/\/baubauwall.com\/wp-content\/uploads\/2026\/03\/Mural-Wallpaper_Sumingashi_Mahogany-Brown_Baubauwall_room_51200527-5.jpg","contentUrl":"https:\/\/baubauwall.com\/wp-content\/uploads\/2026\/03\/Mural-Wallpaper_Sumingashi_Mahogany-Brown_Baubauwall_room_51200527-5.jpg","width":2133,"height":1600,"caption":"Pruun tapeet koju v\u00f5i avalikku interj\u00f6\u00f6ri. Disain pilttapeet suminagashi tehnikas lillede ja p\u00f5nevate detailidega. Tume japandi stiil tapeedil. Baubauwall tapeedid"},{"@type":"BreadcrumbList","@id":"https:\/\/baubauwall.com\/et\/toode\/pilttapeet-suminagashi-punakaspruun\/#breadcrumb","itemListElement":[{"@type":"ListItem","position":1,"name":"Koju","item":"https:\/\/baubauwall.com\/et\/"},{"@type":"ListItem","position":2,"name":"Tapeedid","item":"https:\/\/baubauwall.com\/et\/tapeedid\/"},{"@type":"ListItem","position":3,"name":"Suminagashi &#8211; punakaspruun"}]},{"@type":"WebSite","@id":"https:\/\/baubauwall.com\/et\/#website","url":"https:\/\/baubauwall.com\/et\/","name":"BAUBAUWALL Wallpapers","description":"Valmis paanides tapeet Eestist!","publisher":{"@id":"https:\/\/baubauwall.com\/et\/#organization"},"potentialAction":[{"@type":"SearchAction","target":{"@type":"EntryPoint","urlTemplate":"https:\/\/baubauwall.com\/et\/?s={search_term_string}"},"query-input":{"@type":"PropertyValueSpecification","valueRequired":true,"valueName":"search_term_string"}}],"inLanguage":"et"},{"@type":"Organization","@id":"https:\/\/baubauwall.com\/et\/#organization","name":"BAUBAUWALL Wallpapers","url":"https:\/\/baubauwall.com\/et\/","logo":{"@type":"ImageObject","inLanguage":"et","@id":"https:\/\/baubauwall.com\/et\/#\/schema\/logo\/image\/","url":"https:\/\/baubauwall.com\/wp-content\/uploads\/2022\/03\/logo-horizontal.svg","contentUrl":"https:\/\/baubauwall.com\/wp-content\/uploads\/2022\/03\/logo-horizontal.svg","width":"1024","height":"1024","caption":"BAUBAUWALL Wallpapers"},"image":{"@id":"https:\/\/baubauwall.com\/et\/#\/schema\/logo\/image\/"},"sameAs":["https:\/\/www.facebook.com\/Baubauwall","https:\/\/www.instagram.com\/baubauwall"]}]}},"jetpack_sharing_enabled":true,"_links":{"self":[{"href":"https:\/\/baubauwall.com\/et\/wp-json\/wp\/v2\/product\/47136","targetHints":{"allow":["GET"]}}],"collection":[{"href":"https:\/\/baubauwall.com\/et\/wp-json\/wp\/v2\/product"}],"about":[{"href":"https:\/\/baubauwall.com\/et\/wp-json\/wp\/v2\/types\/product"}],"replies":[{"embeddable":true,"href":"https:\/\/baubauwall.com\/et\/wp-json\/wp\/v2\/comments?post=47136"}],"wp:featuredmedia":[{"embeddable":true,"href":"https:\/\/baubauwall.com\/et\/wp-json\/wp\/v2\/media\/47139"}],"wp:attachment":[{"href":"https:\/\/baubauwall.com\/et\/wp-json\/wp\/v2\/media?parent=47136"}],"wp:term":[{"taxonomy":"product_brand","embeddable":true,"href":"https:\/\/baubauwall.com\/et\/wp-json\/wp\/v2\/product_brand?post=47136"},{"taxonomy":"product_cat","embeddable":true,"href":"https:\/\/baubauwall.com\/et\/wp-json\/wp\/v2\/product_cat?post=47136"},{"taxonomy":"product_tag","embeddable":true,"href":"https:\/\/baubauwall.com\/et\/wp-json\/wp\/v2\/product_tag?post=47136"}],"curies":[{"name":"wp","href":"https:\/\/api.w.org\/{rel}","templated":true}]}}