{"id":47144,"date":"2026-03-06T16:17:26","date_gmt":"2026-03-06T14:17:26","guid":{"rendered":"https:\/\/baubauwall.com\/product\/mural-wallpaper-suminagashi-blooms-chocolate-brown\/"},"modified":"2026-03-11T14:15:09","modified_gmt":"2026-03-11T12:15:09","slug":"pilttapeet-tuuleoied-tume-sokokaadipruun","status":"publish","type":"product","link":"https:\/\/baubauwall.com\/et\/toode\/pilttapeet-tuuleoied-tume-sokokaadipruun\/","title":{"rendered":"Tuule\u00f5ied &#8211; tume \u0161okokaadipruun"},"content":{"rendered":"<p data-start=\"453\" data-end=\"699\">\u0160okolaadipruun pilttapeet, millel tantsisklevad heledad rippuvad \u00f5ied. Tapeedi inspiratsioon tuleb Jaapani traditsioonilistest sirmidest, mida kasutati ruumijagajatena. <em>By\u014dbu-<\/em>sirmidel kujutati sageli loodust, aastaaegu, m\u00e4nde, linde ja maastikke. Sirm oli korraga tarbeese, ruumijagaja ja ka kunstiteos. Neid sai avada, sulgeda ja toas \u00fcmber paigutada, nii et sama teos muutus koos ruumi ja vaatepunktiga. Nagu ka Jaapani sirmid, m\u00f5jub see tume pilttapeet atmosf\u00e4\u00e4ri loojana.<\/p>\n<p data-start=\"453\" data-end=\"699\">\u0160okolaadipruun toon muudab selle pilttapeedi eriti heaks valikuks magamistuppa, kus soovid luua sooja embuse tunde. Voodi taga m\u00f5jub see tapeet eriti h\u00e4sti, sest tume taust aitab ruumi visuaalselt rahustada ning annab sisustusele s\u00fcgavust.<\/p>\n<p><strong>Miks see pilttapeet v\u00f5iks Sulle meeldida?<\/strong><\/p>\n<ul>\n<li>Eesti disain Eesti ettev\u00f5telt<\/li>\n<li>Tr\u00fckime tapeedi t\u00e4pselt\u00a0<a href=\"https:\/\/baubauwall.com\/et\/kuidas-see-tootab\/\">Sinu seina m\u00f5\u00f5du j\u00e4rgi<\/a><\/li>\n<li>Premium kategooria matt fliistapeet, valmistatud 100% taaskasutatud kiust<\/li>\n<li>M\u00fcrgivabad tr\u00fckiv\u00e4rvid,\u00a0<em>Greenguard<\/em>\u00a0sertifitseeritud<\/li>\n<li>Keskkonnateadlik ja j\u00e4\u00e4tmevaba tellimusp\u00f5hine tootmine<\/li>\n<li>Tapeediliim tuleb alati tasuta kaasa<\/li>\n<li>Tasuta transport ja kiire tarne 5 t\u00f6\u00f6p\u00e4evaga<\/li>\n<\/ul>\n<p data-path-to-node=\"2\"><em>\u201cReverie\u201d on disainer\u00a0<b data-path-to-node=\"2\" data-index-in-node=\"22\">Triinu Silla<\/b>\u00a0loodud tapeedikollektsioon, mis ammutab inspiratsiooni traditsioonilise Jaapani kunsti ja k\u00e4sit\u00f6\u00f6 peenest elegantsist. Nendes disainides kohtuvad tapeetidel p\u00f5lised kunstitehnikad tunnetusliku tasakaalu, peente detailide ja lummavate vaadetega.\u00a0<\/em><em>See on kollektsioon tapeete interj\u00f6\u00f6ridesse, kus v\u00e4\u00e4rtustatakse erilist atmosf\u00e4\u00e4ri, meisterlikkust ja vaoshoitud, vaikset ilu.<\/em><\/p>\n","protected":false},"excerpt":{"rendered":"<p>\u0160okolaadipruun pilttapeet, millel tantsisklevad heledad rippuvad \u00f5ied. Tapeedi inspiratsioon tuleb Jaapani traditsioonilistest sirmidest, mida kasutati ruumijagajatena. By\u014dbu-sirmidel kujutati sageli loodust, aastaaegu, m\u00e4nde, linde ja maastikke. Sirm oli korraga tarbeese, ruumijagaja ja ka kunstiteos. Neid sai avada, sulgeda ja toas \u00fcmber paigutada, nii et sama teos muutus koos ruumi ja vaatepunktiga. Nagu ka Jaapani sirmid, m\u00f5jub [&hellip;]<\/p>\n","protected":false},"featured_media":47207,"comment_status":"open","ping_status":"closed","template":"","meta":{"_acf_changed":false,"inline_featured_image":false},"product_brand":[],"product_cat":[827,387,447,393,269,270,752,413,402,699,254,260],"product_tag":[345,828],"class_list":{"0":"post-47144","1":"product","2":"type-product","3":"status-publish","4":"has-post-thumbnail","6":"product_cat-reverie-japandi-tapeedid","7":"product_cat-pilttapeedid","8":"product_cat-maksimalistlik-et","9":"product_cat-idamaine","10":"product_cat-pruunid-tapeedid","11":"product_cat-tumedad-tapeedid","12":"product_cat-avalik-ruum","13":"product_cat-magamistoa-tapeedid","14":"product_cat-elutoa-tapeedid","15":"product_cat-eesti-disain-tapeedid","16":"product_cat-loodus","17":"product_cat-lilled","18":"product_tag-pilttapeet","19":"product_tag-tapeedid-reverie-jaapani","21":"first","22":"instock","23":"taxable","24":"shipping-taxable","25":"purchasable","26":"product-type-simple"},"acf":[],"yoast_head":"<!-- This site is optimized with the Yoast SEO plugin v25.9 - https:\/\/yoast.com\/wordpress\/plugins\/seo\/ -->\n<title>Tapeet voodi taha | Tuule\u00f5ied - tume \u0161okokaadipruun - BAUBAUWALL TAPEEDID<\/title>\n<meta name=\"description\" content=\"\u0160okolaadipruun pilttapeet heledate botaaniliste detailidega. Tapeet sobib eriti h\u00e4sti magamistuppa voodi taha, luues rahuliku ja hubase meeleolu.\" \/>\n<meta name=\"robots\" content=\"index, follow, max-snippet:-1, max-image-preview:large, max-video-preview:-1\" \/>\n<link rel=\"canonical\" href=\"https:\/\/baubauwall.com\/et\/toode\/pilttapeet-tuuleoied-tume-sokokaadipruun\/\" \/>\n<meta property=\"og:locale\" content=\"et_EE\" \/>\n<meta property=\"og:type\" content=\"article\" \/>\n<meta property=\"og:title\" content=\"BAUBAUWALL TAPEEDID\" \/>\n<meta property=\"og:description\" content=\"\u0160okolaadipruun pilttapeet heledate botaaniliste detailidega. Tapeet sobib eriti h\u00e4sti magamistuppa voodi taha, luues rahuliku ja hubase meeleolu.\" \/>\n<meta property=\"og:url\" content=\"https:\/\/baubauwall.com\/et\/toode\/pilttapeet-tuuleoied-tume-sokokaadipruun\/\" \/>\n<meta property=\"og:site_name\" content=\"BAUBAUWALL TAPEEDID\" \/>\n<meta property=\"article:publisher\" content=\"https:\/\/www.facebook.com\/Baubauwall\" \/>\n<meta property=\"article:modified_time\" content=\"2026-03-11T12:15:09+00:00\" \/>\n<meta name=\"twitter:card\" content=\"summary_large_image\" \/>\n<meta name=\"twitter:image\" content=\"https:\/\/baubauwall.com\/wp-content\/uploads\/2026\/03\/Mural_Wallpaper_Byobu-Blooms-ChocolateBrown_Baubauwall_51200534.jpg\" \/>\n<meta name=\"twitter:label1\" content=\"Est. reading time\" \/>\n\t<meta name=\"twitter:data1\" content=\"2 minutit\" \/>\n<script type=\"application\/ld+json\" class=\"yoast-schema-graph\">{\"@context\":\"https:\/\/schema.org\",\"@graph\":[{\"@type\":\"WebPage\",\"@id\":\"https:\/\/baubauwall.com\/et\/toode\/pilttapeet-tuuleoied-tume-sokokaadipruun\/\",\"url\":\"https:\/\/baubauwall.com\/et\/toode\/pilttapeet-tuuleoied-tume-sokokaadipruun\/\",\"name\":\"Tapeet voodi taha | Tuule\u00f5ied - tume \u0161okokaadipruun - BAUBAUWALL TAPEEDID\",\"isPartOf\":{\"@id\":\"https:\/\/baubauwall.com\/et\/#website\"},\"primaryImageOfPage\":{\"@id\":\"https:\/\/baubauwall.com\/et\/toode\/pilttapeet-tuuleoied-tume-sokokaadipruun\/#primaryimage\"},\"image\":{\"@id\":\"https:\/\/baubauwall.com\/et\/toode\/pilttapeet-tuuleoied-tume-sokokaadipruun\/#primaryimage\"},\"thumbnailUrl\":\"https:\/\/baubauwall.com\/wp-content\/uploads\/2026\/03\/Mural_Wallpaper_Byobu-Blooms-ChocolateBrown_Baubauwall_51200534.jpg\",\"datePublished\":\"2026-03-06T14:17:26+00:00\",\"dateModified\":\"2026-03-11T12:15:09+00:00\",\"description\":\"\u0160okolaadipruun pilttapeet heledate botaaniliste detailidega. Tapeet sobib eriti h\u00e4sti magamistuppa voodi taha, luues rahuliku ja hubase meeleolu.\",\"breadcrumb\":{\"@id\":\"https:\/\/baubauwall.com\/et\/toode\/pilttapeet-tuuleoied-tume-sokokaadipruun\/#breadcrumb\"},\"inLanguage\":\"et\",\"potentialAction\":[{\"@type\":\"ReadAction\",\"target\":[\"https:\/\/baubauwall.com\/et\/toode\/pilttapeet-tuuleoied-tume-sokokaadipruun\/\"]}]},{\"@type\":\"ImageObject\",\"inLanguage\":\"et\",\"@id\":\"https:\/\/baubauwall.com\/et\/toode\/pilttapeet-tuuleoied-tume-sokokaadipruun\/#primaryimage\",\"url\":\"https:\/\/baubauwall.com\/wp-content\/uploads\/2026\/03\/Mural_Wallpaper_Byobu-Blooms-ChocolateBrown_Baubauwall_51200534.jpg\",\"contentUrl\":\"https:\/\/baubauwall.com\/wp-content\/uploads\/2026\/03\/Mural_Wallpaper_Byobu-Blooms-ChocolateBrown_Baubauwall_51200534.jpg\",\"width\":2400,\"height\":1600,\"caption\":\"Byobu Blooms dark brown mural wallpaper. Designed for bedroooms in mind. Bespoke wallpaper by Baubauwall. Tapeet voodi taha. Pruun pilttapeet\"},{\"@type\":\"BreadcrumbList\",\"@id\":\"https:\/\/baubauwall.com\/et\/toode\/pilttapeet-tuuleoied-tume-sokokaadipruun\/#breadcrumb\",\"itemListElement\":[{\"@type\":\"ListItem\",\"position\":1,\"name\":\"Koju\",\"item\":\"https:\/\/baubauwall.com\/et\/\"},{\"@type\":\"ListItem\",\"position\":2,\"name\":\"Tapeedid\",\"item\":\"https:\/\/baubauwall.com\/et\/tapeedid\/\"},{\"@type\":\"ListItem\",\"position\":3,\"name\":\"Tuule\u00f5ied &#8211; tume \u0161okokaadipruun\"}]},{\"@type\":\"WebSite\",\"@id\":\"https:\/\/baubauwall.com\/et\/#website\",\"url\":\"https:\/\/baubauwall.com\/et\/\",\"name\":\"BAUBAUWALL Wallpapers\",\"description\":\"Valmis paanides tapeet Eestist!\",\"publisher\":{\"@id\":\"https:\/\/baubauwall.com\/et\/#organization\"},\"potentialAction\":[{\"@type\":\"SearchAction\",\"target\":{\"@type\":\"EntryPoint\",\"urlTemplate\":\"https:\/\/baubauwall.com\/et\/?s={search_term_string}\"},\"query-input\":{\"@type\":\"PropertyValueSpecification\",\"valueRequired\":true,\"valueName\":\"search_term_string\"}}],\"inLanguage\":\"et\"},{\"@type\":\"Organization\",\"@id\":\"https:\/\/baubauwall.com\/et\/#organization\",\"name\":\"BAUBAUWALL Wallpapers\",\"url\":\"https:\/\/baubauwall.com\/et\/\",\"logo\":{\"@type\":\"ImageObject\",\"inLanguage\":\"et\",\"@id\":\"https:\/\/baubauwall.com\/et\/#\/schema\/logo\/image\/\",\"url\":\"https:\/\/baubauwall.com\/wp-content\/uploads\/2022\/03\/logo-horizontal.svg\",\"contentUrl\":\"https:\/\/baubauwall.com\/wp-content\/uploads\/2022\/03\/logo-horizontal.svg\",\"width\":\"1024\",\"height\":\"1024\",\"caption\":\"BAUBAUWALL Wallpapers\"},\"image\":{\"@id\":\"https:\/\/baubauwall.com\/et\/#\/schema\/logo\/image\/\"},\"sameAs\":[\"https:\/\/www.facebook.com\/Baubauwall\",\"https:\/\/www.instagram.com\/baubauwall\"]}]}<\/script>\n<!-- \/ Yoast SEO plugin. -->","yoast_head_json":{"title":"Tapeet voodi taha | Tuule\u00f5ied - tume \u0161okokaadipruun - BAUBAUWALL TAPEEDID","description":"\u0160okolaadipruun pilttapeet heledate botaaniliste detailidega. Tapeet sobib eriti h\u00e4sti magamistuppa voodi taha, luues rahuliku ja hubase meeleolu.","robots":{"index":"index","follow":"follow","max-snippet":"max-snippet:-1","max-image-preview":"max-image-preview:large","max-video-preview":"max-video-preview:-1"},"canonical":"https:\/\/baubauwall.com\/et\/toode\/pilttapeet-tuuleoied-tume-sokokaadipruun\/","og_locale":"et_EE","og_type":"article","og_title":"BAUBAUWALL TAPEEDID","og_description":"\u0160okolaadipruun pilttapeet heledate botaaniliste detailidega. Tapeet sobib eriti h\u00e4sti magamistuppa voodi taha, luues rahuliku ja hubase meeleolu.","og_url":"https:\/\/baubauwall.com\/et\/toode\/pilttapeet-tuuleoied-tume-sokokaadipruun\/","og_site_name":"BAUBAUWALL TAPEEDID","article_publisher":"https:\/\/www.facebook.com\/Baubauwall","article_modified_time":"2026-03-11T12:15:09+00:00","twitter_card":"summary_large_image","twitter_image":"https:\/\/baubauwall.com\/wp-content\/uploads\/2026\/03\/Mural_Wallpaper_Byobu-Blooms-ChocolateBrown_Baubauwall_51200534.jpg","twitter_misc":{"Est. reading time":"2 minutit"},"schema":{"@context":"https:\/\/schema.org","@graph":[{"@type":"WebPage","@id":"https:\/\/baubauwall.com\/et\/toode\/pilttapeet-tuuleoied-tume-sokokaadipruun\/","url":"https:\/\/baubauwall.com\/et\/toode\/pilttapeet-tuuleoied-tume-sokokaadipruun\/","name":"Tapeet voodi taha | Tuule\u00f5ied - tume \u0161okokaadipruun - BAUBAUWALL TAPEEDID","isPartOf":{"@id":"https:\/\/baubauwall.com\/et\/#website"},"primaryImageOfPage":{"@id":"https:\/\/baubauwall.com\/et\/toode\/pilttapeet-tuuleoied-tume-sokokaadipruun\/#primaryimage"},"image":{"@id":"https:\/\/baubauwall.com\/et\/toode\/pilttapeet-tuuleoied-tume-sokokaadipruun\/#primaryimage"},"thumbnailUrl":"https:\/\/baubauwall.com\/wp-content\/uploads\/2026\/03\/Mural_Wallpaper_Byobu-Blooms-ChocolateBrown_Baubauwall_51200534.jpg","datePublished":"2026-03-06T14:17:26+00:00","dateModified":"2026-03-11T12:15:09+00:00","description":"\u0160okolaadipruun pilttapeet heledate botaaniliste detailidega. Tapeet sobib eriti h\u00e4sti magamistuppa voodi taha, luues rahuliku ja hubase meeleolu.","breadcrumb":{"@id":"https:\/\/baubauwall.com\/et\/toode\/pilttapeet-tuuleoied-tume-sokokaadipruun\/#breadcrumb"},"inLanguage":"et","potentialAction":[{"@type":"ReadAction","target":["https:\/\/baubauwall.com\/et\/toode\/pilttapeet-tuuleoied-tume-sokokaadipruun\/"]}]},{"@type":"ImageObject","inLanguage":"et","@id":"https:\/\/baubauwall.com\/et\/toode\/pilttapeet-tuuleoied-tume-sokokaadipruun\/#primaryimage","url":"https:\/\/baubauwall.com\/wp-content\/uploads\/2026\/03\/Mural_Wallpaper_Byobu-Blooms-ChocolateBrown_Baubauwall_51200534.jpg","contentUrl":"https:\/\/baubauwall.com\/wp-content\/uploads\/2026\/03\/Mural_Wallpaper_Byobu-Blooms-ChocolateBrown_Baubauwall_51200534.jpg","width":2400,"height":1600,"caption":"Byobu Blooms dark brown mural wallpaper. Designed for bedroooms in mind. Bespoke wallpaper by Baubauwall. Tapeet voodi taha. Pruun pilttapeet"},{"@type":"BreadcrumbList","@id":"https:\/\/baubauwall.com\/et\/toode\/pilttapeet-tuuleoied-tume-sokokaadipruun\/#breadcrumb","itemListElement":[{"@type":"ListItem","position":1,"name":"Koju","item":"https:\/\/baubauwall.com\/et\/"},{"@type":"ListItem","position":2,"name":"Tapeedid","item":"https:\/\/baubauwall.com\/et\/tapeedid\/"},{"@type":"ListItem","position":3,"name":"Tuule\u00f5ied &#8211; tume \u0161okokaadipruun"}]},{"@type":"WebSite","@id":"https:\/\/baubauwall.com\/et\/#website","url":"https:\/\/baubauwall.com\/et\/","name":"BAUBAUWALL Wallpapers","description":"Valmis paanides tapeet Eestist!","publisher":{"@id":"https:\/\/baubauwall.com\/et\/#organization"},"potentialAction":[{"@type":"SearchAction","target":{"@type":"EntryPoint","urlTemplate":"https:\/\/baubauwall.com\/et\/?s={search_term_string}"},"query-input":{"@type":"PropertyValueSpecification","valueRequired":true,"valueName":"search_term_string"}}],"inLanguage":"et"},{"@type":"Organization","@id":"https:\/\/baubauwall.com\/et\/#organization","name":"BAUBAUWALL Wallpapers","url":"https:\/\/baubauwall.com\/et\/","logo":{"@type":"ImageObject","inLanguage":"et","@id":"https:\/\/baubauwall.com\/et\/#\/schema\/logo\/image\/","url":"https:\/\/baubauwall.com\/wp-content\/uploads\/2022\/03\/logo-horizontal.svg","contentUrl":"https:\/\/baubauwall.com\/wp-content\/uploads\/2022\/03\/logo-horizontal.svg","width":"1024","height":"1024","caption":"BAUBAUWALL Wallpapers"},"image":{"@id":"https:\/\/baubauwall.com\/et\/#\/schema\/logo\/image\/"},"sameAs":["https:\/\/www.facebook.com\/Baubauwall","https:\/\/www.instagram.com\/baubauwall"]}]}},"jetpack_sharing_enabled":true,"_links":{"self":[{"href":"https:\/\/baubauwall.com\/et\/wp-json\/wp\/v2\/product\/47144","targetHints":{"allow":["GET"]}}],"collection":[{"href":"https:\/\/baubauwall.com\/et\/wp-json\/wp\/v2\/product"}],"about":[{"href":"https:\/\/baubauwall.com\/et\/wp-json\/wp\/v2\/types\/product"}],"replies":[{"embeddable":true,"href":"https:\/\/baubauwall.com\/et\/wp-json\/wp\/v2\/comments?post=47144"}],"wp:featuredmedia":[{"embeddable":true,"href":"https:\/\/baubauwall.com\/et\/wp-json\/wp\/v2\/media\/47207"}],"wp:attachment":[{"href":"https:\/\/baubauwall.com\/et\/wp-json\/wp\/v2\/media?parent=47144"}],"wp:term":[{"taxonomy":"product_brand","embeddable":true,"href":"https:\/\/baubauwall.com\/et\/wp-json\/wp\/v2\/product_brand?post=47144"},{"taxonomy":"product_cat","embeddable":true,"href":"https:\/\/baubauwall.com\/et\/wp-json\/wp\/v2\/product_cat?post=47144"},{"taxonomy":"product_tag","embeddable":true,"href":"https:\/\/baubauwall.com\/et\/wp-json\/wp\/v2\/product_tag?post=47144"}],"curies":[{"name":"wp","href":"https:\/\/api.w.org\/{rel}","templated":true}]}}