{"id":47154,"date":"2026-03-06T16:17:28","date_gmt":"2026-03-06T14:17:28","guid":{"rendered":"https:\/\/baubauwall.com\/product\/mural-wallpaper-suminagashi-beige\/"},"modified":"2026-03-09T14:23:31","modified_gmt":"2026-03-09T12:23:31","slug":"pilttapeet-suminagashi-beez","status":"publish","type":"product","link":"https:\/\/baubauwall.com\/et\/toode\/pilttapeet-suminagashi-beez\/","title":{"rendered":"Suminagashi &#8211; bee\u017e"},"content":{"rendered":"<p data-start=\"904\" data-end=\"1176\">Bee\u017e tapeet, mille rahulik ja voolav taustamuster on loodud iidse <em>suminagashi<\/em> tehnikaga \u2013 tindiga vee pinnale loodud \u00f5rnalt marmoreeriva kujundikeelega. Disainis kohtuvad japandi stiilile omane Skandinaavia tagasihoidlikkus ning Jaapani funktsionaalsus ning minimalism.<\/p>\n<p data-start=\"1178\" data-end=\"1480\">Jaapani stiilis pilttapeedi kompositsioon jaguneb kaheks pehmelt lainetavaks alaks. Kahe tasandi kohtumine m\u00f5jub pehmelt ja loomulikult, justkui maaliline maastikuvaade.\u00a0 K\u00e4sitsi maalitud, \u00fclalt alla langevad \u00f5ied voogavad abstraktse m\u00e4estiku kohal, paludes vaatajal hetkeks peatuda ning talletada oma hetk.<\/p>\n<p data-start=\"1482\" data-end=\"1781\">See pilttapeet sobib eriti h\u00e4sti magamistuppa, elutuppa v\u00f5i mujale, kus soovid luua rahulikku japandi-h\u00f5ngulist meeleolu. Voodi taga, diivani taustal v\u00f5i n\u00e4iteks kodukontoris m\u00f5jub see elegantse ja ajatuna. Hea valik interj\u00f6\u00f6ri, kus meeldivad loodusl\u00e4hedased toonid, peened detailid ja vaikselt m\u00f5juv ilu.<\/p>\n<p><strong>Miks see pilttapeet v\u00f5iks Sulle meeldida?<\/strong><\/p>\n<ul>\n<li>Eesti disain Eesti ettev\u00f5telt<\/li>\n<li>Tr\u00fckime tapeedi t\u00e4pselt <a href=\"https:\/\/baubauwall.com\/et\/kuidas-see-tootab\/\">Sinu seina m\u00f5\u00f5du j\u00e4rgi<\/a><\/li>\n<li>Premium kategooria matt fliistapeet, valmistatud 100% taaskasutatud kiust<\/li>\n<li>M\u00fcrgivabad tr\u00fckiv\u00e4rvid,\u00a0<em>Greenguard<\/em>\u00a0sertifitseeritud<\/li>\n<li>Keskkonnateadlik ja j\u00e4\u00e4tmevaba tellimusp\u00f5hine tootmine<\/li>\n<li>Tapeediliim tuleb alati tasuta kaasa<\/li>\n<li>Tasuta transport ja kiire tarne 5 t\u00f6\u00f6p\u00e4evaga<\/li>\n<\/ul>\n<p data-path-to-node=\"2\"><em>&#8220;Reverie&#8221; on disainer <b data-path-to-node=\"2\" data-index-in-node=\"22\">Triinu Silla<\/b> loodud tapeedikollektsioon, mis ammutab inspiratsiooni traditsioonilise Jaapani kunsti ja k\u00e4sit\u00f6\u00f6 peenest elegantsist. Nendes disainides kohtuvad tapeetidel p\u00f5lised kunstitehnikad tunnetusliku tasakaalu, peente detailide ja lummavate vaadetega. <\/em><em>See on kollektsioon tapeete interj\u00f6\u00f6ridesse, kus v\u00e4\u00e4rtustatakse erilist atmosf\u00e4\u00e4ri, meisterlikkust ja vaoshoitud, vaikset ilu.<\/em><\/p>\n<p data-start=\"1428\" data-end=\"1594\">\n","protected":false},"excerpt":{"rendered":"<p>Bee\u017e tapeet, mille rahulik ja voolav taustamuster on loodud iidse suminagashi tehnikaga \u2013 tindiga vee pinnale loodud \u00f5rnalt marmoreeriva kujundikeelega. Disainis kohtuvad japandi stiilile omane Skandinaavia tagasihoidlikkus ning Jaapani funktsionaalsus ning minimalism. Jaapani stiilis pilttapeedi kompositsioon jaguneb kaheks pehmelt lainetavaks alaks. Kahe tasandi kohtumine m\u00f5jub pehmelt ja loomulikult, justkui maaliline maastikuvaade.\u00a0 K\u00e4sitsi maalitud, \u00fclalt alla [&hellip;]<\/p>\n","protected":false},"featured_media":47095,"comment_status":"open","ping_status":"closed","template":"","meta":{"_acf_changed":false,"inline_featured_image":false},"product_brand":[],"product_cat":[827,387,395,406,393,265,273,276,752,413,414,415,416,699,245,251,230],"product_tag":[334,320,345,828],"class_list":{"0":"post-47154","1":"product","2":"type-product","3":"status-publish","4":"has-post-thumbnail","6":"product_cat-reverie-japandi-tapeedid","7":"product_cat-pilttapeedid","8":"product_cat-romantiline","9":"product_cat-klassika","10":"product_cat-idamaine","11":"product_cat-beezid-tapeedid","12":"product_cat-heledad-tapeedid","13":"product_cat-pastelsed-tapeedid","14":"product_cat-avalik-ruum","15":"product_cat-magamistoa-tapeedid","16":"product_cat-soogitoa-tapeedid","17":"product_cat-kulalistetoa-tapeedid","18":"product_cat-esiku-tapeedid","19":"product_cat-eesti-disain-tapeedid","20":"product_cat-maastik","21":"product_cat-maed","22":"product_cat-marmor","23":"product_tag-japandi-et","24":"product_tag-kasitoo","25":"product_tag-pilttapeet","26":"product_tag-tapeedid-reverie-jaapani","28":"first","29":"instock","30":"taxable","31":"shipping-taxable","32":"purchasable","33":"product-type-simple"},"acf":[],"yoast_head":"<!-- This site is optimized with the Yoast SEO plugin v25.9 - https:\/\/yoast.com\/wordpress\/plugins\/seo\/ -->\n<title>Jaapani stiilis pilttapeet | Suminagashi - bee\u017e - BAUBAUWALL TAPEEDID<\/title>\n<meta name=\"description\" content=\"Jaapani stiilis pilttapeet Suminagashi, Reverie tapeedikolletsioonis. Rahulik loodusest inspireeritud tapeet sobib eriti h\u00e4sti magamistuppa v\u00f5i elutuppa.\" \/>\n<meta name=\"robots\" content=\"index, follow, max-snippet:-1, max-image-preview:large, max-video-preview:-1\" \/>\n<link rel=\"canonical\" href=\"https:\/\/baubauwall.com\/et\/toode\/pilttapeet-suminagashi-beez\/\" \/>\n<meta property=\"og:locale\" content=\"et_EE\" \/>\n<meta property=\"og:type\" content=\"article\" \/>\n<meta property=\"og:title\" content=\"BAUBAUWALL TAPEEDID\" \/>\n<meta property=\"og:description\" content=\"Jaapani stiilis pilttapeet Suminagashi, Reverie tapeedikolletsioonis. Rahulik loodusest inspireeritud tapeet sobib eriti h\u00e4sti magamistuppa v\u00f5i elutuppa.\" \/>\n<meta property=\"og:url\" content=\"https:\/\/baubauwall.com\/et\/toode\/pilttapeet-suminagashi-beez\/\" \/>\n<meta property=\"og:site_name\" content=\"BAUBAUWALL TAPEEDID\" \/>\n<meta property=\"article:publisher\" content=\"https:\/\/www.facebook.com\/Baubauwall\" \/>\n<meta property=\"article:modified_time\" content=\"2026-03-09T12:23:31+00:00\" \/>\n<meta property=\"og:image\" content=\"https:\/\/baubauwall.com\/wp-content\/uploads\/2025\/10\/Beige-mural-wallpaper-Suminagashi-Baubauwall_room_51200526-2.jpg\" \/>\n\t<meta property=\"og:image:width\" content=\"2400\" \/>\n\t<meta property=\"og:image:height\" content=\"1600\" \/>\n\t<meta property=\"og:image:type\" content=\"image\/jpeg\" \/>\n<meta name=\"twitter:card\" content=\"summary_large_image\" \/>\n<meta name=\"twitter:label1\" content=\"Est. reading time\" \/>\n\t<meta name=\"twitter:data1\" content=\"2 minutit\" \/>\n<script type=\"application\/ld+json\" class=\"yoast-schema-graph\">{\"@context\":\"https:\/\/schema.org\",\"@graph\":[{\"@type\":\"WebPage\",\"@id\":\"https:\/\/baubauwall.com\/et\/toode\/pilttapeet-suminagashi-beez\/\",\"url\":\"https:\/\/baubauwall.com\/et\/toode\/pilttapeet-suminagashi-beez\/\",\"name\":\"Jaapani stiilis pilttapeet | Suminagashi - bee\u017e - BAUBAUWALL TAPEEDID\",\"isPartOf\":{\"@id\":\"https:\/\/baubauwall.com\/et\/#website\"},\"primaryImageOfPage\":{\"@id\":\"https:\/\/baubauwall.com\/et\/toode\/pilttapeet-suminagashi-beez\/#primaryimage\"},\"image\":{\"@id\":\"https:\/\/baubauwall.com\/et\/toode\/pilttapeet-suminagashi-beez\/#primaryimage\"},\"thumbnailUrl\":\"https:\/\/baubauwall.com\/wp-content\/uploads\/2025\/10\/Beige-mural-wallpaper-Suminagashi-Baubauwall_room_51200526-2.jpg\",\"datePublished\":\"2026-03-06T14:17:28+00:00\",\"dateModified\":\"2026-03-09T12:23:31+00:00\",\"description\":\"Jaapani stiilis pilttapeet Suminagashi, Reverie tapeedikolletsioonis. Rahulik loodusest inspireeritud tapeet sobib eriti h\u00e4sti magamistuppa v\u00f5i elutuppa.\",\"breadcrumb\":{\"@id\":\"https:\/\/baubauwall.com\/et\/toode\/pilttapeet-suminagashi-beez\/#breadcrumb\"},\"inLanguage\":\"et\",\"potentialAction\":[{\"@type\":\"ReadAction\",\"target\":[\"https:\/\/baubauwall.com\/et\/toode\/pilttapeet-suminagashi-beez\/\"]}]},{\"@type\":\"ImageObject\",\"inLanguage\":\"et\",\"@id\":\"https:\/\/baubauwall.com\/et\/toode\/pilttapeet-suminagashi-beez\/#primaryimage\",\"url\":\"https:\/\/baubauwall.com\/wp-content\/uploads\/2025\/10\/Beige-mural-wallpaper-Suminagashi-Baubauwall_room_51200526-2.jpg\",\"contentUrl\":\"https:\/\/baubauwall.com\/wp-content\/uploads\/2025\/10\/Beige-mural-wallpaper-Suminagashi-Baubauwall_room_51200526-2.jpg\",\"width\":2400,\"height\":1600,\"caption\":\"Baubauwall Wallpapers. Suminagashi is a Japandi wallpaper for bedroom inspired by Japanese ink marbling \u2014 soft clouds, delicate branches, and quiet movement. Made to measure.\"},{\"@type\":\"BreadcrumbList\",\"@id\":\"https:\/\/baubauwall.com\/et\/toode\/pilttapeet-suminagashi-beez\/#breadcrumb\",\"itemListElement\":[{\"@type\":\"ListItem\",\"position\":1,\"name\":\"Koju\",\"item\":\"https:\/\/baubauwall.com\/et\/\"},{\"@type\":\"ListItem\",\"position\":2,\"name\":\"Tapeedid\",\"item\":\"https:\/\/baubauwall.com\/et\/tapeedid\/\"},{\"@type\":\"ListItem\",\"position\":3,\"name\":\"Suminagashi &#8211; bee\u017e\"}]},{\"@type\":\"WebSite\",\"@id\":\"https:\/\/baubauwall.com\/et\/#website\",\"url\":\"https:\/\/baubauwall.com\/et\/\",\"name\":\"BAUBAUWALL Wallpapers\",\"description\":\"Valmis paanides tapeet Eestist!\",\"publisher\":{\"@id\":\"https:\/\/baubauwall.com\/et\/#organization\"},\"potentialAction\":[{\"@type\":\"SearchAction\",\"target\":{\"@type\":\"EntryPoint\",\"urlTemplate\":\"https:\/\/baubauwall.com\/et\/?s={search_term_string}\"},\"query-input\":{\"@type\":\"PropertyValueSpecification\",\"valueRequired\":true,\"valueName\":\"search_term_string\"}}],\"inLanguage\":\"et\"},{\"@type\":\"Organization\",\"@id\":\"https:\/\/baubauwall.com\/et\/#organization\",\"name\":\"BAUBAUWALL Wallpapers\",\"url\":\"https:\/\/baubauwall.com\/et\/\",\"logo\":{\"@type\":\"ImageObject\",\"inLanguage\":\"et\",\"@id\":\"https:\/\/baubauwall.com\/et\/#\/schema\/logo\/image\/\",\"url\":\"https:\/\/baubauwall.com\/wp-content\/uploads\/2022\/03\/logo-horizontal.svg\",\"contentUrl\":\"https:\/\/baubauwall.com\/wp-content\/uploads\/2022\/03\/logo-horizontal.svg\",\"width\":\"1024\",\"height\":\"1024\",\"caption\":\"BAUBAUWALL Wallpapers\"},\"image\":{\"@id\":\"https:\/\/baubauwall.com\/et\/#\/schema\/logo\/image\/\"},\"sameAs\":[\"https:\/\/www.facebook.com\/Baubauwall\",\"https:\/\/www.instagram.com\/baubauwall\"]}]}<\/script>\n<!-- \/ Yoast SEO plugin. -->","yoast_head_json":{"title":"Jaapani stiilis pilttapeet | Suminagashi - bee\u017e - BAUBAUWALL TAPEEDID","description":"Jaapani stiilis pilttapeet Suminagashi, Reverie tapeedikolletsioonis. Rahulik loodusest inspireeritud tapeet sobib eriti h\u00e4sti magamistuppa v\u00f5i elutuppa.","robots":{"index":"index","follow":"follow","max-snippet":"max-snippet:-1","max-image-preview":"max-image-preview:large","max-video-preview":"max-video-preview:-1"},"canonical":"https:\/\/baubauwall.com\/et\/toode\/pilttapeet-suminagashi-beez\/","og_locale":"et_EE","og_type":"article","og_title":"BAUBAUWALL TAPEEDID","og_description":"Jaapani stiilis pilttapeet Suminagashi, Reverie tapeedikolletsioonis. Rahulik loodusest inspireeritud tapeet sobib eriti h\u00e4sti magamistuppa v\u00f5i elutuppa.","og_url":"https:\/\/baubauwall.com\/et\/toode\/pilttapeet-suminagashi-beez\/","og_site_name":"BAUBAUWALL TAPEEDID","article_publisher":"https:\/\/www.facebook.com\/Baubauwall","article_modified_time":"2026-03-09T12:23:31+00:00","og_image":[{"width":2400,"height":1600,"url":"https:\/\/baubauwall.com\/wp-content\/uploads\/2025\/10\/Beige-mural-wallpaper-Suminagashi-Baubauwall_room_51200526-2.jpg","type":"image\/jpeg"}],"twitter_card":"summary_large_image","twitter_misc":{"Est. reading time":"2 minutit"},"schema":{"@context":"https:\/\/schema.org","@graph":[{"@type":"WebPage","@id":"https:\/\/baubauwall.com\/et\/toode\/pilttapeet-suminagashi-beez\/","url":"https:\/\/baubauwall.com\/et\/toode\/pilttapeet-suminagashi-beez\/","name":"Jaapani stiilis pilttapeet | Suminagashi - bee\u017e - BAUBAUWALL TAPEEDID","isPartOf":{"@id":"https:\/\/baubauwall.com\/et\/#website"},"primaryImageOfPage":{"@id":"https:\/\/baubauwall.com\/et\/toode\/pilttapeet-suminagashi-beez\/#primaryimage"},"image":{"@id":"https:\/\/baubauwall.com\/et\/toode\/pilttapeet-suminagashi-beez\/#primaryimage"},"thumbnailUrl":"https:\/\/baubauwall.com\/wp-content\/uploads\/2025\/10\/Beige-mural-wallpaper-Suminagashi-Baubauwall_room_51200526-2.jpg","datePublished":"2026-03-06T14:17:28+00:00","dateModified":"2026-03-09T12:23:31+00:00","description":"Jaapani stiilis pilttapeet Suminagashi, Reverie tapeedikolletsioonis. Rahulik loodusest inspireeritud tapeet sobib eriti h\u00e4sti magamistuppa v\u00f5i elutuppa.","breadcrumb":{"@id":"https:\/\/baubauwall.com\/et\/toode\/pilttapeet-suminagashi-beez\/#breadcrumb"},"inLanguage":"et","potentialAction":[{"@type":"ReadAction","target":["https:\/\/baubauwall.com\/et\/toode\/pilttapeet-suminagashi-beez\/"]}]},{"@type":"ImageObject","inLanguage":"et","@id":"https:\/\/baubauwall.com\/et\/toode\/pilttapeet-suminagashi-beez\/#primaryimage","url":"https:\/\/baubauwall.com\/wp-content\/uploads\/2025\/10\/Beige-mural-wallpaper-Suminagashi-Baubauwall_room_51200526-2.jpg","contentUrl":"https:\/\/baubauwall.com\/wp-content\/uploads\/2025\/10\/Beige-mural-wallpaper-Suminagashi-Baubauwall_room_51200526-2.jpg","width":2400,"height":1600,"caption":"Baubauwall Wallpapers. Suminagashi is a Japandi wallpaper for bedroom inspired by Japanese ink marbling \u2014 soft clouds, delicate branches, and quiet movement. Made to measure."},{"@type":"BreadcrumbList","@id":"https:\/\/baubauwall.com\/et\/toode\/pilttapeet-suminagashi-beez\/#breadcrumb","itemListElement":[{"@type":"ListItem","position":1,"name":"Koju","item":"https:\/\/baubauwall.com\/et\/"},{"@type":"ListItem","position":2,"name":"Tapeedid","item":"https:\/\/baubauwall.com\/et\/tapeedid\/"},{"@type":"ListItem","position":3,"name":"Suminagashi &#8211; bee\u017e"}]},{"@type":"WebSite","@id":"https:\/\/baubauwall.com\/et\/#website","url":"https:\/\/baubauwall.com\/et\/","name":"BAUBAUWALL Wallpapers","description":"Valmis paanides tapeet Eestist!","publisher":{"@id":"https:\/\/baubauwall.com\/et\/#organization"},"potentialAction":[{"@type":"SearchAction","target":{"@type":"EntryPoint","urlTemplate":"https:\/\/baubauwall.com\/et\/?s={search_term_string}"},"query-input":{"@type":"PropertyValueSpecification","valueRequired":true,"valueName":"search_term_string"}}],"inLanguage":"et"},{"@type":"Organization","@id":"https:\/\/baubauwall.com\/et\/#organization","name":"BAUBAUWALL Wallpapers","url":"https:\/\/baubauwall.com\/et\/","logo":{"@type":"ImageObject","inLanguage":"et","@id":"https:\/\/baubauwall.com\/et\/#\/schema\/logo\/image\/","url":"https:\/\/baubauwall.com\/wp-content\/uploads\/2022\/03\/logo-horizontal.svg","contentUrl":"https:\/\/baubauwall.com\/wp-content\/uploads\/2022\/03\/logo-horizontal.svg","width":"1024","height":"1024","caption":"BAUBAUWALL Wallpapers"},"image":{"@id":"https:\/\/baubauwall.com\/et\/#\/schema\/logo\/image\/"},"sameAs":["https:\/\/www.facebook.com\/Baubauwall","https:\/\/www.instagram.com\/baubauwall"]}]}},"jetpack_sharing_enabled":true,"_links":{"self":[{"href":"https:\/\/baubauwall.com\/et\/wp-json\/wp\/v2\/product\/47154","targetHints":{"allow":["GET"]}}],"collection":[{"href":"https:\/\/baubauwall.com\/et\/wp-json\/wp\/v2\/product"}],"about":[{"href":"https:\/\/baubauwall.com\/et\/wp-json\/wp\/v2\/types\/product"}],"replies":[{"embeddable":true,"href":"https:\/\/baubauwall.com\/et\/wp-json\/wp\/v2\/comments?post=47154"}],"wp:featuredmedia":[{"embeddable":true,"href":"https:\/\/baubauwall.com\/et\/wp-json\/wp\/v2\/media\/47095"}],"wp:attachment":[{"href":"https:\/\/baubauwall.com\/et\/wp-json\/wp\/v2\/media?parent=47154"}],"wp:term":[{"taxonomy":"product_brand","embeddable":true,"href":"https:\/\/baubauwall.com\/et\/wp-json\/wp\/v2\/product_brand?post=47154"},{"taxonomy":"product_cat","embeddable":true,"href":"https:\/\/baubauwall.com\/et\/wp-json\/wp\/v2\/product_cat?post=47154"},{"taxonomy":"product_tag","embeddable":true,"href":"https:\/\/baubauwall.com\/et\/wp-json\/wp\/v2\/product_tag?post=47154"}],"curies":[{"name":"wp","href":"https:\/\/api.w.org\/{rel}","templated":true}]}}