{"id":47160,"date":"2026-03-06T16:17:29","date_gmt":"2026-03-06T14:17:29","guid":{"rendered":"https:\/\/baubauwall.com\/product\/mural-wallpaper-homecoming-burgundy-red\/"},"modified":"2026-03-12T14:57:19","modified_gmt":"2026-03-12T12:57:19","slug":"pilttapeet-pilverannak-burgundiapunane","status":"publish","type":"product","link":"https:\/\/baubauwall.com\/et\/toode\/pilttapeet-pilverannak-burgundiapunane\/","title":{"rendered":"Pilver\u00e4nnak &#8211; burgundiapunane"},"content":{"rendered":"<div class=\"relative basis-auto flex-col -mb-(--composer-overlap-px) [--composer-overlap-px:28px] grow flex\">\n<div class=\"flex flex-col text-sm pb-25\">\n<article class=\"text-token-text-primary w-full focus:outline-none [--shadow-height:45px] has-data-writing-block:pointer-events-none has-data-writing-block:-mt-(--shadow-height) has-data-writing-block:pt-(--shadow-height) [&amp;:has([data-writing-block])&gt;*]:pointer-events-auto scroll-mt-[calc(var(--header-height)+min(200px,max(70px,20svh)))]\" dir=\"auto\" tabindex=\"-1\" data-turn-id=\"request-WEB:096289b5-0e99-4f6d-98a1-427602190633-6\" data-testid=\"conversation-turn-2\" data-scroll-anchor=\"true\" data-turn=\"assistant\">\n<div class=\"text-base my-auto mx-auto pb-10 [--thread-content-margin:var(--thread-content-margin-xs,calc(var(--spacing)*4))] @w-sm\/main:[--thread-content-margin:var(--thread-content-margin-sm,calc(var(--spacing)*6))] @w-lg\/main:[--thread-content-margin:var(--thread-content-margin-lg,calc(var(--spacing)*16))] px-(--thread-content-margin)\">\n<div class=\"[--thread-content-max-width:40rem] @w-lg\/main:[--thread-content-max-width:48rem] mx-auto max-w-(--thread-content-max-width) flex-1 group\/turn-messages focus-visible:outline-hidden relative flex w-full min-w-0 flex-col agent-turn\" tabindex=\"-1\">\n<div class=\"flex max-w-full flex-col gap-4 grow\">\n<div class=\"min-h-8 text-message relative flex w-full flex-col items-end gap-2 text-start break-words whitespace-normal [.text-message+&amp;]:mt-1\" dir=\"auto\" data-message-author-role=\"assistant\" data-message-id=\"3b25c357-6294-40f0-879f-163c87f5c0de\" data-message-model-slug=\"gpt-5-4-thinking\">\n<div class=\"flex w-full flex-col gap-1 empty:hidden\">\n<div class=\"markdown prose dark:prose-invert w-full wrap-break-word light markdown-new-styling\">\n<p data-start=\"65\" data-end=\"380\">Tumepunastes toonides ja pidulik pilttapeet, mis viib m\u00f5tted unen\u00e4olisele r\u00e4nnakule. Pilver\u00e4nnak on efektselt kihiline tapeet, mis on loodud \u00fchendades k\u00e4sit\u00f6\u00f6 ja digitaalsed vahedid.\u00a0<em>Suminagashi\u00a0<\/em>ehk Jaapani marmoreerimismeetod loob voolavaid ja ettearvamatuid tekstuure. Maastik ja m\u00e4ed on k\u00e4sitsi maalitud nagu ka graatsilised linnud. K\u00f5ik need elemendid on skaneeritud ja seatud kokku terviklikuks kompositsiooniks kaunistamaks kaasaegset interj\u00f6\u00f6ri. Tulemuseks on suurejooneline tapeedidisain, mis m\u00f5jub kui kaasaegne <em>by\u014dbu &#8211;\u00a0<\/em>illustreeritud Jaapani sirm. Disaini p\u00f5nevad v\u00e4rvid &#8211; vanaroosa, burgundiapunane ja kuldne kollane &#8211; kingivad tapeedile erilise meeleolu. Sobita see tapeet oma erilisse paika, olgu selleks hubane magamistuba, k\u00fclalislahke s\u00f6\u00f6gituba v\u00f5i m\u00f5jus avalik ruum.<\/p>\n<p><strong>Miks see pilttapeet v\u00f5iks Sulle meeldida?<\/strong><\/p>\n<ul>\n<li>Eesti disain Eesti ettev\u00f5telt<\/li>\n<li>Tr\u00fckime tapeedi t\u00e4pselt\u00a0<a href=\"https:\/\/baubauwall.com\/et\/kuidas-see-tootab\/\">Sinu seina m\u00f5\u00f5du j\u00e4rgi<\/a><\/li>\n<li>Premium kategooria matt fliistapeet, valmistatud 100% taaskasutatud kiust<\/li>\n<li>M\u00fcrgivabad tr\u00fckiv\u00e4rvid,\u00a0<em>Greenguard<\/em>\u00a0sertifitseeritud<\/li>\n<li>Keskkonnateadlik ja j\u00e4\u00e4tmevaba tellimusp\u00f5hine tootmine<\/li>\n<li>Tapeediliim tuleb alati tasuta kaasa<\/li>\n<li>Tasuta transport ja kiire tarne 5 t\u00f6\u00f6p\u00e4evaga<\/li>\n<\/ul>\n<p data-path-to-node=\"2\"><em>\u201c<a href=\"https:\/\/baubauwall.com\/et\/tootekategooria\/tapeedi-kollektsioonid\/reverie-japandi-tapeedid\/\">Reverie<\/a>\u201d on disainer\u00a0<b data-path-to-node=\"2\" data-index-in-node=\"22\">Triinu Silla<\/b>\u00a0loodud tapeedikollektsioon, mis ammutab inspiratsiooni traditsioonilise Jaapani kunsti ja k\u00e4sit\u00f6\u00f6 peenest elegantsist. Nendes disainides kohtuvad tapeetidel p\u00f5lised kunstitehnikad tunnetusliku tasakaalu, peente detailide ja lummavate vaadetega.\u00a0<\/em><em>See on kollektsioon erilisi tapeete interj\u00f6\u00f6ridesse, kus v\u00e4\u00e4rtustatakse atmosf\u00e4\u00e4ri, meisterlikkust ja vaoshoitud, vaikset ilu.<\/em><\/p>\n<\/div>\n<\/div>\n<\/div>\n<\/div>\n<\/div>\n<\/div>\n<\/article>\n<\/div>\n<\/div>\n","protected":false},"excerpt":{"rendered":"<p>Tumepunane tapeet t\u00e4is pidulikkust. Pilttapeet, mis on loodud k\u00e4sitsi maalitud fragmentidest ja digitaalselt kokku pandud kaasaegseks tervikuks. Tumepunane tapeet v\u00f5iks sobida restorani v\u00f5i hoopis Sinu magamistoa seinale, sobitades selle kokku tumeroosade tekstiilide ja vase detailidega. Selle tumepunase tapeedi disain kombineerib vanaroosa ja kuldkollase. Tulemuseks on kaasaegne, ajatu tapeedidisain.<\/p>\n","protected":false},"featured_media":47167,"comment_status":"open","ping_status":"closed","template":"","meta":{"_acf_changed":false,"inline_featured_image":false},"product_brand":[],"product_cat":[827,387,622,447,394,393,270,278,418,752,413,414,402,699,245,251,257],"product_tag":[320,345,828],"class_list":{"0":"post-47160","1":"product","2":"type-product","3":"status-publish","4":"has-post-thumbnail","6":"product_cat-reverie-japandi-tapeedid","7":"product_cat-pilttapeedid","8":"product_cat-julged-tapeedid","9":"product_cat-maksimalistlik-et","10":"product_cat-rikkalik","11":"product_cat-idamaine","12":"product_cat-tumedad-tapeedid","13":"product_cat-roosad-tapeedid","14":"product_cat-punased-tapeedid","15":"product_cat-avalik-ruum","16":"product_cat-magamistoa-tapeedid","17":"product_cat-soogitoa-tapeedid","18":"product_cat-elutoa-tapeedid","19":"product_cat-eesti-disain-tapeedid","20":"product_cat-maastik","21":"product_cat-maed","22":"product_cat-linnud","23":"product_tag-kasitoo","24":"product_tag-pilttapeet","25":"product_tag-tapeedid-reverie-jaapani","27":"first","28":"instock","29":"taxable","30":"shipping-taxable","31":"purchasable","32":"product-type-simple"},"acf":[],"yoast_head":"<!-- This site is optimized with the Yoast SEO plugin v25.9 - https:\/\/yoast.com\/wordpress\/plugins\/seo\/ -->\n<title>Maastikuvaatega panoraamtapeet Jaapani stiilis<\/title>\n<meta name=\"description\" content=\"Tumepunastes toonides maastikuvaatega panoraamtapeet, mis on loodud marmoreerigu ja k\u00e4sitsi maalitud v\u00f5tetega. Tapeedid just Sinu seina suuruses.\" \/>\n<meta name=\"robots\" content=\"index, follow, max-snippet:-1, max-image-preview:large, max-video-preview:-1\" \/>\n<link rel=\"canonical\" href=\"https:\/\/baubauwall.com\/et\/toode\/pilttapeet-pilverannak-burgundiapunane\/\" \/>\n<meta property=\"og:locale\" content=\"et_EE\" \/>\n<meta property=\"og:type\" content=\"article\" \/>\n<meta property=\"og:title\" content=\"BAUBAUWALL TAPEEDID\" \/>\n<meta property=\"og:description\" content=\"Tumepunastes toonides maastikuvaatega panoraamtapeet, mis on loodud marmoreerigu ja k\u00e4sitsi maalitud v\u00f5tetega. Tapeedid just Sinu seina suuruses.\" \/>\n<meta property=\"og:url\" content=\"https:\/\/baubauwall.com\/et\/toode\/pilttapeet-pilverannak-burgundiapunane\/\" \/>\n<meta property=\"og:site_name\" content=\"BAUBAUWALL TAPEEDID\" \/>\n<meta property=\"article:publisher\" content=\"https:\/\/www.facebook.com\/Baubauwall\" \/>\n<meta property=\"article:modified_time\" content=\"2026-03-12T12:57:19+00:00\" \/>\n<meta name=\"twitter:card\" content=\"summary_large_image\" \/>\n<meta name=\"twitter:image\" content=\"https:\/\/baubauwall.com\/wp-content\/uploads\/2025\/10\/Burgundy_Red_Homecoming_Mural_Wallpaper_Baubauwall_room_51200529-3.jpg\" \/>\n<meta name=\"twitter:label1\" content=\"Est. reading time\" \/>\n\t<meta name=\"twitter:data1\" content=\"2 minutit\" \/>\n<script type=\"application\/ld+json\" class=\"yoast-schema-graph\">{\"@context\":\"https:\/\/schema.org\",\"@graph\":[{\"@type\":\"WebPage\",\"@id\":\"https:\/\/baubauwall.com\/et\/toode\/pilttapeet-pilverannak-burgundiapunane\/\",\"url\":\"https:\/\/baubauwall.com\/et\/toode\/pilttapeet-pilverannak-burgundiapunane\/\",\"name\":\"Maastikuvaatega panoraamtapeet Jaapani stiilis\",\"isPartOf\":{\"@id\":\"https:\/\/baubauwall.com\/et\/#website\"},\"primaryImageOfPage\":{\"@id\":\"https:\/\/baubauwall.com\/et\/toode\/pilttapeet-pilverannak-burgundiapunane\/#primaryimage\"},\"image\":{\"@id\":\"https:\/\/baubauwall.com\/et\/toode\/pilttapeet-pilverannak-burgundiapunane\/#primaryimage\"},\"thumbnailUrl\":\"https:\/\/baubauwall.com\/wp-content\/uploads\/2025\/10\/Burgundy_Red_Homecoming_Mural_Wallpaper_Baubauwall_room_51200529-3.jpg\",\"datePublished\":\"2026-03-06T14:17:29+00:00\",\"dateModified\":\"2026-03-12T12:57:19+00:00\",\"description\":\"Tumepunastes toonides maastikuvaatega panoraamtapeet, mis on loodud marmoreerigu ja k\u00e4sitsi maalitud v\u00f5tetega. Tapeedid just Sinu seina suuruses.\",\"breadcrumb\":{\"@id\":\"https:\/\/baubauwall.com\/et\/toode\/pilttapeet-pilverannak-burgundiapunane\/#breadcrumb\"},\"inLanguage\":\"et\",\"potentialAction\":[{\"@type\":\"ReadAction\",\"target\":[\"https:\/\/baubauwall.com\/et\/toode\/pilttapeet-pilverannak-burgundiapunane\/\"]}]},{\"@type\":\"ImageObject\",\"inLanguage\":\"et\",\"@id\":\"https:\/\/baubauwall.com\/et\/toode\/pilttapeet-pilverannak-burgundiapunane\/#primaryimage\",\"url\":\"https:\/\/baubauwall.com\/wp-content\/uploads\/2025\/10\/Burgundy_Red_Homecoming_Mural_Wallpaper_Baubauwall_room_51200529-3.jpg\",\"contentUrl\":\"https:\/\/baubauwall.com\/wp-content\/uploads\/2025\/10\/Burgundy_Red_Homecoming_Mural_Wallpaper_Baubauwall_room_51200529-3.jpg\",\"width\":2400,\"height\":1600,\"caption\":\"flying birds mural wallpaper with burgundy mountains, golden sky, layered clouds and birds in flight. Baubauwall Bespoke Wallpapers\"},{\"@type\":\"BreadcrumbList\",\"@id\":\"https:\/\/baubauwall.com\/et\/toode\/pilttapeet-pilverannak-burgundiapunane\/#breadcrumb\",\"itemListElement\":[{\"@type\":\"ListItem\",\"position\":1,\"name\":\"Koju\",\"item\":\"https:\/\/baubauwall.com\/et\/\"},{\"@type\":\"ListItem\",\"position\":2,\"name\":\"Tapeedid\",\"item\":\"https:\/\/baubauwall.com\/et\/tapeedid\/\"},{\"@type\":\"ListItem\",\"position\":3,\"name\":\"Pilver\u00e4nnak &#8211; burgundiapunane\"}]},{\"@type\":\"WebSite\",\"@id\":\"https:\/\/baubauwall.com\/et\/#website\",\"url\":\"https:\/\/baubauwall.com\/et\/\",\"name\":\"BAUBAUWALL Wallpapers\",\"description\":\"Valmis paanides tapeet Eestist!\",\"publisher\":{\"@id\":\"https:\/\/baubauwall.com\/et\/#organization\"},\"potentialAction\":[{\"@type\":\"SearchAction\",\"target\":{\"@type\":\"EntryPoint\",\"urlTemplate\":\"https:\/\/baubauwall.com\/et\/?s={search_term_string}\"},\"query-input\":{\"@type\":\"PropertyValueSpecification\",\"valueRequired\":true,\"valueName\":\"search_term_string\"}}],\"inLanguage\":\"et\"},{\"@type\":\"Organization\",\"@id\":\"https:\/\/baubauwall.com\/et\/#organization\",\"name\":\"BAUBAUWALL Wallpapers\",\"url\":\"https:\/\/baubauwall.com\/et\/\",\"logo\":{\"@type\":\"ImageObject\",\"inLanguage\":\"et\",\"@id\":\"https:\/\/baubauwall.com\/et\/#\/schema\/logo\/image\/\",\"url\":\"https:\/\/baubauwall.com\/wp-content\/uploads\/2022\/03\/logo-horizontal.svg\",\"contentUrl\":\"https:\/\/baubauwall.com\/wp-content\/uploads\/2022\/03\/logo-horizontal.svg\",\"width\":\"1024\",\"height\":\"1024\",\"caption\":\"BAUBAUWALL Wallpapers\"},\"image\":{\"@id\":\"https:\/\/baubauwall.com\/et\/#\/schema\/logo\/image\/\"},\"sameAs\":[\"https:\/\/www.facebook.com\/Baubauwall\",\"https:\/\/www.instagram.com\/baubauwall\"]}]}<\/script>\n<!-- \/ Yoast SEO plugin. -->","yoast_head_json":{"title":"Maastikuvaatega panoraamtapeet Jaapani stiilis","description":"Tumepunastes toonides maastikuvaatega panoraamtapeet, mis on loodud marmoreerigu ja k\u00e4sitsi maalitud v\u00f5tetega. Tapeedid just Sinu seina suuruses.","robots":{"index":"index","follow":"follow","max-snippet":"max-snippet:-1","max-image-preview":"max-image-preview:large","max-video-preview":"max-video-preview:-1"},"canonical":"https:\/\/baubauwall.com\/et\/toode\/pilttapeet-pilverannak-burgundiapunane\/","og_locale":"et_EE","og_type":"article","og_title":"BAUBAUWALL TAPEEDID","og_description":"Tumepunastes toonides maastikuvaatega panoraamtapeet, mis on loodud marmoreerigu ja k\u00e4sitsi maalitud v\u00f5tetega. Tapeedid just Sinu seina suuruses.","og_url":"https:\/\/baubauwall.com\/et\/toode\/pilttapeet-pilverannak-burgundiapunane\/","og_site_name":"BAUBAUWALL TAPEEDID","article_publisher":"https:\/\/www.facebook.com\/Baubauwall","article_modified_time":"2026-03-12T12:57:19+00:00","twitter_card":"summary_large_image","twitter_image":"https:\/\/baubauwall.com\/wp-content\/uploads\/2025\/10\/Burgundy_Red_Homecoming_Mural_Wallpaper_Baubauwall_room_51200529-3.jpg","twitter_misc":{"Est. reading time":"2 minutit"},"schema":{"@context":"https:\/\/schema.org","@graph":[{"@type":"WebPage","@id":"https:\/\/baubauwall.com\/et\/toode\/pilttapeet-pilverannak-burgundiapunane\/","url":"https:\/\/baubauwall.com\/et\/toode\/pilttapeet-pilverannak-burgundiapunane\/","name":"Maastikuvaatega panoraamtapeet Jaapani stiilis","isPartOf":{"@id":"https:\/\/baubauwall.com\/et\/#website"},"primaryImageOfPage":{"@id":"https:\/\/baubauwall.com\/et\/toode\/pilttapeet-pilverannak-burgundiapunane\/#primaryimage"},"image":{"@id":"https:\/\/baubauwall.com\/et\/toode\/pilttapeet-pilverannak-burgundiapunane\/#primaryimage"},"thumbnailUrl":"https:\/\/baubauwall.com\/wp-content\/uploads\/2025\/10\/Burgundy_Red_Homecoming_Mural_Wallpaper_Baubauwall_room_51200529-3.jpg","datePublished":"2026-03-06T14:17:29+00:00","dateModified":"2026-03-12T12:57:19+00:00","description":"Tumepunastes toonides maastikuvaatega panoraamtapeet, mis on loodud marmoreerigu ja k\u00e4sitsi maalitud v\u00f5tetega. Tapeedid just Sinu seina suuruses.","breadcrumb":{"@id":"https:\/\/baubauwall.com\/et\/toode\/pilttapeet-pilverannak-burgundiapunane\/#breadcrumb"},"inLanguage":"et","potentialAction":[{"@type":"ReadAction","target":["https:\/\/baubauwall.com\/et\/toode\/pilttapeet-pilverannak-burgundiapunane\/"]}]},{"@type":"ImageObject","inLanguage":"et","@id":"https:\/\/baubauwall.com\/et\/toode\/pilttapeet-pilverannak-burgundiapunane\/#primaryimage","url":"https:\/\/baubauwall.com\/wp-content\/uploads\/2025\/10\/Burgundy_Red_Homecoming_Mural_Wallpaper_Baubauwall_room_51200529-3.jpg","contentUrl":"https:\/\/baubauwall.com\/wp-content\/uploads\/2025\/10\/Burgundy_Red_Homecoming_Mural_Wallpaper_Baubauwall_room_51200529-3.jpg","width":2400,"height":1600,"caption":"flying birds mural wallpaper with burgundy mountains, golden sky, layered clouds and birds in flight. Baubauwall Bespoke Wallpapers"},{"@type":"BreadcrumbList","@id":"https:\/\/baubauwall.com\/et\/toode\/pilttapeet-pilverannak-burgundiapunane\/#breadcrumb","itemListElement":[{"@type":"ListItem","position":1,"name":"Koju","item":"https:\/\/baubauwall.com\/et\/"},{"@type":"ListItem","position":2,"name":"Tapeedid","item":"https:\/\/baubauwall.com\/et\/tapeedid\/"},{"@type":"ListItem","position":3,"name":"Pilver\u00e4nnak &#8211; burgundiapunane"}]},{"@type":"WebSite","@id":"https:\/\/baubauwall.com\/et\/#website","url":"https:\/\/baubauwall.com\/et\/","name":"BAUBAUWALL Wallpapers","description":"Valmis paanides tapeet Eestist!","publisher":{"@id":"https:\/\/baubauwall.com\/et\/#organization"},"potentialAction":[{"@type":"SearchAction","target":{"@type":"EntryPoint","urlTemplate":"https:\/\/baubauwall.com\/et\/?s={search_term_string}"},"query-input":{"@type":"PropertyValueSpecification","valueRequired":true,"valueName":"search_term_string"}}],"inLanguage":"et"},{"@type":"Organization","@id":"https:\/\/baubauwall.com\/et\/#organization","name":"BAUBAUWALL Wallpapers","url":"https:\/\/baubauwall.com\/et\/","logo":{"@type":"ImageObject","inLanguage":"et","@id":"https:\/\/baubauwall.com\/et\/#\/schema\/logo\/image\/","url":"https:\/\/baubauwall.com\/wp-content\/uploads\/2022\/03\/logo-horizontal.svg","contentUrl":"https:\/\/baubauwall.com\/wp-content\/uploads\/2022\/03\/logo-horizontal.svg","width":"1024","height":"1024","caption":"BAUBAUWALL Wallpapers"},"image":{"@id":"https:\/\/baubauwall.com\/et\/#\/schema\/logo\/image\/"},"sameAs":["https:\/\/www.facebook.com\/Baubauwall","https:\/\/www.instagram.com\/baubauwall"]}]}},"jetpack_sharing_enabled":true,"_links":{"self":[{"href":"https:\/\/baubauwall.com\/et\/wp-json\/wp\/v2\/product\/47160","targetHints":{"allow":["GET"]}}],"collection":[{"href":"https:\/\/baubauwall.com\/et\/wp-json\/wp\/v2\/product"}],"about":[{"href":"https:\/\/baubauwall.com\/et\/wp-json\/wp\/v2\/types\/product"}],"replies":[{"embeddable":true,"href":"https:\/\/baubauwall.com\/et\/wp-json\/wp\/v2\/comments?post=47160"}],"wp:featuredmedia":[{"embeddable":true,"href":"https:\/\/baubauwall.com\/et\/wp-json\/wp\/v2\/media\/47167"}],"wp:attachment":[{"href":"https:\/\/baubauwall.com\/et\/wp-json\/wp\/v2\/media?parent=47160"}],"wp:term":[{"taxonomy":"product_brand","embeddable":true,"href":"https:\/\/baubauwall.com\/et\/wp-json\/wp\/v2\/product_brand?post=47160"},{"taxonomy":"product_cat","embeddable":true,"href":"https:\/\/baubauwall.com\/et\/wp-json\/wp\/v2\/product_cat?post=47160"},{"taxonomy":"product_tag","embeddable":true,"href":"https:\/\/baubauwall.com\/et\/wp-json\/wp\/v2\/product_tag?post=47160"}],"curies":[{"name":"wp","href":"https:\/\/api.w.org\/{rel}","templated":true}]}}