{"id":47168,"date":"2026-03-06T16:17:27","date_gmt":"2026-03-06T14:17:27","guid":{"rendered":"https:\/\/baubauwall.com\/product\/mural-wallpaper-suminagashi-tobacco-brown\/"},"modified":"2026-03-12T14:59:07","modified_gmt":"2026-03-12T12:59:07","slug":"pilttapeet-suminagashi-tubakapruun","status":"publish","type":"product","link":"https:\/\/baubauwall.com\/et\/toode\/pilttapeet-suminagashi-tubakapruun\/","title":{"rendered":"Suminagashi &#8211; tubakapruun"},"content":{"rendered":"<p data-start=\"904\" data-end=\"1176\">Tumepruun pilttapeet, mille rahulik ja voolav muster on inspireeritud Jaapani iidsest <em>suminagashi<\/em> tehnikast \u2013 tindiga vee pinnale loodud \u00f5rnast marmoreerivast kujundikeelest. Tulemuseks on l\u00e4bim\u00f5eldud disaintapeet, mis m\u00f5jub \u00fchtaegu pehmelt, s\u00fcgavalt ja rafineeritult.<\/p>\n<p data-start=\"1178\" data-end=\"1480\">Pilttapeedi kompositsioon jaguneb kaheks pehmelt lainetavaks alaks. See loob ruumis m\u00f5nusa m\u00f5\u00f5tme: tumedam \u00fclaosa annab seinale\u00a0 raami ja fookuse, heledam ala toob interj\u00f6\u00f6ri \u00f5hku ja tasakaalu. Magamistoas voodi taga m\u00f5jub tumepruun tapeet eriti h\u00e4sti \u2013 tubakapruuni ja bee\u017ei duo loob pehme, sooja ja hoitud atmosf\u00e4\u00e4ri.<\/p>\n<p data-start=\"1482\" data-end=\"1781\">Suminagashi tumepruun pilttapeet sobib h\u00e4sti modernsesse japandi stiilis interj\u00f6\u00f6ri. Pruun toon lisab ruumi hubasust, karakterit ja loomulikku soojust. See pilttapeet t\u00f6\u00f6tab\u00a0 ka h\u00e4sti elutoas v\u00f5i avalikus ruumis, kus soovid luua rahulikku, naturaalset ja l\u00e4bim\u00f5eldud meeleolu.<\/p>\n<p><strong>Miks see pilttapeet v\u00f5iks Sulle meeldida?<\/strong><\/p>\n<ul>\n<li>Eesti disain Eesti ettev\u00f5telt<\/li>\n<li>Tr\u00fckime tapeedi t\u00e4pselt <a href=\"https:\/\/baubauwall.com\/et\/kuidas-see-tootab\/\">Sinu seina m\u00f5\u00f5du j\u00e4rgi<\/a><\/li>\n<li>Premium kategooria matt fliistapeet, valmistatud 100% taaskasutatud kiust<\/li>\n<li>M\u00fcrgivabad tr\u00fckiv\u00e4rvid,\u00a0<em>Greenguard<\/em>\u00a0sertifitseeritud<\/li>\n<li>Keskkonnateadlik ja j\u00e4\u00e4tmevaba tellimusp\u00f5hine tootmine<\/li>\n<li>Tapeediliim tuleb alati tasuta kaasa<\/li>\n<li>Tasuta transport ja kiire tarne 5 t\u00f6\u00f6p\u00e4evaga<\/li>\n<\/ul>\n<p data-path-to-node=\"2\"><em>&#8220;Reverie&#8221; on disainer <b data-path-to-node=\"2\" data-index-in-node=\"22\">Triinu Silla<\/b> loodud tapeedikollektsioon, mis ammutab inspiratsiooni traditsioonilise Jaapani kunsti ja k\u00e4sit\u00f6\u00f6 peenest elegantsist. Nendes disainides kohtuvad tapeetidel p\u00f5lised kunstitehnikad tunnetusliku tasakaalu, peente detailide ja lummavate vaadetega. <\/em><em>See on kollektsioon tapeete interj\u00f6\u00f6ridesse, kus v\u00e4\u00e4rtustatakse erilist atmosf\u00e4\u00e4ri, meisterlikkust ja vaoshoitud, vaikset ilu.<\/em><\/p>\n<p data-start=\"1428\" data-end=\"1594\">\n","protected":false},"excerpt":{"rendered":"<p>Suminagashi on tumepruun pilttapeet, mille voolav muster on inspireeritud Jaapani iidsest tindimarmoreerimise tehnikast. Pehme lainetus, s\u00fcgav pruun toon ja \u00f5hulisem hele ala loovad seinale tasakaaluka, rahuliku ja v\u00e4ga h\u00e4sti kihistuva tausta. Ideaalne valik magamistuppa v\u00f5i elutuppa, kus soovid hubast, modernset ja naturaalset meeleolu.<\/p>\n","protected":false},"featured_media":47418,"comment_status":"open","ping_status":"closed","template":"","meta":{"_acf_changed":false,"inline_featured_image":false},"product_brand":[],"product_cat":[827,387,447,393,388,269,270,752,413,414,416,402,699,245,254,260,230],"product_tag":[334,320,345,828],"class_list":{"0":"post-47168","1":"product","2":"type-product","3":"status-publish","4":"has-post-thumbnail","6":"product_cat-reverie-japandi-tapeedid","7":"product_cat-pilttapeedid","8":"product_cat-maksimalistlik-et","9":"product_cat-idamaine","10":"product_cat-vintage-et","11":"product_cat-pruunid-tapeedid","12":"product_cat-tumedad-tapeedid","13":"product_cat-avalik-ruum","14":"product_cat-magamistoa-tapeedid","15":"product_cat-soogitoa-tapeedid","16":"product_cat-esiku-tapeedid","17":"product_cat-elutoa-tapeedid","18":"product_cat-eesti-disain-tapeedid","19":"product_cat-maastik","20":"product_cat-loodus","21":"product_cat-lilled","22":"product_cat-marmor","23":"product_tag-japandi-et","24":"product_tag-kasitoo","25":"product_tag-pilttapeet","26":"product_tag-tapeedid-reverie-jaapani","28":"first","29":"instock","30":"taxable","31":"shipping-taxable","32":"purchasable","33":"product-type-simple"},"acf":[],"yoast_head":"<!-- This site is optimized with the Yoast SEO plugin v25.9 - https:\/\/yoast.com\/wordpress\/plugins\/seo\/ -->\n<title>Tumepruun pilttapeet | Suminagashi - tubakapruun<\/title>\n<meta name=\"description\" content=\"Japandi stiilis tumepruun pilttapeet on inspireeritud Jaapani tindimarmoreerimise tehnikast. Rahulik ja kunstip\u00e4rane tapeet elutuppa v\u00f5i magamistuppa.\" \/>\n<meta name=\"robots\" content=\"index, follow, max-snippet:-1, max-image-preview:large, max-video-preview:-1\" \/>\n<link rel=\"canonical\" href=\"https:\/\/baubauwall.com\/et\/toode\/pilttapeet-suminagashi-tubakapruun\/\" \/>\n<meta property=\"og:locale\" content=\"et_EE\" \/>\n<meta property=\"og:type\" content=\"article\" \/>\n<meta property=\"og:title\" content=\"BAUBAUWALL TAPEEDID\" \/>\n<meta property=\"og:description\" content=\"Japandi stiilis tumepruun pilttapeet on inspireeritud Jaapani tindimarmoreerimise tehnikast. Rahulik ja kunstip\u00e4rane tapeet elutuppa v\u00f5i magamistuppa.\" \/>\n<meta property=\"og:url\" content=\"https:\/\/baubauwall.com\/et\/toode\/pilttapeet-suminagashi-tubakapruun\/\" \/>\n<meta property=\"og:site_name\" content=\"BAUBAUWALL TAPEEDID\" \/>\n<meta property=\"article:publisher\" content=\"https:\/\/www.facebook.com\/Baubauwall\" \/>\n<meta property=\"article:modified_time\" content=\"2026-03-12T12:59:07+00:00\" \/>\n<meta property=\"og:image\" content=\"https:\/\/baubauwall.com\/wp-content\/uploads\/2026\/03\/Mural_wallpaper_Sumingashi-Tobacco_Brown_Baubauwall_room_51200528-1.jpg\" \/>\n\t<meta property=\"og:image:width\" content=\"1600\" \/>\n\t<meta property=\"og:image:height\" content=\"1600\" \/>\n\t<meta property=\"og:image:type\" content=\"image\/jpeg\" \/>\n<meta name=\"twitter:card\" content=\"summary_large_image\" \/>\n<meta name=\"twitter:label1\" content=\"Est. reading time\" \/>\n\t<meta name=\"twitter:data1\" content=\"2 minutit\" \/>\n<script type=\"application\/ld+json\" class=\"yoast-schema-graph\">{\"@context\":\"https:\/\/schema.org\",\"@graph\":[{\"@type\":\"WebPage\",\"@id\":\"https:\/\/baubauwall.com\/et\/toode\/pilttapeet-suminagashi-tubakapruun\/\",\"url\":\"https:\/\/baubauwall.com\/et\/toode\/pilttapeet-suminagashi-tubakapruun\/\",\"name\":\"Tumepruun pilttapeet | Suminagashi - tubakapruun\",\"isPartOf\":{\"@id\":\"https:\/\/baubauwall.com\/et\/#website\"},\"primaryImageOfPage\":{\"@id\":\"https:\/\/baubauwall.com\/et\/toode\/pilttapeet-suminagashi-tubakapruun\/#primaryimage\"},\"image\":{\"@id\":\"https:\/\/baubauwall.com\/et\/toode\/pilttapeet-suminagashi-tubakapruun\/#primaryimage\"},\"thumbnailUrl\":\"https:\/\/baubauwall.com\/wp-content\/uploads\/2026\/03\/Mural_wallpaper_Sumingashi-Tobacco_Brown_Baubauwall_living-room_51200528.jpg\",\"datePublished\":\"2026-03-06T14:17:27+00:00\",\"dateModified\":\"2026-03-12T12:59:07+00:00\",\"description\":\"Japandi stiilis tumepruun pilttapeet on inspireeritud Jaapani tindimarmoreerimise tehnikast. Rahulik ja kunstip\u00e4rane tapeet elutuppa v\u00f5i magamistuppa.\",\"breadcrumb\":{\"@id\":\"https:\/\/baubauwall.com\/et\/toode\/pilttapeet-suminagashi-tubakapruun\/#breadcrumb\"},\"inLanguage\":\"et\",\"potentialAction\":[{\"@type\":\"ReadAction\",\"target\":[\"https:\/\/baubauwall.com\/et\/toode\/pilttapeet-suminagashi-tubakapruun\/\"]}]},{\"@type\":\"ImageObject\",\"inLanguage\":\"et\",\"@id\":\"https:\/\/baubauwall.com\/et\/toode\/pilttapeet-suminagashi-tubakapruun\/#primaryimage\",\"url\":\"https:\/\/baubauwall.com\/wp-content\/uploads\/2026\/03\/Mural_wallpaper_Sumingashi-Tobacco_Brown_Baubauwall_living-room_51200528.jpg\",\"contentUrl\":\"https:\/\/baubauwall.com\/wp-content\/uploads\/2026\/03\/Mural_wallpaper_Sumingashi-Tobacco_Brown_Baubauwall_living-room_51200528.jpg\",\"width\":2134,\"height\":1600,\"caption\":\"Suminagashi - tubakapruun pilttapeet elutoas\"},{\"@type\":\"BreadcrumbList\",\"@id\":\"https:\/\/baubauwall.com\/et\/toode\/pilttapeet-suminagashi-tubakapruun\/#breadcrumb\",\"itemListElement\":[{\"@type\":\"ListItem\",\"position\":1,\"name\":\"Koju\",\"item\":\"https:\/\/baubauwall.com\/et\/\"},{\"@type\":\"ListItem\",\"position\":2,\"name\":\"Tapeedid\",\"item\":\"https:\/\/baubauwall.com\/et\/tapeedid\/\"},{\"@type\":\"ListItem\",\"position\":3,\"name\":\"Suminagashi &#8211; tubakapruun\"}]},{\"@type\":\"WebSite\",\"@id\":\"https:\/\/baubauwall.com\/et\/#website\",\"url\":\"https:\/\/baubauwall.com\/et\/\",\"name\":\"BAUBAUWALL Wallpapers\",\"description\":\"Valmis paanides tapeet Eestist!\",\"publisher\":{\"@id\":\"https:\/\/baubauwall.com\/et\/#organization\"},\"potentialAction\":[{\"@type\":\"SearchAction\",\"target\":{\"@type\":\"EntryPoint\",\"urlTemplate\":\"https:\/\/baubauwall.com\/et\/?s={search_term_string}\"},\"query-input\":{\"@type\":\"PropertyValueSpecification\",\"valueRequired\":true,\"valueName\":\"search_term_string\"}}],\"inLanguage\":\"et\"},{\"@type\":\"Organization\",\"@id\":\"https:\/\/baubauwall.com\/et\/#organization\",\"name\":\"BAUBAUWALL Wallpapers\",\"url\":\"https:\/\/baubauwall.com\/et\/\",\"logo\":{\"@type\":\"ImageObject\",\"inLanguage\":\"et\",\"@id\":\"https:\/\/baubauwall.com\/et\/#\/schema\/logo\/image\/\",\"url\":\"https:\/\/baubauwall.com\/wp-content\/uploads\/2022\/03\/logo-horizontal.svg\",\"contentUrl\":\"https:\/\/baubauwall.com\/wp-content\/uploads\/2022\/03\/logo-horizontal.svg\",\"width\":\"1024\",\"height\":\"1024\",\"caption\":\"BAUBAUWALL Wallpapers\"},\"image\":{\"@id\":\"https:\/\/baubauwall.com\/et\/#\/schema\/logo\/image\/\"},\"sameAs\":[\"https:\/\/www.facebook.com\/Baubauwall\",\"https:\/\/www.instagram.com\/baubauwall\"]}]}<\/script>\n<!-- \/ Yoast SEO plugin. -->","yoast_head_json":{"title":"Tumepruun pilttapeet | Suminagashi - tubakapruun","description":"Japandi stiilis tumepruun pilttapeet on inspireeritud Jaapani tindimarmoreerimise tehnikast. Rahulik ja kunstip\u00e4rane tapeet elutuppa v\u00f5i magamistuppa.","robots":{"index":"index","follow":"follow","max-snippet":"max-snippet:-1","max-image-preview":"max-image-preview:large","max-video-preview":"max-video-preview:-1"},"canonical":"https:\/\/baubauwall.com\/et\/toode\/pilttapeet-suminagashi-tubakapruun\/","og_locale":"et_EE","og_type":"article","og_title":"BAUBAUWALL TAPEEDID","og_description":"Japandi stiilis tumepruun pilttapeet on inspireeritud Jaapani tindimarmoreerimise tehnikast. Rahulik ja kunstip\u00e4rane tapeet elutuppa v\u00f5i magamistuppa.","og_url":"https:\/\/baubauwall.com\/et\/toode\/pilttapeet-suminagashi-tubakapruun\/","og_site_name":"BAUBAUWALL TAPEEDID","article_publisher":"https:\/\/www.facebook.com\/Baubauwall","article_modified_time":"2026-03-12T12:59:07+00:00","og_image":[{"width":1600,"height":1600,"url":"https:\/\/baubauwall.com\/wp-content\/uploads\/2026\/03\/Mural_wallpaper_Sumingashi-Tobacco_Brown_Baubauwall_room_51200528-1.jpg","type":"image\/jpeg"}],"twitter_card":"summary_large_image","twitter_misc":{"Est. reading time":"2 minutit"},"schema":{"@context":"https:\/\/schema.org","@graph":[{"@type":"WebPage","@id":"https:\/\/baubauwall.com\/et\/toode\/pilttapeet-suminagashi-tubakapruun\/","url":"https:\/\/baubauwall.com\/et\/toode\/pilttapeet-suminagashi-tubakapruun\/","name":"Tumepruun pilttapeet | Suminagashi - tubakapruun","isPartOf":{"@id":"https:\/\/baubauwall.com\/et\/#website"},"primaryImageOfPage":{"@id":"https:\/\/baubauwall.com\/et\/toode\/pilttapeet-suminagashi-tubakapruun\/#primaryimage"},"image":{"@id":"https:\/\/baubauwall.com\/et\/toode\/pilttapeet-suminagashi-tubakapruun\/#primaryimage"},"thumbnailUrl":"https:\/\/baubauwall.com\/wp-content\/uploads\/2026\/03\/Mural_wallpaper_Sumingashi-Tobacco_Brown_Baubauwall_living-room_51200528.jpg","datePublished":"2026-03-06T14:17:27+00:00","dateModified":"2026-03-12T12:59:07+00:00","description":"Japandi stiilis tumepruun pilttapeet on inspireeritud Jaapani tindimarmoreerimise tehnikast. Rahulik ja kunstip\u00e4rane tapeet elutuppa v\u00f5i magamistuppa.","breadcrumb":{"@id":"https:\/\/baubauwall.com\/et\/toode\/pilttapeet-suminagashi-tubakapruun\/#breadcrumb"},"inLanguage":"et","potentialAction":[{"@type":"ReadAction","target":["https:\/\/baubauwall.com\/et\/toode\/pilttapeet-suminagashi-tubakapruun\/"]}]},{"@type":"ImageObject","inLanguage":"et","@id":"https:\/\/baubauwall.com\/et\/toode\/pilttapeet-suminagashi-tubakapruun\/#primaryimage","url":"https:\/\/baubauwall.com\/wp-content\/uploads\/2026\/03\/Mural_wallpaper_Sumingashi-Tobacco_Brown_Baubauwall_living-room_51200528.jpg","contentUrl":"https:\/\/baubauwall.com\/wp-content\/uploads\/2026\/03\/Mural_wallpaper_Sumingashi-Tobacco_Brown_Baubauwall_living-room_51200528.jpg","width":2134,"height":1600,"caption":"Suminagashi - tubakapruun pilttapeet elutoas"},{"@type":"BreadcrumbList","@id":"https:\/\/baubauwall.com\/et\/toode\/pilttapeet-suminagashi-tubakapruun\/#breadcrumb","itemListElement":[{"@type":"ListItem","position":1,"name":"Koju","item":"https:\/\/baubauwall.com\/et\/"},{"@type":"ListItem","position":2,"name":"Tapeedid","item":"https:\/\/baubauwall.com\/et\/tapeedid\/"},{"@type":"ListItem","position":3,"name":"Suminagashi &#8211; tubakapruun"}]},{"@type":"WebSite","@id":"https:\/\/baubauwall.com\/et\/#website","url":"https:\/\/baubauwall.com\/et\/","name":"BAUBAUWALL Wallpapers","description":"Valmis paanides tapeet Eestist!","publisher":{"@id":"https:\/\/baubauwall.com\/et\/#organization"},"potentialAction":[{"@type":"SearchAction","target":{"@type":"EntryPoint","urlTemplate":"https:\/\/baubauwall.com\/et\/?s={search_term_string}"},"query-input":{"@type":"PropertyValueSpecification","valueRequired":true,"valueName":"search_term_string"}}],"inLanguage":"et"},{"@type":"Organization","@id":"https:\/\/baubauwall.com\/et\/#organization","name":"BAUBAUWALL Wallpapers","url":"https:\/\/baubauwall.com\/et\/","logo":{"@type":"ImageObject","inLanguage":"et","@id":"https:\/\/baubauwall.com\/et\/#\/schema\/logo\/image\/","url":"https:\/\/baubauwall.com\/wp-content\/uploads\/2022\/03\/logo-horizontal.svg","contentUrl":"https:\/\/baubauwall.com\/wp-content\/uploads\/2022\/03\/logo-horizontal.svg","width":"1024","height":"1024","caption":"BAUBAUWALL Wallpapers"},"image":{"@id":"https:\/\/baubauwall.com\/et\/#\/schema\/logo\/image\/"},"sameAs":["https:\/\/www.facebook.com\/Baubauwall","https:\/\/www.instagram.com\/baubauwall"]}]}},"jetpack_sharing_enabled":true,"_links":{"self":[{"href":"https:\/\/baubauwall.com\/et\/wp-json\/wp\/v2\/product\/47168","targetHints":{"allow":["GET"]}}],"collection":[{"href":"https:\/\/baubauwall.com\/et\/wp-json\/wp\/v2\/product"}],"about":[{"href":"https:\/\/baubauwall.com\/et\/wp-json\/wp\/v2\/types\/product"}],"replies":[{"embeddable":true,"href":"https:\/\/baubauwall.com\/et\/wp-json\/wp\/v2\/comments?post=47168"}],"wp:featuredmedia":[{"embeddable":true,"href":"https:\/\/baubauwall.com\/et\/wp-json\/wp\/v2\/media\/47418"}],"wp:attachment":[{"href":"https:\/\/baubauwall.com\/et\/wp-json\/wp\/v2\/media?parent=47168"}],"wp:term":[{"taxonomy":"product_brand","embeddable":true,"href":"https:\/\/baubauwall.com\/et\/wp-json\/wp\/v2\/product_brand?post=47168"},{"taxonomy":"product_cat","embeddable":true,"href":"https:\/\/baubauwall.com\/et\/wp-json\/wp\/v2\/product_cat?post=47168"},{"taxonomy":"product_tag","embeddable":true,"href":"https:\/\/baubauwall.com\/et\/wp-json\/wp\/v2\/product_tag?post=47168"}],"curies":[{"name":"wp","href":"https:\/\/api.w.org\/{rel}","templated":true}]}}