{"id":47182,"date":"2026-03-06T16:17:27","date_gmt":"2026-03-06T14:17:27","guid":{"rendered":"https:\/\/baubauwall.com\/product\/mural-wallpaper-cascade\/"},"modified":"2026-03-09T16:18:08","modified_gmt":"2026-03-09T14:18:08","slug":"pilttapeet-kaskaad","status":"publish","type":"product","link":"https:\/\/baubauwall.com\/et\/toode\/pilttapeet-kaskaad\/","title":{"rendered":"Kaskaad"},"content":{"rendered":"<p data-start=\"277\" data-end=\"556\">Efektne pilttapeet interj\u00f6\u00f6ri, kuhu soovid midagi erilist.\u00a0 Imeilusad v\u00e4rvitoonid petrol rohelisest tumeroosa ja pruunini moodustavad m\u00f5juva terviku. Eriline tapeet, millel on \u00fchel ajal midagi Jaapani sirmidelt kui ka maastikumaalilt n\u00e4patut. V\u00e4rvide blokid moodustavad justkui rebitud paberi efekti, p\u00f5rkudes kollaa\u017eil kivimite struktruuridega.<\/p>\n<p data-start=\"967\" data-end=\"1341\">Pilttapeet Kaskaad v\u00f5iks s\u00e4rada avalikus ruumis &#8211; restoranis, kohviku seinal v\u00f5i b\u00fcroo ooteruumis, kus oleks otsatult hea viibida. Kasuta juurde tapeedi p\u00f5hiv\u00e4rve &#8211; tumepruun, petrol sinakas-roheline ja puudriroosa ning tulemus on t\u00e4iuslik ning iseloomukas. Igal juhul, see eriline tapeet loob seinale kihilise ja kunstilise tausta, mis j\u00e4\u00e4b huvitavaks ka pikemalt vaadates. \u00dchtviisi h\u00e4sti sobita see eriline tapeet kodusesse interj\u00f6\u00f6ri &#8211; n\u00e4iteks magamistoa seinal koos sinakasroheliste tekstiilidega moodustab imeilusa kombinatsiooni!<\/p>\n<p><strong>Miks see pilttapeet v\u00f5iks Sulle meeldida?<\/strong><\/p>\n<ul>\n<li>Eesti disain Eesti ettev\u00f5telt<\/li>\n<li>Tr\u00fckime tapeedi t\u00e4pselt\u00a0<a href=\"https:\/\/baubauwall.com\/et\/kuidas-see-tootab\/\">Sinu seina m\u00f5\u00f5du j\u00e4rgi<\/a><\/li>\n<li>Premium kategooria matt fliistapeet, valmistatud 100% taaskasutatud kiust<\/li>\n<li>M\u00fcrgivabad tr\u00fckiv\u00e4rvid,\u00a0<em>Greenguard<\/em>\u00a0sertifitseeritud<\/li>\n<li>Keskkonnateadlik ja j\u00e4\u00e4tmevaba tellimusp\u00f5hine tootmine<\/li>\n<li>Tapeediliim tuleb alati tasuta kaasa<\/li>\n<li>Tasuta transport ja kiire tarne 5 t\u00f6\u00f6p\u00e4evaga<\/li>\n<\/ul>\n<p data-path-to-node=\"2\"><em>\u201cReverie\u201d on disainer\u00a0<b data-path-to-node=\"2\" data-index-in-node=\"22\">Triinu Silla<\/b>\u00a0loodud tapeedikollektsioon, mis ammutab inspiratsiooni traditsioonilise Jaapani kunsti ja k\u00e4sit\u00f6\u00f6 peenest elegantsist. Nendes disainides kohtuvad tapeetidel p\u00f5lised kunstitehnikad tunnetusliku tasakaalu, peente detailide ja lummavate vaadetega.\u00a0<\/em><em>See on kollektsioon erilisi tapeete interj\u00f6\u00f6ridesse, kus v\u00e4\u00e4rtustatakse atmosf\u00e4\u00e4ri, meisterlikkust ja vaoshoitud, vaikset ilu.<\/em><\/p>\n","protected":false},"excerpt":{"rendered":"<p>Kaskaad on kihiline ja maaliline pilttapeet, kus pintslilised pinnad, pehmed vormid ja \u00f5rnad pajumotiivid loovad seinale rahuliku s\u00fcgavuse. Jaapani kunstidest inspireeritud disain sobib eriti h\u00e4sti elutuppa v\u00f5i magamistuppa, kus soovid kunstilist, kuid tasakaalukat meeleolu.<\/p>\n","protected":false},"featured_media":47189,"comment_status":"open","ping_status":"closed","template":"","meta":{"_acf_changed":false,"inline_featured_image":false},"product_brand":[],"product_cat":[827,780,387,622,447,394,393,269,270,277,752,413,414,402,699,251,254],"product_tag":[334,320,345,828],"class_list":{"0":"post-47182","1":"product","2":"type-product","3":"status-publish","4":"has-post-thumbnail","6":"product_cat-reverie-japandi-tapeedid","7":"product_cat-pilttapeedid-lugudega","8":"product_cat-pilttapeedid","9":"product_cat-julged-tapeedid","10":"product_cat-maksimalistlik-et","11":"product_cat-rikkalik","12":"product_cat-idamaine","13":"product_cat-pruunid-tapeedid","14":"product_cat-tumedad-tapeedid","15":"product_cat-petrool-sinised-tapeedid","16":"product_cat-avalik-ruum","17":"product_cat-magamistoa-tapeedid","18":"product_cat-soogitoa-tapeedid","19":"product_cat-elutoa-tapeedid","20":"product_cat-eesti-disain-tapeedid","21":"product_cat-maed","22":"product_cat-loodus","23":"product_tag-japandi-et","24":"product_tag-kasitoo","25":"product_tag-pilttapeet","26":"product_tag-tapeedid-reverie-jaapani","28":"first","29":"instock","30":"taxable","31":"shipping-taxable","32":"purchasable","33":"product-type-simple"},"acf":[],"yoast_head":"<!-- This site is optimized with the Yoast SEO plugin v25.9 - https:\/\/yoast.com\/wordpress\/plugins\/seo\/ -->\n<title>Eriline tapeet | Japandi stiilis pilttapeet Kaskaad - BAUBAUWALL TAPEEDID<\/title>\n<meta name=\"description\" content=\"Eriline tapeet moodsas japandi stiilis, kus pehmed vormid ja maalilised pinnad loovad efekti. Sinu seina suuruses l\u00f5igatud tapeedid.\" \/>\n<meta name=\"robots\" content=\"index, follow, max-snippet:-1, max-image-preview:large, max-video-preview:-1\" \/>\n<link rel=\"canonical\" href=\"https:\/\/baubauwall.com\/et\/toode\/pilttapeet-kaskaad\/\" \/>\n<meta property=\"og:locale\" content=\"et_EE\" \/>\n<meta property=\"og:type\" content=\"article\" \/>\n<meta property=\"og:title\" content=\"BAUBAUWALL TAPEEDID\" \/>\n<meta property=\"og:description\" content=\"Eriline tapeet moodsas japandi stiilis, kus pehmed vormid ja maalilised pinnad loovad efekti. Sinu seina suuruses l\u00f5igatud tapeedid.\" \/>\n<meta property=\"og:url\" content=\"https:\/\/baubauwall.com\/et\/toode\/pilttapeet-kaskaad\/\" \/>\n<meta property=\"og:site_name\" content=\"BAUBAUWALL TAPEEDID\" \/>\n<meta property=\"article:publisher\" content=\"https:\/\/www.facebook.com\/Baubauwall\" \/>\n<meta property=\"article:modified_time\" content=\"2026-03-09T14:18:08+00:00\" \/>\n<meta property=\"og:image\" content=\"https:\/\/baubauwall.com\/wp-content\/uploads\/2026\/03\/Mural_Wallpaper_Cascade_Baubauwall_room_51200524-4.jpg\" \/>\n\t<meta property=\"og:image:width\" content=\"2133\" \/>\n\t<meta property=\"og:image:height\" content=\"1600\" \/>\n\t<meta property=\"og:image:type\" content=\"image\/jpeg\" \/>\n<meta name=\"twitter:card\" content=\"summary_large_image\" \/>\n<meta name=\"twitter:label1\" content=\"Est. reading time\" \/>\n\t<meta name=\"twitter:data1\" content=\"2 minutit\" \/>\n<script type=\"application\/ld+json\" class=\"yoast-schema-graph\">{\"@context\":\"https:\/\/schema.org\",\"@graph\":[{\"@type\":\"WebPage\",\"@id\":\"https:\/\/baubauwall.com\/et\/toode\/pilttapeet-kaskaad\/\",\"url\":\"https:\/\/baubauwall.com\/et\/toode\/pilttapeet-kaskaad\/\",\"name\":\"Eriline tapeet | Japandi stiilis pilttapeet Kaskaad - BAUBAUWALL TAPEEDID\",\"isPartOf\":{\"@id\":\"https:\/\/baubauwall.com\/et\/#website\"},\"primaryImageOfPage\":{\"@id\":\"https:\/\/baubauwall.com\/et\/toode\/pilttapeet-kaskaad\/#primaryimage\"},\"image\":{\"@id\":\"https:\/\/baubauwall.com\/et\/toode\/pilttapeet-kaskaad\/#primaryimage\"},\"thumbnailUrl\":\"https:\/\/baubauwall.com\/wp-content\/uploads\/2026\/03\/Mural_Wallpaper_Cascade_Baubauwall_room_51200524-3.jpg\",\"datePublished\":\"2026-03-06T14:17:27+00:00\",\"dateModified\":\"2026-03-09T14:18:08+00:00\",\"description\":\"Eriline tapeet moodsas japandi stiilis, kus pehmed vormid ja maalilised pinnad loovad efekti. Sinu seina suuruses l\u00f5igatud tapeedid.\",\"breadcrumb\":{\"@id\":\"https:\/\/baubauwall.com\/et\/toode\/pilttapeet-kaskaad\/#breadcrumb\"},\"inLanguage\":\"et\",\"potentialAction\":[{\"@type\":\"ReadAction\",\"target\":[\"https:\/\/baubauwall.com\/et\/toode\/pilttapeet-kaskaad\/\"]}]},{\"@type\":\"ImageObject\",\"inLanguage\":\"et\",\"@id\":\"https:\/\/baubauwall.com\/et\/toode\/pilttapeet-kaskaad\/#primaryimage\",\"url\":\"https:\/\/baubauwall.com\/wp-content\/uploads\/2026\/03\/Mural_Wallpaper_Cascade_Baubauwall_room_51200524-3.jpg\",\"contentUrl\":\"https:\/\/baubauwall.com\/wp-content\/uploads\/2026\/03\/Mural_Wallpaper_Cascade_Baubauwall_room_51200524-3.jpg\",\"width\":2400,\"height\":1600,\"caption\":\"Japandi wall mural Cascade. Handmade artisanal mural wallpaper in teal and petrol hues. Baubauwall wallpapera\"},{\"@type\":\"BreadcrumbList\",\"@id\":\"https:\/\/baubauwall.com\/et\/toode\/pilttapeet-kaskaad\/#breadcrumb\",\"itemListElement\":[{\"@type\":\"ListItem\",\"position\":1,\"name\":\"Koju\",\"item\":\"https:\/\/baubauwall.com\/et\/\"},{\"@type\":\"ListItem\",\"position\":2,\"name\":\"Tapeedid\",\"item\":\"https:\/\/baubauwall.com\/et\/tapeedid\/\"},{\"@type\":\"ListItem\",\"position\":3,\"name\":\"Kaskaad\"}]},{\"@type\":\"WebSite\",\"@id\":\"https:\/\/baubauwall.com\/et\/#website\",\"url\":\"https:\/\/baubauwall.com\/et\/\",\"name\":\"BAUBAUWALL Wallpapers\",\"description\":\"Valmis paanides tapeet Eestist!\",\"publisher\":{\"@id\":\"https:\/\/baubauwall.com\/et\/#organization\"},\"potentialAction\":[{\"@type\":\"SearchAction\",\"target\":{\"@type\":\"EntryPoint\",\"urlTemplate\":\"https:\/\/baubauwall.com\/et\/?s={search_term_string}\"},\"query-input\":{\"@type\":\"PropertyValueSpecification\",\"valueRequired\":true,\"valueName\":\"search_term_string\"}}],\"inLanguage\":\"et\"},{\"@type\":\"Organization\",\"@id\":\"https:\/\/baubauwall.com\/et\/#organization\",\"name\":\"BAUBAUWALL Wallpapers\",\"url\":\"https:\/\/baubauwall.com\/et\/\",\"logo\":{\"@type\":\"ImageObject\",\"inLanguage\":\"et\",\"@id\":\"https:\/\/baubauwall.com\/et\/#\/schema\/logo\/image\/\",\"url\":\"https:\/\/baubauwall.com\/wp-content\/uploads\/2022\/03\/logo-horizontal.svg\",\"contentUrl\":\"https:\/\/baubauwall.com\/wp-content\/uploads\/2022\/03\/logo-horizontal.svg\",\"width\":\"1024\",\"height\":\"1024\",\"caption\":\"BAUBAUWALL Wallpapers\"},\"image\":{\"@id\":\"https:\/\/baubauwall.com\/et\/#\/schema\/logo\/image\/\"},\"sameAs\":[\"https:\/\/www.facebook.com\/Baubauwall\",\"https:\/\/www.instagram.com\/baubauwall\"]}]}<\/script>\n<!-- \/ Yoast SEO plugin. -->","yoast_head_json":{"title":"Eriline tapeet | Japandi stiilis pilttapeet Kaskaad - BAUBAUWALL TAPEEDID","description":"Eriline tapeet moodsas japandi stiilis, kus pehmed vormid ja maalilised pinnad loovad efekti. Sinu seina suuruses l\u00f5igatud tapeedid.","robots":{"index":"index","follow":"follow","max-snippet":"max-snippet:-1","max-image-preview":"max-image-preview:large","max-video-preview":"max-video-preview:-1"},"canonical":"https:\/\/baubauwall.com\/et\/toode\/pilttapeet-kaskaad\/","og_locale":"et_EE","og_type":"article","og_title":"BAUBAUWALL TAPEEDID","og_description":"Eriline tapeet moodsas japandi stiilis, kus pehmed vormid ja maalilised pinnad loovad efekti. Sinu seina suuruses l\u00f5igatud tapeedid.","og_url":"https:\/\/baubauwall.com\/et\/toode\/pilttapeet-kaskaad\/","og_site_name":"BAUBAUWALL TAPEEDID","article_publisher":"https:\/\/www.facebook.com\/Baubauwall","article_modified_time":"2026-03-09T14:18:08+00:00","og_image":[{"width":2133,"height":1600,"url":"https:\/\/baubauwall.com\/wp-content\/uploads\/2026\/03\/Mural_Wallpaper_Cascade_Baubauwall_room_51200524-4.jpg","type":"image\/jpeg"}],"twitter_card":"summary_large_image","twitter_misc":{"Est. reading time":"2 minutit"},"schema":{"@context":"https:\/\/schema.org","@graph":[{"@type":"WebPage","@id":"https:\/\/baubauwall.com\/et\/toode\/pilttapeet-kaskaad\/","url":"https:\/\/baubauwall.com\/et\/toode\/pilttapeet-kaskaad\/","name":"Eriline tapeet | Japandi stiilis pilttapeet Kaskaad - BAUBAUWALL TAPEEDID","isPartOf":{"@id":"https:\/\/baubauwall.com\/et\/#website"},"primaryImageOfPage":{"@id":"https:\/\/baubauwall.com\/et\/toode\/pilttapeet-kaskaad\/#primaryimage"},"image":{"@id":"https:\/\/baubauwall.com\/et\/toode\/pilttapeet-kaskaad\/#primaryimage"},"thumbnailUrl":"https:\/\/baubauwall.com\/wp-content\/uploads\/2026\/03\/Mural_Wallpaper_Cascade_Baubauwall_room_51200524-3.jpg","datePublished":"2026-03-06T14:17:27+00:00","dateModified":"2026-03-09T14:18:08+00:00","description":"Eriline tapeet moodsas japandi stiilis, kus pehmed vormid ja maalilised pinnad loovad efekti. Sinu seina suuruses l\u00f5igatud tapeedid.","breadcrumb":{"@id":"https:\/\/baubauwall.com\/et\/toode\/pilttapeet-kaskaad\/#breadcrumb"},"inLanguage":"et","potentialAction":[{"@type":"ReadAction","target":["https:\/\/baubauwall.com\/et\/toode\/pilttapeet-kaskaad\/"]}]},{"@type":"ImageObject","inLanguage":"et","@id":"https:\/\/baubauwall.com\/et\/toode\/pilttapeet-kaskaad\/#primaryimage","url":"https:\/\/baubauwall.com\/wp-content\/uploads\/2026\/03\/Mural_Wallpaper_Cascade_Baubauwall_room_51200524-3.jpg","contentUrl":"https:\/\/baubauwall.com\/wp-content\/uploads\/2026\/03\/Mural_Wallpaper_Cascade_Baubauwall_room_51200524-3.jpg","width":2400,"height":1600,"caption":"Japandi wall mural Cascade. Handmade artisanal mural wallpaper in teal and petrol hues. Baubauwall wallpapera"},{"@type":"BreadcrumbList","@id":"https:\/\/baubauwall.com\/et\/toode\/pilttapeet-kaskaad\/#breadcrumb","itemListElement":[{"@type":"ListItem","position":1,"name":"Koju","item":"https:\/\/baubauwall.com\/et\/"},{"@type":"ListItem","position":2,"name":"Tapeedid","item":"https:\/\/baubauwall.com\/et\/tapeedid\/"},{"@type":"ListItem","position":3,"name":"Kaskaad"}]},{"@type":"WebSite","@id":"https:\/\/baubauwall.com\/et\/#website","url":"https:\/\/baubauwall.com\/et\/","name":"BAUBAUWALL Wallpapers","description":"Valmis paanides tapeet Eestist!","publisher":{"@id":"https:\/\/baubauwall.com\/et\/#organization"},"potentialAction":[{"@type":"SearchAction","target":{"@type":"EntryPoint","urlTemplate":"https:\/\/baubauwall.com\/et\/?s={search_term_string}"},"query-input":{"@type":"PropertyValueSpecification","valueRequired":true,"valueName":"search_term_string"}}],"inLanguage":"et"},{"@type":"Organization","@id":"https:\/\/baubauwall.com\/et\/#organization","name":"BAUBAUWALL Wallpapers","url":"https:\/\/baubauwall.com\/et\/","logo":{"@type":"ImageObject","inLanguage":"et","@id":"https:\/\/baubauwall.com\/et\/#\/schema\/logo\/image\/","url":"https:\/\/baubauwall.com\/wp-content\/uploads\/2022\/03\/logo-horizontal.svg","contentUrl":"https:\/\/baubauwall.com\/wp-content\/uploads\/2022\/03\/logo-horizontal.svg","width":"1024","height":"1024","caption":"BAUBAUWALL Wallpapers"},"image":{"@id":"https:\/\/baubauwall.com\/et\/#\/schema\/logo\/image\/"},"sameAs":["https:\/\/www.facebook.com\/Baubauwall","https:\/\/www.instagram.com\/baubauwall"]}]}},"jetpack_sharing_enabled":true,"_links":{"self":[{"href":"https:\/\/baubauwall.com\/et\/wp-json\/wp\/v2\/product\/47182","targetHints":{"allow":["GET"]}}],"collection":[{"href":"https:\/\/baubauwall.com\/et\/wp-json\/wp\/v2\/product"}],"about":[{"href":"https:\/\/baubauwall.com\/et\/wp-json\/wp\/v2\/types\/product"}],"replies":[{"embeddable":true,"href":"https:\/\/baubauwall.com\/et\/wp-json\/wp\/v2\/comments?post=47182"}],"wp:featuredmedia":[{"embeddable":true,"href":"https:\/\/baubauwall.com\/et\/wp-json\/wp\/v2\/media\/47189"}],"wp:attachment":[{"href":"https:\/\/baubauwall.com\/et\/wp-json\/wp\/v2\/media?parent=47182"}],"wp:term":[{"taxonomy":"product_brand","embeddable":true,"href":"https:\/\/baubauwall.com\/et\/wp-json\/wp\/v2\/product_brand?post=47182"},{"taxonomy":"product_cat","embeddable":true,"href":"https:\/\/baubauwall.com\/et\/wp-json\/wp\/v2\/product_cat?post=47182"},{"taxonomy":"product_tag","embeddable":true,"href":"https:\/\/baubauwall.com\/et\/wp-json\/wp\/v2\/product_tag?post=47182"}],"curies":[{"name":"wp","href":"https:\/\/api.w.org\/{rel}","templated":true}]}}