{"id":4792,"date":"2022-01-20T14:28:39","date_gmt":"2022-01-20T14:28:39","guid":{"rendered":"https:\/\/baubauwall.com\/product\/upload-your-image\/"},"modified":"2026-03-31T01:54:52","modified_gmt":"2026-03-30T23:54:52","slug":"loo-oma-tapeet","status":"publish","type":"product","link":"https:\/\/baubauwall.com\/et\/toode\/loo-oma-tapeet\/","title":{"rendered":"Tee tapeet oma fotost"},"content":{"rendered":"<p><a href=\"https:\/\/baubauwall.com\/wp-content\/uploads\/2022\/01\/baubauwall_custom-image-upload-scaled-e1645607870567.jpg\"><img loading=\"lazy\" decoding=\"async\" class=\"alignnone wp-image-2737 size-large\" src=\"https:\/\/baubauwall.com\/wp-content\/uploads\/2022\/01\/baubauwall_custom-image-upload-1024x393.jpg\" alt=\"\" width=\"1024\" height=\"393\" \/><\/a><\/p>\n<p>Loo oma foto v\u00f5i disainiga ainulaadne pilttapeet v\u00f5i fototapeet! M\u00e4letad seda hetke viimasel puhkusereisil, kui p\u00e4ike justkui uppus merre? Kui varahommikune udu kattis rabav\u00e4lju? Need hetked on Sul ehk talletatud hea kvaliteediga fotodele. Laadi soovitud pilt siia ja me tr\u00fckime sellest imeilusa fototapeedi. V\u00f5i tegid hoopis AI abil unelmate disaini ja tahaksid sellest tapeeti? Me aitame!<\/p>\n<p>Baubauwallis on Sul hea v\u00f5imalus kujundada kordumatu interj\u00f6\u00f6r enda loodud fototapeediga. See on lihtne: laadi \u00fcles foto v\u00f5i kujundus .jpg v\u00f5i .png formaadis. Seej\u00e4rel sisesta soovitud m\u00f5\u00f5dud tapeedile ja vormista tellimus. Meie hoolitseme \u00fclej\u00e4\u00e4nu eest.<\/p>\n<p><strong>Millises suuruses peaks olema minu disainifail?<\/strong><\/p>\n<ul>\n<li>Tr\u00fckkimaks kvaliteetset foto- v\u00f5i pilttapeeti, peab algne fail olema v\u00e4hemalt 1 piksel 1 tapeedim\u00f5\u00f5du millimeetri kohta. <strong>N\u00e4iteks, kui soovid fototapeeti oma pildist suuruses 350 x 260 cm (laius x k\u00f5rgus), peab fail v\u00f5i foto olema v\u00e4hemalt 3500 x 2600 pikslit.<\/strong><\/li>\n<\/ul>\n<p><strong>Kui palju selline fototapeet maksab?<\/strong><\/p>\n<ul>\n<li>Tapeedi hind on 39 \u20ac\/m\u00b2, minimaalne tellimuse suurus 1,5 m\u00b2! See t\u00e4hendab, et n\u00e4iteks \u00fche seina fototapeedi maksumus on ca 250-350 \u20ac<\/li>\n<\/ul>\n","protected":false},"excerpt":{"rendered":"<p>Loo oma foto v\u00f5i disainiga ainulaadne pilttapeet v\u00f5i fototapeet! M\u00e4letad seda hetke viimasel puhkusereisil, kui p\u00e4ike justkui uppus merre? Kui varahommikune udu kattis rabav\u00e4lju? Need hetked on Sul ehk talletatud hea kvaliteediga fotodele. Laadi soovitud pilt siia ja me tr\u00fckime sellest imeilusa fototapeedi. V\u00f5i tegid hoopis AI abil unelmate disaini ja tahaksid sellest tapeeti? Me [&hellip;]<\/p>\n","protected":false},"featured_media":696,"comment_status":"open","ping_status":"closed","template":"","meta":{"_acf_changed":false,"inline_featured_image":false},"product_brand":[],"product_cat":[235],"product_tag":[],"class_list":{"0":"post-4792","1":"product","2":"type-product","3":"status-publish","4":"has-post-thumbnail","6":"product_cat-tuba-et","7":"pa_designedby-customer","9":"first","10":"instock","11":"taxable","12":"shipping-taxable","13":"purchasable","14":"product-type-simple"},"acf":[],"yoast_head":"<!-- This site is optimized with the Yoast SEO plugin v25.9 - https:\/\/yoast.com\/wordpress\/plugins\/seo\/ -->\n<title>Sinu foto v\u00f5i pilt fototapeediks v\u00f5i pilttapeediks!<\/title>\n<meta name=\"description\" content=\"Telli oma fotost tapeet! Eritellimusena valmivad pilttapeedid v\u00f5i fototapeedid Sinu tehtud fotost v\u00f5i kujundusest. Sinu seina m\u00f5\u00f5tu l\u00f5igatud fototapeedid.\" \/>\n<meta name=\"robots\" content=\"index, follow, max-snippet:-1, max-image-preview:large, max-video-preview:-1\" \/>\n<link rel=\"canonical\" href=\"https:\/\/baubauwall.com\/et\/toode\/loo-oma-tapeet\/\" \/>\n<meta property=\"og:locale\" content=\"et_EE\" \/>\n<meta property=\"og:type\" content=\"article\" \/>\n<meta property=\"og:title\" content=\"Tapeet oma fotost - Baubauwallist saab\" \/>\n<meta property=\"og:description\" content=\"Telli oma fotost tapeet! Olgu pildil loodus, perekond v\u00f5i kollektiiv - k\u00f5ik tr\u00fckime \u00e4ra. Seda vaid m\u00f5ne t\u00f6\u00f6p\u00e4eva jooksul.\" \/>\n<meta property=\"og:url\" content=\"https:\/\/baubauwall.com\/et\/toode\/loo-oma-tapeet\/\" \/>\n<meta property=\"og:site_name\" content=\"BAUBAUWALL Wallpapers\" \/>\n<meta property=\"article:publisher\" content=\"https:\/\/www.facebook.com\/Baubauwall\" \/>\n<meta property=\"article:modified_time\" content=\"2026-03-30T23:54:52+00:00\" \/>\n<meta property=\"og:image\" content=\"https:\/\/baubauwall.com\/wp-content\/uploads\/2023\/08\/fototapeet-paikeseloojang-baubauwall.jpg\" \/>\n\t<meta property=\"og:image:width\" content=\"480\" \/>\n\t<meta property=\"og:image:height\" content=\"600\" \/>\n\t<meta property=\"og:image:type\" content=\"image\/jpeg\" \/>\n<meta name=\"twitter:card\" content=\"summary_large_image\" \/>\n<meta name=\"twitter:label1\" content=\"Est. reading time\" \/>\n\t<meta name=\"twitter:data1\" content=\"2 minutit\" \/>\n<script type=\"application\/ld+json\" class=\"yoast-schema-graph\">{\"@context\":\"https:\/\/schema.org\",\"@graph\":[{\"@type\":\"WebPage\",\"@id\":\"https:\/\/baubauwall.com\/et\/toode\/loo-oma-tapeet\/\",\"url\":\"https:\/\/baubauwall.com\/et\/toode\/loo-oma-tapeet\/\",\"name\":\"Sinu foto v\u00f5i pilt fototapeediks v\u00f5i pilttapeediks!\",\"isPartOf\":{\"@id\":\"https:\/\/baubauwall.com\/et\/#website\"},\"primaryImageOfPage\":{\"@id\":\"https:\/\/baubauwall.com\/et\/toode\/loo-oma-tapeet\/#primaryimage\"},\"image\":{\"@id\":\"https:\/\/baubauwall.com\/et\/toode\/loo-oma-tapeet\/#primaryimage\"},\"thumbnailUrl\":\"https:\/\/baubauwall.com\/wp-content\/uploads\/2022\/01\/custom-wallpaper.png\",\"datePublished\":\"2022-01-20T14:28:39+00:00\",\"dateModified\":\"2026-03-30T23:54:52+00:00\",\"description\":\"Telli oma fotost tapeet! Eritellimusena valmivad pilttapeedid v\u00f5i fototapeedid Sinu tehtud fotost v\u00f5i kujundusest. Sinu seina m\u00f5\u00f5tu l\u00f5igatud fototapeedid.\",\"breadcrumb\":{\"@id\":\"https:\/\/baubauwall.com\/et\/toode\/loo-oma-tapeet\/#breadcrumb\"},\"inLanguage\":\"et\",\"potentialAction\":[{\"@type\":\"ReadAction\",\"target\":[\"https:\/\/baubauwall.com\/et\/toode\/loo-oma-tapeet\/\"]}]},{\"@type\":\"ImageObject\",\"inLanguage\":\"et\",\"@id\":\"https:\/\/baubauwall.com\/et\/toode\/loo-oma-tapeet\/#primaryimage\",\"url\":\"https:\/\/baubauwall.com\/wp-content\/uploads\/2022\/01\/custom-wallpaper.png\",\"contentUrl\":\"https:\/\/baubauwall.com\/wp-content\/uploads\/2022\/01\/custom-wallpaper.png\",\"width\":345,\"height\":262},{\"@type\":\"BreadcrumbList\",\"@id\":\"https:\/\/baubauwall.com\/et\/toode\/loo-oma-tapeet\/#breadcrumb\",\"itemListElement\":[{\"@type\":\"ListItem\",\"position\":1,\"name\":\"Koju\",\"item\":\"https:\/\/baubauwall.com\/et\/\"},{\"@type\":\"ListItem\",\"position\":2,\"name\":\"Tapeedid\",\"item\":\"https:\/\/baubauwall.com\/et\/tapeedid\/\"},{\"@type\":\"ListItem\",\"position\":3,\"name\":\"Tee tapeet oma fotost\"}]},{\"@type\":\"WebSite\",\"@id\":\"https:\/\/baubauwall.com\/et\/#website\",\"url\":\"https:\/\/baubauwall.com\/et\/\",\"name\":\"BAUBAUWALL Wallpapers\",\"description\":\"Valmis paanides tapeet Eestist!\",\"publisher\":{\"@id\":\"https:\/\/baubauwall.com\/et\/#organization\"},\"potentialAction\":[{\"@type\":\"SearchAction\",\"target\":{\"@type\":\"EntryPoint\",\"urlTemplate\":\"https:\/\/baubauwall.com\/et\/?s={search_term_string}\"},\"query-input\":{\"@type\":\"PropertyValueSpecification\",\"valueRequired\":true,\"valueName\":\"search_term_string\"}}],\"inLanguage\":\"et\"},{\"@type\":\"Organization\",\"@id\":\"https:\/\/baubauwall.com\/et\/#organization\",\"name\":\"BAUBAUWALL Wallpapers\",\"url\":\"https:\/\/baubauwall.com\/et\/\",\"logo\":{\"@type\":\"ImageObject\",\"inLanguage\":\"et\",\"@id\":\"https:\/\/baubauwall.com\/et\/#\/schema\/logo\/image\/\",\"url\":\"https:\/\/baubauwall.com\/wp-content\/uploads\/2022\/03\/logo-horizontal.svg\",\"contentUrl\":\"https:\/\/baubauwall.com\/wp-content\/uploads\/2022\/03\/logo-horizontal.svg\",\"width\":\"1024\",\"height\":\"1024\",\"caption\":\"BAUBAUWALL Wallpapers\"},\"image\":{\"@id\":\"https:\/\/baubauwall.com\/et\/#\/schema\/logo\/image\/\"},\"sameAs\":[\"https:\/\/www.facebook.com\/Baubauwall\",\"https:\/\/www.instagram.com\/baubauwall\"]}]}<\/script>\n<!-- \/ Yoast SEO plugin. -->","yoast_head_json":{"title":"Sinu foto v\u00f5i pilt fototapeediks v\u00f5i pilttapeediks!","description":"Telli oma fotost tapeet! Eritellimusena valmivad pilttapeedid v\u00f5i fototapeedid Sinu tehtud fotost v\u00f5i kujundusest. Sinu seina m\u00f5\u00f5tu l\u00f5igatud fototapeedid.","robots":{"index":"index","follow":"follow","max-snippet":"max-snippet:-1","max-image-preview":"max-image-preview:large","max-video-preview":"max-video-preview:-1"},"canonical":"https:\/\/baubauwall.com\/et\/toode\/loo-oma-tapeet\/","og_locale":"et_EE","og_type":"article","og_title":"Tapeet oma fotost - Baubauwallist saab","og_description":"Telli oma fotost tapeet! Olgu pildil loodus, perekond v\u00f5i kollektiiv - k\u00f5ik tr\u00fckime \u00e4ra. Seda vaid m\u00f5ne t\u00f6\u00f6p\u00e4eva jooksul.","og_url":"https:\/\/baubauwall.com\/et\/toode\/loo-oma-tapeet\/","og_site_name":"BAUBAUWALL Wallpapers","article_publisher":"https:\/\/www.facebook.com\/Baubauwall","article_modified_time":"2026-03-30T23:54:52+00:00","og_image":[{"width":480,"height":600,"url":"https:\/\/baubauwall.com\/wp-content\/uploads\/2023\/08\/fototapeet-paikeseloojang-baubauwall.jpg","type":"image\/jpeg"}],"twitter_card":"summary_large_image","twitter_misc":{"Est. reading time":"2 minutit"},"schema":{"@context":"https:\/\/schema.org","@graph":[{"@type":"WebPage","@id":"https:\/\/baubauwall.com\/et\/toode\/loo-oma-tapeet\/","url":"https:\/\/baubauwall.com\/et\/toode\/loo-oma-tapeet\/","name":"Sinu foto v\u00f5i pilt fototapeediks v\u00f5i pilttapeediks!","isPartOf":{"@id":"https:\/\/baubauwall.com\/et\/#website"},"primaryImageOfPage":{"@id":"https:\/\/baubauwall.com\/et\/toode\/loo-oma-tapeet\/#primaryimage"},"image":{"@id":"https:\/\/baubauwall.com\/et\/toode\/loo-oma-tapeet\/#primaryimage"},"thumbnailUrl":"https:\/\/baubauwall.com\/wp-content\/uploads\/2022\/01\/custom-wallpaper.png","datePublished":"2022-01-20T14:28:39+00:00","dateModified":"2026-03-30T23:54:52+00:00","description":"Telli oma fotost tapeet! Eritellimusena valmivad pilttapeedid v\u00f5i fototapeedid Sinu tehtud fotost v\u00f5i kujundusest. Sinu seina m\u00f5\u00f5tu l\u00f5igatud fototapeedid.","breadcrumb":{"@id":"https:\/\/baubauwall.com\/et\/toode\/loo-oma-tapeet\/#breadcrumb"},"inLanguage":"et","potentialAction":[{"@type":"ReadAction","target":["https:\/\/baubauwall.com\/et\/toode\/loo-oma-tapeet\/"]}]},{"@type":"ImageObject","inLanguage":"et","@id":"https:\/\/baubauwall.com\/et\/toode\/loo-oma-tapeet\/#primaryimage","url":"https:\/\/baubauwall.com\/wp-content\/uploads\/2022\/01\/custom-wallpaper.png","contentUrl":"https:\/\/baubauwall.com\/wp-content\/uploads\/2022\/01\/custom-wallpaper.png","width":345,"height":262},{"@type":"BreadcrumbList","@id":"https:\/\/baubauwall.com\/et\/toode\/loo-oma-tapeet\/#breadcrumb","itemListElement":[{"@type":"ListItem","position":1,"name":"Koju","item":"https:\/\/baubauwall.com\/et\/"},{"@type":"ListItem","position":2,"name":"Tapeedid","item":"https:\/\/baubauwall.com\/et\/tapeedid\/"},{"@type":"ListItem","position":3,"name":"Tee tapeet oma fotost"}]},{"@type":"WebSite","@id":"https:\/\/baubauwall.com\/et\/#website","url":"https:\/\/baubauwall.com\/et\/","name":"BAUBAUWALL Wallpapers","description":"Valmis paanides tapeet Eestist!","publisher":{"@id":"https:\/\/baubauwall.com\/et\/#organization"},"potentialAction":[{"@type":"SearchAction","target":{"@type":"EntryPoint","urlTemplate":"https:\/\/baubauwall.com\/et\/?s={search_term_string}"},"query-input":{"@type":"PropertyValueSpecification","valueRequired":true,"valueName":"search_term_string"}}],"inLanguage":"et"},{"@type":"Organization","@id":"https:\/\/baubauwall.com\/et\/#organization","name":"BAUBAUWALL Wallpapers","url":"https:\/\/baubauwall.com\/et\/","logo":{"@type":"ImageObject","inLanguage":"et","@id":"https:\/\/baubauwall.com\/et\/#\/schema\/logo\/image\/","url":"https:\/\/baubauwall.com\/wp-content\/uploads\/2022\/03\/logo-horizontal.svg","contentUrl":"https:\/\/baubauwall.com\/wp-content\/uploads\/2022\/03\/logo-horizontal.svg","width":"1024","height":"1024","caption":"BAUBAUWALL Wallpapers"},"image":{"@id":"https:\/\/baubauwall.com\/et\/#\/schema\/logo\/image\/"},"sameAs":["https:\/\/www.facebook.com\/Baubauwall","https:\/\/www.instagram.com\/baubauwall"]}]}},"jetpack_sharing_enabled":true,"_links":{"self":[{"href":"https:\/\/baubauwall.com\/et\/wp-json\/wp\/v2\/product\/4792","targetHints":{"allow":["GET"]}}],"collection":[{"href":"https:\/\/baubauwall.com\/et\/wp-json\/wp\/v2\/product"}],"about":[{"href":"https:\/\/baubauwall.com\/et\/wp-json\/wp\/v2\/types\/product"}],"replies":[{"embeddable":true,"href":"https:\/\/baubauwall.com\/et\/wp-json\/wp\/v2\/comments?post=4792"}],"wp:featuredmedia":[{"embeddable":true,"href":"https:\/\/baubauwall.com\/et\/wp-json\/wp\/v2\/media\/696"}],"wp:attachment":[{"href":"https:\/\/baubauwall.com\/et\/wp-json\/wp\/v2\/media?parent=4792"}],"wp:term":[{"taxonomy":"product_brand","embeddable":true,"href":"https:\/\/baubauwall.com\/et\/wp-json\/wp\/v2\/product_brand?post=4792"},{"taxonomy":"product_cat","embeddable":true,"href":"https:\/\/baubauwall.com\/et\/wp-json\/wp\/v2\/product_cat?post=4792"},{"taxonomy":"product_tag","embeddable":true,"href":"https:\/\/baubauwall.com\/et\/wp-json\/wp\/v2\/product_tag?post=4792"}],"curies":[{"name":"wp","href":"https:\/\/api.w.org\/{rel}","templated":true}]}}