{"id":48022,"date":"2026-04-23T11:56:54","date_gmt":"2026-04-23T09:56:54","guid":{"rendered":"https:\/\/baubauwall.com\/?post_type=product&#038;p=48022"},"modified":"2026-04-23T12:06:34","modified_gmt":"2026-04-23T10:06:34","slug":"lastetoa-tapeet-skitseeritud-metsa-aas-roosa","status":"publish","type":"product","link":"https:\/\/baubauwall.com\/et\/toode\/lastetoa-tapeet-skitseeritud-metsa-aas-roosa\/","title":{"rendered":"Lastetoa tapeet Skitseeritud metsa-aas &#8211; roosa"},"content":{"rendered":"<p><strong>Miks valida lastetoa tapeet Baubauwallist? Sest me teeme tapeedi valimise, ostmise ja paigalduse lihtsaks.\u00a0<\/strong><\/p>\n<ul>\n<li>Eesti ettev\u00f5te, kohalik tootmine<\/li>\n<li>Tr\u00fckime t\u00e4pselt Sinu seina m\u00f5\u00f5dus tapeedi<\/li>\n<li>Just nii pikad tapeedipaanid, kui on Sinu sein<\/li>\n<li>Premium, matt fliistapeedi materjal, 100% taaskasutatud kiust<\/li>\n<li>M\u00fcrgivabad tr\u00fckiv\u00e4rvid, Greenguard sertifitseeritud<\/li>\n<li>Keskkonnas\u00f5bralik, j\u00e4\u00e4tmevaba tapeetimine<\/li>\n<li>Tasuta tapeediliim<\/li>\n<li>Tasuta transport ja kiire tarne 5 t\u00f6\u00f6p\u00e4evaga<\/li>\n<\/ul>\n<p>Loe l\u00e4hemalt nutikatest, eritellimust\u00f6\u00f6na valmivatest tapeetidest\u00a0<a href=\"https:\/\/baubauwall.com\/et\/keskkonnasobralikud-tapeedid\/\">siit.<\/a><\/p>\n","protected":false},"excerpt":{"rendered":"<p>Deer Doodles is a soft and charming deer nursery wall mural in warm beige, filled with delicate woodland animals, flowers, and hand-drawn details. A lovely choice for nurseries, toddler rooms, and calm children\u2019s spaces where you want something playful, natural, and easy to live with. Made to measure, printed to order, and delivered in pre-cut numbered panels with paste included.<\/p>\n","protected":false},"featured_media":48032,"comment_status":"open","ping_status":"closed","template":"","meta":{"_acf_changed":false,"inline_featured_image":false},"product_brand":[],"product_cat":[634,387,395,276,278,400,254,255],"product_tag":[349,635,345,324],"class_list":{"0":"post-48022","1":"product","2":"type-product","3":"status-publish","4":"has-post-thumbnail","6":"product_cat-oliver-robbins-tapeedid","7":"product_cat-pilttapeedid","8":"product_cat-romantiline","9":"product_cat-pastelsed-tapeedid","10":"product_cat-roosad-tapeedid","11":"product_cat-lastetoa-tapeedid","12":"product_cat-loodus","13":"product_cat-loomad","14":"product_tag-beebituba","15":"product_tag-oliver-robbins-tapeedid","16":"product_tag-pilttapeet","17":"product_tag-tudruku-tuba","19":"first","20":"instock","21":"taxable","22":"shipping-taxable","23":"purchasable","24":"product-type-simple"},"acf":[],"yoast_head":"<!-- This site is optimized with the Yoast SEO plugin v25.9 - https:\/\/yoast.com\/wordpress\/plugins\/seo\/ -->\n<title>Lastetoa tapeet Skitseeritud metsa-aas - roosa - BAUBAUWALL TAPEEDID<\/title>\n<meta name=\"description\" content=\"Soft deer nursery wall mural in warm beige with woodland animals, flowers and delicate hand-drawn details. Made to measure for your wall.\" \/>\n<meta name=\"robots\" content=\"index, follow, max-snippet:-1, max-image-preview:large, max-video-preview:-1\" \/>\n<link rel=\"canonical\" href=\"https:\/\/baubauwall.com\/et\/toode\/lastetoa-tapeet-skitseeritud-metsa-aas-roosa\/\" \/>\n<meta property=\"og:locale\" content=\"et_EE\" \/>\n<meta property=\"og:type\" content=\"article\" \/>\n<meta property=\"og:title\" content=\"BAUBAUWALL TAPEEDID\" \/>\n<meta property=\"og:description\" content=\"A soft and playful deer nursery wall mural with hand-drawn woodland animals, wildflowers, and delicate little details on a warm beige background. Calm enough for everyday life, sweet enough for a child\u2019s room.\" \/>\n<meta property=\"og:url\" content=\"https:\/\/baubauwall.com\/et\/toode\/lastetoa-tapeet-skitseeritud-metsa-aas-roosa\/\" \/>\n<meta property=\"og:site_name\" content=\"BAUBAUWALL TAPEEDID\" \/>\n<meta property=\"article:publisher\" content=\"https:\/\/www.facebook.com\/Baubauwall\" \/>\n<meta property=\"article:modified_time\" content=\"2026-04-23T10:06:34+00:00\" \/>\n<meta property=\"og:image\" content=\"https:\/\/baubauwall.com\/wp-content\/uploads\/2025\/10\/Kids_Mural_Wallpaper_Deer_Doodles_Beige_51200548_BaubauwallWallpapers-3.jpg\" \/>\n\t<meta property=\"og:image:width\" content=\"2273\" \/>\n\t<meta property=\"og:image:height\" content=\"1600\" \/>\n\t<meta property=\"og:image:type\" content=\"image\/jpeg\" \/>\n<meta name=\"twitter:card\" content=\"summary_large_image\" \/>\n<meta name=\"twitter:label1\" content=\"Est. reading time\" \/>\n\t<meta name=\"twitter:data1\" content=\"1 minut\" \/>\n<script type=\"application\/ld+json\" class=\"yoast-schema-graph\">{\"@context\":\"https:\/\/schema.org\",\"@graph\":[{\"@type\":\"WebPage\",\"@id\":\"https:\/\/baubauwall.com\/et\/toode\/lastetoa-tapeet-skitseeritud-metsa-aas-roosa\/\",\"url\":\"https:\/\/baubauwall.com\/et\/toode\/lastetoa-tapeet-skitseeritud-metsa-aas-roosa\/\",\"name\":\"Lastetoa tapeet Skitseeritud metsa-aas - roosa - BAUBAUWALL TAPEEDID\",\"isPartOf\":{\"@id\":\"https:\/\/baubauwall.com\/et\/#website\"},\"primaryImageOfPage\":{\"@id\":\"https:\/\/baubauwall.com\/et\/toode\/lastetoa-tapeet-skitseeritud-metsa-aas-roosa\/#primaryimage\"},\"image\":{\"@id\":\"https:\/\/baubauwall.com\/et\/toode\/lastetoa-tapeet-skitseeritud-metsa-aas-roosa\/#primaryimage\"},\"thumbnailUrl\":\"https:\/\/baubauwall.com\/wp-content\/uploads\/2026\/04\/Kids_Wallpaper_Mural_Deer_Doodles_Pink_Baubauwall_51200551-3.jpg\",\"datePublished\":\"2026-04-23T09:56:54+00:00\",\"dateModified\":\"2026-04-23T10:06:34+00:00\",\"description\":\"Soft deer nursery wall mural in warm beige with woodland animals, flowers and delicate hand-drawn details. Made to measure for your wall.\",\"breadcrumb\":{\"@id\":\"https:\/\/baubauwall.com\/et\/toode\/lastetoa-tapeet-skitseeritud-metsa-aas-roosa\/#breadcrumb\"},\"inLanguage\":\"et\",\"potentialAction\":[{\"@type\":\"ReadAction\",\"target\":[\"https:\/\/baubauwall.com\/et\/toode\/lastetoa-tapeet-skitseeritud-metsa-aas-roosa\/\"]}]},{\"@type\":\"ImageObject\",\"inLanguage\":\"et\",\"@id\":\"https:\/\/baubauwall.com\/et\/toode\/lastetoa-tapeet-skitseeritud-metsa-aas-roosa\/#primaryimage\",\"url\":\"https:\/\/baubauwall.com\/wp-content\/uploads\/2026\/04\/Kids_Wallpaper_Mural_Deer_Doodles_Pink_Baubauwall_51200551-3.jpg\",\"contentUrl\":\"https:\/\/baubauwall.com\/wp-content\/uploads\/2026\/04\/Kids_Wallpaper_Mural_Deer_Doodles_Pink_Baubauwall_51200551-3.jpg\",\"width\":2240,\"height\":1600},{\"@type\":\"BreadcrumbList\",\"@id\":\"https:\/\/baubauwall.com\/et\/toode\/lastetoa-tapeet-skitseeritud-metsa-aas-roosa\/#breadcrumb\",\"itemListElement\":[{\"@type\":\"ListItem\",\"position\":1,\"name\":\"Koju\",\"item\":\"https:\/\/baubauwall.com\/et\/\"},{\"@type\":\"ListItem\",\"position\":2,\"name\":\"Tapeedid\",\"item\":\"https:\/\/baubauwall.com\/et\/tapeedid\/\"},{\"@type\":\"ListItem\",\"position\":3,\"name\":\"Lastetoa tapeet Skitseeritud metsa-aas &#8211; roosa\"}]},{\"@type\":\"WebSite\",\"@id\":\"https:\/\/baubauwall.com\/et\/#website\",\"url\":\"https:\/\/baubauwall.com\/et\/\",\"name\":\"BAUBAUWALL Wallpapers\",\"description\":\"Valmis paanides tapeet Eestist!\",\"publisher\":{\"@id\":\"https:\/\/baubauwall.com\/et\/#organization\"},\"potentialAction\":[{\"@type\":\"SearchAction\",\"target\":{\"@type\":\"EntryPoint\",\"urlTemplate\":\"https:\/\/baubauwall.com\/et\/?s={search_term_string}\"},\"query-input\":{\"@type\":\"PropertyValueSpecification\",\"valueRequired\":true,\"valueName\":\"search_term_string\"}}],\"inLanguage\":\"et\"},{\"@type\":\"Organization\",\"@id\":\"https:\/\/baubauwall.com\/et\/#organization\",\"name\":\"BAUBAUWALL Wallpapers\",\"url\":\"https:\/\/baubauwall.com\/et\/\",\"logo\":{\"@type\":\"ImageObject\",\"inLanguage\":\"et\",\"@id\":\"https:\/\/baubauwall.com\/et\/#\/schema\/logo\/image\/\",\"url\":\"https:\/\/baubauwall.com\/wp-content\/uploads\/2022\/03\/logo-horizontal.svg\",\"contentUrl\":\"https:\/\/baubauwall.com\/wp-content\/uploads\/2022\/03\/logo-horizontal.svg\",\"width\":\"1024\",\"height\":\"1024\",\"caption\":\"BAUBAUWALL Wallpapers\"},\"image\":{\"@id\":\"https:\/\/baubauwall.com\/et\/#\/schema\/logo\/image\/\"},\"sameAs\":[\"https:\/\/www.facebook.com\/Baubauwall\",\"https:\/\/www.instagram.com\/baubauwall\"]}]}<\/script>\n<!-- \/ Yoast SEO plugin. -->","yoast_head_json":{"title":"Lastetoa tapeet Skitseeritud metsa-aas - roosa - BAUBAUWALL TAPEEDID","description":"Soft deer nursery wall mural in warm beige with woodland animals, flowers and delicate hand-drawn details. Made to measure for your wall.","robots":{"index":"index","follow":"follow","max-snippet":"max-snippet:-1","max-image-preview":"max-image-preview:large","max-video-preview":"max-video-preview:-1"},"canonical":"https:\/\/baubauwall.com\/et\/toode\/lastetoa-tapeet-skitseeritud-metsa-aas-roosa\/","og_locale":"et_EE","og_type":"article","og_title":"BAUBAUWALL TAPEEDID","og_description":"A soft and playful deer nursery wall mural with hand-drawn woodland animals, wildflowers, and delicate little details on a warm beige background. Calm enough for everyday life, sweet enough for a child\u2019s room.","og_url":"https:\/\/baubauwall.com\/et\/toode\/lastetoa-tapeet-skitseeritud-metsa-aas-roosa\/","og_site_name":"BAUBAUWALL TAPEEDID","article_publisher":"https:\/\/www.facebook.com\/Baubauwall","article_modified_time":"2026-04-23T10:06:34+00:00","og_image":[{"width":2273,"height":1600,"url":"https:\/\/baubauwall.com\/wp-content\/uploads\/2025\/10\/Kids_Mural_Wallpaper_Deer_Doodles_Beige_51200548_BaubauwallWallpapers-3.jpg","type":"image\/jpeg"}],"twitter_card":"summary_large_image","twitter_misc":{"Est. reading time":"1 minut"},"schema":{"@context":"https:\/\/schema.org","@graph":[{"@type":"WebPage","@id":"https:\/\/baubauwall.com\/et\/toode\/lastetoa-tapeet-skitseeritud-metsa-aas-roosa\/","url":"https:\/\/baubauwall.com\/et\/toode\/lastetoa-tapeet-skitseeritud-metsa-aas-roosa\/","name":"Lastetoa tapeet Skitseeritud metsa-aas - roosa - BAUBAUWALL TAPEEDID","isPartOf":{"@id":"https:\/\/baubauwall.com\/et\/#website"},"primaryImageOfPage":{"@id":"https:\/\/baubauwall.com\/et\/toode\/lastetoa-tapeet-skitseeritud-metsa-aas-roosa\/#primaryimage"},"image":{"@id":"https:\/\/baubauwall.com\/et\/toode\/lastetoa-tapeet-skitseeritud-metsa-aas-roosa\/#primaryimage"},"thumbnailUrl":"https:\/\/baubauwall.com\/wp-content\/uploads\/2026\/04\/Kids_Wallpaper_Mural_Deer_Doodles_Pink_Baubauwall_51200551-3.jpg","datePublished":"2026-04-23T09:56:54+00:00","dateModified":"2026-04-23T10:06:34+00:00","description":"Soft deer nursery wall mural in warm beige with woodland animals, flowers and delicate hand-drawn details. Made to measure for your wall.","breadcrumb":{"@id":"https:\/\/baubauwall.com\/et\/toode\/lastetoa-tapeet-skitseeritud-metsa-aas-roosa\/#breadcrumb"},"inLanguage":"et","potentialAction":[{"@type":"ReadAction","target":["https:\/\/baubauwall.com\/et\/toode\/lastetoa-tapeet-skitseeritud-metsa-aas-roosa\/"]}]},{"@type":"ImageObject","inLanguage":"et","@id":"https:\/\/baubauwall.com\/et\/toode\/lastetoa-tapeet-skitseeritud-metsa-aas-roosa\/#primaryimage","url":"https:\/\/baubauwall.com\/wp-content\/uploads\/2026\/04\/Kids_Wallpaper_Mural_Deer_Doodles_Pink_Baubauwall_51200551-3.jpg","contentUrl":"https:\/\/baubauwall.com\/wp-content\/uploads\/2026\/04\/Kids_Wallpaper_Mural_Deer_Doodles_Pink_Baubauwall_51200551-3.jpg","width":2240,"height":1600},{"@type":"BreadcrumbList","@id":"https:\/\/baubauwall.com\/et\/toode\/lastetoa-tapeet-skitseeritud-metsa-aas-roosa\/#breadcrumb","itemListElement":[{"@type":"ListItem","position":1,"name":"Koju","item":"https:\/\/baubauwall.com\/et\/"},{"@type":"ListItem","position":2,"name":"Tapeedid","item":"https:\/\/baubauwall.com\/et\/tapeedid\/"},{"@type":"ListItem","position":3,"name":"Lastetoa tapeet Skitseeritud metsa-aas &#8211; roosa"}]},{"@type":"WebSite","@id":"https:\/\/baubauwall.com\/et\/#website","url":"https:\/\/baubauwall.com\/et\/","name":"BAUBAUWALL Wallpapers","description":"Valmis paanides tapeet Eestist!","publisher":{"@id":"https:\/\/baubauwall.com\/et\/#organization"},"potentialAction":[{"@type":"SearchAction","target":{"@type":"EntryPoint","urlTemplate":"https:\/\/baubauwall.com\/et\/?s={search_term_string}"},"query-input":{"@type":"PropertyValueSpecification","valueRequired":true,"valueName":"search_term_string"}}],"inLanguage":"et"},{"@type":"Organization","@id":"https:\/\/baubauwall.com\/et\/#organization","name":"BAUBAUWALL Wallpapers","url":"https:\/\/baubauwall.com\/et\/","logo":{"@type":"ImageObject","inLanguage":"et","@id":"https:\/\/baubauwall.com\/et\/#\/schema\/logo\/image\/","url":"https:\/\/baubauwall.com\/wp-content\/uploads\/2022\/03\/logo-horizontal.svg","contentUrl":"https:\/\/baubauwall.com\/wp-content\/uploads\/2022\/03\/logo-horizontal.svg","width":"1024","height":"1024","caption":"BAUBAUWALL Wallpapers"},"image":{"@id":"https:\/\/baubauwall.com\/et\/#\/schema\/logo\/image\/"},"sameAs":["https:\/\/www.facebook.com\/Baubauwall","https:\/\/www.instagram.com\/baubauwall"]}]}},"jetpack_sharing_enabled":true,"_links":{"self":[{"href":"https:\/\/baubauwall.com\/et\/wp-json\/wp\/v2\/product\/48022","targetHints":{"allow":["GET"]}}],"collection":[{"href":"https:\/\/baubauwall.com\/et\/wp-json\/wp\/v2\/product"}],"about":[{"href":"https:\/\/baubauwall.com\/et\/wp-json\/wp\/v2\/types\/product"}],"replies":[{"embeddable":true,"href":"https:\/\/baubauwall.com\/et\/wp-json\/wp\/v2\/comments?post=48022"}],"wp:featuredmedia":[{"embeddable":true,"href":"https:\/\/baubauwall.com\/et\/wp-json\/wp\/v2\/media\/48032"}],"wp:attachment":[{"href":"https:\/\/baubauwall.com\/et\/wp-json\/wp\/v2\/media?parent=48022"}],"wp:term":[{"taxonomy":"product_brand","embeddable":true,"href":"https:\/\/baubauwall.com\/et\/wp-json\/wp\/v2\/product_brand?post=48022"},{"taxonomy":"product_cat","embeddable":true,"href":"https:\/\/baubauwall.com\/et\/wp-json\/wp\/v2\/product_cat?post=48022"},{"taxonomy":"product_tag","embeddable":true,"href":"https:\/\/baubauwall.com\/et\/wp-json\/wp\/v2\/product_tag?post=48022"}],"curies":[{"name":"wp","href":"https:\/\/api.w.org\/{rel}","templated":true}]}}