{"id":48087,"date":"2026-04-22T11:15:12","date_gmt":"2026-04-22T09:15:12","guid":{"rendered":"https:\/\/baubauwall.com\/product\/kids-mural-wallpaper-frisky-forest-light-blue\/"},"modified":"2026-04-24T15:12:25","modified_gmt":"2026-04-24T13:12:25","slug":"lastetoa-tapeet-vallatu-mets-helesinine","status":"publish","type":"product","link":"https:\/\/baubauwall.com\/et\/toode\/lastetoa-tapeet-vallatu-mets-helesinine\/","title":{"rendered":"Lastetoa tapeet Vallatu mets &#8211; helesinine"},"content":{"rendered":"<p data-start=\"188\" data-end=\"581\">Hele P\u00f5hjamaine pilttapeet, mille disainis on nii palju tuttavat. Tapeedi kujundus meenutab multikaid ja muinasjutte metsadest ja nende armsatest elanikest. Puude vahel on hirved, rebased, j\u00e4nesed, oravad ja karu, iga\u00fcks omas elemendis.\u00a0 Tulemuseks on seinakate, mis on otsatult armas ja ajatu. Pilttapeet Vallatu mets sobib h\u00e4sti tuppa, kus soovitakse midagi armsat ja lapsemeelset, kuid mitte liiga titekat.<\/p>\n<p data-start=\"1015\" data-end=\"1457\">Metsateema ei l\u00e4he lastetoast \u00f5igupoolest kunagi p\u00e4riselt v\u00e4lja. Selles on lihtsalt nii palju ajatult turvalist ja kodust. Puud, lehed ja metsloomad loovad ruumi, mis tundub pehme ja soe, isegi siis, kui m\u00f6\u00f6bel on lihtne ja sisustus pigem tagasihoidlik. Just seet\u00f5ttu sobib see loomadega lastetoa tapeet eriti h\u00e4sti skandinaavialikku interj\u00f6\u00f6ri.<\/p>\n<p data-start=\"1459\" data-end=\"1904\">See on hea valik lastetuppa, kus soovitakse hoida loomulikku ja pehmet tunnet. Sobib nii voodi taha, m\u00e4ngunurka kui ka kogu toa p\u00f5hir\u00f5huks. Tapeedi mahe v\u00e4rvigamma lubab seda kasutada nii poistele kui t\u00fcdrukutele v\u00f5i jagatud lastetuppa.<\/p>\n<\/div>\n<\/div>\n<\/section>\n<section id=\"productContentSection\">\n<div class=\"container\">\n<div class=\"row w-75 mx-auto\">\n<div class=\"col-md-12\">\n<h4><strong>Miks valida lastetoa tapeet Baubauwallist?\u00a0\u00a0<\/strong><\/h4>\n<p>Sest me teeme tapeedi valimise, ostmise ja paigalduse lihtsaks.<\/p>\n<ul>\n<li>Eesti ettev\u00f5te, kohalik tootmine<\/li>\n<li>Tr\u00fckime t\u00e4pselt Sinu seina m\u00f5\u00f5dus tapeedi<\/li>\n<li>Just nii pikad tapeedipaanid, kui on Sinu sein<\/li>\n<li>Premium, matt fliistapeedi materjal, 100% taaskasutatud kiust<\/li>\n<li>M\u00fcrgivabad tr\u00fckiv\u00e4rvid, Greenguard sertifitseeritud<\/li>\n<li>Keskkonnas\u00f5bralik, j\u00e4\u00e4tmevaba tapeetimine<\/li>\n<li>Tasuta tapeediliim<\/li>\n<li>Tasuta transport ja kiire tarne 5 t\u00f6\u00f6p\u00e4evaga<\/li>\n<\/ul>\n<h4>Vajaksid veel ideid sisustamiseks?<\/h4>\n<p><a href=\"https:\/\/baubauwall.com\/et\/ideed\/let-the-homes-do-the-talking\/\" target=\"_blank\" rel=\"noopener\">Piilu meie tehtud t\u00f6\u00f6de galeriisse<\/a>\u00a0ja n\u00e4ppa m\u00f5ni hea (tapeedi)idee!<\/p>\n<\/div>\n<\/div>\n<\/div>\n<\/section>\n<\/div>\n<\/div>\n<\/div>\n<\/section>\n<section id=\"productContentSection\">\n<div class=\"container\">\n<div class=\"row w-75 mx-auto\">\n<div class=\"col-md-12\"><\/div>\n<\/div>\n<\/div>\n<\/section>\n","protected":false},"excerpt":{"rendered":"<p>Hele P\u00f5hjamaine pilttapeet, mille disainis on nii palju tuttavat. Tapeedi kujundus meenutab multikaid ja muinasjutte metsadest ja nende armsatest elanikest. Puude vahel on hirved, rebased, j\u00e4nesed, oravad ja karu, iga\u00fcks omas elemendis.\u00a0 Tulemuseks on seinakate, mis on otsatult armas ja ajatu. Pilttapeet Vallatu mets sobib h\u00e4sti tuppa, kus soovitakse midagi armsat ja lapsemeelset, kuid mitte [&hellip;]<\/p>\n","protected":false},"featured_media":48092,"comment_status":"open","ping_status":"closed","template":"","meta":{"_acf_changed":false,"inline_featured_image":false},"product_brand":[],"product_cat":[634,396,273,410,400,248,255],"product_tag":[635,345,308,724],"class_list":{"0":"post-48087","1":"product","2":"type-product","3":"status-publish","4":"has-post-thumbnail","6":"product_cat-oliver-robbins-tapeedid","7":"product_cat-skandinaavia","8":"product_cat-heledad-tapeedid","9":"product_cat-valge-tapeedid","10":"product_cat-lastetoa-tapeedid","11":"product_cat-mets","12":"product_cat-loomad","13":"product_tag-oliver-robbins-tapeedid","14":"product_tag-pilttapeet","15":"product_tag-poiste-tuba","16":"product_tag-sooneutraalsed-varvid-et","18":"first","19":"instock","20":"taxable","21":"shipping-taxable","22":"purchasable","23":"product-type-simple"},"acf":[],"yoast_head":"<!-- This site is optimized with the Yoast SEO plugin v25.9 - https:\/\/yoast.com\/wordpress\/plugins\/seo\/ -->\n<title>Loomadega lastetoa tapeet Vallatu mets - BAUBAUWALL TAPEEDID<\/title>\n<meta name=\"description\" content=\"Vallatu mets on hele, loomadega lastetoa tapeet metsloomade, puude ja loodusl\u00e4hedase meeleoluga. Rahulik ja m\u00e4nguline tapeet lastetuppa.\" \/>\n<meta name=\"robots\" content=\"index, follow, max-snippet:-1, max-image-preview:large, max-video-preview:-1\" \/>\n<link rel=\"canonical\" href=\"https:\/\/baubauwall.com\/et\/toode\/lastetoa-tapeet-vallatu-mets-helesinine\/\" \/>\n<meta property=\"og:locale\" content=\"et_EE\" \/>\n<meta property=\"og:type\" content=\"article\" \/>\n<meta property=\"og:title\" content=\"BAUBAUWALL TAPEEDID\" \/>\n<meta property=\"og:description\" content=\"Vallatu mets on hele, loomadega lastetoa tapeet metsloomade, puude ja loodusl\u00e4hedase meeleoluga. Rahulik ja m\u00e4nguline tapeet lastetuppa.\" \/>\n<meta property=\"og:url\" content=\"https:\/\/baubauwall.com\/et\/toode\/lastetoa-tapeet-vallatu-mets-helesinine\/\" \/>\n<meta property=\"og:site_name\" content=\"BAUBAUWALL TAPEEDID\" \/>\n<meta property=\"article:publisher\" content=\"https:\/\/www.facebook.com\/Baubauwall\" \/>\n<meta property=\"article:modified_time\" content=\"2026-04-24T13:12:25+00:00\" \/>\n<meta property=\"og:image\" content=\"https:\/\/baubauwall.com\/wp-content\/uploads\/2025\/10\/Children_Mural_Wallpaper_FriskyForest_Blue_51200556-3.jpg\" \/>\n\t<meta property=\"og:image:width\" content=\"2133\" \/>\n\t<meta property=\"og:image:height\" content=\"1600\" \/>\n\t<meta property=\"og:image:type\" content=\"image\/jpeg\" \/>\n<meta name=\"twitter:card\" content=\"summary_large_image\" \/>\n<meta name=\"twitter:label1\" content=\"Est. reading time\" \/>\n\t<meta name=\"twitter:data1\" content=\"2 minutit\" \/>\n<script type=\"application\/ld+json\" class=\"yoast-schema-graph\">{\"@context\":\"https:\/\/schema.org\",\"@graph\":[{\"@type\":\"WebPage\",\"@id\":\"https:\/\/baubauwall.com\/et\/toode\/lastetoa-tapeet-vallatu-mets-helesinine\/\",\"url\":\"https:\/\/baubauwall.com\/et\/toode\/lastetoa-tapeet-vallatu-mets-helesinine\/\",\"name\":\"Loomadega lastetoa tapeet Vallatu mets - BAUBAUWALL TAPEEDID\",\"isPartOf\":{\"@id\":\"https:\/\/baubauwall.com\/et\/#website\"},\"primaryImageOfPage\":{\"@id\":\"https:\/\/baubauwall.com\/et\/toode\/lastetoa-tapeet-vallatu-mets-helesinine\/#primaryimage\"},\"image\":{\"@id\":\"https:\/\/baubauwall.com\/et\/toode\/lastetoa-tapeet-vallatu-mets-helesinine\/#primaryimage\"},\"thumbnailUrl\":\"https:\/\/baubauwall.com\/wp-content\/uploads\/2025\/10\/Children_Mural_Wallpaper_FriskyForest_Blue_51200556-2-scaled.jpg\",\"datePublished\":\"2026-04-22T09:15:12+00:00\",\"dateModified\":\"2026-04-24T13:12:25+00:00\",\"description\":\"Vallatu mets on hele, loomadega lastetoa tapeet metsloomade, puude ja loodusl\u00e4hedase meeleoluga. Rahulik ja m\u00e4nguline tapeet lastetuppa.\",\"breadcrumb\":{\"@id\":\"https:\/\/baubauwall.com\/et\/toode\/lastetoa-tapeet-vallatu-mets-helesinine\/#breadcrumb\"},\"inLanguage\":\"et\",\"potentialAction\":[{\"@type\":\"ReadAction\",\"target\":[\"https:\/\/baubauwall.com\/et\/toode\/lastetoa-tapeet-vallatu-mets-helesinine\/\"]}]},{\"@type\":\"ImageObject\",\"inLanguage\":\"et\",\"@id\":\"https:\/\/baubauwall.com\/et\/toode\/lastetoa-tapeet-vallatu-mets-helesinine\/#primaryimage\",\"url\":\"https:\/\/baubauwall.com\/wp-content\/uploads\/2025\/10\/Children_Mural_Wallpaper_FriskyForest_Blue_51200556-2-scaled.jpg\",\"contentUrl\":\"https:\/\/baubauwall.com\/wp-content\/uploads\/2025\/10\/Children_Mural_Wallpaper_FriskyForest_Blue_51200556-2-scaled.jpg\",\"width\":2560,\"height\":1350,\"caption\":\"Tapeedid lastetuppa Baubauwallilt. Hele, P\u00f5hjamaine tapeet lastele\"},{\"@type\":\"BreadcrumbList\",\"@id\":\"https:\/\/baubauwall.com\/et\/toode\/lastetoa-tapeet-vallatu-mets-helesinine\/#breadcrumb\",\"itemListElement\":[{\"@type\":\"ListItem\",\"position\":1,\"name\":\"Koju\",\"item\":\"https:\/\/baubauwall.com\/et\/\"},{\"@type\":\"ListItem\",\"position\":2,\"name\":\"Tapeedid\",\"item\":\"https:\/\/baubauwall.com\/et\/tapeedid\/\"},{\"@type\":\"ListItem\",\"position\":3,\"name\":\"Lastetoa tapeet Vallatu mets &#8211; helesinine\"}]},{\"@type\":\"WebSite\",\"@id\":\"https:\/\/baubauwall.com\/et\/#website\",\"url\":\"https:\/\/baubauwall.com\/et\/\",\"name\":\"BAUBAUWALL Wallpapers\",\"description\":\"Valmis paanides tapeet Eestist!\",\"publisher\":{\"@id\":\"https:\/\/baubauwall.com\/et\/#organization\"},\"potentialAction\":[{\"@type\":\"SearchAction\",\"target\":{\"@type\":\"EntryPoint\",\"urlTemplate\":\"https:\/\/baubauwall.com\/et\/?s={search_term_string}\"},\"query-input\":{\"@type\":\"PropertyValueSpecification\",\"valueRequired\":true,\"valueName\":\"search_term_string\"}}],\"inLanguage\":\"et\"},{\"@type\":\"Organization\",\"@id\":\"https:\/\/baubauwall.com\/et\/#organization\",\"name\":\"BAUBAUWALL Wallpapers\",\"url\":\"https:\/\/baubauwall.com\/et\/\",\"logo\":{\"@type\":\"ImageObject\",\"inLanguage\":\"et\",\"@id\":\"https:\/\/baubauwall.com\/et\/#\/schema\/logo\/image\/\",\"url\":\"https:\/\/baubauwall.com\/wp-content\/uploads\/2022\/03\/logo-horizontal.svg\",\"contentUrl\":\"https:\/\/baubauwall.com\/wp-content\/uploads\/2022\/03\/logo-horizontal.svg\",\"width\":\"1024\",\"height\":\"1024\",\"caption\":\"BAUBAUWALL Wallpapers\"},\"image\":{\"@id\":\"https:\/\/baubauwall.com\/et\/#\/schema\/logo\/image\/\"},\"sameAs\":[\"https:\/\/www.facebook.com\/Baubauwall\",\"https:\/\/www.instagram.com\/baubauwall\"]}]}<\/script>\n<!-- \/ Yoast SEO plugin. -->","yoast_head_json":{"title":"Loomadega lastetoa tapeet Vallatu mets - BAUBAUWALL TAPEEDID","description":"Vallatu mets on hele, loomadega lastetoa tapeet metsloomade, puude ja loodusl\u00e4hedase meeleoluga. Rahulik ja m\u00e4nguline tapeet lastetuppa.","robots":{"index":"index","follow":"follow","max-snippet":"max-snippet:-1","max-image-preview":"max-image-preview:large","max-video-preview":"max-video-preview:-1"},"canonical":"https:\/\/baubauwall.com\/et\/toode\/lastetoa-tapeet-vallatu-mets-helesinine\/","og_locale":"et_EE","og_type":"article","og_title":"BAUBAUWALL TAPEEDID","og_description":"Vallatu mets on hele, loomadega lastetoa tapeet metsloomade, puude ja loodusl\u00e4hedase meeleoluga. Rahulik ja m\u00e4nguline tapeet lastetuppa.","og_url":"https:\/\/baubauwall.com\/et\/toode\/lastetoa-tapeet-vallatu-mets-helesinine\/","og_site_name":"BAUBAUWALL TAPEEDID","article_publisher":"https:\/\/www.facebook.com\/Baubauwall","article_modified_time":"2026-04-24T13:12:25+00:00","og_image":[{"width":2133,"height":1600,"url":"https:\/\/baubauwall.com\/wp-content\/uploads\/2025\/10\/Children_Mural_Wallpaper_FriskyForest_Blue_51200556-3.jpg","type":"image\/jpeg"}],"twitter_card":"summary_large_image","twitter_misc":{"Est. reading time":"2 minutit"},"schema":{"@context":"https:\/\/schema.org","@graph":[{"@type":"WebPage","@id":"https:\/\/baubauwall.com\/et\/toode\/lastetoa-tapeet-vallatu-mets-helesinine\/","url":"https:\/\/baubauwall.com\/et\/toode\/lastetoa-tapeet-vallatu-mets-helesinine\/","name":"Loomadega lastetoa tapeet Vallatu mets - BAUBAUWALL TAPEEDID","isPartOf":{"@id":"https:\/\/baubauwall.com\/et\/#website"},"primaryImageOfPage":{"@id":"https:\/\/baubauwall.com\/et\/toode\/lastetoa-tapeet-vallatu-mets-helesinine\/#primaryimage"},"image":{"@id":"https:\/\/baubauwall.com\/et\/toode\/lastetoa-tapeet-vallatu-mets-helesinine\/#primaryimage"},"thumbnailUrl":"https:\/\/baubauwall.com\/wp-content\/uploads\/2025\/10\/Children_Mural_Wallpaper_FriskyForest_Blue_51200556-2-scaled.jpg","datePublished":"2026-04-22T09:15:12+00:00","dateModified":"2026-04-24T13:12:25+00:00","description":"Vallatu mets on hele, loomadega lastetoa tapeet metsloomade, puude ja loodusl\u00e4hedase meeleoluga. Rahulik ja m\u00e4nguline tapeet lastetuppa.","breadcrumb":{"@id":"https:\/\/baubauwall.com\/et\/toode\/lastetoa-tapeet-vallatu-mets-helesinine\/#breadcrumb"},"inLanguage":"et","potentialAction":[{"@type":"ReadAction","target":["https:\/\/baubauwall.com\/et\/toode\/lastetoa-tapeet-vallatu-mets-helesinine\/"]}]},{"@type":"ImageObject","inLanguage":"et","@id":"https:\/\/baubauwall.com\/et\/toode\/lastetoa-tapeet-vallatu-mets-helesinine\/#primaryimage","url":"https:\/\/baubauwall.com\/wp-content\/uploads\/2025\/10\/Children_Mural_Wallpaper_FriskyForest_Blue_51200556-2-scaled.jpg","contentUrl":"https:\/\/baubauwall.com\/wp-content\/uploads\/2025\/10\/Children_Mural_Wallpaper_FriskyForest_Blue_51200556-2-scaled.jpg","width":2560,"height":1350,"caption":"Tapeedid lastetuppa Baubauwallilt. Hele, P\u00f5hjamaine tapeet lastele"},{"@type":"BreadcrumbList","@id":"https:\/\/baubauwall.com\/et\/toode\/lastetoa-tapeet-vallatu-mets-helesinine\/#breadcrumb","itemListElement":[{"@type":"ListItem","position":1,"name":"Koju","item":"https:\/\/baubauwall.com\/et\/"},{"@type":"ListItem","position":2,"name":"Tapeedid","item":"https:\/\/baubauwall.com\/et\/tapeedid\/"},{"@type":"ListItem","position":3,"name":"Lastetoa tapeet Vallatu mets &#8211; helesinine"}]},{"@type":"WebSite","@id":"https:\/\/baubauwall.com\/et\/#website","url":"https:\/\/baubauwall.com\/et\/","name":"BAUBAUWALL Wallpapers","description":"Valmis paanides tapeet Eestist!","publisher":{"@id":"https:\/\/baubauwall.com\/et\/#organization"},"potentialAction":[{"@type":"SearchAction","target":{"@type":"EntryPoint","urlTemplate":"https:\/\/baubauwall.com\/et\/?s={search_term_string}"},"query-input":{"@type":"PropertyValueSpecification","valueRequired":true,"valueName":"search_term_string"}}],"inLanguage":"et"},{"@type":"Organization","@id":"https:\/\/baubauwall.com\/et\/#organization","name":"BAUBAUWALL Wallpapers","url":"https:\/\/baubauwall.com\/et\/","logo":{"@type":"ImageObject","inLanguage":"et","@id":"https:\/\/baubauwall.com\/et\/#\/schema\/logo\/image\/","url":"https:\/\/baubauwall.com\/wp-content\/uploads\/2022\/03\/logo-horizontal.svg","contentUrl":"https:\/\/baubauwall.com\/wp-content\/uploads\/2022\/03\/logo-horizontal.svg","width":"1024","height":"1024","caption":"BAUBAUWALL Wallpapers"},"image":{"@id":"https:\/\/baubauwall.com\/et\/#\/schema\/logo\/image\/"},"sameAs":["https:\/\/www.facebook.com\/Baubauwall","https:\/\/www.instagram.com\/baubauwall"]}]}},"jetpack_sharing_enabled":true,"_links":{"self":[{"href":"https:\/\/baubauwall.com\/et\/wp-json\/wp\/v2\/product\/48087","targetHints":{"allow":["GET"]}}],"collection":[{"href":"https:\/\/baubauwall.com\/et\/wp-json\/wp\/v2\/product"}],"about":[{"href":"https:\/\/baubauwall.com\/et\/wp-json\/wp\/v2\/types\/product"}],"replies":[{"embeddable":true,"href":"https:\/\/baubauwall.com\/et\/wp-json\/wp\/v2\/comments?post=48087"}],"wp:featuredmedia":[{"embeddable":true,"href":"https:\/\/baubauwall.com\/et\/wp-json\/wp\/v2\/media\/48092"}],"wp:attachment":[{"href":"https:\/\/baubauwall.com\/et\/wp-json\/wp\/v2\/media?parent=48087"}],"wp:term":[{"taxonomy":"product_brand","embeddable":true,"href":"https:\/\/baubauwall.com\/et\/wp-json\/wp\/v2\/product_brand?post=48087"},{"taxonomy":"product_cat","embeddable":true,"href":"https:\/\/baubauwall.com\/et\/wp-json\/wp\/v2\/product_cat?post=48087"},{"taxonomy":"product_tag","embeddable":true,"href":"https:\/\/baubauwall.com\/et\/wp-json\/wp\/v2\/product_tag?post=48087"}],"curies":[{"name":"wp","href":"https:\/\/api.w.org\/{rel}","templated":true}]}}