{"id":48129,"date":"2026-04-23T11:15:12","date_gmt":"2026-04-23T09:15:12","guid":{"rendered":"https:\/\/baubauwall.com\/product\/mural-wallpaper-nordic-nature-in-beige-white\/"},"modified":"2026-04-23T15:16:55","modified_gmt":"2026-04-23T13:16:55","slug":"pilttapeet-pohjamaine-loodus-beez","status":"publish","type":"product","link":"https:\/\/baubauwall.com\/et\/toode\/pilttapeet-pohjamaine-loodus-beez\/","title":{"rendered":"P\u00f5hjamaine loodus &#8211; bee\u017e"},"content":{"rendered":"<p>On tapeete, mis sobivad ainult kindlasse vanusesse v\u00f5i v\u00e4ga konkreetsesse tuppa. Pilttapeet P\u00f5hjamaine loodus ei ole \u00fcks neis tapeetidest! Selle kujunduses on midagi rahulikku ja veidi unistavat. Loomad, puud ja oksad looklevad \u00fcle pilttapeedi disaini tervikuks nii, et kokku moodustub imeilus tervik.<\/p>\n<p>Bee\u017e toon on alati kindel valik ning annab tapeedile sooja ja pehme \u00fcldmulje. See sobib h\u00e4sti lastetuppa, magamistuppa v\u00f5i k\u00fclalistetuppa. Kui sulle meeldivad vintage-h\u00f5ngulised interj\u00f6\u00f6rid, on see tapeet v\u00e4ga t\u00f5en\u00e4oliselt sinu maitse.<\/p>\n<p>Selle tapeedi suur pluss on mitmek\u00fclgsus. \u00dches kodus v\u00f5ib see j\u00e4\u00e4da \u00f5rnaks taustaks lastetoas, teises m\u00f5juda romantilise ja veidi nostalgilise aktsendina magamistoas. See sobib h\u00e4sti inimesele, kellele meeldivad loodusmotiivid, pehmed toonid ja kodud, kus on soojust, mitte liigset s\u00e4titust.<\/p>\n<p>Sisustamise m\u00f5ttes on see P\u00f5hjamaine tapeet t\u00e4nuv\u00e4\u00e4rne. Naturaalne puit, valge m\u00f6\u00f6bel, linased kangad, korvid, vanad leiud v\u00f5i veidi romantilisemad detailid \u2014 k\u00f5ik sobivad siia k\u00f5rvale v\u00e4ga h\u00e4sti. Tapeet ise teeb juba palju \u00e4ra, nii et \u00fclej\u00e4\u00e4nud tuba ei pea pingutama.<\/p>\n<h5><strong>Miks valida tapeet Baubauwallist? <\/strong><\/h5>\n<p>Sest me teeme tapeedi valimise, ostmise ja paigalduse lihtsaks.<\/p>\n<ul>\n<li>Eesti ettev\u00f5te, kohalik tootmine<\/li>\n<li>Tr\u00fckime t\u00e4pselt Sinu seina m\u00f5\u00f5dus tapeedi<\/li>\n<li>Just nii pikad tapeedipaanid, kui on Sinu sein<\/li>\n<li>Premium, matt fliistapeedi materjal, 100% taaskasutatud kiust<\/li>\n<li>M\u00fcrgivabad tr\u00fckiv\u00e4rvid, Greenguard sertifitseeritud<\/li>\n<li>Keskkonnas\u00f5bralik, j\u00e4\u00e4tmevaba tapeetimine<\/li>\n<li>Tasuta tapeediliim<\/li>\n<li>Tasuta transport ja kiire tarne 5 t\u00f6\u00f6p\u00e4evaga<\/li>\n<\/ul>\n<h5>Vajaksid veel ideid sisustamiseks?<\/h5>\n<p><a href=\"https:\/\/baubauwall.com\/et\/ideed\/let-the-homes-do-the-talking\/\" target=\"_blank\" rel=\"noopener\">Piilu meie tehtud t\u00f6\u00f6de galeriisse<\/a> ja n\u00e4ppa m\u00f5ni hea (tapeedi)idee!<\/p>\n","protected":false},"excerpt":{"rendered":"<p>Pehmetes bee\u017eides toonides tapeet metsloomade ja p\u00f5hjamaise looduse motiividega. Rahulik, romantiline ja mitmek\u00fclgne valik nii lastetuppa, magamistuppa kui ka teistesse hubastesse kodustesse ruumidesse.<\/p>\n","protected":false},"featured_media":48130,"comment_status":"open","ping_status":"closed","template":"","meta":{"_acf_changed":false,"inline_featured_image":false},"product_brand":[],"product_cat":[634,387,395,396,265,273,276,400,402,244,245,248,255],"product_tag":[635,345,308,724,324],"class_list":{"0":"post-48129","1":"product","2":"type-product","3":"status-publish","4":"has-post-thumbnail","6":"product_cat-oliver-robbins-tapeedid","7":"product_cat-pilttapeedid","8":"product_cat-romantiline","9":"product_cat-skandinaavia","10":"product_cat-beezid-tapeedid","11":"product_cat-heledad-tapeedid","12":"product_cat-pastelsed-tapeedid","13":"product_cat-lastetoa-tapeedid","14":"product_cat-elutoa-tapeedid","15":"product_cat-merendus","16":"product_cat-maastik","17":"product_cat-mets","18":"product_cat-loomad","19":"product_tag-oliver-robbins-tapeedid","20":"product_tag-pilttapeet","21":"product_tag-poiste-tuba","22":"product_tag-sooneutraalsed-varvid-et","23":"product_tag-tudruku-tuba","25":"first","26":"instock","27":"taxable","28":"shipping-taxable","29":"purchasable","30":"product-type-simple"},"acf":[],"yoast_head":"<!-- This site is optimized with the Yoast SEO plugin v25.9 - https:\/\/yoast.com\/wordpress\/plugins\/seo\/ -->\n<title>Bee\u017e P\u00f5hjamaine tapeet | P\u00f5hjamaine loodus - bee\u017e - BAUBAUWALL TAPEEDID<\/title>\n<meta name=\"description\" content=\"Pehmetes bee\u017eides toonides tapeet metsloomade ja \u00f5rnade loodusdetailidega. Valmistatud sinu seina m\u00f5\u00f5du j\u00e4rgi ja lihtsasti paigaldatav tapeet\" \/>\n<meta name=\"robots\" content=\"index, follow, max-snippet:-1, max-image-preview:large, max-video-preview:-1\" \/>\n<link rel=\"canonical\" href=\"https:\/\/baubauwall.com\/et\/toode\/pilttapeet-pohjamaine-loodus-beez\/\" \/>\n<meta property=\"og:locale\" content=\"et_EE\" \/>\n<meta property=\"og:type\" content=\"article\" \/>\n<meta property=\"og:title\" content=\"BAUBAUWALL TAPEEDID\" \/>\n<meta property=\"og:description\" content=\"Pehmetes bee\u017eides toonides tapeet metsloomade ja \u00f5rnade loodusdetailidega. Valmistatud sinu seina m\u00f5\u00f5du j\u00e4rgi ja lihtsasti paigaldatav tapeet\" \/>\n<meta property=\"og:url\" content=\"https:\/\/baubauwall.com\/et\/toode\/pilttapeet-pohjamaine-loodus-beez\/\" \/>\n<meta property=\"og:site_name\" content=\"BAUBAUWALL TAPEEDID\" \/>\n<meta property=\"article:publisher\" content=\"https:\/\/www.facebook.com\/Baubauwall\" \/>\n<meta property=\"article:modified_time\" content=\"2026-04-23T13:16:55+00:00\" \/>\n<meta property=\"og:image\" content=\"https:\/\/baubauwall.com\/wp-content\/uploads\/2025\/10\/Mural-Wallpaper_Nordic-Nature_Beige_Baubuawall_51200559-3.jpg\" \/>\n\t<meta property=\"og:image:width\" content=\"2400\" \/>\n\t<meta property=\"og:image:height\" content=\"1600\" \/>\n\t<meta property=\"og:image:type\" content=\"image\/jpeg\" \/>\n<meta name=\"twitter:card\" content=\"summary_large_image\" \/>\n<meta name=\"twitter:label1\" content=\"Est. reading time\" \/>\n\t<meta name=\"twitter:data1\" content=\"2 minutit\" \/>\n<script type=\"application\/ld+json\" class=\"yoast-schema-graph\">{\"@context\":\"https:\/\/schema.org\",\"@graph\":[{\"@type\":\"WebPage\",\"@id\":\"https:\/\/baubauwall.com\/et\/toode\/pilttapeet-pohjamaine-loodus-beez\/\",\"url\":\"https:\/\/baubauwall.com\/et\/toode\/pilttapeet-pohjamaine-loodus-beez\/\",\"name\":\"Bee\u017e P\u00f5hjamaine tapeet | P\u00f5hjamaine loodus - bee\u017e - BAUBAUWALL TAPEEDID\",\"isPartOf\":{\"@id\":\"https:\/\/baubauwall.com\/et\/#website\"},\"primaryImageOfPage\":{\"@id\":\"https:\/\/baubauwall.com\/et\/toode\/pilttapeet-pohjamaine-loodus-beez\/#primaryimage\"},\"image\":{\"@id\":\"https:\/\/baubauwall.com\/et\/toode\/pilttapeet-pohjamaine-loodus-beez\/#primaryimage\"},\"thumbnailUrl\":\"https:\/\/baubauwall.com\/wp-content\/uploads\/2025\/10\/Mural-Wallpaper_Nordic-Nature_Beige_Baubuawall_51200559-1.jpg\",\"datePublished\":\"2026-04-23T09:15:12+00:00\",\"dateModified\":\"2026-04-23T13:16:55+00:00\",\"description\":\"Pehmetes bee\u017eides toonides tapeet metsloomade ja \u00f5rnade loodusdetailidega. Valmistatud sinu seina m\u00f5\u00f5du j\u00e4rgi ja lihtsasti paigaldatav tapeet\",\"breadcrumb\":{\"@id\":\"https:\/\/baubauwall.com\/et\/toode\/pilttapeet-pohjamaine-loodus-beez\/#breadcrumb\"},\"inLanguage\":\"et\",\"potentialAction\":[{\"@type\":\"ReadAction\",\"target\":[\"https:\/\/baubauwall.com\/et\/toode\/pilttapeet-pohjamaine-loodus-beez\/\"]}]},{\"@type\":\"ImageObject\",\"inLanguage\":\"et\",\"@id\":\"https:\/\/baubauwall.com\/et\/toode\/pilttapeet-pohjamaine-loodus-beez\/#primaryimage\",\"url\":\"https:\/\/baubauwall.com\/wp-content\/uploads\/2025\/10\/Mural-Wallpaper_Nordic-Nature_Beige_Baubuawall_51200559-1.jpg\",\"contentUrl\":\"https:\/\/baubauwall.com\/wp-content\/uploads\/2025\/10\/Mural-Wallpaper_Nordic-Nature_Beige_Baubuawall_51200559-1.jpg\",\"width\":1067,\"height\":1600},{\"@type\":\"BreadcrumbList\",\"@id\":\"https:\/\/baubauwall.com\/et\/toode\/pilttapeet-pohjamaine-loodus-beez\/#breadcrumb\",\"itemListElement\":[{\"@type\":\"ListItem\",\"position\":1,\"name\":\"Koju\",\"item\":\"https:\/\/baubauwall.com\/et\/\"},{\"@type\":\"ListItem\",\"position\":2,\"name\":\"Tapeedid\",\"item\":\"https:\/\/baubauwall.com\/et\/tapeedid\/\"},{\"@type\":\"ListItem\",\"position\":3,\"name\":\"P\u00f5hjamaine loodus &#8211; bee\u017e\"}]},{\"@type\":\"WebSite\",\"@id\":\"https:\/\/baubauwall.com\/et\/#website\",\"url\":\"https:\/\/baubauwall.com\/et\/\",\"name\":\"BAUBAUWALL Wallpapers\",\"description\":\"Valmis paanides tapeet Eestist!\",\"publisher\":{\"@id\":\"https:\/\/baubauwall.com\/et\/#organization\"},\"potentialAction\":[{\"@type\":\"SearchAction\",\"target\":{\"@type\":\"EntryPoint\",\"urlTemplate\":\"https:\/\/baubauwall.com\/et\/?s={search_term_string}\"},\"query-input\":{\"@type\":\"PropertyValueSpecification\",\"valueRequired\":true,\"valueName\":\"search_term_string\"}}],\"inLanguage\":\"et\"},{\"@type\":\"Organization\",\"@id\":\"https:\/\/baubauwall.com\/et\/#organization\",\"name\":\"BAUBAUWALL Wallpapers\",\"url\":\"https:\/\/baubauwall.com\/et\/\",\"logo\":{\"@type\":\"ImageObject\",\"inLanguage\":\"et\",\"@id\":\"https:\/\/baubauwall.com\/et\/#\/schema\/logo\/image\/\",\"url\":\"https:\/\/baubauwall.com\/wp-content\/uploads\/2022\/03\/logo-horizontal.svg\",\"contentUrl\":\"https:\/\/baubauwall.com\/wp-content\/uploads\/2022\/03\/logo-horizontal.svg\",\"width\":\"1024\",\"height\":\"1024\",\"caption\":\"BAUBAUWALL Wallpapers\"},\"image\":{\"@id\":\"https:\/\/baubauwall.com\/et\/#\/schema\/logo\/image\/\"},\"sameAs\":[\"https:\/\/www.facebook.com\/Baubauwall\",\"https:\/\/www.instagram.com\/baubauwall\"]}]}<\/script>\n<!-- \/ Yoast SEO plugin. -->","yoast_head_json":{"title":"Bee\u017e P\u00f5hjamaine tapeet | P\u00f5hjamaine loodus - bee\u017e - BAUBAUWALL TAPEEDID","description":"Pehmetes bee\u017eides toonides tapeet metsloomade ja \u00f5rnade loodusdetailidega. Valmistatud sinu seina m\u00f5\u00f5du j\u00e4rgi ja lihtsasti paigaldatav tapeet","robots":{"index":"index","follow":"follow","max-snippet":"max-snippet:-1","max-image-preview":"max-image-preview:large","max-video-preview":"max-video-preview:-1"},"canonical":"https:\/\/baubauwall.com\/et\/toode\/pilttapeet-pohjamaine-loodus-beez\/","og_locale":"et_EE","og_type":"article","og_title":"BAUBAUWALL TAPEEDID","og_description":"Pehmetes bee\u017eides toonides tapeet metsloomade ja \u00f5rnade loodusdetailidega. Valmistatud sinu seina m\u00f5\u00f5du j\u00e4rgi ja lihtsasti paigaldatav tapeet","og_url":"https:\/\/baubauwall.com\/et\/toode\/pilttapeet-pohjamaine-loodus-beez\/","og_site_name":"BAUBAUWALL TAPEEDID","article_publisher":"https:\/\/www.facebook.com\/Baubauwall","article_modified_time":"2026-04-23T13:16:55+00:00","og_image":[{"width":2400,"height":1600,"url":"https:\/\/baubauwall.com\/wp-content\/uploads\/2025\/10\/Mural-Wallpaper_Nordic-Nature_Beige_Baubuawall_51200559-3.jpg","type":"image\/jpeg"}],"twitter_card":"summary_large_image","twitter_misc":{"Est. reading time":"2 minutit"},"schema":{"@context":"https:\/\/schema.org","@graph":[{"@type":"WebPage","@id":"https:\/\/baubauwall.com\/et\/toode\/pilttapeet-pohjamaine-loodus-beez\/","url":"https:\/\/baubauwall.com\/et\/toode\/pilttapeet-pohjamaine-loodus-beez\/","name":"Bee\u017e P\u00f5hjamaine tapeet | P\u00f5hjamaine loodus - bee\u017e - BAUBAUWALL TAPEEDID","isPartOf":{"@id":"https:\/\/baubauwall.com\/et\/#website"},"primaryImageOfPage":{"@id":"https:\/\/baubauwall.com\/et\/toode\/pilttapeet-pohjamaine-loodus-beez\/#primaryimage"},"image":{"@id":"https:\/\/baubauwall.com\/et\/toode\/pilttapeet-pohjamaine-loodus-beez\/#primaryimage"},"thumbnailUrl":"https:\/\/baubauwall.com\/wp-content\/uploads\/2025\/10\/Mural-Wallpaper_Nordic-Nature_Beige_Baubuawall_51200559-1.jpg","datePublished":"2026-04-23T09:15:12+00:00","dateModified":"2026-04-23T13:16:55+00:00","description":"Pehmetes bee\u017eides toonides tapeet metsloomade ja \u00f5rnade loodusdetailidega. Valmistatud sinu seina m\u00f5\u00f5du j\u00e4rgi ja lihtsasti paigaldatav tapeet","breadcrumb":{"@id":"https:\/\/baubauwall.com\/et\/toode\/pilttapeet-pohjamaine-loodus-beez\/#breadcrumb"},"inLanguage":"et","potentialAction":[{"@type":"ReadAction","target":["https:\/\/baubauwall.com\/et\/toode\/pilttapeet-pohjamaine-loodus-beez\/"]}]},{"@type":"ImageObject","inLanguage":"et","@id":"https:\/\/baubauwall.com\/et\/toode\/pilttapeet-pohjamaine-loodus-beez\/#primaryimage","url":"https:\/\/baubauwall.com\/wp-content\/uploads\/2025\/10\/Mural-Wallpaper_Nordic-Nature_Beige_Baubuawall_51200559-1.jpg","contentUrl":"https:\/\/baubauwall.com\/wp-content\/uploads\/2025\/10\/Mural-Wallpaper_Nordic-Nature_Beige_Baubuawall_51200559-1.jpg","width":1067,"height":1600},{"@type":"BreadcrumbList","@id":"https:\/\/baubauwall.com\/et\/toode\/pilttapeet-pohjamaine-loodus-beez\/#breadcrumb","itemListElement":[{"@type":"ListItem","position":1,"name":"Koju","item":"https:\/\/baubauwall.com\/et\/"},{"@type":"ListItem","position":2,"name":"Tapeedid","item":"https:\/\/baubauwall.com\/et\/tapeedid\/"},{"@type":"ListItem","position":3,"name":"P\u00f5hjamaine loodus &#8211; bee\u017e"}]},{"@type":"WebSite","@id":"https:\/\/baubauwall.com\/et\/#website","url":"https:\/\/baubauwall.com\/et\/","name":"BAUBAUWALL Wallpapers","description":"Valmis paanides tapeet Eestist!","publisher":{"@id":"https:\/\/baubauwall.com\/et\/#organization"},"potentialAction":[{"@type":"SearchAction","target":{"@type":"EntryPoint","urlTemplate":"https:\/\/baubauwall.com\/et\/?s={search_term_string}"},"query-input":{"@type":"PropertyValueSpecification","valueRequired":true,"valueName":"search_term_string"}}],"inLanguage":"et"},{"@type":"Organization","@id":"https:\/\/baubauwall.com\/et\/#organization","name":"BAUBAUWALL Wallpapers","url":"https:\/\/baubauwall.com\/et\/","logo":{"@type":"ImageObject","inLanguage":"et","@id":"https:\/\/baubauwall.com\/et\/#\/schema\/logo\/image\/","url":"https:\/\/baubauwall.com\/wp-content\/uploads\/2022\/03\/logo-horizontal.svg","contentUrl":"https:\/\/baubauwall.com\/wp-content\/uploads\/2022\/03\/logo-horizontal.svg","width":"1024","height":"1024","caption":"BAUBAUWALL Wallpapers"},"image":{"@id":"https:\/\/baubauwall.com\/et\/#\/schema\/logo\/image\/"},"sameAs":["https:\/\/www.facebook.com\/Baubauwall","https:\/\/www.instagram.com\/baubauwall"]}]}},"jetpack_sharing_enabled":true,"_links":{"self":[{"href":"https:\/\/baubauwall.com\/et\/wp-json\/wp\/v2\/product\/48129","targetHints":{"allow":["GET"]}}],"collection":[{"href":"https:\/\/baubauwall.com\/et\/wp-json\/wp\/v2\/product"}],"about":[{"href":"https:\/\/baubauwall.com\/et\/wp-json\/wp\/v2\/types\/product"}],"replies":[{"embeddable":true,"href":"https:\/\/baubauwall.com\/et\/wp-json\/wp\/v2\/comments?post=48129"}],"wp:featuredmedia":[{"embeddable":true,"href":"https:\/\/baubauwall.com\/et\/wp-json\/wp\/v2\/media\/48130"}],"wp:attachment":[{"href":"https:\/\/baubauwall.com\/et\/wp-json\/wp\/v2\/media?parent=48129"}],"wp:term":[{"taxonomy":"product_brand","embeddable":true,"href":"https:\/\/baubauwall.com\/et\/wp-json\/wp\/v2\/product_brand?post=48129"},{"taxonomy":"product_cat","embeddable":true,"href":"https:\/\/baubauwall.com\/et\/wp-json\/wp\/v2\/product_cat?post=48129"},{"taxonomy":"product_tag","embeddable":true,"href":"https:\/\/baubauwall.com\/et\/wp-json\/wp\/v2\/product_tag?post=48129"}],"curies":[{"name":"wp","href":"https:\/\/api.w.org\/{rel}","templated":true}]}}