{"id":48155,"date":"2026-04-23T15:04:06","date_gmt":"2026-04-23T13:04:06","guid":{"rendered":"https:\/\/baubauwall.com\/?post_type=product&#038;p=48155"},"modified":"2026-04-24T10:23:18","modified_gmt":"2026-04-24T08:23:18","slug":"pilttapeet-pohjamaine-loodus-roheline","status":"publish","type":"product","link":"https:\/\/baubauwall.com\/et\/toode\/pilttapeet-pohjamaine-loodus-roheline\/","title":{"rendered":"P\u00f5hjamaine loodus &#8211; roheline"},"content":{"rendered":"<p data-start=\"1272\" data-end=\"1555\">Skandinaavia stiilis tapeet, mille muster p\u00f5imib metsarajad, puud, taimed ja v\u00e4ikesed metsloomad. Selle tapeedi v\u00f5lu peitub detailides. Siin on j\u00e4nesed, karud, oravad, linnud ja puud, mis moodustavad \u00fcle seina lookleva p\u00f5hjamaise maastiku.<\/p>\n<p data-start=\"1557\" data-end=\"1841\">Roheline v\u00e4rvitoon annab tapeedile malbe ilme. Tapeet m\u00f5jub pehmelt, veidi nostalgiliselt ja v\u00e4ga koduselt. Kujunduses on tunda vanade lasteraamatute maailma: graafilised puud, \u00f5rnad taimed, loomade siluetid ja teerajad, mida m\u00f6\u00f6da v\u00f5iks justkui v\u00e4ike seiklus alata.<\/p>\n<p data-start=\"1843\" data-end=\"2111\">See roheline P\u00f5hjamaine tapeet sobib h\u00e4sti lapse tuppa, kus soovid luua sooja ja turvalist \u00f5hkkonda. See ei ole liiga beebilik ega liiga domineeriv. Pigem on see tapeet, mida saab iga p\u00e4ev uuesti vaadata ja mille seest v\u00f5ib alati m\u00f5ne uue looma v\u00f5i oksakese leida.<\/p>\n<p data-start=\"2113\" data-end=\"2376\">Skandi stiilis interj\u00f6\u00f6ris t\u00f6\u00f6tab see tapeet eriti h\u00e4sti. Heledast puidust m\u00f6\u00f6bel, valged seinad, linased kardinad, villased pleedid ja\u00a0 m\u00e4nguasjad sobivad suurep\u00e4raselt. Roheline toon lisab tuppa v\u00e4rvi, kuid hoiab \u00fcldmulje pehme ja puhta.<\/p>\n<h5><strong>Miks valida tapeet Baubauwallist? <\/strong><\/h5>\n<p>Sest me teeme tapeedi valimise, ostmise ja paigalduse lihtsaks.<\/p>\n<ul>\n<li>Eesti ettev\u00f5te, kohalik tootmine<\/li>\n<li>Tr\u00fckime t\u00e4pselt Sinu seina m\u00f5\u00f5dus tapeedi<\/li>\n<li>Just nii pikad tapeedipaanid, kui on Sinu sein<\/li>\n<li>Premium, matt fliistapeedi materjal, 100% taaskasutatud kiust<\/li>\n<li>M\u00fcrgivabad tr\u00fckiv\u00e4rvid, Greenguard sertifitseeritud<\/li>\n<li>Keskkonnas\u00f5bralik, j\u00e4\u00e4tmevaba tapeetimine<\/li>\n<li>Tasuta tapeediliim<\/li>\n<li>Tasuta transport ja kiire tarne 5 t\u00f6\u00f6p\u00e4evaga<\/li>\n<\/ul>\n<h5>Vajaksid veel ideid sisustamiseks?<\/h5>\n<p><a href=\"https:\/\/baubauwall.com\/et\/ideed\/let-the-homes-do-the-talking\/\" target=\"_blank\" rel=\"noopener\">Piilu meie tehtud t\u00f6\u00f6de galeriisse<\/a> ja n\u00e4ppa m\u00f5ni hea (tapeedi)idee!<\/p>\n","protected":false},"excerpt":{"rendered":"<p>Rohelistes toonides pilttapeet metsloomade, puude ja p\u00f5hjamaise looduse motiividega. Rahulik ja m\u00e4nguline valik poiste tuppa, beebituppa v\u00f5i teistesse lastetubadesse.<\/p>\n","protected":false},"featured_media":48163,"comment_status":"open","ping_status":"closed","template":"","meta":{"_acf_changed":false,"inline_featured_image":false},"product_brand":[],"product_cat":[634,387,396,270,271,400,402,244,245,248,255],"product_tag":[635,345,308,724],"class_list":{"0":"post-48155","1":"product","2":"type-product","3":"status-publish","4":"has-post-thumbnail","6":"product_cat-oliver-robbins-tapeedid","7":"product_cat-pilttapeedid","8":"product_cat-skandinaavia","9":"product_cat-tumedad-tapeedid","10":"product_cat-rohelised-tapeedid","11":"product_cat-lastetoa-tapeedid","12":"product_cat-elutoa-tapeedid","13":"product_cat-merendus","14":"product_cat-maastik","15":"product_cat-mets","16":"product_cat-loomad","17":"product_tag-oliver-robbins-tapeedid","18":"product_tag-pilttapeet","19":"product_tag-poiste-tuba","20":"product_tag-sooneutraalsed-varvid-et","22":"first","23":"instock","24":"taxable","25":"shipping-taxable","26":"purchasable","27":"product-type-simple"},"acf":[],"yoast_head":"<!-- This site is optimized with the Yoast SEO plugin v25.9 - https:\/\/yoast.com\/wordpress\/plugins\/seo\/ -->\n<title>Roheline P\u00f5hjamaine tapeet | P\u00f5hjamaine loodus - roheline - BAUBAUWALL TAPEEDID<\/title>\n<meta name=\"description\" content=\"Roheline ilus tapeet \u00fcdini P\u00f5hjamaises stiilis, metsloomade ja p\u00f5hjamaise looduse motiividega. Ideaalne lastetuppa v\u00f5i mujala, valmib sinu seina m\u00f5\u00f5dus!\" \/>\n<meta name=\"robots\" content=\"index, follow, max-snippet:-1, max-image-preview:large, max-video-preview:-1\" \/>\n<link rel=\"canonical\" href=\"https:\/\/baubauwall.com\/et\/toode\/pilttapeet-pohjamaine-loodus-roheline\/\" \/>\n<meta property=\"og:locale\" content=\"et_EE\" \/>\n<meta property=\"og:type\" content=\"article\" \/>\n<meta property=\"og:title\" content=\"BAUBAUWALL TAPEEDID\" \/>\n<meta property=\"og:description\" content=\"Roheline ilus tapeet \u00fcdini P\u00f5hjamaises stiilis, metsloomade ja p\u00f5hjamaise looduse motiividega. Ideaalne lastetuppa v\u00f5i mujala, valmib sinu seina m\u00f5\u00f5dus!\" \/>\n<meta property=\"og:url\" content=\"https:\/\/baubauwall.com\/et\/toode\/pilttapeet-pohjamaine-loodus-roheline\/\" \/>\n<meta property=\"og:site_name\" content=\"BAUBAUWALL TAPEEDID\" \/>\n<meta property=\"article:publisher\" content=\"https:\/\/www.facebook.com\/Baubauwall\" \/>\n<meta property=\"article:modified_time\" content=\"2026-04-24T08:23:18+00:00\" \/>\n<meta property=\"og:image\" content=\"https:\/\/baubauwall.com\/wp-content\/uploads\/2026\/04\/Mural_Wallpaper_Nordic-Nature-Green-Baubauwall_51200561-3.jpg\" \/>\n\t<meta property=\"og:image:width\" content=\"2400\" \/>\n\t<meta property=\"og:image:height\" content=\"1600\" \/>\n\t<meta property=\"og:image:type\" content=\"image\/jpeg\" \/>\n<meta name=\"twitter:card\" content=\"summary_large_image\" \/>\n<meta name=\"twitter:label1\" content=\"Est. reading time\" \/>\n\t<meta name=\"twitter:data1\" content=\"2 minutit\" \/>\n<script type=\"application\/ld+json\" class=\"yoast-schema-graph\">{\"@context\":\"https:\/\/schema.org\",\"@graph\":[{\"@type\":\"WebPage\",\"@id\":\"https:\/\/baubauwall.com\/et\/toode\/pilttapeet-pohjamaine-loodus-roheline\/\",\"url\":\"https:\/\/baubauwall.com\/et\/toode\/pilttapeet-pohjamaine-loodus-roheline\/\",\"name\":\"Roheline P\u00f5hjamaine tapeet | P\u00f5hjamaine loodus - roheline - BAUBAUWALL TAPEEDID\",\"isPartOf\":{\"@id\":\"https:\/\/baubauwall.com\/et\/#website\"},\"primaryImageOfPage\":{\"@id\":\"https:\/\/baubauwall.com\/et\/toode\/pilttapeet-pohjamaine-loodus-roheline\/#primaryimage\"},\"image\":{\"@id\":\"https:\/\/baubauwall.com\/et\/toode\/pilttapeet-pohjamaine-loodus-roheline\/#primaryimage\"},\"thumbnailUrl\":\"https:\/\/baubauwall.com\/wp-content\/uploads\/2026\/04\/Mural_Wallpaper_Nordic-Nature-Green-Baubauwall_51200561-4.jpg\",\"datePublished\":\"2026-04-23T13:04:06+00:00\",\"dateModified\":\"2026-04-24T08:23:18+00:00\",\"description\":\"Roheline ilus tapeet \u00fcdini P\u00f5hjamaises stiilis, metsloomade ja p\u00f5hjamaise looduse motiividega. Ideaalne lastetuppa v\u00f5i mujala, valmib sinu seina m\u00f5\u00f5dus!\",\"breadcrumb\":{\"@id\":\"https:\/\/baubauwall.com\/et\/toode\/pilttapeet-pohjamaine-loodus-roheline\/#breadcrumb\"},\"inLanguage\":\"et\",\"potentialAction\":[{\"@type\":\"ReadAction\",\"target\":[\"https:\/\/baubauwall.com\/et\/toode\/pilttapeet-pohjamaine-loodus-roheline\/\"]}]},{\"@type\":\"ImageObject\",\"inLanguage\":\"et\",\"@id\":\"https:\/\/baubauwall.com\/et\/toode\/pilttapeet-pohjamaine-loodus-roheline\/#primaryimage\",\"url\":\"https:\/\/baubauwall.com\/wp-content\/uploads\/2026\/04\/Mural_Wallpaper_Nordic-Nature-Green-Baubauwall_51200561-4.jpg\",\"contentUrl\":\"https:\/\/baubauwall.com\/wp-content\/uploads\/2026\/04\/Mural_Wallpaper_Nordic-Nature-Green-Baubauwall_51200561-4.jpg\",\"width\":1600,\"height\":1600},{\"@type\":\"BreadcrumbList\",\"@id\":\"https:\/\/baubauwall.com\/et\/toode\/pilttapeet-pohjamaine-loodus-roheline\/#breadcrumb\",\"itemListElement\":[{\"@type\":\"ListItem\",\"position\":1,\"name\":\"Koju\",\"item\":\"https:\/\/baubauwall.com\/et\/\"},{\"@type\":\"ListItem\",\"position\":2,\"name\":\"Tapeedid\",\"item\":\"https:\/\/baubauwall.com\/et\/tapeedid\/\"},{\"@type\":\"ListItem\",\"position\":3,\"name\":\"P\u00f5hjamaine loodus &#8211; roheline\"}]},{\"@type\":\"WebSite\",\"@id\":\"https:\/\/baubauwall.com\/et\/#website\",\"url\":\"https:\/\/baubauwall.com\/et\/\",\"name\":\"BAUBAUWALL Wallpapers\",\"description\":\"Valmis paanides tapeet Eestist!\",\"publisher\":{\"@id\":\"https:\/\/baubauwall.com\/et\/#organization\"},\"potentialAction\":[{\"@type\":\"SearchAction\",\"target\":{\"@type\":\"EntryPoint\",\"urlTemplate\":\"https:\/\/baubauwall.com\/et\/?s={search_term_string}\"},\"query-input\":{\"@type\":\"PropertyValueSpecification\",\"valueRequired\":true,\"valueName\":\"search_term_string\"}}],\"inLanguage\":\"et\"},{\"@type\":\"Organization\",\"@id\":\"https:\/\/baubauwall.com\/et\/#organization\",\"name\":\"BAUBAUWALL Wallpapers\",\"url\":\"https:\/\/baubauwall.com\/et\/\",\"logo\":{\"@type\":\"ImageObject\",\"inLanguage\":\"et\",\"@id\":\"https:\/\/baubauwall.com\/et\/#\/schema\/logo\/image\/\",\"url\":\"https:\/\/baubauwall.com\/wp-content\/uploads\/2022\/03\/logo-horizontal.svg\",\"contentUrl\":\"https:\/\/baubauwall.com\/wp-content\/uploads\/2022\/03\/logo-horizontal.svg\",\"width\":\"1024\",\"height\":\"1024\",\"caption\":\"BAUBAUWALL Wallpapers\"},\"image\":{\"@id\":\"https:\/\/baubauwall.com\/et\/#\/schema\/logo\/image\/\"},\"sameAs\":[\"https:\/\/www.facebook.com\/Baubauwall\",\"https:\/\/www.instagram.com\/baubauwall\"]}]}<\/script>\n<!-- \/ Yoast SEO plugin. -->","yoast_head_json":{"title":"Roheline P\u00f5hjamaine tapeet | P\u00f5hjamaine loodus - roheline - BAUBAUWALL TAPEEDID","description":"Roheline ilus tapeet \u00fcdini P\u00f5hjamaises stiilis, metsloomade ja p\u00f5hjamaise looduse motiividega. Ideaalne lastetuppa v\u00f5i mujala, valmib sinu seina m\u00f5\u00f5dus!","robots":{"index":"index","follow":"follow","max-snippet":"max-snippet:-1","max-image-preview":"max-image-preview:large","max-video-preview":"max-video-preview:-1"},"canonical":"https:\/\/baubauwall.com\/et\/toode\/pilttapeet-pohjamaine-loodus-roheline\/","og_locale":"et_EE","og_type":"article","og_title":"BAUBAUWALL TAPEEDID","og_description":"Roheline ilus tapeet \u00fcdini P\u00f5hjamaises stiilis, metsloomade ja p\u00f5hjamaise looduse motiividega. Ideaalne lastetuppa v\u00f5i mujala, valmib sinu seina m\u00f5\u00f5dus!","og_url":"https:\/\/baubauwall.com\/et\/toode\/pilttapeet-pohjamaine-loodus-roheline\/","og_site_name":"BAUBAUWALL TAPEEDID","article_publisher":"https:\/\/www.facebook.com\/Baubauwall","article_modified_time":"2026-04-24T08:23:18+00:00","og_image":[{"width":2400,"height":1600,"url":"https:\/\/baubauwall.com\/wp-content\/uploads\/2026\/04\/Mural_Wallpaper_Nordic-Nature-Green-Baubauwall_51200561-3.jpg","type":"image\/jpeg"}],"twitter_card":"summary_large_image","twitter_misc":{"Est. reading time":"2 minutit"},"schema":{"@context":"https:\/\/schema.org","@graph":[{"@type":"WebPage","@id":"https:\/\/baubauwall.com\/et\/toode\/pilttapeet-pohjamaine-loodus-roheline\/","url":"https:\/\/baubauwall.com\/et\/toode\/pilttapeet-pohjamaine-loodus-roheline\/","name":"Roheline P\u00f5hjamaine tapeet | P\u00f5hjamaine loodus - roheline - BAUBAUWALL TAPEEDID","isPartOf":{"@id":"https:\/\/baubauwall.com\/et\/#website"},"primaryImageOfPage":{"@id":"https:\/\/baubauwall.com\/et\/toode\/pilttapeet-pohjamaine-loodus-roheline\/#primaryimage"},"image":{"@id":"https:\/\/baubauwall.com\/et\/toode\/pilttapeet-pohjamaine-loodus-roheline\/#primaryimage"},"thumbnailUrl":"https:\/\/baubauwall.com\/wp-content\/uploads\/2026\/04\/Mural_Wallpaper_Nordic-Nature-Green-Baubauwall_51200561-4.jpg","datePublished":"2026-04-23T13:04:06+00:00","dateModified":"2026-04-24T08:23:18+00:00","description":"Roheline ilus tapeet \u00fcdini P\u00f5hjamaises stiilis, metsloomade ja p\u00f5hjamaise looduse motiividega. Ideaalne lastetuppa v\u00f5i mujala, valmib sinu seina m\u00f5\u00f5dus!","breadcrumb":{"@id":"https:\/\/baubauwall.com\/et\/toode\/pilttapeet-pohjamaine-loodus-roheline\/#breadcrumb"},"inLanguage":"et","potentialAction":[{"@type":"ReadAction","target":["https:\/\/baubauwall.com\/et\/toode\/pilttapeet-pohjamaine-loodus-roheline\/"]}]},{"@type":"ImageObject","inLanguage":"et","@id":"https:\/\/baubauwall.com\/et\/toode\/pilttapeet-pohjamaine-loodus-roheline\/#primaryimage","url":"https:\/\/baubauwall.com\/wp-content\/uploads\/2026\/04\/Mural_Wallpaper_Nordic-Nature-Green-Baubauwall_51200561-4.jpg","contentUrl":"https:\/\/baubauwall.com\/wp-content\/uploads\/2026\/04\/Mural_Wallpaper_Nordic-Nature-Green-Baubauwall_51200561-4.jpg","width":1600,"height":1600},{"@type":"BreadcrumbList","@id":"https:\/\/baubauwall.com\/et\/toode\/pilttapeet-pohjamaine-loodus-roheline\/#breadcrumb","itemListElement":[{"@type":"ListItem","position":1,"name":"Koju","item":"https:\/\/baubauwall.com\/et\/"},{"@type":"ListItem","position":2,"name":"Tapeedid","item":"https:\/\/baubauwall.com\/et\/tapeedid\/"},{"@type":"ListItem","position":3,"name":"P\u00f5hjamaine loodus &#8211; roheline"}]},{"@type":"WebSite","@id":"https:\/\/baubauwall.com\/et\/#website","url":"https:\/\/baubauwall.com\/et\/","name":"BAUBAUWALL Wallpapers","description":"Valmis paanides tapeet Eestist!","publisher":{"@id":"https:\/\/baubauwall.com\/et\/#organization"},"potentialAction":[{"@type":"SearchAction","target":{"@type":"EntryPoint","urlTemplate":"https:\/\/baubauwall.com\/et\/?s={search_term_string}"},"query-input":{"@type":"PropertyValueSpecification","valueRequired":true,"valueName":"search_term_string"}}],"inLanguage":"et"},{"@type":"Organization","@id":"https:\/\/baubauwall.com\/et\/#organization","name":"BAUBAUWALL Wallpapers","url":"https:\/\/baubauwall.com\/et\/","logo":{"@type":"ImageObject","inLanguage":"et","@id":"https:\/\/baubauwall.com\/et\/#\/schema\/logo\/image\/","url":"https:\/\/baubauwall.com\/wp-content\/uploads\/2022\/03\/logo-horizontal.svg","contentUrl":"https:\/\/baubauwall.com\/wp-content\/uploads\/2022\/03\/logo-horizontal.svg","width":"1024","height":"1024","caption":"BAUBAUWALL Wallpapers"},"image":{"@id":"https:\/\/baubauwall.com\/et\/#\/schema\/logo\/image\/"},"sameAs":["https:\/\/www.facebook.com\/Baubauwall","https:\/\/www.instagram.com\/baubauwall"]}]}},"jetpack_sharing_enabled":true,"_links":{"self":[{"href":"https:\/\/baubauwall.com\/et\/wp-json\/wp\/v2\/product\/48155","targetHints":{"allow":["GET"]}}],"collection":[{"href":"https:\/\/baubauwall.com\/et\/wp-json\/wp\/v2\/product"}],"about":[{"href":"https:\/\/baubauwall.com\/et\/wp-json\/wp\/v2\/types\/product"}],"replies":[{"embeddable":true,"href":"https:\/\/baubauwall.com\/et\/wp-json\/wp\/v2\/comments?post=48155"}],"wp:featuredmedia":[{"embeddable":true,"href":"https:\/\/baubauwall.com\/et\/wp-json\/wp\/v2\/media\/48163"}],"wp:attachment":[{"href":"https:\/\/baubauwall.com\/et\/wp-json\/wp\/v2\/media?parent=48155"}],"wp:term":[{"taxonomy":"product_brand","embeddable":true,"href":"https:\/\/baubauwall.com\/et\/wp-json\/wp\/v2\/product_brand?post=48155"},{"taxonomy":"product_cat","embeddable":true,"href":"https:\/\/baubauwall.com\/et\/wp-json\/wp\/v2\/product_cat?post=48155"},{"taxonomy":"product_tag","embeddable":true,"href":"https:\/\/baubauwall.com\/et\/wp-json\/wp\/v2\/product_tag?post=48155"}],"curies":[{"name":"wp","href":"https:\/\/api.w.org\/{rel}","templated":true}]}}