{"id":48171,"date":"2026-04-23T15:22:10","date_gmt":"2026-04-23T13:22:10","guid":{"rendered":"https:\/\/baubauwall.com\/?post_type=product&#038;p=48171"},"modified":"2026-04-24T09:40:33","modified_gmt":"2026-04-24T07:40:33","slug":"lastetoa-tapeet-pohjamaine-loodus-roosa","status":"publish","type":"product","link":"https:\/\/baubauwall.com\/et\/toode\/lastetoa-tapeet-pohjamaine-loodus-roosa\/","title":{"rendered":"P\u00f5hjamaine loodus &#8211; roosa"},"content":{"rendered":"<p data-start=\"304\" data-end=\"526\">See roosa p\u00f5hjamaine tapeet toob interj\u00f6\u00f6ri pehme metsamaailma. Puude, okste ja metsloomadega kujundus on detailne, aga \u00fcldse mitte kirju. T\u00e4nu sellele j\u00e4\u00e4b \u00fcldmulje rahulik ja tasakaalus. Roosat tapeeti on m\u00f5nus vaadata iga p\u00e4ev.<\/p>\n<p data-start=\"528\" data-end=\"760\">P\u00f5hjamaises stiilis tapeet sobib eriti h\u00e4sti lastetuppa, beebituppa v\u00f5i m\u00e4ngunurka. Samas ei ole tapeet liiga titekas. Seep\u00e4rast v\u00f5ib see tapeet lapsega kenasti kaasa kasvada ja sobida ka veidi vanema lapse tuppa.<\/p>\n<p data-start=\"762\" data-end=\"1022\">Kujunduses on midagi p\u00f5hjamaist ja tuttavat. Metsloomad, puud ja looklevad rajad loovad m\u00f5nusa terviku. Tapeet jutustab justkui v\u00e4ikest lugu, kuid j\u00e4tab ruumi ka fantaasiale. Hea valik tuppa, kus v\u00f5iks olla korraga nii rahu kui ka natuke avastamisr\u00f5\u00f5mu.<\/p>\n<p data-start=\"1024\" data-end=\"1210\">Pastelne roosa tapeet sobib h\u00e4sti heleda puidu, valge m\u00f6\u00f6bli, bee\u017eide tekstiilide ja teiste pehmete toonidega. Kui soovid lastetuppa hubast ja \u00f5rna ilmet, on see v\u00e4ga ilus valik.<\/p>\n<h5><strong>Miks valida tapeet Baubauwallist? <\/strong><\/h5>\n<p>Sest me teeme tapeedi valimise, ostmise ja paigalduse lihtsaks.<\/p>\n<ul>\n<li>Eesti ettev\u00f5te, kohalik tootmine<\/li>\n<li>Tr\u00fckime t\u00e4pselt Sinu seina m\u00f5\u00f5dus tapeedi<\/li>\n<li>Just nii pikad tapeedipaanid, kui on Sinu sein<\/li>\n<li>Premium, matt fliistapeedi materjal, 100% taaskasutatud kiust<\/li>\n<li>M\u00fcrgivabad tr\u00fckiv\u00e4rvid, Greenguard sertifitseeritud<\/li>\n<li>Keskkonnas\u00f5bralik, j\u00e4\u00e4tmevaba tapeetimine<\/li>\n<li>Tasuta tapeediliim<\/li>\n<li>Tasuta transport ja kiire tarne 5 t\u00f6\u00f6p\u00e4evaga<\/li>\n<\/ul>\n<h5>Vajaksid veel ideid sisustamiseks?<\/h5>\n<p><a href=\"https:\/\/baubauwall.com\/et\/ideed\/let-the-homes-do-the-talking\/\" target=\"_blank\" rel=\"noopener\">Piilu meie tehtud t\u00f6\u00f6de galeriisse<\/a> ja n\u00e4ppa m\u00f5ni hea (tapeedi)idee!<\/p>\n","protected":false},"excerpt":{"rendered":"<p>See roosa p\u00f5hjamaine tapeet toob interj\u00f6\u00f6ri pehme metsamaailma. Puude, okste ja metsloomadega kujundus on detailne, aga \u00fcldse mitte kirju. T\u00e4nu sellele j\u00e4\u00e4b \u00fcldmulje rahulik ja tasakaalus. Roosat tapeeti on m\u00f5nus vaadata iga p\u00e4ev. P\u00f5hjamaises stiilis tapeet sobib eriti h\u00e4sti lastetuppa, beebituppa v\u00f5i m\u00e4ngunurka. Samas ei ole tapeet liiga titekas. Seep\u00e4rast v\u00f5ib see tapeet lapsega kenasti [&hellip;]<\/p>\n","protected":false},"featured_media":48179,"comment_status":"open","ping_status":"closed","template":"","meta":{"_acf_changed":false,"inline_featured_image":false},"product_brand":[],"product_cat":[634,387,395,396,273,276,278,400,244,245,248,255],"product_tag":[635,345,324],"class_list":{"0":"post-48171","1":"product","2":"type-product","3":"status-publish","4":"has-post-thumbnail","6":"product_cat-oliver-robbins-tapeedid","7":"product_cat-pilttapeedid","8":"product_cat-romantiline","9":"product_cat-skandinaavia","10":"product_cat-heledad-tapeedid","11":"product_cat-pastelsed-tapeedid","12":"product_cat-roosad-tapeedid","13":"product_cat-lastetoa-tapeedid","14":"product_cat-merendus","15":"product_cat-maastik","16":"product_cat-mets","17":"product_cat-loomad","18":"product_tag-oliver-robbins-tapeedid","19":"product_tag-pilttapeet","20":"product_tag-tudruku-tuba","22":"first","23":"instock","24":"taxable","25":"shipping-taxable","26":"purchasable","27":"product-type-simple"},"acf":[],"yoast_head":"<!-- This site is optimized with the Yoast SEO plugin v25.9 - https:\/\/yoast.com\/wordpress\/plugins\/seo\/ -->\n<title>Roosa P\u00f5hjamaine tapeet | P\u00f5hjamaine loodus - roosa - BAUBAUWALL TAPEEDID<\/title>\n<meta name=\"description\" content=\"Sumedalt roosa, P\u00f5hjamaine tapeet metsloomade ja \u00f5rnade loodusdetailidega. Valmistatud sinu seina m\u00f5\u00f5du j\u00e4rgi ja lihtsasti paigaldatav tapeet\" \/>\n<meta name=\"robots\" content=\"index, follow, max-snippet:-1, max-image-preview:large, max-video-preview:-1\" \/>\n<link rel=\"canonical\" href=\"https:\/\/baubauwall.com\/et\/toode\/lastetoa-tapeet-pohjamaine-loodus-roosa\/\" \/>\n<meta property=\"og:locale\" content=\"et_EE\" \/>\n<meta property=\"og:type\" content=\"article\" \/>\n<meta property=\"og:title\" content=\"BAUBAUWALL TAPEEDID\" \/>\n<meta property=\"og:description\" content=\"Sumedalt roosa, P\u00f5hjamaine tapeet metsloomade ja \u00f5rnade loodusdetailidega. Valmistatud sinu seina m\u00f5\u00f5du j\u00e4rgi ja lihtsasti paigaldatav tapeet\" \/>\n<meta property=\"og:url\" content=\"https:\/\/baubauwall.com\/et\/toode\/lastetoa-tapeet-pohjamaine-loodus-roosa\/\" \/>\n<meta property=\"og:site_name\" content=\"BAUBAUWALL TAPEEDID\" \/>\n<meta property=\"article:publisher\" content=\"https:\/\/www.facebook.com\/Baubauwall\" \/>\n<meta property=\"article:modified_time\" content=\"2026-04-24T07:40:33+00:00\" \/>\n<meta property=\"og:image\" content=\"https:\/\/baubauwall.com\/wp-content\/uploads\/2026\/04\/Girls_Room_Pink_Wallpaper-Mural_Nordic-Nature_51200562-Baubauwall-4-scaled.jpg\" \/>\n\t<meta property=\"og:image:width\" content=\"2560\" \/>\n\t<meta property=\"og:image:height\" content=\"1379\" \/>\n\t<meta property=\"og:image:type\" content=\"image\/jpeg\" \/>\n<meta name=\"twitter:card\" content=\"summary_large_image\" \/>\n<meta name=\"twitter:label1\" content=\"Est. reading time\" \/>\n\t<meta name=\"twitter:data1\" content=\"2 minutit\" \/>\n<script type=\"application\/ld+json\" class=\"yoast-schema-graph\">{\"@context\":\"https:\/\/schema.org\",\"@graph\":[{\"@type\":\"WebPage\",\"@id\":\"https:\/\/baubauwall.com\/et\/toode\/lastetoa-tapeet-pohjamaine-loodus-roosa\/\",\"url\":\"https:\/\/baubauwall.com\/et\/toode\/lastetoa-tapeet-pohjamaine-loodus-roosa\/\",\"name\":\"Roosa P\u00f5hjamaine tapeet | P\u00f5hjamaine loodus - roosa - BAUBAUWALL TAPEEDID\",\"isPartOf\":{\"@id\":\"https:\/\/baubauwall.com\/et\/#website\"},\"primaryImageOfPage\":{\"@id\":\"https:\/\/baubauwall.com\/et\/toode\/lastetoa-tapeet-pohjamaine-loodus-roosa\/#primaryimage\"},\"image\":{\"@id\":\"https:\/\/baubauwall.com\/et\/toode\/lastetoa-tapeet-pohjamaine-loodus-roosa\/#primaryimage\"},\"thumbnailUrl\":\"https:\/\/baubauwall.com\/wp-content\/uploads\/2026\/04\/Girls_Room_Pink_Wallpaper-Mural_Nordic-Nature_51200562-Baubauwall-2.jpg\",\"datePublished\":\"2026-04-23T13:22:10+00:00\",\"dateModified\":\"2026-04-24T07:40:33+00:00\",\"description\":\"Sumedalt roosa, P\u00f5hjamaine tapeet metsloomade ja \u00f5rnade loodusdetailidega. Valmistatud sinu seina m\u00f5\u00f5du j\u00e4rgi ja lihtsasti paigaldatav tapeet\",\"breadcrumb\":{\"@id\":\"https:\/\/baubauwall.com\/et\/toode\/lastetoa-tapeet-pohjamaine-loodus-roosa\/#breadcrumb\"},\"inLanguage\":\"et\",\"potentialAction\":[{\"@type\":\"ReadAction\",\"target\":[\"https:\/\/baubauwall.com\/et\/toode\/lastetoa-tapeet-pohjamaine-loodus-roosa\/\"]}]},{\"@type\":\"ImageObject\",\"inLanguage\":\"et\",\"@id\":\"https:\/\/baubauwall.com\/et\/toode\/lastetoa-tapeet-pohjamaine-loodus-roosa\/#primaryimage\",\"url\":\"https:\/\/baubauwall.com\/wp-content\/uploads\/2026\/04\/Girls_Room_Pink_Wallpaper-Mural_Nordic-Nature_51200562-Baubauwall-2.jpg\",\"contentUrl\":\"https:\/\/baubauwall.com\/wp-content\/uploads\/2026\/04\/Girls_Room_Pink_Wallpaper-Mural_Nordic-Nature_51200562-Baubauwall-2.jpg\",\"width\":1143,\"height\":1600,\"caption\":\"Nordic Nature - Pink is a romantic pink wallpaper with delicate trees, forest animals and a soft Nordic landscape. A gentle choice for a nursery, girl\u2019s room, playroom or cosy reading corner. Baubauwall Tapeedid\"},{\"@type\":\"BreadcrumbList\",\"@id\":\"https:\/\/baubauwall.com\/et\/toode\/lastetoa-tapeet-pohjamaine-loodus-roosa\/#breadcrumb\",\"itemListElement\":[{\"@type\":\"ListItem\",\"position\":1,\"name\":\"Koju\",\"item\":\"https:\/\/baubauwall.com\/et\/\"},{\"@type\":\"ListItem\",\"position\":2,\"name\":\"Tapeedid\",\"item\":\"https:\/\/baubauwall.com\/et\/tapeedid\/\"},{\"@type\":\"ListItem\",\"position\":3,\"name\":\"P\u00f5hjamaine loodus &#8211; roosa\"}]},{\"@type\":\"WebSite\",\"@id\":\"https:\/\/baubauwall.com\/et\/#website\",\"url\":\"https:\/\/baubauwall.com\/et\/\",\"name\":\"BAUBAUWALL Wallpapers\",\"description\":\"Valmis paanides tapeet Eestist!\",\"publisher\":{\"@id\":\"https:\/\/baubauwall.com\/et\/#organization\"},\"potentialAction\":[{\"@type\":\"SearchAction\",\"target\":{\"@type\":\"EntryPoint\",\"urlTemplate\":\"https:\/\/baubauwall.com\/et\/?s={search_term_string}\"},\"query-input\":{\"@type\":\"PropertyValueSpecification\",\"valueRequired\":true,\"valueName\":\"search_term_string\"}}],\"inLanguage\":\"et\"},{\"@type\":\"Organization\",\"@id\":\"https:\/\/baubauwall.com\/et\/#organization\",\"name\":\"BAUBAUWALL Wallpapers\",\"url\":\"https:\/\/baubauwall.com\/et\/\",\"logo\":{\"@type\":\"ImageObject\",\"inLanguage\":\"et\",\"@id\":\"https:\/\/baubauwall.com\/et\/#\/schema\/logo\/image\/\",\"url\":\"https:\/\/baubauwall.com\/wp-content\/uploads\/2022\/03\/logo-horizontal.svg\",\"contentUrl\":\"https:\/\/baubauwall.com\/wp-content\/uploads\/2022\/03\/logo-horizontal.svg\",\"width\":\"1024\",\"height\":\"1024\",\"caption\":\"BAUBAUWALL Wallpapers\"},\"image\":{\"@id\":\"https:\/\/baubauwall.com\/et\/#\/schema\/logo\/image\/\"},\"sameAs\":[\"https:\/\/www.facebook.com\/Baubauwall\",\"https:\/\/www.instagram.com\/baubauwall\"]}]}<\/script>\n<!-- \/ Yoast SEO plugin. -->","yoast_head_json":{"title":"Roosa P\u00f5hjamaine tapeet | P\u00f5hjamaine loodus - roosa - BAUBAUWALL TAPEEDID","description":"Sumedalt roosa, P\u00f5hjamaine tapeet metsloomade ja \u00f5rnade loodusdetailidega. Valmistatud sinu seina m\u00f5\u00f5du j\u00e4rgi ja lihtsasti paigaldatav tapeet","robots":{"index":"index","follow":"follow","max-snippet":"max-snippet:-1","max-image-preview":"max-image-preview:large","max-video-preview":"max-video-preview:-1"},"canonical":"https:\/\/baubauwall.com\/et\/toode\/lastetoa-tapeet-pohjamaine-loodus-roosa\/","og_locale":"et_EE","og_type":"article","og_title":"BAUBAUWALL TAPEEDID","og_description":"Sumedalt roosa, P\u00f5hjamaine tapeet metsloomade ja \u00f5rnade loodusdetailidega. Valmistatud sinu seina m\u00f5\u00f5du j\u00e4rgi ja lihtsasti paigaldatav tapeet","og_url":"https:\/\/baubauwall.com\/et\/toode\/lastetoa-tapeet-pohjamaine-loodus-roosa\/","og_site_name":"BAUBAUWALL TAPEEDID","article_publisher":"https:\/\/www.facebook.com\/Baubauwall","article_modified_time":"2026-04-24T07:40:33+00:00","og_image":[{"width":2560,"height":1379,"url":"https:\/\/baubauwall.com\/wp-content\/uploads\/2026\/04\/Girls_Room_Pink_Wallpaper-Mural_Nordic-Nature_51200562-Baubauwall-4-scaled.jpg","type":"image\/jpeg"}],"twitter_card":"summary_large_image","twitter_misc":{"Est. reading time":"2 minutit"},"schema":{"@context":"https:\/\/schema.org","@graph":[{"@type":"WebPage","@id":"https:\/\/baubauwall.com\/et\/toode\/lastetoa-tapeet-pohjamaine-loodus-roosa\/","url":"https:\/\/baubauwall.com\/et\/toode\/lastetoa-tapeet-pohjamaine-loodus-roosa\/","name":"Roosa P\u00f5hjamaine tapeet | P\u00f5hjamaine loodus - roosa - BAUBAUWALL TAPEEDID","isPartOf":{"@id":"https:\/\/baubauwall.com\/et\/#website"},"primaryImageOfPage":{"@id":"https:\/\/baubauwall.com\/et\/toode\/lastetoa-tapeet-pohjamaine-loodus-roosa\/#primaryimage"},"image":{"@id":"https:\/\/baubauwall.com\/et\/toode\/lastetoa-tapeet-pohjamaine-loodus-roosa\/#primaryimage"},"thumbnailUrl":"https:\/\/baubauwall.com\/wp-content\/uploads\/2026\/04\/Girls_Room_Pink_Wallpaper-Mural_Nordic-Nature_51200562-Baubauwall-2.jpg","datePublished":"2026-04-23T13:22:10+00:00","dateModified":"2026-04-24T07:40:33+00:00","description":"Sumedalt roosa, P\u00f5hjamaine tapeet metsloomade ja \u00f5rnade loodusdetailidega. Valmistatud sinu seina m\u00f5\u00f5du j\u00e4rgi ja lihtsasti paigaldatav tapeet","breadcrumb":{"@id":"https:\/\/baubauwall.com\/et\/toode\/lastetoa-tapeet-pohjamaine-loodus-roosa\/#breadcrumb"},"inLanguage":"et","potentialAction":[{"@type":"ReadAction","target":["https:\/\/baubauwall.com\/et\/toode\/lastetoa-tapeet-pohjamaine-loodus-roosa\/"]}]},{"@type":"ImageObject","inLanguage":"et","@id":"https:\/\/baubauwall.com\/et\/toode\/lastetoa-tapeet-pohjamaine-loodus-roosa\/#primaryimage","url":"https:\/\/baubauwall.com\/wp-content\/uploads\/2026\/04\/Girls_Room_Pink_Wallpaper-Mural_Nordic-Nature_51200562-Baubauwall-2.jpg","contentUrl":"https:\/\/baubauwall.com\/wp-content\/uploads\/2026\/04\/Girls_Room_Pink_Wallpaper-Mural_Nordic-Nature_51200562-Baubauwall-2.jpg","width":1143,"height":1600,"caption":"Nordic Nature - Pink is a romantic pink wallpaper with delicate trees, forest animals and a soft Nordic landscape. A gentle choice for a nursery, girl\u2019s room, playroom or cosy reading corner. Baubauwall Tapeedid"},{"@type":"BreadcrumbList","@id":"https:\/\/baubauwall.com\/et\/toode\/lastetoa-tapeet-pohjamaine-loodus-roosa\/#breadcrumb","itemListElement":[{"@type":"ListItem","position":1,"name":"Koju","item":"https:\/\/baubauwall.com\/et\/"},{"@type":"ListItem","position":2,"name":"Tapeedid","item":"https:\/\/baubauwall.com\/et\/tapeedid\/"},{"@type":"ListItem","position":3,"name":"P\u00f5hjamaine loodus &#8211; roosa"}]},{"@type":"WebSite","@id":"https:\/\/baubauwall.com\/et\/#website","url":"https:\/\/baubauwall.com\/et\/","name":"BAUBAUWALL Wallpapers","description":"Valmis paanides tapeet Eestist!","publisher":{"@id":"https:\/\/baubauwall.com\/et\/#organization"},"potentialAction":[{"@type":"SearchAction","target":{"@type":"EntryPoint","urlTemplate":"https:\/\/baubauwall.com\/et\/?s={search_term_string}"},"query-input":{"@type":"PropertyValueSpecification","valueRequired":true,"valueName":"search_term_string"}}],"inLanguage":"et"},{"@type":"Organization","@id":"https:\/\/baubauwall.com\/et\/#organization","name":"BAUBAUWALL Wallpapers","url":"https:\/\/baubauwall.com\/et\/","logo":{"@type":"ImageObject","inLanguage":"et","@id":"https:\/\/baubauwall.com\/et\/#\/schema\/logo\/image\/","url":"https:\/\/baubauwall.com\/wp-content\/uploads\/2022\/03\/logo-horizontal.svg","contentUrl":"https:\/\/baubauwall.com\/wp-content\/uploads\/2022\/03\/logo-horizontal.svg","width":"1024","height":"1024","caption":"BAUBAUWALL Wallpapers"},"image":{"@id":"https:\/\/baubauwall.com\/et\/#\/schema\/logo\/image\/"},"sameAs":["https:\/\/www.facebook.com\/Baubauwall","https:\/\/www.instagram.com\/baubauwall"]}]}},"jetpack_sharing_enabled":true,"_links":{"self":[{"href":"https:\/\/baubauwall.com\/et\/wp-json\/wp\/v2\/product\/48171","targetHints":{"allow":["GET"]}}],"collection":[{"href":"https:\/\/baubauwall.com\/et\/wp-json\/wp\/v2\/product"}],"about":[{"href":"https:\/\/baubauwall.com\/et\/wp-json\/wp\/v2\/types\/product"}],"replies":[{"embeddable":true,"href":"https:\/\/baubauwall.com\/et\/wp-json\/wp\/v2\/comments?post=48171"}],"wp:featuredmedia":[{"embeddable":true,"href":"https:\/\/baubauwall.com\/et\/wp-json\/wp\/v2\/media\/48179"}],"wp:attachment":[{"href":"https:\/\/baubauwall.com\/et\/wp-json\/wp\/v2\/media?parent=48171"}],"wp:term":[{"taxonomy":"product_brand","embeddable":true,"href":"https:\/\/baubauwall.com\/et\/wp-json\/wp\/v2\/product_brand?post=48171"},{"taxonomy":"product_cat","embeddable":true,"href":"https:\/\/baubauwall.com\/et\/wp-json\/wp\/v2\/product_cat?post=48171"},{"taxonomy":"product_tag","embeddable":true,"href":"https:\/\/baubauwall.com\/et\/wp-json\/wp\/v2\/product_tag?post=48171"}],"curies":[{"name":"wp","href":"https:\/\/api.w.org\/{rel}","templated":true}]}}