{"id":48209,"date":"2026-04-23T11:15:14","date_gmt":"2026-04-23T09:15:14","guid":{"rendered":"https:\/\/baubauwall.com\/product\/kids-mural-wallpaper-starry-pond\/"},"modified":"2026-04-24T09:33:48","modified_gmt":"2026-04-24T07:33:48","slug":"lastetoa-pilttapeet-vesirooside-tiik","status":"publish","type":"product","link":"https:\/\/baubauwall.com\/et\/toode\/lastetoa-pilttapeet-vesirooside-tiik\/","title":{"rendered":"Lastetoa tapeet Vesirooside tiik"},"content":{"rendered":"<section id=\"productInfoSection\">\n<div class=\"container product-info\">\n<div class=\"row w-75 mx-auto\">\n<div class=\"col-md-12\">\n<p data-start=\"43\" data-end=\"338\">Vesirooside tiik on armas ja rahulik beebitoa pilttapeet, kus v\u00e4ike karu ja j\u00e4nes seiklevad pehmes akvarellimaailmas. Suured vesiroosilehed, \u00f5rnad valged \u00f5ied, k\u00f5rkjad ja soojalt helendavad t\u00e4hekesed loovad toa seinale muinasjutulise vaate, mis m\u00f5jub \u00f5rnal ja helgelt.<\/p>\n<p data-start=\"340\" data-end=\"760\">See tapeet sobib eriti h\u00e4sti beebituppa, kus tahaksid veidi unistuslikku interj\u00f6\u00f6ri luua. Toonid on loodusl\u00e4hedased ja rahulikud: roheline, helehall, kreemikas valge ning v\u00e4ikesed soojad oran\u017eid t\u00e4hed. Need v\u00e4rvid ei hakka toas liigselt domineerima, kuid annavad seinale piisavalt lugu ja m\u00e4ngulisust. Just selline tapeet, mille ees saab \u00f5htuti lugeda unejuttu ja hommikul hakata otsima, kuhu v\u00e4ikesed t\u00e4hed end peitnud on.<\/p>\n<p data-start=\"762\" data-end=\"1076\">Vesirooside tiik pilttapeet sobib h\u00e4stu h\u00e4sti v\u00f5revoodi taha v\u00f5i lihtsalt \u00fche seina pilkup\u00fc\u00fcdjaks. See sobib kokku heleda puidu, valge m\u00f6\u00f6bli, punutud korvide, linaste tekstiilide ja pehmete roheliste detailidega. Kujundus on lastetoa jaoks armas, kuid mitte \u00fcleliia titekas, seega v\u00f5ib see lapsega m\u00f5nusalt kaasa kasvada.<\/p>\n<\/div>\n<\/div>\n<\/div>\n<\/section>\n<section id=\"productContentSection\">\n<div class=\"container\">\n<div class=\"row w-75 mx-auto\">\n<div class=\"col-md-12\">\n<h5><strong>Miks valida tapeet Baubauwallist?<\/strong><\/h5>\n<p>Sest me teeme tapeedi valimise, ostmise ja paigalduse lihtsaks.<\/p>\n<ul>\n<li>Eesti ettev\u00f5te, kohalik tootmine<\/li>\n<li>Tr\u00fckime t\u00e4pselt Sinu seina m\u00f5\u00f5dus tapeedi<\/li>\n<li>Just nii pikad tapeedipaanid, kui on Sinu sein<\/li>\n<li>Premium, matt fliistapeedi materjal, 100% taaskasutatud kiust<\/li>\n<li>M\u00fcrgivabad tr\u00fckiv\u00e4rvid, Greenguard sertifitseeritud<\/li>\n<li>Keskkonnas\u00f5bralik, j\u00e4\u00e4tmevaba tapeetimine<\/li>\n<li>Tasuta tapeediliim<\/li>\n<li>Tasuta transport ja kiire tarne 5 t\u00f6\u00f6p\u00e4evaga<\/li>\n<\/ul>\n<h5>Vajaksid veel ideid sisustamiseks?<\/h5>\n<p><a href=\"https:\/\/baubauwall.com\/et\/ideed\/let-the-homes-do-the-talking\/\" target=\"_blank\" rel=\"noopener\">Piilu meie tehtud t\u00f6\u00f6de galeriisse<\/a>\u00a0ja n\u00e4ppa m\u00f5ni hea (tapeedi)idee!<\/p>\n<\/div>\n<\/div>\n<\/div>\n<\/section>\n","protected":false},"excerpt":{"rendered":"<p>Vesirooside tiik on \u00f5rn beebitoa pilttapeet akvarellstiilis tiigimaastiku, vesirooside, v\u00e4ikese karu, j\u00e4nese ja soojalt helendavate t\u00e4hekestega. Rahulik ja muinasjutuline valik beebituppa, v\u00e4ikelapse tuppa v\u00f5i m\u00e4ngunurka.<\/p>\n","protected":false},"featured_media":48216,"comment_status":"open","ping_status":"closed","template":"","meta":{"_acf_changed":false,"inline_featured_image":false},"product_brand":[],"product_cat":[634,387,271,400,253,254,255],"product_tag":[635,345,724,324],"class_list":{"0":"post-48209","1":"product","2":"type-product","3":"status-publish","4":"has-post-thumbnail","6":"product_cat-oliver-robbins-tapeedid","7":"product_cat-pilttapeedid","8":"product_cat-rohelised-tapeedid","9":"product_cat-lastetoa-tapeedid","10":"product_cat-joed-jarved","11":"product_cat-loodus","12":"product_cat-loomad","13":"product_tag-oliver-robbins-tapeedid","14":"product_tag-pilttapeet","15":"product_tag-sooneutraalsed-varvid-et","16":"product_tag-tudruku-tuba","18":"first","19":"instock","20":"taxable","21":"shipping-taxable","22":"purchasable","23":"product-type-simple"},"acf":[],"yoast_head":"<!-- This site is optimized with the Yoast SEO plugin v25.9 - https:\/\/yoast.com\/wordpress\/plugins\/seo\/ -->\n<title>Beebitoa tapeet | Lastetoa tapeet Vesirooside tiik - BAUBAUWALL TAPEEDID<\/title>\n<meta name=\"description\" content=\"Beebitoa pilttapeet Vesirooside tiik rohelistes toonides. Imearmas tapeedivalik, mis sobib nii beebile kui hulga suuremale lapsele tuppa meeleolu looma!\" \/>\n<meta name=\"robots\" content=\"index, follow, max-snippet:-1, max-image-preview:large, max-video-preview:-1\" \/>\n<link rel=\"canonical\" href=\"https:\/\/baubauwall.com\/et\/toode\/lastetoa-pilttapeet-vesirooside-tiik\/\" \/>\n<meta property=\"og:locale\" content=\"et_EE\" \/>\n<meta property=\"og:type\" content=\"article\" \/>\n<meta property=\"og:title\" content=\"%\" \/>\n<meta property=\"og:description\" content=\"Beebitoa pilttapeet Vesirooside tiik rohelistes toonides. Imearmas tapeedivalik, mis sobib nii beebile kui hulga suuremale lapsele tuppa meeleolu looma!\" \/>\n<meta property=\"og:url\" content=\"https:\/\/baubauwall.com\/et\/toode\/lastetoa-pilttapeet-vesirooside-tiik\/\" \/>\n<meta property=\"og:site_name\" content=\"BAUBAUWALL TAPEEDID\" \/>\n<meta property=\"article:publisher\" content=\"https:\/\/www.facebook.com\/Baubauwall\" \/>\n<meta property=\"article:modified_time\" content=\"2026-04-24T07:33:48+00:00\" \/>\n<meta property=\"og:image\" content=\"https:\/\/baubauwall.com\/wp-content\/uploads\/2025\/10\/Children_Wallpaper_Mural_Starry_Pond_Baubauwall_51200566-4.jpg\" \/>\n\t<meta property=\"og:image:width\" content=\"2400\" \/>\n\t<meta property=\"og:image:height\" content=\"1600\" \/>\n\t<meta property=\"og:image:type\" content=\"image\/jpeg\" \/>\n<meta name=\"twitter:card\" content=\"summary_large_image\" \/>\n<meta name=\"twitter:label1\" content=\"Est. reading time\" \/>\n\t<meta name=\"twitter:data1\" content=\"2 minutit\" \/>\n<script type=\"application\/ld+json\" class=\"yoast-schema-graph\">{\"@context\":\"https:\/\/schema.org\",\"@graph\":[{\"@type\":\"WebPage\",\"@id\":\"https:\/\/baubauwall.com\/et\/toode\/lastetoa-pilttapeet-vesirooside-tiik\/\",\"url\":\"https:\/\/baubauwall.com\/et\/toode\/lastetoa-pilttapeet-vesirooside-tiik\/\",\"name\":\"Beebitoa tapeet | Lastetoa tapeet Vesirooside tiik - BAUBAUWALL TAPEEDID\",\"isPartOf\":{\"@id\":\"https:\/\/baubauwall.com\/et\/#website\"},\"primaryImageOfPage\":{\"@id\":\"https:\/\/baubauwall.com\/et\/toode\/lastetoa-pilttapeet-vesirooside-tiik\/#primaryimage\"},\"image\":{\"@id\":\"https:\/\/baubauwall.com\/et\/toode\/lastetoa-pilttapeet-vesirooside-tiik\/#primaryimage\"},\"thumbnailUrl\":\"https:\/\/baubauwall.com\/wp-content\/uploads\/2025\/10\/Children_Wallpaper_Mural_Starry_Pond_Baubauwall_51200566-3.jpg\",\"datePublished\":\"2026-04-23T09:15:14+00:00\",\"dateModified\":\"2026-04-24T07:33:48+00:00\",\"description\":\"Beebitoa pilttapeet Vesirooside tiik rohelistes toonides. Imearmas tapeedivalik, mis sobib nii beebile kui hulga suuremale lapsele tuppa meeleolu looma!\",\"breadcrumb\":{\"@id\":\"https:\/\/baubauwall.com\/et\/toode\/lastetoa-pilttapeet-vesirooside-tiik\/#breadcrumb\"},\"inLanguage\":\"et\",\"potentialAction\":[{\"@type\":\"ReadAction\",\"target\":[\"https:\/\/baubauwall.com\/et\/toode\/lastetoa-pilttapeet-vesirooside-tiik\/\"]}]},{\"@type\":\"ImageObject\",\"inLanguage\":\"et\",\"@id\":\"https:\/\/baubauwall.com\/et\/toode\/lastetoa-pilttapeet-vesirooside-tiik\/#primaryimage\",\"url\":\"https:\/\/baubauwall.com\/wp-content\/uploads\/2025\/10\/Children_Wallpaper_Mural_Starry_Pond_Baubauwall_51200566-3.jpg\",\"contentUrl\":\"https:\/\/baubauwall.com\/wp-content\/uploads\/2025\/10\/Children_Wallpaper_Mural_Starry_Pond_Baubauwall_51200566-3.jpg\",\"width\":1200,\"height\":1600,\"caption\":\"Roheline pilttapeet beebile v\u00f5i lastetuppa. Tapeet, ms sobib nii t\u00fcdrukule kui poisile. Baubauwall tapeedid\"},{\"@type\":\"BreadcrumbList\",\"@id\":\"https:\/\/baubauwall.com\/et\/toode\/lastetoa-pilttapeet-vesirooside-tiik\/#breadcrumb\",\"itemListElement\":[{\"@type\":\"ListItem\",\"position\":1,\"name\":\"Koju\",\"item\":\"https:\/\/baubauwall.com\/et\/\"},{\"@type\":\"ListItem\",\"position\":2,\"name\":\"Tapeedid\",\"item\":\"https:\/\/baubauwall.com\/et\/tapeedid\/\"},{\"@type\":\"ListItem\",\"position\":3,\"name\":\"Lastetoa tapeet Vesirooside tiik\"}]},{\"@type\":\"WebSite\",\"@id\":\"https:\/\/baubauwall.com\/et\/#website\",\"url\":\"https:\/\/baubauwall.com\/et\/\",\"name\":\"BAUBAUWALL Wallpapers\",\"description\":\"Valmis paanides tapeet Eestist!\",\"publisher\":{\"@id\":\"https:\/\/baubauwall.com\/et\/#organization\"},\"potentialAction\":[{\"@type\":\"SearchAction\",\"target\":{\"@type\":\"EntryPoint\",\"urlTemplate\":\"https:\/\/baubauwall.com\/et\/?s={search_term_string}\"},\"query-input\":{\"@type\":\"PropertyValueSpecification\",\"valueRequired\":true,\"valueName\":\"search_term_string\"}}],\"inLanguage\":\"et\"},{\"@type\":\"Organization\",\"@id\":\"https:\/\/baubauwall.com\/et\/#organization\",\"name\":\"BAUBAUWALL Wallpapers\",\"url\":\"https:\/\/baubauwall.com\/et\/\",\"logo\":{\"@type\":\"ImageObject\",\"inLanguage\":\"et\",\"@id\":\"https:\/\/baubauwall.com\/et\/#\/schema\/logo\/image\/\",\"url\":\"https:\/\/baubauwall.com\/wp-content\/uploads\/2022\/03\/logo-horizontal.svg\",\"contentUrl\":\"https:\/\/baubauwall.com\/wp-content\/uploads\/2022\/03\/logo-horizontal.svg\",\"width\":\"1024\",\"height\":\"1024\",\"caption\":\"BAUBAUWALL Wallpapers\"},\"image\":{\"@id\":\"https:\/\/baubauwall.com\/et\/#\/schema\/logo\/image\/\"},\"sameAs\":[\"https:\/\/www.facebook.com\/Baubauwall\",\"https:\/\/www.instagram.com\/baubauwall\"]}]}<\/script>\n<!-- \/ Yoast SEO plugin. -->","yoast_head_json":{"title":"Beebitoa tapeet | Lastetoa tapeet Vesirooside tiik - BAUBAUWALL TAPEEDID","description":"Beebitoa pilttapeet Vesirooside tiik rohelistes toonides. Imearmas tapeedivalik, mis sobib nii beebile kui hulga suuremale lapsele tuppa meeleolu looma!","robots":{"index":"index","follow":"follow","max-snippet":"max-snippet:-1","max-image-preview":"max-image-preview:large","max-video-preview":"max-video-preview:-1"},"canonical":"https:\/\/baubauwall.com\/et\/toode\/lastetoa-pilttapeet-vesirooside-tiik\/","og_locale":"et_EE","og_type":"article","og_title":"%","og_description":"Beebitoa pilttapeet Vesirooside tiik rohelistes toonides. Imearmas tapeedivalik, mis sobib nii beebile kui hulga suuremale lapsele tuppa meeleolu looma!","og_url":"https:\/\/baubauwall.com\/et\/toode\/lastetoa-pilttapeet-vesirooside-tiik\/","og_site_name":"BAUBAUWALL TAPEEDID","article_publisher":"https:\/\/www.facebook.com\/Baubauwall","article_modified_time":"2026-04-24T07:33:48+00:00","og_image":[{"width":2400,"height":1600,"url":"https:\/\/baubauwall.com\/wp-content\/uploads\/2025\/10\/Children_Wallpaper_Mural_Starry_Pond_Baubauwall_51200566-4.jpg","type":"image\/jpeg"}],"twitter_card":"summary_large_image","twitter_misc":{"Est. reading time":"2 minutit"},"schema":{"@context":"https:\/\/schema.org","@graph":[{"@type":"WebPage","@id":"https:\/\/baubauwall.com\/et\/toode\/lastetoa-pilttapeet-vesirooside-tiik\/","url":"https:\/\/baubauwall.com\/et\/toode\/lastetoa-pilttapeet-vesirooside-tiik\/","name":"Beebitoa tapeet | Lastetoa tapeet Vesirooside tiik - BAUBAUWALL TAPEEDID","isPartOf":{"@id":"https:\/\/baubauwall.com\/et\/#website"},"primaryImageOfPage":{"@id":"https:\/\/baubauwall.com\/et\/toode\/lastetoa-pilttapeet-vesirooside-tiik\/#primaryimage"},"image":{"@id":"https:\/\/baubauwall.com\/et\/toode\/lastetoa-pilttapeet-vesirooside-tiik\/#primaryimage"},"thumbnailUrl":"https:\/\/baubauwall.com\/wp-content\/uploads\/2025\/10\/Children_Wallpaper_Mural_Starry_Pond_Baubauwall_51200566-3.jpg","datePublished":"2026-04-23T09:15:14+00:00","dateModified":"2026-04-24T07:33:48+00:00","description":"Beebitoa pilttapeet Vesirooside tiik rohelistes toonides. Imearmas tapeedivalik, mis sobib nii beebile kui hulga suuremale lapsele tuppa meeleolu looma!","breadcrumb":{"@id":"https:\/\/baubauwall.com\/et\/toode\/lastetoa-pilttapeet-vesirooside-tiik\/#breadcrumb"},"inLanguage":"et","potentialAction":[{"@type":"ReadAction","target":["https:\/\/baubauwall.com\/et\/toode\/lastetoa-pilttapeet-vesirooside-tiik\/"]}]},{"@type":"ImageObject","inLanguage":"et","@id":"https:\/\/baubauwall.com\/et\/toode\/lastetoa-pilttapeet-vesirooside-tiik\/#primaryimage","url":"https:\/\/baubauwall.com\/wp-content\/uploads\/2025\/10\/Children_Wallpaper_Mural_Starry_Pond_Baubauwall_51200566-3.jpg","contentUrl":"https:\/\/baubauwall.com\/wp-content\/uploads\/2025\/10\/Children_Wallpaper_Mural_Starry_Pond_Baubauwall_51200566-3.jpg","width":1200,"height":1600,"caption":"Roheline pilttapeet beebile v\u00f5i lastetuppa. Tapeet, ms sobib nii t\u00fcdrukule kui poisile. Baubauwall tapeedid"},{"@type":"BreadcrumbList","@id":"https:\/\/baubauwall.com\/et\/toode\/lastetoa-pilttapeet-vesirooside-tiik\/#breadcrumb","itemListElement":[{"@type":"ListItem","position":1,"name":"Koju","item":"https:\/\/baubauwall.com\/et\/"},{"@type":"ListItem","position":2,"name":"Tapeedid","item":"https:\/\/baubauwall.com\/et\/tapeedid\/"},{"@type":"ListItem","position":3,"name":"Lastetoa tapeet Vesirooside tiik"}]},{"@type":"WebSite","@id":"https:\/\/baubauwall.com\/et\/#website","url":"https:\/\/baubauwall.com\/et\/","name":"BAUBAUWALL Wallpapers","description":"Valmis paanides tapeet Eestist!","publisher":{"@id":"https:\/\/baubauwall.com\/et\/#organization"},"potentialAction":[{"@type":"SearchAction","target":{"@type":"EntryPoint","urlTemplate":"https:\/\/baubauwall.com\/et\/?s={search_term_string}"},"query-input":{"@type":"PropertyValueSpecification","valueRequired":true,"valueName":"search_term_string"}}],"inLanguage":"et"},{"@type":"Organization","@id":"https:\/\/baubauwall.com\/et\/#organization","name":"BAUBAUWALL Wallpapers","url":"https:\/\/baubauwall.com\/et\/","logo":{"@type":"ImageObject","inLanguage":"et","@id":"https:\/\/baubauwall.com\/et\/#\/schema\/logo\/image\/","url":"https:\/\/baubauwall.com\/wp-content\/uploads\/2022\/03\/logo-horizontal.svg","contentUrl":"https:\/\/baubauwall.com\/wp-content\/uploads\/2022\/03\/logo-horizontal.svg","width":"1024","height":"1024","caption":"BAUBAUWALL Wallpapers"},"image":{"@id":"https:\/\/baubauwall.com\/et\/#\/schema\/logo\/image\/"},"sameAs":["https:\/\/www.facebook.com\/Baubauwall","https:\/\/www.instagram.com\/baubauwall"]}]}},"jetpack_sharing_enabled":true,"_links":{"self":[{"href":"https:\/\/baubauwall.com\/et\/wp-json\/wp\/v2\/product\/48209","targetHints":{"allow":["GET"]}}],"collection":[{"href":"https:\/\/baubauwall.com\/et\/wp-json\/wp\/v2\/product"}],"about":[{"href":"https:\/\/baubauwall.com\/et\/wp-json\/wp\/v2\/types\/product"}],"replies":[{"embeddable":true,"href":"https:\/\/baubauwall.com\/et\/wp-json\/wp\/v2\/comments?post=48209"}],"wp:featuredmedia":[{"embeddable":true,"href":"https:\/\/baubauwall.com\/et\/wp-json\/wp\/v2\/media\/48216"}],"wp:attachment":[{"href":"https:\/\/baubauwall.com\/et\/wp-json\/wp\/v2\/media?parent=48209"}],"wp:term":[{"taxonomy":"product_brand","embeddable":true,"href":"https:\/\/baubauwall.com\/et\/wp-json\/wp\/v2\/product_brand?post=48209"},{"taxonomy":"product_cat","embeddable":true,"href":"https:\/\/baubauwall.com\/et\/wp-json\/wp\/v2\/product_cat?post=48209"},{"taxonomy":"product_tag","embeddable":true,"href":"https:\/\/baubauwall.com\/et\/wp-json\/wp\/v2\/product_tag?post=48209"}],"curies":[{"name":"wp","href":"https:\/\/api.w.org\/{rel}","templated":true}]}}