{"id":48240,"date":"2026-04-20T11:15:13","date_gmt":"2026-04-20T09:15:13","guid":{"rendered":"https:\/\/baubauwall.com\/product\/mural-wallpaper-spirit-night-blue\/"},"modified":"2026-04-24T14:40:09","modified_gmt":"2026-04-24T12:40:09","slug":"pilttapeet-mustiline-oo-tumesinine","status":"publish","type":"product","link":"https:\/\/baubauwall.com\/et\/toode\/pilttapeet-mustiline-oo-tumesinine\/","title":{"rendered":"M\u00fcstiline \u00f6\u00f6 &#8211; tumesinine"},"content":{"rendered":"<p>M\u00f5ned tapeedid on armsad. M\u00f5ned on rahulikud. Ja siis on tapeedid, mille puhul tundub, et nad teavad m\u00f5nda saladust. Pilttapeet M\u00fcstiline \u00f6\u00f6 kuulub ilmselgelt nende viimaste hulka. Tumesinine maastik, vaade j\u00e4rvele l\u00e4bi m\u00e4gede, saateks Kuu ja vaalaskalad &#8211; see on m\u00fcstikat t\u00e4is tapeet, mis pakub pidevalt uusi avastusi. Hirv, hunt, linnud, kumavad t\u00e4hed ja v\u00e4ikesed m\u00e4rgid loovad mulje tapeedist, mille sisse on peidetud omaette lugu.<\/p><\/div>\n<div>Eriti h\u00e4sti v\u00f5iks see m\u00fcstiline pilttapeet meeldida neile, keda k\u00f5netavad rahvap\u00e4rimused, m\u00fcstika, loomad ja s\u00fcmboolsed detailid. Kasuta seda m\u00fcstilist pilttapeeti voodi taga, kirjutuslaua seinal v\u00f5i m\u00f5nes hubases nurgas, kuhu v\u00f5ikski tekkida tunne, et seal algab \u00fcks lugu.<\/div>\n<\/div>\n<\/div>\n<\/section>\n<section id=\"productContentSection\">\n<div class=\"container\">\n<div class=\"row w-75 mx-auto\">\n<div class=\"col-md-12\">\n<h5><strong>Miks valida tapeet Baubauwallist?<\/strong><\/h5>\n<p>Sest me teeme tapeedi valimise, ostmise ja paigalduse lihtsaks.<\/p>\n<ul>\n<li>Eesti ettev\u00f5te, kohalik tootmine<\/li>\n<li>Tr\u00fckime t\u00e4pselt Sinu seina m\u00f5\u00f5dus tapeedi<\/li>\n<li>Just nii pikad tapeedipaanid, kui on Sinu sein<\/li>\n<li>Premium, matt fliistapeedi materjal, 100% taaskasutatud kiust<\/li>\n<li>M\u00fcrgivabad tr\u00fckiv\u00e4rvid, Greenguard sertifitseeritud<\/li>\n<li>Keskkonnas\u00f5bralik, j\u00e4\u00e4tmevaba tapeetimine<\/li>\n<li>Tasuta tapeediliim<\/li>\n<li>Tasuta transport ja kiire tarne 5 t\u00f6\u00f6p\u00e4evaga<\/li>\n<\/ul>\n<h5>Vajaksid veel ideid sisustamiseks?<\/h5>\n<p><a href=\"https:\/\/baubauwall.com\/et\/ideed\/let-the-homes-do-the-talking\/\" target=\"_blank\" rel=\"noopener\">Piilu meie tehtud t\u00f6\u00f6de galeriisse<\/a>\u00a0ja n\u00e4ppa m\u00f5ni hea (tapeedi)idee!<\/p>\n<\/div>\n<\/div>\n<\/div>\n<\/section>\n<\/div>\n<\/div>\n<\/div>\n<\/section>\n","protected":false},"excerpt":{"rendered":"<p>M\u00fcstiline \u00f6\u00f6 on m\u00fcstiline pilttapeet sinise \u00f6ise metsa, t\u00e4htede, s\u00fcmbolite ja loomamotiividega. Ilus valik vanema lapse tuppa, teismelise magamistuppa, lugemisnurka v\u00f5i loomingulisse ruumi, kus seinal v\u00f5ib olla veidi rohkem lugu ja salap\u00e4ra.<\/p>\n","protected":false},"featured_media":48241,"comment_status":"open","ping_status":"closed","template":"","meta":{"_acf_changed":false,"inline_featured_image":false},"product_brand":[],"product_cat":[267,270,752,400,399,252,255],"product_tag":[345],"class_list":{"0":"post-48240","1":"product","2":"type-product","3":"status-publish","4":"has-post-thumbnail","6":"product_cat-sinised-tapeedid","7":"product_cat-tumedad-tapeedid","8":"product_cat-avalik-ruum","9":"product_cat-lastetoa-tapeedid","10":"product_cat-kodukontori-tapeedid","11":"product_cat-ookean-meri","12":"product_cat-loomad","13":"product_tag-pilttapeet","15":"first","16":"instock","17":"taxable","18":"shipping-taxable","19":"purchasable","20":"product-type-simple"},"acf":[],"yoast_head":"<!-- This site is optimized with the Yoast SEO plugin v25.9 - https:\/\/yoast.com\/wordpress\/plugins\/seo\/ -->\n<title>Salap\u00e4ra ja m\u00fcstika tapeedil | Pilttapeet M\u00fcstiline \u00f6\u00f6 - tumesinine - BAUBAUWALL TAPEEDID<\/title>\n<meta name=\"description\" content=\"M\u00fcstiline pilttapeet sinistes toonides \u00f6ise metsa, t\u00e4htede, s\u00fcmbolite ja loomamotiividega. Valmis l\u00f5igatud paanides tapeedid, mida on lihtne paigladada.\" \/>\n<meta name=\"robots\" content=\"index, follow, max-snippet:-1, max-image-preview:large, max-video-preview:-1\" \/>\n<link rel=\"canonical\" href=\"https:\/\/baubauwall.com\/et\/toode\/pilttapeet-mustiline-oo-tumesinine\/\" \/>\n<meta property=\"og:locale\" content=\"et_EE\" \/>\n<meta property=\"og:type\" content=\"article\" \/>\n<meta property=\"og:title\" content=\"BAUBAUWALL TAPEEDID\" \/>\n<meta property=\"og:description\" content=\"M\u00fcstiline pilttapeet sinise \u00f6ise metsa, t\u00e4htede, s\u00fcmbolite ja loomamotiividega. Ilus valik vanema lapse tuppa, teismelise magamistuppa, lugemisnurka v\u00f5i loomingulisse ruumi, kus seinal v\u00f5ib olla veidi rohkem lugu ja salap\u00e4ra.\" \/>\n<meta property=\"og:url\" content=\"https:\/\/baubauwall.com\/et\/toode\/pilttapeet-mustiline-oo-tumesinine\/\" \/>\n<meta property=\"og:site_name\" content=\"BAUBAUWALL TAPEEDID\" \/>\n<meta property=\"article:publisher\" content=\"https:\/\/www.facebook.com\/Baubauwall\" \/>\n<meta property=\"article:modified_time\" content=\"2026-04-24T12:40:09+00:00\" \/>\n<meta property=\"og:image\" content=\"https:\/\/baubauwall.com\/wp-content\/uploads\/2025\/10\/Mural-Wallpaper_Spirit_Night-Blue-Baubauwall_51200564-3.jpg\" \/>\n\t<meta property=\"og:image:width\" content=\"1200\" \/>\n\t<meta property=\"og:image:height\" content=\"1600\" \/>\n\t<meta property=\"og:image:type\" content=\"image\/jpeg\" \/>\n<meta name=\"twitter:card\" content=\"summary_large_image\" \/>\n<meta name=\"twitter:label1\" content=\"Est. reading time\" \/>\n\t<meta name=\"twitter:data1\" content=\"1 minut\" \/>\n<script type=\"application\/ld+json\" class=\"yoast-schema-graph\">{\"@context\":\"https:\/\/schema.org\",\"@graph\":[{\"@type\":\"WebPage\",\"@id\":\"https:\/\/baubauwall.com\/et\/toode\/pilttapeet-mustiline-oo-tumesinine\/\",\"url\":\"https:\/\/baubauwall.com\/et\/toode\/pilttapeet-mustiline-oo-tumesinine\/\",\"name\":\"Salap\u00e4ra ja m\u00fcstika tapeedil | Pilttapeet M\u00fcstiline \u00f6\u00f6 - tumesinine - BAUBAUWALL TAPEEDID\",\"isPartOf\":{\"@id\":\"https:\/\/baubauwall.com\/et\/#website\"},\"primaryImageOfPage\":{\"@id\":\"https:\/\/baubauwall.com\/et\/toode\/pilttapeet-mustiline-oo-tumesinine\/#primaryimage\"},\"image\":{\"@id\":\"https:\/\/baubauwall.com\/et\/toode\/pilttapeet-mustiline-oo-tumesinine\/#primaryimage\"},\"thumbnailUrl\":\"https:\/\/baubauwall.com\/wp-content\/uploads\/2025\/10\/Mural-Wallpaper_Spirit_Night-Blue-Baubauwall_51200564-1.jpg\",\"datePublished\":\"2026-04-20T09:15:13+00:00\",\"dateModified\":\"2026-04-24T12:40:09+00:00\",\"description\":\"M\u00fcstiline pilttapeet sinistes toonides \u00f6ise metsa, t\u00e4htede, s\u00fcmbolite ja loomamotiividega. Valmis l\u00f5igatud paanides tapeedid, mida on lihtne paigladada.\",\"breadcrumb\":{\"@id\":\"https:\/\/baubauwall.com\/et\/toode\/pilttapeet-mustiline-oo-tumesinine\/#breadcrumb\"},\"inLanguage\":\"et\",\"potentialAction\":[{\"@type\":\"ReadAction\",\"target\":[\"https:\/\/baubauwall.com\/et\/toode\/pilttapeet-mustiline-oo-tumesinine\/\"]}]},{\"@type\":\"ImageObject\",\"inLanguage\":\"et\",\"@id\":\"https:\/\/baubauwall.com\/et\/toode\/pilttapeet-mustiline-oo-tumesinine\/#primaryimage\",\"url\":\"https:\/\/baubauwall.com\/wp-content\/uploads\/2025\/10\/Mural-Wallpaper_Spirit_Night-Blue-Baubauwall_51200564-1.jpg\",\"contentUrl\":\"https:\/\/baubauwall.com\/wp-content\/uploads\/2025\/10\/Mural-Wallpaper_Spirit_Night-Blue-Baubauwall_51200564-1.jpg\",\"width\":2263,\"height\":1600,\"caption\":\"Sinine tapeet magamistuppa, mis on t\u00e4is m\u00fcstikat. Tapeedid Baubauwallist\"},{\"@type\":\"BreadcrumbList\",\"@id\":\"https:\/\/baubauwall.com\/et\/toode\/pilttapeet-mustiline-oo-tumesinine\/#breadcrumb\",\"itemListElement\":[{\"@type\":\"ListItem\",\"position\":1,\"name\":\"Koju\",\"item\":\"https:\/\/baubauwall.com\/et\/\"},{\"@type\":\"ListItem\",\"position\":2,\"name\":\"Tapeedid\",\"item\":\"https:\/\/baubauwall.com\/et\/tapeedid\/\"},{\"@type\":\"ListItem\",\"position\":3,\"name\":\"M\u00fcstiline \u00f6\u00f6 &#8211; tumesinine\"}]},{\"@type\":\"WebSite\",\"@id\":\"https:\/\/baubauwall.com\/et\/#website\",\"url\":\"https:\/\/baubauwall.com\/et\/\",\"name\":\"BAUBAUWALL Wallpapers\",\"description\":\"Valmis paanides tapeet Eestist!\",\"publisher\":{\"@id\":\"https:\/\/baubauwall.com\/et\/#organization\"},\"potentialAction\":[{\"@type\":\"SearchAction\",\"target\":{\"@type\":\"EntryPoint\",\"urlTemplate\":\"https:\/\/baubauwall.com\/et\/?s={search_term_string}\"},\"query-input\":{\"@type\":\"PropertyValueSpecification\",\"valueRequired\":true,\"valueName\":\"search_term_string\"}}],\"inLanguage\":\"et\"},{\"@type\":\"Organization\",\"@id\":\"https:\/\/baubauwall.com\/et\/#organization\",\"name\":\"BAUBAUWALL Wallpapers\",\"url\":\"https:\/\/baubauwall.com\/et\/\",\"logo\":{\"@type\":\"ImageObject\",\"inLanguage\":\"et\",\"@id\":\"https:\/\/baubauwall.com\/et\/#\/schema\/logo\/image\/\",\"url\":\"https:\/\/baubauwall.com\/wp-content\/uploads\/2022\/03\/logo-horizontal.svg\",\"contentUrl\":\"https:\/\/baubauwall.com\/wp-content\/uploads\/2022\/03\/logo-horizontal.svg\",\"width\":\"1024\",\"height\":\"1024\",\"caption\":\"BAUBAUWALL Wallpapers\"},\"image\":{\"@id\":\"https:\/\/baubauwall.com\/et\/#\/schema\/logo\/image\/\"},\"sameAs\":[\"https:\/\/www.facebook.com\/Baubauwall\",\"https:\/\/www.instagram.com\/baubauwall\"]}]}<\/script>\n<!-- \/ Yoast SEO plugin. -->","yoast_head_json":{"title":"Salap\u00e4ra ja m\u00fcstika tapeedil | Pilttapeet M\u00fcstiline \u00f6\u00f6 - tumesinine - BAUBAUWALL TAPEEDID","description":"M\u00fcstiline pilttapeet sinistes toonides \u00f6ise metsa, t\u00e4htede, s\u00fcmbolite ja loomamotiividega. Valmis l\u00f5igatud paanides tapeedid, mida on lihtne paigladada.","robots":{"index":"index","follow":"follow","max-snippet":"max-snippet:-1","max-image-preview":"max-image-preview:large","max-video-preview":"max-video-preview:-1"},"canonical":"https:\/\/baubauwall.com\/et\/toode\/pilttapeet-mustiline-oo-tumesinine\/","og_locale":"et_EE","og_type":"article","og_title":"BAUBAUWALL TAPEEDID","og_description":"M\u00fcstiline pilttapeet sinise \u00f6ise metsa, t\u00e4htede, s\u00fcmbolite ja loomamotiividega. Ilus valik vanema lapse tuppa, teismelise magamistuppa, lugemisnurka v\u00f5i loomingulisse ruumi, kus seinal v\u00f5ib olla veidi rohkem lugu ja salap\u00e4ra.","og_url":"https:\/\/baubauwall.com\/et\/toode\/pilttapeet-mustiline-oo-tumesinine\/","og_site_name":"BAUBAUWALL TAPEEDID","article_publisher":"https:\/\/www.facebook.com\/Baubauwall","article_modified_time":"2026-04-24T12:40:09+00:00","og_image":[{"width":1200,"height":1600,"url":"https:\/\/baubauwall.com\/wp-content\/uploads\/2025\/10\/Mural-Wallpaper_Spirit_Night-Blue-Baubauwall_51200564-3.jpg","type":"image\/jpeg"}],"twitter_card":"summary_large_image","twitter_misc":{"Est. reading time":"1 minut"},"schema":{"@context":"https:\/\/schema.org","@graph":[{"@type":"WebPage","@id":"https:\/\/baubauwall.com\/et\/toode\/pilttapeet-mustiline-oo-tumesinine\/","url":"https:\/\/baubauwall.com\/et\/toode\/pilttapeet-mustiline-oo-tumesinine\/","name":"Salap\u00e4ra ja m\u00fcstika tapeedil | Pilttapeet M\u00fcstiline \u00f6\u00f6 - tumesinine - BAUBAUWALL TAPEEDID","isPartOf":{"@id":"https:\/\/baubauwall.com\/et\/#website"},"primaryImageOfPage":{"@id":"https:\/\/baubauwall.com\/et\/toode\/pilttapeet-mustiline-oo-tumesinine\/#primaryimage"},"image":{"@id":"https:\/\/baubauwall.com\/et\/toode\/pilttapeet-mustiline-oo-tumesinine\/#primaryimage"},"thumbnailUrl":"https:\/\/baubauwall.com\/wp-content\/uploads\/2025\/10\/Mural-Wallpaper_Spirit_Night-Blue-Baubauwall_51200564-1.jpg","datePublished":"2026-04-20T09:15:13+00:00","dateModified":"2026-04-24T12:40:09+00:00","description":"M\u00fcstiline pilttapeet sinistes toonides \u00f6ise metsa, t\u00e4htede, s\u00fcmbolite ja loomamotiividega. Valmis l\u00f5igatud paanides tapeedid, mida on lihtne paigladada.","breadcrumb":{"@id":"https:\/\/baubauwall.com\/et\/toode\/pilttapeet-mustiline-oo-tumesinine\/#breadcrumb"},"inLanguage":"et","potentialAction":[{"@type":"ReadAction","target":["https:\/\/baubauwall.com\/et\/toode\/pilttapeet-mustiline-oo-tumesinine\/"]}]},{"@type":"ImageObject","inLanguage":"et","@id":"https:\/\/baubauwall.com\/et\/toode\/pilttapeet-mustiline-oo-tumesinine\/#primaryimage","url":"https:\/\/baubauwall.com\/wp-content\/uploads\/2025\/10\/Mural-Wallpaper_Spirit_Night-Blue-Baubauwall_51200564-1.jpg","contentUrl":"https:\/\/baubauwall.com\/wp-content\/uploads\/2025\/10\/Mural-Wallpaper_Spirit_Night-Blue-Baubauwall_51200564-1.jpg","width":2263,"height":1600,"caption":"Sinine tapeet magamistuppa, mis on t\u00e4is m\u00fcstikat. Tapeedid Baubauwallist"},{"@type":"BreadcrumbList","@id":"https:\/\/baubauwall.com\/et\/toode\/pilttapeet-mustiline-oo-tumesinine\/#breadcrumb","itemListElement":[{"@type":"ListItem","position":1,"name":"Koju","item":"https:\/\/baubauwall.com\/et\/"},{"@type":"ListItem","position":2,"name":"Tapeedid","item":"https:\/\/baubauwall.com\/et\/tapeedid\/"},{"@type":"ListItem","position":3,"name":"M\u00fcstiline \u00f6\u00f6 &#8211; tumesinine"}]},{"@type":"WebSite","@id":"https:\/\/baubauwall.com\/et\/#website","url":"https:\/\/baubauwall.com\/et\/","name":"BAUBAUWALL Wallpapers","description":"Valmis paanides tapeet Eestist!","publisher":{"@id":"https:\/\/baubauwall.com\/et\/#organization"},"potentialAction":[{"@type":"SearchAction","target":{"@type":"EntryPoint","urlTemplate":"https:\/\/baubauwall.com\/et\/?s={search_term_string}"},"query-input":{"@type":"PropertyValueSpecification","valueRequired":true,"valueName":"search_term_string"}}],"inLanguage":"et"},{"@type":"Organization","@id":"https:\/\/baubauwall.com\/et\/#organization","name":"BAUBAUWALL Wallpapers","url":"https:\/\/baubauwall.com\/et\/","logo":{"@type":"ImageObject","inLanguage":"et","@id":"https:\/\/baubauwall.com\/et\/#\/schema\/logo\/image\/","url":"https:\/\/baubauwall.com\/wp-content\/uploads\/2022\/03\/logo-horizontal.svg","contentUrl":"https:\/\/baubauwall.com\/wp-content\/uploads\/2022\/03\/logo-horizontal.svg","width":"1024","height":"1024","caption":"BAUBAUWALL Wallpapers"},"image":{"@id":"https:\/\/baubauwall.com\/et\/#\/schema\/logo\/image\/"},"sameAs":["https:\/\/www.facebook.com\/Baubauwall","https:\/\/www.instagram.com\/baubauwall"]}]}},"jetpack_sharing_enabled":true,"_links":{"self":[{"href":"https:\/\/baubauwall.com\/et\/wp-json\/wp\/v2\/product\/48240","targetHints":{"allow":["GET"]}}],"collection":[{"href":"https:\/\/baubauwall.com\/et\/wp-json\/wp\/v2\/product"}],"about":[{"href":"https:\/\/baubauwall.com\/et\/wp-json\/wp\/v2\/types\/product"}],"replies":[{"embeddable":true,"href":"https:\/\/baubauwall.com\/et\/wp-json\/wp\/v2\/comments?post=48240"}],"wp:featuredmedia":[{"embeddable":true,"href":"https:\/\/baubauwall.com\/et\/wp-json\/wp\/v2\/media\/48241"}],"wp:attachment":[{"href":"https:\/\/baubauwall.com\/et\/wp-json\/wp\/v2\/media?parent=48240"}],"wp:term":[{"taxonomy":"product_brand","embeddable":true,"href":"https:\/\/baubauwall.com\/et\/wp-json\/wp\/v2\/product_brand?post=48240"},{"taxonomy":"product_cat","embeddable":true,"href":"https:\/\/baubauwall.com\/et\/wp-json\/wp\/v2\/product_cat?post=48240"},{"taxonomy":"product_tag","embeddable":true,"href":"https:\/\/baubauwall.com\/et\/wp-json\/wp\/v2\/product_tag?post=48240"}],"curies":[{"name":"wp","href":"https:\/\/api.w.org\/{rel}","templated":true}]}}