{"id":5321,"date":"2022-01-17T16:25:21","date_gmt":"2022-01-17T14:25:21","guid":{"rendered":"https:\/\/baubauwall.com\/product\/waterworld-fishes-wallpaper\/"},"modified":"2024-03-11T09:21:09","modified_gmt":"2024-03-11T07:21:09","slug":"tapeet-muhedad-kalad","status":"publish","type":"product","link":"https:\/\/baubauwall.com\/et\/toode\/tapeet-muhedad-kalad\/","title":{"rendered":"Veemaailma muhedad kalad"},"content":{"rendered":"<p>Sukeldu merede ja j\u00e4rvede imelisse veealusesse maailma! Meri ja selle elanikud annavad sinu valitud tapeedile vabaduse ja m\u00fcstilisuse tunde ning lisavad lugematu hulga detaile. Selle disainiga oled \u00fcmbritsetud roheliste vetikate ja meriheinaga, rahulike heeringate ja \u00f5rnades toonides karpkaladega. Veealusest maailmast inspireeritud tapeet on soodne tapeedivalik aktsentseinale sinu k\u00f6\u00f6gis, lastetoas, vannitoas v\u00f5i k\u00fclaliste toas.<\/p>\n<p><strong>Nagu k\u00f5ik Baubauwalli kordusmustriga tapeedid ja pilttapeedid, on ka see soodne tapeet tr\u00fckitud <a href=\"https:\/\/baubauwall.com\/et\/keskkonnasobralikud-tapeedid\/\" target=\"_blank\" rel=\"noopener\">keskkonnas\u00f5bralike v\u00e4rvidega<\/a>, hingavale fliistapeedi materjalile, mis ei l\u00e4igi ja on lihtne paigaldada. Sinu uus tapeet tuleb valmis l\u00f5igatud ning nummerdatud paanides, mis on t\u00e4pselt nii k\u00f5rged, kui Sinu sein.<\/strong><\/p>\n","protected":false},"excerpt":{"rendered":"<p>Sukeldu merede ja j\u00e4rvede imelisse veealusesse maailma! Meri ja selle elanikud annavad sinu valitud tapeedile vabaduse ja m\u00fcstilisuse tunde ning lisavad lugematu hulga detaile. Selle disainiga oled \u00fcmbritsetud roheliste vetikate ja meriheinaga, rahulike heeringate ja \u00f5rnades toonides karpkaladega. Veealusest maailmast inspireeritud tapeet on soodne tapeedivalik aktsentseinale sinu k\u00f6\u00f6gis, lastetoas, vannitoas v\u00f5i k\u00fclaliste toas. Nagu k\u00f5ik [&hellip;]<\/p>\n","protected":false},"featured_media":947,"comment_status":"open","ping_status":"closed","template":"","meta":{"_acf_changed":false,"inline_featured_image":false},"product_brand":[],"product_cat":[386,395,396,271,273,276,410,400,415,416,401,252,254,259,715],"product_tag":[],"class_list":{"0":"post-5321","1":"product","2":"type-product","3":"status-publish","4":"has-post-thumbnail","6":"product_cat-kordusmustriga-tapeedid","7":"product_cat-romantiline","8":"product_cat-skandinaavia","9":"product_cat-rohelised-tapeedid","10":"product_cat-heledad-tapeedid","11":"product_cat-pastelsed-tapeedid","12":"product_cat-valge-tapeedid","13":"product_cat-lastetoa-tapeedid","14":"product_cat-kulalistetoa-tapeedid","15":"product_cat-esiku-tapeedid","16":"product_cat-koogi-tapeedid","17":"product_cat-ookean-meri","18":"product_cat-loodus","19":"product_cat-kalad-veealune-maailm","20":"product_cat-soodsad-tapeedid-leiunurk","21":"pa_designedby-baubauwall","23":"first","24":"instock","25":"sale","26":"taxable","27":"shipping-taxable","28":"purchasable","29":"product-type-simple"},"acf":[],"yoast_head":"<!-- This site is optimized with the Yoast SEO plugin v25.9 - https:\/\/yoast.com\/wordpress\/plugins\/seo\/ -->\n<title>Tapeet rahulikud kalad ja vetikad. R\u00e4tsepat\u00f6\u00f6na valmivad tapeedid<\/title>\n<meta name=\"description\" content=\"Soodne tapeet kalade ja vetikatega s\u00f5bralikult koos veemaailmas. Meile tapeetide e-poest saad valmis paanides tapeedi just sinu seina m\u00f5\u00f5dus!\" \/>\n<meta name=\"robots\" content=\"index, follow, max-snippet:-1, max-image-preview:large, max-video-preview:-1\" \/>\n<link rel=\"canonical\" href=\"https:\/\/baubauwall.com\/et\/toode\/tapeet-muhedad-kalad\/\" \/>\n<meta property=\"og:locale\" content=\"et_EE\" \/>\n<meta property=\"og:type\" content=\"article\" \/>\n<meta property=\"og:title\" content=\"Tapeet rahulikud kalad ja vetikad. R\u00e4tsepat\u00f6\u00f6na valmivad tapeedid\" \/>\n<meta property=\"og:description\" content=\"Soodne tapeet kalade ja vetikatega s\u00f5bralikult koos veemaailmas. Meile tapeetide e-poest saad valmis paanides tapeedi just sinu seina m\u00f5\u00f5dus!\" \/>\n<meta property=\"og:url\" content=\"https:\/\/baubauwall.com\/et\/toode\/tapeet-muhedad-kalad\/\" \/>\n<meta property=\"og:site_name\" content=\"BAUBAUWALL TAPEEDID\" \/>\n<meta property=\"article:publisher\" content=\"https:\/\/www.facebook.com\/Baubauwall\" \/>\n<meta property=\"article:modified_time\" content=\"2024-03-11T07:21:09+00:00\" \/>\n<meta property=\"og:image\" content=\"https:\/\/baubauwall.com\/wp-content\/uploads\/2022\/01\/500001_Baubauwall_wallpaper_Karpkala_mockup-scaled-e1645441343771.jpg\" \/>\n\t<meta property=\"og:image:width\" content=\"1036\" \/>\n\t<meta property=\"og:image:height\" content=\"800\" \/>\n\t<meta property=\"og:image:type\" content=\"image\/jpeg\" \/>\n<meta name=\"twitter:card\" content=\"summary_large_image\" \/>\n<meta name=\"twitter:label1\" content=\"Est. reading time\" \/>\n\t<meta name=\"twitter:data1\" content=\"1 minut\" \/>\n<script type=\"application\/ld+json\" class=\"yoast-schema-graph\">{\"@context\":\"https:\/\/schema.org\",\"@graph\":[{\"@type\":\"WebPage\",\"@id\":\"https:\/\/baubauwall.com\/et\/toode\/tapeet-muhedad-kalad\/\",\"url\":\"https:\/\/baubauwall.com\/et\/toode\/tapeet-muhedad-kalad\/\",\"name\":\"Tapeet rahulikud kalad ja vetikad. R\u00e4tsepat\u00f6\u00f6na valmivad tapeedid\",\"isPartOf\":{\"@id\":\"https:\/\/baubauwall.com\/et\/#website\"},\"primaryImageOfPage\":{\"@id\":\"https:\/\/baubauwall.com\/et\/toode\/tapeet-muhedad-kalad\/#primaryimage\"},\"image\":{\"@id\":\"https:\/\/baubauwall.com\/et\/toode\/tapeet-muhedad-kalad\/#primaryimage\"},\"thumbnailUrl\":\"https:\/\/baubauwall.com\/wp-content\/uploads\/2022\/01\/500001_Baubauwall_wallpaper_Karpkala_mockup-scaled-e1645441343771.jpg\",\"datePublished\":\"2022-01-17T14:25:21+00:00\",\"dateModified\":\"2024-03-11T07:21:09+00:00\",\"description\":\"Soodne tapeet kalade ja vetikatega s\u00f5bralikult koos veemaailmas. Meile tapeetide e-poest saad valmis paanides tapeedi just sinu seina m\u00f5\u00f5dus!\",\"breadcrumb\":{\"@id\":\"https:\/\/baubauwall.com\/et\/toode\/tapeet-muhedad-kalad\/#breadcrumb\"},\"inLanguage\":\"et\",\"potentialAction\":[{\"@type\":\"ReadAction\",\"target\":[\"https:\/\/baubauwall.com\/et\/toode\/tapeet-muhedad-kalad\/\"]}]},{\"@type\":\"ImageObject\",\"inLanguage\":\"et\",\"@id\":\"https:\/\/baubauwall.com\/et\/toode\/tapeet-muhedad-kalad\/#primaryimage\",\"url\":\"https:\/\/baubauwall.com\/wp-content\/uploads\/2022\/01\/500001_Baubauwall_wallpaper_Karpkala_mockup-scaled-e1645441343771.jpg\",\"contentUrl\":\"https:\/\/baubauwall.com\/wp-content\/uploads\/2022\/01\/500001_Baubauwall_wallpaper_Karpkala_mockup-scaled-e1645441343771.jpg\",\"width\":1036,\"height\":800},{\"@type\":\"BreadcrumbList\",\"@id\":\"https:\/\/baubauwall.com\/et\/toode\/tapeet-muhedad-kalad\/#breadcrumb\",\"itemListElement\":[{\"@type\":\"ListItem\",\"position\":1,\"name\":\"Koju\",\"item\":\"https:\/\/baubauwall.com\/et\/\"},{\"@type\":\"ListItem\",\"position\":2,\"name\":\"Tapeedid\",\"item\":\"https:\/\/baubauwall.com\/et\/tapeedid\/\"},{\"@type\":\"ListItem\",\"position\":3,\"name\":\"Veemaailma muhedad kalad\"}]},{\"@type\":\"WebSite\",\"@id\":\"https:\/\/baubauwall.com\/et\/#website\",\"url\":\"https:\/\/baubauwall.com\/et\/\",\"name\":\"BAUBAUWALL Wallpapers\",\"description\":\"Valmis paanides tapeet Eestist!\",\"publisher\":{\"@id\":\"https:\/\/baubauwall.com\/et\/#organization\"},\"potentialAction\":[{\"@type\":\"SearchAction\",\"target\":{\"@type\":\"EntryPoint\",\"urlTemplate\":\"https:\/\/baubauwall.com\/et\/?s={search_term_string}\"},\"query-input\":{\"@type\":\"PropertyValueSpecification\",\"valueRequired\":true,\"valueName\":\"search_term_string\"}}],\"inLanguage\":\"et\"},{\"@type\":\"Organization\",\"@id\":\"https:\/\/baubauwall.com\/et\/#organization\",\"name\":\"BAUBAUWALL Wallpapers\",\"url\":\"https:\/\/baubauwall.com\/et\/\",\"logo\":{\"@type\":\"ImageObject\",\"inLanguage\":\"et\",\"@id\":\"https:\/\/baubauwall.com\/et\/#\/schema\/logo\/image\/\",\"url\":\"https:\/\/baubauwall.com\/wp-content\/uploads\/2022\/03\/logo-horizontal.svg\",\"contentUrl\":\"https:\/\/baubauwall.com\/wp-content\/uploads\/2022\/03\/logo-horizontal.svg\",\"width\":\"1024\",\"height\":\"1024\",\"caption\":\"BAUBAUWALL Wallpapers\"},\"image\":{\"@id\":\"https:\/\/baubauwall.com\/et\/#\/schema\/logo\/image\/\"},\"sameAs\":[\"https:\/\/www.facebook.com\/Baubauwall\",\"https:\/\/www.instagram.com\/baubauwall\"]}]}<\/script>\n<!-- \/ Yoast SEO plugin. -->","yoast_head_json":{"title":"Tapeet rahulikud kalad ja vetikad. R\u00e4tsepat\u00f6\u00f6na valmivad tapeedid","description":"Soodne tapeet kalade ja vetikatega s\u00f5bralikult koos veemaailmas. Meile tapeetide e-poest saad valmis paanides tapeedi just sinu seina m\u00f5\u00f5dus!","robots":{"index":"index","follow":"follow","max-snippet":"max-snippet:-1","max-image-preview":"max-image-preview:large","max-video-preview":"max-video-preview:-1"},"canonical":"https:\/\/baubauwall.com\/et\/toode\/tapeet-muhedad-kalad\/","og_locale":"et_EE","og_type":"article","og_title":"Tapeet rahulikud kalad ja vetikad. R\u00e4tsepat\u00f6\u00f6na valmivad tapeedid","og_description":"Soodne tapeet kalade ja vetikatega s\u00f5bralikult koos veemaailmas. Meile tapeetide e-poest saad valmis paanides tapeedi just sinu seina m\u00f5\u00f5dus!","og_url":"https:\/\/baubauwall.com\/et\/toode\/tapeet-muhedad-kalad\/","og_site_name":"BAUBAUWALL TAPEEDID","article_publisher":"https:\/\/www.facebook.com\/Baubauwall","article_modified_time":"2024-03-11T07:21:09+00:00","og_image":[{"width":1036,"height":800,"url":"https:\/\/baubauwall.com\/wp-content\/uploads\/2022\/01\/500001_Baubauwall_wallpaper_Karpkala_mockup-scaled-e1645441343771.jpg","type":"image\/jpeg"}],"twitter_card":"summary_large_image","twitter_misc":{"Est. reading time":"1 minut"},"schema":{"@context":"https:\/\/schema.org","@graph":[{"@type":"WebPage","@id":"https:\/\/baubauwall.com\/et\/toode\/tapeet-muhedad-kalad\/","url":"https:\/\/baubauwall.com\/et\/toode\/tapeet-muhedad-kalad\/","name":"Tapeet rahulikud kalad ja vetikad. R\u00e4tsepat\u00f6\u00f6na valmivad tapeedid","isPartOf":{"@id":"https:\/\/baubauwall.com\/et\/#website"},"primaryImageOfPage":{"@id":"https:\/\/baubauwall.com\/et\/toode\/tapeet-muhedad-kalad\/#primaryimage"},"image":{"@id":"https:\/\/baubauwall.com\/et\/toode\/tapeet-muhedad-kalad\/#primaryimage"},"thumbnailUrl":"https:\/\/baubauwall.com\/wp-content\/uploads\/2022\/01\/500001_Baubauwall_wallpaper_Karpkala_mockup-scaled-e1645441343771.jpg","datePublished":"2022-01-17T14:25:21+00:00","dateModified":"2024-03-11T07:21:09+00:00","description":"Soodne tapeet kalade ja vetikatega s\u00f5bralikult koos veemaailmas. Meile tapeetide e-poest saad valmis paanides tapeedi just sinu seina m\u00f5\u00f5dus!","breadcrumb":{"@id":"https:\/\/baubauwall.com\/et\/toode\/tapeet-muhedad-kalad\/#breadcrumb"},"inLanguage":"et","potentialAction":[{"@type":"ReadAction","target":["https:\/\/baubauwall.com\/et\/toode\/tapeet-muhedad-kalad\/"]}]},{"@type":"ImageObject","inLanguage":"et","@id":"https:\/\/baubauwall.com\/et\/toode\/tapeet-muhedad-kalad\/#primaryimage","url":"https:\/\/baubauwall.com\/wp-content\/uploads\/2022\/01\/500001_Baubauwall_wallpaper_Karpkala_mockup-scaled-e1645441343771.jpg","contentUrl":"https:\/\/baubauwall.com\/wp-content\/uploads\/2022\/01\/500001_Baubauwall_wallpaper_Karpkala_mockup-scaled-e1645441343771.jpg","width":1036,"height":800},{"@type":"BreadcrumbList","@id":"https:\/\/baubauwall.com\/et\/toode\/tapeet-muhedad-kalad\/#breadcrumb","itemListElement":[{"@type":"ListItem","position":1,"name":"Koju","item":"https:\/\/baubauwall.com\/et\/"},{"@type":"ListItem","position":2,"name":"Tapeedid","item":"https:\/\/baubauwall.com\/et\/tapeedid\/"},{"@type":"ListItem","position":3,"name":"Veemaailma muhedad kalad"}]},{"@type":"WebSite","@id":"https:\/\/baubauwall.com\/et\/#website","url":"https:\/\/baubauwall.com\/et\/","name":"BAUBAUWALL Wallpapers","description":"Valmis paanides tapeet Eestist!","publisher":{"@id":"https:\/\/baubauwall.com\/et\/#organization"},"potentialAction":[{"@type":"SearchAction","target":{"@type":"EntryPoint","urlTemplate":"https:\/\/baubauwall.com\/et\/?s={search_term_string}"},"query-input":{"@type":"PropertyValueSpecification","valueRequired":true,"valueName":"search_term_string"}}],"inLanguage":"et"},{"@type":"Organization","@id":"https:\/\/baubauwall.com\/et\/#organization","name":"BAUBAUWALL Wallpapers","url":"https:\/\/baubauwall.com\/et\/","logo":{"@type":"ImageObject","inLanguage":"et","@id":"https:\/\/baubauwall.com\/et\/#\/schema\/logo\/image\/","url":"https:\/\/baubauwall.com\/wp-content\/uploads\/2022\/03\/logo-horizontal.svg","contentUrl":"https:\/\/baubauwall.com\/wp-content\/uploads\/2022\/03\/logo-horizontal.svg","width":"1024","height":"1024","caption":"BAUBAUWALL Wallpapers"},"image":{"@id":"https:\/\/baubauwall.com\/et\/#\/schema\/logo\/image\/"},"sameAs":["https:\/\/www.facebook.com\/Baubauwall","https:\/\/www.instagram.com\/baubauwall"]}]}},"jetpack_sharing_enabled":true,"_links":{"self":[{"href":"https:\/\/baubauwall.com\/et\/wp-json\/wp\/v2\/product\/5321","targetHints":{"allow":["GET"]}}],"collection":[{"href":"https:\/\/baubauwall.com\/et\/wp-json\/wp\/v2\/product"}],"about":[{"href":"https:\/\/baubauwall.com\/et\/wp-json\/wp\/v2\/types\/product"}],"replies":[{"embeddable":true,"href":"https:\/\/baubauwall.com\/et\/wp-json\/wp\/v2\/comments?post=5321"}],"wp:featuredmedia":[{"embeddable":true,"href":"https:\/\/baubauwall.com\/et\/wp-json\/wp\/v2\/media\/947"}],"wp:attachment":[{"href":"https:\/\/baubauwall.com\/et\/wp-json\/wp\/v2\/media?parent=5321"}],"wp:term":[{"taxonomy":"product_brand","embeddable":true,"href":"https:\/\/baubauwall.com\/et\/wp-json\/wp\/v2\/product_brand?post=5321"},{"taxonomy":"product_cat","embeddable":true,"href":"https:\/\/baubauwall.com\/et\/wp-json\/wp\/v2\/product_cat?post=5321"},{"taxonomy":"product_tag","embeddable":true,"href":"https:\/\/baubauwall.com\/et\/wp-json\/wp\/v2\/product_tag?post=5321"}],"curies":[{"name":"wp","href":"https:\/\/api.w.org\/{rel}","templated":true}]}}