{"id":5323,"date":"2022-01-17T20:24:54","date_gmt":"2022-01-17T18:24:54","guid":{"rendered":"https:\/\/baubauwall.com\/product\/waterworld-seahorse-wallpaper\/"},"modified":"2024-03-11T09:23:27","modified_gmt":"2024-03-11T07:23:27","slug":"tapeet-merihobud","status":"publish","type":"product","link":"https:\/\/baubauwall.com\/et\/toode\/tapeet-merihobud\/","title":{"rendered":"Veemaailma merihobud"},"content":{"rendered":"<p>Veealune maailm on alati p\u00f5nev ja merep\u00f5hja on peidetud l\u00f5putult aardeid. See p\u00f5hjamaises stiilis soodne tapeet on t\u00e4is r\u00f5\u00f5msaid merihobusid, pisikesi kalu ja p\u00f5hjamaiseid taimi, mis k\u00f5ik on seadnud end sisse muinasjutulises veealuses vihmametsas. On aeg sukelduda veealuse maailma saladuste s\u00fcgavustesse! Merihobukesed on teadaolevalt tugevuse, kaitse ja j\u00f5u s\u00fcmboliks \u2013 suurep\u00e4rane tapeedivalik sinu lastetuppa, magamistuppa v\u00f5i k\u00fclalistetuppa.<\/p>\n<p><strong>Nagu k\u00f5ik Baubauwalli kordusmustriga tapeedid ja pilttapeedid, on ka see soodne tapeet tr\u00fckitud <a href=\"https:\/\/baubauwall.com\/et\/keskkonnasobralikud-tapeedid\/\" target=\"_blank\" rel=\"noopener\">keskkonnas\u00f5bralike v\u00e4rvidega<\/a>, hingavale fliistapeedi materjalile, mis ei l\u00e4igi ja on lihtne paigaldada. Sinu uus tapeet tuleb valmis l\u00f5igatud ning nummerdatud paanides, mis on t\u00e4pselt nii k\u00f5rged, kui Sinu sein.<\/strong><\/p>\n","protected":false},"excerpt":{"rendered":"<p>Veealune maailm on alati p\u00f5nev ja merep\u00f5hja on peidetud l\u00f5putult aardeid. See p\u00f5hjamaises stiilis soodne tapeet on t\u00e4is r\u00f5\u00f5msaid merihobusid, pisikesi kalu ja p\u00f5hjamaiseid taimi, mis k\u00f5ik on seadnud end sisse muinasjutulises veealuses vihmametsas. On aeg sukelduda veealuse maailma saladuste s\u00fcgavustesse! Merihobukesed on teadaolevalt tugevuse, kaitse ja j\u00f5u s\u00fcmboliks \u2013 suurep\u00e4rane tapeedivalik sinu lastetuppa, magamistuppa [&hellip;]<\/p>\n","protected":false},"featured_media":42837,"comment_status":"open","ping_status":"closed","template":"","meta":{"_acf_changed":false,"inline_featured_image":false},"product_brand":[],"product_cat":[386,396,267,273,410,413,415,416,399,402,259,715],"product_tag":[],"class_list":{"0":"post-5323","1":"product","2":"type-product","3":"status-publish","4":"has-post-thumbnail","6":"product_cat-kordusmustriga-tapeedid","7":"product_cat-skandinaavia","8":"product_cat-sinised-tapeedid","9":"product_cat-heledad-tapeedid","10":"product_cat-valge-tapeedid","11":"product_cat-magamistoa-tapeedid","12":"product_cat-kulalistetoa-tapeedid","13":"product_cat-esiku-tapeedid","14":"product_cat-kodukontori-tapeedid","15":"product_cat-elutoa-tapeedid","16":"product_cat-kalad-veealune-maailm","17":"product_cat-soodsad-tapeedid-leiunurk","18":"pa_designedby-baubauwall","20":"first","21":"instock","22":"sale","23":"taxable","24":"shipping-taxable","25":"purchasable","26":"product-type-simple"},"acf":[],"yoast_head":"<!-- This site is optimized with the Yoast SEO plugin v25.9 - https:\/\/yoast.com\/wordpress\/plugins\/seo\/ -->\n<title>Tapeet Sinised merihobused. Soodne r\u00e4tsepat\u00f6\u00f6na valmiv tapeet<\/title>\n<meta name=\"description\" content=\"Tapeedidisain siniste merihobudega. Soodne, hele tapeet, mis sobib lastetuppa kui mujale. R\u00e4tsepat\u00f6\u00f6na valmivad keskkonnas\u00f5bralikud fliistapeedid.\" \/>\n<meta name=\"robots\" content=\"index, follow, max-snippet:-1, max-image-preview:large, max-video-preview:-1\" \/>\n<link rel=\"canonical\" href=\"https:\/\/baubauwall.com\/et\/toode\/tapeet-merihobud\/\" \/>\n<meta property=\"og:locale\" content=\"et_EE\" \/>\n<meta property=\"og:type\" content=\"article\" \/>\n<meta property=\"og:title\" content=\"Tapeet Sinised merihobused. Soodne r\u00e4tsepat\u00f6\u00f6na valmiv tapeet\" \/>\n<meta property=\"og:description\" content=\"Tapeedidisain siniste merihobudega. Soodne, hele tapeet, mis sobib lastetuppa kui mujale. R\u00e4tsepat\u00f6\u00f6na valmivad keskkonnas\u00f5bralikud fliistapeedid.\" \/>\n<meta property=\"og:url\" content=\"https:\/\/baubauwall.com\/et\/toode\/tapeet-merihobud\/\" \/>\n<meta property=\"og:site_name\" content=\"BAUBAUWALL TAPEEDID\" \/>\n<meta property=\"article:publisher\" content=\"https:\/\/www.facebook.com\/Baubauwall\" \/>\n<meta property=\"article:modified_time\" content=\"2024-03-11T07:23:27+00:00\" \/>\n<meta property=\"og:image\" content=\"https:\/\/baubauwall.com\/wp-content\/uploads\/2022\/01\/500002_baubauwall_wallpaper_seahorse-1-scaled-e1645529582300.jpg\" \/>\n\t<meta property=\"og:image:width\" content=\"1146\" \/>\n\t<meta property=\"og:image:height\" content=\"800\" \/>\n\t<meta property=\"og:image:type\" content=\"image\/jpeg\" \/>\n<meta name=\"twitter:card\" content=\"summary_large_image\" \/>\n<meta name=\"twitter:label1\" content=\"Est. reading time\" \/>\n\t<meta name=\"twitter:data1\" content=\"1 minut\" \/>\n<script type=\"application\/ld+json\" class=\"yoast-schema-graph\">{\"@context\":\"https:\/\/schema.org\",\"@graph\":[{\"@type\":\"WebPage\",\"@id\":\"https:\/\/baubauwall.com\/et\/toode\/tapeet-merihobud\/\",\"url\":\"https:\/\/baubauwall.com\/et\/toode\/tapeet-merihobud\/\",\"name\":\"Tapeet Sinised merihobused. Soodne r\u00e4tsepat\u00f6\u00f6na valmiv tapeet\",\"isPartOf\":{\"@id\":\"https:\/\/baubauwall.com\/et\/#website\"},\"primaryImageOfPage\":{\"@id\":\"https:\/\/baubauwall.com\/et\/toode\/tapeet-merihobud\/#primaryimage\"},\"image\":{\"@id\":\"https:\/\/baubauwall.com\/et\/toode\/tapeet-merihobud\/#primaryimage\"},\"thumbnailUrl\":\"https:\/\/baubauwall.com\/wp-content\/uploads\/2022\/01\/51100002_Seahorse_Baubauwall_Wallpaper_room7.jpg\",\"datePublished\":\"2022-01-17T18:24:54+00:00\",\"dateModified\":\"2024-03-11T07:23:27+00:00\",\"description\":\"Tapeedidisain siniste merihobudega. Soodne, hele tapeet, mis sobib lastetuppa kui mujale. R\u00e4tsepat\u00f6\u00f6na valmivad keskkonnas\u00f5bralikud fliistapeedid.\",\"breadcrumb\":{\"@id\":\"https:\/\/baubauwall.com\/et\/toode\/tapeet-merihobud\/#breadcrumb\"},\"inLanguage\":\"et\",\"potentialAction\":[{\"@type\":\"ReadAction\",\"target\":[\"https:\/\/baubauwall.com\/et\/toode\/tapeet-merihobud\/\"]}]},{\"@type\":\"ImageObject\",\"inLanguage\":\"et\",\"@id\":\"https:\/\/baubauwall.com\/et\/toode\/tapeet-merihobud\/#primaryimage\",\"url\":\"https:\/\/baubauwall.com\/wp-content\/uploads\/2022\/01\/51100002_Seahorse_Baubauwall_Wallpaper_room7.jpg\",\"contentUrl\":\"https:\/\/baubauwall.com\/wp-content\/uploads\/2022\/01\/51100002_Seahorse_Baubauwall_Wallpaper_room7.jpg\",\"width\":1155,\"height\":1600,\"caption\":\"Merihobudega tapeet\"},{\"@type\":\"BreadcrumbList\",\"@id\":\"https:\/\/baubauwall.com\/et\/toode\/tapeet-merihobud\/#breadcrumb\",\"itemListElement\":[{\"@type\":\"ListItem\",\"position\":1,\"name\":\"Koju\",\"item\":\"https:\/\/baubauwall.com\/et\/\"},{\"@type\":\"ListItem\",\"position\":2,\"name\":\"Tapeedid\",\"item\":\"https:\/\/baubauwall.com\/et\/tapeedid\/\"},{\"@type\":\"ListItem\",\"position\":3,\"name\":\"Veemaailma merihobud\"}]},{\"@type\":\"WebSite\",\"@id\":\"https:\/\/baubauwall.com\/et\/#website\",\"url\":\"https:\/\/baubauwall.com\/et\/\",\"name\":\"BAUBAUWALL Wallpapers\",\"description\":\"Valmis paanides tapeet Eestist!\",\"publisher\":{\"@id\":\"https:\/\/baubauwall.com\/et\/#organization\"},\"potentialAction\":[{\"@type\":\"SearchAction\",\"target\":{\"@type\":\"EntryPoint\",\"urlTemplate\":\"https:\/\/baubauwall.com\/et\/?s={search_term_string}\"},\"query-input\":{\"@type\":\"PropertyValueSpecification\",\"valueRequired\":true,\"valueName\":\"search_term_string\"}}],\"inLanguage\":\"et\"},{\"@type\":\"Organization\",\"@id\":\"https:\/\/baubauwall.com\/et\/#organization\",\"name\":\"BAUBAUWALL Wallpapers\",\"url\":\"https:\/\/baubauwall.com\/et\/\",\"logo\":{\"@type\":\"ImageObject\",\"inLanguage\":\"et\",\"@id\":\"https:\/\/baubauwall.com\/et\/#\/schema\/logo\/image\/\",\"url\":\"https:\/\/baubauwall.com\/wp-content\/uploads\/2022\/03\/logo-horizontal.svg\",\"contentUrl\":\"https:\/\/baubauwall.com\/wp-content\/uploads\/2022\/03\/logo-horizontal.svg\",\"width\":\"1024\",\"height\":\"1024\",\"caption\":\"BAUBAUWALL Wallpapers\"},\"image\":{\"@id\":\"https:\/\/baubauwall.com\/et\/#\/schema\/logo\/image\/\"},\"sameAs\":[\"https:\/\/www.facebook.com\/Baubauwall\",\"https:\/\/www.instagram.com\/baubauwall\"]}]}<\/script>\n<!-- \/ Yoast SEO plugin. -->","yoast_head_json":{"title":"Tapeet Sinised merihobused. Soodne r\u00e4tsepat\u00f6\u00f6na valmiv tapeet","description":"Tapeedidisain siniste merihobudega. Soodne, hele tapeet, mis sobib lastetuppa kui mujale. R\u00e4tsepat\u00f6\u00f6na valmivad keskkonnas\u00f5bralikud fliistapeedid.","robots":{"index":"index","follow":"follow","max-snippet":"max-snippet:-1","max-image-preview":"max-image-preview:large","max-video-preview":"max-video-preview:-1"},"canonical":"https:\/\/baubauwall.com\/et\/toode\/tapeet-merihobud\/","og_locale":"et_EE","og_type":"article","og_title":"Tapeet Sinised merihobused. Soodne r\u00e4tsepat\u00f6\u00f6na valmiv tapeet","og_description":"Tapeedidisain siniste merihobudega. Soodne, hele tapeet, mis sobib lastetuppa kui mujale. R\u00e4tsepat\u00f6\u00f6na valmivad keskkonnas\u00f5bralikud fliistapeedid.","og_url":"https:\/\/baubauwall.com\/et\/toode\/tapeet-merihobud\/","og_site_name":"BAUBAUWALL TAPEEDID","article_publisher":"https:\/\/www.facebook.com\/Baubauwall","article_modified_time":"2024-03-11T07:23:27+00:00","og_image":[{"width":1146,"height":800,"url":"https:\/\/baubauwall.com\/wp-content\/uploads\/2022\/01\/500002_baubauwall_wallpaper_seahorse-1-scaled-e1645529582300.jpg","type":"image\/jpeg"}],"twitter_card":"summary_large_image","twitter_misc":{"Est. reading time":"1 minut"},"schema":{"@context":"https:\/\/schema.org","@graph":[{"@type":"WebPage","@id":"https:\/\/baubauwall.com\/et\/toode\/tapeet-merihobud\/","url":"https:\/\/baubauwall.com\/et\/toode\/tapeet-merihobud\/","name":"Tapeet Sinised merihobused. Soodne r\u00e4tsepat\u00f6\u00f6na valmiv tapeet","isPartOf":{"@id":"https:\/\/baubauwall.com\/et\/#website"},"primaryImageOfPage":{"@id":"https:\/\/baubauwall.com\/et\/toode\/tapeet-merihobud\/#primaryimage"},"image":{"@id":"https:\/\/baubauwall.com\/et\/toode\/tapeet-merihobud\/#primaryimage"},"thumbnailUrl":"https:\/\/baubauwall.com\/wp-content\/uploads\/2022\/01\/51100002_Seahorse_Baubauwall_Wallpaper_room7.jpg","datePublished":"2022-01-17T18:24:54+00:00","dateModified":"2024-03-11T07:23:27+00:00","description":"Tapeedidisain siniste merihobudega. Soodne, hele tapeet, mis sobib lastetuppa kui mujale. R\u00e4tsepat\u00f6\u00f6na valmivad keskkonnas\u00f5bralikud fliistapeedid.","breadcrumb":{"@id":"https:\/\/baubauwall.com\/et\/toode\/tapeet-merihobud\/#breadcrumb"},"inLanguage":"et","potentialAction":[{"@type":"ReadAction","target":["https:\/\/baubauwall.com\/et\/toode\/tapeet-merihobud\/"]}]},{"@type":"ImageObject","inLanguage":"et","@id":"https:\/\/baubauwall.com\/et\/toode\/tapeet-merihobud\/#primaryimage","url":"https:\/\/baubauwall.com\/wp-content\/uploads\/2022\/01\/51100002_Seahorse_Baubauwall_Wallpaper_room7.jpg","contentUrl":"https:\/\/baubauwall.com\/wp-content\/uploads\/2022\/01\/51100002_Seahorse_Baubauwall_Wallpaper_room7.jpg","width":1155,"height":1600,"caption":"Merihobudega tapeet"},{"@type":"BreadcrumbList","@id":"https:\/\/baubauwall.com\/et\/toode\/tapeet-merihobud\/#breadcrumb","itemListElement":[{"@type":"ListItem","position":1,"name":"Koju","item":"https:\/\/baubauwall.com\/et\/"},{"@type":"ListItem","position":2,"name":"Tapeedid","item":"https:\/\/baubauwall.com\/et\/tapeedid\/"},{"@type":"ListItem","position":3,"name":"Veemaailma merihobud"}]},{"@type":"WebSite","@id":"https:\/\/baubauwall.com\/et\/#website","url":"https:\/\/baubauwall.com\/et\/","name":"BAUBAUWALL Wallpapers","description":"Valmis paanides tapeet Eestist!","publisher":{"@id":"https:\/\/baubauwall.com\/et\/#organization"},"potentialAction":[{"@type":"SearchAction","target":{"@type":"EntryPoint","urlTemplate":"https:\/\/baubauwall.com\/et\/?s={search_term_string}"},"query-input":{"@type":"PropertyValueSpecification","valueRequired":true,"valueName":"search_term_string"}}],"inLanguage":"et"},{"@type":"Organization","@id":"https:\/\/baubauwall.com\/et\/#organization","name":"BAUBAUWALL Wallpapers","url":"https:\/\/baubauwall.com\/et\/","logo":{"@type":"ImageObject","inLanguage":"et","@id":"https:\/\/baubauwall.com\/et\/#\/schema\/logo\/image\/","url":"https:\/\/baubauwall.com\/wp-content\/uploads\/2022\/03\/logo-horizontal.svg","contentUrl":"https:\/\/baubauwall.com\/wp-content\/uploads\/2022\/03\/logo-horizontal.svg","width":"1024","height":"1024","caption":"BAUBAUWALL Wallpapers"},"image":{"@id":"https:\/\/baubauwall.com\/et\/#\/schema\/logo\/image\/"},"sameAs":["https:\/\/www.facebook.com\/Baubauwall","https:\/\/www.instagram.com\/baubauwall"]}]}},"jetpack_sharing_enabled":true,"_links":{"self":[{"href":"https:\/\/baubauwall.com\/et\/wp-json\/wp\/v2\/product\/5323","targetHints":{"allow":["GET"]}}],"collection":[{"href":"https:\/\/baubauwall.com\/et\/wp-json\/wp\/v2\/product"}],"about":[{"href":"https:\/\/baubauwall.com\/et\/wp-json\/wp\/v2\/types\/product"}],"replies":[{"embeddable":true,"href":"https:\/\/baubauwall.com\/et\/wp-json\/wp\/v2\/comments?post=5323"}],"wp:featuredmedia":[{"embeddable":true,"href":"https:\/\/baubauwall.com\/et\/wp-json\/wp\/v2\/media\/42837"}],"wp:attachment":[{"href":"https:\/\/baubauwall.com\/et\/wp-json\/wp\/v2\/media?parent=5323"}],"wp:term":[{"taxonomy":"product_brand","embeddable":true,"href":"https:\/\/baubauwall.com\/et\/wp-json\/wp\/v2\/product_brand?post=5323"},{"taxonomy":"product_cat","embeddable":true,"href":"https:\/\/baubauwall.com\/et\/wp-json\/wp\/v2\/product_cat?post=5323"},{"taxonomy":"product_tag","embeddable":true,"href":"https:\/\/baubauwall.com\/et\/wp-json\/wp\/v2\/product_tag?post=5323"}],"curies":[{"name":"wp","href":"https:\/\/api.w.org\/{rel}","templated":true}]}}