{"id":5331,"date":"2022-01-17T21:01:30","date_gmt":"2022-01-17T19:01:30","guid":{"rendered":"https:\/\/baubauwall.com\/product\/night-butterflies-wallpaper\/"},"modified":"2024-03-11T09:29:00","modified_gmt":"2024-03-11T07:29:00","slug":"tapeet-ooliblikas","status":"publish","type":"product","link":"https:\/\/baubauwall.com\/et\/toode\/tapeet-ooliblikas\/","title":{"rendered":"\u00d6\u00f6liblikad"},"content":{"rendered":"<p>Sellel armsal lillelisel tapeedimustril lendavad liblikad \u00f5ielt \u00f5iele vapustavalt kauni tumesinise \u00f6\u00f6 taustal. Liblikad on taass\u00fcnni ja r\u00f5\u00f5mu s\u00fcmboliks, olles seega suurep\u00e4rane tapeedivalik sinu magamistuppa. Soodne tapeet, mis toob tuppa veidi tumesinist draamat ja on \u00fchtviisi hea tapeediidee aktsentseinale kui ka mitmele.<\/p>\n<p><strong>Nagu k\u00f5ik Baubauwalli kordusmustriga tapeedid ja pilttapeedid, on ka see soodne tapeet tr\u00fckitud <a href=\"https:\/\/baubauwall.com\/et\/keskkonnasobralikud-tapeedid\/\" target=\"_blank\" rel=\"noopener\">keskkonnas\u00f5bralike v\u00e4rvidega<\/a>, hingavale fliistapeedi materjalile, mis ei l\u00e4igi ja on lihtne paigaldada. Sinu uus tapeet tuleb valmis l\u00f5igatud ning nummerdatud paanides, mis on t\u00e4pselt nii k\u00f5rged, kui Sinu sein.<\/strong><\/p>\n<p>Loe lisaks j\u00e4\u00e4tmevabast ja innovaatilisest tapeeditootmisest <a href=\"https:\/\/baubauwall.com\/et\/keskkonnasobralikud-tapeedid\/\" target=\"_blank\" rel=\"noopener\">siin<\/a>.<\/p>\n<p>&nbsp;<\/p>\n","protected":false},"excerpt":{"rendered":"<p>Sellel armsal lillelisel tapeedimustril lendavad liblikad \u00f5ielt \u00f5iele vapustavalt kauni tumesinise \u00f6\u00f6 taustal. Liblikad on taass\u00fcnni ja r\u00f5\u00f5mu s\u00fcmboliks, olles seega suurep\u00e4rane tapeedivalik sinu magamistuppa. Soodne tapeet, mis toob tuppa veidi tumesinist draamat ja on \u00fchtviisi hea tapeediidee aktsentseinale kui ka mitmele. Nagu k\u00f5ik Baubauwalli kordusmustriga tapeedid ja pilttapeedid, on ka see soodne tapeet tr\u00fckitud [&hellip;]<\/p>\n","protected":false},"featured_media":42898,"comment_status":"open","ping_status":"closed","template":"","meta":{"_acf_changed":false,"inline_featured_image":false},"product_brand":[],"product_cat":[386,396,267,270,410,413,414,415,416,399,401,402,412,258,715],"product_tag":[298],"class_list":{"0":"post-5331","1":"product","2":"type-product","3":"status-publish","4":"has-post-thumbnail","6":"product_cat-kordusmustriga-tapeedid","7":"product_cat-skandinaavia","8":"product_cat-sinised-tapeedid","9":"product_cat-tumedad-tapeedid","10":"product_cat-valge-tapeedid","11":"product_cat-magamistoa-tapeedid","12":"product_cat-soogitoa-tapeedid","13":"product_cat-kulalistetoa-tapeedid","14":"product_cat-esiku-tapeedid","15":"product_cat-kodukontori-tapeedid","16":"product_cat-koogi-tapeedid","17":"product_cat-elutoa-tapeedid","18":"product_cat-vannitoa-tapeedid","19":"product_cat-putukad-liblikad","20":"product_cat-soodsad-tapeedid-leiunurk","21":"product_tag-botaaniline","22":"pa_designedby-baubauwall","24":"first","25":"instock","26":"sale","27":"taxable","28":"shipping-taxable","29":"purchasable","30":"product-type-simple"},"acf":[],"yoast_head":"<!-- This site is optimized with the Yoast SEO plugin v25.9 - https:\/\/yoast.com\/wordpress\/plugins\/seo\/ -->\n<title>Tumesinine tapeet \u00d6\u00f6liblikad. R\u00e4tsepat\u00f6\u00f6na valmivad tapeedid<\/title>\n<meta name=\"description\" content=\"Tumesinine, soodne tapeet liblikatega. Sisesta oma seina m\u00f5\u00f5dud ja tr\u00fckime t\u00e4pselt nii palju tapeeti. Tapeetimine lihtsalt!\" \/>\n<meta name=\"robots\" content=\"index, follow, max-snippet:-1, max-image-preview:large, max-video-preview:-1\" \/>\n<link rel=\"canonical\" href=\"https:\/\/baubauwall.com\/et\/toode\/tapeet-ooliblikas\/\" \/>\n<meta property=\"og:locale\" content=\"et_EE\" \/>\n<meta property=\"og:type\" content=\"article\" \/>\n<meta property=\"og:title\" content=\"Tumesinine tapeet \u00d6\u00f6liblikad. R\u00e4tsepat\u00f6\u00f6na valmivad tapeedid\" \/>\n<meta property=\"og:description\" content=\"Tumesinine, soodne tapeet liblikatega. Sisesta oma seina m\u00f5\u00f5dud ja tr\u00fckime t\u00e4pselt nii palju tapeeti. Tapeetimine lihtsalt!\" \/>\n<meta property=\"og:url\" content=\"https:\/\/baubauwall.com\/et\/toode\/tapeet-ooliblikas\/\" \/>\n<meta property=\"og:site_name\" content=\"BAUBAUWALL TAPEEDID\" \/>\n<meta property=\"article:publisher\" content=\"https:\/\/www.facebook.com\/Baubauwall\" \/>\n<meta property=\"article:modified_time\" content=\"2024-03-11T07:29:00+00:00\" \/>\n<meta property=\"og:image\" content=\"https:\/\/baubauwall.com\/wp-content\/uploads\/2022\/01\/51100005_NightButterfly_Baubauwall_Wallpaper_room9.png\" \/>\n\t<meta property=\"og:image:width\" content=\"1200\" \/>\n\t<meta property=\"og:image:height\" content=\"800\" \/>\n\t<meta property=\"og:image:type\" content=\"image\/png\" \/>\n<meta name=\"twitter:card\" content=\"summary_large_image\" \/>\n<meta name=\"twitter:label1\" content=\"Est. reading time\" \/>\n\t<meta name=\"twitter:data1\" content=\"1 minut\" \/>\n<script type=\"application\/ld+json\" class=\"yoast-schema-graph\">{\"@context\":\"https:\/\/schema.org\",\"@graph\":[{\"@type\":\"WebPage\",\"@id\":\"https:\/\/baubauwall.com\/et\/toode\/tapeet-ooliblikas\/\",\"url\":\"https:\/\/baubauwall.com\/et\/toode\/tapeet-ooliblikas\/\",\"name\":\"Tumesinine tapeet \u00d6\u00f6liblikad. R\u00e4tsepat\u00f6\u00f6na valmivad tapeedid\",\"isPartOf\":{\"@id\":\"https:\/\/baubauwall.com\/et\/#website\"},\"primaryImageOfPage\":{\"@id\":\"https:\/\/baubauwall.com\/et\/toode\/tapeet-ooliblikas\/#primaryimage\"},\"image\":{\"@id\":\"https:\/\/baubauwall.com\/et\/toode\/tapeet-ooliblikas\/#primaryimage\"},\"thumbnailUrl\":\"https:\/\/baubauwall.com\/wp-content\/uploads\/2022\/01\/51100005_NightButterfly_Baubauwall_Wallpaper_room15.jpg\",\"datePublished\":\"2022-01-17T19:01:30+00:00\",\"dateModified\":\"2024-03-11T07:29:00+00:00\",\"description\":\"Tumesinine, soodne tapeet liblikatega. Sisesta oma seina m\u00f5\u00f5dud ja tr\u00fckime t\u00e4pselt nii palju tapeeti. Tapeetimine lihtsalt!\",\"breadcrumb\":{\"@id\":\"https:\/\/baubauwall.com\/et\/toode\/tapeet-ooliblikas\/#breadcrumb\"},\"inLanguage\":\"et\",\"potentialAction\":[{\"@type\":\"ReadAction\",\"target\":[\"https:\/\/baubauwall.com\/et\/toode\/tapeet-ooliblikas\/\"]}]},{\"@type\":\"ImageObject\",\"inLanguage\":\"et\",\"@id\":\"https:\/\/baubauwall.com\/et\/toode\/tapeet-ooliblikas\/#primaryimage\",\"url\":\"https:\/\/baubauwall.com\/wp-content\/uploads\/2022\/01\/51100005_NightButterfly_Baubauwall_Wallpaper_room15.jpg\",\"contentUrl\":\"https:\/\/baubauwall.com\/wp-content\/uploads\/2022\/01\/51100005_NightButterfly_Baubauwall_Wallpaper_room15.jpg\",\"width\":2400,\"height\":1600,\"caption\":\"Dark blue wallpaper in a bathroom Butterfly pattern wallpaper by Baubauwal Wallpapers\"},{\"@type\":\"BreadcrumbList\",\"@id\":\"https:\/\/baubauwall.com\/et\/toode\/tapeet-ooliblikas\/#breadcrumb\",\"itemListElement\":[{\"@type\":\"ListItem\",\"position\":1,\"name\":\"Koju\",\"item\":\"https:\/\/baubauwall.com\/et\/\"},{\"@type\":\"ListItem\",\"position\":2,\"name\":\"Tapeedid\",\"item\":\"https:\/\/baubauwall.com\/et\/tapeedid\/\"},{\"@type\":\"ListItem\",\"position\":3,\"name\":\"\u00d6\u00f6liblikad\"}]},{\"@type\":\"WebSite\",\"@id\":\"https:\/\/baubauwall.com\/et\/#website\",\"url\":\"https:\/\/baubauwall.com\/et\/\",\"name\":\"BAUBAUWALL Wallpapers\",\"description\":\"Valmis paanides tapeet Eestist!\",\"publisher\":{\"@id\":\"https:\/\/baubauwall.com\/et\/#organization\"},\"potentialAction\":[{\"@type\":\"SearchAction\",\"target\":{\"@type\":\"EntryPoint\",\"urlTemplate\":\"https:\/\/baubauwall.com\/et\/?s={search_term_string}\"},\"query-input\":{\"@type\":\"PropertyValueSpecification\",\"valueRequired\":true,\"valueName\":\"search_term_string\"}}],\"inLanguage\":\"et\"},{\"@type\":\"Organization\",\"@id\":\"https:\/\/baubauwall.com\/et\/#organization\",\"name\":\"BAUBAUWALL Wallpapers\",\"url\":\"https:\/\/baubauwall.com\/et\/\",\"logo\":{\"@type\":\"ImageObject\",\"inLanguage\":\"et\",\"@id\":\"https:\/\/baubauwall.com\/et\/#\/schema\/logo\/image\/\",\"url\":\"https:\/\/baubauwall.com\/wp-content\/uploads\/2022\/03\/logo-horizontal.svg\",\"contentUrl\":\"https:\/\/baubauwall.com\/wp-content\/uploads\/2022\/03\/logo-horizontal.svg\",\"width\":\"1024\",\"height\":\"1024\",\"caption\":\"BAUBAUWALL Wallpapers\"},\"image\":{\"@id\":\"https:\/\/baubauwall.com\/et\/#\/schema\/logo\/image\/\"},\"sameAs\":[\"https:\/\/www.facebook.com\/Baubauwall\",\"https:\/\/www.instagram.com\/baubauwall\"]}]}<\/script>\n<!-- \/ Yoast SEO plugin. -->","yoast_head_json":{"title":"Tumesinine tapeet \u00d6\u00f6liblikad. R\u00e4tsepat\u00f6\u00f6na valmivad tapeedid","description":"Tumesinine, soodne tapeet liblikatega. Sisesta oma seina m\u00f5\u00f5dud ja tr\u00fckime t\u00e4pselt nii palju tapeeti. Tapeetimine lihtsalt!","robots":{"index":"index","follow":"follow","max-snippet":"max-snippet:-1","max-image-preview":"max-image-preview:large","max-video-preview":"max-video-preview:-1"},"canonical":"https:\/\/baubauwall.com\/et\/toode\/tapeet-ooliblikas\/","og_locale":"et_EE","og_type":"article","og_title":"Tumesinine tapeet \u00d6\u00f6liblikad. R\u00e4tsepat\u00f6\u00f6na valmivad tapeedid","og_description":"Tumesinine, soodne tapeet liblikatega. Sisesta oma seina m\u00f5\u00f5dud ja tr\u00fckime t\u00e4pselt nii palju tapeeti. Tapeetimine lihtsalt!","og_url":"https:\/\/baubauwall.com\/et\/toode\/tapeet-ooliblikas\/","og_site_name":"BAUBAUWALL TAPEEDID","article_publisher":"https:\/\/www.facebook.com\/Baubauwall","article_modified_time":"2024-03-11T07:29:00+00:00","og_image":[{"width":1200,"height":800,"url":"https:\/\/baubauwall.com\/wp-content\/uploads\/2022\/01\/51100005_NightButterfly_Baubauwall_Wallpaper_room9.png","type":"image\/png"}],"twitter_card":"summary_large_image","twitter_misc":{"Est. reading time":"1 minut"},"schema":{"@context":"https:\/\/schema.org","@graph":[{"@type":"WebPage","@id":"https:\/\/baubauwall.com\/et\/toode\/tapeet-ooliblikas\/","url":"https:\/\/baubauwall.com\/et\/toode\/tapeet-ooliblikas\/","name":"Tumesinine tapeet \u00d6\u00f6liblikad. R\u00e4tsepat\u00f6\u00f6na valmivad tapeedid","isPartOf":{"@id":"https:\/\/baubauwall.com\/et\/#website"},"primaryImageOfPage":{"@id":"https:\/\/baubauwall.com\/et\/toode\/tapeet-ooliblikas\/#primaryimage"},"image":{"@id":"https:\/\/baubauwall.com\/et\/toode\/tapeet-ooliblikas\/#primaryimage"},"thumbnailUrl":"https:\/\/baubauwall.com\/wp-content\/uploads\/2022\/01\/51100005_NightButterfly_Baubauwall_Wallpaper_room15.jpg","datePublished":"2022-01-17T19:01:30+00:00","dateModified":"2024-03-11T07:29:00+00:00","description":"Tumesinine, soodne tapeet liblikatega. Sisesta oma seina m\u00f5\u00f5dud ja tr\u00fckime t\u00e4pselt nii palju tapeeti. Tapeetimine lihtsalt!","breadcrumb":{"@id":"https:\/\/baubauwall.com\/et\/toode\/tapeet-ooliblikas\/#breadcrumb"},"inLanguage":"et","potentialAction":[{"@type":"ReadAction","target":["https:\/\/baubauwall.com\/et\/toode\/tapeet-ooliblikas\/"]}]},{"@type":"ImageObject","inLanguage":"et","@id":"https:\/\/baubauwall.com\/et\/toode\/tapeet-ooliblikas\/#primaryimage","url":"https:\/\/baubauwall.com\/wp-content\/uploads\/2022\/01\/51100005_NightButterfly_Baubauwall_Wallpaper_room15.jpg","contentUrl":"https:\/\/baubauwall.com\/wp-content\/uploads\/2022\/01\/51100005_NightButterfly_Baubauwall_Wallpaper_room15.jpg","width":2400,"height":1600,"caption":"Dark blue wallpaper in a bathroom Butterfly pattern wallpaper by Baubauwal Wallpapers"},{"@type":"BreadcrumbList","@id":"https:\/\/baubauwall.com\/et\/toode\/tapeet-ooliblikas\/#breadcrumb","itemListElement":[{"@type":"ListItem","position":1,"name":"Koju","item":"https:\/\/baubauwall.com\/et\/"},{"@type":"ListItem","position":2,"name":"Tapeedid","item":"https:\/\/baubauwall.com\/et\/tapeedid\/"},{"@type":"ListItem","position":3,"name":"\u00d6\u00f6liblikad"}]},{"@type":"WebSite","@id":"https:\/\/baubauwall.com\/et\/#website","url":"https:\/\/baubauwall.com\/et\/","name":"BAUBAUWALL Wallpapers","description":"Valmis paanides tapeet Eestist!","publisher":{"@id":"https:\/\/baubauwall.com\/et\/#organization"},"potentialAction":[{"@type":"SearchAction","target":{"@type":"EntryPoint","urlTemplate":"https:\/\/baubauwall.com\/et\/?s={search_term_string}"},"query-input":{"@type":"PropertyValueSpecification","valueRequired":true,"valueName":"search_term_string"}}],"inLanguage":"et"},{"@type":"Organization","@id":"https:\/\/baubauwall.com\/et\/#organization","name":"BAUBAUWALL Wallpapers","url":"https:\/\/baubauwall.com\/et\/","logo":{"@type":"ImageObject","inLanguage":"et","@id":"https:\/\/baubauwall.com\/et\/#\/schema\/logo\/image\/","url":"https:\/\/baubauwall.com\/wp-content\/uploads\/2022\/03\/logo-horizontal.svg","contentUrl":"https:\/\/baubauwall.com\/wp-content\/uploads\/2022\/03\/logo-horizontal.svg","width":"1024","height":"1024","caption":"BAUBAUWALL Wallpapers"},"image":{"@id":"https:\/\/baubauwall.com\/et\/#\/schema\/logo\/image\/"},"sameAs":["https:\/\/www.facebook.com\/Baubauwall","https:\/\/www.instagram.com\/baubauwall"]}]}},"jetpack_sharing_enabled":true,"_links":{"self":[{"href":"https:\/\/baubauwall.com\/et\/wp-json\/wp\/v2\/product\/5331","targetHints":{"allow":["GET"]}}],"collection":[{"href":"https:\/\/baubauwall.com\/et\/wp-json\/wp\/v2\/product"}],"about":[{"href":"https:\/\/baubauwall.com\/et\/wp-json\/wp\/v2\/types\/product"}],"replies":[{"embeddable":true,"href":"https:\/\/baubauwall.com\/et\/wp-json\/wp\/v2\/comments?post=5331"}],"wp:featuredmedia":[{"embeddable":true,"href":"https:\/\/baubauwall.com\/et\/wp-json\/wp\/v2\/media\/42898"}],"wp:attachment":[{"href":"https:\/\/baubauwall.com\/et\/wp-json\/wp\/v2\/media?parent=5331"}],"wp:term":[{"taxonomy":"product_brand","embeddable":true,"href":"https:\/\/baubauwall.com\/et\/wp-json\/wp\/v2\/product_brand?post=5331"},{"taxonomy":"product_cat","embeddable":true,"href":"https:\/\/baubauwall.com\/et\/wp-json\/wp\/v2\/product_cat?post=5331"},{"taxonomy":"product_tag","embeddable":true,"href":"https:\/\/baubauwall.com\/et\/wp-json\/wp\/v2\/product_tag?post=5331"}],"curies":[{"name":"wp","href":"https:\/\/api.w.org\/{rel}","templated":true}]}}