{"id":5333,"date":"2022-01-17T21:08:47","date_gmt":"2022-01-17T19:08:47","guid":{"rendered":"https:\/\/baubauwall.com\/product\/secret-garden-wallpaper\/"},"modified":"2025-09-04T20:57:02","modified_gmt":"2025-09-04T18:57:02","slug":"secret-garden-wallpaper","status":"publish","type":"product","link":"https:\/\/baubauwall.com\/et\/toode\/secret-garden-wallpaper\/","title":{"rendered":"Salajane aed"},"content":{"rendered":"<p>K\u00fcpsed, mahlased ja oivalised virsikud ahvatlevad linde selle salajase aia meeleolust kantud tapeedi mustril. Aga ehk ahvatlevad ka Sind? Disainis domineeriv virsikutoon on tuntud kui harmoonia ja kodusoojuse looja. Kombineeri virsikuv\u00e4rvi tapeet minimalistliku heleda m\u00f6\u00f6bli ja roheliste taimedega \u2013 kindel valik Sinu kodule.<\/p>\n","protected":false},"excerpt":{"rendered":"<p>K\u00fcpsed, mahlased ja oivalised virsikud ahvatlevad linde selle salajase aia meeleolust kantud tapeedi mustril. Aga ehk ahvatlevad ka Sind? Disainis domineeriv virsikutoon on tuntud kui harmoonia ja kodusoojuse looja. Kombineeri virsikuv\u00e4rvi tapeet minimalistliku heleda m\u00f6\u00f6bli ja roheliste taimedega \u2013 kindel valik Sinu kodule.<\/p>\n","protected":false},"featured_media":42847,"comment_status":"open","ping_status":"closed","template":"","meta":{"_acf_changed":false,"inline_featured_image":false},"product_brand":[],"product_cat":[386,396,273,275,276,410,413,400,415,402,412,254,257,261,561,715],"product_tag":[298,832],"class_list":{"0":"post-5333","1":"product","2":"type-product","3":"status-publish","4":"has-post-thumbnail","6":"product_cat-kordusmustriga-tapeedid","7":"product_cat-skandinaavia","8":"product_cat-heledad-tapeedid","9":"product_cat-oranzid-tapeedid","10":"product_cat-pastelsed-tapeedid","11":"product_cat-valge-tapeedid","12":"product_cat-magamistoa-tapeedid","13":"product_cat-lastetoa-tapeedid","14":"product_cat-kulalistetoa-tapeedid","15":"product_cat-elutoa-tapeedid","16":"product_cat-vannitoa-tapeedid","17":"product_cat-loodus","18":"product_cat-linnud","19":"product_cat-puuviljad","20":"product_cat-suvised-tapeedid","21":"product_cat-soodsad-tapeedid-leiunurk","22":"product_tag-botaaniline","23":"product_tag-kordusmustriga-tapeedid","24":"pa_designedby-baubauwall","26":"first","27":"instock","28":"sale","29":"taxable","30":"shipping-taxable","31":"purchasable","32":"product-type-simple"},"acf":[],"yoast_head":"<!-- This site is optimized with the Yoast SEO plugin v25.9 - https:\/\/yoast.com\/wordpress\/plugins\/seo\/ -->\n<title>Tapeet lindudega - Salaaed. R\u00e4tsepat\u00f6\u00f6na valmivad tapeedid<\/title>\n<meta name=\"description\" content=\"Tapeet lindudega. R\u00e4tsepat\u00f6\u00f6na valmivad tapeedid, Sinu seina m\u00f5\u00f5dus, valmis l\u00f5igatud t\u00e4pseteks paanideks.\" \/>\n<meta name=\"robots\" content=\"index, follow, max-snippet:-1, max-image-preview:large, max-video-preview:-1\" \/>\n<link rel=\"canonical\" href=\"https:\/\/baubauwall.com\/et\/toode\/secret-garden-wallpaper\/\" \/>\n<meta property=\"og:locale\" content=\"et_EE\" \/>\n<meta property=\"og:type\" content=\"article\" \/>\n<meta property=\"og:title\" content=\"Tapeet lindudega - Salaaed. R\u00e4tsepat\u00f6\u00f6na valmivad tapeedid\" \/>\n<meta property=\"og:description\" content=\"Tapeet lindudega. R\u00e4tsepat\u00f6\u00f6na valmivad tapeedid, Sinu seina m\u00f5\u00f5dus, valmis l\u00f5igatud t\u00e4pseteks paanideks.\" \/>\n<meta property=\"og:url\" content=\"https:\/\/baubauwall.com\/et\/toode\/secret-garden-wallpaper\/\" \/>\n<meta property=\"og:site_name\" content=\"BAUBAUWALL Wallpapers\" \/>\n<meta property=\"article:publisher\" content=\"https:\/\/www.facebook.com\/Baubauwall\" \/>\n<meta property=\"article:modified_time\" content=\"2025-09-04T18:57:02+00:00\" \/>\n<meta property=\"og:image\" content=\"https:\/\/baubauwall.com\/wp-content\/uploads\/2022\/01\/51100007_SecretGarden_Baubauwall_Wallpaper_room91.jpg\" \/>\n\t<meta property=\"og:image:width\" content=\"2400\" \/>\n\t<meta property=\"og:image:height\" content=\"1600\" \/>\n\t<meta property=\"og:image:type\" content=\"image\/jpeg\" \/>\n<meta name=\"twitter:card\" content=\"summary_large_image\" \/>\n<meta name=\"twitter:label1\" content=\"Est. reading time\" \/>\n\t<meta name=\"twitter:data1\" content=\"1 minut\" \/>\n<script type=\"application\/ld+json\" class=\"yoast-schema-graph\">{\"@context\":\"https:\/\/schema.org\",\"@graph\":[{\"@type\":\"WebPage\",\"@id\":\"https:\/\/baubauwall.com\/et\/toode\/secret-garden-wallpaper\/\",\"url\":\"https:\/\/baubauwall.com\/et\/toode\/secret-garden-wallpaper\/\",\"name\":\"Tapeet lindudega - Salaaed. R\u00e4tsepat\u00f6\u00f6na valmivad tapeedid\",\"isPartOf\":{\"@id\":\"https:\/\/baubauwall.com\/et\/#website\"},\"primaryImageOfPage\":{\"@id\":\"https:\/\/baubauwall.com\/et\/toode\/secret-garden-wallpaper\/#primaryimage\"},\"image\":{\"@id\":\"https:\/\/baubauwall.com\/et\/toode\/secret-garden-wallpaper\/#primaryimage\"},\"thumbnailUrl\":\"https:\/\/baubauwall.com\/wp-content\/uploads\/2022\/01\/51100007_SecretGarden_Baubauwall_Wallpaper_room91.jpg\",\"datePublished\":\"2022-01-17T19:08:47+00:00\",\"dateModified\":\"2025-09-04T18:57:02+00:00\",\"description\":\"Tapeet lindudega. R\u00e4tsepat\u00f6\u00f6na valmivad tapeedid, Sinu seina m\u00f5\u00f5dus, valmis l\u00f5igatud t\u00e4pseteks paanideks.\",\"breadcrumb\":{\"@id\":\"https:\/\/baubauwall.com\/et\/toode\/secret-garden-wallpaper\/#breadcrumb\"},\"inLanguage\":\"et\",\"potentialAction\":[{\"@type\":\"ReadAction\",\"target\":[\"https:\/\/baubauwall.com\/et\/toode\/secret-garden-wallpaper\/\"]}]},{\"@type\":\"ImageObject\",\"inLanguage\":\"et\",\"@id\":\"https:\/\/baubauwall.com\/et\/toode\/secret-garden-wallpaper\/#primaryimage\",\"url\":\"https:\/\/baubauwall.com\/wp-content\/uploads\/2022\/01\/51100007_SecretGarden_Baubauwall_Wallpaper_room91.jpg\",\"contentUrl\":\"https:\/\/baubauwall.com\/wp-content\/uploads\/2022\/01\/51100007_SecretGarden_Baubauwall_Wallpaper_room91.jpg\",\"width\":2400,\"height\":1600,\"caption\":\"Tapeet virsikutega. Lastetoa v\u00f5i magamistoa romantiline armas tapeet. Baubauwall tapeedid\"},{\"@type\":\"BreadcrumbList\",\"@id\":\"https:\/\/baubauwall.com\/et\/toode\/secret-garden-wallpaper\/#breadcrumb\",\"itemListElement\":[{\"@type\":\"ListItem\",\"position\":1,\"name\":\"Koju\",\"item\":\"https:\/\/baubauwall.com\/et\/\"},{\"@type\":\"ListItem\",\"position\":2,\"name\":\"Tapeedid\",\"item\":\"https:\/\/baubauwall.com\/et\/tapeedid\/\"},{\"@type\":\"ListItem\",\"position\":3,\"name\":\"Salajane aed\"}]},{\"@type\":\"WebSite\",\"@id\":\"https:\/\/baubauwall.com\/et\/#website\",\"url\":\"https:\/\/baubauwall.com\/et\/\",\"name\":\"BAUBAUWALL Wallpapers\",\"description\":\"Valmis paanides tapeet Eestist!\",\"publisher\":{\"@id\":\"https:\/\/baubauwall.com\/et\/#organization\"},\"potentialAction\":[{\"@type\":\"SearchAction\",\"target\":{\"@type\":\"EntryPoint\",\"urlTemplate\":\"https:\/\/baubauwall.com\/et\/?s={search_term_string}\"},\"query-input\":{\"@type\":\"PropertyValueSpecification\",\"valueRequired\":true,\"valueName\":\"search_term_string\"}}],\"inLanguage\":\"et\"},{\"@type\":\"Organization\",\"@id\":\"https:\/\/baubauwall.com\/et\/#organization\",\"name\":\"BAUBAUWALL Wallpapers\",\"url\":\"https:\/\/baubauwall.com\/et\/\",\"logo\":{\"@type\":\"ImageObject\",\"inLanguage\":\"et\",\"@id\":\"https:\/\/baubauwall.com\/et\/#\/schema\/logo\/image\/\",\"url\":\"https:\/\/baubauwall.com\/wp-content\/uploads\/2022\/03\/logo-horizontal.svg\",\"contentUrl\":\"https:\/\/baubauwall.com\/wp-content\/uploads\/2022\/03\/logo-horizontal.svg\",\"width\":\"1024\",\"height\":\"1024\",\"caption\":\"BAUBAUWALL Wallpapers\"},\"image\":{\"@id\":\"https:\/\/baubauwall.com\/et\/#\/schema\/logo\/image\/\"},\"sameAs\":[\"https:\/\/www.facebook.com\/Baubauwall\",\"https:\/\/www.instagram.com\/baubauwall\"]}]}<\/script>\n<!-- \/ Yoast SEO plugin. -->","yoast_head_json":{"title":"Tapeet lindudega - Salaaed. R\u00e4tsepat\u00f6\u00f6na valmivad tapeedid","description":"Tapeet lindudega. R\u00e4tsepat\u00f6\u00f6na valmivad tapeedid, Sinu seina m\u00f5\u00f5dus, valmis l\u00f5igatud t\u00e4pseteks paanideks.","robots":{"index":"index","follow":"follow","max-snippet":"max-snippet:-1","max-image-preview":"max-image-preview:large","max-video-preview":"max-video-preview:-1"},"canonical":"https:\/\/baubauwall.com\/et\/toode\/secret-garden-wallpaper\/","og_locale":"et_EE","og_type":"article","og_title":"Tapeet lindudega - Salaaed. R\u00e4tsepat\u00f6\u00f6na valmivad tapeedid","og_description":"Tapeet lindudega. R\u00e4tsepat\u00f6\u00f6na valmivad tapeedid, Sinu seina m\u00f5\u00f5dus, valmis l\u00f5igatud t\u00e4pseteks paanideks.","og_url":"https:\/\/baubauwall.com\/et\/toode\/secret-garden-wallpaper\/","og_site_name":"BAUBAUWALL Wallpapers","article_publisher":"https:\/\/www.facebook.com\/Baubauwall","article_modified_time":"2025-09-04T18:57:02+00:00","og_image":[{"width":2400,"height":1600,"url":"https:\/\/baubauwall.com\/wp-content\/uploads\/2022\/01\/51100007_SecretGarden_Baubauwall_Wallpaper_room91.jpg","type":"image\/jpeg"}],"twitter_card":"summary_large_image","twitter_misc":{"Est. reading time":"1 minut"},"schema":{"@context":"https:\/\/schema.org","@graph":[{"@type":"WebPage","@id":"https:\/\/baubauwall.com\/et\/toode\/secret-garden-wallpaper\/","url":"https:\/\/baubauwall.com\/et\/toode\/secret-garden-wallpaper\/","name":"Tapeet lindudega - Salaaed. R\u00e4tsepat\u00f6\u00f6na valmivad tapeedid","isPartOf":{"@id":"https:\/\/baubauwall.com\/et\/#website"},"primaryImageOfPage":{"@id":"https:\/\/baubauwall.com\/et\/toode\/secret-garden-wallpaper\/#primaryimage"},"image":{"@id":"https:\/\/baubauwall.com\/et\/toode\/secret-garden-wallpaper\/#primaryimage"},"thumbnailUrl":"https:\/\/baubauwall.com\/wp-content\/uploads\/2022\/01\/51100007_SecretGarden_Baubauwall_Wallpaper_room91.jpg","datePublished":"2022-01-17T19:08:47+00:00","dateModified":"2025-09-04T18:57:02+00:00","description":"Tapeet lindudega. R\u00e4tsepat\u00f6\u00f6na valmivad tapeedid, Sinu seina m\u00f5\u00f5dus, valmis l\u00f5igatud t\u00e4pseteks paanideks.","breadcrumb":{"@id":"https:\/\/baubauwall.com\/et\/toode\/secret-garden-wallpaper\/#breadcrumb"},"inLanguage":"et","potentialAction":[{"@type":"ReadAction","target":["https:\/\/baubauwall.com\/et\/toode\/secret-garden-wallpaper\/"]}]},{"@type":"ImageObject","inLanguage":"et","@id":"https:\/\/baubauwall.com\/et\/toode\/secret-garden-wallpaper\/#primaryimage","url":"https:\/\/baubauwall.com\/wp-content\/uploads\/2022\/01\/51100007_SecretGarden_Baubauwall_Wallpaper_room91.jpg","contentUrl":"https:\/\/baubauwall.com\/wp-content\/uploads\/2022\/01\/51100007_SecretGarden_Baubauwall_Wallpaper_room91.jpg","width":2400,"height":1600,"caption":"Tapeet virsikutega. Lastetoa v\u00f5i magamistoa romantiline armas tapeet. Baubauwall tapeedid"},{"@type":"BreadcrumbList","@id":"https:\/\/baubauwall.com\/et\/toode\/secret-garden-wallpaper\/#breadcrumb","itemListElement":[{"@type":"ListItem","position":1,"name":"Koju","item":"https:\/\/baubauwall.com\/et\/"},{"@type":"ListItem","position":2,"name":"Tapeedid","item":"https:\/\/baubauwall.com\/et\/tapeedid\/"},{"@type":"ListItem","position":3,"name":"Salajane aed"}]},{"@type":"WebSite","@id":"https:\/\/baubauwall.com\/et\/#website","url":"https:\/\/baubauwall.com\/et\/","name":"BAUBAUWALL Wallpapers","description":"Valmis paanides tapeet Eestist!","publisher":{"@id":"https:\/\/baubauwall.com\/et\/#organization"},"potentialAction":[{"@type":"SearchAction","target":{"@type":"EntryPoint","urlTemplate":"https:\/\/baubauwall.com\/et\/?s={search_term_string}"},"query-input":{"@type":"PropertyValueSpecification","valueRequired":true,"valueName":"search_term_string"}}],"inLanguage":"et"},{"@type":"Organization","@id":"https:\/\/baubauwall.com\/et\/#organization","name":"BAUBAUWALL Wallpapers","url":"https:\/\/baubauwall.com\/et\/","logo":{"@type":"ImageObject","inLanguage":"et","@id":"https:\/\/baubauwall.com\/et\/#\/schema\/logo\/image\/","url":"https:\/\/baubauwall.com\/wp-content\/uploads\/2022\/03\/logo-horizontal.svg","contentUrl":"https:\/\/baubauwall.com\/wp-content\/uploads\/2022\/03\/logo-horizontal.svg","width":"1024","height":"1024","caption":"BAUBAUWALL Wallpapers"},"image":{"@id":"https:\/\/baubauwall.com\/et\/#\/schema\/logo\/image\/"},"sameAs":["https:\/\/www.facebook.com\/Baubauwall","https:\/\/www.instagram.com\/baubauwall"]}]}},"jetpack_sharing_enabled":true,"_links":{"self":[{"href":"https:\/\/baubauwall.com\/et\/wp-json\/wp\/v2\/product\/5333","targetHints":{"allow":["GET"]}}],"collection":[{"href":"https:\/\/baubauwall.com\/et\/wp-json\/wp\/v2\/product"}],"about":[{"href":"https:\/\/baubauwall.com\/et\/wp-json\/wp\/v2\/types\/product"}],"replies":[{"embeddable":true,"href":"https:\/\/baubauwall.com\/et\/wp-json\/wp\/v2\/comments?post=5333"}],"wp:featuredmedia":[{"embeddable":true,"href":"https:\/\/baubauwall.com\/et\/wp-json\/wp\/v2\/media\/42847"}],"wp:attachment":[{"href":"https:\/\/baubauwall.com\/et\/wp-json\/wp\/v2\/media?parent=5333"}],"wp:term":[{"taxonomy":"product_brand","embeddable":true,"href":"https:\/\/baubauwall.com\/et\/wp-json\/wp\/v2\/product_brand?post=5333"},{"taxonomy":"product_cat","embeddable":true,"href":"https:\/\/baubauwall.com\/et\/wp-json\/wp\/v2\/product_cat?post=5333"},{"taxonomy":"product_tag","embeddable":true,"href":"https:\/\/baubauwall.com\/et\/wp-json\/wp\/v2\/product_tag?post=5333"}],"curies":[{"name":"wp","href":"https:\/\/api.w.org\/{rel}","templated":true}]}}