{"id":5334,"date":"2022-02-02T21:15:24","date_gmt":"2022-02-02T19:15:24","guid":{"rendered":"https:\/\/baubauwall.com\/product\/countryside-flower-garden-wallpaper\/"},"modified":"2022-06-29T13:58:55","modified_gmt":"2022-06-29T11:58:55","slug":"tapeet-suvila-lilleaed","status":"publish","type":"product","link":"https:\/\/baubauwall.com\/et\/toode\/tapeet-suvila-lilleaed\/","title":{"rendered":"Suvila lilleaed"},"content":{"rendered":"<p>Miks mitte ehtida oma tuba lilledega hulga p\u00fcsivamalt, kui vaid paar p\u00e4eva p\u00fcsivate l\u00f5ikelilledega? Too tuppa lilleline tapeet! See vintage stiilist inspireeritud tapeet tuletab meelde suvised p\u00e4rastl\u00f5unad maal, p\u00e4ikesesoojust t\u00e4is \u00f5hu ja l\u00f5hnavad lilled.<\/p>\n","protected":false},"excerpt":{"rendered":"<p>Miks mitte ehtida oma tuba lilledega hulga p\u00fcsivamalt, kui vaid paar p\u00e4eva p\u00fcsivate l\u00f5ikelilledega? Too tuppa lilleline tapeet! See vintage stiilist inspireeritud tapeet tuletab meelde suvised p\u00e4rastl\u00f5unad maal, p\u00e4ikesesoojust t\u00e4is \u00f5hu ja l\u00f5hnavad lilled.<\/p>\n","protected":false},"featured_media":33809,"comment_status":"open","ping_status":"closed","template":"","meta":{"_acf_changed":false,"inline_featured_image":false},"product_brand":[],"product_cat":[386,395,396,388,265,273,411,413,414,415,416,402,412,260,715],"product_tag":[298],"class_list":{"0":"post-5334","1":"product","2":"type-product","3":"status-publish","4":"has-post-thumbnail","6":"product_cat-kordusmustriga-tapeedid","7":"product_cat-romantiline","8":"product_cat-skandinaavia","9":"product_cat-vintage-et","10":"product_cat-beezid-tapeedid","11":"product_cat-heledad-tapeedid","12":"product_cat-kollased-tapeedid","13":"product_cat-magamistoa-tapeedid","14":"product_cat-soogitoa-tapeedid","15":"product_cat-kulalistetoa-tapeedid","16":"product_cat-esiku-tapeedid","17":"product_cat-elutoa-tapeedid","18":"product_cat-vannitoa-tapeedid","19":"product_cat-lilled","20":"product_cat-soodsad-tapeedid-leiunurk","21":"product_tag-botaaniline","22":"pa_designedby-baubauwall","24":"first","25":"instock","26":"sale","27":"taxable","28":"shipping-taxable","29":"purchasable","30":"product-type-simple"},"acf":[],"yoast_head":"<!-- This site is optimized with the Yoast SEO plugin v25.9 - https:\/\/yoast.com\/wordpress\/plugins\/seo\/ -->\n<title>Tapeet lilleaed. R\u00e4tsepat\u00f6\u00f6na valmivad disaintapeedid, Sinu seina m\u00f5\u00f5dus<\/title>\n<meta name=\"description\" content=\"Lilleline vintage h\u00f5nguline tapeedidisain. Tapeet, mille kordusmustril on lilled kreemjal taustal. Valmis l\u00f5igatud paanid sinu seina m\u00f5\u00f5dus.\" \/>\n<meta name=\"robots\" content=\"index, follow, max-snippet:-1, max-image-preview:large, max-video-preview:-1\" \/>\n<link rel=\"canonical\" href=\"https:\/\/baubauwall.com\/et\/toode\/tapeet-suvila-lilleaed\/\" \/>\n<meta property=\"og:locale\" content=\"et_EE\" \/>\n<meta property=\"og:type\" content=\"article\" \/>\n<meta property=\"og:title\" content=\"Tapeet lilleaed. R\u00e4tsepat\u00f6\u00f6na valmivad disaintapeedid, Sinu seina m\u00f5\u00f5dus\" \/>\n<meta property=\"og:description\" content=\"Lilleline vintage h\u00f5nguline tapeedidisain. Tapeet, mille kordusmustril on lilled kreemjal taustal. Valmis l\u00f5igatud paanid sinu seina m\u00f5\u00f5dus.\" \/>\n<meta property=\"og:url\" content=\"https:\/\/baubauwall.com\/et\/toode\/tapeet-suvila-lilleaed\/\" \/>\n<meta property=\"og:site_name\" content=\"BAUBAUWALL TAPEEDID\" \/>\n<meta property=\"article:publisher\" content=\"https:\/\/www.facebook.com\/Baubauwall\" \/>\n<meta property=\"article:modified_time\" content=\"2022-06-29T11:58:55+00:00\" \/>\n<meta property=\"og:image\" content=\"https:\/\/baubauwall.com\/wp-content\/uploads\/2022\/02\/51100008_CountrysideFlowerGarden_Baubauwall_Wallpaper_room2.png\" \/>\n\t<meta property=\"og:image:width\" content=\"1067\" \/>\n\t<meta property=\"og:image:height\" content=\"800\" \/>\n\t<meta property=\"og:image:type\" content=\"image\/png\" \/>\n<meta name=\"twitter:card\" content=\"summary_large_image\" \/>\n<meta name=\"twitter:label1\" content=\"Est. reading time\" \/>\n\t<meta name=\"twitter:data1\" content=\"1 minut\" \/>\n<script type=\"application\/ld+json\" class=\"yoast-schema-graph\">{\"@context\":\"https:\/\/schema.org\",\"@graph\":[{\"@type\":\"WebPage\",\"@id\":\"https:\/\/baubauwall.com\/et\/toode\/tapeet-suvila-lilleaed\/\",\"url\":\"https:\/\/baubauwall.com\/et\/toode\/tapeet-suvila-lilleaed\/\",\"name\":\"Tapeet lilleaed. R\u00e4tsepat\u00f6\u00f6na valmivad disaintapeedid, Sinu seina m\u00f5\u00f5dus\",\"isPartOf\":{\"@id\":\"https:\/\/baubauwall.com\/et\/#website\"},\"primaryImageOfPage\":{\"@id\":\"https:\/\/baubauwall.com\/et\/toode\/tapeet-suvila-lilleaed\/#primaryimage\"},\"image\":{\"@id\":\"https:\/\/baubauwall.com\/et\/toode\/tapeet-suvila-lilleaed\/#primaryimage\"},\"thumbnailUrl\":\"https:\/\/baubauwall.com\/wp-content\/uploads\/2022\/02\/51100008_CountrysideFlowerGarden_Baubauwall_Wallpaper_room4-1.png\",\"datePublished\":\"2022-02-02T19:15:24+00:00\",\"dateModified\":\"2022-06-29T11:58:55+00:00\",\"description\":\"Lilleline vintage h\u00f5nguline tapeedidisain. Tapeet, mille kordusmustril on lilled kreemjal taustal. Valmis l\u00f5igatud paanid sinu seina m\u00f5\u00f5dus.\",\"breadcrumb\":{\"@id\":\"https:\/\/baubauwall.com\/et\/toode\/tapeet-suvila-lilleaed\/#breadcrumb\"},\"inLanguage\":\"et\",\"potentialAction\":[{\"@type\":\"ReadAction\",\"target\":[\"https:\/\/baubauwall.com\/et\/toode\/tapeet-suvila-lilleaed\/\"]}]},{\"@type\":\"ImageObject\",\"inLanguage\":\"et\",\"@id\":\"https:\/\/baubauwall.com\/et\/toode\/tapeet-suvila-lilleaed\/#primaryimage\",\"url\":\"https:\/\/baubauwall.com\/wp-content\/uploads\/2022\/02\/51100008_CountrysideFlowerGarden_Baubauwall_Wallpaper_room4-1.png\",\"contentUrl\":\"https:\/\/baubauwall.com\/wp-content\/uploads\/2022\/02\/51100008_CountrysideFlowerGarden_Baubauwall_Wallpaper_room4-1.png\",\"width\":1422,\"height\":800},{\"@type\":\"BreadcrumbList\",\"@id\":\"https:\/\/baubauwall.com\/et\/toode\/tapeet-suvila-lilleaed\/#breadcrumb\",\"itemListElement\":[{\"@type\":\"ListItem\",\"position\":1,\"name\":\"Koju\",\"item\":\"https:\/\/baubauwall.com\/et\/\"},{\"@type\":\"ListItem\",\"position\":2,\"name\":\"Tapeedid\",\"item\":\"https:\/\/baubauwall.com\/et\/tapeedid\/\"},{\"@type\":\"ListItem\",\"position\":3,\"name\":\"Suvila lilleaed\"}]},{\"@type\":\"WebSite\",\"@id\":\"https:\/\/baubauwall.com\/et\/#website\",\"url\":\"https:\/\/baubauwall.com\/et\/\",\"name\":\"BAUBAUWALL Wallpapers\",\"description\":\"Valmis paanides tapeet Eestist!\",\"publisher\":{\"@id\":\"https:\/\/baubauwall.com\/et\/#organization\"},\"potentialAction\":[{\"@type\":\"SearchAction\",\"target\":{\"@type\":\"EntryPoint\",\"urlTemplate\":\"https:\/\/baubauwall.com\/et\/?s={search_term_string}\"},\"query-input\":{\"@type\":\"PropertyValueSpecification\",\"valueRequired\":true,\"valueName\":\"search_term_string\"}}],\"inLanguage\":\"et\"},{\"@type\":\"Organization\",\"@id\":\"https:\/\/baubauwall.com\/et\/#organization\",\"name\":\"BAUBAUWALL Wallpapers\",\"url\":\"https:\/\/baubauwall.com\/et\/\",\"logo\":{\"@type\":\"ImageObject\",\"inLanguage\":\"et\",\"@id\":\"https:\/\/baubauwall.com\/et\/#\/schema\/logo\/image\/\",\"url\":\"https:\/\/baubauwall.com\/wp-content\/uploads\/2022\/03\/logo-horizontal.svg\",\"contentUrl\":\"https:\/\/baubauwall.com\/wp-content\/uploads\/2022\/03\/logo-horizontal.svg\",\"width\":\"1024\",\"height\":\"1024\",\"caption\":\"BAUBAUWALL Wallpapers\"},\"image\":{\"@id\":\"https:\/\/baubauwall.com\/et\/#\/schema\/logo\/image\/\"},\"sameAs\":[\"https:\/\/www.facebook.com\/Baubauwall\",\"https:\/\/www.instagram.com\/baubauwall\"]}]}<\/script>\n<!-- \/ Yoast SEO plugin. -->","yoast_head_json":{"title":"Tapeet lilleaed. R\u00e4tsepat\u00f6\u00f6na valmivad disaintapeedid, Sinu seina m\u00f5\u00f5dus","description":"Lilleline vintage h\u00f5nguline tapeedidisain. Tapeet, mille kordusmustril on lilled kreemjal taustal. Valmis l\u00f5igatud paanid sinu seina m\u00f5\u00f5dus.","robots":{"index":"index","follow":"follow","max-snippet":"max-snippet:-1","max-image-preview":"max-image-preview:large","max-video-preview":"max-video-preview:-1"},"canonical":"https:\/\/baubauwall.com\/et\/toode\/tapeet-suvila-lilleaed\/","og_locale":"et_EE","og_type":"article","og_title":"Tapeet lilleaed. R\u00e4tsepat\u00f6\u00f6na valmivad disaintapeedid, Sinu seina m\u00f5\u00f5dus","og_description":"Lilleline vintage h\u00f5nguline tapeedidisain. Tapeet, mille kordusmustril on lilled kreemjal taustal. Valmis l\u00f5igatud paanid sinu seina m\u00f5\u00f5dus.","og_url":"https:\/\/baubauwall.com\/et\/toode\/tapeet-suvila-lilleaed\/","og_site_name":"BAUBAUWALL TAPEEDID","article_publisher":"https:\/\/www.facebook.com\/Baubauwall","article_modified_time":"2022-06-29T11:58:55+00:00","og_image":[{"width":1067,"height":800,"url":"https:\/\/baubauwall.com\/wp-content\/uploads\/2022\/02\/51100008_CountrysideFlowerGarden_Baubauwall_Wallpaper_room2.png","type":"image\/png"}],"twitter_card":"summary_large_image","twitter_misc":{"Est. reading time":"1 minut"},"schema":{"@context":"https:\/\/schema.org","@graph":[{"@type":"WebPage","@id":"https:\/\/baubauwall.com\/et\/toode\/tapeet-suvila-lilleaed\/","url":"https:\/\/baubauwall.com\/et\/toode\/tapeet-suvila-lilleaed\/","name":"Tapeet lilleaed. R\u00e4tsepat\u00f6\u00f6na valmivad disaintapeedid, Sinu seina m\u00f5\u00f5dus","isPartOf":{"@id":"https:\/\/baubauwall.com\/et\/#website"},"primaryImageOfPage":{"@id":"https:\/\/baubauwall.com\/et\/toode\/tapeet-suvila-lilleaed\/#primaryimage"},"image":{"@id":"https:\/\/baubauwall.com\/et\/toode\/tapeet-suvila-lilleaed\/#primaryimage"},"thumbnailUrl":"https:\/\/baubauwall.com\/wp-content\/uploads\/2022\/02\/51100008_CountrysideFlowerGarden_Baubauwall_Wallpaper_room4-1.png","datePublished":"2022-02-02T19:15:24+00:00","dateModified":"2022-06-29T11:58:55+00:00","description":"Lilleline vintage h\u00f5nguline tapeedidisain. Tapeet, mille kordusmustril on lilled kreemjal taustal. Valmis l\u00f5igatud paanid sinu seina m\u00f5\u00f5dus.","breadcrumb":{"@id":"https:\/\/baubauwall.com\/et\/toode\/tapeet-suvila-lilleaed\/#breadcrumb"},"inLanguage":"et","potentialAction":[{"@type":"ReadAction","target":["https:\/\/baubauwall.com\/et\/toode\/tapeet-suvila-lilleaed\/"]}]},{"@type":"ImageObject","inLanguage":"et","@id":"https:\/\/baubauwall.com\/et\/toode\/tapeet-suvila-lilleaed\/#primaryimage","url":"https:\/\/baubauwall.com\/wp-content\/uploads\/2022\/02\/51100008_CountrysideFlowerGarden_Baubauwall_Wallpaper_room4-1.png","contentUrl":"https:\/\/baubauwall.com\/wp-content\/uploads\/2022\/02\/51100008_CountrysideFlowerGarden_Baubauwall_Wallpaper_room4-1.png","width":1422,"height":800},{"@type":"BreadcrumbList","@id":"https:\/\/baubauwall.com\/et\/toode\/tapeet-suvila-lilleaed\/#breadcrumb","itemListElement":[{"@type":"ListItem","position":1,"name":"Koju","item":"https:\/\/baubauwall.com\/et\/"},{"@type":"ListItem","position":2,"name":"Tapeedid","item":"https:\/\/baubauwall.com\/et\/tapeedid\/"},{"@type":"ListItem","position":3,"name":"Suvila lilleaed"}]},{"@type":"WebSite","@id":"https:\/\/baubauwall.com\/et\/#website","url":"https:\/\/baubauwall.com\/et\/","name":"BAUBAUWALL Wallpapers","description":"Valmis paanides tapeet Eestist!","publisher":{"@id":"https:\/\/baubauwall.com\/et\/#organization"},"potentialAction":[{"@type":"SearchAction","target":{"@type":"EntryPoint","urlTemplate":"https:\/\/baubauwall.com\/et\/?s={search_term_string}"},"query-input":{"@type":"PropertyValueSpecification","valueRequired":true,"valueName":"search_term_string"}}],"inLanguage":"et"},{"@type":"Organization","@id":"https:\/\/baubauwall.com\/et\/#organization","name":"BAUBAUWALL Wallpapers","url":"https:\/\/baubauwall.com\/et\/","logo":{"@type":"ImageObject","inLanguage":"et","@id":"https:\/\/baubauwall.com\/et\/#\/schema\/logo\/image\/","url":"https:\/\/baubauwall.com\/wp-content\/uploads\/2022\/03\/logo-horizontal.svg","contentUrl":"https:\/\/baubauwall.com\/wp-content\/uploads\/2022\/03\/logo-horizontal.svg","width":"1024","height":"1024","caption":"BAUBAUWALL Wallpapers"},"image":{"@id":"https:\/\/baubauwall.com\/et\/#\/schema\/logo\/image\/"},"sameAs":["https:\/\/www.facebook.com\/Baubauwall","https:\/\/www.instagram.com\/baubauwall"]}]}},"jetpack_sharing_enabled":true,"_links":{"self":[{"href":"https:\/\/baubauwall.com\/et\/wp-json\/wp\/v2\/product\/5334","targetHints":{"allow":["GET"]}}],"collection":[{"href":"https:\/\/baubauwall.com\/et\/wp-json\/wp\/v2\/product"}],"about":[{"href":"https:\/\/baubauwall.com\/et\/wp-json\/wp\/v2\/types\/product"}],"replies":[{"embeddable":true,"href":"https:\/\/baubauwall.com\/et\/wp-json\/wp\/v2\/comments?post=5334"}],"wp:featuredmedia":[{"embeddable":true,"href":"https:\/\/baubauwall.com\/et\/wp-json\/wp\/v2\/media\/33809"}],"wp:attachment":[{"href":"https:\/\/baubauwall.com\/et\/wp-json\/wp\/v2\/media?parent=5334"}],"wp:term":[{"taxonomy":"product_brand","embeddable":true,"href":"https:\/\/baubauwall.com\/et\/wp-json\/wp\/v2\/product_brand?post=5334"},{"taxonomy":"product_cat","embeddable":true,"href":"https:\/\/baubauwall.com\/et\/wp-json\/wp\/v2\/product_cat?post=5334"},{"taxonomy":"product_tag","embeddable":true,"href":"https:\/\/baubauwall.com\/et\/wp-json\/wp\/v2\/product_tag?post=5334"}],"curies":[{"name":"wp","href":"https:\/\/api.w.org\/{rel}","templated":true}]}}