{"id":5340,"date":"2022-01-18T09:28:00","date_gmt":"2022-01-18T07:28:00","guid":{"rendered":"https:\/\/baubauwall.com\/product\/birds-and-cones-wallpaper\/"},"modified":"2023-11-27T10:40:04","modified_gmt":"2023-11-27T08:40:04","slug":"birds-and-cones-wallpaper","status":"publish","type":"product","link":"https:\/\/baubauwall.com\/et\/toode\/birds-and-cones-wallpaper\/","title":{"rendered":"Linnud ja k\u00e4bid &#8211; sinep"},"content":{"rendered":"<p>R\u00f5\u00f5msad varblased v\u00f5iksid s\u00e4utsuda Sinu kodu seintel! Linnumustriline tapeet on ajatu valik ja loob sinu kodu interj\u00f6\u00f6rist stiilse mulje, mis kestab aastaid. Sinepiv\u00e4rvi taust lisab sinu sisekujundusele moodsas v\u00f5tmes vintage\u2019i noodi.\u00a0Tapeet, mida saab edukalt kasutada \u00fcksikul aktsentseinal kui ka mitmel seinal korraga. See lindudega tapeet leidis hiljuti uue kodu vanalinna korteris, piilu meie <a href=\"https:\/\/baubauwall.com\/et\/ideed\/let-the-homes-do-the-talking\/\" target=\"_blank\" rel=\"noopener\">tehtud t\u00f6\u00f6de galeriid!<\/a><\/p>\n<p>Nagu k\u00f5ik meie tapeedid, pilttapeedid ja fototapeedid, on ka see disain tr\u00fckitud keskkonnas\u00f5bralike v\u00e4rvidega, hingavale fliistapeedi materjalile. Loe lisaks j\u00e4\u00e4tmevabast tootmisest <a href=\"https:\/\/baubauwall.com\/et\/keskkonnasobralikud-tapeedid\/\" target=\"_blank\" rel=\"noopener\">siin.\u00a0<\/a><\/p>\n","protected":false},"excerpt":{"rendered":"<p>R\u00f5\u00f5msad varblased v\u00f5iksid s\u00e4utsuda Sinu kodu seintel! Linnumustriline tapeet on ajatu valik ja loob sinu kodu interj\u00f6\u00f6rist stiilse mulje, mis kestab aastaid. Sinepiv\u00e4rvi taust lisab sinu sisekujundusele moodsas v\u00f5tmes vintage\u2019i noodi.\u00a0Tapeet, mida saab edukalt kasutada \u00fcksikul aktsentseinal kui ka mitmel seinal korraga. See lindudega tapeet leidis hiljuti uue kodu vanalinna korteris, piilu meie tehtud t\u00f6\u00f6de [&hellip;]<\/p>\n","protected":false},"featured_media":43214,"comment_status":"open","ping_status":"closed","template":"","meta":{"_acf_changed":false,"inline_featured_image":false},"product_brand":[],"product_cat":[386,406,447,396,269,411,413,414,415,416,399,401,402,254,257],"product_tag":[584,346],"class_list":{"0":"post-5340","1":"product","2":"type-product","3":"status-publish","4":"has-post-thumbnail","6":"product_cat-kordusmustriga-tapeedid","7":"product_cat-klassika","8":"product_cat-maksimalistlik-et","9":"product_cat-skandinaavia","10":"product_cat-pruunid-tapeedid","11":"product_cat-kollased-tapeedid","12":"product_cat-magamistoa-tapeedid","13":"product_cat-soogitoa-tapeedid","14":"product_cat-kulalistetoa-tapeedid","15":"product_cat-esiku-tapeedid","16":"product_cat-kodukontori-tapeedid","17":"product_cat-koogi-tapeedid","18":"product_cat-elutoa-tapeedid","19":"product_cat-loodus","20":"product_cat-linnud","21":"product_tag-boho-et","22":"product_tag-sinep","23":"pa_designedby-baubauwall","25":"first","26":"instock","27":"taxable","28":"shipping-taxable","29":"purchasable","30":"product-type-simple"},"acf":[],"yoast_head":"<!-- This site is optimized with the Yoast SEO plugin v25.9 - https:\/\/yoast.com\/wordpress\/plugins\/seo\/ -->\n<title>Disaintapeet sinepiv\u00e4rvi taustal lindudega. Tapeet magamistuppa<\/title>\n<meta name=\"description\" content=\"Sinepitooni tapeet illustreeritud lindudega. Tapeedidisain, mis sobib erinevatesse tubadesse. R\u00e4tsepat\u00f6\u00f6na valmivad tapeedid.\" \/>\n<meta name=\"robots\" content=\"index, follow, max-snippet:-1, max-image-preview:large, max-video-preview:-1\" \/>\n<link rel=\"canonical\" href=\"https:\/\/baubauwall.com\/et\/toode\/birds-and-cones-wallpaper\/\" \/>\n<meta property=\"og:locale\" content=\"et_EE\" \/>\n<meta property=\"og:type\" content=\"article\" \/>\n<meta property=\"og:title\" content=\"Disaintapeet sinepiv\u00e4rvi taustal lindudega. Tapeet magamistuppa\" \/>\n<meta property=\"og:description\" content=\"Sinepitooni tapeet illustreeritud lindudega. Tapeedidisain, mis sobib erinevatesse tubadesse. R\u00e4tsepat\u00f6\u00f6na valmivad tapeedid.\" \/>\n<meta property=\"og:url\" content=\"https:\/\/baubauwall.com\/et\/toode\/birds-and-cones-wallpaper\/\" \/>\n<meta property=\"og:site_name\" content=\"BAUBAUWALL Wallpapers\" \/>\n<meta property=\"article:publisher\" content=\"https:\/\/www.facebook.com\/Baubauwall\" \/>\n<meta property=\"article:modified_time\" content=\"2023-11-27T08:40:04+00:00\" \/>\n<meta property=\"og:image\" content=\"https:\/\/baubauwall.com\/wp-content\/uploads\/2022\/01\/51100009_BirdSandcones-Mustard_Baubauwall_Wallpaper_room10.jpg\" \/>\n\t<meta property=\"og:image:width\" content=\"1600\" \/>\n\t<meta property=\"og:image:height\" content=\"1600\" \/>\n\t<meta property=\"og:image:type\" content=\"image\/jpeg\" \/>\n<meta name=\"twitter:card\" content=\"summary_large_image\" \/>\n<meta name=\"twitter:label1\" content=\"Est. reading time\" \/>\n\t<meta name=\"twitter:data1\" content=\"1 minut\" \/>\n<script type=\"application\/ld+json\" class=\"yoast-schema-graph\">{\"@context\":\"https:\/\/schema.org\",\"@graph\":[{\"@type\":\"WebPage\",\"@id\":\"https:\/\/baubauwall.com\/et\/toode\/birds-and-cones-wallpaper\/\",\"url\":\"https:\/\/baubauwall.com\/et\/toode\/birds-and-cones-wallpaper\/\",\"name\":\"Disaintapeet sinepiv\u00e4rvi taustal lindudega. Tapeet magamistuppa\",\"isPartOf\":{\"@id\":\"https:\/\/baubauwall.com\/et\/#website\"},\"primaryImageOfPage\":{\"@id\":\"https:\/\/baubauwall.com\/et\/toode\/birds-and-cones-wallpaper\/#primaryimage\"},\"image\":{\"@id\":\"https:\/\/baubauwall.com\/et\/toode\/birds-and-cones-wallpaper\/#primaryimage\"},\"thumbnailUrl\":\"https:\/\/baubauwall.com\/wp-content\/uploads\/2022\/01\/51100009_BirdSandcones-Mustard_Baubauwall_Wallpaper_room10.jpg\",\"datePublished\":\"2022-01-18T07:28:00+00:00\",\"dateModified\":\"2023-11-27T08:40:04+00:00\",\"description\":\"Sinepitooni tapeet illustreeritud lindudega. Tapeedidisain, mis sobib erinevatesse tubadesse. R\u00e4tsepat\u00f6\u00f6na valmivad tapeedid.\",\"breadcrumb\":{\"@id\":\"https:\/\/baubauwall.com\/et\/toode\/birds-and-cones-wallpaper\/#breadcrumb\"},\"inLanguage\":\"et\",\"potentialAction\":[{\"@type\":\"ReadAction\",\"target\":[\"https:\/\/baubauwall.com\/et\/toode\/birds-and-cones-wallpaper\/\"]}]},{\"@type\":\"ImageObject\",\"inLanguage\":\"et\",\"@id\":\"https:\/\/baubauwall.com\/et\/toode\/birds-and-cones-wallpaper\/#primaryimage\",\"url\":\"https:\/\/baubauwall.com\/wp-content\/uploads\/2022\/01\/51100009_BirdSandcones-Mustard_Baubauwall_Wallpaper_room10.jpg\",\"contentUrl\":\"https:\/\/baubauwall.com\/wp-content\/uploads\/2022\/01\/51100009_BirdSandcones-Mustard_Baubauwall_Wallpaper_room10.jpg\",\"width\":1600,\"height\":1600,\"caption\":\"Mustard color wallpaper installed on hallway walls. Baubauwall wallpapers\"},{\"@type\":\"BreadcrumbList\",\"@id\":\"https:\/\/baubauwall.com\/et\/toode\/birds-and-cones-wallpaper\/#breadcrumb\",\"itemListElement\":[{\"@type\":\"ListItem\",\"position\":1,\"name\":\"Koju\",\"item\":\"https:\/\/baubauwall.com\/et\/\"},{\"@type\":\"ListItem\",\"position\":2,\"name\":\"Tapeedid\",\"item\":\"https:\/\/baubauwall.com\/et\/tapeedid\/\"},{\"@type\":\"ListItem\",\"position\":3,\"name\":\"Linnud ja k\u00e4bid &#8211; sinep\"}]},{\"@type\":\"WebSite\",\"@id\":\"https:\/\/baubauwall.com\/et\/#website\",\"url\":\"https:\/\/baubauwall.com\/et\/\",\"name\":\"BAUBAUWALL Wallpapers\",\"description\":\"Valmis paanides tapeet Eestist!\",\"publisher\":{\"@id\":\"https:\/\/baubauwall.com\/et\/#organization\"},\"potentialAction\":[{\"@type\":\"SearchAction\",\"target\":{\"@type\":\"EntryPoint\",\"urlTemplate\":\"https:\/\/baubauwall.com\/et\/?s={search_term_string}\"},\"query-input\":{\"@type\":\"PropertyValueSpecification\",\"valueRequired\":true,\"valueName\":\"search_term_string\"}}],\"inLanguage\":\"et\"},{\"@type\":\"Organization\",\"@id\":\"https:\/\/baubauwall.com\/et\/#organization\",\"name\":\"BAUBAUWALL Wallpapers\",\"url\":\"https:\/\/baubauwall.com\/et\/\",\"logo\":{\"@type\":\"ImageObject\",\"inLanguage\":\"et\",\"@id\":\"https:\/\/baubauwall.com\/et\/#\/schema\/logo\/image\/\",\"url\":\"https:\/\/baubauwall.com\/wp-content\/uploads\/2022\/03\/logo-horizontal.svg\",\"contentUrl\":\"https:\/\/baubauwall.com\/wp-content\/uploads\/2022\/03\/logo-horizontal.svg\",\"width\":\"1024\",\"height\":\"1024\",\"caption\":\"BAUBAUWALL Wallpapers\"},\"image\":{\"@id\":\"https:\/\/baubauwall.com\/et\/#\/schema\/logo\/image\/\"},\"sameAs\":[\"https:\/\/www.facebook.com\/Baubauwall\",\"https:\/\/www.instagram.com\/baubauwall\"]}]}<\/script>\n<!-- \/ Yoast SEO plugin. -->","yoast_head_json":{"title":"Disaintapeet sinepiv\u00e4rvi taustal lindudega. Tapeet magamistuppa","description":"Sinepitooni tapeet illustreeritud lindudega. Tapeedidisain, mis sobib erinevatesse tubadesse. R\u00e4tsepat\u00f6\u00f6na valmivad tapeedid.","robots":{"index":"index","follow":"follow","max-snippet":"max-snippet:-1","max-image-preview":"max-image-preview:large","max-video-preview":"max-video-preview:-1"},"canonical":"https:\/\/baubauwall.com\/et\/toode\/birds-and-cones-wallpaper\/","og_locale":"et_EE","og_type":"article","og_title":"Disaintapeet sinepiv\u00e4rvi taustal lindudega. Tapeet magamistuppa","og_description":"Sinepitooni tapeet illustreeritud lindudega. Tapeedidisain, mis sobib erinevatesse tubadesse. R\u00e4tsepat\u00f6\u00f6na valmivad tapeedid.","og_url":"https:\/\/baubauwall.com\/et\/toode\/birds-and-cones-wallpaper\/","og_site_name":"BAUBAUWALL Wallpapers","article_publisher":"https:\/\/www.facebook.com\/Baubauwall","article_modified_time":"2023-11-27T08:40:04+00:00","og_image":[{"width":1600,"height":1600,"url":"https:\/\/baubauwall.com\/wp-content\/uploads\/2022\/01\/51100009_BirdSandcones-Mustard_Baubauwall_Wallpaper_room10.jpg","type":"image\/jpeg"}],"twitter_card":"summary_large_image","twitter_misc":{"Est. reading time":"1 minut"},"schema":{"@context":"https:\/\/schema.org","@graph":[{"@type":"WebPage","@id":"https:\/\/baubauwall.com\/et\/toode\/birds-and-cones-wallpaper\/","url":"https:\/\/baubauwall.com\/et\/toode\/birds-and-cones-wallpaper\/","name":"Disaintapeet sinepiv\u00e4rvi taustal lindudega. Tapeet magamistuppa","isPartOf":{"@id":"https:\/\/baubauwall.com\/et\/#website"},"primaryImageOfPage":{"@id":"https:\/\/baubauwall.com\/et\/toode\/birds-and-cones-wallpaper\/#primaryimage"},"image":{"@id":"https:\/\/baubauwall.com\/et\/toode\/birds-and-cones-wallpaper\/#primaryimage"},"thumbnailUrl":"https:\/\/baubauwall.com\/wp-content\/uploads\/2022\/01\/51100009_BirdSandcones-Mustard_Baubauwall_Wallpaper_room10.jpg","datePublished":"2022-01-18T07:28:00+00:00","dateModified":"2023-11-27T08:40:04+00:00","description":"Sinepitooni tapeet illustreeritud lindudega. Tapeedidisain, mis sobib erinevatesse tubadesse. R\u00e4tsepat\u00f6\u00f6na valmivad tapeedid.","breadcrumb":{"@id":"https:\/\/baubauwall.com\/et\/toode\/birds-and-cones-wallpaper\/#breadcrumb"},"inLanguage":"et","potentialAction":[{"@type":"ReadAction","target":["https:\/\/baubauwall.com\/et\/toode\/birds-and-cones-wallpaper\/"]}]},{"@type":"ImageObject","inLanguage":"et","@id":"https:\/\/baubauwall.com\/et\/toode\/birds-and-cones-wallpaper\/#primaryimage","url":"https:\/\/baubauwall.com\/wp-content\/uploads\/2022\/01\/51100009_BirdSandcones-Mustard_Baubauwall_Wallpaper_room10.jpg","contentUrl":"https:\/\/baubauwall.com\/wp-content\/uploads\/2022\/01\/51100009_BirdSandcones-Mustard_Baubauwall_Wallpaper_room10.jpg","width":1600,"height":1600,"caption":"Mustard color wallpaper installed on hallway walls. Baubauwall wallpapers"},{"@type":"BreadcrumbList","@id":"https:\/\/baubauwall.com\/et\/toode\/birds-and-cones-wallpaper\/#breadcrumb","itemListElement":[{"@type":"ListItem","position":1,"name":"Koju","item":"https:\/\/baubauwall.com\/et\/"},{"@type":"ListItem","position":2,"name":"Tapeedid","item":"https:\/\/baubauwall.com\/et\/tapeedid\/"},{"@type":"ListItem","position":3,"name":"Linnud ja k\u00e4bid &#8211; sinep"}]},{"@type":"WebSite","@id":"https:\/\/baubauwall.com\/et\/#website","url":"https:\/\/baubauwall.com\/et\/","name":"BAUBAUWALL Wallpapers","description":"Valmis paanides tapeet Eestist!","publisher":{"@id":"https:\/\/baubauwall.com\/et\/#organization"},"potentialAction":[{"@type":"SearchAction","target":{"@type":"EntryPoint","urlTemplate":"https:\/\/baubauwall.com\/et\/?s={search_term_string}"},"query-input":{"@type":"PropertyValueSpecification","valueRequired":true,"valueName":"search_term_string"}}],"inLanguage":"et"},{"@type":"Organization","@id":"https:\/\/baubauwall.com\/et\/#organization","name":"BAUBAUWALL Wallpapers","url":"https:\/\/baubauwall.com\/et\/","logo":{"@type":"ImageObject","inLanguage":"et","@id":"https:\/\/baubauwall.com\/et\/#\/schema\/logo\/image\/","url":"https:\/\/baubauwall.com\/wp-content\/uploads\/2022\/03\/logo-horizontal.svg","contentUrl":"https:\/\/baubauwall.com\/wp-content\/uploads\/2022\/03\/logo-horizontal.svg","width":"1024","height":"1024","caption":"BAUBAUWALL Wallpapers"},"image":{"@id":"https:\/\/baubauwall.com\/et\/#\/schema\/logo\/image\/"},"sameAs":["https:\/\/www.facebook.com\/Baubauwall","https:\/\/www.instagram.com\/baubauwall"]}]}},"jetpack_sharing_enabled":true,"_links":{"self":[{"href":"https:\/\/baubauwall.com\/et\/wp-json\/wp\/v2\/product\/5340","targetHints":{"allow":["GET"]}}],"collection":[{"href":"https:\/\/baubauwall.com\/et\/wp-json\/wp\/v2\/product"}],"about":[{"href":"https:\/\/baubauwall.com\/et\/wp-json\/wp\/v2\/types\/product"}],"replies":[{"embeddable":true,"href":"https:\/\/baubauwall.com\/et\/wp-json\/wp\/v2\/comments?post=5340"}],"wp:featuredmedia":[{"embeddable":true,"href":"https:\/\/baubauwall.com\/et\/wp-json\/wp\/v2\/media\/43214"}],"wp:attachment":[{"href":"https:\/\/baubauwall.com\/et\/wp-json\/wp\/v2\/media?parent=5340"}],"wp:term":[{"taxonomy":"product_brand","embeddable":true,"href":"https:\/\/baubauwall.com\/et\/wp-json\/wp\/v2\/product_brand?post=5340"},{"taxonomy":"product_cat","embeddable":true,"href":"https:\/\/baubauwall.com\/et\/wp-json\/wp\/v2\/product_cat?post=5340"},{"taxonomy":"product_tag","embeddable":true,"href":"https:\/\/baubauwall.com\/et\/wp-json\/wp\/v2\/product_tag?post=5340"}],"curies":[{"name":"wp","href":"https:\/\/api.w.org\/{rel}","templated":true}]}}