{"id":5348,"date":"2022-01-26T18:26:08","date_gmt":"2022-01-26T16:26:08","guid":{"rendered":"https:\/\/baubauwall.com\/product\/pink-swans\/"},"modified":"2024-09-25T10:03:59","modified_gmt":"2024-09-25T08:03:59","slug":"tapeet-elegantsed-luiged-roosa","status":"publish","type":"product","link":"https:\/\/baubauwall.com\/et\/toode\/tapeet-elegantsed-luiged-roosa\/","title":{"rendered":"Elegantsed luiged &#8211; roosa"},"content":{"rendered":"<p>Kodu poole lendavaid luiki kujutav tapeet on justkui ilus ja elegantne kunstiteos.<br \/>\nOma seinte kaunistamine graatsiliste luikedega on ajatu valik. Tapeedikujundus on \u00f5rn, kuid samas piisavalt uhke, et avaldada muljet ja p\u00fc\u00fcda pilke. Roosakas taust meenutab sooje p\u00e4ikeseloojanguid. Tapeet, mis sobib nii magamistuppa, noore neiu toa seinale v\u00f5i miks mitte koduspaasse!<\/p>\n<p>Oman\u00e4olise disainiga tapeet on olemas ka kuldkollase ja rohelise taustaga. Tr\u00fckitud keskkonnas\u00f5bralike v\u00e4rvidega ja hingavale, fliistapeedi materjalile.<\/p>\n<p><strong>Miks osta tapeet siit? Tapeetimine pole kunagi nii lihtne olnud!<\/strong><\/p>\n<ul>\n<li>Nummerdatud tapeedipaanid<\/li>\n<li>Just nii pikad tapeedipaanid, kui on Sinu sein<\/li>\n<li>Premium, matt fliistapeedi materjal<\/li>\n<li>M\u00fcrgivabad tr\u00fckiv\u00e4rvid, Greenguard sertifitseeritud<\/li>\n<li><a href=\"https:\/\/baubauwall.com\/et\/keskkonnasobralikud-tapeedid\/\" target=\"_blank\" rel=\"noopener\">Keskkonnas\u00f5bralik<\/a>, j\u00e4\u00e4tmevaba tapeetimine<\/li>\n<li>Tasuta tapeediliim<\/li>\n<li>Tasuta transport ja kiire tarne 5 t\u00f6\u00f6p\u00e4evaga<\/li>\n<\/ul>\n<p>Loe l\u00e4hemalt nutikatest, eritellimust\u00f6\u00f6na valmivatest tapeetidest\u00a0<a href=\"https:\/\/baubauwall.com\/et\/keskkonnasobralikud-tapeedid\/\">siit.<\/a><\/p>\n","protected":false},"excerpt":{"rendered":"<p>Kodu poole lendavaid luiki kujutav tapeet on justkui ilus ja elegantne kunstiteos. Oma seinte kaunistamine graatsiliste luikedega on ajatu valik. Tapeedikujundus on \u00f5rn, kuid samas piisavalt uhke, et avaldada muljet ja p\u00fc\u00fcda pilke. Roosakas taust meenutab sooje p\u00e4ikeseloojanguid. Tapeet, mis sobib nii magamistuppa, noore neiu toa seinale v\u00f5i miks mitte koduspaasse! Oman\u00e4olise disainiga tapeet on [&hellip;]<\/p>\n","protected":false},"featured_media":7685,"comment_status":"open","ping_status":"closed","template":"","meta":{"_acf_changed":false,"inline_featured_image":false},"product_brand":[],"product_cat":[386,395,406,394,278,413,400,414,415,416,399,402,412,254,257,561],"product_tag":[],"class_list":{"0":"post-5348","1":"product","2":"type-product","3":"status-publish","4":"has-post-thumbnail","6":"product_cat-kordusmustriga-tapeedid","7":"product_cat-romantiline","8":"product_cat-klassika","9":"product_cat-rikkalik","10":"product_cat-roosad-tapeedid","11":"product_cat-magamistoa-tapeedid","12":"product_cat-lastetoa-tapeedid","13":"product_cat-soogitoa-tapeedid","14":"product_cat-kulalistetoa-tapeedid","15":"product_cat-esiku-tapeedid","16":"product_cat-kodukontori-tapeedid","17":"product_cat-elutoa-tapeedid","18":"product_cat-vannitoa-tapeedid","19":"product_cat-loodus","20":"product_cat-linnud","21":"product_cat-suvised-tapeedid","22":"pa_designedby-baubauwall","24":"first","25":"instock","26":"taxable","27":"shipping-taxable","28":"purchasable","29":"product-type-simple"},"acf":[],"yoast_head":"<!-- This site is optimized with the Yoast SEO plugin v25.9 - https:\/\/yoast.com\/wordpress\/plugins\/seo\/ -->\n<title>Roosal taustal tapeet valgete luikedega<\/title>\n<meta name=\"description\" content=\"Elegantne tapeet luikedega pilvede taustal. R\u00e4tsepat\u00f6\u00f6na valmivad disaintapeedid, Sinu seina m\u00f5\u00f5tu l\u00f5igatud paanides. Fliistapeet.\" \/>\n<meta name=\"robots\" content=\"index, follow, max-snippet:-1, max-image-preview:large, max-video-preview:-1\" \/>\n<link rel=\"canonical\" href=\"https:\/\/baubauwall.com\/et\/toode\/tapeet-elegantsed-luiged-roosa\/\" \/>\n<meta property=\"og:locale\" content=\"et_EE\" \/>\n<meta property=\"og:type\" content=\"article\" \/>\n<meta property=\"og:title\" content=\"Roosal taustal tapeet valgete luikedega\" \/>\n<meta property=\"og:description\" content=\"Elegantne tapeet luikedega pilvede taustal. R\u00e4tsepat\u00f6\u00f6na valmivad disaintapeedid, Sinu seina m\u00f5\u00f5tu l\u00f5igatud paanides. Fliistapeet.\" \/>\n<meta property=\"og:url\" content=\"https:\/\/baubauwall.com\/et\/toode\/tapeet-elegantsed-luiged-roosa\/\" \/>\n<meta property=\"og:site_name\" content=\"BAUBAUWALL TAPEEDID\" \/>\n<meta property=\"article:publisher\" content=\"https:\/\/www.facebook.com\/Baubauwall\" \/>\n<meta property=\"article:modified_time\" content=\"2024-09-25T08:03:59+00:00\" \/>\n<meta property=\"og:image\" content=\"https:\/\/baubauwall.com\/wp-content\/uploads\/2022\/01\/51100012_ElegantSwans-Pink_Baubauwall_Wallpaper_room6-1.jpg\" \/>\n\t<meta property=\"og:image:width\" content=\"1200\" \/>\n\t<meta property=\"og:image:height\" content=\"800\" \/>\n\t<meta property=\"og:image:type\" content=\"image\/jpeg\" \/>\n<meta name=\"twitter:card\" content=\"summary_large_image\" \/>\n<meta name=\"twitter:label1\" content=\"Est. reading time\" \/>\n\t<meta name=\"twitter:data1\" content=\"1 minut\" \/>\n<script type=\"application\/ld+json\" class=\"yoast-schema-graph\">{\"@context\":\"https:\/\/schema.org\",\"@graph\":[{\"@type\":\"WebPage\",\"@id\":\"https:\/\/baubauwall.com\/et\/toode\/tapeet-elegantsed-luiged-roosa\/\",\"url\":\"https:\/\/baubauwall.com\/et\/toode\/tapeet-elegantsed-luiged-roosa\/\",\"name\":\"Roosal taustal tapeet valgete luikedega\",\"isPartOf\":{\"@id\":\"https:\/\/baubauwall.com\/et\/#website\"},\"primaryImageOfPage\":{\"@id\":\"https:\/\/baubauwall.com\/et\/toode\/tapeet-elegantsed-luiged-roosa\/#primaryimage\"},\"image\":{\"@id\":\"https:\/\/baubauwall.com\/et\/toode\/tapeet-elegantsed-luiged-roosa\/#primaryimage\"},\"thumbnailUrl\":\"https:\/\/baubauwall.com\/wp-content\/uploads\/2022\/01\/51100012_ElegantSwans-Pink_Baubauwall_Wallpaper_room6-1.jpg\",\"datePublished\":\"2022-01-26T16:26:08+00:00\",\"dateModified\":\"2024-09-25T08:03:59+00:00\",\"description\":\"Elegantne tapeet luikedega pilvede taustal. R\u00e4tsepat\u00f6\u00f6na valmivad disaintapeedid, Sinu seina m\u00f5\u00f5tu l\u00f5igatud paanides. Fliistapeet.\",\"breadcrumb\":{\"@id\":\"https:\/\/baubauwall.com\/et\/toode\/tapeet-elegantsed-luiged-roosa\/#breadcrumb\"},\"inLanguage\":\"et\",\"potentialAction\":[{\"@type\":\"ReadAction\",\"target\":[\"https:\/\/baubauwall.com\/et\/toode\/tapeet-elegantsed-luiged-roosa\/\"]}]},{\"@type\":\"ImageObject\",\"inLanguage\":\"et\",\"@id\":\"https:\/\/baubauwall.com\/et\/toode\/tapeet-elegantsed-luiged-roosa\/#primaryimage\",\"url\":\"https:\/\/baubauwall.com\/wp-content\/uploads\/2022\/01\/51100012_ElegantSwans-Pink_Baubauwall_Wallpaper_room6-1.jpg\",\"contentUrl\":\"https:\/\/baubauwall.com\/wp-content\/uploads\/2022\/01\/51100012_ElegantSwans-Pink_Baubauwall_Wallpaper_room6-1.jpg\",\"width\":1200,\"height\":800},{\"@type\":\"BreadcrumbList\",\"@id\":\"https:\/\/baubauwall.com\/et\/toode\/tapeet-elegantsed-luiged-roosa\/#breadcrumb\",\"itemListElement\":[{\"@type\":\"ListItem\",\"position\":1,\"name\":\"Koju\",\"item\":\"https:\/\/baubauwall.com\/et\/\"},{\"@type\":\"ListItem\",\"position\":2,\"name\":\"Tapeedid\",\"item\":\"https:\/\/baubauwall.com\/et\/tapeedid\/\"},{\"@type\":\"ListItem\",\"position\":3,\"name\":\"Elegantsed luiged &#8211; roosa\"}]},{\"@type\":\"WebSite\",\"@id\":\"https:\/\/baubauwall.com\/et\/#website\",\"url\":\"https:\/\/baubauwall.com\/et\/\",\"name\":\"BAUBAUWALL Wallpapers\",\"description\":\"Valmis paanides tapeet Eestist!\",\"publisher\":{\"@id\":\"https:\/\/baubauwall.com\/et\/#organization\"},\"potentialAction\":[{\"@type\":\"SearchAction\",\"target\":{\"@type\":\"EntryPoint\",\"urlTemplate\":\"https:\/\/baubauwall.com\/et\/?s={search_term_string}\"},\"query-input\":{\"@type\":\"PropertyValueSpecification\",\"valueRequired\":true,\"valueName\":\"search_term_string\"}}],\"inLanguage\":\"et\"},{\"@type\":\"Organization\",\"@id\":\"https:\/\/baubauwall.com\/et\/#organization\",\"name\":\"BAUBAUWALL Wallpapers\",\"url\":\"https:\/\/baubauwall.com\/et\/\",\"logo\":{\"@type\":\"ImageObject\",\"inLanguage\":\"et\",\"@id\":\"https:\/\/baubauwall.com\/et\/#\/schema\/logo\/image\/\",\"url\":\"https:\/\/baubauwall.com\/wp-content\/uploads\/2022\/03\/logo-horizontal.svg\",\"contentUrl\":\"https:\/\/baubauwall.com\/wp-content\/uploads\/2022\/03\/logo-horizontal.svg\",\"width\":\"1024\",\"height\":\"1024\",\"caption\":\"BAUBAUWALL Wallpapers\"},\"image\":{\"@id\":\"https:\/\/baubauwall.com\/et\/#\/schema\/logo\/image\/\"},\"sameAs\":[\"https:\/\/www.facebook.com\/Baubauwall\",\"https:\/\/www.instagram.com\/baubauwall\"]}]}<\/script>\n<!-- \/ Yoast SEO plugin. -->","yoast_head_json":{"title":"Roosal taustal tapeet valgete luikedega","description":"Elegantne tapeet luikedega pilvede taustal. R\u00e4tsepat\u00f6\u00f6na valmivad disaintapeedid, Sinu seina m\u00f5\u00f5tu l\u00f5igatud paanides. Fliistapeet.","robots":{"index":"index","follow":"follow","max-snippet":"max-snippet:-1","max-image-preview":"max-image-preview:large","max-video-preview":"max-video-preview:-1"},"canonical":"https:\/\/baubauwall.com\/et\/toode\/tapeet-elegantsed-luiged-roosa\/","og_locale":"et_EE","og_type":"article","og_title":"Roosal taustal tapeet valgete luikedega","og_description":"Elegantne tapeet luikedega pilvede taustal. R\u00e4tsepat\u00f6\u00f6na valmivad disaintapeedid, Sinu seina m\u00f5\u00f5tu l\u00f5igatud paanides. Fliistapeet.","og_url":"https:\/\/baubauwall.com\/et\/toode\/tapeet-elegantsed-luiged-roosa\/","og_site_name":"BAUBAUWALL TAPEEDID","article_publisher":"https:\/\/www.facebook.com\/Baubauwall","article_modified_time":"2024-09-25T08:03:59+00:00","og_image":[{"width":1200,"height":800,"url":"https:\/\/baubauwall.com\/wp-content\/uploads\/2022\/01\/51100012_ElegantSwans-Pink_Baubauwall_Wallpaper_room6-1.jpg","type":"image\/jpeg"}],"twitter_card":"summary_large_image","twitter_misc":{"Est. reading time":"1 minut"},"schema":{"@context":"https:\/\/schema.org","@graph":[{"@type":"WebPage","@id":"https:\/\/baubauwall.com\/et\/toode\/tapeet-elegantsed-luiged-roosa\/","url":"https:\/\/baubauwall.com\/et\/toode\/tapeet-elegantsed-luiged-roosa\/","name":"Roosal taustal tapeet valgete luikedega","isPartOf":{"@id":"https:\/\/baubauwall.com\/et\/#website"},"primaryImageOfPage":{"@id":"https:\/\/baubauwall.com\/et\/toode\/tapeet-elegantsed-luiged-roosa\/#primaryimage"},"image":{"@id":"https:\/\/baubauwall.com\/et\/toode\/tapeet-elegantsed-luiged-roosa\/#primaryimage"},"thumbnailUrl":"https:\/\/baubauwall.com\/wp-content\/uploads\/2022\/01\/51100012_ElegantSwans-Pink_Baubauwall_Wallpaper_room6-1.jpg","datePublished":"2022-01-26T16:26:08+00:00","dateModified":"2024-09-25T08:03:59+00:00","description":"Elegantne tapeet luikedega pilvede taustal. R\u00e4tsepat\u00f6\u00f6na valmivad disaintapeedid, Sinu seina m\u00f5\u00f5tu l\u00f5igatud paanides. Fliistapeet.","breadcrumb":{"@id":"https:\/\/baubauwall.com\/et\/toode\/tapeet-elegantsed-luiged-roosa\/#breadcrumb"},"inLanguage":"et","potentialAction":[{"@type":"ReadAction","target":["https:\/\/baubauwall.com\/et\/toode\/tapeet-elegantsed-luiged-roosa\/"]}]},{"@type":"ImageObject","inLanguage":"et","@id":"https:\/\/baubauwall.com\/et\/toode\/tapeet-elegantsed-luiged-roosa\/#primaryimage","url":"https:\/\/baubauwall.com\/wp-content\/uploads\/2022\/01\/51100012_ElegantSwans-Pink_Baubauwall_Wallpaper_room6-1.jpg","contentUrl":"https:\/\/baubauwall.com\/wp-content\/uploads\/2022\/01\/51100012_ElegantSwans-Pink_Baubauwall_Wallpaper_room6-1.jpg","width":1200,"height":800},{"@type":"BreadcrumbList","@id":"https:\/\/baubauwall.com\/et\/toode\/tapeet-elegantsed-luiged-roosa\/#breadcrumb","itemListElement":[{"@type":"ListItem","position":1,"name":"Koju","item":"https:\/\/baubauwall.com\/et\/"},{"@type":"ListItem","position":2,"name":"Tapeedid","item":"https:\/\/baubauwall.com\/et\/tapeedid\/"},{"@type":"ListItem","position":3,"name":"Elegantsed luiged &#8211; roosa"}]},{"@type":"WebSite","@id":"https:\/\/baubauwall.com\/et\/#website","url":"https:\/\/baubauwall.com\/et\/","name":"BAUBAUWALL Wallpapers","description":"Valmis paanides tapeet Eestist!","publisher":{"@id":"https:\/\/baubauwall.com\/et\/#organization"},"potentialAction":[{"@type":"SearchAction","target":{"@type":"EntryPoint","urlTemplate":"https:\/\/baubauwall.com\/et\/?s={search_term_string}"},"query-input":{"@type":"PropertyValueSpecification","valueRequired":true,"valueName":"search_term_string"}}],"inLanguage":"et"},{"@type":"Organization","@id":"https:\/\/baubauwall.com\/et\/#organization","name":"BAUBAUWALL Wallpapers","url":"https:\/\/baubauwall.com\/et\/","logo":{"@type":"ImageObject","inLanguage":"et","@id":"https:\/\/baubauwall.com\/et\/#\/schema\/logo\/image\/","url":"https:\/\/baubauwall.com\/wp-content\/uploads\/2022\/03\/logo-horizontal.svg","contentUrl":"https:\/\/baubauwall.com\/wp-content\/uploads\/2022\/03\/logo-horizontal.svg","width":"1024","height":"1024","caption":"BAUBAUWALL Wallpapers"},"image":{"@id":"https:\/\/baubauwall.com\/et\/#\/schema\/logo\/image\/"},"sameAs":["https:\/\/www.facebook.com\/Baubauwall","https:\/\/www.instagram.com\/baubauwall"]}]}},"jetpack_sharing_enabled":true,"_links":{"self":[{"href":"https:\/\/baubauwall.com\/et\/wp-json\/wp\/v2\/product\/5348","targetHints":{"allow":["GET"]}}],"collection":[{"href":"https:\/\/baubauwall.com\/et\/wp-json\/wp\/v2\/product"}],"about":[{"href":"https:\/\/baubauwall.com\/et\/wp-json\/wp\/v2\/types\/product"}],"replies":[{"embeddable":true,"href":"https:\/\/baubauwall.com\/et\/wp-json\/wp\/v2\/comments?post=5348"}],"wp:featuredmedia":[{"embeddable":true,"href":"https:\/\/baubauwall.com\/et\/wp-json\/wp\/v2\/media\/7685"}],"wp:attachment":[{"href":"https:\/\/baubauwall.com\/et\/wp-json\/wp\/v2\/media?parent=5348"}],"wp:term":[{"taxonomy":"product_brand","embeddable":true,"href":"https:\/\/baubauwall.com\/et\/wp-json\/wp\/v2\/product_brand?post=5348"},{"taxonomy":"product_cat","embeddable":true,"href":"https:\/\/baubauwall.com\/et\/wp-json\/wp\/v2\/product_cat?post=5348"},{"taxonomy":"product_tag","embeddable":true,"href":"https:\/\/baubauwall.com\/et\/wp-json\/wp\/v2\/product_tag?post=5348"}],"curies":[{"name":"wp","href":"https:\/\/api.w.org\/{rel}","templated":true}]}}