{"id":5358,"date":"2022-01-27T15:21:27","date_gmt":"2022-01-27T13:21:27","guid":{"rendered":"https:\/\/baubauwall.com\/product\/ripe-lemons-wedges-blue-backdrop\/"},"modified":"2023-12-08T13:54:08","modified_gmt":"2023-12-08T11:54:08","slug":"tapeet-sidrunibool-helesinine","status":"publish","type":"product","link":"https:\/\/baubauwall.com\/et\/toode\/tapeet-sidrunibool-helesinine\/","title":{"rendered":"Sidrunibool &#8211; helesinine"},"content":{"rendered":"<p>K\u00e4sitsi maalitud sidrunid koos popkunsti stiilis sidruniviiludega. Illustreeritud kollaste sidrunite, roheliste lehtede ja \u00f5itega v\u00f5luv tapeedikujundus on inspireeritud Vahemere \u00e4\u00e4rsest atmosf\u00e4\u00e4rist. Popkunsti stiilis sidruniviilud lisavad annuse geomeetriat ja modernismi. Elav ja julge valik \u2013 see ebatavaline muster paneb Su seinad lausa kiirgama positiivsust.<\/p>\n<p>&nbsp;<\/p>\n","protected":false},"excerpt":{"rendered":"<p>K\u00e4sitsi maalitud sidrunid koos popkunsti stiilis sidruniviiludega. Illustreeritud kollaste sidrunite, roheliste lehtede ja \u00f5itega v\u00f5luv tapeedikujundus on inspireeritud Vahemere \u00e4\u00e4rsest atmosf\u00e4\u00e4rist. Popkunsti stiilis sidruniviilud lisavad annuse geomeetriat ja modernismi. Elav ja julge valik \u2013 see ebatavaline muster paneb Su seinad lausa kiirgama positiivsust. &nbsp;<\/p>\n","protected":false},"featured_media":4134,"comment_status":"open","ping_status":"closed","template":"","meta":{"_acf_changed":false,"inline_featured_image":false},"product_brand":[],"product_cat":[386,391,267,268,271,411,413,414,415,416,399,401,402,412,699,261],"product_tag":[695],"class_list":{"0":"post-5358","1":"product","2":"type-product","3":"status-publish","4":"has-post-thumbnail","6":"product_cat-kordusmustriga-tapeedid","7":"product_cat-vahemereline","8":"product_cat-sinised-tapeedid","9":"product_cat-kirkad-tapeedid","10":"product_cat-rohelised-tapeedid","11":"product_cat-kollased-tapeedid","12":"product_cat-magamistoa-tapeedid","13":"product_cat-soogitoa-tapeedid","14":"product_cat-kulalistetoa-tapeedid","15":"product_cat-esiku-tapeedid","16":"product_cat-kodukontori-tapeedid","17":"product_cat-koogi-tapeedid","18":"product_cat-elutoa-tapeedid","19":"product_cat-vannitoa-tapeedid","20":"product_cat-eesti-disain-tapeedid","21":"product_cat-puuviljad","22":"product_tag-eesti-disain-tapeedid","23":"pa_designedby-baubauwall","25":"first","26":"instock","27":"taxable","28":"shipping-taxable","29":"purchasable","30":"product-type-simple"},"acf":[],"yoast_head":"<!-- This site is optimized with the Yoast SEO plugin v25.9 - https:\/\/yoast.com\/wordpress\/plugins\/seo\/ -->\n<title>S\u00e4rtsakad sidrunid helesinisel taustal tapeet. Eesti disaintapeet<\/title>\n<meta name=\"description\" content=\"Helesinine tapeet. Kollaste sidrunitega tapeet, mis \u00f5hkab v\u00e4rskust. Tapeet, mis sobib pea k\u00f5ikjale. R\u00e4tsepat\u00f6\u00f6na valmivad Eesti disaintapeedid.\" \/>\n<meta name=\"robots\" content=\"index, follow, max-snippet:-1, max-image-preview:large, max-video-preview:-1\" \/>\n<link rel=\"canonical\" href=\"https:\/\/baubauwall.com\/et\/toode\/tapeet-sidrunibool-helesinine\/\" \/>\n<meta property=\"og:locale\" content=\"et_EE\" \/>\n<meta property=\"og:type\" content=\"article\" \/>\n<meta property=\"og:title\" content=\"S\u00e4rtsakad sidrunid helesinisel taustal tapeet. Eesti disaintapeet\" \/>\n<meta property=\"og:description\" content=\"Helesinine tapeet. Kollaste sidrunitega tapeet, mis \u00f5hkab v\u00e4rskust. Tapeet, mis sobib pea k\u00f5ikjale. R\u00e4tsepat\u00f6\u00f6na valmivad Eesti disaintapeedid.\" \/>\n<meta property=\"og:url\" content=\"https:\/\/baubauwall.com\/et\/toode\/tapeet-sidrunibool-helesinine\/\" \/>\n<meta property=\"og:site_name\" content=\"BAUBAUWALL TAPEEDID\" \/>\n<meta property=\"article:publisher\" content=\"https:\/\/www.facebook.com\/Baubauwall\" \/>\n<meta property=\"article:modified_time\" content=\"2023-12-08T11:54:08+00:00\" \/>\n<meta property=\"og:image\" content=\"https:\/\/baubauwall.com\/wp-content\/uploads\/2022\/01\/51100022_RipeLemonsBlueWedges-Blue_Baubauwall_Wallpaper_room6.png\" \/>\n\t<meta property=\"og:image:width\" content=\"800\" \/>\n\t<meta property=\"og:image:height\" content=\"800\" \/>\n\t<meta property=\"og:image:type\" content=\"image\/png\" \/>\n<meta name=\"twitter:card\" content=\"summary_large_image\" \/>\n<meta name=\"twitter:label1\" content=\"Est. reading time\" \/>\n\t<meta name=\"twitter:data1\" content=\"1 minut\" \/>\n<script type=\"application\/ld+json\" class=\"yoast-schema-graph\">{\"@context\":\"https:\/\/schema.org\",\"@graph\":[{\"@type\":\"WebPage\",\"@id\":\"https:\/\/baubauwall.com\/et\/toode\/tapeet-sidrunibool-helesinine\/\",\"url\":\"https:\/\/baubauwall.com\/et\/toode\/tapeet-sidrunibool-helesinine\/\",\"name\":\"S\u00e4rtsakad sidrunid helesinisel taustal tapeet. Eesti disaintapeet\",\"isPartOf\":{\"@id\":\"https:\/\/baubauwall.com\/et\/#website\"},\"primaryImageOfPage\":{\"@id\":\"https:\/\/baubauwall.com\/et\/toode\/tapeet-sidrunibool-helesinine\/#primaryimage\"},\"image\":{\"@id\":\"https:\/\/baubauwall.com\/et\/toode\/tapeet-sidrunibool-helesinine\/#primaryimage\"},\"thumbnailUrl\":\"https:\/\/baubauwall.com\/wp-content\/uploads\/2022\/01\/51100022_RipeLemonsBlueWedges-Blue_Baubauwall_Wallpaper_room6.png\",\"datePublished\":\"2022-01-27T13:21:27+00:00\",\"dateModified\":\"2023-12-08T11:54:08+00:00\",\"description\":\"Helesinine tapeet. Kollaste sidrunitega tapeet, mis \u00f5hkab v\u00e4rskust. Tapeet, mis sobib pea k\u00f5ikjale. R\u00e4tsepat\u00f6\u00f6na valmivad Eesti disaintapeedid.\",\"breadcrumb\":{\"@id\":\"https:\/\/baubauwall.com\/et\/toode\/tapeet-sidrunibool-helesinine\/#breadcrumb\"},\"inLanguage\":\"et\",\"potentialAction\":[{\"@type\":\"ReadAction\",\"target\":[\"https:\/\/baubauwall.com\/et\/toode\/tapeet-sidrunibool-helesinine\/\"]}]},{\"@type\":\"ImageObject\",\"inLanguage\":\"et\",\"@id\":\"https:\/\/baubauwall.com\/et\/toode\/tapeet-sidrunibool-helesinine\/#primaryimage\",\"url\":\"https:\/\/baubauwall.com\/wp-content\/uploads\/2022\/01\/51100022_RipeLemonsBlueWedges-Blue_Baubauwall_Wallpaper_room6.png\",\"contentUrl\":\"https:\/\/baubauwall.com\/wp-content\/uploads\/2022\/01\/51100022_RipeLemonsBlueWedges-Blue_Baubauwall_Wallpaper_room6.png\",\"width\":800,\"height\":800},{\"@type\":\"BreadcrumbList\",\"@id\":\"https:\/\/baubauwall.com\/et\/toode\/tapeet-sidrunibool-helesinine\/#breadcrumb\",\"itemListElement\":[{\"@type\":\"ListItem\",\"position\":1,\"name\":\"Koju\",\"item\":\"https:\/\/baubauwall.com\/et\/\"},{\"@type\":\"ListItem\",\"position\":2,\"name\":\"Tapeedid\",\"item\":\"https:\/\/baubauwall.com\/et\/tapeedid\/\"},{\"@type\":\"ListItem\",\"position\":3,\"name\":\"Sidrunibool &#8211; helesinine\"}]},{\"@type\":\"WebSite\",\"@id\":\"https:\/\/baubauwall.com\/et\/#website\",\"url\":\"https:\/\/baubauwall.com\/et\/\",\"name\":\"BAUBAUWALL Wallpapers\",\"description\":\"Valmis paanides tapeet Eestist!\",\"publisher\":{\"@id\":\"https:\/\/baubauwall.com\/et\/#organization\"},\"potentialAction\":[{\"@type\":\"SearchAction\",\"target\":{\"@type\":\"EntryPoint\",\"urlTemplate\":\"https:\/\/baubauwall.com\/et\/?s={search_term_string}\"},\"query-input\":{\"@type\":\"PropertyValueSpecification\",\"valueRequired\":true,\"valueName\":\"search_term_string\"}}],\"inLanguage\":\"et\"},{\"@type\":\"Organization\",\"@id\":\"https:\/\/baubauwall.com\/et\/#organization\",\"name\":\"BAUBAUWALL Wallpapers\",\"url\":\"https:\/\/baubauwall.com\/et\/\",\"logo\":{\"@type\":\"ImageObject\",\"inLanguage\":\"et\",\"@id\":\"https:\/\/baubauwall.com\/et\/#\/schema\/logo\/image\/\",\"url\":\"https:\/\/baubauwall.com\/wp-content\/uploads\/2022\/03\/logo-horizontal.svg\",\"contentUrl\":\"https:\/\/baubauwall.com\/wp-content\/uploads\/2022\/03\/logo-horizontal.svg\",\"width\":\"1024\",\"height\":\"1024\",\"caption\":\"BAUBAUWALL Wallpapers\"},\"image\":{\"@id\":\"https:\/\/baubauwall.com\/et\/#\/schema\/logo\/image\/\"},\"sameAs\":[\"https:\/\/www.facebook.com\/Baubauwall\",\"https:\/\/www.instagram.com\/baubauwall\"]}]}<\/script>\n<!-- \/ Yoast SEO plugin. -->","yoast_head_json":{"title":"S\u00e4rtsakad sidrunid helesinisel taustal tapeet. Eesti disaintapeet","description":"Helesinine tapeet. Kollaste sidrunitega tapeet, mis \u00f5hkab v\u00e4rskust. Tapeet, mis sobib pea k\u00f5ikjale. R\u00e4tsepat\u00f6\u00f6na valmivad Eesti disaintapeedid.","robots":{"index":"index","follow":"follow","max-snippet":"max-snippet:-1","max-image-preview":"max-image-preview:large","max-video-preview":"max-video-preview:-1"},"canonical":"https:\/\/baubauwall.com\/et\/toode\/tapeet-sidrunibool-helesinine\/","og_locale":"et_EE","og_type":"article","og_title":"S\u00e4rtsakad sidrunid helesinisel taustal tapeet. Eesti disaintapeet","og_description":"Helesinine tapeet. Kollaste sidrunitega tapeet, mis \u00f5hkab v\u00e4rskust. Tapeet, mis sobib pea k\u00f5ikjale. R\u00e4tsepat\u00f6\u00f6na valmivad Eesti disaintapeedid.","og_url":"https:\/\/baubauwall.com\/et\/toode\/tapeet-sidrunibool-helesinine\/","og_site_name":"BAUBAUWALL TAPEEDID","article_publisher":"https:\/\/www.facebook.com\/Baubauwall","article_modified_time":"2023-12-08T11:54:08+00:00","og_image":[{"width":800,"height":800,"url":"https:\/\/baubauwall.com\/wp-content\/uploads\/2022\/01\/51100022_RipeLemonsBlueWedges-Blue_Baubauwall_Wallpaper_room6.png","type":"image\/png"}],"twitter_card":"summary_large_image","twitter_misc":{"Est. reading time":"1 minut"},"schema":{"@context":"https:\/\/schema.org","@graph":[{"@type":"WebPage","@id":"https:\/\/baubauwall.com\/et\/toode\/tapeet-sidrunibool-helesinine\/","url":"https:\/\/baubauwall.com\/et\/toode\/tapeet-sidrunibool-helesinine\/","name":"S\u00e4rtsakad sidrunid helesinisel taustal tapeet. Eesti disaintapeet","isPartOf":{"@id":"https:\/\/baubauwall.com\/et\/#website"},"primaryImageOfPage":{"@id":"https:\/\/baubauwall.com\/et\/toode\/tapeet-sidrunibool-helesinine\/#primaryimage"},"image":{"@id":"https:\/\/baubauwall.com\/et\/toode\/tapeet-sidrunibool-helesinine\/#primaryimage"},"thumbnailUrl":"https:\/\/baubauwall.com\/wp-content\/uploads\/2022\/01\/51100022_RipeLemonsBlueWedges-Blue_Baubauwall_Wallpaper_room6.png","datePublished":"2022-01-27T13:21:27+00:00","dateModified":"2023-12-08T11:54:08+00:00","description":"Helesinine tapeet. Kollaste sidrunitega tapeet, mis \u00f5hkab v\u00e4rskust. Tapeet, mis sobib pea k\u00f5ikjale. R\u00e4tsepat\u00f6\u00f6na valmivad Eesti disaintapeedid.","breadcrumb":{"@id":"https:\/\/baubauwall.com\/et\/toode\/tapeet-sidrunibool-helesinine\/#breadcrumb"},"inLanguage":"et","potentialAction":[{"@type":"ReadAction","target":["https:\/\/baubauwall.com\/et\/toode\/tapeet-sidrunibool-helesinine\/"]}]},{"@type":"ImageObject","inLanguage":"et","@id":"https:\/\/baubauwall.com\/et\/toode\/tapeet-sidrunibool-helesinine\/#primaryimage","url":"https:\/\/baubauwall.com\/wp-content\/uploads\/2022\/01\/51100022_RipeLemonsBlueWedges-Blue_Baubauwall_Wallpaper_room6.png","contentUrl":"https:\/\/baubauwall.com\/wp-content\/uploads\/2022\/01\/51100022_RipeLemonsBlueWedges-Blue_Baubauwall_Wallpaper_room6.png","width":800,"height":800},{"@type":"BreadcrumbList","@id":"https:\/\/baubauwall.com\/et\/toode\/tapeet-sidrunibool-helesinine\/#breadcrumb","itemListElement":[{"@type":"ListItem","position":1,"name":"Koju","item":"https:\/\/baubauwall.com\/et\/"},{"@type":"ListItem","position":2,"name":"Tapeedid","item":"https:\/\/baubauwall.com\/et\/tapeedid\/"},{"@type":"ListItem","position":3,"name":"Sidrunibool &#8211; helesinine"}]},{"@type":"WebSite","@id":"https:\/\/baubauwall.com\/et\/#website","url":"https:\/\/baubauwall.com\/et\/","name":"BAUBAUWALL Wallpapers","description":"Valmis paanides tapeet Eestist!","publisher":{"@id":"https:\/\/baubauwall.com\/et\/#organization"},"potentialAction":[{"@type":"SearchAction","target":{"@type":"EntryPoint","urlTemplate":"https:\/\/baubauwall.com\/et\/?s={search_term_string}"},"query-input":{"@type":"PropertyValueSpecification","valueRequired":true,"valueName":"search_term_string"}}],"inLanguage":"et"},{"@type":"Organization","@id":"https:\/\/baubauwall.com\/et\/#organization","name":"BAUBAUWALL Wallpapers","url":"https:\/\/baubauwall.com\/et\/","logo":{"@type":"ImageObject","inLanguage":"et","@id":"https:\/\/baubauwall.com\/et\/#\/schema\/logo\/image\/","url":"https:\/\/baubauwall.com\/wp-content\/uploads\/2022\/03\/logo-horizontal.svg","contentUrl":"https:\/\/baubauwall.com\/wp-content\/uploads\/2022\/03\/logo-horizontal.svg","width":"1024","height":"1024","caption":"BAUBAUWALL Wallpapers"},"image":{"@id":"https:\/\/baubauwall.com\/et\/#\/schema\/logo\/image\/"},"sameAs":["https:\/\/www.facebook.com\/Baubauwall","https:\/\/www.instagram.com\/baubauwall"]}]}},"jetpack_sharing_enabled":true,"_links":{"self":[{"href":"https:\/\/baubauwall.com\/et\/wp-json\/wp\/v2\/product\/5358","targetHints":{"allow":["GET"]}}],"collection":[{"href":"https:\/\/baubauwall.com\/et\/wp-json\/wp\/v2\/product"}],"about":[{"href":"https:\/\/baubauwall.com\/et\/wp-json\/wp\/v2\/types\/product"}],"replies":[{"embeddable":true,"href":"https:\/\/baubauwall.com\/et\/wp-json\/wp\/v2\/comments?post=5358"}],"wp:featuredmedia":[{"embeddable":true,"href":"https:\/\/baubauwall.com\/et\/wp-json\/wp\/v2\/media\/4134"}],"wp:attachment":[{"href":"https:\/\/baubauwall.com\/et\/wp-json\/wp\/v2\/media?parent=5358"}],"wp:term":[{"taxonomy":"product_brand","embeddable":true,"href":"https:\/\/baubauwall.com\/et\/wp-json\/wp\/v2\/product_brand?post=5358"},{"taxonomy":"product_cat","embeddable":true,"href":"https:\/\/baubauwall.com\/et\/wp-json\/wp\/v2\/product_cat?post=5358"},{"taxonomy":"product_tag","embeddable":true,"href":"https:\/\/baubauwall.com\/et\/wp-json\/wp\/v2\/product_tag?post=5358"}],"curies":[{"name":"wp","href":"https:\/\/api.w.org\/{rel}","templated":true}]}}