{"id":5364,"date":"2022-01-27T15:41:55","date_gmt":"2022-01-27T13:41:55","guid":{"rendered":"https:\/\/baubauwall.com\/product\/ripe-lemons-and-yellow-wedges-blue-backdrop\/"},"modified":"2022-03-23T20:12:35","modified_gmt":"2022-03-23T20:12:35","slug":"ripe-lemons-and-yellow-wedges-blue-backdrop","status":"publish","type":"product","link":"https:\/\/baubauwall.com\/et\/toode\/ripe-lemons-and-yellow-wedges-blue-backdrop\/","title":{"rendered":"Sidrunibool &#8211; sinine &#038; kollane"},"content":{"rendered":"<p>Klassikaline, kuid samas moodne tapeedidisain k\u00e4sitsi maalitud sidrunitega, mis on kombineeritud kollaste popkunstist tuttavate tsitruseviiludega. Elavaloomuline ja julge valik \u2013 see p\u00f5nev muster paneb su seinad kiirgama positiivsust.<br \/>\nKollane on tuntud kui &#8220;\u00f5nne v\u00e4rv&#8221; \u2013 hea valik interj\u00f6\u00f6ri, et luua soe ja k\u00fclalislahke keskkond.<\/p>\n","protected":false},"excerpt":{"rendered":"<p>Klassikaline, kuid samas moodne tapeedidisain k\u00e4sitsi maalitud sidrunitega, mis on kombineeritud kollaste popkunstist tuttavate tsitruseviiludega. Elavaloomuline ja julge valik \u2013 see p\u00f5nev muster paneb su seinad kiirgama positiivsust. Kollane on tuntud kui &#8220;\u00f5nne v\u00e4rv&#8221; \u2013 hea valik interj\u00f6\u00f6ri, et luua soe ja k\u00fclalislahke keskkond.<\/p>\n","protected":false},"featured_media":3649,"comment_status":"open","ping_status":"closed","template":"","meta":{"_acf_changed":false,"inline_featured_image":false},"product_brand":[],"product_cat":[386,391,267,268,271,411,414,415,416,399,401,402,412,261,561],"product_tag":[],"class_list":{"0":"post-5364","1":"product","2":"type-product","3":"status-publish","4":"has-post-thumbnail","6":"product_cat-kordusmustriga-tapeedid","7":"product_cat-vahemereline","8":"product_cat-sinised-tapeedid","9":"product_cat-kirkad-tapeedid","10":"product_cat-rohelised-tapeedid","11":"product_cat-kollased-tapeedid","12":"product_cat-soogitoa-tapeedid","13":"product_cat-kulalistetoa-tapeedid","14":"product_cat-esiku-tapeedid","15":"product_cat-kodukontori-tapeedid","16":"product_cat-koogi-tapeedid","17":"product_cat-elutoa-tapeedid","18":"product_cat-vannitoa-tapeedid","19":"product_cat-puuviljad","20":"product_cat-suvised-tapeedid","21":"pa_designedby-baubauwall","23":"first","24":"instock","25":"taxable","26":"shipping-taxable","27":"purchasable","28":"product-type-simple"},"acf":[],"yoast_head":"<!-- This site is optimized with the Yoast SEO plugin v25.9 - https:\/\/yoast.com\/wordpress\/plugins\/seo\/ -->\n<title>Ripe Lemons and Yellow Wedges on Light Blue Backdrop Wallpaper<\/title>\n<meta name=\"description\" content=\"Wallpaper with hand drawn aquarelles - yellow natural lemons. Bespoke wallpapers made to fit your walls. Custom printed design patterns.\" \/>\n<meta name=\"robots\" content=\"index, follow, max-snippet:-1, max-image-preview:large, max-video-preview:-1\" \/>\n<link rel=\"canonical\" href=\"https:\/\/baubauwall.com\/et\/toode\/ripe-lemons-and-yellow-wedges-blue-backdrop\/\" \/>\n<meta property=\"og:locale\" content=\"et_EE\" \/>\n<meta property=\"og:type\" content=\"article\" \/>\n<meta property=\"og:title\" content=\"Ripe Lemons and Yellow Wedges on Light Blue Backdrop Wallpaper\" \/>\n<meta property=\"og:description\" content=\"Wallpaper with hand drawn aquarelles - yellow natural lemons. Bespoke wallpapers made to fit your walls. Custom printed design patterns.\" \/>\n<meta property=\"og:url\" content=\"https:\/\/baubauwall.com\/et\/toode\/ripe-lemons-and-yellow-wedges-blue-backdrop\/\" \/>\n<meta property=\"og:site_name\" content=\"BAUBAUWALL TAPEEDID\" \/>\n<meta property=\"article:publisher\" content=\"https:\/\/www.facebook.com\/Baubauwall\" \/>\n<meta property=\"article:modified_time\" content=\"2022-03-23T20:12:35+00:00\" \/>\n<meta property=\"og:image\" content=\"https:\/\/baubauwall.com\/wp-content\/uploads\/2022\/01\/51100024_RipeLemonYellowWedges_Baubauwall_Wallpaper_room5.png\" \/>\n\t<meta property=\"og:image:width\" content=\"800\" \/>\n\t<meta property=\"og:image:height\" content=\"800\" \/>\n\t<meta property=\"og:image:type\" content=\"image\/png\" \/>\n<meta name=\"twitter:card\" content=\"summary_large_image\" \/>\n<meta name=\"twitter:label1\" content=\"Est. reading time\" \/>\n\t<meta name=\"twitter:data1\" content=\"1 minut\" \/>\n<script type=\"application\/ld+json\" class=\"yoast-schema-graph\">{\"@context\":\"https:\/\/schema.org\",\"@graph\":[{\"@type\":\"WebPage\",\"@id\":\"https:\/\/baubauwall.com\/et\/toode\/ripe-lemons-and-yellow-wedges-blue-backdrop\/\",\"url\":\"https:\/\/baubauwall.com\/et\/toode\/ripe-lemons-and-yellow-wedges-blue-backdrop\/\",\"name\":\"Ripe Lemons and Yellow Wedges on Light Blue Backdrop Wallpaper\",\"isPartOf\":{\"@id\":\"https:\/\/baubauwall.com\/et\/#website\"},\"primaryImageOfPage\":{\"@id\":\"https:\/\/baubauwall.com\/et\/toode\/ripe-lemons-and-yellow-wedges-blue-backdrop\/#primaryimage\"},\"image\":{\"@id\":\"https:\/\/baubauwall.com\/et\/toode\/ripe-lemons-and-yellow-wedges-blue-backdrop\/#primaryimage\"},\"thumbnailUrl\":\"https:\/\/baubauwall.com\/wp-content\/uploads\/2022\/01\/51100024_RipeLemonYellowWedges_Baubauwall_Wallpaper_room5.png\",\"datePublished\":\"2022-01-27T13:41:55+00:00\",\"dateModified\":\"2022-03-23T20:12:35+00:00\",\"description\":\"Wallpaper with hand drawn aquarelles - yellow natural lemons. Bespoke wallpapers made to fit your walls. Custom printed design patterns.\",\"breadcrumb\":{\"@id\":\"https:\/\/baubauwall.com\/et\/toode\/ripe-lemons-and-yellow-wedges-blue-backdrop\/#breadcrumb\"},\"inLanguage\":\"et\",\"potentialAction\":[{\"@type\":\"ReadAction\",\"target\":[\"https:\/\/baubauwall.com\/et\/toode\/ripe-lemons-and-yellow-wedges-blue-backdrop\/\"]}]},{\"@type\":\"ImageObject\",\"inLanguage\":\"et\",\"@id\":\"https:\/\/baubauwall.com\/et\/toode\/ripe-lemons-and-yellow-wedges-blue-backdrop\/#primaryimage\",\"url\":\"https:\/\/baubauwall.com\/wp-content\/uploads\/2022\/01\/51100024_RipeLemonYellowWedges_Baubauwall_Wallpaper_room5.png\",\"contentUrl\":\"https:\/\/baubauwall.com\/wp-content\/uploads\/2022\/01\/51100024_RipeLemonYellowWedges_Baubauwall_Wallpaper_room5.png\",\"width\":800,\"height\":800},{\"@type\":\"BreadcrumbList\",\"@id\":\"https:\/\/baubauwall.com\/et\/toode\/ripe-lemons-and-yellow-wedges-blue-backdrop\/#breadcrumb\",\"itemListElement\":[{\"@type\":\"ListItem\",\"position\":1,\"name\":\"Koju\",\"item\":\"https:\/\/baubauwall.com\/et\/\"},{\"@type\":\"ListItem\",\"position\":2,\"name\":\"Tapeedid\",\"item\":\"https:\/\/baubauwall.com\/et\/tapeedid\/\"},{\"@type\":\"ListItem\",\"position\":3,\"name\":\"Sidrunibool &#8211; sinine &#038; kollane\"}]},{\"@type\":\"WebSite\",\"@id\":\"https:\/\/baubauwall.com\/et\/#website\",\"url\":\"https:\/\/baubauwall.com\/et\/\",\"name\":\"BAUBAUWALL Wallpapers\",\"description\":\"Valmis paanides tapeet Eestist!\",\"publisher\":{\"@id\":\"https:\/\/baubauwall.com\/et\/#organization\"},\"potentialAction\":[{\"@type\":\"SearchAction\",\"target\":{\"@type\":\"EntryPoint\",\"urlTemplate\":\"https:\/\/baubauwall.com\/et\/?s={search_term_string}\"},\"query-input\":{\"@type\":\"PropertyValueSpecification\",\"valueRequired\":true,\"valueName\":\"search_term_string\"}}],\"inLanguage\":\"et\"},{\"@type\":\"Organization\",\"@id\":\"https:\/\/baubauwall.com\/et\/#organization\",\"name\":\"BAUBAUWALL Wallpapers\",\"url\":\"https:\/\/baubauwall.com\/et\/\",\"logo\":{\"@type\":\"ImageObject\",\"inLanguage\":\"et\",\"@id\":\"https:\/\/baubauwall.com\/et\/#\/schema\/logo\/image\/\",\"url\":\"https:\/\/baubauwall.com\/wp-content\/uploads\/2022\/03\/logo-horizontal.svg\",\"contentUrl\":\"https:\/\/baubauwall.com\/wp-content\/uploads\/2022\/03\/logo-horizontal.svg\",\"width\":\"1024\",\"height\":\"1024\",\"caption\":\"BAUBAUWALL Wallpapers\"},\"image\":{\"@id\":\"https:\/\/baubauwall.com\/et\/#\/schema\/logo\/image\/\"},\"sameAs\":[\"https:\/\/www.facebook.com\/Baubauwall\",\"https:\/\/www.instagram.com\/baubauwall\"]}]}<\/script>\n<!-- \/ Yoast SEO plugin. -->","yoast_head_json":{"title":"Ripe Lemons and Yellow Wedges on Light Blue Backdrop Wallpaper","description":"Wallpaper with hand drawn aquarelles - yellow natural lemons. Bespoke wallpapers made to fit your walls. Custom printed design patterns.","robots":{"index":"index","follow":"follow","max-snippet":"max-snippet:-1","max-image-preview":"max-image-preview:large","max-video-preview":"max-video-preview:-1"},"canonical":"https:\/\/baubauwall.com\/et\/toode\/ripe-lemons-and-yellow-wedges-blue-backdrop\/","og_locale":"et_EE","og_type":"article","og_title":"Ripe Lemons and Yellow Wedges on Light Blue Backdrop Wallpaper","og_description":"Wallpaper with hand drawn aquarelles - yellow natural lemons. Bespoke wallpapers made to fit your walls. Custom printed design patterns.","og_url":"https:\/\/baubauwall.com\/et\/toode\/ripe-lemons-and-yellow-wedges-blue-backdrop\/","og_site_name":"BAUBAUWALL TAPEEDID","article_publisher":"https:\/\/www.facebook.com\/Baubauwall","article_modified_time":"2022-03-23T20:12:35+00:00","og_image":[{"width":800,"height":800,"url":"https:\/\/baubauwall.com\/wp-content\/uploads\/2022\/01\/51100024_RipeLemonYellowWedges_Baubauwall_Wallpaper_room5.png","type":"image\/png"}],"twitter_card":"summary_large_image","twitter_misc":{"Est. reading time":"1 minut"},"schema":{"@context":"https:\/\/schema.org","@graph":[{"@type":"WebPage","@id":"https:\/\/baubauwall.com\/et\/toode\/ripe-lemons-and-yellow-wedges-blue-backdrop\/","url":"https:\/\/baubauwall.com\/et\/toode\/ripe-lemons-and-yellow-wedges-blue-backdrop\/","name":"Ripe Lemons and Yellow Wedges on Light Blue Backdrop Wallpaper","isPartOf":{"@id":"https:\/\/baubauwall.com\/et\/#website"},"primaryImageOfPage":{"@id":"https:\/\/baubauwall.com\/et\/toode\/ripe-lemons-and-yellow-wedges-blue-backdrop\/#primaryimage"},"image":{"@id":"https:\/\/baubauwall.com\/et\/toode\/ripe-lemons-and-yellow-wedges-blue-backdrop\/#primaryimage"},"thumbnailUrl":"https:\/\/baubauwall.com\/wp-content\/uploads\/2022\/01\/51100024_RipeLemonYellowWedges_Baubauwall_Wallpaper_room5.png","datePublished":"2022-01-27T13:41:55+00:00","dateModified":"2022-03-23T20:12:35+00:00","description":"Wallpaper with hand drawn aquarelles - yellow natural lemons. Bespoke wallpapers made to fit your walls. Custom printed design patterns.","breadcrumb":{"@id":"https:\/\/baubauwall.com\/et\/toode\/ripe-lemons-and-yellow-wedges-blue-backdrop\/#breadcrumb"},"inLanguage":"et","potentialAction":[{"@type":"ReadAction","target":["https:\/\/baubauwall.com\/et\/toode\/ripe-lemons-and-yellow-wedges-blue-backdrop\/"]}]},{"@type":"ImageObject","inLanguage":"et","@id":"https:\/\/baubauwall.com\/et\/toode\/ripe-lemons-and-yellow-wedges-blue-backdrop\/#primaryimage","url":"https:\/\/baubauwall.com\/wp-content\/uploads\/2022\/01\/51100024_RipeLemonYellowWedges_Baubauwall_Wallpaper_room5.png","contentUrl":"https:\/\/baubauwall.com\/wp-content\/uploads\/2022\/01\/51100024_RipeLemonYellowWedges_Baubauwall_Wallpaper_room5.png","width":800,"height":800},{"@type":"BreadcrumbList","@id":"https:\/\/baubauwall.com\/et\/toode\/ripe-lemons-and-yellow-wedges-blue-backdrop\/#breadcrumb","itemListElement":[{"@type":"ListItem","position":1,"name":"Koju","item":"https:\/\/baubauwall.com\/et\/"},{"@type":"ListItem","position":2,"name":"Tapeedid","item":"https:\/\/baubauwall.com\/et\/tapeedid\/"},{"@type":"ListItem","position":3,"name":"Sidrunibool &#8211; sinine &#038; kollane"}]},{"@type":"WebSite","@id":"https:\/\/baubauwall.com\/et\/#website","url":"https:\/\/baubauwall.com\/et\/","name":"BAUBAUWALL Wallpapers","description":"Valmis paanides tapeet Eestist!","publisher":{"@id":"https:\/\/baubauwall.com\/et\/#organization"},"potentialAction":[{"@type":"SearchAction","target":{"@type":"EntryPoint","urlTemplate":"https:\/\/baubauwall.com\/et\/?s={search_term_string}"},"query-input":{"@type":"PropertyValueSpecification","valueRequired":true,"valueName":"search_term_string"}}],"inLanguage":"et"},{"@type":"Organization","@id":"https:\/\/baubauwall.com\/et\/#organization","name":"BAUBAUWALL Wallpapers","url":"https:\/\/baubauwall.com\/et\/","logo":{"@type":"ImageObject","inLanguage":"et","@id":"https:\/\/baubauwall.com\/et\/#\/schema\/logo\/image\/","url":"https:\/\/baubauwall.com\/wp-content\/uploads\/2022\/03\/logo-horizontal.svg","contentUrl":"https:\/\/baubauwall.com\/wp-content\/uploads\/2022\/03\/logo-horizontal.svg","width":"1024","height":"1024","caption":"BAUBAUWALL Wallpapers"},"image":{"@id":"https:\/\/baubauwall.com\/et\/#\/schema\/logo\/image\/"},"sameAs":["https:\/\/www.facebook.com\/Baubauwall","https:\/\/www.instagram.com\/baubauwall"]}]}},"jetpack_sharing_enabled":true,"_links":{"self":[{"href":"https:\/\/baubauwall.com\/et\/wp-json\/wp\/v2\/product\/5364","targetHints":{"allow":["GET"]}}],"collection":[{"href":"https:\/\/baubauwall.com\/et\/wp-json\/wp\/v2\/product"}],"about":[{"href":"https:\/\/baubauwall.com\/et\/wp-json\/wp\/v2\/types\/product"}],"replies":[{"embeddable":true,"href":"https:\/\/baubauwall.com\/et\/wp-json\/wp\/v2\/comments?post=5364"}],"wp:featuredmedia":[{"embeddable":true,"href":"https:\/\/baubauwall.com\/et\/wp-json\/wp\/v2\/media\/3649"}],"wp:attachment":[{"href":"https:\/\/baubauwall.com\/et\/wp-json\/wp\/v2\/media?parent=5364"}],"wp:term":[{"taxonomy":"product_brand","embeddable":true,"href":"https:\/\/baubauwall.com\/et\/wp-json\/wp\/v2\/product_brand?post=5364"},{"taxonomy":"product_cat","embeddable":true,"href":"https:\/\/baubauwall.com\/et\/wp-json\/wp\/v2\/product_cat?post=5364"},{"taxonomy":"product_tag","embeddable":true,"href":"https:\/\/baubauwall.com\/et\/wp-json\/wp\/v2\/product_tag?post=5364"}],"curies":[{"name":"wp","href":"https:\/\/api.w.org\/{rel}","templated":true}]}}