{"id":5370,"date":"2022-01-27T20:40:35","date_gmt":"2022-01-27T18:40:35","guid":{"rendered":"https:\/\/baubauwall.com\/product\/birds-and-beetles-secret-universe-wallpaper\/"},"modified":"2022-06-29T14:03:59","modified_gmt":"2022-06-29T12:03:59","slug":"birds-and-beetles-secret-universe-wallpaper","status":"publish","type":"product","link":"https:\/\/baubauwall.com\/et\/toode\/birds-and-beetles-secret-universe-wallpaper\/","title":{"rendered":"Lindude ja p\u00f5rnikate salauniversum"},"content":{"rendered":"<p>M\u00e4nguline l\u00e4henemine klassikalisele linnuteemalisele tapeedimustrile! Salauniversumis on enamikul v\u00e4rvilistel p\u00f5rnikatel ja lindudel iga\u00fchel oma koduplaneet. Mine sa tea, ehk ongi. Mardikate ja lindude teemaline p\u00f5hjamaisest stiilist inspireeritud tapeet on ajatu valik ja loob sinu kodus stiilse \u00fcldmulje aastateks.<\/p>\n","protected":false},"excerpt":{"rendered":"<p>M\u00e4nguline l\u00e4henemine klassikalisele linnuteemalisele tapeedimustrile! Salauniversumis on enamikul v\u00e4rvilistel p\u00f5rnikatel ja lindudel iga\u00fchel oma koduplaneet. Mine sa tea, ehk ongi. Mardikate ja lindude teemaline p\u00f5hjamaisest stiilist inspireeritud tapeet on ajatu valik ja loob sinu kodus stiilse \u00fcldmulje aastateks.<\/p>\n","protected":false},"featured_media":2074,"comment_status":"open","ping_status":"closed","template":"","meta":{"_acf_changed":false,"inline_featured_image":false},"product_brand":[],"product_cat":[386,396,268,271,410,413,400,414,415,416,399,401,402,254,257,258],"product_tag":[],"class_list":{"0":"post-5370","1":"product","2":"type-product","3":"status-publish","4":"has-post-thumbnail","6":"product_cat-kordusmustriga-tapeedid","7":"product_cat-skandinaavia","8":"product_cat-kirkad-tapeedid","9":"product_cat-rohelised-tapeedid","10":"product_cat-valge-tapeedid","11":"product_cat-magamistoa-tapeedid","12":"product_cat-lastetoa-tapeedid","13":"product_cat-soogitoa-tapeedid","14":"product_cat-kulalistetoa-tapeedid","15":"product_cat-esiku-tapeedid","16":"product_cat-kodukontori-tapeedid","17":"product_cat-koogi-tapeedid","18":"product_cat-elutoa-tapeedid","19":"product_cat-loodus","20":"product_cat-linnud","21":"product_cat-putukad-liblikad","22":"pa_designedby-baubauwall","24":"first","25":"instock","26":"taxable","27":"shipping-taxable","28":"purchasable","29":"product-type-simple"},"acf":[],"yoast_head":"<!-- This site is optimized with the Yoast SEO plugin v25.9 - https:\/\/yoast.com\/wordpress\/plugins\/seo\/ -->\n<title>Birds and Beetles Secret Universe Design Wallpaper<\/title>\n<meta name=\"robots\" content=\"index, follow, max-snippet:-1, max-image-preview:large, max-video-preview:-1\" \/>\n<link rel=\"canonical\" href=\"https:\/\/baubauwall.com\/et\/toode\/birds-and-beetles-secret-universe-wallpaper\/\" \/>\n<meta property=\"og:locale\" content=\"et_EE\" \/>\n<meta property=\"og:type\" content=\"article\" \/>\n<meta property=\"og:title\" content=\"Birds and Beetles Secret Universe Design Wallpaper\" \/>\n<meta property=\"og:description\" content=\"M\u00e4nguline l\u00e4henemine klassikalisele linnuteemalisele tapeedimustrile! Salauniversumis on enamikul v\u00e4rvilistel p\u00f5rnikatel ja lindudel iga\u00fchel oma koduplaneet. Mine sa tea, ehk ongi. Mardikate ja lindude teemaline p\u00f5hjamaisest stiilist inspireeritud tapeet on ajatu valik ja loob sinu kodus stiilse \u00fcldmulje aastateks.\" \/>\n<meta property=\"og:url\" content=\"https:\/\/baubauwall.com\/et\/toode\/birds-and-beetles-secret-universe-wallpaper\/\" \/>\n<meta property=\"og:site_name\" content=\"BAUBAUWALL TAPEEDID\" \/>\n<meta property=\"article:publisher\" content=\"https:\/\/www.facebook.com\/Baubauwall\" \/>\n<meta property=\"article:modified_time\" content=\"2022-06-29T12:03:59+00:00\" \/>\n<meta property=\"og:image\" content=\"https:\/\/baubauwall.com\/wp-content\/uploads\/2022\/01\/51100027_BirdSandbeetlesSecretUniverse_room5.png\" \/>\n\t<meta property=\"og:image:width\" content=\"1200\" \/>\n\t<meta property=\"og:image:height\" content=\"800\" \/>\n\t<meta property=\"og:image:type\" content=\"image\/png\" \/>\n<meta name=\"twitter:card\" content=\"summary_large_image\" \/>\n<meta name=\"twitter:label1\" content=\"Est. reading time\" \/>\n\t<meta name=\"twitter:data1\" content=\"1 minut\" \/>\n<script type=\"application\/ld+json\" class=\"yoast-schema-graph\">{\"@context\":\"https:\/\/schema.org\",\"@graph\":[{\"@type\":\"WebPage\",\"@id\":\"https:\/\/baubauwall.com\/et\/toode\/birds-and-beetles-secret-universe-wallpaper\/\",\"url\":\"https:\/\/baubauwall.com\/et\/toode\/birds-and-beetles-secret-universe-wallpaper\/\",\"name\":\"Birds and Beetles Secret Universe Design Wallpaper\",\"isPartOf\":{\"@id\":\"https:\/\/baubauwall.com\/et\/#website\"},\"primaryImageOfPage\":{\"@id\":\"https:\/\/baubauwall.com\/et\/toode\/birds-and-beetles-secret-universe-wallpaper\/#primaryimage\"},\"image\":{\"@id\":\"https:\/\/baubauwall.com\/et\/toode\/birds-and-beetles-secret-universe-wallpaper\/#primaryimage\"},\"thumbnailUrl\":\"https:\/\/baubauwall.com\/wp-content\/uploads\/2022\/01\/51100027_BirdSandbeetlesSecretUniverse_room5.png\",\"datePublished\":\"2022-01-27T18:40:35+00:00\",\"dateModified\":\"2022-06-29T12:03:59+00:00\",\"breadcrumb\":{\"@id\":\"https:\/\/baubauwall.com\/et\/toode\/birds-and-beetles-secret-universe-wallpaper\/#breadcrumb\"},\"inLanguage\":\"et\",\"potentialAction\":[{\"@type\":\"ReadAction\",\"target\":[\"https:\/\/baubauwall.com\/et\/toode\/birds-and-beetles-secret-universe-wallpaper\/\"]}]},{\"@type\":\"ImageObject\",\"inLanguage\":\"et\",\"@id\":\"https:\/\/baubauwall.com\/et\/toode\/birds-and-beetles-secret-universe-wallpaper\/#primaryimage\",\"url\":\"https:\/\/baubauwall.com\/wp-content\/uploads\/2022\/01\/51100027_BirdSandbeetlesSecretUniverse_room5.png\",\"contentUrl\":\"https:\/\/baubauwall.com\/wp-content\/uploads\/2022\/01\/51100027_BirdSandbeetlesSecretUniverse_room5.png\",\"width\":1200,\"height\":800},{\"@type\":\"BreadcrumbList\",\"@id\":\"https:\/\/baubauwall.com\/et\/toode\/birds-and-beetles-secret-universe-wallpaper\/#breadcrumb\",\"itemListElement\":[{\"@type\":\"ListItem\",\"position\":1,\"name\":\"Koju\",\"item\":\"https:\/\/baubauwall.com\/et\/\"},{\"@type\":\"ListItem\",\"position\":2,\"name\":\"Tapeedid\",\"item\":\"https:\/\/baubauwall.com\/et\/tapeedid\/\"},{\"@type\":\"ListItem\",\"position\":3,\"name\":\"Lindude ja p\u00f5rnikate salauniversum\"}]},{\"@type\":\"WebSite\",\"@id\":\"https:\/\/baubauwall.com\/et\/#website\",\"url\":\"https:\/\/baubauwall.com\/et\/\",\"name\":\"BAUBAUWALL Wallpapers\",\"description\":\"Valmis paanides tapeet Eestist!\",\"publisher\":{\"@id\":\"https:\/\/baubauwall.com\/et\/#organization\"},\"potentialAction\":[{\"@type\":\"SearchAction\",\"target\":{\"@type\":\"EntryPoint\",\"urlTemplate\":\"https:\/\/baubauwall.com\/et\/?s={search_term_string}\"},\"query-input\":{\"@type\":\"PropertyValueSpecification\",\"valueRequired\":true,\"valueName\":\"search_term_string\"}}],\"inLanguage\":\"et\"},{\"@type\":\"Organization\",\"@id\":\"https:\/\/baubauwall.com\/et\/#organization\",\"name\":\"BAUBAUWALL Wallpapers\",\"url\":\"https:\/\/baubauwall.com\/et\/\",\"logo\":{\"@type\":\"ImageObject\",\"inLanguage\":\"et\",\"@id\":\"https:\/\/baubauwall.com\/et\/#\/schema\/logo\/image\/\",\"url\":\"https:\/\/baubauwall.com\/wp-content\/uploads\/2022\/03\/logo-horizontal.svg\",\"contentUrl\":\"https:\/\/baubauwall.com\/wp-content\/uploads\/2022\/03\/logo-horizontal.svg\",\"width\":\"1024\",\"height\":\"1024\",\"caption\":\"BAUBAUWALL Wallpapers\"},\"image\":{\"@id\":\"https:\/\/baubauwall.com\/et\/#\/schema\/logo\/image\/\"},\"sameAs\":[\"https:\/\/www.facebook.com\/Baubauwall\",\"https:\/\/www.instagram.com\/baubauwall\"]}]}<\/script>\n<!-- \/ Yoast SEO plugin. -->","yoast_head_json":{"title":"Birds and Beetles Secret Universe Design Wallpaper","robots":{"index":"index","follow":"follow","max-snippet":"max-snippet:-1","max-image-preview":"max-image-preview:large","max-video-preview":"max-video-preview:-1"},"canonical":"https:\/\/baubauwall.com\/et\/toode\/birds-and-beetles-secret-universe-wallpaper\/","og_locale":"et_EE","og_type":"article","og_title":"Birds and Beetles Secret Universe Design Wallpaper","og_description":"M\u00e4nguline l\u00e4henemine klassikalisele linnuteemalisele tapeedimustrile! Salauniversumis on enamikul v\u00e4rvilistel p\u00f5rnikatel ja lindudel iga\u00fchel oma koduplaneet. Mine sa tea, ehk ongi. Mardikate ja lindude teemaline p\u00f5hjamaisest stiilist inspireeritud tapeet on ajatu valik ja loob sinu kodus stiilse \u00fcldmulje aastateks.","og_url":"https:\/\/baubauwall.com\/et\/toode\/birds-and-beetles-secret-universe-wallpaper\/","og_site_name":"BAUBAUWALL TAPEEDID","article_publisher":"https:\/\/www.facebook.com\/Baubauwall","article_modified_time":"2022-06-29T12:03:59+00:00","og_image":[{"width":1200,"height":800,"url":"https:\/\/baubauwall.com\/wp-content\/uploads\/2022\/01\/51100027_BirdSandbeetlesSecretUniverse_room5.png","type":"image\/png"}],"twitter_card":"summary_large_image","twitter_misc":{"Est. reading time":"1 minut"},"schema":{"@context":"https:\/\/schema.org","@graph":[{"@type":"WebPage","@id":"https:\/\/baubauwall.com\/et\/toode\/birds-and-beetles-secret-universe-wallpaper\/","url":"https:\/\/baubauwall.com\/et\/toode\/birds-and-beetles-secret-universe-wallpaper\/","name":"Birds and Beetles Secret Universe Design Wallpaper","isPartOf":{"@id":"https:\/\/baubauwall.com\/et\/#website"},"primaryImageOfPage":{"@id":"https:\/\/baubauwall.com\/et\/toode\/birds-and-beetles-secret-universe-wallpaper\/#primaryimage"},"image":{"@id":"https:\/\/baubauwall.com\/et\/toode\/birds-and-beetles-secret-universe-wallpaper\/#primaryimage"},"thumbnailUrl":"https:\/\/baubauwall.com\/wp-content\/uploads\/2022\/01\/51100027_BirdSandbeetlesSecretUniverse_room5.png","datePublished":"2022-01-27T18:40:35+00:00","dateModified":"2022-06-29T12:03:59+00:00","breadcrumb":{"@id":"https:\/\/baubauwall.com\/et\/toode\/birds-and-beetles-secret-universe-wallpaper\/#breadcrumb"},"inLanguage":"et","potentialAction":[{"@type":"ReadAction","target":["https:\/\/baubauwall.com\/et\/toode\/birds-and-beetles-secret-universe-wallpaper\/"]}]},{"@type":"ImageObject","inLanguage":"et","@id":"https:\/\/baubauwall.com\/et\/toode\/birds-and-beetles-secret-universe-wallpaper\/#primaryimage","url":"https:\/\/baubauwall.com\/wp-content\/uploads\/2022\/01\/51100027_BirdSandbeetlesSecretUniverse_room5.png","contentUrl":"https:\/\/baubauwall.com\/wp-content\/uploads\/2022\/01\/51100027_BirdSandbeetlesSecretUniverse_room5.png","width":1200,"height":800},{"@type":"BreadcrumbList","@id":"https:\/\/baubauwall.com\/et\/toode\/birds-and-beetles-secret-universe-wallpaper\/#breadcrumb","itemListElement":[{"@type":"ListItem","position":1,"name":"Koju","item":"https:\/\/baubauwall.com\/et\/"},{"@type":"ListItem","position":2,"name":"Tapeedid","item":"https:\/\/baubauwall.com\/et\/tapeedid\/"},{"@type":"ListItem","position":3,"name":"Lindude ja p\u00f5rnikate salauniversum"}]},{"@type":"WebSite","@id":"https:\/\/baubauwall.com\/et\/#website","url":"https:\/\/baubauwall.com\/et\/","name":"BAUBAUWALL Wallpapers","description":"Valmis paanides tapeet Eestist!","publisher":{"@id":"https:\/\/baubauwall.com\/et\/#organization"},"potentialAction":[{"@type":"SearchAction","target":{"@type":"EntryPoint","urlTemplate":"https:\/\/baubauwall.com\/et\/?s={search_term_string}"},"query-input":{"@type":"PropertyValueSpecification","valueRequired":true,"valueName":"search_term_string"}}],"inLanguage":"et"},{"@type":"Organization","@id":"https:\/\/baubauwall.com\/et\/#organization","name":"BAUBAUWALL Wallpapers","url":"https:\/\/baubauwall.com\/et\/","logo":{"@type":"ImageObject","inLanguage":"et","@id":"https:\/\/baubauwall.com\/et\/#\/schema\/logo\/image\/","url":"https:\/\/baubauwall.com\/wp-content\/uploads\/2022\/03\/logo-horizontal.svg","contentUrl":"https:\/\/baubauwall.com\/wp-content\/uploads\/2022\/03\/logo-horizontal.svg","width":"1024","height":"1024","caption":"BAUBAUWALL Wallpapers"},"image":{"@id":"https:\/\/baubauwall.com\/et\/#\/schema\/logo\/image\/"},"sameAs":["https:\/\/www.facebook.com\/Baubauwall","https:\/\/www.instagram.com\/baubauwall"]}]}},"jetpack_sharing_enabled":true,"_links":{"self":[{"href":"https:\/\/baubauwall.com\/et\/wp-json\/wp\/v2\/product\/5370","targetHints":{"allow":["GET"]}}],"collection":[{"href":"https:\/\/baubauwall.com\/et\/wp-json\/wp\/v2\/product"}],"about":[{"href":"https:\/\/baubauwall.com\/et\/wp-json\/wp\/v2\/types\/product"}],"replies":[{"embeddable":true,"href":"https:\/\/baubauwall.com\/et\/wp-json\/wp\/v2\/comments?post=5370"}],"wp:featuredmedia":[{"embeddable":true,"href":"https:\/\/baubauwall.com\/et\/wp-json\/wp\/v2\/media\/2074"}],"wp:attachment":[{"href":"https:\/\/baubauwall.com\/et\/wp-json\/wp\/v2\/media?parent=5370"}],"wp:term":[{"taxonomy":"product_brand","embeddable":true,"href":"https:\/\/baubauwall.com\/et\/wp-json\/wp\/v2\/product_brand?post=5370"},{"taxonomy":"product_cat","embeddable":true,"href":"https:\/\/baubauwall.com\/et\/wp-json\/wp\/v2\/product_cat?post=5370"},{"taxonomy":"product_tag","embeddable":true,"href":"https:\/\/baubauwall.com\/et\/wp-json\/wp\/v2\/product_tag?post=5370"}],"curies":[{"name":"wp","href":"https:\/\/api.w.org\/{rel}","templated":true}]}}