{"id":5386,"date":"2022-01-18T09:11:47","date_gmt":"2022-01-18T07:11:47","guid":{"rendered":"https:\/\/baubauwall.com\/product\/linnud-ja-kabid-sinine\/"},"modified":"2025-02-12T10:31:25","modified_gmt":"2025-02-12T08:31:25","slug":"tapeet-linnud-kabid-sinine","status":"publish","type":"product","link":"https:\/\/baubauwall.com\/et\/toode\/tapeet-linnud-kabid-sinine\/","title":{"rendered":"Linnud ja k\u00e4bid &#8211; helesinine"},"content":{"rendered":"<p>Kuidas sulle meeldiksid r\u00f5\u00f5msad linnukesed s\u00e4utsumas Sinu kodu seintel? Linnumustriline tapeet on ajatu valik ja loob sinu kodu interj\u00f6\u00f6rist stiilse mulje, mis kestab aastaid. T\u00fcrkiissinine taust lisab sinu sisekujundusele moodsas v\u00f5tmes vintage\u2019i noodi.<\/p>\n<p>P\u00f5hjamaine tapeedidisain, mis on meil olemas ka halli ja sinepiv\u00e4rvi toonides.<\/p>\n<p>Nagu k\u00f5ik meie kordusmustriga tapeedid ja pilttapeedid, on ka see disain tr\u00fckitud keskkonnas\u00f5bralike v\u00e4rvidega, hingavale fliistapeedi materjalile.<\/p>\n","protected":false},"excerpt":{"rendered":"<p>Kuidas sulle meeldiksid r\u00f5\u00f5msad linnukesed s\u00e4utsumas Sinu kodu seintel? Linnumustriline tapeet on ajatu valik ja loob sinu kodu interj\u00f6\u00f6rist stiilse mulje, mis kestab aastaid. T\u00fcrkiissinine taust lisab sinu sisekujundusele moodsas v\u00f5tmes vintage\u2019i noodi. P\u00f5hjamaine tapeedidisain, mis on meil olemas ka halli ja sinepiv\u00e4rvi toonides. Nagu k\u00f5ik meie kordusmustriga tapeedid ja pilttapeedid, on ka see disain [&hellip;]<\/p>\n","protected":false},"featured_media":6669,"comment_status":"open","ping_status":"closed","template":"","meta":{"_acf_changed":false,"inline_featured_image":false},"product_brand":[],"product_cat":[386,395,396,388,267,276,409,413,400,414,415,416,399,401,402,254,257,561],"product_tag":[298],"class_list":{"0":"post-5386","1":"product","2":"type-product","3":"status-publish","4":"has-post-thumbnail","6":"product_cat-kordusmustriga-tapeedid","7":"product_cat-romantiline","8":"product_cat-skandinaavia","9":"product_cat-vintage-et","10":"product_cat-sinised-tapeedid","11":"product_cat-pastelsed-tapeedid","12":"product_cat-turkiis-tapeedid","13":"product_cat-magamistoa-tapeedid","14":"product_cat-lastetoa-tapeedid","15":"product_cat-soogitoa-tapeedid","16":"product_cat-kulalistetoa-tapeedid","17":"product_cat-esiku-tapeedid","18":"product_cat-kodukontori-tapeedid","19":"product_cat-koogi-tapeedid","20":"product_cat-elutoa-tapeedid","21":"product_cat-loodus","22":"product_cat-linnud","23":"product_cat-suvised-tapeedid","24":"product_tag-botaaniline","25":"pa_designedby-baubauwall","27":"first","28":"instock","29":"taxable","30":"shipping-taxable","31":"purchasable","32":"product-type-simple"},"acf":[],"yoast_head":"<!-- This site is optimized with the Yoast SEO plugin v25.9 - https:\/\/yoast.com\/wordpress\/plugins\/seo\/ -->\n<title>T\u00fcrkiissinine tapeet lindudega. Ajatu ilus P\u00f5hjamaine muster<\/title>\n<meta name=\"description\" content=\"P\u00f5hjamaine tapeet helesinisel taustal illustreeritud lindudega. Disain, mis sobib lastetoa tapeediks v\u00f5i mujale. Sinu seina m\u00f5\u00f5tu tapeedid.\" \/>\n<meta name=\"robots\" content=\"index, follow, max-snippet:-1, max-image-preview:large, max-video-preview:-1\" \/>\n<link rel=\"canonical\" href=\"https:\/\/baubauwall.com\/et\/toode\/tapeet-linnud-kabid-sinine\/\" \/>\n<meta property=\"og:locale\" content=\"et_EE\" \/>\n<meta property=\"og:type\" content=\"article\" \/>\n<meta property=\"og:title\" content=\"T\u00fcrkiissinine tapeet lindudega. Ajatu ilus P\u00f5hjamaine muster\" \/>\n<meta property=\"og:description\" content=\"P\u00f5hjamaine tapeet helesinisel taustal illustreeritud lindudega. Disain, mis sobib lastetoa tapeediks v\u00f5i mujale. Sinu seina m\u00f5\u00f5tu tapeedid.\" \/>\n<meta property=\"og:url\" content=\"https:\/\/baubauwall.com\/et\/toode\/tapeet-linnud-kabid-sinine\/\" \/>\n<meta property=\"og:site_name\" content=\"BAUBAUWALL TAPEEDID\" \/>\n<meta property=\"article:publisher\" content=\"https:\/\/www.facebook.com\/Baubauwall\" \/>\n<meta property=\"article:modified_time\" content=\"2025-02-12T08:31:25+00:00\" \/>\n<meta property=\"og:image\" content=\"https:\/\/baubauwall.com\/wp-content\/uploads\/2022\/01\/51100010_BirdSandcones-Blue_Baubauwall_Wallpaper_preview.jpg\" \/>\n\t<meta property=\"og:image:width\" content=\"800\" \/>\n\t<meta property=\"og:image:height\" content=\"800\" \/>\n\t<meta property=\"og:image:type\" content=\"image\/jpeg\" \/>\n<meta name=\"twitter:card\" content=\"summary_large_image\" \/>\n<meta name=\"twitter:label1\" content=\"Est. reading time\" \/>\n\t<meta name=\"twitter:data1\" content=\"1 minut\" \/>\n<script type=\"application\/ld+json\" class=\"yoast-schema-graph\">{\"@context\":\"https:\/\/schema.org\",\"@graph\":[{\"@type\":\"WebPage\",\"@id\":\"https:\/\/baubauwall.com\/et\/toode\/tapeet-linnud-kabid-sinine\/\",\"url\":\"https:\/\/baubauwall.com\/et\/toode\/tapeet-linnud-kabid-sinine\/\",\"name\":\"T\u00fcrkiissinine tapeet lindudega. Ajatu ilus P\u00f5hjamaine muster\",\"isPartOf\":{\"@id\":\"https:\/\/baubauwall.com\/et\/#website\"},\"primaryImageOfPage\":{\"@id\":\"https:\/\/baubauwall.com\/et\/toode\/tapeet-linnud-kabid-sinine\/#primaryimage\"},\"image\":{\"@id\":\"https:\/\/baubauwall.com\/et\/toode\/tapeet-linnud-kabid-sinine\/#primaryimage\"},\"thumbnailUrl\":\"https:\/\/baubauwall.com\/wp-content\/uploads\/2022\/01\/51100010_BirdSandcones-Blue_Baubauwall_Wallpaper_preview.jpg\",\"datePublished\":\"2022-01-18T07:11:47+00:00\",\"dateModified\":\"2025-02-12T08:31:25+00:00\",\"description\":\"P\u00f5hjamaine tapeet helesinisel taustal illustreeritud lindudega. Disain, mis sobib lastetoa tapeediks v\u00f5i mujale. Sinu seina m\u00f5\u00f5tu tapeedid.\",\"breadcrumb\":{\"@id\":\"https:\/\/baubauwall.com\/et\/toode\/tapeet-linnud-kabid-sinine\/#breadcrumb\"},\"inLanguage\":\"et\",\"potentialAction\":[{\"@type\":\"ReadAction\",\"target\":[\"https:\/\/baubauwall.com\/et\/toode\/tapeet-linnud-kabid-sinine\/\"]}]},{\"@type\":\"ImageObject\",\"inLanguage\":\"et\",\"@id\":\"https:\/\/baubauwall.com\/et\/toode\/tapeet-linnud-kabid-sinine\/#primaryimage\",\"url\":\"https:\/\/baubauwall.com\/wp-content\/uploads\/2022\/01\/51100010_BirdSandcones-Blue_Baubauwall_Wallpaper_preview.jpg\",\"contentUrl\":\"https:\/\/baubauwall.com\/wp-content\/uploads\/2022\/01\/51100010_BirdSandcones-Blue_Baubauwall_Wallpaper_preview.jpg\",\"width\":800,\"height\":800,\"caption\":\"Bird pattern wallpaper on turquoise blue\"},{\"@type\":\"BreadcrumbList\",\"@id\":\"https:\/\/baubauwall.com\/et\/toode\/tapeet-linnud-kabid-sinine\/#breadcrumb\",\"itemListElement\":[{\"@type\":\"ListItem\",\"position\":1,\"name\":\"Koju\",\"item\":\"https:\/\/baubauwall.com\/et\/\"},{\"@type\":\"ListItem\",\"position\":2,\"name\":\"Tapeedid\",\"item\":\"https:\/\/baubauwall.com\/et\/tapeedid\/\"},{\"@type\":\"ListItem\",\"position\":3,\"name\":\"Linnud ja k\u00e4bid &#8211; helesinine\"}]},{\"@type\":\"WebSite\",\"@id\":\"https:\/\/baubauwall.com\/et\/#website\",\"url\":\"https:\/\/baubauwall.com\/et\/\",\"name\":\"BAUBAUWALL Wallpapers\",\"description\":\"Valmis paanides tapeet Eestist!\",\"publisher\":{\"@id\":\"https:\/\/baubauwall.com\/et\/#organization\"},\"potentialAction\":[{\"@type\":\"SearchAction\",\"target\":{\"@type\":\"EntryPoint\",\"urlTemplate\":\"https:\/\/baubauwall.com\/et\/?s={search_term_string}\"},\"query-input\":{\"@type\":\"PropertyValueSpecification\",\"valueRequired\":true,\"valueName\":\"search_term_string\"}}],\"inLanguage\":\"et\"},{\"@type\":\"Organization\",\"@id\":\"https:\/\/baubauwall.com\/et\/#organization\",\"name\":\"BAUBAUWALL Wallpapers\",\"url\":\"https:\/\/baubauwall.com\/et\/\",\"logo\":{\"@type\":\"ImageObject\",\"inLanguage\":\"et\",\"@id\":\"https:\/\/baubauwall.com\/et\/#\/schema\/logo\/image\/\",\"url\":\"https:\/\/baubauwall.com\/wp-content\/uploads\/2022\/03\/logo-horizontal.svg\",\"contentUrl\":\"https:\/\/baubauwall.com\/wp-content\/uploads\/2022\/03\/logo-horizontal.svg\",\"width\":\"1024\",\"height\":\"1024\",\"caption\":\"BAUBAUWALL Wallpapers\"},\"image\":{\"@id\":\"https:\/\/baubauwall.com\/et\/#\/schema\/logo\/image\/\"},\"sameAs\":[\"https:\/\/www.facebook.com\/Baubauwall\",\"https:\/\/www.instagram.com\/baubauwall\"]}]}<\/script>\n<!-- \/ Yoast SEO plugin. -->","yoast_head_json":{"title":"T\u00fcrkiissinine tapeet lindudega. Ajatu ilus P\u00f5hjamaine muster","description":"P\u00f5hjamaine tapeet helesinisel taustal illustreeritud lindudega. Disain, mis sobib lastetoa tapeediks v\u00f5i mujale. Sinu seina m\u00f5\u00f5tu tapeedid.","robots":{"index":"index","follow":"follow","max-snippet":"max-snippet:-1","max-image-preview":"max-image-preview:large","max-video-preview":"max-video-preview:-1"},"canonical":"https:\/\/baubauwall.com\/et\/toode\/tapeet-linnud-kabid-sinine\/","og_locale":"et_EE","og_type":"article","og_title":"T\u00fcrkiissinine tapeet lindudega. Ajatu ilus P\u00f5hjamaine muster","og_description":"P\u00f5hjamaine tapeet helesinisel taustal illustreeritud lindudega. Disain, mis sobib lastetoa tapeediks v\u00f5i mujale. Sinu seina m\u00f5\u00f5tu tapeedid.","og_url":"https:\/\/baubauwall.com\/et\/toode\/tapeet-linnud-kabid-sinine\/","og_site_name":"BAUBAUWALL TAPEEDID","article_publisher":"https:\/\/www.facebook.com\/Baubauwall","article_modified_time":"2025-02-12T08:31:25+00:00","og_image":[{"width":800,"height":800,"url":"https:\/\/baubauwall.com\/wp-content\/uploads\/2022\/01\/51100010_BirdSandcones-Blue_Baubauwall_Wallpaper_preview.jpg","type":"image\/jpeg"}],"twitter_card":"summary_large_image","twitter_misc":{"Est. reading time":"1 minut"},"schema":{"@context":"https:\/\/schema.org","@graph":[{"@type":"WebPage","@id":"https:\/\/baubauwall.com\/et\/toode\/tapeet-linnud-kabid-sinine\/","url":"https:\/\/baubauwall.com\/et\/toode\/tapeet-linnud-kabid-sinine\/","name":"T\u00fcrkiissinine tapeet lindudega. Ajatu ilus P\u00f5hjamaine muster","isPartOf":{"@id":"https:\/\/baubauwall.com\/et\/#website"},"primaryImageOfPage":{"@id":"https:\/\/baubauwall.com\/et\/toode\/tapeet-linnud-kabid-sinine\/#primaryimage"},"image":{"@id":"https:\/\/baubauwall.com\/et\/toode\/tapeet-linnud-kabid-sinine\/#primaryimage"},"thumbnailUrl":"https:\/\/baubauwall.com\/wp-content\/uploads\/2022\/01\/51100010_BirdSandcones-Blue_Baubauwall_Wallpaper_preview.jpg","datePublished":"2022-01-18T07:11:47+00:00","dateModified":"2025-02-12T08:31:25+00:00","description":"P\u00f5hjamaine tapeet helesinisel taustal illustreeritud lindudega. Disain, mis sobib lastetoa tapeediks v\u00f5i mujale. Sinu seina m\u00f5\u00f5tu tapeedid.","breadcrumb":{"@id":"https:\/\/baubauwall.com\/et\/toode\/tapeet-linnud-kabid-sinine\/#breadcrumb"},"inLanguage":"et","potentialAction":[{"@type":"ReadAction","target":["https:\/\/baubauwall.com\/et\/toode\/tapeet-linnud-kabid-sinine\/"]}]},{"@type":"ImageObject","inLanguage":"et","@id":"https:\/\/baubauwall.com\/et\/toode\/tapeet-linnud-kabid-sinine\/#primaryimage","url":"https:\/\/baubauwall.com\/wp-content\/uploads\/2022\/01\/51100010_BirdSandcones-Blue_Baubauwall_Wallpaper_preview.jpg","contentUrl":"https:\/\/baubauwall.com\/wp-content\/uploads\/2022\/01\/51100010_BirdSandcones-Blue_Baubauwall_Wallpaper_preview.jpg","width":800,"height":800,"caption":"Bird pattern wallpaper on turquoise blue"},{"@type":"BreadcrumbList","@id":"https:\/\/baubauwall.com\/et\/toode\/tapeet-linnud-kabid-sinine\/#breadcrumb","itemListElement":[{"@type":"ListItem","position":1,"name":"Koju","item":"https:\/\/baubauwall.com\/et\/"},{"@type":"ListItem","position":2,"name":"Tapeedid","item":"https:\/\/baubauwall.com\/et\/tapeedid\/"},{"@type":"ListItem","position":3,"name":"Linnud ja k\u00e4bid &#8211; helesinine"}]},{"@type":"WebSite","@id":"https:\/\/baubauwall.com\/et\/#website","url":"https:\/\/baubauwall.com\/et\/","name":"BAUBAUWALL Wallpapers","description":"Valmis paanides tapeet Eestist!","publisher":{"@id":"https:\/\/baubauwall.com\/et\/#organization"},"potentialAction":[{"@type":"SearchAction","target":{"@type":"EntryPoint","urlTemplate":"https:\/\/baubauwall.com\/et\/?s={search_term_string}"},"query-input":{"@type":"PropertyValueSpecification","valueRequired":true,"valueName":"search_term_string"}}],"inLanguage":"et"},{"@type":"Organization","@id":"https:\/\/baubauwall.com\/et\/#organization","name":"BAUBAUWALL Wallpapers","url":"https:\/\/baubauwall.com\/et\/","logo":{"@type":"ImageObject","inLanguage":"et","@id":"https:\/\/baubauwall.com\/et\/#\/schema\/logo\/image\/","url":"https:\/\/baubauwall.com\/wp-content\/uploads\/2022\/03\/logo-horizontal.svg","contentUrl":"https:\/\/baubauwall.com\/wp-content\/uploads\/2022\/03\/logo-horizontal.svg","width":"1024","height":"1024","caption":"BAUBAUWALL Wallpapers"},"image":{"@id":"https:\/\/baubauwall.com\/et\/#\/schema\/logo\/image\/"},"sameAs":["https:\/\/www.facebook.com\/Baubauwall","https:\/\/www.instagram.com\/baubauwall"]}]}},"jetpack_sharing_enabled":true,"_links":{"self":[{"href":"https:\/\/baubauwall.com\/et\/wp-json\/wp\/v2\/product\/5386","targetHints":{"allow":["GET"]}}],"collection":[{"href":"https:\/\/baubauwall.com\/et\/wp-json\/wp\/v2\/product"}],"about":[{"href":"https:\/\/baubauwall.com\/et\/wp-json\/wp\/v2\/types\/product"}],"replies":[{"embeddable":true,"href":"https:\/\/baubauwall.com\/et\/wp-json\/wp\/v2\/comments?post=5386"}],"wp:featuredmedia":[{"embeddable":true,"href":"https:\/\/baubauwall.com\/et\/wp-json\/wp\/v2\/media\/6669"}],"wp:attachment":[{"href":"https:\/\/baubauwall.com\/et\/wp-json\/wp\/v2\/media?parent=5386"}],"wp:term":[{"taxonomy":"product_brand","embeddable":true,"href":"https:\/\/baubauwall.com\/et\/wp-json\/wp\/v2\/product_brand?post=5386"},{"taxonomy":"product_cat","embeddable":true,"href":"https:\/\/baubauwall.com\/et\/wp-json\/wp\/v2\/product_cat?post=5386"},{"taxonomy":"product_tag","embeddable":true,"href":"https:\/\/baubauwall.com\/et\/wp-json\/wp\/v2\/product_tag?post=5386"}],"curies":[{"name":"wp","href":"https:\/\/api.w.org\/{rel}","templated":true}]}}