{"id":5388,"date":"2022-03-03T07:17:52","date_gmt":"2022-03-03T07:17:52","guid":{"rendered":"https:\/\/baubauwall.com\/product\/crinkled-concrete-wallmural\/"},"modified":"2024-09-25T09:55:17","modified_gmt":"2024-09-25T07:55:17","slug":"crinkled-concrete-wallmural","status":"publish","type":"product","link":"https:\/\/baubauwall.com\/et\/toode\/crinkled-concrete-wallmural\/","title":{"rendered":"Kortsutatud betoon"},"content":{"rendered":"<p>Hele pilttapeet betooni imitatsiooniga. Kas oled loftide, linnade ja k\u00f5ige kosmopoliitse f\u00e4nn? Siin on meie n\u00e4gemus vastupidavast betoonist tapeedil \u2013 segasime selle kujunduse pehme paberimassiga. Tulemus on vapustav ja m\u00f5jub su tapeeditaval seinal tekstuurse kunstiteosena. Betoonikarva hall ja paberi kriitvalge t\u00f6\u00f6tavad suurep\u00e4raselt koos enamiku v\u00e4rvilahendustega.<\/p>\n<p>Paigalda see pilttapeet oma k\u00fclalistetuppa, voodipeatsi taha magamistoas v\u00f5i kodukontoris koos moodsa minimalistliku m\u00f6\u00f6bliga, olgu see tume v\u00f5i hele.<\/p>\n<p><strong>Miks osta tapeet siit? Tapeetimine pole kunagi nii lihtne olnud!<\/strong><\/p>\n<ul>\n<li>Eesti disain<\/li>\n<li>Nummerdatud tapeedipaanid<\/li>\n<li>Just nii pikad tapeedipaanid, kui on Sinu sein<\/li>\n<li>Premium, matt fliistapeedi materjal<\/li>\n<li>M\u00fcrgivabad tr\u00fckiv\u00e4rvid, Greenguard sertifitseeritud<\/li>\n<li><a href=\"https:\/\/baubauwall.com\/et\/keskkonnasobralikud-tapeedid\/\" target=\"_blank\" rel=\"noopener\">Keskkonnas\u00f5bralik<\/a>, j\u00e4\u00e4tmevaba tapeetimine<\/li>\n<li>Tasuta tapeediliim<\/li>\n<li>Tasuta transport ja kiire tarne 5 t\u00f6\u00f6p\u00e4evaga<\/li>\n<\/ul>\n<p>Loe l\u00e4hemalt nutikatest, eritellimust\u00f6\u00f6na valmivatest tapeetidest\u00a0<a href=\"https:\/\/baubauwall.com\/et\/keskkonnasobralikud-tapeedid\/\">siit.<\/a><\/p>\n","protected":false},"excerpt":{"rendered":"<p>Hele pilttapeet betooni imitatsiooniga. Kas oled loftide, linnade ja k\u00f5ige kosmopoliitse f\u00e4nn? Siin on meie n\u00e4gemus vastupidavast betoonist tapeedil \u2013 segasime selle kujunduse pehme paberimassiga. Tulemus on vapustav ja m\u00f5jub su tapeeditaval seinal tekstuurse kunstiteosena. Betoonikarva hall ja paberi kriitvalge t\u00f6\u00f6tavad suurep\u00e4raselt koos enamiku v\u00e4rvilahendustega. Paigalda see pilttapeet oma k\u00fclalistetuppa, voodipeatsi taha magamistoas v\u00f5i kodukontoris [&hellip;]<\/p>\n","protected":false},"featured_media":4702,"comment_status":"open","ping_status":"closed","template":"","meta":{"_acf_changed":false,"inline_featured_image":false},"product_brand":[],"product_cat":[387,272,413,414,415,416,399,402,241],"product_tag":[314,345],"class_list":{"0":"post-5388","1":"product","2":"type-product","3":"status-publish","4":"has-post-thumbnail","6":"product_cat-pilttapeedid","7":"product_cat-hallid-tapeedid","8":"product_cat-magamistoa-tapeedid","9":"product_cat-soogitoa-tapeedid","10":"product_cat-kulalistetoa-tapeedid","11":"product_cat-esiku-tapeedid","12":"product_cat-kodukontori-tapeedid","13":"product_cat-elutoa-tapeedid","14":"product_cat-betoon","15":"product_tag-faux-surface-et","16":"product_tag-pilttapeet","17":"pa_designedby-baubauwall","19":"first","20":"instock","21":"taxable","22":"shipping-taxable","23":"purchasable","24":"product-type-simple"},"acf":[],"yoast_head":"<!-- This site is optimized with the Yoast SEO plugin v25.9 - https:\/\/yoast.com\/wordpress\/plugins\/seo\/ -->\n<title>Betooni imitatsiooniga hele tapeet<\/title>\n<meta name=\"description\" content=\"Hele pilttapeet betooni imitatsiooniga. Tagasihoidlik tapeet, mis sobib seinale, mis ei taha s\u00e4rada peategelasena interj\u00f6\u00f6ris.\" \/>\n<meta name=\"robots\" content=\"index, follow, max-snippet:-1, max-image-preview:large, max-video-preview:-1\" \/>\n<link rel=\"canonical\" href=\"https:\/\/baubauwall.com\/et\/toode\/crinkled-concrete-wallmural\/\" \/>\n<meta property=\"og:locale\" content=\"et_EE\" \/>\n<meta property=\"og:type\" content=\"article\" \/>\n<meta property=\"og:title\" content=\"Betooni imitatsiooniga hele tapeet\" \/>\n<meta property=\"og:description\" content=\"Hele pilttapeet betooni imitatsiooniga. Tagasihoidlik tapeet, mis sobib seinale, mis ei taha s\u00e4rada peategelasena interj\u00f6\u00f6ris.\" \/>\n<meta property=\"og:url\" content=\"https:\/\/baubauwall.com\/et\/toode\/crinkled-concrete-wallmural\/\" \/>\n<meta property=\"og:site_name\" content=\"BAUBAUWALL Wallpapers\" \/>\n<meta property=\"article:publisher\" content=\"https:\/\/www.facebook.com\/Baubauwall\" \/>\n<meta property=\"article:modified_time\" content=\"2024-09-25T07:55:17+00:00\" \/>\n<meta property=\"og:image\" content=\"https:\/\/baubauwall.com\/wp-content\/uploads\/2022\/03\/51200011_CrinkledConcrete_Baubauwall_Wallmural_room3.jpg\" \/>\n\t<meta property=\"og:image:width\" content=\"1300\" \/>\n\t<meta property=\"og:image:height\" content=\"800\" \/>\n\t<meta property=\"og:image:type\" content=\"image\/jpeg\" \/>\n<meta name=\"twitter:card\" content=\"summary_large_image\" \/>\n<meta name=\"twitter:label1\" content=\"Est. reading time\" \/>\n\t<meta name=\"twitter:data1\" content=\"1 minut\" \/>\n<script type=\"application\/ld+json\" class=\"yoast-schema-graph\">{\"@context\":\"https:\/\/schema.org\",\"@graph\":[{\"@type\":\"WebPage\",\"@id\":\"https:\/\/baubauwall.com\/et\/toode\/crinkled-concrete-wallmural\/\",\"url\":\"https:\/\/baubauwall.com\/et\/toode\/crinkled-concrete-wallmural\/\",\"name\":\"Betooni imitatsiooniga hele tapeet\",\"isPartOf\":{\"@id\":\"https:\/\/baubauwall.com\/et\/#website\"},\"primaryImageOfPage\":{\"@id\":\"https:\/\/baubauwall.com\/et\/toode\/crinkled-concrete-wallmural\/#primaryimage\"},\"image\":{\"@id\":\"https:\/\/baubauwall.com\/et\/toode\/crinkled-concrete-wallmural\/#primaryimage\"},\"thumbnailUrl\":\"https:\/\/baubauwall.com\/wp-content\/uploads\/2022\/03\/51200011_CrinkledConcrete_Baubauwall_Wallmural_room3.jpg\",\"datePublished\":\"2022-03-03T07:17:52+00:00\",\"dateModified\":\"2024-09-25T07:55:17+00:00\",\"description\":\"Hele pilttapeet betooni imitatsiooniga. Tagasihoidlik tapeet, mis sobib seinale, mis ei taha s\u00e4rada peategelasena interj\u00f6\u00f6ris.\",\"breadcrumb\":{\"@id\":\"https:\/\/baubauwall.com\/et\/toode\/crinkled-concrete-wallmural\/#breadcrumb\"},\"inLanguage\":\"et\",\"potentialAction\":[{\"@type\":\"ReadAction\",\"target\":[\"https:\/\/baubauwall.com\/et\/toode\/crinkled-concrete-wallmural\/\"]}]},{\"@type\":\"ImageObject\",\"inLanguage\":\"et\",\"@id\":\"https:\/\/baubauwall.com\/et\/toode\/crinkled-concrete-wallmural\/#primaryimage\",\"url\":\"https:\/\/baubauwall.com\/wp-content\/uploads\/2022\/03\/51200011_CrinkledConcrete_Baubauwall_Wallmural_room3.jpg\",\"contentUrl\":\"https:\/\/baubauwall.com\/wp-content\/uploads\/2022\/03\/51200011_CrinkledConcrete_Baubauwall_Wallmural_room3.jpg\",\"width\":1300,\"height\":800,\"caption\":\"Hall betoonilaadne tapeet elutoas\"},{\"@type\":\"BreadcrumbList\",\"@id\":\"https:\/\/baubauwall.com\/et\/toode\/crinkled-concrete-wallmural\/#breadcrumb\",\"itemListElement\":[{\"@type\":\"ListItem\",\"position\":1,\"name\":\"Koju\",\"item\":\"https:\/\/baubauwall.com\/et\/\"},{\"@type\":\"ListItem\",\"position\":2,\"name\":\"Tapeedid\",\"item\":\"https:\/\/baubauwall.com\/et\/tapeedid\/\"},{\"@type\":\"ListItem\",\"position\":3,\"name\":\"Kortsutatud betoon\"}]},{\"@type\":\"WebSite\",\"@id\":\"https:\/\/baubauwall.com\/et\/#website\",\"url\":\"https:\/\/baubauwall.com\/et\/\",\"name\":\"BAUBAUWALL Wallpapers\",\"description\":\"Valmis paanides tapeet Eestist!\",\"publisher\":{\"@id\":\"https:\/\/baubauwall.com\/et\/#organization\"},\"potentialAction\":[{\"@type\":\"SearchAction\",\"target\":{\"@type\":\"EntryPoint\",\"urlTemplate\":\"https:\/\/baubauwall.com\/et\/?s={search_term_string}\"},\"query-input\":{\"@type\":\"PropertyValueSpecification\",\"valueRequired\":true,\"valueName\":\"search_term_string\"}}],\"inLanguage\":\"et\"},{\"@type\":\"Organization\",\"@id\":\"https:\/\/baubauwall.com\/et\/#organization\",\"name\":\"BAUBAUWALL Wallpapers\",\"url\":\"https:\/\/baubauwall.com\/et\/\",\"logo\":{\"@type\":\"ImageObject\",\"inLanguage\":\"et\",\"@id\":\"https:\/\/baubauwall.com\/et\/#\/schema\/logo\/image\/\",\"url\":\"https:\/\/baubauwall.com\/wp-content\/uploads\/2022\/03\/logo-horizontal.svg\",\"contentUrl\":\"https:\/\/baubauwall.com\/wp-content\/uploads\/2022\/03\/logo-horizontal.svg\",\"width\":\"1024\",\"height\":\"1024\",\"caption\":\"BAUBAUWALL Wallpapers\"},\"image\":{\"@id\":\"https:\/\/baubauwall.com\/et\/#\/schema\/logo\/image\/\"},\"sameAs\":[\"https:\/\/www.facebook.com\/Baubauwall\",\"https:\/\/www.instagram.com\/baubauwall\"]}]}<\/script>\n<!-- \/ Yoast SEO plugin. -->","yoast_head_json":{"title":"Betooni imitatsiooniga hele tapeet","description":"Hele pilttapeet betooni imitatsiooniga. Tagasihoidlik tapeet, mis sobib seinale, mis ei taha s\u00e4rada peategelasena interj\u00f6\u00f6ris.","robots":{"index":"index","follow":"follow","max-snippet":"max-snippet:-1","max-image-preview":"max-image-preview:large","max-video-preview":"max-video-preview:-1"},"canonical":"https:\/\/baubauwall.com\/et\/toode\/crinkled-concrete-wallmural\/","og_locale":"et_EE","og_type":"article","og_title":"Betooni imitatsiooniga hele tapeet","og_description":"Hele pilttapeet betooni imitatsiooniga. Tagasihoidlik tapeet, mis sobib seinale, mis ei taha s\u00e4rada peategelasena interj\u00f6\u00f6ris.","og_url":"https:\/\/baubauwall.com\/et\/toode\/crinkled-concrete-wallmural\/","og_site_name":"BAUBAUWALL Wallpapers","article_publisher":"https:\/\/www.facebook.com\/Baubauwall","article_modified_time":"2024-09-25T07:55:17+00:00","og_image":[{"width":1300,"height":800,"url":"https:\/\/baubauwall.com\/wp-content\/uploads\/2022\/03\/51200011_CrinkledConcrete_Baubauwall_Wallmural_room3.jpg","type":"image\/jpeg"}],"twitter_card":"summary_large_image","twitter_misc":{"Est. reading time":"1 minut"},"schema":{"@context":"https:\/\/schema.org","@graph":[{"@type":"WebPage","@id":"https:\/\/baubauwall.com\/et\/toode\/crinkled-concrete-wallmural\/","url":"https:\/\/baubauwall.com\/et\/toode\/crinkled-concrete-wallmural\/","name":"Betooni imitatsiooniga hele tapeet","isPartOf":{"@id":"https:\/\/baubauwall.com\/et\/#website"},"primaryImageOfPage":{"@id":"https:\/\/baubauwall.com\/et\/toode\/crinkled-concrete-wallmural\/#primaryimage"},"image":{"@id":"https:\/\/baubauwall.com\/et\/toode\/crinkled-concrete-wallmural\/#primaryimage"},"thumbnailUrl":"https:\/\/baubauwall.com\/wp-content\/uploads\/2022\/03\/51200011_CrinkledConcrete_Baubauwall_Wallmural_room3.jpg","datePublished":"2022-03-03T07:17:52+00:00","dateModified":"2024-09-25T07:55:17+00:00","description":"Hele pilttapeet betooni imitatsiooniga. Tagasihoidlik tapeet, mis sobib seinale, mis ei taha s\u00e4rada peategelasena interj\u00f6\u00f6ris.","breadcrumb":{"@id":"https:\/\/baubauwall.com\/et\/toode\/crinkled-concrete-wallmural\/#breadcrumb"},"inLanguage":"et","potentialAction":[{"@type":"ReadAction","target":["https:\/\/baubauwall.com\/et\/toode\/crinkled-concrete-wallmural\/"]}]},{"@type":"ImageObject","inLanguage":"et","@id":"https:\/\/baubauwall.com\/et\/toode\/crinkled-concrete-wallmural\/#primaryimage","url":"https:\/\/baubauwall.com\/wp-content\/uploads\/2022\/03\/51200011_CrinkledConcrete_Baubauwall_Wallmural_room3.jpg","contentUrl":"https:\/\/baubauwall.com\/wp-content\/uploads\/2022\/03\/51200011_CrinkledConcrete_Baubauwall_Wallmural_room3.jpg","width":1300,"height":800,"caption":"Hall betoonilaadne tapeet elutoas"},{"@type":"BreadcrumbList","@id":"https:\/\/baubauwall.com\/et\/toode\/crinkled-concrete-wallmural\/#breadcrumb","itemListElement":[{"@type":"ListItem","position":1,"name":"Koju","item":"https:\/\/baubauwall.com\/et\/"},{"@type":"ListItem","position":2,"name":"Tapeedid","item":"https:\/\/baubauwall.com\/et\/tapeedid\/"},{"@type":"ListItem","position":3,"name":"Kortsutatud betoon"}]},{"@type":"WebSite","@id":"https:\/\/baubauwall.com\/et\/#website","url":"https:\/\/baubauwall.com\/et\/","name":"BAUBAUWALL Wallpapers","description":"Valmis paanides tapeet Eestist!","publisher":{"@id":"https:\/\/baubauwall.com\/et\/#organization"},"potentialAction":[{"@type":"SearchAction","target":{"@type":"EntryPoint","urlTemplate":"https:\/\/baubauwall.com\/et\/?s={search_term_string}"},"query-input":{"@type":"PropertyValueSpecification","valueRequired":true,"valueName":"search_term_string"}}],"inLanguage":"et"},{"@type":"Organization","@id":"https:\/\/baubauwall.com\/et\/#organization","name":"BAUBAUWALL Wallpapers","url":"https:\/\/baubauwall.com\/et\/","logo":{"@type":"ImageObject","inLanguage":"et","@id":"https:\/\/baubauwall.com\/et\/#\/schema\/logo\/image\/","url":"https:\/\/baubauwall.com\/wp-content\/uploads\/2022\/03\/logo-horizontal.svg","contentUrl":"https:\/\/baubauwall.com\/wp-content\/uploads\/2022\/03\/logo-horizontal.svg","width":"1024","height":"1024","caption":"BAUBAUWALL Wallpapers"},"image":{"@id":"https:\/\/baubauwall.com\/et\/#\/schema\/logo\/image\/"},"sameAs":["https:\/\/www.facebook.com\/Baubauwall","https:\/\/www.instagram.com\/baubauwall"]}]}},"jetpack_sharing_enabled":true,"_links":{"self":[{"href":"https:\/\/baubauwall.com\/et\/wp-json\/wp\/v2\/product\/5388","targetHints":{"allow":["GET"]}}],"collection":[{"href":"https:\/\/baubauwall.com\/et\/wp-json\/wp\/v2\/product"}],"about":[{"href":"https:\/\/baubauwall.com\/et\/wp-json\/wp\/v2\/types\/product"}],"replies":[{"embeddable":true,"href":"https:\/\/baubauwall.com\/et\/wp-json\/wp\/v2\/comments?post=5388"}],"wp:featuredmedia":[{"embeddable":true,"href":"https:\/\/baubauwall.com\/et\/wp-json\/wp\/v2\/media\/4702"}],"wp:attachment":[{"href":"https:\/\/baubauwall.com\/et\/wp-json\/wp\/v2\/media?parent=5388"}],"wp:term":[{"taxonomy":"product_brand","embeddable":true,"href":"https:\/\/baubauwall.com\/et\/wp-json\/wp\/v2\/product_brand?post=5388"},{"taxonomy":"product_cat","embeddable":true,"href":"https:\/\/baubauwall.com\/et\/wp-json\/wp\/v2\/product_cat?post=5388"},{"taxonomy":"product_tag","embeddable":true,"href":"https:\/\/baubauwall.com\/et\/wp-json\/wp\/v2\/product_tag?post=5388"}],"curies":[{"name":"wp","href":"https:\/\/api.w.org\/{rel}","templated":true}]}}