{"id":5390,"date":"2022-03-03T09:17:57","date_gmt":"2022-03-03T07:17:57","guid":{"rendered":"https:\/\/baubauwall.com\/product\/triangle-prisms-grey-wallmural\/"},"modified":"2023-07-13T18:50:33","modified_gmt":"2023-07-13T16:50:33","slug":"triangle-prisms-grey-wallmural","status":"publish","type":"product","link":"https:\/\/baubauwall.com\/et\/toode\/triangle-prisms-grey-wallmural\/","title":{"rendered":"Kolmnurksed prismad &#8211; hall"},"content":{"rendered":"<p>Tere, lahedad hallides toonides 3D kolmnurgad! Ideaalne tapeedilahendus rangete joonte ja kujundite f\u00e4nnile. See isikup\u00e4rane jahedates hallides toonides kolmnurgamotiividega pilttapeet saab sinu interj\u00f6\u00f6ris kindlasti pilgup\u00fc\u00fcdjaks. Peened ja stiilsed hallid toonid loovad kaasaegse interj\u00f6\u00f6ri modernses magamistoas, elutoas v\u00f5i stiilses s\u00f6\u00f6gitoas. Geomeetrilise tapeedimustri kasutamine on lihtne v\u00f5imalus muuta iga silmapaistmatu ruum t\u00f5eliseks pilgup\u00fc\u00fcdjaks!<\/p>\n<p>Nagu k\u00f5ik meie tapeedid on ka see pilttapeet tr\u00fckitud keskkonnas\u00f5bralike v\u00e4rvidega hingavale, <a href=\"https:\/\/baubauwall.com\/et\/nipid\/fliistapeet-voi-pabertapeet\/\" target=\"_blank\" rel=\"noopener\">fliistapeedi materjalile<\/a>. Sinu uus tapeet on l\u00f5igatud nummerdatud paanideks \u2013 t\u00e4pselt nii pikad, kui Sinu sein. Kuidas see t\u00f6\u00f6tab \u2013 loe l\u00e4hemalt<a href=\"https:\/\/baubauwall.com\/et\/kuidas-see-tootab\/\" target=\"_blank\" rel=\"noopener\">\u00a0siit.<\/a><\/p>\n<p>&nbsp;<\/p>\n","protected":false},"excerpt":{"rendered":"<p>Tere, lahedad hallides toonides 3D kolmnurgad! Ideaalne tapeedilahendus rangete joonte ja kujundite f\u00e4nnile. See isikup\u00e4rane jahedates hallides toonides kolmnurgamotiividega pilttapeet saab sinu interj\u00f6\u00f6ris kindlasti pilgup\u00fc\u00fcdjaks. Peened ja stiilsed hallid toonid loovad kaasaegse interj\u00f6\u00f6ri modernses magamistoas, elutoas v\u00f5i stiilses s\u00f6\u00f6gitoas. Geomeetrilise tapeedimustri kasutamine on lihtne v\u00f5imalus muuta iga silmapaistmatu ruum t\u00f5eliseks pilgup\u00fc\u00fcdjaks! Nagu k\u00f5ik meie tapeedid [&hellip;]<\/p>\n","protected":false},"featured_media":5180,"comment_status":"open","ping_status":"closed","template":"","meta":{"_acf_changed":false,"inline_featured_image":false},"product_brand":[],"product_cat":[387,408,272,413,414,415,416,399,412],"product_tag":[279,345],"class_list":{"0":"post-5390","1":"product","2":"type-product","3":"status-publish","4":"has-post-thumbnail","6":"product_cat-pilttapeedid","7":"product_cat-geomeetriline","8":"product_cat-hallid-tapeedid","9":"product_cat-magamistoa-tapeedid","10":"product_cat-soogitoa-tapeedid","11":"product_cat-kulalistetoa-tapeedid","12":"product_cat-esiku-tapeedid","13":"product_cat-kodukontori-tapeedid","14":"product_cat-vannitoa-tapeedid","15":"product_tag-3d-et","16":"product_tag-pilttapeet","17":"pa_designedby-baubauwall","19":"first","20":"instock","21":"taxable","22":"shipping-taxable","23":"purchasable","24":"product-type-simple"},"acf":[],"yoast_head":"<!-- This site is optimized with the Yoast SEO plugin v25.9 - https:\/\/yoast.com\/wordpress\/plugins\/seo\/ -->\n<title>Geomeetriline hall tapeet kolmnurkadega. Pilttapeet aktsentseinale<\/title>\n<meta name=\"description\" content=\"Hallides toonides geomeetriline tapeet. Ilus pilttapeet erinevatesse interj\u00f6\u00f6ridesse. Tr\u00fckitud fliistapeedi materjalile, t\u00e4pselt sinu seina m\u00f5\u00f5dus.\" \/>\n<meta name=\"robots\" content=\"index, follow, max-snippet:-1, max-image-preview:large, max-video-preview:-1\" \/>\n<link rel=\"canonical\" href=\"https:\/\/baubauwall.com\/et\/toode\/triangle-prisms-grey-wallmural\/\" \/>\n<meta property=\"og:locale\" content=\"et_EE\" \/>\n<meta property=\"og:type\" content=\"article\" \/>\n<meta property=\"og:title\" content=\"Geomeetriline hall tapeet kolmnurkadega. Pilttapeet aktsentseinale\" \/>\n<meta property=\"og:description\" content=\"Hallides toonides geomeetriline tapeet. Ilus pilttapeet erinevatesse interj\u00f6\u00f6ridesse. Tr\u00fckitud fliistapeedi materjalile, t\u00e4pselt sinu seina m\u00f5\u00f5dus.\" \/>\n<meta property=\"og:url\" content=\"https:\/\/baubauwall.com\/et\/toode\/triangle-prisms-grey-wallmural\/\" \/>\n<meta property=\"og:site_name\" content=\"BAUBAUWALL TAPEEDID\" \/>\n<meta property=\"article:publisher\" content=\"https:\/\/www.facebook.com\/Baubauwall\" \/>\n<meta property=\"article:modified_time\" content=\"2023-07-13T16:50:33+00:00\" \/>\n<meta property=\"og:image\" content=\"https:\/\/baubauwall.com\/wp-content\/uploads\/2022\/03\/geomeetria-must-valge_Baubauwall_Wallmural_room1.jpg\" \/>\n\t<meta property=\"og:image:width\" content=\"800\" \/>\n\t<meta property=\"og:image:height\" content=\"800\" \/>\n\t<meta property=\"og:image:type\" content=\"image\/jpeg\" \/>\n<meta name=\"twitter:card\" content=\"summary_large_image\" \/>\n<meta name=\"twitter:label1\" content=\"Est. reading time\" \/>\n\t<meta name=\"twitter:data1\" content=\"1 minut\" \/>\n<script type=\"application\/ld+json\" class=\"yoast-schema-graph\">{\"@context\":\"https:\/\/schema.org\",\"@graph\":[{\"@type\":\"WebPage\",\"@id\":\"https:\/\/baubauwall.com\/et\/toode\/triangle-prisms-grey-wallmural\/\",\"url\":\"https:\/\/baubauwall.com\/et\/toode\/triangle-prisms-grey-wallmural\/\",\"name\":\"Geomeetriline hall tapeet kolmnurkadega. Pilttapeet aktsentseinale\",\"isPartOf\":{\"@id\":\"https:\/\/baubauwall.com\/et\/#website\"},\"primaryImageOfPage\":{\"@id\":\"https:\/\/baubauwall.com\/et\/toode\/triangle-prisms-grey-wallmural\/#primaryimage\"},\"image\":{\"@id\":\"https:\/\/baubauwall.com\/et\/toode\/triangle-prisms-grey-wallmural\/#primaryimage\"},\"thumbnailUrl\":\"https:\/\/baubauwall.com\/wp-content\/uploads\/2022\/03\/geomeetria-must-valge_Baubauwall_Wallmural_room1.jpg\",\"datePublished\":\"2022-03-03T07:17:57+00:00\",\"dateModified\":\"2023-07-13T16:50:33+00:00\",\"description\":\"Hallides toonides geomeetriline tapeet. Ilus pilttapeet erinevatesse interj\u00f6\u00f6ridesse. Tr\u00fckitud fliistapeedi materjalile, t\u00e4pselt sinu seina m\u00f5\u00f5dus.\",\"breadcrumb\":{\"@id\":\"https:\/\/baubauwall.com\/et\/toode\/triangle-prisms-grey-wallmural\/#breadcrumb\"},\"inLanguage\":\"et\",\"potentialAction\":[{\"@type\":\"ReadAction\",\"target\":[\"https:\/\/baubauwall.com\/et\/toode\/triangle-prisms-grey-wallmural\/\"]}]},{\"@type\":\"ImageObject\",\"inLanguage\":\"et\",\"@id\":\"https:\/\/baubauwall.com\/et\/toode\/triangle-prisms-grey-wallmural\/#primaryimage\",\"url\":\"https:\/\/baubauwall.com\/wp-content\/uploads\/2022\/03\/geomeetria-must-valge_Baubauwall_Wallmural_room1.jpg\",\"contentUrl\":\"https:\/\/baubauwall.com\/wp-content\/uploads\/2022\/03\/geomeetria-must-valge_Baubauwall_Wallmural_room1.jpg\",\"width\":800,\"height\":800},{\"@type\":\"BreadcrumbList\",\"@id\":\"https:\/\/baubauwall.com\/et\/toode\/triangle-prisms-grey-wallmural\/#breadcrumb\",\"itemListElement\":[{\"@type\":\"ListItem\",\"position\":1,\"name\":\"Koju\",\"item\":\"https:\/\/baubauwall.com\/et\/\"},{\"@type\":\"ListItem\",\"position\":2,\"name\":\"Tapeedid\",\"item\":\"https:\/\/baubauwall.com\/et\/tapeedid\/\"},{\"@type\":\"ListItem\",\"position\":3,\"name\":\"Kolmnurksed prismad &#8211; hall\"}]},{\"@type\":\"WebSite\",\"@id\":\"https:\/\/baubauwall.com\/et\/#website\",\"url\":\"https:\/\/baubauwall.com\/et\/\",\"name\":\"BAUBAUWALL Wallpapers\",\"description\":\"Valmis paanides tapeet Eestist!\",\"publisher\":{\"@id\":\"https:\/\/baubauwall.com\/et\/#organization\"},\"potentialAction\":[{\"@type\":\"SearchAction\",\"target\":{\"@type\":\"EntryPoint\",\"urlTemplate\":\"https:\/\/baubauwall.com\/et\/?s={search_term_string}\"},\"query-input\":{\"@type\":\"PropertyValueSpecification\",\"valueRequired\":true,\"valueName\":\"search_term_string\"}}],\"inLanguage\":\"et\"},{\"@type\":\"Organization\",\"@id\":\"https:\/\/baubauwall.com\/et\/#organization\",\"name\":\"BAUBAUWALL Wallpapers\",\"url\":\"https:\/\/baubauwall.com\/et\/\",\"logo\":{\"@type\":\"ImageObject\",\"inLanguage\":\"et\",\"@id\":\"https:\/\/baubauwall.com\/et\/#\/schema\/logo\/image\/\",\"url\":\"https:\/\/baubauwall.com\/wp-content\/uploads\/2022\/03\/logo-horizontal.svg\",\"contentUrl\":\"https:\/\/baubauwall.com\/wp-content\/uploads\/2022\/03\/logo-horizontal.svg\",\"width\":\"1024\",\"height\":\"1024\",\"caption\":\"BAUBAUWALL Wallpapers\"},\"image\":{\"@id\":\"https:\/\/baubauwall.com\/et\/#\/schema\/logo\/image\/\"},\"sameAs\":[\"https:\/\/www.facebook.com\/Baubauwall\",\"https:\/\/www.instagram.com\/baubauwall\"]}]}<\/script>\n<!-- \/ Yoast SEO plugin. -->","yoast_head_json":{"title":"Geomeetriline hall tapeet kolmnurkadega. Pilttapeet aktsentseinale","description":"Hallides toonides geomeetriline tapeet. Ilus pilttapeet erinevatesse interj\u00f6\u00f6ridesse. Tr\u00fckitud fliistapeedi materjalile, t\u00e4pselt sinu seina m\u00f5\u00f5dus.","robots":{"index":"index","follow":"follow","max-snippet":"max-snippet:-1","max-image-preview":"max-image-preview:large","max-video-preview":"max-video-preview:-1"},"canonical":"https:\/\/baubauwall.com\/et\/toode\/triangle-prisms-grey-wallmural\/","og_locale":"et_EE","og_type":"article","og_title":"Geomeetriline hall tapeet kolmnurkadega. Pilttapeet aktsentseinale","og_description":"Hallides toonides geomeetriline tapeet. Ilus pilttapeet erinevatesse interj\u00f6\u00f6ridesse. Tr\u00fckitud fliistapeedi materjalile, t\u00e4pselt sinu seina m\u00f5\u00f5dus.","og_url":"https:\/\/baubauwall.com\/et\/toode\/triangle-prisms-grey-wallmural\/","og_site_name":"BAUBAUWALL TAPEEDID","article_publisher":"https:\/\/www.facebook.com\/Baubauwall","article_modified_time":"2023-07-13T16:50:33+00:00","og_image":[{"width":800,"height":800,"url":"https:\/\/baubauwall.com\/wp-content\/uploads\/2022\/03\/geomeetria-must-valge_Baubauwall_Wallmural_room1.jpg","type":"image\/jpeg"}],"twitter_card":"summary_large_image","twitter_misc":{"Est. reading time":"1 minut"},"schema":{"@context":"https:\/\/schema.org","@graph":[{"@type":"WebPage","@id":"https:\/\/baubauwall.com\/et\/toode\/triangle-prisms-grey-wallmural\/","url":"https:\/\/baubauwall.com\/et\/toode\/triangle-prisms-grey-wallmural\/","name":"Geomeetriline hall tapeet kolmnurkadega. Pilttapeet aktsentseinale","isPartOf":{"@id":"https:\/\/baubauwall.com\/et\/#website"},"primaryImageOfPage":{"@id":"https:\/\/baubauwall.com\/et\/toode\/triangle-prisms-grey-wallmural\/#primaryimage"},"image":{"@id":"https:\/\/baubauwall.com\/et\/toode\/triangle-prisms-grey-wallmural\/#primaryimage"},"thumbnailUrl":"https:\/\/baubauwall.com\/wp-content\/uploads\/2022\/03\/geomeetria-must-valge_Baubauwall_Wallmural_room1.jpg","datePublished":"2022-03-03T07:17:57+00:00","dateModified":"2023-07-13T16:50:33+00:00","description":"Hallides toonides geomeetriline tapeet. Ilus pilttapeet erinevatesse interj\u00f6\u00f6ridesse. Tr\u00fckitud fliistapeedi materjalile, t\u00e4pselt sinu seina m\u00f5\u00f5dus.","breadcrumb":{"@id":"https:\/\/baubauwall.com\/et\/toode\/triangle-prisms-grey-wallmural\/#breadcrumb"},"inLanguage":"et","potentialAction":[{"@type":"ReadAction","target":["https:\/\/baubauwall.com\/et\/toode\/triangle-prisms-grey-wallmural\/"]}]},{"@type":"ImageObject","inLanguage":"et","@id":"https:\/\/baubauwall.com\/et\/toode\/triangle-prisms-grey-wallmural\/#primaryimage","url":"https:\/\/baubauwall.com\/wp-content\/uploads\/2022\/03\/geomeetria-must-valge_Baubauwall_Wallmural_room1.jpg","contentUrl":"https:\/\/baubauwall.com\/wp-content\/uploads\/2022\/03\/geomeetria-must-valge_Baubauwall_Wallmural_room1.jpg","width":800,"height":800},{"@type":"BreadcrumbList","@id":"https:\/\/baubauwall.com\/et\/toode\/triangle-prisms-grey-wallmural\/#breadcrumb","itemListElement":[{"@type":"ListItem","position":1,"name":"Koju","item":"https:\/\/baubauwall.com\/et\/"},{"@type":"ListItem","position":2,"name":"Tapeedid","item":"https:\/\/baubauwall.com\/et\/tapeedid\/"},{"@type":"ListItem","position":3,"name":"Kolmnurksed prismad &#8211; hall"}]},{"@type":"WebSite","@id":"https:\/\/baubauwall.com\/et\/#website","url":"https:\/\/baubauwall.com\/et\/","name":"BAUBAUWALL Wallpapers","description":"Valmis paanides tapeet Eestist!","publisher":{"@id":"https:\/\/baubauwall.com\/et\/#organization"},"potentialAction":[{"@type":"SearchAction","target":{"@type":"EntryPoint","urlTemplate":"https:\/\/baubauwall.com\/et\/?s={search_term_string}"},"query-input":{"@type":"PropertyValueSpecification","valueRequired":true,"valueName":"search_term_string"}}],"inLanguage":"et"},{"@type":"Organization","@id":"https:\/\/baubauwall.com\/et\/#organization","name":"BAUBAUWALL Wallpapers","url":"https:\/\/baubauwall.com\/et\/","logo":{"@type":"ImageObject","inLanguage":"et","@id":"https:\/\/baubauwall.com\/et\/#\/schema\/logo\/image\/","url":"https:\/\/baubauwall.com\/wp-content\/uploads\/2022\/03\/logo-horizontal.svg","contentUrl":"https:\/\/baubauwall.com\/wp-content\/uploads\/2022\/03\/logo-horizontal.svg","width":"1024","height":"1024","caption":"BAUBAUWALL Wallpapers"},"image":{"@id":"https:\/\/baubauwall.com\/et\/#\/schema\/logo\/image\/"},"sameAs":["https:\/\/www.facebook.com\/Baubauwall","https:\/\/www.instagram.com\/baubauwall"]}]}},"jetpack_sharing_enabled":true,"_links":{"self":[{"href":"https:\/\/baubauwall.com\/et\/wp-json\/wp\/v2\/product\/5390","targetHints":{"allow":["GET"]}}],"collection":[{"href":"https:\/\/baubauwall.com\/et\/wp-json\/wp\/v2\/product"}],"about":[{"href":"https:\/\/baubauwall.com\/et\/wp-json\/wp\/v2\/types\/product"}],"replies":[{"embeddable":true,"href":"https:\/\/baubauwall.com\/et\/wp-json\/wp\/v2\/comments?post=5390"}],"wp:featuredmedia":[{"embeddable":true,"href":"https:\/\/baubauwall.com\/et\/wp-json\/wp\/v2\/media\/5180"}],"wp:attachment":[{"href":"https:\/\/baubauwall.com\/et\/wp-json\/wp\/v2\/media?parent=5390"}],"wp:term":[{"taxonomy":"product_brand","embeddable":true,"href":"https:\/\/baubauwall.com\/et\/wp-json\/wp\/v2\/product_brand?post=5390"},{"taxonomy":"product_cat","embeddable":true,"href":"https:\/\/baubauwall.com\/et\/wp-json\/wp\/v2\/product_cat?post=5390"},{"taxonomy":"product_tag","embeddable":true,"href":"https:\/\/baubauwall.com\/et\/wp-json\/wp\/v2\/product_tag?post=5390"}],"curies":[{"name":"wp","href":"https:\/\/api.w.org\/{rel}","templated":true}]}}