{"id":5391,"date":"2022-03-03T09:17:57","date_gmt":"2022-03-03T07:17:57","guid":{"rendered":"https:\/\/baubauwall.com\/product\/dreamy-underwater-wallmural-sepia\/"},"modified":"2024-10-08T16:47:23","modified_gmt":"2024-10-08T14:47:23","slug":"pilttapeet-uneaoline-veemaailm-beez","status":"publish","type":"product","link":"https:\/\/baubauwall.com\/et\/toode\/pilttapeet-uneaoline-veemaailm-beez\/","title":{"rendered":"Pilttapeet Unen\u00e4oline veemaailm &#8211; seepia"},"content":{"rendered":"<p>Suurejoonelise pilttapeedi disain kujutab veealuse maailma ainulaadset keskkonda seepiakarva bee\u017eikates toonides. Koos skulptuursete korallidega ujuvad s\u00fcgavas merep\u00f5hjas \u00fcleelusuuruses meduusid, kalmaarid ja kalakesed.<br \/>\nVeealust maailma kujutav eriline pilttapeet on inspireeritud troopiliste vete p\u00f5lisloodusest ning p\u00f6\u00f6rab erilist t\u00e4helepanu detailidele ja v\u00e4rvidele. Lase oma m\u00f5tetel r\u00e4nnata kaugetele maadele ja meredele selle t\u00f5eliselt rahustava ja samas inspireeriva tapeediga.<\/p>\n<p>Disain, mis sobib ideaalselt kodukontorisse, luksuslikku vannituppa, unelevasse magamistuppa ja vapustavasse elutuppa.<\/p>\n<p><strong>Nagu k\u00f5ik Baubauwalli kordusmustriga tapeedid ja pilttapeedid, on ka see imeilus disain tr\u00fckitud\u00a0<a href=\"https:\/\/baubauwall.com\/et\/keskkonnasobralikud-tapeedid\/\" target=\"_blank\" rel=\"noopener\">keskkonnas\u00f5bralike v\u00e4rvidega<\/a>, hingavale fliistapeedi materjalile, mis ei l\u00e4igi ja on lihtne paigaldada. Sinu uus tapeet tuleb valmis l\u00f5igatud ning nummerdatud paanides, mis on t\u00e4pselt nii k\u00f5rged, kui Sinu sein.<\/strong><\/p>\n","protected":false},"excerpt":{"rendered":"<p>Suurejoonelise pilttapeedi disain kujutab veealuse maailma ainulaadset keskkonda seepiakarva bee\u017eikates toonides. Koos skulptuursete korallidega ujuvad s\u00fcgavas merep\u00f5hjas \u00fcleelusuuruses meduusid, kalmaarid ja kalakesed. Veealust maailma kujutav eriline pilttapeet on inspireeritud troopiliste vete p\u00f5lisloodusest ning p\u00f6\u00f6rab erilist t\u00e4helepanu detailidele ja v\u00e4rvidele. Lase oma m\u00f5tetel r\u00e4nnata kaugetele maadele ja meredele selle t\u00f5eliselt rahustava ja samas inspireeriva tapeediga. Disain, [&hellip;]<\/p>\n","protected":false},"featured_media":29451,"comment_status":"open","ping_status":"closed","template":"","meta":{"_acf_changed":false,"inline_featured_image":false},"product_brand":[],"product_cat":[387,388,265,752,413,414,415,402,412,699,252,259],"product_tag":[695,345],"class_list":{"0":"post-5391","1":"product","2":"type-product","3":"status-publish","4":"has-post-thumbnail","6":"product_cat-pilttapeedid","7":"product_cat-vintage-et","8":"product_cat-beezid-tapeedid","9":"product_cat-avalik-ruum","10":"product_cat-magamistoa-tapeedid","11":"product_cat-soogitoa-tapeedid","12":"product_cat-kulalistetoa-tapeedid","13":"product_cat-elutoa-tapeedid","14":"product_cat-vannitoa-tapeedid","15":"product_cat-eesti-disain-tapeedid","16":"product_cat-ookean-meri","17":"product_cat-kalad-veealune-maailm","18":"product_tag-eesti-disain-tapeedid","19":"product_tag-pilttapeet","20":"pa_designedby-baubauwall","22":"first","23":"instock","24":"taxable","25":"shipping-taxable","26":"purchasable","27":"product-type-simple"},"acf":[],"yoast_head":"<!-- This site is optimized with the Yoast SEO plugin v25.9 - https:\/\/yoast.com\/wordpress\/plugins\/seo\/ -->\n<title>Bee\u017e pilttapeet veealuse maailmaga<\/title>\n<meta name=\"description\" content=\"Efektne pilttapeet, mille stseen on vee all! Tapeedil on korallid, kalad, meduusid. Disaintapeet avalikku ruumi v\u00f5i koju. Sinu seina m\u00f5\u00f5dus paanides\" \/>\n<meta name=\"robots\" content=\"index, follow, max-snippet:-1, max-image-preview:large, max-video-preview:-1\" \/>\n<link rel=\"canonical\" href=\"https:\/\/baubauwall.com\/et\/toode\/pilttapeet-uneaoline-veemaailm-beez\/\" \/>\n<meta property=\"og:locale\" content=\"et_EE\" \/>\n<meta property=\"og:type\" content=\"article\" \/>\n<meta property=\"og:title\" content=\"Bee\u017e pilttapeet veealuse maailmaga\" \/>\n<meta property=\"og:description\" content=\"Efektne pilttapeet, mille stseen on vee all! Tapeedil on korallid, kalad, meduusid. Disaintapeet avalikku ruumi v\u00f5i koju. Sinu seina m\u00f5\u00f5dus paanides\" \/>\n<meta property=\"og:url\" content=\"https:\/\/baubauwall.com\/et\/toode\/pilttapeet-uneaoline-veemaailm-beez\/\" \/>\n<meta property=\"og:site_name\" content=\"BAUBAUWALL TAPEEDID\" \/>\n<meta property=\"article:publisher\" content=\"https:\/\/www.facebook.com\/Baubauwall\" \/>\n<meta property=\"article:modified_time\" content=\"2024-10-08T14:47:23+00:00\" \/>\n<meta property=\"og:image\" content=\"https:\/\/baubauwall.com\/wp-content\/uploads\/2022\/03\/51200024_DreamyUnderwater-sepia_Baubauwall_Mural_Wallpaper_room2-scaled.jpg\" \/>\n\t<meta property=\"og:image:width\" content=\"2560\" \/>\n\t<meta property=\"og:image:height\" content=\"1024\" \/>\n\t<meta property=\"og:image:type\" content=\"image\/jpeg\" \/>\n<meta name=\"twitter:card\" content=\"summary_large_image\" \/>\n<meta name=\"twitter:label1\" content=\"Est. reading time\" \/>\n\t<meta name=\"twitter:data1\" content=\"1 minut\" \/>\n<script type=\"application\/ld+json\" class=\"yoast-schema-graph\">{\"@context\":\"https:\/\/schema.org\",\"@graph\":[{\"@type\":\"WebPage\",\"@id\":\"https:\/\/baubauwall.com\/et\/toode\/pilttapeet-uneaoline-veemaailm-beez\/\",\"url\":\"https:\/\/baubauwall.com\/et\/toode\/pilttapeet-uneaoline-veemaailm-beez\/\",\"name\":\"Bee\u017e pilttapeet veealuse maailmaga\",\"isPartOf\":{\"@id\":\"https:\/\/baubauwall.com\/et\/#website\"},\"primaryImageOfPage\":{\"@id\":\"https:\/\/baubauwall.com\/et\/toode\/pilttapeet-uneaoline-veemaailm-beez\/#primaryimage\"},\"image\":{\"@id\":\"https:\/\/baubauwall.com\/et\/toode\/pilttapeet-uneaoline-veemaailm-beez\/#primaryimage\"},\"thumbnailUrl\":\"https:\/\/baubauwall.com\/wp-content\/uploads\/2022\/03\/51200024_DreamyUnderwater-sepia_Baubauwall_Mural_Wallpaper_room2-scaled.jpg\",\"datePublished\":\"2022-03-03T07:17:57+00:00\",\"dateModified\":\"2024-10-08T14:47:23+00:00\",\"description\":\"Efektne pilttapeet, mille stseen on vee all! Tapeedil on korallid, kalad, meduusid. Disaintapeet avalikku ruumi v\u00f5i koju. Sinu seina m\u00f5\u00f5dus paanides\",\"breadcrumb\":{\"@id\":\"https:\/\/baubauwall.com\/et\/toode\/pilttapeet-uneaoline-veemaailm-beez\/#breadcrumb\"},\"inLanguage\":\"et\",\"potentialAction\":[{\"@type\":\"ReadAction\",\"target\":[\"https:\/\/baubauwall.com\/et\/toode\/pilttapeet-uneaoline-veemaailm-beez\/\"]}]},{\"@type\":\"ImageObject\",\"inLanguage\":\"et\",\"@id\":\"https:\/\/baubauwall.com\/et\/toode\/pilttapeet-uneaoline-veemaailm-beez\/#primaryimage\",\"url\":\"https:\/\/baubauwall.com\/wp-content\/uploads\/2022\/03\/51200024_DreamyUnderwater-sepia_Baubauwall_Mural_Wallpaper_room2-scaled.jpg\",\"contentUrl\":\"https:\/\/baubauwall.com\/wp-content\/uploads\/2022\/03\/51200024_DreamyUnderwater-sepia_Baubauwall_Mural_Wallpaper_room2-scaled.jpg\",\"width\":2560,\"height\":1024},{\"@type\":\"BreadcrumbList\",\"@id\":\"https:\/\/baubauwall.com\/et\/toode\/pilttapeet-uneaoline-veemaailm-beez\/#breadcrumb\",\"itemListElement\":[{\"@type\":\"ListItem\",\"position\":1,\"name\":\"Koju\",\"item\":\"https:\/\/baubauwall.com\/et\/\"},{\"@type\":\"ListItem\",\"position\":2,\"name\":\"Tapeedid\",\"item\":\"https:\/\/baubauwall.com\/et\/tapeedid\/\"},{\"@type\":\"ListItem\",\"position\":3,\"name\":\"Pilttapeet Unen\u00e4oline veemaailm &#8211; seepia\"}]},{\"@type\":\"WebSite\",\"@id\":\"https:\/\/baubauwall.com\/et\/#website\",\"url\":\"https:\/\/baubauwall.com\/et\/\",\"name\":\"BAUBAUWALL Wallpapers\",\"description\":\"Valmis paanides tapeet Eestist!\",\"publisher\":{\"@id\":\"https:\/\/baubauwall.com\/et\/#organization\"},\"potentialAction\":[{\"@type\":\"SearchAction\",\"target\":{\"@type\":\"EntryPoint\",\"urlTemplate\":\"https:\/\/baubauwall.com\/et\/?s={search_term_string}\"},\"query-input\":{\"@type\":\"PropertyValueSpecification\",\"valueRequired\":true,\"valueName\":\"search_term_string\"}}],\"inLanguage\":\"et\"},{\"@type\":\"Organization\",\"@id\":\"https:\/\/baubauwall.com\/et\/#organization\",\"name\":\"BAUBAUWALL Wallpapers\",\"url\":\"https:\/\/baubauwall.com\/et\/\",\"logo\":{\"@type\":\"ImageObject\",\"inLanguage\":\"et\",\"@id\":\"https:\/\/baubauwall.com\/et\/#\/schema\/logo\/image\/\",\"url\":\"https:\/\/baubauwall.com\/wp-content\/uploads\/2022\/03\/logo-horizontal.svg\",\"contentUrl\":\"https:\/\/baubauwall.com\/wp-content\/uploads\/2022\/03\/logo-horizontal.svg\",\"width\":\"1024\",\"height\":\"1024\",\"caption\":\"BAUBAUWALL Wallpapers\"},\"image\":{\"@id\":\"https:\/\/baubauwall.com\/et\/#\/schema\/logo\/image\/\"},\"sameAs\":[\"https:\/\/www.facebook.com\/Baubauwall\",\"https:\/\/www.instagram.com\/baubauwall\"]}]}<\/script>\n<!-- \/ Yoast SEO plugin. -->","yoast_head_json":{"title":"Bee\u017e pilttapeet veealuse maailmaga","description":"Efektne pilttapeet, mille stseen on vee all! Tapeedil on korallid, kalad, meduusid. Disaintapeet avalikku ruumi v\u00f5i koju. Sinu seina m\u00f5\u00f5dus paanides","robots":{"index":"index","follow":"follow","max-snippet":"max-snippet:-1","max-image-preview":"max-image-preview:large","max-video-preview":"max-video-preview:-1"},"canonical":"https:\/\/baubauwall.com\/et\/toode\/pilttapeet-uneaoline-veemaailm-beez\/","og_locale":"et_EE","og_type":"article","og_title":"Bee\u017e pilttapeet veealuse maailmaga","og_description":"Efektne pilttapeet, mille stseen on vee all! Tapeedil on korallid, kalad, meduusid. Disaintapeet avalikku ruumi v\u00f5i koju. Sinu seina m\u00f5\u00f5dus paanides","og_url":"https:\/\/baubauwall.com\/et\/toode\/pilttapeet-uneaoline-veemaailm-beez\/","og_site_name":"BAUBAUWALL TAPEEDID","article_publisher":"https:\/\/www.facebook.com\/Baubauwall","article_modified_time":"2024-10-08T14:47:23+00:00","og_image":[{"width":2560,"height":1024,"url":"https:\/\/baubauwall.com\/wp-content\/uploads\/2022\/03\/51200024_DreamyUnderwater-sepia_Baubauwall_Mural_Wallpaper_room2-scaled.jpg","type":"image\/jpeg"}],"twitter_card":"summary_large_image","twitter_misc":{"Est. reading time":"1 minut"},"schema":{"@context":"https:\/\/schema.org","@graph":[{"@type":"WebPage","@id":"https:\/\/baubauwall.com\/et\/toode\/pilttapeet-uneaoline-veemaailm-beez\/","url":"https:\/\/baubauwall.com\/et\/toode\/pilttapeet-uneaoline-veemaailm-beez\/","name":"Bee\u017e pilttapeet veealuse maailmaga","isPartOf":{"@id":"https:\/\/baubauwall.com\/et\/#website"},"primaryImageOfPage":{"@id":"https:\/\/baubauwall.com\/et\/toode\/pilttapeet-uneaoline-veemaailm-beez\/#primaryimage"},"image":{"@id":"https:\/\/baubauwall.com\/et\/toode\/pilttapeet-uneaoline-veemaailm-beez\/#primaryimage"},"thumbnailUrl":"https:\/\/baubauwall.com\/wp-content\/uploads\/2022\/03\/51200024_DreamyUnderwater-sepia_Baubauwall_Mural_Wallpaper_room2-scaled.jpg","datePublished":"2022-03-03T07:17:57+00:00","dateModified":"2024-10-08T14:47:23+00:00","description":"Efektne pilttapeet, mille stseen on vee all! Tapeedil on korallid, kalad, meduusid. Disaintapeet avalikku ruumi v\u00f5i koju. Sinu seina m\u00f5\u00f5dus paanides","breadcrumb":{"@id":"https:\/\/baubauwall.com\/et\/toode\/pilttapeet-uneaoline-veemaailm-beez\/#breadcrumb"},"inLanguage":"et","potentialAction":[{"@type":"ReadAction","target":["https:\/\/baubauwall.com\/et\/toode\/pilttapeet-uneaoline-veemaailm-beez\/"]}]},{"@type":"ImageObject","inLanguage":"et","@id":"https:\/\/baubauwall.com\/et\/toode\/pilttapeet-uneaoline-veemaailm-beez\/#primaryimage","url":"https:\/\/baubauwall.com\/wp-content\/uploads\/2022\/03\/51200024_DreamyUnderwater-sepia_Baubauwall_Mural_Wallpaper_room2-scaled.jpg","contentUrl":"https:\/\/baubauwall.com\/wp-content\/uploads\/2022\/03\/51200024_DreamyUnderwater-sepia_Baubauwall_Mural_Wallpaper_room2-scaled.jpg","width":2560,"height":1024},{"@type":"BreadcrumbList","@id":"https:\/\/baubauwall.com\/et\/toode\/pilttapeet-uneaoline-veemaailm-beez\/#breadcrumb","itemListElement":[{"@type":"ListItem","position":1,"name":"Koju","item":"https:\/\/baubauwall.com\/et\/"},{"@type":"ListItem","position":2,"name":"Tapeedid","item":"https:\/\/baubauwall.com\/et\/tapeedid\/"},{"@type":"ListItem","position":3,"name":"Pilttapeet Unen\u00e4oline veemaailm &#8211; seepia"}]},{"@type":"WebSite","@id":"https:\/\/baubauwall.com\/et\/#website","url":"https:\/\/baubauwall.com\/et\/","name":"BAUBAUWALL Wallpapers","description":"Valmis paanides tapeet Eestist!","publisher":{"@id":"https:\/\/baubauwall.com\/et\/#organization"},"potentialAction":[{"@type":"SearchAction","target":{"@type":"EntryPoint","urlTemplate":"https:\/\/baubauwall.com\/et\/?s={search_term_string}"},"query-input":{"@type":"PropertyValueSpecification","valueRequired":true,"valueName":"search_term_string"}}],"inLanguage":"et"},{"@type":"Organization","@id":"https:\/\/baubauwall.com\/et\/#organization","name":"BAUBAUWALL Wallpapers","url":"https:\/\/baubauwall.com\/et\/","logo":{"@type":"ImageObject","inLanguage":"et","@id":"https:\/\/baubauwall.com\/et\/#\/schema\/logo\/image\/","url":"https:\/\/baubauwall.com\/wp-content\/uploads\/2022\/03\/logo-horizontal.svg","contentUrl":"https:\/\/baubauwall.com\/wp-content\/uploads\/2022\/03\/logo-horizontal.svg","width":"1024","height":"1024","caption":"BAUBAUWALL Wallpapers"},"image":{"@id":"https:\/\/baubauwall.com\/et\/#\/schema\/logo\/image\/"},"sameAs":["https:\/\/www.facebook.com\/Baubauwall","https:\/\/www.instagram.com\/baubauwall"]}]}},"jetpack_sharing_enabled":true,"_links":{"self":[{"href":"https:\/\/baubauwall.com\/et\/wp-json\/wp\/v2\/product\/5391","targetHints":{"allow":["GET"]}}],"collection":[{"href":"https:\/\/baubauwall.com\/et\/wp-json\/wp\/v2\/product"}],"about":[{"href":"https:\/\/baubauwall.com\/et\/wp-json\/wp\/v2\/types\/product"}],"replies":[{"embeddable":true,"href":"https:\/\/baubauwall.com\/et\/wp-json\/wp\/v2\/comments?post=5391"}],"wp:featuredmedia":[{"embeddable":true,"href":"https:\/\/baubauwall.com\/et\/wp-json\/wp\/v2\/media\/29451"}],"wp:attachment":[{"href":"https:\/\/baubauwall.com\/et\/wp-json\/wp\/v2\/media?parent=5391"}],"wp:term":[{"taxonomy":"product_brand","embeddable":true,"href":"https:\/\/baubauwall.com\/et\/wp-json\/wp\/v2\/product_brand?post=5391"},{"taxonomy":"product_cat","embeddable":true,"href":"https:\/\/baubauwall.com\/et\/wp-json\/wp\/v2\/product_cat?post=5391"},{"taxonomy":"product_tag","embeddable":true,"href":"https:\/\/baubauwall.com\/et\/wp-json\/wp\/v2\/product_tag?post=5391"}],"curies":[{"name":"wp","href":"https:\/\/api.w.org\/{rel}","templated":true}]}}