{"id":5398,"date":"2022-03-03T07:17:55","date_gmt":"2022-03-03T05:17:55","guid":{"rendered":"https:\/\/baubauwall.com\/product\/celestial-spheres-beige-wallpaper\/"},"modified":"2024-08-09T15:36:01","modified_gmt":"2024-08-09T13:36:01","slug":"celestial-spheres-beige-wallpaper","status":"publish","type":"product","link":"https:\/\/baubauwall.com\/et\/toode\/celestial-spheres-beige-wallpaper\/","title":{"rendered":"Taevalikud taevakehad &#8211; bee\u017e"},"content":{"rendered":"<p>Kaasaegses stiilis l\u00e4henemine galaktika ja taevakehade lummavale ilule. Sellel silmapaistval kerge 3D-efektiga pilttapeedil kohtuvad kohtuvad kaasaegne kunst ja galaktika kogu oma hiilguses. Bee\u017eid, \u00f5rnroosad ja pruunid kihid loovad kaunilt l\u00e4bitunnetatud ja kergelt unen\u00e4olise visuaali.<\/p>\n<p>Taevalike taevakehade tapeedidisain on saadaval ka valge taustaga.<\/p>\n","protected":false},"excerpt":{"rendered":"<p>Kaasaegses stiilis l\u00e4henemine galaktika ja taevakehade lummavale ilule. Sellel silmapaistval kerge 3D-efektiga pilttapeedil kohtuvad kohtuvad kaasaegne kunst ja galaktika kogu oma hiilguses. Bee\u017eid, \u00f5rnroosad ja pruunid kihid loovad kaunilt l\u00e4bitunnetatud ja kergelt unen\u00e4olise visuaali. Taevalike taevakehade tapeedidisain on saadaval ka valge taustaga.<\/p>\n","protected":false},"featured_media":4940,"comment_status":"open","ping_status":"closed","template":"","meta":{"_acf_changed":false,"inline_featured_image":false},"product_brand":[],"product_cat":[387,408,265,269,276,413,414,415,402,614,715],"product_tag":[279,430,345],"class_list":{"0":"post-5398","1":"product","2":"type-product","3":"status-publish","4":"has-post-thumbnail","6":"product_cat-pilttapeedid","7":"product_cat-geomeetriline","8":"product_cat-beezid-tapeedid","9":"product_cat-pruunid-tapeedid","10":"product_cat-pastelsed-tapeedid","11":"product_cat-magamistoa-tapeedid","12":"product_cat-soogitoa-tapeedid","13":"product_cat-kulalistetoa-tapeedid","14":"product_cat-elutoa-tapeedid","15":"product_cat-kosmos-galaktika-et","16":"product_cat-soodsad-tapeedid-leiunurk","17":"product_tag-3d-et","18":"product_tag-kosmos","19":"product_tag-pilttapeet","20":"pa_designedby-baubauwall","22":"first","23":"instock","24":"sale","25":"taxable","26":"shipping-taxable","27":"purchasable","28":"product-type-simple"},"acf":[],"yoast_head":"<!-- This site is optimized with the Yoast SEO plugin v25.9 - https:\/\/yoast.com\/wordpress\/plugins\/seo\/ -->\n<title>3D effect beige wall mural with artistic planets. Custom printed murals.<\/title>\n<meta name=\"description\" content=\"Designer wall mural of dots and planets in beige. Modern approach to galaxy style wallmurals. Custom printed bespoke wall murals.\" \/>\n<meta name=\"robots\" content=\"index, follow, max-snippet:-1, max-image-preview:large, max-video-preview:-1\" \/>\n<link rel=\"canonical\" href=\"https:\/\/baubauwall.com\/et\/toode\/celestial-spheres-beige-wallpaper\/\" \/>\n<meta property=\"og:locale\" content=\"et_EE\" \/>\n<meta property=\"og:type\" content=\"article\" \/>\n<meta property=\"og:title\" content=\"3D effect beige wall mural with artistic planets. Custom printed murals.\" \/>\n<meta property=\"og:description\" content=\"Designer wall mural of dots and planets in beige. Modern approach to galaxy style wallmurals. Custom printed bespoke wall murals.\" \/>\n<meta property=\"og:url\" content=\"https:\/\/baubauwall.com\/et\/toode\/celestial-spheres-beige-wallpaper\/\" \/>\n<meta property=\"og:site_name\" content=\"BAUBAUWALL TAPEEDID\" \/>\n<meta property=\"article:publisher\" content=\"https:\/\/www.facebook.com\/Baubauwall\" \/>\n<meta property=\"article:modified_time\" content=\"2024-08-09T13:36:01+00:00\" \/>\n<meta property=\"og:image\" content=\"https:\/\/baubauwall.com\/wp-content\/uploads\/2022\/03\/51200019_Celestial_Spheres-beige_Wallmural_room6-2.jpg\" \/>\n\t<meta property=\"og:image:width\" content=\"1200\" \/>\n\t<meta property=\"og:image:height\" content=\"800\" \/>\n\t<meta property=\"og:image:type\" content=\"image\/jpeg\" \/>\n<meta name=\"twitter:card\" content=\"summary_large_image\" \/>\n<meta name=\"twitter:label1\" content=\"Est. reading time\" \/>\n\t<meta name=\"twitter:data1\" content=\"1 minut\" \/>\n<script type=\"application\/ld+json\" class=\"yoast-schema-graph\">{\"@context\":\"https:\/\/schema.org\",\"@graph\":[{\"@type\":\"WebPage\",\"@id\":\"https:\/\/baubauwall.com\/et\/toode\/celestial-spheres-beige-wallpaper\/\",\"url\":\"https:\/\/baubauwall.com\/et\/toode\/celestial-spheres-beige-wallpaper\/\",\"name\":\"3D effect beige wall mural with artistic planets. Custom printed murals.\",\"isPartOf\":{\"@id\":\"https:\/\/baubauwall.com\/et\/#website\"},\"primaryImageOfPage\":{\"@id\":\"https:\/\/baubauwall.com\/et\/toode\/celestial-spheres-beige-wallpaper\/#primaryimage\"},\"image\":{\"@id\":\"https:\/\/baubauwall.com\/et\/toode\/celestial-spheres-beige-wallpaper\/#primaryimage\"},\"thumbnailUrl\":\"https:\/\/baubauwall.com\/wp-content\/uploads\/2022\/03\/51200019_Celestial_Spheres-beige_Wallmural_room6-2.jpg\",\"datePublished\":\"2022-03-03T05:17:55+00:00\",\"dateModified\":\"2024-08-09T13:36:01+00:00\",\"description\":\"Designer wall mural of dots and planets in beige. Modern approach to galaxy style wallmurals. Custom printed bespoke wall murals.\",\"breadcrumb\":{\"@id\":\"https:\/\/baubauwall.com\/et\/toode\/celestial-spheres-beige-wallpaper\/#breadcrumb\"},\"inLanguage\":\"et\",\"potentialAction\":[{\"@type\":\"ReadAction\",\"target\":[\"https:\/\/baubauwall.com\/et\/toode\/celestial-spheres-beige-wallpaper\/\"]}]},{\"@type\":\"ImageObject\",\"inLanguage\":\"et\",\"@id\":\"https:\/\/baubauwall.com\/et\/toode\/celestial-spheres-beige-wallpaper\/#primaryimage\",\"url\":\"https:\/\/baubauwall.com\/wp-content\/uploads\/2022\/03\/51200019_Celestial_Spheres-beige_Wallmural_room6-2.jpg\",\"contentUrl\":\"https:\/\/baubauwall.com\/wp-content\/uploads\/2022\/03\/51200019_Celestial_Spheres-beige_Wallmural_room6-2.jpg\",\"width\":1200,\"height\":800},{\"@type\":\"BreadcrumbList\",\"@id\":\"https:\/\/baubauwall.com\/et\/toode\/celestial-spheres-beige-wallpaper\/#breadcrumb\",\"itemListElement\":[{\"@type\":\"ListItem\",\"position\":1,\"name\":\"Koju\",\"item\":\"https:\/\/baubauwall.com\/et\/\"},{\"@type\":\"ListItem\",\"position\":2,\"name\":\"Tapeedid\",\"item\":\"https:\/\/baubauwall.com\/et\/tapeedid\/\"},{\"@type\":\"ListItem\",\"position\":3,\"name\":\"Taevalikud taevakehad &#8211; bee\u017e\"}]},{\"@type\":\"WebSite\",\"@id\":\"https:\/\/baubauwall.com\/et\/#website\",\"url\":\"https:\/\/baubauwall.com\/et\/\",\"name\":\"BAUBAUWALL Wallpapers\",\"description\":\"Valmis paanides tapeet Eestist!\",\"publisher\":{\"@id\":\"https:\/\/baubauwall.com\/et\/#organization\"},\"potentialAction\":[{\"@type\":\"SearchAction\",\"target\":{\"@type\":\"EntryPoint\",\"urlTemplate\":\"https:\/\/baubauwall.com\/et\/?s={search_term_string}\"},\"query-input\":{\"@type\":\"PropertyValueSpecification\",\"valueRequired\":true,\"valueName\":\"search_term_string\"}}],\"inLanguage\":\"et\"},{\"@type\":\"Organization\",\"@id\":\"https:\/\/baubauwall.com\/et\/#organization\",\"name\":\"BAUBAUWALL Wallpapers\",\"url\":\"https:\/\/baubauwall.com\/et\/\",\"logo\":{\"@type\":\"ImageObject\",\"inLanguage\":\"et\",\"@id\":\"https:\/\/baubauwall.com\/et\/#\/schema\/logo\/image\/\",\"url\":\"https:\/\/baubauwall.com\/wp-content\/uploads\/2022\/03\/logo-horizontal.svg\",\"contentUrl\":\"https:\/\/baubauwall.com\/wp-content\/uploads\/2022\/03\/logo-horizontal.svg\",\"width\":\"1024\",\"height\":\"1024\",\"caption\":\"BAUBAUWALL Wallpapers\"},\"image\":{\"@id\":\"https:\/\/baubauwall.com\/et\/#\/schema\/logo\/image\/\"},\"sameAs\":[\"https:\/\/www.facebook.com\/Baubauwall\",\"https:\/\/www.instagram.com\/baubauwall\"]}]}<\/script>\n<!-- \/ Yoast SEO plugin. -->","yoast_head_json":{"title":"3D effect beige wall mural with artistic planets. Custom printed murals.","description":"Designer wall mural of dots and planets in beige. Modern approach to galaxy style wallmurals. Custom printed bespoke wall murals.","robots":{"index":"index","follow":"follow","max-snippet":"max-snippet:-1","max-image-preview":"max-image-preview:large","max-video-preview":"max-video-preview:-1"},"canonical":"https:\/\/baubauwall.com\/et\/toode\/celestial-spheres-beige-wallpaper\/","og_locale":"et_EE","og_type":"article","og_title":"3D effect beige wall mural with artistic planets. Custom printed murals.","og_description":"Designer wall mural of dots and planets in beige. Modern approach to galaxy style wallmurals. Custom printed bespoke wall murals.","og_url":"https:\/\/baubauwall.com\/et\/toode\/celestial-spheres-beige-wallpaper\/","og_site_name":"BAUBAUWALL TAPEEDID","article_publisher":"https:\/\/www.facebook.com\/Baubauwall","article_modified_time":"2024-08-09T13:36:01+00:00","og_image":[{"width":1200,"height":800,"url":"https:\/\/baubauwall.com\/wp-content\/uploads\/2022\/03\/51200019_Celestial_Spheres-beige_Wallmural_room6-2.jpg","type":"image\/jpeg"}],"twitter_card":"summary_large_image","twitter_misc":{"Est. reading time":"1 minut"},"schema":{"@context":"https:\/\/schema.org","@graph":[{"@type":"WebPage","@id":"https:\/\/baubauwall.com\/et\/toode\/celestial-spheres-beige-wallpaper\/","url":"https:\/\/baubauwall.com\/et\/toode\/celestial-spheres-beige-wallpaper\/","name":"3D effect beige wall mural with artistic planets. Custom printed murals.","isPartOf":{"@id":"https:\/\/baubauwall.com\/et\/#website"},"primaryImageOfPage":{"@id":"https:\/\/baubauwall.com\/et\/toode\/celestial-spheres-beige-wallpaper\/#primaryimage"},"image":{"@id":"https:\/\/baubauwall.com\/et\/toode\/celestial-spheres-beige-wallpaper\/#primaryimage"},"thumbnailUrl":"https:\/\/baubauwall.com\/wp-content\/uploads\/2022\/03\/51200019_Celestial_Spheres-beige_Wallmural_room6-2.jpg","datePublished":"2022-03-03T05:17:55+00:00","dateModified":"2024-08-09T13:36:01+00:00","description":"Designer wall mural of dots and planets in beige. Modern approach to galaxy style wallmurals. Custom printed bespoke wall murals.","breadcrumb":{"@id":"https:\/\/baubauwall.com\/et\/toode\/celestial-spheres-beige-wallpaper\/#breadcrumb"},"inLanguage":"et","potentialAction":[{"@type":"ReadAction","target":["https:\/\/baubauwall.com\/et\/toode\/celestial-spheres-beige-wallpaper\/"]}]},{"@type":"ImageObject","inLanguage":"et","@id":"https:\/\/baubauwall.com\/et\/toode\/celestial-spheres-beige-wallpaper\/#primaryimage","url":"https:\/\/baubauwall.com\/wp-content\/uploads\/2022\/03\/51200019_Celestial_Spheres-beige_Wallmural_room6-2.jpg","contentUrl":"https:\/\/baubauwall.com\/wp-content\/uploads\/2022\/03\/51200019_Celestial_Spheres-beige_Wallmural_room6-2.jpg","width":1200,"height":800},{"@type":"BreadcrumbList","@id":"https:\/\/baubauwall.com\/et\/toode\/celestial-spheres-beige-wallpaper\/#breadcrumb","itemListElement":[{"@type":"ListItem","position":1,"name":"Koju","item":"https:\/\/baubauwall.com\/et\/"},{"@type":"ListItem","position":2,"name":"Tapeedid","item":"https:\/\/baubauwall.com\/et\/tapeedid\/"},{"@type":"ListItem","position":3,"name":"Taevalikud taevakehad &#8211; bee\u017e"}]},{"@type":"WebSite","@id":"https:\/\/baubauwall.com\/et\/#website","url":"https:\/\/baubauwall.com\/et\/","name":"BAUBAUWALL Wallpapers","description":"Valmis paanides tapeet Eestist!","publisher":{"@id":"https:\/\/baubauwall.com\/et\/#organization"},"potentialAction":[{"@type":"SearchAction","target":{"@type":"EntryPoint","urlTemplate":"https:\/\/baubauwall.com\/et\/?s={search_term_string}"},"query-input":{"@type":"PropertyValueSpecification","valueRequired":true,"valueName":"search_term_string"}}],"inLanguage":"et"},{"@type":"Organization","@id":"https:\/\/baubauwall.com\/et\/#organization","name":"BAUBAUWALL Wallpapers","url":"https:\/\/baubauwall.com\/et\/","logo":{"@type":"ImageObject","inLanguage":"et","@id":"https:\/\/baubauwall.com\/et\/#\/schema\/logo\/image\/","url":"https:\/\/baubauwall.com\/wp-content\/uploads\/2022\/03\/logo-horizontal.svg","contentUrl":"https:\/\/baubauwall.com\/wp-content\/uploads\/2022\/03\/logo-horizontal.svg","width":"1024","height":"1024","caption":"BAUBAUWALL Wallpapers"},"image":{"@id":"https:\/\/baubauwall.com\/et\/#\/schema\/logo\/image\/"},"sameAs":["https:\/\/www.facebook.com\/Baubauwall","https:\/\/www.instagram.com\/baubauwall"]}]}},"jetpack_sharing_enabled":true,"_links":{"self":[{"href":"https:\/\/baubauwall.com\/et\/wp-json\/wp\/v2\/product\/5398","targetHints":{"allow":["GET"]}}],"collection":[{"href":"https:\/\/baubauwall.com\/et\/wp-json\/wp\/v2\/product"}],"about":[{"href":"https:\/\/baubauwall.com\/et\/wp-json\/wp\/v2\/types\/product"}],"replies":[{"embeddable":true,"href":"https:\/\/baubauwall.com\/et\/wp-json\/wp\/v2\/comments?post=5398"}],"wp:featuredmedia":[{"embeddable":true,"href":"https:\/\/baubauwall.com\/et\/wp-json\/wp\/v2\/media\/4940"}],"wp:attachment":[{"href":"https:\/\/baubauwall.com\/et\/wp-json\/wp\/v2\/media?parent=5398"}],"wp:term":[{"taxonomy":"product_brand","embeddable":true,"href":"https:\/\/baubauwall.com\/et\/wp-json\/wp\/v2\/product_brand?post=5398"},{"taxonomy":"product_cat","embeddable":true,"href":"https:\/\/baubauwall.com\/et\/wp-json\/wp\/v2\/product_cat?post=5398"},{"taxonomy":"product_tag","embeddable":true,"href":"https:\/\/baubauwall.com\/et\/wp-json\/wp\/v2\/product_tag?post=5398"}],"curies":[{"name":"wp","href":"https:\/\/api.w.org\/{rel}","templated":true}]}}