{"id":5400,"date":"2022-03-03T09:17:41","date_gmt":"2022-03-03T07:17:41","guid":{"rendered":"https:\/\/baubauwall.com\/product\/exposed-concrete-wallmural\/"},"modified":"2024-09-17T08:47:30","modified_gmt":"2024-09-17T06:47:30","slug":"exposed-concrete-wallmural","status":"publish","type":"product","link":"https:\/\/baubauwall.com\/et\/toode\/exposed-concrete-wallmural\/","title":{"rendered":"Paljas betoon &#8211; hall"},"content":{"rendered":"<p>Kas otsid oma seintele urbanistlikku linnad\u017eunglit? Oled \u00f5iges kohas! Meie betoonist inspireeritud pilttapeet on nii t\u00f5etruu kiviefektiga, et petab \u00e4ra ka k\u00f5ige treenituma silma. Betoonseina hall toimib suurep\u00e4raselt koos enamiku v\u00e4rvidega, kuna see muutub ruumis loomulikuks taustaks. Sobita see betooni imitatsiooniga pilttapeet kokku kaasaegse minimalistliku m\u00f6\u00f6bliga, olgu see siis tume v\u00f5i hele.<\/p>\n<div class=\"flex-shrink-0 flex flex-col relative items-end\">\n<div class=\"pt-0.5 juice:pt-0\">\n<div class=\"gizmo-bot-avatar flex h-6 w-6 items-center justify-center overflow-hidden rounded-full juice:h-8 juice:w-8\">\n<div class=\"relative p-1 rounded-sm flex items-center justify-center bg-token-main-surface-primary text-token-text-primary h-8 w-8\"><strong>Miks osta pilttapeet siit? Tapeetimine pole kunagi nii lihtne olnud!<\/strong><\/div>\n<\/div>\n<\/div>\n<\/div>\n<ul>\n<li>Nummerdatud tapeedipaanid<\/li>\n<li>Just nii pikad tapeedipaanid, kui on Sinu sein<\/li>\n<li>Premium, matt fliistapeedi materjal<\/li>\n<li>M\u00fcrgivabad tr\u00fckiv\u00e4rvid, Greenguard sertifitseeritud<\/li>\n<li>Keskkonnas\u00f5bralik, j\u00e4\u00e4tmevaba tapeetimine<\/li>\n<li>Tasuta tapeediliim<\/li>\n<li>Tasuta transport ja kiire tarne 5 t\u00f6\u00f6p\u00e4evaga<\/li>\n<\/ul>\n<p>Loe l\u00e4hemalt nutikatest, eritellimust\u00f6\u00f6na valmivatest tapeetidest\u00a0<a href=\"https:\/\/baubauwall.com\/et\/keskkonnasobralikud-tapeedid\/\">siit.<\/a><\/p>\n","protected":false},"excerpt":{"rendered":"<p>Kas otsid oma seintele urbanistlikku linnad\u017eunglit? Oled \u00f5iges kohas! Meie betoonist inspireeritud pilttapeet on nii t\u00f5etruu kiviefektiga, et petab \u00e4ra ka k\u00f5ige treenituma silma. Betoonseina hall toimib suurep\u00e4raselt koos enamiku v\u00e4rvidega, kuna see muutub ruumis loomulikuks taustaks. Sobita see betooni imitatsiooniga pilttapeet kokku kaasaegse minimalistliku m\u00f6\u00f6bliga, olgu see siis tume v\u00f5i hele. Miks osta pilttapeet [&hellip;]<\/p>\n","protected":false},"featured_media":5256,"comment_status":"open","ping_status":"closed","template":"","meta":{"_acf_changed":false,"inline_featured_image":false},"product_brand":[],"product_cat":[387,392,272,413,414,415,416,399,402,241],"product_tag":[314,345],"class_list":{"0":"post-5400","1":"product","2":"type-product","3":"status-publish","4":"has-post-thumbnail","6":"product_cat-pilttapeedid","7":"product_cat-minimalistlik","8":"product_cat-hallid-tapeedid","9":"product_cat-magamistoa-tapeedid","10":"product_cat-soogitoa-tapeedid","11":"product_cat-kulalistetoa-tapeedid","12":"product_cat-esiku-tapeedid","13":"product_cat-kodukontori-tapeedid","14":"product_cat-elutoa-tapeedid","15":"product_cat-betoon","16":"product_tag-faux-surface-et","17":"product_tag-pilttapeet","18":"pa_designedby-baubauwall","20":"first","21":"instock","22":"taxable","23":"shipping-taxable","24":"purchasable","25":"product-type-simple"},"acf":[],"yoast_head":"<!-- This site is optimized with the Yoast SEO plugin v25.9 - https:\/\/yoast.com\/wordpress\/plugins\/seo\/ -->\n<title>Hall, betooni efektiga pilttapeet avalikku ruumi v\u00f5i koju<\/title>\n<meta name=\"description\" content=\"Hall pilttapeet betooni struktuuriga. Kivise efektiga hall tapeet on ilus ja maitsekas valik elutuppa, kodukontori seinale v\u00f5i mujale.\" \/>\n<meta name=\"robots\" content=\"index, follow, max-snippet:-1, max-image-preview:large, max-video-preview:-1\" \/>\n<link rel=\"canonical\" href=\"https:\/\/baubauwall.com\/et\/toode\/exposed-concrete-wallmural\/\" \/>\n<meta property=\"og:locale\" content=\"et_EE\" \/>\n<meta property=\"og:type\" content=\"article\" \/>\n<meta property=\"og:title\" content=\"Hall, betooni efektiga pilttapeet avalikku ruumi v\u00f5i koju\" \/>\n<meta property=\"og:description\" content=\"Hall pilttapeet betooni struktuuriga. Kivise efektiga hall tapeet on ilus ja maitsekas valik elutuppa, kodukontori seinale v\u00f5i mujale.\" \/>\n<meta property=\"og:url\" content=\"https:\/\/baubauwall.com\/et\/toode\/exposed-concrete-wallmural\/\" \/>\n<meta property=\"og:site_name\" content=\"BAUBAUWALL TAPEEDID\" \/>\n<meta property=\"article:publisher\" content=\"https:\/\/www.facebook.com\/Baubauwall\" \/>\n<meta property=\"article:modified_time\" content=\"2024-09-17T06:47:30+00:00\" \/>\n<meta property=\"og:image\" content=\"https:\/\/baubauwall.com\/wp-content\/uploads\/2022\/03\/51200007_ExposedConcrete_Baubauwall_Wallmural_room5.jpg\" \/>\n\t<meta property=\"og:image:width\" content=\"800\" \/>\n\t<meta property=\"og:image:height\" content=\"800\" \/>\n\t<meta property=\"og:image:type\" content=\"image\/jpeg\" \/>\n<meta name=\"twitter:card\" content=\"summary_large_image\" \/>\n<meta name=\"twitter:label1\" content=\"Est. reading time\" \/>\n\t<meta name=\"twitter:data1\" content=\"1 minut\" \/>\n<script type=\"application\/ld+json\" class=\"yoast-schema-graph\">{\"@context\":\"https:\/\/schema.org\",\"@graph\":[{\"@type\":\"WebPage\",\"@id\":\"https:\/\/baubauwall.com\/et\/toode\/exposed-concrete-wallmural\/\",\"url\":\"https:\/\/baubauwall.com\/et\/toode\/exposed-concrete-wallmural\/\",\"name\":\"Hall, betooni efektiga pilttapeet avalikku ruumi v\u00f5i koju\",\"isPartOf\":{\"@id\":\"https:\/\/baubauwall.com\/et\/#website\"},\"primaryImageOfPage\":{\"@id\":\"https:\/\/baubauwall.com\/et\/toode\/exposed-concrete-wallmural\/#primaryimage\"},\"image\":{\"@id\":\"https:\/\/baubauwall.com\/et\/toode\/exposed-concrete-wallmural\/#primaryimage\"},\"thumbnailUrl\":\"https:\/\/baubauwall.com\/wp-content\/uploads\/2022\/03\/51200007_ExposedConcrete_Baubauwall_Wallmural_room5.jpg\",\"datePublished\":\"2022-03-03T07:17:41+00:00\",\"dateModified\":\"2024-09-17T06:47:30+00:00\",\"description\":\"Hall pilttapeet betooni struktuuriga. Kivise efektiga hall tapeet on ilus ja maitsekas valik elutuppa, kodukontori seinale v\u00f5i mujale.\",\"breadcrumb\":{\"@id\":\"https:\/\/baubauwall.com\/et\/toode\/exposed-concrete-wallmural\/#breadcrumb\"},\"inLanguage\":\"et\",\"potentialAction\":[{\"@type\":\"ReadAction\",\"target\":[\"https:\/\/baubauwall.com\/et\/toode\/exposed-concrete-wallmural\/\"]}]},{\"@type\":\"ImageObject\",\"inLanguage\":\"et\",\"@id\":\"https:\/\/baubauwall.com\/et\/toode\/exposed-concrete-wallmural\/#primaryimage\",\"url\":\"https:\/\/baubauwall.com\/wp-content\/uploads\/2022\/03\/51200007_ExposedConcrete_Baubauwall_Wallmural_room5.jpg\",\"contentUrl\":\"https:\/\/baubauwall.com\/wp-content\/uploads\/2022\/03\/51200007_ExposedConcrete_Baubauwall_Wallmural_room5.jpg\",\"width\":800,\"height\":800,\"caption\":\"Concrete faux effect wall mural\"},{\"@type\":\"BreadcrumbList\",\"@id\":\"https:\/\/baubauwall.com\/et\/toode\/exposed-concrete-wallmural\/#breadcrumb\",\"itemListElement\":[{\"@type\":\"ListItem\",\"position\":1,\"name\":\"Koju\",\"item\":\"https:\/\/baubauwall.com\/et\/\"},{\"@type\":\"ListItem\",\"position\":2,\"name\":\"Tapeedid\",\"item\":\"https:\/\/baubauwall.com\/et\/tapeedid\/\"},{\"@type\":\"ListItem\",\"position\":3,\"name\":\"Paljas betoon &#8211; hall\"}]},{\"@type\":\"WebSite\",\"@id\":\"https:\/\/baubauwall.com\/et\/#website\",\"url\":\"https:\/\/baubauwall.com\/et\/\",\"name\":\"BAUBAUWALL Wallpapers\",\"description\":\"Valmis paanides tapeet Eestist!\",\"publisher\":{\"@id\":\"https:\/\/baubauwall.com\/et\/#organization\"},\"potentialAction\":[{\"@type\":\"SearchAction\",\"target\":{\"@type\":\"EntryPoint\",\"urlTemplate\":\"https:\/\/baubauwall.com\/et\/?s={search_term_string}\"},\"query-input\":{\"@type\":\"PropertyValueSpecification\",\"valueRequired\":true,\"valueName\":\"search_term_string\"}}],\"inLanguage\":\"et\"},{\"@type\":\"Organization\",\"@id\":\"https:\/\/baubauwall.com\/et\/#organization\",\"name\":\"BAUBAUWALL Wallpapers\",\"url\":\"https:\/\/baubauwall.com\/et\/\",\"logo\":{\"@type\":\"ImageObject\",\"inLanguage\":\"et\",\"@id\":\"https:\/\/baubauwall.com\/et\/#\/schema\/logo\/image\/\",\"url\":\"https:\/\/baubauwall.com\/wp-content\/uploads\/2022\/03\/logo-horizontal.svg\",\"contentUrl\":\"https:\/\/baubauwall.com\/wp-content\/uploads\/2022\/03\/logo-horizontal.svg\",\"width\":\"1024\",\"height\":\"1024\",\"caption\":\"BAUBAUWALL Wallpapers\"},\"image\":{\"@id\":\"https:\/\/baubauwall.com\/et\/#\/schema\/logo\/image\/\"},\"sameAs\":[\"https:\/\/www.facebook.com\/Baubauwall\",\"https:\/\/www.instagram.com\/baubauwall\"]}]}<\/script>\n<!-- \/ Yoast SEO plugin. -->","yoast_head_json":{"title":"Hall, betooni efektiga pilttapeet avalikku ruumi v\u00f5i koju","description":"Hall pilttapeet betooni struktuuriga. Kivise efektiga hall tapeet on ilus ja maitsekas valik elutuppa, kodukontori seinale v\u00f5i mujale.","robots":{"index":"index","follow":"follow","max-snippet":"max-snippet:-1","max-image-preview":"max-image-preview:large","max-video-preview":"max-video-preview:-1"},"canonical":"https:\/\/baubauwall.com\/et\/toode\/exposed-concrete-wallmural\/","og_locale":"et_EE","og_type":"article","og_title":"Hall, betooni efektiga pilttapeet avalikku ruumi v\u00f5i koju","og_description":"Hall pilttapeet betooni struktuuriga. Kivise efektiga hall tapeet on ilus ja maitsekas valik elutuppa, kodukontori seinale v\u00f5i mujale.","og_url":"https:\/\/baubauwall.com\/et\/toode\/exposed-concrete-wallmural\/","og_site_name":"BAUBAUWALL TAPEEDID","article_publisher":"https:\/\/www.facebook.com\/Baubauwall","article_modified_time":"2024-09-17T06:47:30+00:00","og_image":[{"width":800,"height":800,"url":"https:\/\/baubauwall.com\/wp-content\/uploads\/2022\/03\/51200007_ExposedConcrete_Baubauwall_Wallmural_room5.jpg","type":"image\/jpeg"}],"twitter_card":"summary_large_image","twitter_misc":{"Est. reading time":"1 minut"},"schema":{"@context":"https:\/\/schema.org","@graph":[{"@type":"WebPage","@id":"https:\/\/baubauwall.com\/et\/toode\/exposed-concrete-wallmural\/","url":"https:\/\/baubauwall.com\/et\/toode\/exposed-concrete-wallmural\/","name":"Hall, betooni efektiga pilttapeet avalikku ruumi v\u00f5i koju","isPartOf":{"@id":"https:\/\/baubauwall.com\/et\/#website"},"primaryImageOfPage":{"@id":"https:\/\/baubauwall.com\/et\/toode\/exposed-concrete-wallmural\/#primaryimage"},"image":{"@id":"https:\/\/baubauwall.com\/et\/toode\/exposed-concrete-wallmural\/#primaryimage"},"thumbnailUrl":"https:\/\/baubauwall.com\/wp-content\/uploads\/2022\/03\/51200007_ExposedConcrete_Baubauwall_Wallmural_room5.jpg","datePublished":"2022-03-03T07:17:41+00:00","dateModified":"2024-09-17T06:47:30+00:00","description":"Hall pilttapeet betooni struktuuriga. Kivise efektiga hall tapeet on ilus ja maitsekas valik elutuppa, kodukontori seinale v\u00f5i mujale.","breadcrumb":{"@id":"https:\/\/baubauwall.com\/et\/toode\/exposed-concrete-wallmural\/#breadcrumb"},"inLanguage":"et","potentialAction":[{"@type":"ReadAction","target":["https:\/\/baubauwall.com\/et\/toode\/exposed-concrete-wallmural\/"]}]},{"@type":"ImageObject","inLanguage":"et","@id":"https:\/\/baubauwall.com\/et\/toode\/exposed-concrete-wallmural\/#primaryimage","url":"https:\/\/baubauwall.com\/wp-content\/uploads\/2022\/03\/51200007_ExposedConcrete_Baubauwall_Wallmural_room5.jpg","contentUrl":"https:\/\/baubauwall.com\/wp-content\/uploads\/2022\/03\/51200007_ExposedConcrete_Baubauwall_Wallmural_room5.jpg","width":800,"height":800,"caption":"Concrete faux effect wall mural"},{"@type":"BreadcrumbList","@id":"https:\/\/baubauwall.com\/et\/toode\/exposed-concrete-wallmural\/#breadcrumb","itemListElement":[{"@type":"ListItem","position":1,"name":"Koju","item":"https:\/\/baubauwall.com\/et\/"},{"@type":"ListItem","position":2,"name":"Tapeedid","item":"https:\/\/baubauwall.com\/et\/tapeedid\/"},{"@type":"ListItem","position":3,"name":"Paljas betoon &#8211; hall"}]},{"@type":"WebSite","@id":"https:\/\/baubauwall.com\/et\/#website","url":"https:\/\/baubauwall.com\/et\/","name":"BAUBAUWALL Wallpapers","description":"Valmis paanides tapeet Eestist!","publisher":{"@id":"https:\/\/baubauwall.com\/et\/#organization"},"potentialAction":[{"@type":"SearchAction","target":{"@type":"EntryPoint","urlTemplate":"https:\/\/baubauwall.com\/et\/?s={search_term_string}"},"query-input":{"@type":"PropertyValueSpecification","valueRequired":true,"valueName":"search_term_string"}}],"inLanguage":"et"},{"@type":"Organization","@id":"https:\/\/baubauwall.com\/et\/#organization","name":"BAUBAUWALL Wallpapers","url":"https:\/\/baubauwall.com\/et\/","logo":{"@type":"ImageObject","inLanguage":"et","@id":"https:\/\/baubauwall.com\/et\/#\/schema\/logo\/image\/","url":"https:\/\/baubauwall.com\/wp-content\/uploads\/2022\/03\/logo-horizontal.svg","contentUrl":"https:\/\/baubauwall.com\/wp-content\/uploads\/2022\/03\/logo-horizontal.svg","width":"1024","height":"1024","caption":"BAUBAUWALL Wallpapers"},"image":{"@id":"https:\/\/baubauwall.com\/et\/#\/schema\/logo\/image\/"},"sameAs":["https:\/\/www.facebook.com\/Baubauwall","https:\/\/www.instagram.com\/baubauwall"]}]}},"jetpack_sharing_enabled":true,"_links":{"self":[{"href":"https:\/\/baubauwall.com\/et\/wp-json\/wp\/v2\/product\/5400","targetHints":{"allow":["GET"]}}],"collection":[{"href":"https:\/\/baubauwall.com\/et\/wp-json\/wp\/v2\/product"}],"about":[{"href":"https:\/\/baubauwall.com\/et\/wp-json\/wp\/v2\/types\/product"}],"replies":[{"embeddable":true,"href":"https:\/\/baubauwall.com\/et\/wp-json\/wp\/v2\/comments?post=5400"}],"wp:featuredmedia":[{"embeddable":true,"href":"https:\/\/baubauwall.com\/et\/wp-json\/wp\/v2\/media\/5256"}],"wp:attachment":[{"href":"https:\/\/baubauwall.com\/et\/wp-json\/wp\/v2\/media?parent=5400"}],"wp:term":[{"taxonomy":"product_brand","embeddable":true,"href":"https:\/\/baubauwall.com\/et\/wp-json\/wp\/v2\/product_brand?post=5400"},{"taxonomy":"product_cat","embeddable":true,"href":"https:\/\/baubauwall.com\/et\/wp-json\/wp\/v2\/product_cat?post=5400"},{"taxonomy":"product_tag","embeddable":true,"href":"https:\/\/baubauwall.com\/et\/wp-json\/wp\/v2\/product_tag?post=5400"}],"curies":[{"name":"wp","href":"https:\/\/api.w.org\/{rel}","templated":true}]}}