{"id":5402,"date":"2022-03-03T07:16:47","date_gmt":"2022-03-03T05:16:47","guid":{"rendered":"https:\/\/baubauwall.com\/product\/the-undersea-wallmural\/"},"modified":"2024-10-08T16:40:32","modified_gmt":"2024-10-08T14:40:32","slug":"pilttapeet-unenaoline-veemaailm","status":"publish","type":"product","link":"https:\/\/baubauwall.com\/et\/toode\/pilttapeet-unenaoline-veemaailm\/","title":{"rendered":"Pilttapeet Unen\u00e4oline veemaailm"},"content":{"rendered":"<p>Suurejoonelise pilttapeedi disain kujutab veealuse maailma ainulaadset keskkonda s\u00fcgavsinistes v\u00e4rvides. Sellel tapeedil on koos skulptuursed helehallid korallid ning sinises merep\u00f5hjas ujuvad \u00fcleelusuuruses meduusid, kalmaarid ja kalakesed.<br \/>\nVeelust maailma kujutav eriline pilttapeet on inspireeritud troopiliste vete p\u00f5lisloodusest ning p\u00f6\u00f6rab erilist t\u00e4helepanu detailidele ja v\u00e4rvidele. Lase oma m\u00f5tetel r\u00e4nnata kaugetele maadele ja meredele, see on t\u00f5eliselt rahustav ja samas inspireeriv tapeet.<br \/>\nSobib ideaalselt avalikku ruumi, kodukontorisse, luksuslikku vannituppa, unelevasse magamistuppa ja vapustavasse elutuppa.<\/p>\n<p><strong>Nagu k\u00f5ik Baubauwalli kordusmustriga tapeedid ja pilttapeedid, on ka see imeilus disain tr\u00fckitud\u00a0<a href=\"https:\/\/baubauwall.com\/et\/keskkonnasobralikud-tapeedid\/\" target=\"_blank\" rel=\"noopener\">keskkonnas\u00f5bralike v\u00e4rvidega<\/a>, hingavale fliistapeedi materjalile, mis ei l\u00e4igi ja on lihtne paigaldada. Sinu uus tapeet tuleb valmis l\u00f5igatud ning nummerdatud paanides, mis on t\u00e4pselt nii k\u00f5rged, kui Sinu sein.<\/strong><\/p>\n","protected":false},"excerpt":{"rendered":"<p>Suurejoonelise pilttapeedi disain kujutab veealuse maailma ainulaadset keskkonda s\u00fcgavsinistes v\u00e4rvides. Sellel tapeedil on koos skulptuursed helehallid korallid ning sinises merep\u00f5hjas ujuvad \u00fcleelusuuruses meduusid, kalmaarid ja kalakesed. Veelust maailma kujutav eriline pilttapeet on inspireeritud troopiliste vete p\u00f5lisloodusest ning p\u00f6\u00f6rab erilist t\u00e4helepanu detailidele ja v\u00e4rvidele. Lase oma m\u00f5tetel r\u00e4nnata kaugetele maadele ja meredele, see on t\u00f5eliselt rahustav [&hellip;]<\/p>\n","protected":false},"featured_media":43221,"comment_status":"open","ping_status":"closed","template":"","meta":{"_acf_changed":false,"inline_featured_image":false},"product_brand":[],"product_cat":[387,622,447,267,270,413,414,415,416,399,401,402,412,699,252,254,259,561],"product_tag":[695,345],"class_list":{"0":"post-5402","1":"product","2":"type-product","3":"status-publish","4":"has-post-thumbnail","6":"product_cat-pilttapeedid","7":"product_cat-julged-tapeedid","8":"product_cat-maksimalistlik-et","9":"product_cat-sinised-tapeedid","10":"product_cat-tumedad-tapeedid","11":"product_cat-magamistoa-tapeedid","12":"product_cat-soogitoa-tapeedid","13":"product_cat-kulalistetoa-tapeedid","14":"product_cat-esiku-tapeedid","15":"product_cat-kodukontori-tapeedid","16":"product_cat-koogi-tapeedid","17":"product_cat-elutoa-tapeedid","18":"product_cat-vannitoa-tapeedid","19":"product_cat-eesti-disain-tapeedid","20":"product_cat-ookean-meri","21":"product_cat-loodus","22":"product_cat-kalad-veealune-maailm","23":"product_cat-suvised-tapeedid","24":"product_tag-eesti-disain-tapeedid","25":"product_tag-pilttapeet","26":"pa_designedby-baubauwall","28":"first","29":"instock","30":"taxable","31":"shipping-taxable","32":"purchasable","33":"product-type-simple"},"acf":[],"yoast_head":"<!-- This site is optimized with the Yoast SEO plugin v25.9 - https:\/\/yoast.com\/wordpress\/plugins\/seo\/ -->\n<title>Pilttapeet Unen\u00e4oline veemaailm. Efektne tapeet<\/title>\n<meta name=\"description\" content=\"Tapeet Veealune maagiline maailm. Mereline pilttapeet, mis sobib magamistuppa, elutuppa v\u00f5i mujale. Paanid, mis on l\u00f5igatud sinu seina m\u00f5\u00f5tu.\" \/>\n<meta name=\"robots\" content=\"index, follow, max-snippet:-1, max-image-preview:large, max-video-preview:-1\" \/>\n<link rel=\"canonical\" href=\"https:\/\/baubauwall.com\/et\/toode\/pilttapeet-unenaoline-veemaailm\/\" \/>\n<meta property=\"og:locale\" content=\"et_EE\" \/>\n<meta property=\"og:type\" content=\"article\" \/>\n<meta property=\"og:title\" content=\"Pilttapeet Unen\u00e4oline veemaailm. Efektne tapeet\" \/>\n<meta property=\"og:description\" content=\"Tapeet Veealune maagiline maailm. Mereline pilttapeet, mis sobib magamistuppa, elutuppa v\u00f5i mujale. Paanid, mis on l\u00f5igatud sinu seina m\u00f5\u00f5tu.\" \/>\n<meta property=\"og:url\" content=\"https:\/\/baubauwall.com\/et\/toode\/pilttapeet-unenaoline-veemaailm\/\" \/>\n<meta property=\"og:site_name\" content=\"BAUBAUWALL TAPEEDID\" \/>\n<meta property=\"article:publisher\" content=\"https:\/\/www.facebook.com\/Baubauwall\" \/>\n<meta property=\"article:modified_time\" content=\"2024-10-08T14:40:32+00:00\" \/>\n<meta property=\"og:image\" content=\"https:\/\/baubauwall.com\/wp-content\/uploads\/2022\/03\/51200003_DreamyUndersea_Baubauwall_Wallmural_room5.jpg\" \/>\n\t<meta property=\"og:image:width\" content=\"800\" \/>\n\t<meta property=\"og:image:height\" content=\"800\" \/>\n\t<meta property=\"og:image:type\" content=\"image\/jpeg\" \/>\n<meta name=\"twitter:card\" content=\"summary_large_image\" \/>\n<meta name=\"twitter:label1\" content=\"Est. reading time\" \/>\n\t<meta name=\"twitter:data1\" content=\"1 minut\" \/>\n<script type=\"application\/ld+json\" class=\"yoast-schema-graph\">{\"@context\":\"https:\/\/schema.org\",\"@graph\":[{\"@type\":\"WebPage\",\"@id\":\"https:\/\/baubauwall.com\/et\/toode\/pilttapeet-unenaoline-veemaailm\/\",\"url\":\"https:\/\/baubauwall.com\/et\/toode\/pilttapeet-unenaoline-veemaailm\/\",\"name\":\"Pilttapeet Unen\u00e4oline veemaailm. Efektne tapeet\",\"isPartOf\":{\"@id\":\"https:\/\/baubauwall.com\/et\/#website\"},\"primaryImageOfPage\":{\"@id\":\"https:\/\/baubauwall.com\/et\/toode\/pilttapeet-unenaoline-veemaailm\/#primaryimage\"},\"image\":{\"@id\":\"https:\/\/baubauwall.com\/et\/toode\/pilttapeet-unenaoline-veemaailm\/#primaryimage\"},\"thumbnailUrl\":\"https:\/\/baubauwall.com\/wp-content\/uploads\/2022\/03\/51200003_DreamyUndersea_Baubauwall_Wallmural_room10.jpg\",\"datePublished\":\"2022-03-03T05:16:47+00:00\",\"dateModified\":\"2024-10-08T14:40:32+00:00\",\"description\":\"Tapeet Veealune maagiline maailm. Mereline pilttapeet, mis sobib magamistuppa, elutuppa v\u00f5i mujale. Paanid, mis on l\u00f5igatud sinu seina m\u00f5\u00f5tu.\",\"breadcrumb\":{\"@id\":\"https:\/\/baubauwall.com\/et\/toode\/pilttapeet-unenaoline-veemaailm\/#breadcrumb\"},\"inLanguage\":\"et\",\"potentialAction\":[{\"@type\":\"ReadAction\",\"target\":[\"https:\/\/baubauwall.com\/et\/toode\/pilttapeet-unenaoline-veemaailm\/\"]}]},{\"@type\":\"ImageObject\",\"inLanguage\":\"et\",\"@id\":\"https:\/\/baubauwall.com\/et\/toode\/pilttapeet-unenaoline-veemaailm\/#primaryimage\",\"url\":\"https:\/\/baubauwall.com\/wp-content\/uploads\/2022\/03\/51200003_DreamyUndersea_Baubauwall_Wallmural_room10.jpg\",\"contentUrl\":\"https:\/\/baubauwall.com\/wp-content\/uploads\/2022\/03\/51200003_DreamyUndersea_Baubauwall_Wallmural_room10.jpg\",\"width\":2388,\"height\":1600,\"caption\":\"Blue ocean beneath wallpaper installed on a restaurant statement wall. Baubauwall wallpapers\"},{\"@type\":\"BreadcrumbList\",\"@id\":\"https:\/\/baubauwall.com\/et\/toode\/pilttapeet-unenaoline-veemaailm\/#breadcrumb\",\"itemListElement\":[{\"@type\":\"ListItem\",\"position\":1,\"name\":\"Koju\",\"item\":\"https:\/\/baubauwall.com\/et\/\"},{\"@type\":\"ListItem\",\"position\":2,\"name\":\"Tapeedid\",\"item\":\"https:\/\/baubauwall.com\/et\/tapeedid\/\"},{\"@type\":\"ListItem\",\"position\":3,\"name\":\"Pilttapeet Unen\u00e4oline veemaailm\"}]},{\"@type\":\"WebSite\",\"@id\":\"https:\/\/baubauwall.com\/et\/#website\",\"url\":\"https:\/\/baubauwall.com\/et\/\",\"name\":\"BAUBAUWALL Wallpapers\",\"description\":\"Valmis paanides tapeet Eestist!\",\"publisher\":{\"@id\":\"https:\/\/baubauwall.com\/et\/#organization\"},\"potentialAction\":[{\"@type\":\"SearchAction\",\"target\":{\"@type\":\"EntryPoint\",\"urlTemplate\":\"https:\/\/baubauwall.com\/et\/?s={search_term_string}\"},\"query-input\":{\"@type\":\"PropertyValueSpecification\",\"valueRequired\":true,\"valueName\":\"search_term_string\"}}],\"inLanguage\":\"et\"},{\"@type\":\"Organization\",\"@id\":\"https:\/\/baubauwall.com\/et\/#organization\",\"name\":\"BAUBAUWALL Wallpapers\",\"url\":\"https:\/\/baubauwall.com\/et\/\",\"logo\":{\"@type\":\"ImageObject\",\"inLanguage\":\"et\",\"@id\":\"https:\/\/baubauwall.com\/et\/#\/schema\/logo\/image\/\",\"url\":\"https:\/\/baubauwall.com\/wp-content\/uploads\/2022\/03\/logo-horizontal.svg\",\"contentUrl\":\"https:\/\/baubauwall.com\/wp-content\/uploads\/2022\/03\/logo-horizontal.svg\",\"width\":\"1024\",\"height\":\"1024\",\"caption\":\"BAUBAUWALL Wallpapers\"},\"image\":{\"@id\":\"https:\/\/baubauwall.com\/et\/#\/schema\/logo\/image\/\"},\"sameAs\":[\"https:\/\/www.facebook.com\/Baubauwall\",\"https:\/\/www.instagram.com\/baubauwall\"]}]}<\/script>\n<!-- \/ Yoast SEO plugin. -->","yoast_head_json":{"title":"Pilttapeet Unen\u00e4oline veemaailm. Efektne tapeet","description":"Tapeet Veealune maagiline maailm. Mereline pilttapeet, mis sobib magamistuppa, elutuppa v\u00f5i mujale. Paanid, mis on l\u00f5igatud sinu seina m\u00f5\u00f5tu.","robots":{"index":"index","follow":"follow","max-snippet":"max-snippet:-1","max-image-preview":"max-image-preview:large","max-video-preview":"max-video-preview:-1"},"canonical":"https:\/\/baubauwall.com\/et\/toode\/pilttapeet-unenaoline-veemaailm\/","og_locale":"et_EE","og_type":"article","og_title":"Pilttapeet Unen\u00e4oline veemaailm. Efektne tapeet","og_description":"Tapeet Veealune maagiline maailm. Mereline pilttapeet, mis sobib magamistuppa, elutuppa v\u00f5i mujale. Paanid, mis on l\u00f5igatud sinu seina m\u00f5\u00f5tu.","og_url":"https:\/\/baubauwall.com\/et\/toode\/pilttapeet-unenaoline-veemaailm\/","og_site_name":"BAUBAUWALL TAPEEDID","article_publisher":"https:\/\/www.facebook.com\/Baubauwall","article_modified_time":"2024-10-08T14:40:32+00:00","og_image":[{"width":800,"height":800,"url":"https:\/\/baubauwall.com\/wp-content\/uploads\/2022\/03\/51200003_DreamyUndersea_Baubauwall_Wallmural_room5.jpg","type":"image\/jpeg"}],"twitter_card":"summary_large_image","twitter_misc":{"Est. reading time":"1 minut"},"schema":{"@context":"https:\/\/schema.org","@graph":[{"@type":"WebPage","@id":"https:\/\/baubauwall.com\/et\/toode\/pilttapeet-unenaoline-veemaailm\/","url":"https:\/\/baubauwall.com\/et\/toode\/pilttapeet-unenaoline-veemaailm\/","name":"Pilttapeet Unen\u00e4oline veemaailm. Efektne tapeet","isPartOf":{"@id":"https:\/\/baubauwall.com\/et\/#website"},"primaryImageOfPage":{"@id":"https:\/\/baubauwall.com\/et\/toode\/pilttapeet-unenaoline-veemaailm\/#primaryimage"},"image":{"@id":"https:\/\/baubauwall.com\/et\/toode\/pilttapeet-unenaoline-veemaailm\/#primaryimage"},"thumbnailUrl":"https:\/\/baubauwall.com\/wp-content\/uploads\/2022\/03\/51200003_DreamyUndersea_Baubauwall_Wallmural_room10.jpg","datePublished":"2022-03-03T05:16:47+00:00","dateModified":"2024-10-08T14:40:32+00:00","description":"Tapeet Veealune maagiline maailm. Mereline pilttapeet, mis sobib magamistuppa, elutuppa v\u00f5i mujale. Paanid, mis on l\u00f5igatud sinu seina m\u00f5\u00f5tu.","breadcrumb":{"@id":"https:\/\/baubauwall.com\/et\/toode\/pilttapeet-unenaoline-veemaailm\/#breadcrumb"},"inLanguage":"et","potentialAction":[{"@type":"ReadAction","target":["https:\/\/baubauwall.com\/et\/toode\/pilttapeet-unenaoline-veemaailm\/"]}]},{"@type":"ImageObject","inLanguage":"et","@id":"https:\/\/baubauwall.com\/et\/toode\/pilttapeet-unenaoline-veemaailm\/#primaryimage","url":"https:\/\/baubauwall.com\/wp-content\/uploads\/2022\/03\/51200003_DreamyUndersea_Baubauwall_Wallmural_room10.jpg","contentUrl":"https:\/\/baubauwall.com\/wp-content\/uploads\/2022\/03\/51200003_DreamyUndersea_Baubauwall_Wallmural_room10.jpg","width":2388,"height":1600,"caption":"Blue ocean beneath wallpaper installed on a restaurant statement wall. Baubauwall wallpapers"},{"@type":"BreadcrumbList","@id":"https:\/\/baubauwall.com\/et\/toode\/pilttapeet-unenaoline-veemaailm\/#breadcrumb","itemListElement":[{"@type":"ListItem","position":1,"name":"Koju","item":"https:\/\/baubauwall.com\/et\/"},{"@type":"ListItem","position":2,"name":"Tapeedid","item":"https:\/\/baubauwall.com\/et\/tapeedid\/"},{"@type":"ListItem","position":3,"name":"Pilttapeet Unen\u00e4oline veemaailm"}]},{"@type":"WebSite","@id":"https:\/\/baubauwall.com\/et\/#website","url":"https:\/\/baubauwall.com\/et\/","name":"BAUBAUWALL Wallpapers","description":"Valmis paanides tapeet Eestist!","publisher":{"@id":"https:\/\/baubauwall.com\/et\/#organization"},"potentialAction":[{"@type":"SearchAction","target":{"@type":"EntryPoint","urlTemplate":"https:\/\/baubauwall.com\/et\/?s={search_term_string}"},"query-input":{"@type":"PropertyValueSpecification","valueRequired":true,"valueName":"search_term_string"}}],"inLanguage":"et"},{"@type":"Organization","@id":"https:\/\/baubauwall.com\/et\/#organization","name":"BAUBAUWALL Wallpapers","url":"https:\/\/baubauwall.com\/et\/","logo":{"@type":"ImageObject","inLanguage":"et","@id":"https:\/\/baubauwall.com\/et\/#\/schema\/logo\/image\/","url":"https:\/\/baubauwall.com\/wp-content\/uploads\/2022\/03\/logo-horizontal.svg","contentUrl":"https:\/\/baubauwall.com\/wp-content\/uploads\/2022\/03\/logo-horizontal.svg","width":"1024","height":"1024","caption":"BAUBAUWALL Wallpapers"},"image":{"@id":"https:\/\/baubauwall.com\/et\/#\/schema\/logo\/image\/"},"sameAs":["https:\/\/www.facebook.com\/Baubauwall","https:\/\/www.instagram.com\/baubauwall"]}]}},"jetpack_sharing_enabled":true,"_links":{"self":[{"href":"https:\/\/baubauwall.com\/et\/wp-json\/wp\/v2\/product\/5402","targetHints":{"allow":["GET"]}}],"collection":[{"href":"https:\/\/baubauwall.com\/et\/wp-json\/wp\/v2\/product"}],"about":[{"href":"https:\/\/baubauwall.com\/et\/wp-json\/wp\/v2\/types\/product"}],"replies":[{"embeddable":true,"href":"https:\/\/baubauwall.com\/et\/wp-json\/wp\/v2\/comments?post=5402"}],"wp:featuredmedia":[{"embeddable":true,"href":"https:\/\/baubauwall.com\/et\/wp-json\/wp\/v2\/media\/43221"}],"wp:attachment":[{"href":"https:\/\/baubauwall.com\/et\/wp-json\/wp\/v2\/media?parent=5402"}],"wp:term":[{"taxonomy":"product_brand","embeddable":true,"href":"https:\/\/baubauwall.com\/et\/wp-json\/wp\/v2\/product_brand?post=5402"},{"taxonomy":"product_cat","embeddable":true,"href":"https:\/\/baubauwall.com\/et\/wp-json\/wp\/v2\/product_cat?post=5402"},{"taxonomy":"product_tag","embeddable":true,"href":"https:\/\/baubauwall.com\/et\/wp-json\/wp\/v2\/product_tag?post=5402"}],"curies":[{"name":"wp","href":"https:\/\/api.w.org\/{rel}","templated":true}]}}