{"id":5403,"date":"2022-03-03T07:17:53","date_gmt":"2022-03-03T07:17:53","guid":{"rendered":"https:\/\/baubauwall.com\/product\/liquid-marble-wallmural\/"},"modified":"2025-11-28T21:20:30","modified_gmt":"2025-11-28T19:20:30","slug":"liquid-marble-wallmural","status":"publish","type":"product","link":"https:\/\/baubauwall.com\/et\/toode\/liquid-marble-wallmural\/","title":{"rendered":"Vedel marmor"},"content":{"rendered":"<p>Marmor efektiga tapeet, millel voolab marmor! Ava uksed\u00a0 elegantsele lillaka varjundiga marmorist inspireeritud seinalahendusele! Marmori efektiga pilttapeedi disainis on \u00fchendatud kaunis halli-violetse-roosa marmori abstraktsete toonide virvendus, mis loob interj\u00f6\u00f6ris v\u00e4ljapeetud \u00fcldmulje. Mis tahes kujul eksponeeritud marmor on Sinu kodu sisekujunduse jaoks ajatu valik, olenemata sellest, kas tahad luua kaasaegset interj\u00f6\u00f6ri elegantse ajatu m\u00f6\u00f6bliga v\u00f5i vastupidi.<\/p>\n<p><strong>Miks osta tapeet siit? Tapeetimine pole kunagi nii lihtne olnud!<\/strong><\/p>\n<ul>\n<li>Nummerdatud tapeedipaanid<\/li>\n<li>Just nii pikad tapeedipaanid, kui on Sinu sein<\/li>\n<li>Premium, matt fliistapeedi materjal<\/li>\n<li>M\u00fcrgivabad tr\u00fckiv\u00e4rvid, Greenguard sertifitseeritud<\/li>\n<li>Keskkonnas\u00f5bralik, j\u00e4\u00e4tmevaba tapeetimine<\/li>\n<li>Tasuta tapeediliim<\/li>\n<li>Tasuta transport ja kiire tarne 5 t\u00f6\u00f6p\u00e4evaga<\/li>\n<\/ul>\n<p>Loe l\u00e4hemalt nutikatest, eritellimust\u00f6\u00f6na valmivatest tapeetidest\u00a0<a href=\"https:\/\/baubauwall.com\/et\/keskkonnasobralikud-tapeedid\/\">siit.<\/a><\/p>\n","protected":false},"excerpt":{"rendered":"<p>Marmor efektiga tapeet, millel voolab marmor! Ava uksed\u00a0 elegantsele lillaka varjundiga marmorist inspireeritud seinalahendusele! Marmori efektiga pilttapeedi disainis on \u00fchendatud kaunis halli-violetse-roosa marmori abstraktsete toonide virvendus, mis loob interj\u00f6\u00f6ris v\u00e4ljapeetud \u00fcldmulje. Mis tahes kujul eksponeeritud marmor on Sinu kodu sisekujunduse jaoks ajatu valik, olenemata sellest, kas tahad luua kaasaegset interj\u00f6\u00f6ri elegantse ajatu m\u00f6\u00f6bliga v\u00f5i vastupidi. [&hellip;]<\/p>\n","protected":false},"featured_media":4755,"comment_status":"open","ping_status":"closed","template":"","meta":{"_acf_changed":false,"inline_featured_image":false},"product_brand":[],"product_cat":[387,278,417,752,413,414,415,416,402,230,715],"product_tag":[314,341,345],"class_list":{"0":"post-5403","1":"product","2":"type-product","3":"status-publish","4":"has-post-thumbnail","6":"product_cat-pilttapeedid","7":"product_cat-roosad-tapeedid","8":"product_cat-purpur-tapeedid","9":"product_cat-avalik-ruum","10":"product_cat-magamistoa-tapeedid","11":"product_cat-soogitoa-tapeedid","12":"product_cat-kulalistetoa-tapeedid","13":"product_cat-esiku-tapeedid","14":"product_cat-elutoa-tapeedid","15":"product_cat-marmor","16":"product_cat-soodsad-tapeedid-leiunurk","17":"product_tag-faux-surface-et","18":"product_tag-marmor","19":"product_tag-pilttapeet","21":"first","22":"instock","23":"sale","24":"taxable","25":"shipping-taxable","26":"purchasable","27":"product-type-simple"},"acf":[],"yoast_head":"<!-- This site is optimized with the Yoast SEO plugin v25.9 - https:\/\/yoast.com\/wordpress\/plugins\/seo\/ -->\n<title>Roosa marmor efektiga tapeet<\/title>\n<meta name=\"description\" content=\"Roosa marmori efektiga tapeet loomaks \u00e4ge efektsein! Marmortapeet on ajatu valik magamistuppa v\u00f5i elutoa seinale. Vaata k\u00f5iki marmor efektiga tapeete meil!\" \/>\n<meta name=\"robots\" content=\"index, follow, max-snippet:-1, max-image-preview:large, max-video-preview:-1\" \/>\n<link rel=\"canonical\" href=\"https:\/\/baubauwall.com\/et\/toode\/liquid-marble-wallmural\/\" \/>\n<meta property=\"og:locale\" content=\"et_EE\" \/>\n<meta property=\"og:type\" content=\"article\" \/>\n<meta property=\"og:title\" content=\"Roosa marmor efektiga tapeet\" \/>\n<meta property=\"og:description\" content=\"Roosa marmori efektiga tapeet loomaks \u00e4ge efektsein! Marmortapeet on ajatu valik magamistuppa v\u00f5i elutoa seinale. Vaata k\u00f5iki marmor efektiga tapeete meil!\" \/>\n<meta property=\"og:url\" content=\"https:\/\/baubauwall.com\/et\/toode\/liquid-marble-wallmural\/\" \/>\n<meta property=\"og:site_name\" content=\"BAUBAUWALL TAPEEDID\" \/>\n<meta property=\"article:publisher\" content=\"https:\/\/www.facebook.com\/Baubauwall\" \/>\n<meta property=\"article:modified_time\" content=\"2025-11-28T19:20:30+00:00\" \/>\n<meta property=\"og:image\" content=\"https:\/\/baubauwall.com\/wp-content\/uploads\/2022\/03\/51200014_LiquidMarble_Baubauwall_Wallmural_room2.jpg\" \/>\n\t<meta property=\"og:image:width\" content=\"1067\" \/>\n\t<meta property=\"og:image:height\" content=\"800\" \/>\n\t<meta property=\"og:image:type\" content=\"image\/jpeg\" \/>\n<meta name=\"twitter:card\" content=\"summary_large_image\" \/>\n<meta name=\"twitter:label1\" content=\"Est. reading time\" \/>\n\t<meta name=\"twitter:data1\" content=\"1 minut\" \/>\n<script type=\"application\/ld+json\" class=\"yoast-schema-graph\">{\"@context\":\"https:\/\/schema.org\",\"@graph\":[{\"@type\":\"WebPage\",\"@id\":\"https:\/\/baubauwall.com\/et\/toode\/liquid-marble-wallmural\/\",\"url\":\"https:\/\/baubauwall.com\/et\/toode\/liquid-marble-wallmural\/\",\"name\":\"Roosa marmor efektiga tapeet\",\"isPartOf\":{\"@id\":\"https:\/\/baubauwall.com\/et\/#website\"},\"primaryImageOfPage\":{\"@id\":\"https:\/\/baubauwall.com\/et\/toode\/liquid-marble-wallmural\/#primaryimage\"},\"image\":{\"@id\":\"https:\/\/baubauwall.com\/et\/toode\/liquid-marble-wallmural\/#primaryimage\"},\"thumbnailUrl\":\"https:\/\/baubauwall.com\/wp-content\/uploads\/2022\/03\/51200014_LiquidMarble_Baubauwall_Wallmural_room2.jpg\",\"datePublished\":\"2022-03-03T07:17:53+00:00\",\"dateModified\":\"2025-11-28T19:20:30+00:00\",\"description\":\"Roosa marmori efektiga tapeet loomaks \u00e4ge efektsein! Marmortapeet on ajatu valik magamistuppa v\u00f5i elutoa seinale. Vaata k\u00f5iki marmor efektiga tapeete meil!\",\"breadcrumb\":{\"@id\":\"https:\/\/baubauwall.com\/et\/toode\/liquid-marble-wallmural\/#breadcrumb\"},\"inLanguage\":\"et\",\"potentialAction\":[{\"@type\":\"ReadAction\",\"target\":[\"https:\/\/baubauwall.com\/et\/toode\/liquid-marble-wallmural\/\"]}]},{\"@type\":\"ImageObject\",\"inLanguage\":\"et\",\"@id\":\"https:\/\/baubauwall.com\/et\/toode\/liquid-marble-wallmural\/#primaryimage\",\"url\":\"https:\/\/baubauwall.com\/wp-content\/uploads\/2022\/03\/51200014_LiquidMarble_Baubauwall_Wallmural_room2.jpg\",\"contentUrl\":\"https:\/\/baubauwall.com\/wp-content\/uploads\/2022\/03\/51200014_LiquidMarble_Baubauwall_Wallmural_room2.jpg\",\"width\":1067,\"height\":800},{\"@type\":\"BreadcrumbList\",\"@id\":\"https:\/\/baubauwall.com\/et\/toode\/liquid-marble-wallmural\/#breadcrumb\",\"itemListElement\":[{\"@type\":\"ListItem\",\"position\":1,\"name\":\"Koju\",\"item\":\"https:\/\/baubauwall.com\/et\/\"},{\"@type\":\"ListItem\",\"position\":2,\"name\":\"Tapeedid\",\"item\":\"https:\/\/baubauwall.com\/et\/tapeedid\/\"},{\"@type\":\"ListItem\",\"position\":3,\"name\":\"Vedel marmor\"}]},{\"@type\":\"WebSite\",\"@id\":\"https:\/\/baubauwall.com\/et\/#website\",\"url\":\"https:\/\/baubauwall.com\/et\/\",\"name\":\"BAUBAUWALL Wallpapers\",\"description\":\"Valmis paanides tapeet Eestist!\",\"publisher\":{\"@id\":\"https:\/\/baubauwall.com\/et\/#organization\"},\"potentialAction\":[{\"@type\":\"SearchAction\",\"target\":{\"@type\":\"EntryPoint\",\"urlTemplate\":\"https:\/\/baubauwall.com\/et\/?s={search_term_string}\"},\"query-input\":{\"@type\":\"PropertyValueSpecification\",\"valueRequired\":true,\"valueName\":\"search_term_string\"}}],\"inLanguage\":\"et\"},{\"@type\":\"Organization\",\"@id\":\"https:\/\/baubauwall.com\/et\/#organization\",\"name\":\"BAUBAUWALL Wallpapers\",\"url\":\"https:\/\/baubauwall.com\/et\/\",\"logo\":{\"@type\":\"ImageObject\",\"inLanguage\":\"et\",\"@id\":\"https:\/\/baubauwall.com\/et\/#\/schema\/logo\/image\/\",\"url\":\"https:\/\/baubauwall.com\/wp-content\/uploads\/2022\/03\/logo-horizontal.svg\",\"contentUrl\":\"https:\/\/baubauwall.com\/wp-content\/uploads\/2022\/03\/logo-horizontal.svg\",\"width\":\"1024\",\"height\":\"1024\",\"caption\":\"BAUBAUWALL Wallpapers\"},\"image\":{\"@id\":\"https:\/\/baubauwall.com\/et\/#\/schema\/logo\/image\/\"},\"sameAs\":[\"https:\/\/www.facebook.com\/Baubauwall\",\"https:\/\/www.instagram.com\/baubauwall\"]}]}<\/script>\n<!-- \/ Yoast SEO plugin. -->","yoast_head_json":{"title":"Roosa marmor efektiga tapeet","description":"Roosa marmori efektiga tapeet loomaks \u00e4ge efektsein! Marmortapeet on ajatu valik magamistuppa v\u00f5i elutoa seinale. Vaata k\u00f5iki marmor efektiga tapeete meil!","robots":{"index":"index","follow":"follow","max-snippet":"max-snippet:-1","max-image-preview":"max-image-preview:large","max-video-preview":"max-video-preview:-1"},"canonical":"https:\/\/baubauwall.com\/et\/toode\/liquid-marble-wallmural\/","og_locale":"et_EE","og_type":"article","og_title":"Roosa marmor efektiga tapeet","og_description":"Roosa marmori efektiga tapeet loomaks \u00e4ge efektsein! Marmortapeet on ajatu valik magamistuppa v\u00f5i elutoa seinale. Vaata k\u00f5iki marmor efektiga tapeete meil!","og_url":"https:\/\/baubauwall.com\/et\/toode\/liquid-marble-wallmural\/","og_site_name":"BAUBAUWALL TAPEEDID","article_publisher":"https:\/\/www.facebook.com\/Baubauwall","article_modified_time":"2025-11-28T19:20:30+00:00","og_image":[{"width":1067,"height":800,"url":"https:\/\/baubauwall.com\/wp-content\/uploads\/2022\/03\/51200014_LiquidMarble_Baubauwall_Wallmural_room2.jpg","type":"image\/jpeg"}],"twitter_card":"summary_large_image","twitter_misc":{"Est. reading time":"1 minut"},"schema":{"@context":"https:\/\/schema.org","@graph":[{"@type":"WebPage","@id":"https:\/\/baubauwall.com\/et\/toode\/liquid-marble-wallmural\/","url":"https:\/\/baubauwall.com\/et\/toode\/liquid-marble-wallmural\/","name":"Roosa marmor efektiga tapeet","isPartOf":{"@id":"https:\/\/baubauwall.com\/et\/#website"},"primaryImageOfPage":{"@id":"https:\/\/baubauwall.com\/et\/toode\/liquid-marble-wallmural\/#primaryimage"},"image":{"@id":"https:\/\/baubauwall.com\/et\/toode\/liquid-marble-wallmural\/#primaryimage"},"thumbnailUrl":"https:\/\/baubauwall.com\/wp-content\/uploads\/2022\/03\/51200014_LiquidMarble_Baubauwall_Wallmural_room2.jpg","datePublished":"2022-03-03T07:17:53+00:00","dateModified":"2025-11-28T19:20:30+00:00","description":"Roosa marmori efektiga tapeet loomaks \u00e4ge efektsein! Marmortapeet on ajatu valik magamistuppa v\u00f5i elutoa seinale. Vaata k\u00f5iki marmor efektiga tapeete meil!","breadcrumb":{"@id":"https:\/\/baubauwall.com\/et\/toode\/liquid-marble-wallmural\/#breadcrumb"},"inLanguage":"et","potentialAction":[{"@type":"ReadAction","target":["https:\/\/baubauwall.com\/et\/toode\/liquid-marble-wallmural\/"]}]},{"@type":"ImageObject","inLanguage":"et","@id":"https:\/\/baubauwall.com\/et\/toode\/liquid-marble-wallmural\/#primaryimage","url":"https:\/\/baubauwall.com\/wp-content\/uploads\/2022\/03\/51200014_LiquidMarble_Baubauwall_Wallmural_room2.jpg","contentUrl":"https:\/\/baubauwall.com\/wp-content\/uploads\/2022\/03\/51200014_LiquidMarble_Baubauwall_Wallmural_room2.jpg","width":1067,"height":800},{"@type":"BreadcrumbList","@id":"https:\/\/baubauwall.com\/et\/toode\/liquid-marble-wallmural\/#breadcrumb","itemListElement":[{"@type":"ListItem","position":1,"name":"Koju","item":"https:\/\/baubauwall.com\/et\/"},{"@type":"ListItem","position":2,"name":"Tapeedid","item":"https:\/\/baubauwall.com\/et\/tapeedid\/"},{"@type":"ListItem","position":3,"name":"Vedel marmor"}]},{"@type":"WebSite","@id":"https:\/\/baubauwall.com\/et\/#website","url":"https:\/\/baubauwall.com\/et\/","name":"BAUBAUWALL Wallpapers","description":"Valmis paanides tapeet Eestist!","publisher":{"@id":"https:\/\/baubauwall.com\/et\/#organization"},"potentialAction":[{"@type":"SearchAction","target":{"@type":"EntryPoint","urlTemplate":"https:\/\/baubauwall.com\/et\/?s={search_term_string}"},"query-input":{"@type":"PropertyValueSpecification","valueRequired":true,"valueName":"search_term_string"}}],"inLanguage":"et"},{"@type":"Organization","@id":"https:\/\/baubauwall.com\/et\/#organization","name":"BAUBAUWALL Wallpapers","url":"https:\/\/baubauwall.com\/et\/","logo":{"@type":"ImageObject","inLanguage":"et","@id":"https:\/\/baubauwall.com\/et\/#\/schema\/logo\/image\/","url":"https:\/\/baubauwall.com\/wp-content\/uploads\/2022\/03\/logo-horizontal.svg","contentUrl":"https:\/\/baubauwall.com\/wp-content\/uploads\/2022\/03\/logo-horizontal.svg","width":"1024","height":"1024","caption":"BAUBAUWALL Wallpapers"},"image":{"@id":"https:\/\/baubauwall.com\/et\/#\/schema\/logo\/image\/"},"sameAs":["https:\/\/www.facebook.com\/Baubauwall","https:\/\/www.instagram.com\/baubauwall"]}]}},"jetpack_sharing_enabled":true,"_links":{"self":[{"href":"https:\/\/baubauwall.com\/et\/wp-json\/wp\/v2\/product\/5403","targetHints":{"allow":["GET"]}}],"collection":[{"href":"https:\/\/baubauwall.com\/et\/wp-json\/wp\/v2\/product"}],"about":[{"href":"https:\/\/baubauwall.com\/et\/wp-json\/wp\/v2\/types\/product"}],"replies":[{"embeddable":true,"href":"https:\/\/baubauwall.com\/et\/wp-json\/wp\/v2\/comments?post=5403"}],"wp:featuredmedia":[{"embeddable":true,"href":"https:\/\/baubauwall.com\/et\/wp-json\/wp\/v2\/media\/4755"}],"wp:attachment":[{"href":"https:\/\/baubauwall.com\/et\/wp-json\/wp\/v2\/media?parent=5403"}],"wp:term":[{"taxonomy":"product_brand","embeddable":true,"href":"https:\/\/baubauwall.com\/et\/wp-json\/wp\/v2\/product_brand?post=5403"},{"taxonomy":"product_cat","embeddable":true,"href":"https:\/\/baubauwall.com\/et\/wp-json\/wp\/v2\/product_cat?post=5403"},{"taxonomy":"product_tag","embeddable":true,"href":"https:\/\/baubauwall.com\/et\/wp-json\/wp\/v2\/product_tag?post=5403"}],"curies":[{"name":"wp","href":"https:\/\/api.w.org\/{rel}","templated":true}]}}