{"id":5404,"date":"2022-03-03T07:17:55","date_gmt":"2022-03-03T05:17:55","guid":{"rendered":"https:\/\/baubauwall.com\/product\/tropical-fantasy-oasis-wallmural\/"},"modified":"2023-12-28T12:58:30","modified_gmt":"2023-12-28T10:58:30","slug":"tropical-fantasy-oasis-wallmural","status":"publish","type":"product","link":"https:\/\/baubauwall.com\/et\/toode\/tropical-fantasy-oasis-wallmural\/","title":{"rendered":"Troopiline oaas"},"content":{"rendered":"<p>Kas see on silmatorkav aed v\u00f5i uhke kodu papagoidele? Otsustasime sellele vaimustavale pilttapeedile anda nimeks hoopis &#8220;Troopiline oaas&#8221;.\u00a0 Maalilised, ekstravagantsed papagoid istuvad rahulikult oma eksootilise aia puulatvades ja hoiavad kogu ilul silma peal! Erksate v\u00e4rvitoonide, d\u017eungli ja troopika austaja \u2013 see silmatorkav kaasaegses v\u00f5tmes tapeet valmistab sulle kindlasti r\u00f5\u00f5mu!<\/p>\n<p>Troopilise oaasi disain sobib suurep\u00e4raselt kodukontorisse, luksuslikku vannituppa, unelevasse magamistuppa ja vapustavasse elutuppa.<\/p>\n<p><strong>Miks osta tapeet siit? Tapeetimine pole kunagi nii lihtne olnud!<\/strong><\/p>\n<ul>\n<li style=\"list-style-type: none;\">\n<ul>\n<li>Nummerdatud tapeedipaanid<\/li>\n<li>Eesti disain<\/li>\n<li>Just nii pikad tapeedipaanid, kui on Sinu sein<\/li>\n<li>Premium, matt fliistapeedi materjal<\/li>\n<li>M\u00fcrgivabad tr\u00fckiv\u00e4rvid, Greenguard sertifitseeritud<\/li>\n<li><a href=\"https:\/\/baubauwall.com\/et\/keskkonnasobralikud-tapeedid\/\" target=\"_blank\" rel=\"noopener\">Keskkonnas\u00f5bralik<\/a>, j\u00e4\u00e4tmevaba tapeetimine<\/li>\n<li>Tasuta tapeediliim<\/li>\n<li>Tasuta transport ja kiire tarne 5 t\u00f6\u00f6p\u00e4evaga<\/li>\n<\/ul>\n<\/li>\n<\/ul>\n<p>Loe l\u00e4hemalt nutikatest, eritellimust\u00f6\u00f6na valmivatest tapeetidest\u00a0<a href=\"https:\/\/baubauwall.com\/et\/keskkonnasobralikud-tapeedid\/\">siit.<\/a><\/p>\n","protected":false},"excerpt":{"rendered":"<p>Kas see on silmatorkav aed v\u00f5i uhke kodu papagoidele? Otsustasime sellele vaimustavale pilttapeedile anda nimeks hoopis &#8220;Troopiline oaas&#8221;.\u00a0 Maalilised, ekstravagantsed papagoid istuvad rahulikult oma eksootilise aia puulatvades ja hoiavad kogu ilul silma peal! Erksate v\u00e4rvitoonide, d\u017eungli ja troopika austaja \u2013 see silmatorkav kaasaegses v\u00f5tmes tapeet valmistab sulle kindlasti r\u00f5\u00f5mu! Troopilise oaasi disain sobib suurep\u00e4raselt kodukontorisse, [&hellip;]<\/p>\n","protected":false},"featured_media":8168,"comment_status":"open","ping_status":"closed","template":"","meta":{"_acf_changed":false,"inline_featured_image":false},"product_brand":[],"product_cat":[387,622,395,447,394,268,278,417,418,413,414,402,699,250,254,257,561],"product_tag":[286,563,345],"class_list":{"0":"post-5404","1":"product","2":"type-product","3":"status-publish","4":"has-post-thumbnail","6":"product_cat-pilttapeedid","7":"product_cat-julged-tapeedid","8":"product_cat-romantiline","9":"product_cat-maksimalistlik-et","10":"product_cat-rikkalik","11":"product_cat-kirkad-tapeedid","12":"product_cat-roosad-tapeedid","13":"product_cat-purpur-tapeedid","14":"product_cat-punased-tapeedid","15":"product_cat-magamistoa-tapeedid","16":"product_cat-soogitoa-tapeedid","17":"product_cat-elutoa-tapeedid","18":"product_cat-eesti-disain-tapeedid","19":"product_cat-dzungel-troopika","20":"product_cat-loodus","21":"product_cat-linnud","22":"product_cat-suvised-tapeedid","23":"product_tag-amazonia-et","24":"product_tag-biofiilia-stiil","25":"product_tag-pilttapeet","26":"pa_designedby-baubauwall","28":"first","29":"instock","30":"taxable","31":"shipping-taxable","32":"purchasable","33":"product-type-simple"},"acf":[],"yoast_head":"<!-- This site is optimized with the Yoast SEO plugin v25.9 - https:\/\/yoast.com\/wordpress\/plugins\/seo\/ -->\n<title>Roosa, julge pilttapeet troopilises stiilis. Sinu seina m\u00f5\u00f5tu tapeedid<\/title>\n<meta name=\"description\" content=\"Tapeet maksimalistile! Too troopika ja ekstravagants koju. Pilttapeet, mille papagoid ja troopiline loodus ei j\u00e4ta k\u00fclmaks kedagi.\" \/>\n<meta name=\"robots\" content=\"index, follow, max-snippet:-1, max-image-preview:large, max-video-preview:-1\" \/>\n<link rel=\"canonical\" href=\"https:\/\/baubauwall.com\/et\/toode\/tropical-fantasy-oasis-wallmural\/\" \/>\n<meta property=\"og:locale\" content=\"et_EE\" \/>\n<meta property=\"og:type\" content=\"article\" \/>\n<meta property=\"og:title\" content=\"Roosa, julge pilttapeet troopilises stiilis. Sinu seina m\u00f5\u00f5tu tapeedid\" \/>\n<meta property=\"og:description\" content=\"Tapeet maksimalistile! Too troopika ja ekstravagants koju. Pilttapeet, mille papagoid ja troopiline loodus ei j\u00e4ta k\u00fclmaks kedagi.\" \/>\n<meta property=\"og:url\" content=\"https:\/\/baubauwall.com\/et\/toode\/tropical-fantasy-oasis-wallmural\/\" \/>\n<meta property=\"og:site_name\" content=\"BAUBAUWALL TAPEEDID\" \/>\n<meta property=\"article:publisher\" content=\"https:\/\/www.facebook.com\/Baubauwall\" \/>\n<meta property=\"article:modified_time\" content=\"2023-12-28T10:58:30+00:00\" \/>\n<meta property=\"og:image\" content=\"https:\/\/i0.wp.com\/baubauwall.com\/wp-content\/uploads\/2022\/03\/51200021_TropicalFantasyOasis_Baubauwall_Wallmural_room2.jpg?fit=846%2C800&ssl=1\" \/>\n\t<meta property=\"og:image:width\" content=\"846\" \/>\n\t<meta property=\"og:image:height\" content=\"800\" \/>\n\t<meta property=\"og:image:type\" content=\"image\/jpeg\" \/>\n<meta name=\"twitter:card\" content=\"summary_large_image\" \/>\n<meta name=\"twitter:label1\" content=\"Est. reading time\" \/>\n\t<meta name=\"twitter:data1\" content=\"1 minut\" \/>\n<script type=\"application\/ld+json\" class=\"yoast-schema-graph\">{\"@context\":\"https:\/\/schema.org\",\"@graph\":[{\"@type\":\"WebPage\",\"@id\":\"https:\/\/baubauwall.com\/et\/toode\/tropical-fantasy-oasis-wallmural\/\",\"url\":\"https:\/\/baubauwall.com\/et\/toode\/tropical-fantasy-oasis-wallmural\/\",\"name\":\"Roosa, julge pilttapeet troopilises stiilis. Sinu seina m\u00f5\u00f5tu tapeedid\",\"isPartOf\":{\"@id\":\"https:\/\/baubauwall.com\/et\/#website\"},\"primaryImageOfPage\":{\"@id\":\"https:\/\/baubauwall.com\/et\/toode\/tropical-fantasy-oasis-wallmural\/#primaryimage\"},\"image\":{\"@id\":\"https:\/\/baubauwall.com\/et\/toode\/tropical-fantasy-oasis-wallmural\/#primaryimage\"},\"thumbnailUrl\":\"https:\/\/baubauwall.com\/wp-content\/uploads\/2022\/03\/51200021_TropicalFantasyOasis_Baubauwall_Wallmural_room2.jpg\",\"datePublished\":\"2022-03-03T05:17:55+00:00\",\"dateModified\":\"2023-12-28T10:58:30+00:00\",\"description\":\"Tapeet maksimalistile! Too troopika ja ekstravagants koju. Pilttapeet, mille papagoid ja troopiline loodus ei j\u00e4ta k\u00fclmaks kedagi.\",\"breadcrumb\":{\"@id\":\"https:\/\/baubauwall.com\/et\/toode\/tropical-fantasy-oasis-wallmural\/#breadcrumb\"},\"inLanguage\":\"et\",\"potentialAction\":[{\"@type\":\"ReadAction\",\"target\":[\"https:\/\/baubauwall.com\/et\/toode\/tropical-fantasy-oasis-wallmural\/\"]}]},{\"@type\":\"ImageObject\",\"inLanguage\":\"et\",\"@id\":\"https:\/\/baubauwall.com\/et\/toode\/tropical-fantasy-oasis-wallmural\/#primaryimage\",\"url\":\"https:\/\/baubauwall.com\/wp-content\/uploads\/2022\/03\/51200021_TropicalFantasyOasis_Baubauwall_Wallmural_room2.jpg\",\"contentUrl\":\"https:\/\/baubauwall.com\/wp-content\/uploads\/2022\/03\/51200021_TropicalFantasyOasis_Baubauwall_Wallmural_room2.jpg\",\"width\":846,\"height\":800},{\"@type\":\"BreadcrumbList\",\"@id\":\"https:\/\/baubauwall.com\/et\/toode\/tropical-fantasy-oasis-wallmural\/#breadcrumb\",\"itemListElement\":[{\"@type\":\"ListItem\",\"position\":1,\"name\":\"Koju\",\"item\":\"https:\/\/baubauwall.com\/et\/\"},{\"@type\":\"ListItem\",\"position\":2,\"name\":\"Tapeedid\",\"item\":\"https:\/\/baubauwall.com\/et\/tapeedid\/\"},{\"@type\":\"ListItem\",\"position\":3,\"name\":\"Troopiline oaas\"}]},{\"@type\":\"WebSite\",\"@id\":\"https:\/\/baubauwall.com\/et\/#website\",\"url\":\"https:\/\/baubauwall.com\/et\/\",\"name\":\"BAUBAUWALL Wallpapers\",\"description\":\"Valmis paanides tapeet Eestist!\",\"publisher\":{\"@id\":\"https:\/\/baubauwall.com\/et\/#organization\"},\"potentialAction\":[{\"@type\":\"SearchAction\",\"target\":{\"@type\":\"EntryPoint\",\"urlTemplate\":\"https:\/\/baubauwall.com\/et\/?s={search_term_string}\"},\"query-input\":{\"@type\":\"PropertyValueSpecification\",\"valueRequired\":true,\"valueName\":\"search_term_string\"}}],\"inLanguage\":\"et\"},{\"@type\":\"Organization\",\"@id\":\"https:\/\/baubauwall.com\/et\/#organization\",\"name\":\"BAUBAUWALL Wallpapers\",\"url\":\"https:\/\/baubauwall.com\/et\/\",\"logo\":{\"@type\":\"ImageObject\",\"inLanguage\":\"et\",\"@id\":\"https:\/\/baubauwall.com\/et\/#\/schema\/logo\/image\/\",\"url\":\"https:\/\/baubauwall.com\/wp-content\/uploads\/2022\/03\/logo-horizontal.svg\",\"contentUrl\":\"https:\/\/baubauwall.com\/wp-content\/uploads\/2022\/03\/logo-horizontal.svg\",\"width\":\"1024\",\"height\":\"1024\",\"caption\":\"BAUBAUWALL Wallpapers\"},\"image\":{\"@id\":\"https:\/\/baubauwall.com\/et\/#\/schema\/logo\/image\/\"},\"sameAs\":[\"https:\/\/www.facebook.com\/Baubauwall\",\"https:\/\/www.instagram.com\/baubauwall\"]}]}<\/script>\n<!-- \/ Yoast SEO plugin. -->","yoast_head_json":{"title":"Roosa, julge pilttapeet troopilises stiilis. Sinu seina m\u00f5\u00f5tu tapeedid","description":"Tapeet maksimalistile! Too troopika ja ekstravagants koju. Pilttapeet, mille papagoid ja troopiline loodus ei j\u00e4ta k\u00fclmaks kedagi.","robots":{"index":"index","follow":"follow","max-snippet":"max-snippet:-1","max-image-preview":"max-image-preview:large","max-video-preview":"max-video-preview:-1"},"canonical":"https:\/\/baubauwall.com\/et\/toode\/tropical-fantasy-oasis-wallmural\/","og_locale":"et_EE","og_type":"article","og_title":"Roosa, julge pilttapeet troopilises stiilis. Sinu seina m\u00f5\u00f5tu tapeedid","og_description":"Tapeet maksimalistile! Too troopika ja ekstravagants koju. Pilttapeet, mille papagoid ja troopiline loodus ei j\u00e4ta k\u00fclmaks kedagi.","og_url":"https:\/\/baubauwall.com\/et\/toode\/tropical-fantasy-oasis-wallmural\/","og_site_name":"BAUBAUWALL TAPEEDID","article_publisher":"https:\/\/www.facebook.com\/Baubauwall","article_modified_time":"2023-12-28T10:58:30+00:00","og_image":[{"width":846,"height":800,"url":"https:\/\/i0.wp.com\/baubauwall.com\/wp-content\/uploads\/2022\/03\/51200021_TropicalFantasyOasis_Baubauwall_Wallmural_room2.jpg?fit=846%2C800&ssl=1","type":"image\/jpeg"}],"twitter_card":"summary_large_image","twitter_misc":{"Est. reading time":"1 minut"},"schema":{"@context":"https:\/\/schema.org","@graph":[{"@type":"WebPage","@id":"https:\/\/baubauwall.com\/et\/toode\/tropical-fantasy-oasis-wallmural\/","url":"https:\/\/baubauwall.com\/et\/toode\/tropical-fantasy-oasis-wallmural\/","name":"Roosa, julge pilttapeet troopilises stiilis. Sinu seina m\u00f5\u00f5tu tapeedid","isPartOf":{"@id":"https:\/\/baubauwall.com\/et\/#website"},"primaryImageOfPage":{"@id":"https:\/\/baubauwall.com\/et\/toode\/tropical-fantasy-oasis-wallmural\/#primaryimage"},"image":{"@id":"https:\/\/baubauwall.com\/et\/toode\/tropical-fantasy-oasis-wallmural\/#primaryimage"},"thumbnailUrl":"https:\/\/baubauwall.com\/wp-content\/uploads\/2022\/03\/51200021_TropicalFantasyOasis_Baubauwall_Wallmural_room2.jpg","datePublished":"2022-03-03T05:17:55+00:00","dateModified":"2023-12-28T10:58:30+00:00","description":"Tapeet maksimalistile! Too troopika ja ekstravagants koju. Pilttapeet, mille papagoid ja troopiline loodus ei j\u00e4ta k\u00fclmaks kedagi.","breadcrumb":{"@id":"https:\/\/baubauwall.com\/et\/toode\/tropical-fantasy-oasis-wallmural\/#breadcrumb"},"inLanguage":"et","potentialAction":[{"@type":"ReadAction","target":["https:\/\/baubauwall.com\/et\/toode\/tropical-fantasy-oasis-wallmural\/"]}]},{"@type":"ImageObject","inLanguage":"et","@id":"https:\/\/baubauwall.com\/et\/toode\/tropical-fantasy-oasis-wallmural\/#primaryimage","url":"https:\/\/baubauwall.com\/wp-content\/uploads\/2022\/03\/51200021_TropicalFantasyOasis_Baubauwall_Wallmural_room2.jpg","contentUrl":"https:\/\/baubauwall.com\/wp-content\/uploads\/2022\/03\/51200021_TropicalFantasyOasis_Baubauwall_Wallmural_room2.jpg","width":846,"height":800},{"@type":"BreadcrumbList","@id":"https:\/\/baubauwall.com\/et\/toode\/tropical-fantasy-oasis-wallmural\/#breadcrumb","itemListElement":[{"@type":"ListItem","position":1,"name":"Koju","item":"https:\/\/baubauwall.com\/et\/"},{"@type":"ListItem","position":2,"name":"Tapeedid","item":"https:\/\/baubauwall.com\/et\/tapeedid\/"},{"@type":"ListItem","position":3,"name":"Troopiline oaas"}]},{"@type":"WebSite","@id":"https:\/\/baubauwall.com\/et\/#website","url":"https:\/\/baubauwall.com\/et\/","name":"BAUBAUWALL Wallpapers","description":"Valmis paanides tapeet Eestist!","publisher":{"@id":"https:\/\/baubauwall.com\/et\/#organization"},"potentialAction":[{"@type":"SearchAction","target":{"@type":"EntryPoint","urlTemplate":"https:\/\/baubauwall.com\/et\/?s={search_term_string}"},"query-input":{"@type":"PropertyValueSpecification","valueRequired":true,"valueName":"search_term_string"}}],"inLanguage":"et"},{"@type":"Organization","@id":"https:\/\/baubauwall.com\/et\/#organization","name":"BAUBAUWALL Wallpapers","url":"https:\/\/baubauwall.com\/et\/","logo":{"@type":"ImageObject","inLanguage":"et","@id":"https:\/\/baubauwall.com\/et\/#\/schema\/logo\/image\/","url":"https:\/\/baubauwall.com\/wp-content\/uploads\/2022\/03\/logo-horizontal.svg","contentUrl":"https:\/\/baubauwall.com\/wp-content\/uploads\/2022\/03\/logo-horizontal.svg","width":"1024","height":"1024","caption":"BAUBAUWALL Wallpapers"},"image":{"@id":"https:\/\/baubauwall.com\/et\/#\/schema\/logo\/image\/"},"sameAs":["https:\/\/www.facebook.com\/Baubauwall","https:\/\/www.instagram.com\/baubauwall"]}]}},"jetpack_sharing_enabled":true,"_links":{"self":[{"href":"https:\/\/baubauwall.com\/et\/wp-json\/wp\/v2\/product\/5404","targetHints":{"allow":["GET"]}}],"collection":[{"href":"https:\/\/baubauwall.com\/et\/wp-json\/wp\/v2\/product"}],"about":[{"href":"https:\/\/baubauwall.com\/et\/wp-json\/wp\/v2\/types\/product"}],"replies":[{"embeddable":true,"href":"https:\/\/baubauwall.com\/et\/wp-json\/wp\/v2\/comments?post=5404"}],"wp:featuredmedia":[{"embeddable":true,"href":"https:\/\/baubauwall.com\/et\/wp-json\/wp\/v2\/media\/8168"}],"wp:attachment":[{"href":"https:\/\/baubauwall.com\/et\/wp-json\/wp\/v2\/media?parent=5404"}],"wp:term":[{"taxonomy":"product_brand","embeddable":true,"href":"https:\/\/baubauwall.com\/et\/wp-json\/wp\/v2\/product_brand?post=5404"},{"taxonomy":"product_cat","embeddable":true,"href":"https:\/\/baubauwall.com\/et\/wp-json\/wp\/v2\/product_cat?post=5404"},{"taxonomy":"product_tag","embeddable":true,"href":"https:\/\/baubauwall.com\/et\/wp-json\/wp\/v2\/product_tag?post=5404"}],"curies":[{"name":"wp","href":"https:\/\/api.w.org\/{rel}","templated":true}]}}