{"id":5405,"date":"2022-03-03T07:17:51","date_gmt":"2022-03-03T05:17:51","guid":{"rendered":"https:\/\/baubauwall.com\/product\/bird-song-wallmural\/"},"modified":"2025-11-06T12:14:40","modified_gmt":"2025-11-06T10:14:40","slug":"pilttapeet-liuglev-linnulaul-beez","status":"publish","type":"product","link":"https:\/\/baubauwall.com\/et\/toode\/pilttapeet-liuglev-linnulaul-beez\/","title":{"rendered":"Liuglev linnulaul"},"content":{"rendered":"<p>Imeliste lindudega fliistapeet, mis on ajatu, elegante ja rahulik \u00fchel ajal. P\u00e4ike hakkab kohe loojuma. Vaata \u00fcles, kuuled ja n\u00e4ed graatsiliste lindude parve itta suundumas. \u00d5hk pilvise taeva all on t\u00e4is nende kaugeid h\u00fc\u00fcdeid. \u00d5rnade bee\u017eide ja roosade varjunditega akvarellile on lisatud veel mitmeid ajatuid toone. Loodus, pilvede s\u00fcgavus ja liikumine \u2013 see k\u00f5ik on j\u00e4\u00e4dvustatud sellel v\u00f5luval akvarellile sarnaneval pilttapeedil. T\u00f5eliselt ajatu tapeedivalik sinu unen\u00e4olise disainiga magamistuppa, elutuppa v\u00f5i s\u00f6\u00f6gituppa.<\/p>\n<p><strong>Miks see lindudega fliistapeet v\u00f5iks Sulle meeldida?<\/strong><\/p>\n<ul>\n<li>Pilttapeet ajatu disainiga<\/li>\n<li>Eesti ettev\u00f5te<\/li>\n<li>Tr\u00fckime tapeedi t\u00e4pselt Sinu seina m\u00f5\u00f5dus<\/li>\n<li>Premium, matt fliistapeedi materjal, 100% taaskasutatud kiust<\/li>\n<li>M\u00fcrgivabad tr\u00fckiv\u00e4rvid,\u00a0<em>Greenguard<\/em>\u00a0sertifitseeritud<\/li>\n<li>Keskkonnas\u00f5bralik, j\u00e4\u00e4tmevaba tapeetimine<\/li>\n<li>Kaasa tasuta tapeediliim<\/li>\n<li>Tasuta transport ja kiire tarne 5 t\u00f6\u00f6p\u00e4evaga<\/li>\n<\/ul>\n<p>Loe l\u00e4hemalt nutikatest, eritellimust\u00f6\u00f6na valmivatest tapeetidest\u00a0<a href=\"https:\/\/baubauwall.com\/et\/keskkonnasobralikud-tapeedid\/\">siit.<\/a><\/p>\n","protected":false},"excerpt":{"rendered":"<p>Imeliste lindudega fliistapeet, mis on ajatu, elegante ja rahulik \u00fchel ajal. P\u00e4ike hakkab kohe loojuma. Vaata \u00fcles, kuuled ja n\u00e4ed graatsiliste lindude parve itta suundumas. \u00d5hk pilvise taeva all on t\u00e4is nende kaugeid h\u00fc\u00fcdeid. \u00d5rnade bee\u017eide ja roosade varjunditega akvarellile on lisatud veel mitmeid ajatuid toone. Loodus, pilvede s\u00fcgavus ja liikumine \u2013 see k\u00f5ik on [&hellip;]<\/p>\n","protected":false},"featured_media":4533,"comment_status":"open","ping_status":"closed","template":"","meta":{"_acf_changed":false,"inline_featured_image":false},"product_brand":[],"product_cat":[387,395,406,392,265,276,413,414,415,402,257],"product_tag":[563,334,345,381],"class_list":{"0":"post-5405","1":"product","2":"type-product","3":"status-publish","4":"has-post-thumbnail","6":"product_cat-pilttapeedid","7":"product_cat-romantiline","8":"product_cat-klassika","9":"product_cat-minimalistlik","10":"product_cat-beezid-tapeedid","11":"product_cat-pastelsed-tapeedid","12":"product_cat-magamistoa-tapeedid","13":"product_cat-soogitoa-tapeedid","14":"product_cat-kulalistetoa-tapeedid","15":"product_cat-elutoa-tapeedid","16":"product_cat-linnud","17":"product_tag-biofiilia-stiil","18":"product_tag-japandi-et","19":"product_tag-pilttapeet","20":"product_tag-vesivarv","22":"first","23":"instock","24":"taxable","25":"shipping-taxable","26":"purchasable","27":"product-type-simple"},"acf":[],"yoast_head":"<!-- This site is optimized with the Yoast SEO plugin v25.9 - https:\/\/yoast.com\/wordpress\/plugins\/seo\/ -->\n<title>Lindudega fliistapeet. Pilttapeet bee\u017eil taustal haned<\/title>\n<meta name=\"description\" content=\"Lindudega fliistapeet heledates toonides. Teeme tapeedi just sinu seina m\u00f5\u00f5tu l\u00f5igatud tapeedipaanides. Bee\u017e, rahulik disan elutoa tapeediks v\u00f5i mujale.\" \/>\n<meta name=\"robots\" content=\"index, follow, max-snippet:-1, max-image-preview:large, max-video-preview:-1\" \/>\n<link rel=\"canonical\" href=\"https:\/\/baubauwall.com\/et\/toode\/pilttapeet-liuglev-linnulaul-beez\/\" \/>\n<meta property=\"og:locale\" content=\"et_EE\" \/>\n<meta property=\"og:type\" content=\"article\" \/>\n<meta property=\"og:title\" content=\"BAUBAUWALL TAPEEDID\" \/>\n<meta property=\"og:description\" content=\"Lindudega fliistapeet heledates toonides. Teeme tapeedi just sinu seina m\u00f5\u00f5tu l\u00f5igatud tapeedipaanides. Bee\u017e, rahulik disan elutoa tapeediks v\u00f5i mujale.\" \/>\n<meta property=\"og:url\" content=\"https:\/\/baubauwall.com\/et\/toode\/pilttapeet-liuglev-linnulaul-beez\/\" \/>\n<meta property=\"og:site_name\" content=\"BAUBAUWALL TAPEEDID\" \/>\n<meta property=\"article:publisher\" content=\"https:\/\/www.facebook.com\/Baubauwall\" \/>\n<meta property=\"article:modified_time\" content=\"2025-11-06T10:14:40+00:00\" \/>\n<meta property=\"og:image\" content=\"https:\/\/baubauwall.com\/wp-content\/uploads\/2022\/03\/51200008_Bird-Song_Wallmural_Baubauwall_room6-7.jpg\" \/>\n\t<meta property=\"og:image:width\" content=\"1440\" \/>\n\t<meta property=\"og:image:height\" content=\"800\" \/>\n\t<meta property=\"og:image:type\" content=\"image\/jpeg\" \/>\n<meta name=\"twitter:card\" content=\"summary_large_image\" \/>\n<meta name=\"twitter:label1\" content=\"Est. reading time\" \/>\n\t<meta name=\"twitter:data1\" content=\"1 minut\" \/>\n<script type=\"application\/ld+json\" class=\"yoast-schema-graph\">{\"@context\":\"https:\/\/schema.org\",\"@graph\":[{\"@type\":\"WebPage\",\"@id\":\"https:\/\/baubauwall.com\/et\/toode\/pilttapeet-liuglev-linnulaul-beez\/\",\"url\":\"https:\/\/baubauwall.com\/et\/toode\/pilttapeet-liuglev-linnulaul-beez\/\",\"name\":\"Lindudega fliistapeet. Pilttapeet bee\u017eil taustal haned\",\"isPartOf\":{\"@id\":\"https:\/\/baubauwall.com\/et\/#website\"},\"primaryImageOfPage\":{\"@id\":\"https:\/\/baubauwall.com\/et\/toode\/pilttapeet-liuglev-linnulaul-beez\/#primaryimage\"},\"image\":{\"@id\":\"https:\/\/baubauwall.com\/et\/toode\/pilttapeet-liuglev-linnulaul-beez\/#primaryimage\"},\"thumbnailUrl\":\"https:\/\/baubauwall.com\/wp-content\/uploads\/2022\/03\/51200008_Bird-Song_Wallmural_Baubauwall_room6-4.jpg\",\"datePublished\":\"2022-03-03T05:17:51+00:00\",\"dateModified\":\"2025-11-06T10:14:40+00:00\",\"description\":\"Lindudega fliistapeet heledates toonides. Teeme tapeedi just sinu seina m\u00f5\u00f5tu l\u00f5igatud tapeedipaanides. Bee\u017e, rahulik disan elutoa tapeediks v\u00f5i mujale.\",\"breadcrumb\":{\"@id\":\"https:\/\/baubauwall.com\/et\/toode\/pilttapeet-liuglev-linnulaul-beez\/#breadcrumb\"},\"inLanguage\":\"et\",\"potentialAction\":[{\"@type\":\"ReadAction\",\"target\":[\"https:\/\/baubauwall.com\/et\/toode\/pilttapeet-liuglev-linnulaul-beez\/\"]}]},{\"@type\":\"ImageObject\",\"inLanguage\":\"et\",\"@id\":\"https:\/\/baubauwall.com\/et\/toode\/pilttapeet-liuglev-linnulaul-beez\/#primaryimage\",\"url\":\"https:\/\/baubauwall.com\/wp-content\/uploads\/2022\/03\/51200008_Bird-Song_Wallmural_Baubauwall_room6-4.jpg\",\"contentUrl\":\"https:\/\/baubauwall.com\/wp-content\/uploads\/2022\/03\/51200008_Bird-Song_Wallmural_Baubauwall_room6-4.jpg\",\"width\":1212,\"height\":800},{\"@type\":\"BreadcrumbList\",\"@id\":\"https:\/\/baubauwall.com\/et\/toode\/pilttapeet-liuglev-linnulaul-beez\/#breadcrumb\",\"itemListElement\":[{\"@type\":\"ListItem\",\"position\":1,\"name\":\"Koju\",\"item\":\"https:\/\/baubauwall.com\/et\/\"},{\"@type\":\"ListItem\",\"position\":2,\"name\":\"Tapeedid\",\"item\":\"https:\/\/baubauwall.com\/et\/tapeedid\/\"},{\"@type\":\"ListItem\",\"position\":3,\"name\":\"Liuglev linnulaul\"}]},{\"@type\":\"WebSite\",\"@id\":\"https:\/\/baubauwall.com\/et\/#website\",\"url\":\"https:\/\/baubauwall.com\/et\/\",\"name\":\"BAUBAUWALL Wallpapers\",\"description\":\"Valmis paanides tapeet Eestist!\",\"publisher\":{\"@id\":\"https:\/\/baubauwall.com\/et\/#organization\"},\"potentialAction\":[{\"@type\":\"SearchAction\",\"target\":{\"@type\":\"EntryPoint\",\"urlTemplate\":\"https:\/\/baubauwall.com\/et\/?s={search_term_string}\"},\"query-input\":{\"@type\":\"PropertyValueSpecification\",\"valueRequired\":true,\"valueName\":\"search_term_string\"}}],\"inLanguage\":\"et\"},{\"@type\":\"Organization\",\"@id\":\"https:\/\/baubauwall.com\/et\/#organization\",\"name\":\"BAUBAUWALL Wallpapers\",\"url\":\"https:\/\/baubauwall.com\/et\/\",\"logo\":{\"@type\":\"ImageObject\",\"inLanguage\":\"et\",\"@id\":\"https:\/\/baubauwall.com\/et\/#\/schema\/logo\/image\/\",\"url\":\"https:\/\/baubauwall.com\/wp-content\/uploads\/2022\/03\/logo-horizontal.svg\",\"contentUrl\":\"https:\/\/baubauwall.com\/wp-content\/uploads\/2022\/03\/logo-horizontal.svg\",\"width\":\"1024\",\"height\":\"1024\",\"caption\":\"BAUBAUWALL Wallpapers\"},\"image\":{\"@id\":\"https:\/\/baubauwall.com\/et\/#\/schema\/logo\/image\/\"},\"sameAs\":[\"https:\/\/www.facebook.com\/Baubauwall\",\"https:\/\/www.instagram.com\/baubauwall\"]}]}<\/script>\n<!-- \/ Yoast SEO plugin. -->","yoast_head_json":{"title":"Lindudega fliistapeet. Pilttapeet bee\u017eil taustal haned","description":"Lindudega fliistapeet heledates toonides. Teeme tapeedi just sinu seina m\u00f5\u00f5tu l\u00f5igatud tapeedipaanides. Bee\u017e, rahulik disan elutoa tapeediks v\u00f5i mujale.","robots":{"index":"index","follow":"follow","max-snippet":"max-snippet:-1","max-image-preview":"max-image-preview:large","max-video-preview":"max-video-preview:-1"},"canonical":"https:\/\/baubauwall.com\/et\/toode\/pilttapeet-liuglev-linnulaul-beez\/","og_locale":"et_EE","og_type":"article","og_title":"BAUBAUWALL TAPEEDID","og_description":"Lindudega fliistapeet heledates toonides. Teeme tapeedi just sinu seina m\u00f5\u00f5tu l\u00f5igatud tapeedipaanides. Bee\u017e, rahulik disan elutoa tapeediks v\u00f5i mujale.","og_url":"https:\/\/baubauwall.com\/et\/toode\/pilttapeet-liuglev-linnulaul-beez\/","og_site_name":"BAUBAUWALL TAPEEDID","article_publisher":"https:\/\/www.facebook.com\/Baubauwall","article_modified_time":"2025-11-06T10:14:40+00:00","og_image":[{"width":1440,"height":800,"url":"https:\/\/baubauwall.com\/wp-content\/uploads\/2022\/03\/51200008_Bird-Song_Wallmural_Baubauwall_room6-7.jpg","type":"image\/jpeg"}],"twitter_card":"summary_large_image","twitter_misc":{"Est. reading time":"1 minut"},"schema":{"@context":"https:\/\/schema.org","@graph":[{"@type":"WebPage","@id":"https:\/\/baubauwall.com\/et\/toode\/pilttapeet-liuglev-linnulaul-beez\/","url":"https:\/\/baubauwall.com\/et\/toode\/pilttapeet-liuglev-linnulaul-beez\/","name":"Lindudega fliistapeet. Pilttapeet bee\u017eil taustal haned","isPartOf":{"@id":"https:\/\/baubauwall.com\/et\/#website"},"primaryImageOfPage":{"@id":"https:\/\/baubauwall.com\/et\/toode\/pilttapeet-liuglev-linnulaul-beez\/#primaryimage"},"image":{"@id":"https:\/\/baubauwall.com\/et\/toode\/pilttapeet-liuglev-linnulaul-beez\/#primaryimage"},"thumbnailUrl":"https:\/\/baubauwall.com\/wp-content\/uploads\/2022\/03\/51200008_Bird-Song_Wallmural_Baubauwall_room6-4.jpg","datePublished":"2022-03-03T05:17:51+00:00","dateModified":"2025-11-06T10:14:40+00:00","description":"Lindudega fliistapeet heledates toonides. Teeme tapeedi just sinu seina m\u00f5\u00f5tu l\u00f5igatud tapeedipaanides. Bee\u017e, rahulik disan elutoa tapeediks v\u00f5i mujale.","breadcrumb":{"@id":"https:\/\/baubauwall.com\/et\/toode\/pilttapeet-liuglev-linnulaul-beez\/#breadcrumb"},"inLanguage":"et","potentialAction":[{"@type":"ReadAction","target":["https:\/\/baubauwall.com\/et\/toode\/pilttapeet-liuglev-linnulaul-beez\/"]}]},{"@type":"ImageObject","inLanguage":"et","@id":"https:\/\/baubauwall.com\/et\/toode\/pilttapeet-liuglev-linnulaul-beez\/#primaryimage","url":"https:\/\/baubauwall.com\/wp-content\/uploads\/2022\/03\/51200008_Bird-Song_Wallmural_Baubauwall_room6-4.jpg","contentUrl":"https:\/\/baubauwall.com\/wp-content\/uploads\/2022\/03\/51200008_Bird-Song_Wallmural_Baubauwall_room6-4.jpg","width":1212,"height":800},{"@type":"BreadcrumbList","@id":"https:\/\/baubauwall.com\/et\/toode\/pilttapeet-liuglev-linnulaul-beez\/#breadcrumb","itemListElement":[{"@type":"ListItem","position":1,"name":"Koju","item":"https:\/\/baubauwall.com\/et\/"},{"@type":"ListItem","position":2,"name":"Tapeedid","item":"https:\/\/baubauwall.com\/et\/tapeedid\/"},{"@type":"ListItem","position":3,"name":"Liuglev linnulaul"}]},{"@type":"WebSite","@id":"https:\/\/baubauwall.com\/et\/#website","url":"https:\/\/baubauwall.com\/et\/","name":"BAUBAUWALL Wallpapers","description":"Valmis paanides tapeet Eestist!","publisher":{"@id":"https:\/\/baubauwall.com\/et\/#organization"},"potentialAction":[{"@type":"SearchAction","target":{"@type":"EntryPoint","urlTemplate":"https:\/\/baubauwall.com\/et\/?s={search_term_string}"},"query-input":{"@type":"PropertyValueSpecification","valueRequired":true,"valueName":"search_term_string"}}],"inLanguage":"et"},{"@type":"Organization","@id":"https:\/\/baubauwall.com\/et\/#organization","name":"BAUBAUWALL Wallpapers","url":"https:\/\/baubauwall.com\/et\/","logo":{"@type":"ImageObject","inLanguage":"et","@id":"https:\/\/baubauwall.com\/et\/#\/schema\/logo\/image\/","url":"https:\/\/baubauwall.com\/wp-content\/uploads\/2022\/03\/logo-horizontal.svg","contentUrl":"https:\/\/baubauwall.com\/wp-content\/uploads\/2022\/03\/logo-horizontal.svg","width":"1024","height":"1024","caption":"BAUBAUWALL Wallpapers"},"image":{"@id":"https:\/\/baubauwall.com\/et\/#\/schema\/logo\/image\/"},"sameAs":["https:\/\/www.facebook.com\/Baubauwall","https:\/\/www.instagram.com\/baubauwall"]}]}},"jetpack_sharing_enabled":true,"_links":{"self":[{"href":"https:\/\/baubauwall.com\/et\/wp-json\/wp\/v2\/product\/5405","targetHints":{"allow":["GET"]}}],"collection":[{"href":"https:\/\/baubauwall.com\/et\/wp-json\/wp\/v2\/product"}],"about":[{"href":"https:\/\/baubauwall.com\/et\/wp-json\/wp\/v2\/types\/product"}],"replies":[{"embeddable":true,"href":"https:\/\/baubauwall.com\/et\/wp-json\/wp\/v2\/comments?post=5405"}],"wp:featuredmedia":[{"embeddable":true,"href":"https:\/\/baubauwall.com\/et\/wp-json\/wp\/v2\/media\/4533"}],"wp:attachment":[{"href":"https:\/\/baubauwall.com\/et\/wp-json\/wp\/v2\/media?parent=5405"}],"wp:term":[{"taxonomy":"product_brand","embeddable":true,"href":"https:\/\/baubauwall.com\/et\/wp-json\/wp\/v2\/product_brand?post=5405"},{"taxonomy":"product_cat","embeddable":true,"href":"https:\/\/baubauwall.com\/et\/wp-json\/wp\/v2\/product_cat?post=5405"},{"taxonomy":"product_tag","embeddable":true,"href":"https:\/\/baubauwall.com\/et\/wp-json\/wp\/v2\/product_tag?post=5405"}],"curies":[{"name":"wp","href":"https:\/\/api.w.org\/{rel}","templated":true}]}}