{"id":5406,"date":"2022-03-03T07:17:52","date_gmt":"2022-03-03T05:17:52","guid":{"rendered":"https:\/\/baubauwall.com\/product\/swan-sky-lake-wallmural-golden\/"},"modified":"2024-09-25T09:57:26","modified_gmt":"2024-09-25T07:57:26","slug":"swan-sky-lake-wallmural-golden","status":"publish","type":"product","link":"https:\/\/baubauwall.com\/et\/toode\/swan-sky-lake-wallmural-golden\/","title":{"rendered":"Luikede j\u00e4rv taevalaotuses &#8211; kuldne"},"content":{"rendered":"<p>Muinasjutuline, kollane pilttapeet, mis kujutab s\u00e4ravvalgeid luiki liuglemas kuldses taevalaotuses. V\u00f5i on see hoopis maagiline j\u00e4rv, mille kohal luigeparv tiibu lehvitab otsekui balletis? See veetlev pilttapeet j\u00e4tab suurep\u00e4rase mulje elutoa seinal v\u00f5i siis loob unistava meeleolu su magamistoa aktsentseinal. Samuti sobib see tapeet h\u00e4sti juba peaaegu t\u00e4iskasvanuks saanud lapse tuppa.<br \/>\nIsikup\u00e4rane tapeedidisain on valikus ka sinise taustaga.<\/p>\n<p><strong>Miks osta tapeet siit? Tapeetimine pole kunagi nii lihtne olnud!<\/strong><\/p>\n<ul>\n<li>Nummerdatud tapeedipaanid<\/li>\n<li>Just nii pikad tapeedipaanid, kui on Sinu sein<\/li>\n<li>Premium, matt fliistapeedi materjal<\/li>\n<li>M\u00fcrgivabad tr\u00fckiv\u00e4rvid, Greenguard sertifitseeritud<\/li>\n<li><a href=\"https:\/\/baubauwall.com\/et\/keskkonnasobralikud-tapeedid\/\" target=\"_blank\" rel=\"noopener\">Keskkonnas\u00f5bralik<\/a>, j\u00e4\u00e4tmevaba tapeetimine<\/li>\n<li>Tasuta tapeediliim<\/li>\n<li>Tasuta transport ja kiire tarne 5 t\u00f6\u00f6p\u00e4evaga<\/li>\n<\/ul>\n<p>Loe l\u00e4hemalt nutikatest, eritellimust\u00f6\u00f6na valmivatest tapeetidest\u00a0<a href=\"https:\/\/baubauwall.com\/et\/keskkonnasobralikud-tapeedid\/\">siit.<\/a><\/p>\n","protected":false},"excerpt":{"rendered":"<p>Muinasjutuline, kollane pilttapeet, mis kujutab s\u00e4ravvalgeid luiki liuglemas kuldses taevalaotuses. V\u00f5i on see hoopis maagiline j\u00e4rv, mille kohal luigeparv tiibu lehvitab otsekui balletis? See veetlev pilttapeet j\u00e4tab suurep\u00e4rase mulje elutoa seinal v\u00f5i siis loob unistava meeleolu su magamistoa aktsentseinal. Samuti sobib see tapeet h\u00e4sti juba peaaegu t\u00e4iskasvanuks saanud lapse tuppa. Isikup\u00e4rane tapeedidisain on valikus ka [&hellip;]<\/p>\n","protected":false},"featured_media":5135,"comment_status":"open","ping_status":"closed","template":"","meta":{"_acf_changed":false,"inline_featured_image":false},"product_brand":[],"product_cat":[387,395,264,411,413,400,414,415,416,399,402,257,561],"product_tag":[345],"class_list":{"0":"post-5406","1":"product","2":"type-product","3":"status-publish","4":"has-post-thumbnail","6":"product_cat-pilttapeedid","7":"product_cat-romantiline","8":"product_cat-varv","9":"product_cat-kollased-tapeedid","10":"product_cat-magamistoa-tapeedid","11":"product_cat-lastetoa-tapeedid","12":"product_cat-soogitoa-tapeedid","13":"product_cat-kulalistetoa-tapeedid","14":"product_cat-esiku-tapeedid","15":"product_cat-kodukontori-tapeedid","16":"product_cat-elutoa-tapeedid","17":"product_cat-linnud","18":"product_cat-suvised-tapeedid","19":"product_tag-pilttapeet","20":"pa_designedby-baubauwall","22":"first","23":"instock","24":"taxable","25":"shipping-taxable","26":"purchasable","27":"product-type-simple"},"acf":[],"yoast_head":"<!-- This site is optimized with the Yoast SEO plugin v25.9 - https:\/\/yoast.com\/wordpress\/plugins\/seo\/ -->\n<title>Elegantne kollane pilttapeet luikedega<\/title>\n<meta name=\"description\" content=\"Kuldkollane tapeet elegantsete valgete luikedega. Kollane tapeet, mis sobib aktsentseinale, elutuppa, magamistuppa v\u00f5i lastetoa seinale.\" \/>\n<meta name=\"robots\" content=\"index, follow, max-snippet:-1, max-image-preview:large, max-video-preview:-1\" \/>\n<link rel=\"canonical\" href=\"https:\/\/baubauwall.com\/et\/toode\/swan-sky-lake-wallmural-golden\/\" \/>\n<meta property=\"og:locale\" content=\"et_EE\" \/>\n<meta property=\"og:type\" content=\"article\" \/>\n<meta property=\"og:title\" content=\"Elegantne kollane pilttapeet luikedega\" \/>\n<meta property=\"og:description\" content=\"Kuldkollane tapeet elegantsete valgete luikedega. Kollane tapeet, mis sobib aktsentseinale, elutuppa, magamistuppa v\u00f5i lastetoa seinale.\" \/>\n<meta property=\"og:url\" content=\"https:\/\/baubauwall.com\/et\/toode\/swan-sky-lake-wallmural-golden\/\" \/>\n<meta property=\"og:site_name\" content=\"BAUBAUWALL TAPEEDID\" \/>\n<meta property=\"article:publisher\" content=\"https:\/\/www.facebook.com\/Baubauwall\" \/>\n<meta property=\"article:modified_time\" content=\"2024-09-25T07:57:26+00:00\" \/>\n<meta property=\"og:image\" content=\"https:\/\/baubauwall.com\/wp-content\/uploads\/2022\/03\/51200010_SwanSkyLake-Golden_Baubauwall_Wallmural_room4.jpg\" \/>\n\t<meta property=\"og:image:width\" content=\"1422\" \/>\n\t<meta property=\"og:image:height\" content=\"800\" \/>\n\t<meta property=\"og:image:type\" content=\"image\/jpeg\" \/>\n<meta name=\"twitter:card\" content=\"summary_large_image\" \/>\n<meta name=\"twitter:label1\" content=\"Est. reading time\" \/>\n\t<meta name=\"twitter:data1\" content=\"1 minut\" \/>\n<script type=\"application\/ld+json\" class=\"yoast-schema-graph\">{\"@context\":\"https:\/\/schema.org\",\"@graph\":[{\"@type\":\"WebPage\",\"@id\":\"https:\/\/baubauwall.com\/et\/toode\/swan-sky-lake-wallmural-golden\/\",\"url\":\"https:\/\/baubauwall.com\/et\/toode\/swan-sky-lake-wallmural-golden\/\",\"name\":\"Elegantne kollane pilttapeet luikedega\",\"isPartOf\":{\"@id\":\"https:\/\/baubauwall.com\/et\/#website\"},\"primaryImageOfPage\":{\"@id\":\"https:\/\/baubauwall.com\/et\/toode\/swan-sky-lake-wallmural-golden\/#primaryimage\"},\"image\":{\"@id\":\"https:\/\/baubauwall.com\/et\/toode\/swan-sky-lake-wallmural-golden\/#primaryimage\"},\"thumbnailUrl\":\"https:\/\/baubauwall.com\/wp-content\/uploads\/2022\/03\/51200010_SwanSkyLake-Golden_Baubauwall_Wallmural_room4.jpg\",\"datePublished\":\"2022-03-03T05:17:52+00:00\",\"dateModified\":\"2024-09-25T07:57:26+00:00\",\"description\":\"Kuldkollane tapeet elegantsete valgete luikedega. Kollane tapeet, mis sobib aktsentseinale, elutuppa, magamistuppa v\u00f5i lastetoa seinale.\",\"breadcrumb\":{\"@id\":\"https:\/\/baubauwall.com\/et\/toode\/swan-sky-lake-wallmural-golden\/#breadcrumb\"},\"inLanguage\":\"et\",\"potentialAction\":[{\"@type\":\"ReadAction\",\"target\":[\"https:\/\/baubauwall.com\/et\/toode\/swan-sky-lake-wallmural-golden\/\"]}]},{\"@type\":\"ImageObject\",\"inLanguage\":\"et\",\"@id\":\"https:\/\/baubauwall.com\/et\/toode\/swan-sky-lake-wallmural-golden\/#primaryimage\",\"url\":\"https:\/\/baubauwall.com\/wp-content\/uploads\/2022\/03\/51200010_SwanSkyLake-Golden_Baubauwall_Wallmural_room4.jpg\",\"contentUrl\":\"https:\/\/baubauwall.com\/wp-content\/uploads\/2022\/03\/51200010_SwanSkyLake-Golden_Baubauwall_Wallmural_room4.jpg\",\"width\":1422,\"height\":800},{\"@type\":\"BreadcrumbList\",\"@id\":\"https:\/\/baubauwall.com\/et\/toode\/swan-sky-lake-wallmural-golden\/#breadcrumb\",\"itemListElement\":[{\"@type\":\"ListItem\",\"position\":1,\"name\":\"Koju\",\"item\":\"https:\/\/baubauwall.com\/et\/\"},{\"@type\":\"ListItem\",\"position\":2,\"name\":\"Tapeedid\",\"item\":\"https:\/\/baubauwall.com\/et\/tapeedid\/\"},{\"@type\":\"ListItem\",\"position\":3,\"name\":\"Luikede j\u00e4rv taevalaotuses &#8211; kuldne\"}]},{\"@type\":\"WebSite\",\"@id\":\"https:\/\/baubauwall.com\/et\/#website\",\"url\":\"https:\/\/baubauwall.com\/et\/\",\"name\":\"BAUBAUWALL Wallpapers\",\"description\":\"Valmis paanides tapeet Eestist!\",\"publisher\":{\"@id\":\"https:\/\/baubauwall.com\/et\/#organization\"},\"potentialAction\":[{\"@type\":\"SearchAction\",\"target\":{\"@type\":\"EntryPoint\",\"urlTemplate\":\"https:\/\/baubauwall.com\/et\/?s={search_term_string}\"},\"query-input\":{\"@type\":\"PropertyValueSpecification\",\"valueRequired\":true,\"valueName\":\"search_term_string\"}}],\"inLanguage\":\"et\"},{\"@type\":\"Organization\",\"@id\":\"https:\/\/baubauwall.com\/et\/#organization\",\"name\":\"BAUBAUWALL Wallpapers\",\"url\":\"https:\/\/baubauwall.com\/et\/\",\"logo\":{\"@type\":\"ImageObject\",\"inLanguage\":\"et\",\"@id\":\"https:\/\/baubauwall.com\/et\/#\/schema\/logo\/image\/\",\"url\":\"https:\/\/baubauwall.com\/wp-content\/uploads\/2022\/03\/logo-horizontal.svg\",\"contentUrl\":\"https:\/\/baubauwall.com\/wp-content\/uploads\/2022\/03\/logo-horizontal.svg\",\"width\":\"1024\",\"height\":\"1024\",\"caption\":\"BAUBAUWALL Wallpapers\"},\"image\":{\"@id\":\"https:\/\/baubauwall.com\/et\/#\/schema\/logo\/image\/\"},\"sameAs\":[\"https:\/\/www.facebook.com\/Baubauwall\",\"https:\/\/www.instagram.com\/baubauwall\"]}]}<\/script>\n<!-- \/ Yoast SEO plugin. -->","yoast_head_json":{"title":"Elegantne kollane pilttapeet luikedega","description":"Kuldkollane tapeet elegantsete valgete luikedega. Kollane tapeet, mis sobib aktsentseinale, elutuppa, magamistuppa v\u00f5i lastetoa seinale.","robots":{"index":"index","follow":"follow","max-snippet":"max-snippet:-1","max-image-preview":"max-image-preview:large","max-video-preview":"max-video-preview:-1"},"canonical":"https:\/\/baubauwall.com\/et\/toode\/swan-sky-lake-wallmural-golden\/","og_locale":"et_EE","og_type":"article","og_title":"Elegantne kollane pilttapeet luikedega","og_description":"Kuldkollane tapeet elegantsete valgete luikedega. Kollane tapeet, mis sobib aktsentseinale, elutuppa, magamistuppa v\u00f5i lastetoa seinale.","og_url":"https:\/\/baubauwall.com\/et\/toode\/swan-sky-lake-wallmural-golden\/","og_site_name":"BAUBAUWALL TAPEEDID","article_publisher":"https:\/\/www.facebook.com\/Baubauwall","article_modified_time":"2024-09-25T07:57:26+00:00","og_image":[{"width":1422,"height":800,"url":"https:\/\/baubauwall.com\/wp-content\/uploads\/2022\/03\/51200010_SwanSkyLake-Golden_Baubauwall_Wallmural_room4.jpg","type":"image\/jpeg"}],"twitter_card":"summary_large_image","twitter_misc":{"Est. reading time":"1 minut"},"schema":{"@context":"https:\/\/schema.org","@graph":[{"@type":"WebPage","@id":"https:\/\/baubauwall.com\/et\/toode\/swan-sky-lake-wallmural-golden\/","url":"https:\/\/baubauwall.com\/et\/toode\/swan-sky-lake-wallmural-golden\/","name":"Elegantne kollane pilttapeet luikedega","isPartOf":{"@id":"https:\/\/baubauwall.com\/et\/#website"},"primaryImageOfPage":{"@id":"https:\/\/baubauwall.com\/et\/toode\/swan-sky-lake-wallmural-golden\/#primaryimage"},"image":{"@id":"https:\/\/baubauwall.com\/et\/toode\/swan-sky-lake-wallmural-golden\/#primaryimage"},"thumbnailUrl":"https:\/\/baubauwall.com\/wp-content\/uploads\/2022\/03\/51200010_SwanSkyLake-Golden_Baubauwall_Wallmural_room4.jpg","datePublished":"2022-03-03T05:17:52+00:00","dateModified":"2024-09-25T07:57:26+00:00","description":"Kuldkollane tapeet elegantsete valgete luikedega. Kollane tapeet, mis sobib aktsentseinale, elutuppa, magamistuppa v\u00f5i lastetoa seinale.","breadcrumb":{"@id":"https:\/\/baubauwall.com\/et\/toode\/swan-sky-lake-wallmural-golden\/#breadcrumb"},"inLanguage":"et","potentialAction":[{"@type":"ReadAction","target":["https:\/\/baubauwall.com\/et\/toode\/swan-sky-lake-wallmural-golden\/"]}]},{"@type":"ImageObject","inLanguage":"et","@id":"https:\/\/baubauwall.com\/et\/toode\/swan-sky-lake-wallmural-golden\/#primaryimage","url":"https:\/\/baubauwall.com\/wp-content\/uploads\/2022\/03\/51200010_SwanSkyLake-Golden_Baubauwall_Wallmural_room4.jpg","contentUrl":"https:\/\/baubauwall.com\/wp-content\/uploads\/2022\/03\/51200010_SwanSkyLake-Golden_Baubauwall_Wallmural_room4.jpg","width":1422,"height":800},{"@type":"BreadcrumbList","@id":"https:\/\/baubauwall.com\/et\/toode\/swan-sky-lake-wallmural-golden\/#breadcrumb","itemListElement":[{"@type":"ListItem","position":1,"name":"Koju","item":"https:\/\/baubauwall.com\/et\/"},{"@type":"ListItem","position":2,"name":"Tapeedid","item":"https:\/\/baubauwall.com\/et\/tapeedid\/"},{"@type":"ListItem","position":3,"name":"Luikede j\u00e4rv taevalaotuses &#8211; kuldne"}]},{"@type":"WebSite","@id":"https:\/\/baubauwall.com\/et\/#website","url":"https:\/\/baubauwall.com\/et\/","name":"BAUBAUWALL Wallpapers","description":"Valmis paanides tapeet Eestist!","publisher":{"@id":"https:\/\/baubauwall.com\/et\/#organization"},"potentialAction":[{"@type":"SearchAction","target":{"@type":"EntryPoint","urlTemplate":"https:\/\/baubauwall.com\/et\/?s={search_term_string}"},"query-input":{"@type":"PropertyValueSpecification","valueRequired":true,"valueName":"search_term_string"}}],"inLanguage":"et"},{"@type":"Organization","@id":"https:\/\/baubauwall.com\/et\/#organization","name":"BAUBAUWALL Wallpapers","url":"https:\/\/baubauwall.com\/et\/","logo":{"@type":"ImageObject","inLanguage":"et","@id":"https:\/\/baubauwall.com\/et\/#\/schema\/logo\/image\/","url":"https:\/\/baubauwall.com\/wp-content\/uploads\/2022\/03\/logo-horizontal.svg","contentUrl":"https:\/\/baubauwall.com\/wp-content\/uploads\/2022\/03\/logo-horizontal.svg","width":"1024","height":"1024","caption":"BAUBAUWALL Wallpapers"},"image":{"@id":"https:\/\/baubauwall.com\/et\/#\/schema\/logo\/image\/"},"sameAs":["https:\/\/www.facebook.com\/Baubauwall","https:\/\/www.instagram.com\/baubauwall"]}]}},"jetpack_sharing_enabled":true,"_links":{"self":[{"href":"https:\/\/baubauwall.com\/et\/wp-json\/wp\/v2\/product\/5406","targetHints":{"allow":["GET"]}}],"collection":[{"href":"https:\/\/baubauwall.com\/et\/wp-json\/wp\/v2\/product"}],"about":[{"href":"https:\/\/baubauwall.com\/et\/wp-json\/wp\/v2\/types\/product"}],"replies":[{"embeddable":true,"href":"https:\/\/baubauwall.com\/et\/wp-json\/wp\/v2\/comments?post=5406"}],"wp:featuredmedia":[{"embeddable":true,"href":"https:\/\/baubauwall.com\/et\/wp-json\/wp\/v2\/media\/5135"}],"wp:attachment":[{"href":"https:\/\/baubauwall.com\/et\/wp-json\/wp\/v2\/media?parent=5406"}],"wp:term":[{"taxonomy":"product_brand","embeddable":true,"href":"https:\/\/baubauwall.com\/et\/wp-json\/wp\/v2\/product_brand?post=5406"},{"taxonomy":"product_cat","embeddable":true,"href":"https:\/\/baubauwall.com\/et\/wp-json\/wp\/v2\/product_cat?post=5406"},{"taxonomy":"product_tag","embeddable":true,"href":"https:\/\/baubauwall.com\/et\/wp-json\/wp\/v2\/product_tag?post=5406"}],"curies":[{"name":"wp","href":"https:\/\/api.w.org\/{rel}","templated":true}]}}