{"id":5409,"date":"2022-03-03T07:16:46","date_gmt":"2022-03-03T05:16:46","guid":{"rendered":"https:\/\/baubauwall.com\/product\/subaquatic-wilderness-wallmural\/"},"modified":"2024-10-08T16:37:32","modified_gmt":"2024-10-08T14:37:32","slug":"pilttapeet-veealune-volumaailm","status":"publish","type":"product","link":"https:\/\/baubauwall.com\/et\/toode\/pilttapeet-veealune-volumaailm\/","title":{"rendered":"Veealune v\u00f5lumaailm"},"content":{"rendered":"<p>S\u00fcgavsinistes toonides vapustav pilttapeet, mis kujutab veealuse maailma ainulaadset keskkonda. Tapeedilt leiad punased ja oran\u017eid korallid, veidrad meduusid,\u00a0 graatsilised kalmaarid ja uljad kalakesed ujuvad ringi luksuslikult sinises s\u00fcgavas meres. Veealust maailma kujutav suurejooneline illustratsioon pilttapeedil on inspireeritud troopiliste vete p\u00f5lisloodusest ning p\u00f6\u00f6rab erilist t\u00e4helepanu detailidele ja v\u00e4rvidele. Lase oma m\u00f5tetel r\u00e4nnata kaugetele maadele ja meredele, avastades iga p\u00e4ev uusi detaile sel inspireerival tapeedil.<\/p>\n<p>Eriline pilttapeet, mis sobib ideaalselt avalikku ruumi, kodukontorisse, luksuslikku vannituppa, unelevasse magamistuppa ja vapustavasse elutuppa.<\/p>\n<p><strong>Nagu k\u00f5ik Baubauwalli kordusmustriga tapeedid ja pilttapeedid, on ka see imeilus disain tr\u00fckitud\u00a0<a href=\"https:\/\/baubauwall.com\/et\/keskkonnasobralikud-tapeedid\/\" target=\"_blank\" rel=\"noopener\">keskkonnas\u00f5bralike v\u00e4rvidega<\/a>, hingavale fliistapeedi materjalile, mis ei l\u00e4igi ja on lihtne paigaldada. Sinu uus tapeet tuleb valmis l\u00f5igatud ning nummerdatud paanides, mis on t\u00e4pselt nii k\u00f5rged, kui Sinu sein.<\/strong><\/p>\n","protected":false},"excerpt":{"rendered":"<p>S\u00fcgavsinistes toonides vapustav pilttapeet, mis kujutab veealuse maailma ainulaadset keskkonda. Tapeedilt leiad punased ja oran\u017eid korallid, veidrad meduusid,\u00a0 graatsilised kalmaarid ja uljad kalakesed ujuvad ringi luksuslikult sinises s\u00fcgavas meres. Veealust maailma kujutav suurejooneline illustratsioon pilttapeedil on inspireeritud troopiliste vete p\u00f5lisloodusest ning p\u00f6\u00f6rab erilist t\u00e4helepanu detailidele ja v\u00e4rvidele. Lase oma m\u00f5tetel r\u00e4nnata kaugetele maadele ja meredele, [&hellip;]<\/p>\n","protected":false},"featured_media":43227,"comment_status":"open","ping_status":"closed","template":"","meta":{"_acf_changed":false,"inline_featured_image":false},"product_brand":[],"product_cat":[387,622,267,270,413,414,415,416,399,402,412,699,252,259],"product_tag":[563,695,345],"class_list":{"0":"post-5409","1":"product","2":"type-product","3":"status-publish","4":"has-post-thumbnail","6":"product_cat-pilttapeedid","7":"product_cat-julged-tapeedid","8":"product_cat-sinised-tapeedid","9":"product_cat-tumedad-tapeedid","10":"product_cat-magamistoa-tapeedid","11":"product_cat-soogitoa-tapeedid","12":"product_cat-kulalistetoa-tapeedid","13":"product_cat-esiku-tapeedid","14":"product_cat-kodukontori-tapeedid","15":"product_cat-elutoa-tapeedid","16":"product_cat-vannitoa-tapeedid","17":"product_cat-eesti-disain-tapeedid","18":"product_cat-ookean-meri","19":"product_cat-kalad-veealune-maailm","20":"product_tag-biofiilia-stiil","21":"product_tag-eesti-disain-tapeedid","22":"product_tag-pilttapeet","23":"pa_designedby-baubauwall","25":"first","26":"instock","27":"taxable","28":"shipping-taxable","29":"purchasable","30":"product-type-simple"},"acf":[],"yoast_head":"<!-- This site is optimized with the Yoast SEO plugin v25.9 - https:\/\/yoast.com\/wordpress\/plugins\/seo\/ -->\n<title>Pilttapeet Veealune v\u00f5lumaailm. Tapeet Sinu seina m\u00f5\u00f5dus<\/title>\n<meta name=\"description\" content=\"Pilttapeet p\u00f5neva detailirohke veealuse sinise maailmaga. Kalad, kalmaarid, korallid tapeedil. R\u00e4tsepat\u00f6\u00f6na valmivad disaintapeedid.\" \/>\n<meta name=\"robots\" content=\"index, follow, max-snippet:-1, max-image-preview:large, max-video-preview:-1\" \/>\n<link rel=\"canonical\" href=\"https:\/\/baubauwall.com\/et\/toode\/pilttapeet-veealune-volumaailm\/\" \/>\n<meta property=\"og:locale\" content=\"et_EE\" \/>\n<meta property=\"og:type\" content=\"article\" \/>\n<meta property=\"og:title\" content=\"Pilttapeet Veealune v\u00f5lumaailm. Tapeet Sinu seina m\u00f5\u00f5dus\" \/>\n<meta property=\"og:description\" content=\"Pilttapeet p\u00f5neva detailirohke veealuse sinise maailmaga. Kalad, kalmaarid, korallid tapeedil. R\u00e4tsepat\u00f6\u00f6na valmivad disaintapeedid.\" \/>\n<meta property=\"og:url\" content=\"https:\/\/baubauwall.com\/et\/toode\/pilttapeet-veealune-volumaailm\/\" \/>\n<meta property=\"og:site_name\" content=\"BAUBAUWALL TAPEEDID\" \/>\n<meta property=\"article:publisher\" content=\"https:\/\/www.facebook.com\/Baubauwall\" \/>\n<meta property=\"article:modified_time\" content=\"2024-10-08T14:37:32+00:00\" \/>\n<meta property=\"og:image\" content=\"https:\/\/baubauwall.com\/wp-content\/uploads\/2022\/03\/51200002_SubaquaticWilderness_Baubauwall_Wallmural_room1.jpg\" \/>\n\t<meta property=\"og:image:width\" content=\"1068\" \/>\n\t<meta property=\"og:image:height\" content=\"800\" \/>\n\t<meta property=\"og:image:type\" content=\"image\/jpeg\" \/>\n<meta name=\"twitter:card\" content=\"summary_large_image\" \/>\n<meta name=\"twitter:label1\" content=\"Est. reading time\" \/>\n\t<meta name=\"twitter:data1\" content=\"1 minut\" \/>\n<script type=\"application\/ld+json\" class=\"yoast-schema-graph\">{\"@context\":\"https:\/\/schema.org\",\"@graph\":[{\"@type\":\"WebPage\",\"@id\":\"https:\/\/baubauwall.com\/et\/toode\/pilttapeet-veealune-volumaailm\/\",\"url\":\"https:\/\/baubauwall.com\/et\/toode\/pilttapeet-veealune-volumaailm\/\",\"name\":\"Pilttapeet Veealune v\u00f5lumaailm. Tapeet Sinu seina m\u00f5\u00f5dus\",\"isPartOf\":{\"@id\":\"https:\/\/baubauwall.com\/et\/#website\"},\"primaryImageOfPage\":{\"@id\":\"https:\/\/baubauwall.com\/et\/toode\/pilttapeet-veealune-volumaailm\/#primaryimage\"},\"image\":{\"@id\":\"https:\/\/baubauwall.com\/et\/toode\/pilttapeet-veealune-volumaailm\/#primaryimage\"},\"thumbnailUrl\":\"https:\/\/baubauwall.com\/wp-content\/uploads\/2022\/03\/51200002_SubaquaticWilderness_Baubauwall_Wallmural_room11.jpg\",\"datePublished\":\"2022-03-03T05:16:46+00:00\",\"dateModified\":\"2024-10-08T14:37:32+00:00\",\"description\":\"Pilttapeet p\u00f5neva detailirohke veealuse sinise maailmaga. Kalad, kalmaarid, korallid tapeedil. R\u00e4tsepat\u00f6\u00f6na valmivad disaintapeedid.\",\"breadcrumb\":{\"@id\":\"https:\/\/baubauwall.com\/et\/toode\/pilttapeet-veealune-volumaailm\/#breadcrumb\"},\"inLanguage\":\"et\",\"potentialAction\":[{\"@type\":\"ReadAction\",\"target\":[\"https:\/\/baubauwall.com\/et\/toode\/pilttapeet-veealune-volumaailm\/\"]}]},{\"@type\":\"ImageObject\",\"inLanguage\":\"et\",\"@id\":\"https:\/\/baubauwall.com\/et\/toode\/pilttapeet-veealune-volumaailm\/#primaryimage\",\"url\":\"https:\/\/baubauwall.com\/wp-content\/uploads\/2022\/03\/51200002_SubaquaticWilderness_Baubauwall_Wallmural_room11.jpg\",\"contentUrl\":\"https:\/\/baubauwall.com\/wp-content\/uploads\/2022\/03\/51200002_SubaquaticWilderness_Baubauwall_Wallmural_room11.jpg\",\"width\":1067,\"height\":1600,\"caption\":\"Deep ocean scene mural wallpaper in blue, set on a cafe wall. Baubauwall wallpapers\"},{\"@type\":\"BreadcrumbList\",\"@id\":\"https:\/\/baubauwall.com\/et\/toode\/pilttapeet-veealune-volumaailm\/#breadcrumb\",\"itemListElement\":[{\"@type\":\"ListItem\",\"position\":1,\"name\":\"Koju\",\"item\":\"https:\/\/baubauwall.com\/et\/\"},{\"@type\":\"ListItem\",\"position\":2,\"name\":\"Tapeedid\",\"item\":\"https:\/\/baubauwall.com\/et\/tapeedid\/\"},{\"@type\":\"ListItem\",\"position\":3,\"name\":\"Veealune v\u00f5lumaailm\"}]},{\"@type\":\"WebSite\",\"@id\":\"https:\/\/baubauwall.com\/et\/#website\",\"url\":\"https:\/\/baubauwall.com\/et\/\",\"name\":\"BAUBAUWALL Wallpapers\",\"description\":\"Valmis paanides tapeet Eestist!\",\"publisher\":{\"@id\":\"https:\/\/baubauwall.com\/et\/#organization\"},\"potentialAction\":[{\"@type\":\"SearchAction\",\"target\":{\"@type\":\"EntryPoint\",\"urlTemplate\":\"https:\/\/baubauwall.com\/et\/?s={search_term_string}\"},\"query-input\":{\"@type\":\"PropertyValueSpecification\",\"valueRequired\":true,\"valueName\":\"search_term_string\"}}],\"inLanguage\":\"et\"},{\"@type\":\"Organization\",\"@id\":\"https:\/\/baubauwall.com\/et\/#organization\",\"name\":\"BAUBAUWALL Wallpapers\",\"url\":\"https:\/\/baubauwall.com\/et\/\",\"logo\":{\"@type\":\"ImageObject\",\"inLanguage\":\"et\",\"@id\":\"https:\/\/baubauwall.com\/et\/#\/schema\/logo\/image\/\",\"url\":\"https:\/\/baubauwall.com\/wp-content\/uploads\/2022\/03\/logo-horizontal.svg\",\"contentUrl\":\"https:\/\/baubauwall.com\/wp-content\/uploads\/2022\/03\/logo-horizontal.svg\",\"width\":\"1024\",\"height\":\"1024\",\"caption\":\"BAUBAUWALL Wallpapers\"},\"image\":{\"@id\":\"https:\/\/baubauwall.com\/et\/#\/schema\/logo\/image\/\"},\"sameAs\":[\"https:\/\/www.facebook.com\/Baubauwall\",\"https:\/\/www.instagram.com\/baubauwall\"]}]}<\/script>\n<!-- \/ Yoast SEO plugin. -->","yoast_head_json":{"title":"Pilttapeet Veealune v\u00f5lumaailm. Tapeet Sinu seina m\u00f5\u00f5dus","description":"Pilttapeet p\u00f5neva detailirohke veealuse sinise maailmaga. Kalad, kalmaarid, korallid tapeedil. R\u00e4tsepat\u00f6\u00f6na valmivad disaintapeedid.","robots":{"index":"index","follow":"follow","max-snippet":"max-snippet:-1","max-image-preview":"max-image-preview:large","max-video-preview":"max-video-preview:-1"},"canonical":"https:\/\/baubauwall.com\/et\/toode\/pilttapeet-veealune-volumaailm\/","og_locale":"et_EE","og_type":"article","og_title":"Pilttapeet Veealune v\u00f5lumaailm. Tapeet Sinu seina m\u00f5\u00f5dus","og_description":"Pilttapeet p\u00f5neva detailirohke veealuse sinise maailmaga. Kalad, kalmaarid, korallid tapeedil. R\u00e4tsepat\u00f6\u00f6na valmivad disaintapeedid.","og_url":"https:\/\/baubauwall.com\/et\/toode\/pilttapeet-veealune-volumaailm\/","og_site_name":"BAUBAUWALL TAPEEDID","article_publisher":"https:\/\/www.facebook.com\/Baubauwall","article_modified_time":"2024-10-08T14:37:32+00:00","og_image":[{"width":1068,"height":800,"url":"https:\/\/baubauwall.com\/wp-content\/uploads\/2022\/03\/51200002_SubaquaticWilderness_Baubauwall_Wallmural_room1.jpg","type":"image\/jpeg"}],"twitter_card":"summary_large_image","twitter_misc":{"Est. reading time":"1 minut"},"schema":{"@context":"https:\/\/schema.org","@graph":[{"@type":"WebPage","@id":"https:\/\/baubauwall.com\/et\/toode\/pilttapeet-veealune-volumaailm\/","url":"https:\/\/baubauwall.com\/et\/toode\/pilttapeet-veealune-volumaailm\/","name":"Pilttapeet Veealune v\u00f5lumaailm. Tapeet Sinu seina m\u00f5\u00f5dus","isPartOf":{"@id":"https:\/\/baubauwall.com\/et\/#website"},"primaryImageOfPage":{"@id":"https:\/\/baubauwall.com\/et\/toode\/pilttapeet-veealune-volumaailm\/#primaryimage"},"image":{"@id":"https:\/\/baubauwall.com\/et\/toode\/pilttapeet-veealune-volumaailm\/#primaryimage"},"thumbnailUrl":"https:\/\/baubauwall.com\/wp-content\/uploads\/2022\/03\/51200002_SubaquaticWilderness_Baubauwall_Wallmural_room11.jpg","datePublished":"2022-03-03T05:16:46+00:00","dateModified":"2024-10-08T14:37:32+00:00","description":"Pilttapeet p\u00f5neva detailirohke veealuse sinise maailmaga. Kalad, kalmaarid, korallid tapeedil. R\u00e4tsepat\u00f6\u00f6na valmivad disaintapeedid.","breadcrumb":{"@id":"https:\/\/baubauwall.com\/et\/toode\/pilttapeet-veealune-volumaailm\/#breadcrumb"},"inLanguage":"et","potentialAction":[{"@type":"ReadAction","target":["https:\/\/baubauwall.com\/et\/toode\/pilttapeet-veealune-volumaailm\/"]}]},{"@type":"ImageObject","inLanguage":"et","@id":"https:\/\/baubauwall.com\/et\/toode\/pilttapeet-veealune-volumaailm\/#primaryimage","url":"https:\/\/baubauwall.com\/wp-content\/uploads\/2022\/03\/51200002_SubaquaticWilderness_Baubauwall_Wallmural_room11.jpg","contentUrl":"https:\/\/baubauwall.com\/wp-content\/uploads\/2022\/03\/51200002_SubaquaticWilderness_Baubauwall_Wallmural_room11.jpg","width":1067,"height":1600,"caption":"Deep ocean scene mural wallpaper in blue, set on a cafe wall. Baubauwall wallpapers"},{"@type":"BreadcrumbList","@id":"https:\/\/baubauwall.com\/et\/toode\/pilttapeet-veealune-volumaailm\/#breadcrumb","itemListElement":[{"@type":"ListItem","position":1,"name":"Koju","item":"https:\/\/baubauwall.com\/et\/"},{"@type":"ListItem","position":2,"name":"Tapeedid","item":"https:\/\/baubauwall.com\/et\/tapeedid\/"},{"@type":"ListItem","position":3,"name":"Veealune v\u00f5lumaailm"}]},{"@type":"WebSite","@id":"https:\/\/baubauwall.com\/et\/#website","url":"https:\/\/baubauwall.com\/et\/","name":"BAUBAUWALL Wallpapers","description":"Valmis paanides tapeet Eestist!","publisher":{"@id":"https:\/\/baubauwall.com\/et\/#organization"},"potentialAction":[{"@type":"SearchAction","target":{"@type":"EntryPoint","urlTemplate":"https:\/\/baubauwall.com\/et\/?s={search_term_string}"},"query-input":{"@type":"PropertyValueSpecification","valueRequired":true,"valueName":"search_term_string"}}],"inLanguage":"et"},{"@type":"Organization","@id":"https:\/\/baubauwall.com\/et\/#organization","name":"BAUBAUWALL Wallpapers","url":"https:\/\/baubauwall.com\/et\/","logo":{"@type":"ImageObject","inLanguage":"et","@id":"https:\/\/baubauwall.com\/et\/#\/schema\/logo\/image\/","url":"https:\/\/baubauwall.com\/wp-content\/uploads\/2022\/03\/logo-horizontal.svg","contentUrl":"https:\/\/baubauwall.com\/wp-content\/uploads\/2022\/03\/logo-horizontal.svg","width":"1024","height":"1024","caption":"BAUBAUWALL Wallpapers"},"image":{"@id":"https:\/\/baubauwall.com\/et\/#\/schema\/logo\/image\/"},"sameAs":["https:\/\/www.facebook.com\/Baubauwall","https:\/\/www.instagram.com\/baubauwall"]}]}},"jetpack_sharing_enabled":true,"_links":{"self":[{"href":"https:\/\/baubauwall.com\/et\/wp-json\/wp\/v2\/product\/5409","targetHints":{"allow":["GET"]}}],"collection":[{"href":"https:\/\/baubauwall.com\/et\/wp-json\/wp\/v2\/product"}],"about":[{"href":"https:\/\/baubauwall.com\/et\/wp-json\/wp\/v2\/types\/product"}],"replies":[{"embeddable":true,"href":"https:\/\/baubauwall.com\/et\/wp-json\/wp\/v2\/comments?post=5409"}],"wp:featuredmedia":[{"embeddable":true,"href":"https:\/\/baubauwall.com\/et\/wp-json\/wp\/v2\/media\/43227"}],"wp:attachment":[{"href":"https:\/\/baubauwall.com\/et\/wp-json\/wp\/v2\/media?parent=5409"}],"wp:term":[{"taxonomy":"product_brand","embeddable":true,"href":"https:\/\/baubauwall.com\/et\/wp-json\/wp\/v2\/product_brand?post=5409"},{"taxonomy":"product_cat","embeddable":true,"href":"https:\/\/baubauwall.com\/et\/wp-json\/wp\/v2\/product_cat?post=5409"},{"taxonomy":"product_tag","embeddable":true,"href":"https:\/\/baubauwall.com\/et\/wp-json\/wp\/v2\/product_tag?post=5409"}],"curies":[{"name":"wp","href":"https:\/\/api.w.org\/{rel}","templated":true}]}}