{"id":5410,"date":"2022-03-03T07:17:54","date_gmt":"2022-03-03T05:17:54","guid":{"rendered":"https:\/\/baubauwall.com\/product\/japanese-garden-pink-wallmural\/"},"modified":"2022-06-29T08:53:08","modified_gmt":"2022-06-29T06:53:08","slug":"japanese-garden-pink-wallmural","status":"publish","type":"product","link":"https:\/\/baubauwall.com\/et\/toode\/japanese-garden-pink-wallmural\/","title":{"rendered":"Jaapani aed &#8211; roosa"},"content":{"rendered":"<p>Ava uksed sellele rahulikule Jaapani aiast inspireeritud roosades toonides marja- ja \u00f5itemerele.<br \/>\nEsmaklassiline pilttapeet kaunite roosades varjundites lillede, lehtede ja marjadega on suurep\u00e4rane alternatiiv traditsioonilisele lillemustritele.\u00a0Pastelse roosa akvarelliga maalitud taust ja loomulikuna m\u00f5juvad \u00f5ied muudavad selle pilttapeedi ajatult moodsaks.<\/p>\n<p>Disain, mis garanteerib silmapaistva tulemuse igal aktsentseinal, olgu selleks siis sinu luksuslik magamistuba, elegantne elutuba v\u00f5i s\u00f6\u00f6gituba.<\/p>\n","protected":false},"excerpt":{"rendered":"<p>Ava uksed sellele rahulikule Jaapani aiast inspireeritud roosades toonides marja- ja \u00f5itemerele. Esmaklassiline pilttapeet kaunite roosades varjundites lillede, lehtede ja marjadega on suurep\u00e4rane alternatiiv traditsioonilisele lillemustritele.\u00a0Pastelse roosa akvarelliga maalitud taust ja loomulikuna m\u00f5juvad \u00f5ied muudavad selle pilttapeedi ajatult moodsaks. Disain, mis garanteerib silmapaistva tulemuse igal aktsentseinal, olgu selleks siis sinu luksuslik magamistuba, elegantne elutuba v\u00f5i [&hellip;]<\/p>\n","protected":false},"featured_media":9473,"comment_status":"open","ping_status":"closed","template":"","meta":{"_acf_changed":false,"inline_featured_image":false},"product_brand":[],"product_cat":[387,395,393,278,418,413,414,415,402,254,260,561],"product_tag":[345,381],"class_list":{"0":"post-5410","1":"product","2":"type-product","3":"status-publish","4":"has-post-thumbnail","6":"product_cat-pilttapeedid","7":"product_cat-romantiline","8":"product_cat-idamaine","9":"product_cat-roosad-tapeedid","10":"product_cat-punased-tapeedid","11":"product_cat-magamistoa-tapeedid","12":"product_cat-soogitoa-tapeedid","13":"product_cat-kulalistetoa-tapeedid","14":"product_cat-elutoa-tapeedid","15":"product_cat-loodus","16":"product_cat-lilled","17":"product_cat-suvised-tapeedid","18":"product_tag-pilttapeet","19":"product_tag-vesivarv","20":"pa_designedby-baubauwall","22":"first","23":"instock","24":"taxable","25":"shipping-taxable","26":"purchasable","27":"product-type-simple"},"acf":[],"yoast_head":"<!-- This site is optimized with the Yoast SEO plugin v25.9 - https:\/\/yoast.com\/wordpress\/plugins\/seo\/ -->\n<title>Wallmural of pink hued flowers, berries and blooms in a Japanese garden<\/title>\n<meta name=\"description\" content=\"Bespoke wall mural made to fit your walls. Floral mural design of pink blossoms, flowers in japandi style. Custom printed, cut as you need.\" \/>\n<meta name=\"robots\" content=\"index, follow, max-snippet:-1, max-image-preview:large, max-video-preview:-1\" \/>\n<link rel=\"canonical\" href=\"https:\/\/baubauwall.com\/et\/toode\/japanese-garden-pink-wallmural\/\" \/>\n<meta property=\"og:locale\" content=\"et_EE\" \/>\n<meta property=\"og:type\" content=\"article\" \/>\n<meta property=\"og:title\" content=\"Wallmural of pink hued flowers, berries and blooms in a Japanese garden\" \/>\n<meta property=\"og:description\" content=\"Bespoke wall mural made to fit your walls. Floral mural design of pink blossoms, flowers in japandi style. Custom printed, cut as you need.\" \/>\n<meta property=\"og:url\" content=\"https:\/\/baubauwall.com\/et\/toode\/japanese-garden-pink-wallmural\/\" \/>\n<meta property=\"og:site_name\" content=\"BAUBAUWALL TAPEEDID\" \/>\n<meta property=\"article:publisher\" content=\"https:\/\/www.facebook.com\/Baubauwall\" \/>\n<meta property=\"article:modified_time\" content=\"2022-06-29T06:53:08+00:00\" \/>\n<meta property=\"og:image\" content=\"https:\/\/baubauwall.com\/wp-content\/uploads\/2022\/03\/51200017_JapaneseGarden-pink_Baubauwall_Wallmural_room8.jpg\" \/>\n\t<meta property=\"og:image:width\" content=\"1999\" \/>\n\t<meta property=\"og:image:height\" content=\"800\" \/>\n\t<meta property=\"og:image:type\" content=\"image\/jpeg\" \/>\n<meta name=\"twitter:card\" content=\"summary_large_image\" \/>\n<meta name=\"twitter:label1\" content=\"Est. reading time\" \/>\n\t<meta name=\"twitter:data1\" content=\"1 minut\" \/>\n<script type=\"application\/ld+json\" class=\"yoast-schema-graph\">{\"@context\":\"https:\/\/schema.org\",\"@graph\":[{\"@type\":\"WebPage\",\"@id\":\"https:\/\/baubauwall.com\/et\/toode\/japanese-garden-pink-wallmural\/\",\"url\":\"https:\/\/baubauwall.com\/et\/toode\/japanese-garden-pink-wallmural\/\",\"name\":\"Wallmural of pink hued flowers, berries and blooms in a Japanese garden\",\"isPartOf\":{\"@id\":\"https:\/\/baubauwall.com\/et\/#website\"},\"primaryImageOfPage\":{\"@id\":\"https:\/\/baubauwall.com\/et\/toode\/japanese-garden-pink-wallmural\/#primaryimage\"},\"image\":{\"@id\":\"https:\/\/baubauwall.com\/et\/toode\/japanese-garden-pink-wallmural\/#primaryimage\"},\"thumbnailUrl\":\"https:\/\/baubauwall.com\/wp-content\/uploads\/2022\/03\/51200017_JapaneseGarden-pink_Baubauwall_Wallmural_room4-1.jpg\",\"datePublished\":\"2022-03-03T05:17:54+00:00\",\"dateModified\":\"2022-06-29T06:53:08+00:00\",\"description\":\"Bespoke wall mural made to fit your walls. Floral mural design of pink blossoms, flowers in japandi style. Custom printed, cut as you need.\",\"breadcrumb\":{\"@id\":\"https:\/\/baubauwall.com\/et\/toode\/japanese-garden-pink-wallmural\/#breadcrumb\"},\"inLanguage\":\"et\",\"potentialAction\":[{\"@type\":\"ReadAction\",\"target\":[\"https:\/\/baubauwall.com\/et\/toode\/japanese-garden-pink-wallmural\/\"]}]},{\"@type\":\"ImageObject\",\"inLanguage\":\"et\",\"@id\":\"https:\/\/baubauwall.com\/et\/toode\/japanese-garden-pink-wallmural\/#primaryimage\",\"url\":\"https:\/\/baubauwall.com\/wp-content\/uploads\/2022\/03\/51200017_JapaneseGarden-pink_Baubauwall_Wallmural_room4-1.jpg\",\"contentUrl\":\"https:\/\/baubauwall.com\/wp-content\/uploads\/2022\/03\/51200017_JapaneseGarden-pink_Baubauwall_Wallmural_room4-1.jpg\",\"width\":1600,\"height\":800},{\"@type\":\"BreadcrumbList\",\"@id\":\"https:\/\/baubauwall.com\/et\/toode\/japanese-garden-pink-wallmural\/#breadcrumb\",\"itemListElement\":[{\"@type\":\"ListItem\",\"position\":1,\"name\":\"Koju\",\"item\":\"https:\/\/baubauwall.com\/et\/\"},{\"@type\":\"ListItem\",\"position\":2,\"name\":\"Tapeedid\",\"item\":\"https:\/\/baubauwall.com\/et\/tapeedid\/\"},{\"@type\":\"ListItem\",\"position\":3,\"name\":\"Jaapani aed &#8211; roosa\"}]},{\"@type\":\"WebSite\",\"@id\":\"https:\/\/baubauwall.com\/et\/#website\",\"url\":\"https:\/\/baubauwall.com\/et\/\",\"name\":\"BAUBAUWALL Wallpapers\",\"description\":\"Valmis paanides tapeet Eestist!\",\"publisher\":{\"@id\":\"https:\/\/baubauwall.com\/et\/#organization\"},\"potentialAction\":[{\"@type\":\"SearchAction\",\"target\":{\"@type\":\"EntryPoint\",\"urlTemplate\":\"https:\/\/baubauwall.com\/et\/?s={search_term_string}\"},\"query-input\":{\"@type\":\"PropertyValueSpecification\",\"valueRequired\":true,\"valueName\":\"search_term_string\"}}],\"inLanguage\":\"et\"},{\"@type\":\"Organization\",\"@id\":\"https:\/\/baubauwall.com\/et\/#organization\",\"name\":\"BAUBAUWALL Wallpapers\",\"url\":\"https:\/\/baubauwall.com\/et\/\",\"logo\":{\"@type\":\"ImageObject\",\"inLanguage\":\"et\",\"@id\":\"https:\/\/baubauwall.com\/et\/#\/schema\/logo\/image\/\",\"url\":\"https:\/\/baubauwall.com\/wp-content\/uploads\/2022\/03\/logo-horizontal.svg\",\"contentUrl\":\"https:\/\/baubauwall.com\/wp-content\/uploads\/2022\/03\/logo-horizontal.svg\",\"width\":\"1024\",\"height\":\"1024\",\"caption\":\"BAUBAUWALL Wallpapers\"},\"image\":{\"@id\":\"https:\/\/baubauwall.com\/et\/#\/schema\/logo\/image\/\"},\"sameAs\":[\"https:\/\/www.facebook.com\/Baubauwall\",\"https:\/\/www.instagram.com\/baubauwall\"]}]}<\/script>\n<!-- \/ Yoast SEO plugin. -->","yoast_head_json":{"title":"Wallmural of pink hued flowers, berries and blooms in a Japanese garden","description":"Bespoke wall mural made to fit your walls. Floral mural design of pink blossoms, flowers in japandi style. Custom printed, cut as you need.","robots":{"index":"index","follow":"follow","max-snippet":"max-snippet:-1","max-image-preview":"max-image-preview:large","max-video-preview":"max-video-preview:-1"},"canonical":"https:\/\/baubauwall.com\/et\/toode\/japanese-garden-pink-wallmural\/","og_locale":"et_EE","og_type":"article","og_title":"Wallmural of pink hued flowers, berries and blooms in a Japanese garden","og_description":"Bespoke wall mural made to fit your walls. Floral mural design of pink blossoms, flowers in japandi style. Custom printed, cut as you need.","og_url":"https:\/\/baubauwall.com\/et\/toode\/japanese-garden-pink-wallmural\/","og_site_name":"BAUBAUWALL TAPEEDID","article_publisher":"https:\/\/www.facebook.com\/Baubauwall","article_modified_time":"2022-06-29T06:53:08+00:00","og_image":[{"width":1999,"height":800,"url":"https:\/\/baubauwall.com\/wp-content\/uploads\/2022\/03\/51200017_JapaneseGarden-pink_Baubauwall_Wallmural_room8.jpg","type":"image\/jpeg"}],"twitter_card":"summary_large_image","twitter_misc":{"Est. reading time":"1 minut"},"schema":{"@context":"https:\/\/schema.org","@graph":[{"@type":"WebPage","@id":"https:\/\/baubauwall.com\/et\/toode\/japanese-garden-pink-wallmural\/","url":"https:\/\/baubauwall.com\/et\/toode\/japanese-garden-pink-wallmural\/","name":"Wallmural of pink hued flowers, berries and blooms in a Japanese garden","isPartOf":{"@id":"https:\/\/baubauwall.com\/et\/#website"},"primaryImageOfPage":{"@id":"https:\/\/baubauwall.com\/et\/toode\/japanese-garden-pink-wallmural\/#primaryimage"},"image":{"@id":"https:\/\/baubauwall.com\/et\/toode\/japanese-garden-pink-wallmural\/#primaryimage"},"thumbnailUrl":"https:\/\/baubauwall.com\/wp-content\/uploads\/2022\/03\/51200017_JapaneseGarden-pink_Baubauwall_Wallmural_room4-1.jpg","datePublished":"2022-03-03T05:17:54+00:00","dateModified":"2022-06-29T06:53:08+00:00","description":"Bespoke wall mural made to fit your walls. Floral mural design of pink blossoms, flowers in japandi style. Custom printed, cut as you need.","breadcrumb":{"@id":"https:\/\/baubauwall.com\/et\/toode\/japanese-garden-pink-wallmural\/#breadcrumb"},"inLanguage":"et","potentialAction":[{"@type":"ReadAction","target":["https:\/\/baubauwall.com\/et\/toode\/japanese-garden-pink-wallmural\/"]}]},{"@type":"ImageObject","inLanguage":"et","@id":"https:\/\/baubauwall.com\/et\/toode\/japanese-garden-pink-wallmural\/#primaryimage","url":"https:\/\/baubauwall.com\/wp-content\/uploads\/2022\/03\/51200017_JapaneseGarden-pink_Baubauwall_Wallmural_room4-1.jpg","contentUrl":"https:\/\/baubauwall.com\/wp-content\/uploads\/2022\/03\/51200017_JapaneseGarden-pink_Baubauwall_Wallmural_room4-1.jpg","width":1600,"height":800},{"@type":"BreadcrumbList","@id":"https:\/\/baubauwall.com\/et\/toode\/japanese-garden-pink-wallmural\/#breadcrumb","itemListElement":[{"@type":"ListItem","position":1,"name":"Koju","item":"https:\/\/baubauwall.com\/et\/"},{"@type":"ListItem","position":2,"name":"Tapeedid","item":"https:\/\/baubauwall.com\/et\/tapeedid\/"},{"@type":"ListItem","position":3,"name":"Jaapani aed &#8211; roosa"}]},{"@type":"WebSite","@id":"https:\/\/baubauwall.com\/et\/#website","url":"https:\/\/baubauwall.com\/et\/","name":"BAUBAUWALL Wallpapers","description":"Valmis paanides tapeet Eestist!","publisher":{"@id":"https:\/\/baubauwall.com\/et\/#organization"},"potentialAction":[{"@type":"SearchAction","target":{"@type":"EntryPoint","urlTemplate":"https:\/\/baubauwall.com\/et\/?s={search_term_string}"},"query-input":{"@type":"PropertyValueSpecification","valueRequired":true,"valueName":"search_term_string"}}],"inLanguage":"et"},{"@type":"Organization","@id":"https:\/\/baubauwall.com\/et\/#organization","name":"BAUBAUWALL Wallpapers","url":"https:\/\/baubauwall.com\/et\/","logo":{"@type":"ImageObject","inLanguage":"et","@id":"https:\/\/baubauwall.com\/et\/#\/schema\/logo\/image\/","url":"https:\/\/baubauwall.com\/wp-content\/uploads\/2022\/03\/logo-horizontal.svg","contentUrl":"https:\/\/baubauwall.com\/wp-content\/uploads\/2022\/03\/logo-horizontal.svg","width":"1024","height":"1024","caption":"BAUBAUWALL Wallpapers"},"image":{"@id":"https:\/\/baubauwall.com\/et\/#\/schema\/logo\/image\/"},"sameAs":["https:\/\/www.facebook.com\/Baubauwall","https:\/\/www.instagram.com\/baubauwall"]}]}},"jetpack_sharing_enabled":true,"_links":{"self":[{"href":"https:\/\/baubauwall.com\/et\/wp-json\/wp\/v2\/product\/5410","targetHints":{"allow":["GET"]}}],"collection":[{"href":"https:\/\/baubauwall.com\/et\/wp-json\/wp\/v2\/product"}],"about":[{"href":"https:\/\/baubauwall.com\/et\/wp-json\/wp\/v2\/types\/product"}],"replies":[{"embeddable":true,"href":"https:\/\/baubauwall.com\/et\/wp-json\/wp\/v2\/comments?post=5410"}],"wp:featuredmedia":[{"embeddable":true,"href":"https:\/\/baubauwall.com\/et\/wp-json\/wp\/v2\/media\/9473"}],"wp:attachment":[{"href":"https:\/\/baubauwall.com\/et\/wp-json\/wp\/v2\/media?parent=5410"}],"wp:term":[{"taxonomy":"product_brand","embeddable":true,"href":"https:\/\/baubauwall.com\/et\/wp-json\/wp\/v2\/product_brand?post=5410"},{"taxonomy":"product_cat","embeddable":true,"href":"https:\/\/baubauwall.com\/et\/wp-json\/wp\/v2\/product_cat?post=5410"},{"taxonomy":"product_tag","embeddable":true,"href":"https:\/\/baubauwall.com\/et\/wp-json\/wp\/v2\/product_tag?post=5410"}],"curies":[{"name":"wp","href":"https:\/\/api.w.org\/{rel}","templated":true}]}}