{"id":5416,"date":"2022-03-03T07:17:55","date_gmt":"2022-03-03T07:17:55","guid":{"rendered":"https:\/\/baubauwall.com\/product\/japanese-garden-light-grey-wallmural\/"},"modified":"2022-11-23T12:26:39","modified_gmt":"2022-11-23T10:26:39","slug":"pilttapeet-jaapani-aed-helehall","status":"publish","type":"product","link":"https:\/\/baubauwall.com\/et\/toode\/pilttapeet-jaapani-aed-helehall\/","title":{"rendered":"Jaapani aed \u2013 helehall"},"content":{"rendered":"<p>Ava uksed sellele rahulikule Jaapani aiast inspireeritud roosades toonides marja- ja \u00f5itemerele.<br \/>\nEsmaklassiline pilttapeet kaunite hallides ja roosades varjundites lillede, lehtede ja marjadega on suurep\u00e4rane alternatiiv traditsioonilisele lillemustritele.\u00a0Pastelse halli akvarelliga maalitud taust ja loomulikuna m\u00f5juvad \u00f5ied muudavad selle tapeedidisaini ajatult moodsaks. Garanteeritud silmapaistev tulemus igal aktsentseinal, olgu selleks siis sinu luksuslik magamistuba, elegantne elutuba v\u00f5i s\u00f6\u00f6gituba.<\/p>\n<p>See tapeedidisain on saadaval ka roosa taustaga.<\/p>\n","protected":false},"excerpt":{"rendered":"<p>Ava uksed sellele rahulikule Jaapani aiast inspireeritud roosades toonides marja- ja \u00f5itemerele. Esmaklassiline pilttapeet kaunite hallides ja roosades varjundites lillede, lehtede ja marjadega on suurep\u00e4rane alternatiiv traditsioonilisele lillemustritele.\u00a0Pastelse halli akvarelliga maalitud taust ja loomulikuna m\u00f5juvad \u00f5ied muudavad selle tapeedidisaini ajatult moodsaks. Garanteeritud silmapaistev tulemus igal aktsentseinal, olgu selleks siis sinu luksuslik magamistuba, elegantne elutuba v\u00f5i [&hellip;]<\/p>\n","protected":false},"featured_media":11607,"comment_status":"open","ping_status":"closed","template":"","meta":{"_acf_changed":false,"inline_featured_image":false},"product_brand":[],"product_cat":[387,395,272,278,413,414,415,402,254,256,260],"product_tag":[563,298,334,345,646],"class_list":{"0":"post-5416","1":"product","2":"type-product","3":"status-publish","4":"has-post-thumbnail","6":"product_cat-pilttapeedid","7":"product_cat-romantiline","8":"product_cat-hallid-tapeedid","9":"product_cat-roosad-tapeedid","10":"product_cat-magamistoa-tapeedid","11":"product_cat-soogitoa-tapeedid","12":"product_cat-kulalistetoa-tapeedid","13":"product_cat-elutoa-tapeedid","14":"product_cat-loodus","15":"product_cat-marjad","16":"product_cat-lilled","17":"product_tag-biofiilia-stiil","18":"product_tag-botaaniline","19":"product_tag-japandi-et","20":"product_tag-pilttapeet","21":"product_tag-suured-lilled-et","22":"pa_designedby-baubauwall","24":"first","25":"instock","26":"taxable","27":"shipping-taxable","28":"purchasable","29":"product-type-simple"},"acf":[],"yoast_head":"<!-- This site is optimized with the Yoast SEO plugin v25.9 - https:\/\/yoast.com\/wordpress\/plugins\/seo\/ -->\n<title>Pilttapeet Jaapani aed. Roosad lehed, marjad ja taimed hallil.<\/title>\n<meta name=\"description\" content=\"R\u00e4tsepat\u00f6\u00f6na valmivad tapeedid ja pilttapeedid. Marjad, lehed ja puud hallikal taustal japandi stiilis. Tapeedidisain, mis sobib magamistuppa v\u00f5i elutuppa.\" \/>\n<meta name=\"robots\" content=\"index, follow, max-snippet:-1, max-image-preview:large, max-video-preview:-1\" \/>\n<link rel=\"canonical\" href=\"https:\/\/baubauwall.com\/et\/toode\/pilttapeet-jaapani-aed-helehall\/\" \/>\n<meta property=\"og:locale\" content=\"et_EE\" \/>\n<meta property=\"og:type\" content=\"article\" \/>\n<meta property=\"og:title\" content=\"Pilttapeet Jaapani aed. Roosad lehed, marjad ja taimed hallil.\" \/>\n<meta property=\"og:description\" content=\"R\u00e4tsepat\u00f6\u00f6na valmivad tapeedid ja pilttapeedid. Marjad, lehed ja puud hallikal taustal japandi stiilis. Tapeedidisain, mis sobib magamistuppa v\u00f5i elutuppa.\" \/>\n<meta property=\"og:url\" content=\"https:\/\/baubauwall.com\/et\/toode\/pilttapeet-jaapani-aed-helehall\/\" \/>\n<meta property=\"og:site_name\" content=\"BAUBAUWALL TAPEEDID\" \/>\n<meta property=\"article:publisher\" content=\"https:\/\/www.facebook.com\/Baubauwall\" \/>\n<meta property=\"article:modified_time\" content=\"2022-11-23T10:26:39+00:00\" \/>\n<meta property=\"og:image\" content=\"https:\/\/baubauwall.com\/wp-content\/uploads\/2022\/03\/51200020_JapaneseGarden-lightgrey_Baubauwall_Wallmural_room1-1.jpg\" \/>\n\t<meta property=\"og:image:width\" content=\"2000\" \/>\n\t<meta property=\"og:image:height\" content=\"800\" \/>\n\t<meta property=\"og:image:type\" content=\"image\/jpeg\" \/>\n<meta name=\"twitter:card\" content=\"summary_large_image\" \/>\n<meta name=\"twitter:label1\" content=\"Est. reading time\" \/>\n\t<meta name=\"twitter:data1\" content=\"1 minut\" \/>\n<script type=\"application\/ld+json\" class=\"yoast-schema-graph\">{\"@context\":\"https:\/\/schema.org\",\"@graph\":[{\"@type\":\"WebPage\",\"@id\":\"https:\/\/baubauwall.com\/et\/toode\/pilttapeet-jaapani-aed-helehall\/\",\"url\":\"https:\/\/baubauwall.com\/et\/toode\/pilttapeet-jaapani-aed-helehall\/\",\"name\":\"Pilttapeet Jaapani aed. Roosad lehed, marjad ja taimed hallil.\",\"isPartOf\":{\"@id\":\"https:\/\/baubauwall.com\/et\/#website\"},\"primaryImageOfPage\":{\"@id\":\"https:\/\/baubauwall.com\/et\/toode\/pilttapeet-jaapani-aed-helehall\/#primaryimage\"},\"image\":{\"@id\":\"https:\/\/baubauwall.com\/et\/toode\/pilttapeet-jaapani-aed-helehall\/#primaryimage\"},\"thumbnailUrl\":\"https:\/\/baubauwall.com\/wp-content\/uploads\/2022\/03\/51200020_JapaneseGarden-lightgrey_Baubauwall_Wallmural_room1-1.jpg\",\"datePublished\":\"2022-03-03T07:17:55+00:00\",\"dateModified\":\"2022-11-23T10:26:39+00:00\",\"description\":\"R\u00e4tsepat\u00f6\u00f6na valmivad tapeedid ja pilttapeedid. Marjad, lehed ja puud hallikal taustal japandi stiilis. Tapeedidisain, mis sobib magamistuppa v\u00f5i elutuppa.\",\"breadcrumb\":{\"@id\":\"https:\/\/baubauwall.com\/et\/toode\/pilttapeet-jaapani-aed-helehall\/#breadcrumb\"},\"inLanguage\":\"et\",\"potentialAction\":[{\"@type\":\"ReadAction\",\"target\":[\"https:\/\/baubauwall.com\/et\/toode\/pilttapeet-jaapani-aed-helehall\/\"]}]},{\"@type\":\"ImageObject\",\"inLanguage\":\"et\",\"@id\":\"https:\/\/baubauwall.com\/et\/toode\/pilttapeet-jaapani-aed-helehall\/#primaryimage\",\"url\":\"https:\/\/baubauwall.com\/wp-content\/uploads\/2022\/03\/51200020_JapaneseGarden-lightgrey_Baubauwall_Wallmural_room1-1.jpg\",\"contentUrl\":\"https:\/\/baubauwall.com\/wp-content\/uploads\/2022\/03\/51200020_JapaneseGarden-lightgrey_Baubauwall_Wallmural_room1-1.jpg\",\"width\":2000,\"height\":800},{\"@type\":\"BreadcrumbList\",\"@id\":\"https:\/\/baubauwall.com\/et\/toode\/pilttapeet-jaapani-aed-helehall\/#breadcrumb\",\"itemListElement\":[{\"@type\":\"ListItem\",\"position\":1,\"name\":\"Koju\",\"item\":\"https:\/\/baubauwall.com\/et\/\"},{\"@type\":\"ListItem\",\"position\":2,\"name\":\"Tapeedid\",\"item\":\"https:\/\/baubauwall.com\/et\/tapeedid\/\"},{\"@type\":\"ListItem\",\"position\":3,\"name\":\"Jaapani aed \u2013 helehall\"}]},{\"@type\":\"WebSite\",\"@id\":\"https:\/\/baubauwall.com\/et\/#website\",\"url\":\"https:\/\/baubauwall.com\/et\/\",\"name\":\"BAUBAUWALL Wallpapers\",\"description\":\"Valmis paanides tapeet Eestist!\",\"publisher\":{\"@id\":\"https:\/\/baubauwall.com\/et\/#organization\"},\"potentialAction\":[{\"@type\":\"SearchAction\",\"target\":{\"@type\":\"EntryPoint\",\"urlTemplate\":\"https:\/\/baubauwall.com\/et\/?s={search_term_string}\"},\"query-input\":{\"@type\":\"PropertyValueSpecification\",\"valueRequired\":true,\"valueName\":\"search_term_string\"}}],\"inLanguage\":\"et\"},{\"@type\":\"Organization\",\"@id\":\"https:\/\/baubauwall.com\/et\/#organization\",\"name\":\"BAUBAUWALL Wallpapers\",\"url\":\"https:\/\/baubauwall.com\/et\/\",\"logo\":{\"@type\":\"ImageObject\",\"inLanguage\":\"et\",\"@id\":\"https:\/\/baubauwall.com\/et\/#\/schema\/logo\/image\/\",\"url\":\"https:\/\/baubauwall.com\/wp-content\/uploads\/2022\/03\/logo-horizontal.svg\",\"contentUrl\":\"https:\/\/baubauwall.com\/wp-content\/uploads\/2022\/03\/logo-horizontal.svg\",\"width\":\"1024\",\"height\":\"1024\",\"caption\":\"BAUBAUWALL Wallpapers\"},\"image\":{\"@id\":\"https:\/\/baubauwall.com\/et\/#\/schema\/logo\/image\/\"},\"sameAs\":[\"https:\/\/www.facebook.com\/Baubauwall\",\"https:\/\/www.instagram.com\/baubauwall\"]}]}<\/script>\n<!-- \/ Yoast SEO plugin. -->","yoast_head_json":{"title":"Pilttapeet Jaapani aed. Roosad lehed, marjad ja taimed hallil.","description":"R\u00e4tsepat\u00f6\u00f6na valmivad tapeedid ja pilttapeedid. Marjad, lehed ja puud hallikal taustal japandi stiilis. Tapeedidisain, mis sobib magamistuppa v\u00f5i elutuppa.","robots":{"index":"index","follow":"follow","max-snippet":"max-snippet:-1","max-image-preview":"max-image-preview:large","max-video-preview":"max-video-preview:-1"},"canonical":"https:\/\/baubauwall.com\/et\/toode\/pilttapeet-jaapani-aed-helehall\/","og_locale":"et_EE","og_type":"article","og_title":"Pilttapeet Jaapani aed. Roosad lehed, marjad ja taimed hallil.","og_description":"R\u00e4tsepat\u00f6\u00f6na valmivad tapeedid ja pilttapeedid. Marjad, lehed ja puud hallikal taustal japandi stiilis. Tapeedidisain, mis sobib magamistuppa v\u00f5i elutuppa.","og_url":"https:\/\/baubauwall.com\/et\/toode\/pilttapeet-jaapani-aed-helehall\/","og_site_name":"BAUBAUWALL TAPEEDID","article_publisher":"https:\/\/www.facebook.com\/Baubauwall","article_modified_time":"2022-11-23T10:26:39+00:00","og_image":[{"width":2000,"height":800,"url":"https:\/\/baubauwall.com\/wp-content\/uploads\/2022\/03\/51200020_JapaneseGarden-lightgrey_Baubauwall_Wallmural_room1-1.jpg","type":"image\/jpeg"}],"twitter_card":"summary_large_image","twitter_misc":{"Est. reading time":"1 minut"},"schema":{"@context":"https:\/\/schema.org","@graph":[{"@type":"WebPage","@id":"https:\/\/baubauwall.com\/et\/toode\/pilttapeet-jaapani-aed-helehall\/","url":"https:\/\/baubauwall.com\/et\/toode\/pilttapeet-jaapani-aed-helehall\/","name":"Pilttapeet Jaapani aed. Roosad lehed, marjad ja taimed hallil.","isPartOf":{"@id":"https:\/\/baubauwall.com\/et\/#website"},"primaryImageOfPage":{"@id":"https:\/\/baubauwall.com\/et\/toode\/pilttapeet-jaapani-aed-helehall\/#primaryimage"},"image":{"@id":"https:\/\/baubauwall.com\/et\/toode\/pilttapeet-jaapani-aed-helehall\/#primaryimage"},"thumbnailUrl":"https:\/\/baubauwall.com\/wp-content\/uploads\/2022\/03\/51200020_JapaneseGarden-lightgrey_Baubauwall_Wallmural_room1-1.jpg","datePublished":"2022-03-03T07:17:55+00:00","dateModified":"2022-11-23T10:26:39+00:00","description":"R\u00e4tsepat\u00f6\u00f6na valmivad tapeedid ja pilttapeedid. Marjad, lehed ja puud hallikal taustal japandi stiilis. Tapeedidisain, mis sobib magamistuppa v\u00f5i elutuppa.","breadcrumb":{"@id":"https:\/\/baubauwall.com\/et\/toode\/pilttapeet-jaapani-aed-helehall\/#breadcrumb"},"inLanguage":"et","potentialAction":[{"@type":"ReadAction","target":["https:\/\/baubauwall.com\/et\/toode\/pilttapeet-jaapani-aed-helehall\/"]}]},{"@type":"ImageObject","inLanguage":"et","@id":"https:\/\/baubauwall.com\/et\/toode\/pilttapeet-jaapani-aed-helehall\/#primaryimage","url":"https:\/\/baubauwall.com\/wp-content\/uploads\/2022\/03\/51200020_JapaneseGarden-lightgrey_Baubauwall_Wallmural_room1-1.jpg","contentUrl":"https:\/\/baubauwall.com\/wp-content\/uploads\/2022\/03\/51200020_JapaneseGarden-lightgrey_Baubauwall_Wallmural_room1-1.jpg","width":2000,"height":800},{"@type":"BreadcrumbList","@id":"https:\/\/baubauwall.com\/et\/toode\/pilttapeet-jaapani-aed-helehall\/#breadcrumb","itemListElement":[{"@type":"ListItem","position":1,"name":"Koju","item":"https:\/\/baubauwall.com\/et\/"},{"@type":"ListItem","position":2,"name":"Tapeedid","item":"https:\/\/baubauwall.com\/et\/tapeedid\/"},{"@type":"ListItem","position":3,"name":"Jaapani aed \u2013 helehall"}]},{"@type":"WebSite","@id":"https:\/\/baubauwall.com\/et\/#website","url":"https:\/\/baubauwall.com\/et\/","name":"BAUBAUWALL Wallpapers","description":"Valmis paanides tapeet Eestist!","publisher":{"@id":"https:\/\/baubauwall.com\/et\/#organization"},"potentialAction":[{"@type":"SearchAction","target":{"@type":"EntryPoint","urlTemplate":"https:\/\/baubauwall.com\/et\/?s={search_term_string}"},"query-input":{"@type":"PropertyValueSpecification","valueRequired":true,"valueName":"search_term_string"}}],"inLanguage":"et"},{"@type":"Organization","@id":"https:\/\/baubauwall.com\/et\/#organization","name":"BAUBAUWALL Wallpapers","url":"https:\/\/baubauwall.com\/et\/","logo":{"@type":"ImageObject","inLanguage":"et","@id":"https:\/\/baubauwall.com\/et\/#\/schema\/logo\/image\/","url":"https:\/\/baubauwall.com\/wp-content\/uploads\/2022\/03\/logo-horizontal.svg","contentUrl":"https:\/\/baubauwall.com\/wp-content\/uploads\/2022\/03\/logo-horizontal.svg","width":"1024","height":"1024","caption":"BAUBAUWALL Wallpapers"},"image":{"@id":"https:\/\/baubauwall.com\/et\/#\/schema\/logo\/image\/"},"sameAs":["https:\/\/www.facebook.com\/Baubauwall","https:\/\/www.instagram.com\/baubauwall"]}]}},"jetpack_sharing_enabled":true,"_links":{"self":[{"href":"https:\/\/baubauwall.com\/et\/wp-json\/wp\/v2\/product\/5416","targetHints":{"allow":["GET"]}}],"collection":[{"href":"https:\/\/baubauwall.com\/et\/wp-json\/wp\/v2\/product"}],"about":[{"href":"https:\/\/baubauwall.com\/et\/wp-json\/wp\/v2\/types\/product"}],"replies":[{"embeddable":true,"href":"https:\/\/baubauwall.com\/et\/wp-json\/wp\/v2\/comments?post=5416"}],"wp:featuredmedia":[{"embeddable":true,"href":"https:\/\/baubauwall.com\/et\/wp-json\/wp\/v2\/media\/11607"}],"wp:attachment":[{"href":"https:\/\/baubauwall.com\/et\/wp-json\/wp\/v2\/media?parent=5416"}],"wp:term":[{"taxonomy":"product_brand","embeddable":true,"href":"https:\/\/baubauwall.com\/et\/wp-json\/wp\/v2\/product_brand?post=5416"},{"taxonomy":"product_cat","embeddable":true,"href":"https:\/\/baubauwall.com\/et\/wp-json\/wp\/v2\/product_cat?post=5416"},{"taxonomy":"product_tag","embeddable":true,"href":"https:\/\/baubauwall.com\/et\/wp-json\/wp\/v2\/product_tag?post=5416"}],"curies":[{"name":"wp","href":"https:\/\/api.w.org\/{rel}","templated":true}]}}